{"id":6565,"date":"2021-09-19T16:06:54","date_gmt":"2021-09-19T09:06:54","guid":{"rendered":"https:\/\/congtybinhminh.com\/?post_type=product&#038;p=6565"},"modified":"2024-04-29T10:29:41","modified_gmt":"2024-04-29T03:29:41","slug":"may-tron-thuc-an-chan-nuoi-mt150","status":"publish","type":"product","link":"https:\/\/congtybinhminh.com\/?product=may-tron-thuc-an-chan-nuoi-mt150","title":{"rendered":"M\u00e1y tr\u1ed9n th\u1ee9c \u0103n ch\u0103n nu\u00f4i MT150"},"content":{"rendered":"<h2><strong>Video ho\u1ea1t \u0111\u1ed9ng c\u1ee7a m\u00e1y<\/strong><\/h2>\n<p><iframe loading=\"lazy\" title=\"C\u00f4ng Ty B\u00ecnh Minh: M\u00e1y Tr\u1ed9n H\u1ed7n H\u1ee3p Th\u1ee9c \u0102n Ch\u0103n Nu\u00f4i MT150 C\u00f3 G\u00ec \u0110\u1eb7c Bi\u1ec7t?\" width=\"1020\" height=\"574\" src=\"https:\/\/www.youtube.com\/embed\/JwGBuxI9YJ4?feature=oembed\" frameborder=\"0\" allow=\"accelerometer; autoplay; clipboard-write; encrypted-media; gyroscope; picture-in-picture; web-share\" referrerpolicy=\"strict-origin-when-cross-origin\" allowfullscreen><\/iframe><\/p>\n<h2><span style=\"color: #000000\"><strong>Gi\u1edbi thi\u1ec7u m\u00e1y tr\u1ed9n nguy\u00ean li\u1ec7u n\u1eb1m ngang 150kg\/m\u1ebb<\/strong><\/span><\/h2>\n<p><span style=\"color: #000000\">D\u00f2ng m\u00e1y tr\u1ed9n nguy\u00ean li\u1ec7u n\u1eb1m ngang 150kg\/m\u1ebb l\u00e0 d\u00f2ng m\u00e1y tr\u1ed9n t\u1ea1o n\u00ean n\u0103ng su\u1ea5t cao \u0111\u01b0\u1ee3c C\u00f4ng Ty B\u00ecnh Minh c\u1ea3i ti\u1ebfn t\u1eeb d\u00f2ng m\u00e1y tr\u1ed9n nguy\u00ean li\u1ec7u n\u1eb1m ngang 50kg\/m\u1ebb.<\/span><\/p>\n<p><img loading=\"lazy\" decoding=\"async\" class=\"aligncenter wp-image-9660 size-full\" src=\"https:\/\/congtybinhminh.com\/wp-content\/uploads\/2021\/09\/may-tron-thuc-an-chan-nuoi-150kg_result222.webp\" alt=\"may-tron-thuc-an-chan-nuoi-150kg_result222\" width=\"800\" height=\"1081\" srcset=\"https:\/\/congtybinhminh.com\/wp-content\/uploads\/2021\/09\/may-tron-thuc-an-chan-nuoi-150kg_result222.webp 800w, https:\/\/congtybinhminh.com\/wp-content\/uploads\/2021\/09\/may-tron-thuc-an-chan-nuoi-150kg_result222-296x400.webp 296w, https:\/\/congtybinhminh.com\/wp-content\/uploads\/2021\/09\/may-tron-thuc-an-chan-nuoi-150kg_result222-592x800.webp 592w, https:\/\/congtybinhminh.com\/wp-content\/uploads\/2021\/09\/may-tron-thuc-an-chan-nuoi-150kg_result222-768x1038.webp 768w, https:\/\/congtybinhminh.com\/wp-content\/uploads\/2021\/09\/may-tron-thuc-an-chan-nuoi-150kg_result222-510x689.webp 510w\" sizes=\"auto, (max-width: 800px) 100vw, 800px\" \/><\/p>\n<p><span style=\"color: #000000\"> M\u00e1y c\u00f3 ch\u1ee9c n\u0103ng \u0111\u1ea3o tr\u1ed9n \u0111\u1ec1u c\u00e1c lo\u1ea1i nguy\u00ean li\u1ec7u b\u1ed9t nh\u01b0: b\u1ed9t c\u00e1m, b\u1ed9t khoai, b\u1ed9t s\u1eafn, b\u1ed9t ng\u00f4,\u2026 v\u00e0 nhi\u1ec1u lo\u1ea1i nguy\u00ean li\u1ec7u kh\u00e1c. M\u00e1y \u0111\u01b0\u1ee3c c\u00e1c c\u01a1 s\u1edf kinh doanh ng\u00e0nh ch\u0103n nu\u00f4i t\u00ecm hi\u1ec3u v\u00e0 s\u1eed d\u1ee5ng r\u1ea5t nhi\u1ec1u.\u00a0<\/span><\/p>\n<p><img loading=\"lazy\" decoding=\"async\" class=\"aligncenter wp-image-9661 size-full\" src=\"https:\/\/congtybinhminh.com\/wp-content\/uploads\/2021\/09\/cach-su-dung-may-tron_result222.webp\" alt=\"cach-su-dung-may-tron_result222\" width=\"800\" height=\"1101\" srcset=\"https:\/\/congtybinhminh.com\/wp-content\/uploads\/2021\/09\/cach-su-dung-may-tron_result222.webp 800w, https:\/\/congtybinhminh.com\/wp-content\/uploads\/2021\/09\/cach-su-dung-may-tron_result222-291x400.webp 291w, https:\/\/congtybinhminh.com\/wp-content\/uploads\/2021\/09\/cach-su-dung-may-tron_result222-581x800.webp 581w, https:\/\/congtybinhminh.com\/wp-content\/uploads\/2021\/09\/cach-su-dung-may-tron_result222-768x1057.webp 768w, https:\/\/congtybinhminh.com\/wp-content\/uploads\/2021\/09\/cach-su-dung-may-tron_result222-510x702.webp 510w\" sizes=\"auto, (max-width: 800px) 100vw, 800px\" \/><\/p>\n<h2>C\u1ea5u t\u1ea1o m\u00e1y tr\u1ed9n nguy\u00ean li\u1ec7u 150kg<\/h2>\n<p><span style=\"color: #000000\">M\u00e1y tr\u1ed9n nguy\u00ean li\u1ec7u n\u1eb1m ngang 150kg\/m\u1ebb c\u00f3 k\u00edch th\u01b0\u1edbc (CC*CR*CD) 143*100*166, tr\u1ecdng l\u01b0\u01a1ng to\u00e0n b\u1ed9 m\u00e1y (380kg).\u00a0<\/span><\/p>\n<p><img loading=\"lazy\" decoding=\"async\" class=\"aligncenter wp-image-9662 size-full\" src=\"https:\/\/congtybinhminh.com\/wp-content\/uploads\/2021\/09\/may-tron-thuc-an-mt150_result222.webp\" alt=\"may-tron-thuc-an-mt150_result222\" width=\"800\" height=\"648\" srcset=\"https:\/\/congtybinhminh.com\/wp-content\/uploads\/2021\/09\/may-tron-thuc-an-mt150_result222.webp 800w, https:\/\/congtybinhminh.com\/wp-content\/uploads\/2021\/09\/may-tron-thuc-an-mt150_result222-494x400.webp 494w, https:\/\/congtybinhminh.com\/wp-content\/uploads\/2021\/09\/may-tron-thuc-an-mt150_result222-768x622.webp 768w, https:\/\/congtybinhminh.com\/wp-content\/uploads\/2021\/09\/may-tron-thuc-an-mt150_result222-510x413.webp 510w\" sizes=\"auto, (max-width: 800px) 100vw, 800px\" \/><\/p>\n<p><span style=\"color: #000000\">H\u1ec7 th\u1ed1ng m\u00e1y tr\u1ed9n nguy\u00ean li\u1ec7u n\u1eb1m ngang \u0111\u01b0\u1ee3c s\u1eed r\u1ea5t \u0111\u01a1n gi\u1ea3n. V\u1edbi bu\u1ed3ng l\u00e0m vi\u1ec7c \u0111\u01b0\u1ee3c thi\u1ebft k\u1ebf r\u1ed9ng r\u00e3i (100cm) v\u00e0 h\u1ec7 th\u1ed1ng \u0111\u1ea3o tr\u1ed9n ch\u00e2n v\u1ecbt c\u00f3 nhi\u1ec7m v\u1ee5 \u0111\u1ea3o \u0111\u1ec1u nguy\u00ean li\u1ec7u v\u00e0 tr\u1ed9n nguy\u00ean nguy\u00ean li\u1ec7u v\u1edbi nhau d\u1ec5 d\u00e0ng.\u00a0<\/span><\/p>\n<p><img loading=\"lazy\" decoding=\"async\" class=\"aligncenter wp-image-9663 size-full\" src=\"https:\/\/congtybinhminh.com\/wp-content\/uploads\/2021\/09\/thung-tron_result222.webp\" alt=\"thung-tron_result222\" width=\"800\" height=\"1068\" srcset=\"https:\/\/congtybinhminh.com\/wp-content\/uploads\/2021\/09\/thung-tron_result222.webp 800w, https:\/\/congtybinhminh.com\/wp-content\/uploads\/2021\/09\/thung-tron_result222-300x400.webp 300w, https:\/\/congtybinhminh.com\/wp-content\/uploads\/2021\/09\/thung-tron_result222-599x800.webp 599w, https:\/\/congtybinhminh.com\/wp-content\/uploads\/2021\/09\/thung-tron_result222-768x1025.webp 768w, https:\/\/congtybinhminh.com\/wp-content\/uploads\/2021\/09\/thung-tron_result222-510x681.webp 510w\" sizes=\"auto, (max-width: 800px) 100vw, 800px\" \/><\/p>\n<p><span style=\"color: #000000\">Th\u1eddi gian m\u1ed7i m\u1ebb tr\u1ed9n 5-7 ph\u00fat\/m\u1ebb, m\u1ed7i gi\u1edd m\u00e1y c\u00f3 th\u1ec3 \u0111\u1ea3o tr\u1ed9n t\u1eeb 8 \u2013 10 m\u1ebb.\u00a0 N\u0103ng su\u1ea5t m\u00e1y t\u1ea1o ra kh\u00e1 cao 1000kg \u2013 1500kg\/h. M\u00e1y \u0111\u01b0\u1ee3c l\u00e0m th\u00eam m\u1eb7t s\u00e0ng l\u1ed7 tr\u00ean m\u00e1y c\u00f3 nhi\u1ec7m v\u1ee5 cho th\u00eam n\u01b0\u1edbc khi nguy\u00ean li\u1ec7u c\u1ea7n th\u00eam \u0111\u1ed9 \u1ea9m.<\/span><\/p>\n<p><span style=\"color: #000000\"><img loading=\"lazy\" decoding=\"async\" class=\"aligncenter wp-image-9665 size-full\" src=\"https:\/\/congtybinhminh.com\/wp-content\/uploads\/2021\/09\/cua-xa-may-tron_result222.webp\" alt=\"cua-xa-may-tron_result222\" width=\"800\" height=\"476\" srcset=\"https:\/\/congtybinhminh.com\/wp-content\/uploads\/2021\/09\/cua-xa-may-tron_result222.webp 800w, https:\/\/congtybinhminh.com\/wp-content\/uploads\/2021\/09\/cua-xa-may-tron_result222-672x400.webp 672w, https:\/\/congtybinhminh.com\/wp-content\/uploads\/2021\/09\/cua-xa-may-tron_result222-768x457.webp 768w, https:\/\/congtybinhminh.com\/wp-content\/uploads\/2021\/09\/cua-xa-may-tron_result222-510x303.webp 510w\" sizes=\"auto, (max-width: 800px) 100vw, 800px\" \/><\/span><\/p>\n<p><span style=\"color: #000000\">M\u00e1y tr\u1ed9n nguy\u00ean li\u1ec7u n\u1eb1m ngang 150kg\/m\u1ebb s\u1eed d\u1ee5ng \u0111\u1ed9ng c\u01a1 4kW \u2013 5.5kW (100% l\u00f5i \u0111\u1ed3ng), d\u00f9ng d\u00f2ng \u0111i\u1ec7n 380V\u00a0 (3 pha) \u0111\u1ec3 ho\u1ea1t \u0111\u1ed9ng m\u00e1y. M\u00e1y h\u1ed7 tr\u1ee3 cho c\u00e1c h\u1ed9 kinh doanh, c\u01a1 s\u1edf s\u1ea3n xu\u1ea5t ti\u1ebft ki\u1ec7m th\u1eddi gian, n\u00e2ng cao n\u0103ng su\u1ea5t trong th\u1eddi gian s\u1eed d\u1ee5ng.<\/span><\/p>\n<p><span style=\"color: #000000\"><strong>Th\u00f4ng s\u1ed1 k\u1ef9 thu\u1eadt:<\/strong><\/span><\/p>\n<table border=\"1\" cellspacing=\"1\" cellpadding=\"1\">\n<tbody>\n<tr>\n<td colspan=\"1\" rowspan=\"3\">\u0110\u1ed9ng c\u01a1<\/td>\n<td>C\u00f4ng su\u1ea5t \u0111\u1ed9ng c\u01a1<\/td>\n<td>4 &#8211; 5.5kw<\/td>\n<\/tr>\n<tr>\n<td>Ngu\u1ed3n \u0111i\u1ec7n<\/td>\n<td>380V<\/td>\n<\/tr>\n<tr>\n<td>T\u1ed1c \u0111\u1ed9 m\u00e1y<\/td>\n<td>40 -50 v\/p<\/td>\n<\/tr>\n<tr>\n<td colspan=\"1\" rowspan=\"2\">Tr\u1ecdng l\u01b0\u1ee3ng<\/td>\n<td>Nguy\u00ean b\u1ed9<\/td>\n<td>380 kg<\/td>\n<\/tr>\n<tr>\n<td>Kh\u00f4ng \u0111\u1ed9ng c\u01a1<\/td>\n<td>340kg<\/td>\n<\/tr>\n<tr>\n<td colspan=\"1\" rowspan=\"2\">B\u1ea3o h\u00e0nh<\/td>\n<td>K\u1ef9 thu\u1eadt<\/td>\n<td>06 th\u00e1ng<\/td>\n<\/tr>\n<tr>\n<td>\u0110\u1ed9ng c\u01a1<\/td>\n<td>Theo t\u1eebng h\u00e3ng s\u1ea3n xu\u1ea5t<\/td>\n<\/tr>\n<tr>\n<td>N\u0103ng su\u1ea5t<\/td>\n<td colspan=\"2\" rowspan=\"1\">150 kg\/m\u1ebb<\/td>\n<\/tr>\n<tr>\n<td>K\u00edch th\u01b0\u1edbc (d*c*r)<\/td>\n<td colspan=\"2\" rowspan=\"1\">175*159*91 cm<\/td>\n<\/tr>\n<tr>\n<td>H\u00ecnh th\u1ee9c thanh to\u00e1n<\/td>\n<td colspan=\"2\" rowspan=\"1\">Ti\u1ec1n m\u1eb7t ho\u1eb7c chuy\u1ec3n kho\u1ea3n<\/td>\n<\/tr>\n<\/tbody>\n<\/table>\n<p><span style=\"color: #000000\">\u00a0<\/span><\/p>\n","protected":false},"excerpt":{"rendered":"<ul>\n<li><strong>H\u00e3ng s\u1ea3n xu\u1ea5t:<\/strong>\u00a0B\u00ecnh Minh<\/li>\n<li><strong>T\u1ed1c \u0111\u1ed9 m\u00e1y:<\/strong>\u00a040-50 v\u00f2ng\/ph\u00fat<\/li>\n<li><strong>\u0110\u1ed9ng c\u01a1:<\/strong>\u00a04 \u2013 5,5 kw<\/li>\n<li><strong>\u0110i\u1ec7n n\u0103ng:<\/strong>\u00a0380V<\/li>\n<li><strong>N\u0103ng su\u1ea5t:<\/strong>1000 \u2013 1500kg\/gi\u1edd<\/li>\n<li><strong>Tr\u1ecdng l\u01b0\u1ee3ng nguy\u00ean b\u1ed9<\/strong>: 380kg<\/li>\n<li><strong>K\u00edch th\u01b0\u1edbc (DxCxR):<\/strong>\u00a0175*159*91cm<\/li>\n<li><strong>T\u00ednh n\u0103ng:<\/strong>\u00a0tr\u1ed9n \u0111\u1ec1u c\u00e1c lo\u1ea1i b\u1ed9t ng\u00f4, b\u1ed9t g\u1ea1o, b\u1ed9t s\u1eafn, c\u1ecf kh\u00f4, cua, \u1ed1c,\u2026 v\u00e0 c\u00e1c nguy\u00ean li\u1ec7u kh\u00e1c th\u00e0nh h\u1ed7n h\u1ee3p th\u1ee9c \u0103n \u0111\u1ea7y \u0111\u1ee7 ch\u1ea5t dinh d\u01b0\u1ee1ng cho v\u1eadt nu\u00f4i.<\/li>\n<li><\/li>\n<\/ul>\n","protected":false},"featured_media":9655,"comment_status":"closed","ping_status":"closed","template":"","meta":[],"product_brand":[],"product_cat":[98],"product_tag":[102,99,100,101],"class_list":{"0":"post-6565","1":"product","2":"type-product","3":"status-publish","4":"has-post-thumbnail","6":"product_cat-may-tron","7":"product_tag-may-tron","8":"product_tag-may-tron-nguyen-lieu","9":"product_tag-tron-bot","10":"product_tag-tron-cam","12":"first","13":"instock","14":"shipping-taxable","15":"product-type-simple"},"_links":{"self":[{"href":"https:\/\/congtybinhminh.com\/index.php?rest_route=\/wp\/v2\/product\/6565","targetHints":{"allow":["GET"]}}],"collection":[{"href":"https:\/\/congtybinhminh.com\/index.php?rest_route=\/wp\/v2\/product"}],"about":[{"href":"https:\/\/congtybinhminh.com\/index.php?rest_route=\/wp\/v2\/types\/product"}],"replies":[{"embeddable":true,"href":"https:\/\/congtybinhminh.com\/index.php?rest_route=%2Fwp%2Fv2%2Fcomments&post=6565"}],"wp:featuredmedia":[{"embeddable":true,"href":"https:\/\/congtybinhminh.com\/index.php?rest_route=\/wp\/v2\/media\/9655"}],"wp:attachment":[{"href":"https:\/\/congtybinhminh.com\/index.php?rest_route=%2Fwp%2Fv2%2Fmedia&parent=6565"}],"wp:term":[{"taxonomy":"product_brand","embeddable":true,"href":"https:\/\/congtybinhminh.com\/index.php?rest_route=%2Fwp%2Fv2%2Fproduct_brand&post=6565"},{"taxonomy":"product_cat","embeddable":true,"href":"https:\/\/congtybinhminh.com\/index.php?rest_route=%2Fwp%2Fv2%2Fproduct_cat&post=6565"},{"taxonomy":"product_tag","embeddable":true,"href":"https:\/\/congtybinhminh.com\/index.php?rest_route=%2Fwp%2Fv2%2Fproduct_tag&post=6565"}],"curies":[{"name":"wp","href":"https:\/\/api.w.org\/{rel}","templated":true}]}}