{"id":6555,"date":"2021-09-19T15:09:25","date_gmt":"2021-09-19T08:09:25","guid":{"rendered":"https:\/\/congtybinhminh.com\/?post_type=product&#038;p=6555"},"modified":"2024-03-27T16:33:41","modified_gmt":"2024-03-27T09:33:41","slug":"may-nghien-bot-min-nmi300-06","status":"publish","type":"product","link":"https:\/\/congtybinhminh.com\/?product=may-nghien-bot-min-nmi300-06","title":{"rendered":"M\u00e1y nghi\u1ec1n b\u1ed9t m\u1ecbn NMi300-06"},"content":{"rendered":"<h2><span style=\"color: #000000\">Video chi ti\u1ebft s\u1ea3n ph\u1ea9m<\/span><\/h2>\n<p><iframe loading=\"lazy\" title=\"M\u00e1y Xay B\u1ed9t Si\u00eau M\u1ecbn Inox 300 Nghi\u1ec1n Si\u00eau M\u1ecbn B\u1ed9t Ng\u0169 C\u1ed1c, Gia V\u1ecb, D\u01b0\u1ee3c Li\u1ec7u\" width=\"1020\" height=\"574\" src=\"https:\/\/www.youtube.com\/embed\/jlHNnyE5dwM?feature=oembed\" frameborder=\"0\" allow=\"accelerometer; autoplay; clipboard-write; encrypted-media; gyroscope; picture-in-picture; web-share\" referrerpolicy=\"strict-origin-when-cross-origin\" allowfullscreen><\/iframe><\/p>\n<h2>Gi\u1edbi thi\u1ec7u m\u00e1y nghi\u1ec1n b\u1ed9t m\u1ecbn NMi300-06<\/h2>\n<p><span style=\"color: #000000\">\u0110\u01b0\u1ee3c c\u1ea3i ti\u1ebfn t\u1eeb d\u00f2ng m\u00e1y nghi\u1ec1n si\u00eau m\u1ecbn inox 200, m\u00e1y nghi\u1ec1n b\u1ed9t m\u1ecbn inox 300 c\u00f3 ch\u1ee9c n\u0103ng nghi\u1ec1n c\u00e1c n\u00f4ng ph\u1ea9m kh\u00f4 nh\u01b0 g\u1ea1o, \u0111\u1ed7 \u0111\u1ecf, \u0111\u1eadu t\u01b0\u01a1ng, th\u1eadm ch\u00ed c\u00e1c h\u1ea1t ch\u1ee9a d\u1ea7u v\u1edbi t\u1ef7 l\u1ec7 10-15%\u2026 th\u00e0nh b\u1ed9t si\u00eau m\u1ecbn m\u00e0 kh\u00f4ng b\u1ecb b\u00f3 m\u00e1y, t\u1eafc m\u00e1y.<\/span><\/p>\n<p><img loading=\"lazy\" decoding=\"async\" class=\"aligncenter wp-image-9518 size-full\" src=\"https:\/\/congtybinhminh.com\/wp-content\/uploads\/2021\/09\/may-nghien-bot-min-NMi300_result222.webp\" alt=\"may-nghien-bot-min-NMi300_result222\" width=\"800\" height=\"1080\" srcset=\"https:\/\/congtybinhminh.com\/wp-content\/uploads\/2021\/09\/may-nghien-bot-min-NMi300_result222.webp 800w, https:\/\/congtybinhminh.com\/wp-content\/uploads\/2021\/09\/may-nghien-bot-min-NMi300_result222-296x400.webp 296w, https:\/\/congtybinhminh.com\/wp-content\/uploads\/2021\/09\/may-nghien-bot-min-NMi300_result222-593x800.webp 593w, https:\/\/congtybinhminh.com\/wp-content\/uploads\/2021\/09\/may-nghien-bot-min-NMi300_result222-768x1037.webp 768w, https:\/\/congtybinhminh.com\/wp-content\/uploads\/2021\/09\/may-nghien-bot-min-NMi300_result222-510x689.webp 510w\" sizes=\"auto, (max-width: 800px) 100vw, 800px\" \/><\/p>\n<p><span style=\"color: #000000\">\u00a0M\u00e1y s\u1eed d\u1ee5ng \u0111\u1ed9ng c\u01a1 7.5kW, ch\u1ea1y ngu\u1ed3n \u0111i\u1ec7n 380V, cho n\u0103ng su\u1ea5t 30-50kg\/h t\u00f9y theo t\u1eebng nguy\u00ean li\u1ec7u.<\/span><\/p>\n<h2>\u01afu \u0111i\u1ec3m c\u1ee7a m\u00e1y nghi\u1ec1n b\u1ed9t si\u00eau m\u1ecbn inox 300<\/h2>\n<p><span style=\"color: #000000\">M\u00e1y nghi\u1ec1n b\u1ed9t m\u1ecbn inox 300 phi\u00ean b\u1ea3n m\u1edbi \u0111\u01b0\u1ee3c thi\u1ebft k\u1ebf c\u00f3 th\u1ec3 nghi\u1ec1n \u0111\u01b0\u1ee3c \u0111a d\u1ea1ng c\u00e1c lo\u1ea1i nguy\u00ean li\u1ec7u nh\u01b0 : c\u00e1c lo\u1ea1i h\u1ea1t ng\u0169 \u1ed1c, c\u00e1c lo\u1ea1i h\u1ea1t ch\u1ee9a d\u1ea7u (t\u1ef7 l\u1ec7 ch\u1ee9a d\u1ea7u 5%-10%), c\u1eabng ch\u00e8, l\u00e1 ch\u00e8, d\u01b0\u1ee3c li\u1ec7u, gia v\u1ecb \u2026th\u00e0nh b\u1ed9t si\u00eau m\u1ecbn t\u00f9y theo m\u1eaft s\u00e0ng c\u1ee7a ng\u01b0\u1eddi s\u1eed d\u1ee5ng<\/span><\/p>\n<p><img loading=\"lazy\" decoding=\"async\" class=\"aligncenter wp-image-9524 size-full\" src=\"https:\/\/congtybinhminh.com\/wp-content\/uploads\/2021\/09\/may-nghien-bot-gao_result222-1.webp\" alt=\"may-nghien-bot-gao_result222\" width=\"800\" height=\"893\" srcset=\"https:\/\/congtybinhminh.com\/wp-content\/uploads\/2021\/09\/may-nghien-bot-gao_result222-1.webp 800w, https:\/\/congtybinhminh.com\/wp-content\/uploads\/2021\/09\/may-nghien-bot-gao_result222-1-358x400.webp 358w, https:\/\/congtybinhminh.com\/wp-content\/uploads\/2021\/09\/may-nghien-bot-gao_result222-1-717x800.webp 717w, https:\/\/congtybinhminh.com\/wp-content\/uploads\/2021\/09\/may-nghien-bot-gao_result222-1-768x857.webp 768w, https:\/\/congtybinhminh.com\/wp-content\/uploads\/2021\/09\/may-nghien-bot-gao_result222-1-510x569.webp 510w\" sizes=\"auto, (max-width: 800px) 100vw, 800px\" \/><\/p>\n<p><span style=\"color: #000000\">C\u00e1c lo\u1ea1i h\u1ea1t ng\u0169 \u1ed1c, c\u00e1c lo\u1ea1i h\u1ea1t ch\u1ee9a d\u1ea7u (t\u1ef7 l\u1ec7 ch\u1ee9a d\u1ea7u 5%-10%),<\/span><\/p>\n<p><span style=\"color: #000000\">C\u1eabng ch\u00e8, l\u00e1 ch\u00e8, d\u01b0\u1ee3c li\u1ec7u, gia v\u1ecb \u2026th\u00e0nh b\u1ed9t si\u00eau m\u1ecbn t\u00f9y theo m\u1eaft s\u00e0ng c\u1ee7a ng\u01b0\u1eddi s\u1eed d\u1ee5ng<\/span><\/p>\n<h2>C\u1ea5u t\u1ea1o m\u00e1y nghi\u1ec1n b\u1ed9t m\u1ecbn NMi 300<\/h2>\n<p><span style=\"color: #000000\">M\u00e1y \u0111\u01b0\u1ee3c thi\u1ebft k\u1ebf ch\u1ea5t li\u1ec7u inox cao c\u1ea5p, d\u00e0y d\u1eb7n. M\u00e1y \u0111\u1ea3m b\u1ea3o v\u1ec7 sinh an to\u00e0n th\u1ef1c ph\u1ea9m, ch\u1ed1ng d\u00ednh, ch\u1ed1ng g\u1ec9, \u0111\u1ed9 b\u1ec1n cao.<\/span><\/p>\n<p><img loading=\"lazy\" decoding=\"async\" class=\"aligncenter wp-image-9523 size-full\" src=\"https:\/\/congtybinhminh.com\/wp-content\/uploads\/2021\/09\/cau-tao-may-nghien-inox-300-binh-minh-copy_result222.webp\" alt=\"cau-tao-may-nghien-inox-300-binh-minh copy_result222\" width=\"800\" height=\"668\" srcset=\"https:\/\/congtybinhminh.com\/wp-content\/uploads\/2021\/09\/cau-tao-may-nghien-inox-300-binh-minh-copy_result222.webp 800w, https:\/\/congtybinhminh.com\/wp-content\/uploads\/2021\/09\/cau-tao-may-nghien-inox-300-binh-minh-copy_result222-479x400.webp 479w, https:\/\/congtybinhminh.com\/wp-content\/uploads\/2021\/09\/cau-tao-may-nghien-inox-300-binh-minh-copy_result222-768x641.webp 768w, https:\/\/congtybinhminh.com\/wp-content\/uploads\/2021\/09\/cau-tao-may-nghien-inox-300-binh-minh-copy_result222-510x426.webp 510w\" sizes=\"auto, (max-width: 800px) 100vw, 800px\" \/><\/p>\n<p><span style=\"color: #000000\">M\u00e1y \u0111\u01b0\u1ee3c thi\u1ebft k\u1ebf hi\u1ec7n \u0111\u1ea1i v\u1edbi m\u00e1ng n\u1ea1p nguy\u00ean li\u1ec7u r\u1ed9ng, c\u00f3 t\u1ea5m ch\u1eafn ngang d\u00f9ng \u0111\u1ec3 \u0111i\u1ec1u ch\u1ec9nh l\u01b0\u1ee3ng nguy\u00ean li\u1ec7u\u00a0 xu\u1ed1ng bu\u1ed3ng l\u00e0m vi\u1ec7c.<\/span><\/p>\n<p><img loading=\"lazy\" decoding=\"async\" class=\"aligncenter wp-image-9525 size-full\" src=\"https:\/\/congtybinhminh.com\/wp-content\/uploads\/2021\/09\/may-nghien-bot-inox_result222.webp\" alt=\"may-nghien-bot-inox_result222\" width=\"800\" height=\"600\" srcset=\"https:\/\/congtybinhminh.com\/wp-content\/uploads\/2021\/09\/may-nghien-bot-inox_result222.webp 800w, https:\/\/congtybinhminh.com\/wp-content\/uploads\/2021\/09\/may-nghien-bot-inox_result222-533x400.webp 533w, https:\/\/congtybinhminh.com\/wp-content\/uploads\/2021\/09\/may-nghien-bot-inox_result222-768x576.webp 768w, https:\/\/congtybinhminh.com\/wp-content\/uploads\/2021\/09\/may-nghien-bot-inox_result222-510x383.webp 510w\" sizes=\"auto, (max-width: 800px) 100vw, 800px\" \/><\/p>\n<p><span style=\"color: #000000\">M\u00e1y nghi\u1ec1n si\u00eau m\u1ecbn nguy\u00ean li\u1ec7u d\u1ef1a tr\u00ean chuy\u1ec3n \u0111\u1ed9ng c\u1ee7a h\u1ec7 b\u00faa nghi\u1ec1n c\u00e1nh qu\u1ea1t . <\/span><\/p>\n<p><span style=\"color: #000000\">Khi m\u00e1y hoat \u0111\u1ed9ng, h\u1ec7 th\u1ed1ng b\u00faa c\u00e1nh qu\u1ea1t quay tr\u00f2n v\u1edbi t\u1ed1c \u0111\u1ed9 nhanh ch\u00f3ng, \u0111\u1eadp v\u1ee1 v\u00e0 nghi\u1ec1n nh\u1ecf c\u00e1c\u00a0 nguy\u00ean li\u1ec7u th\u00e0nh b\u1ed9t si\u00eau m\u1ecbn qua l\u01b0\u1edbi s\u00e0ng.<\/span><\/p>\n<p><img loading=\"lazy\" decoding=\"async\" class=\"aligncenter wp-image-9526 size-full\" src=\"https:\/\/congtybinhminh.com\/wp-content\/uploads\/2021\/09\/bua-nghien-may-nghien-inox-300_result222.webp\" alt=\"bua-nghien-may-nghien-inox-300_result222\" width=\"800\" height=\"600\" srcset=\"https:\/\/congtybinhminh.com\/wp-content\/uploads\/2021\/09\/bua-nghien-may-nghien-inox-300_result222.webp 800w, https:\/\/congtybinhminh.com\/wp-content\/uploads\/2021\/09\/bua-nghien-may-nghien-inox-300_result222-533x400.webp 533w, https:\/\/congtybinhminh.com\/wp-content\/uploads\/2021\/09\/bua-nghien-may-nghien-inox-300_result222-768x576.webp 768w, https:\/\/congtybinhminh.com\/wp-content\/uploads\/2021\/09\/bua-nghien-may-nghien-inox-300_result222-510x383.webp 510w\" sizes=\"auto, (max-width: 800px) 100vw, 800px\" \/><\/p>\n<p><span style=\"color: #000000\"> M\u00e1y c\u00f3 th\u1ec3 l\u1eafp c\u00e1c l\u01b0\u1edbi s\u00e0ng kh\u00e1c nhau, cho c\u1ee1 b\u1ed9t \u0111a d\u1ea1ng t\u1eeb 0,2 \u2013 0,3 \u2013 0,4 \u2013 0,5mm tr\u1edf l\u00ean\u2026<\/span><\/p>\n<p><span style=\"color: #000000\">Qu\u00e1 tr\u00ecnh m\u00e1y ho\u1ea1t \u0111\u1ed9ng th\u00f4ng qua b\u1ea3ng \u0111i\u1ec1u khi\u1ec3n tr\u1ef1c quan, bao g\u1ed3m:\u00a0<\/span><\/p>\n<p><img loading=\"lazy\" decoding=\"async\" class=\"alignnone size-medium wp-image-9527\" src=\"https:\/\/congtybinhminh.com\/wp-content\/uploads\/2021\/09\/bang-dieu-khien-may-nghien_result222-533x400.webp\" alt=\"bang-dieu-khien-may-nghien_result222\" width=\"533\" height=\"400\" srcset=\"https:\/\/congtybinhminh.com\/wp-content\/uploads\/2021\/09\/bang-dieu-khien-may-nghien_result222-533x400.webp 533w, https:\/\/congtybinhminh.com\/wp-content\/uploads\/2021\/09\/bang-dieu-khien-may-nghien_result222-768x576.webp 768w, https:\/\/congtybinhminh.com\/wp-content\/uploads\/2021\/09\/bang-dieu-khien-may-nghien_result222-510x383.webp 510w, https:\/\/congtybinhminh.com\/wp-content\/uploads\/2021\/09\/bang-dieu-khien-may-nghien_result222.webp 800w\" sizes=\"auto, (max-width: 533px) 100vw, 533px\" \/><\/p>\n<ul>\n<li>C\u00f4ng t\u1eafc aptomat<\/li>\n<li>N\u00fat b\u1eadt\/ t\u1eaft<\/li>\n<li>\u0110\u00e8n b\u00e1o hi\u1ec7u ngu\u1ed3n \u0111i\u1ec7n \u0111ang s\u1eed d\u1ee5ng<\/li>\n<\/ul>\n<p><span style=\"color: #000000\">S\u1eed d\u1ee5ng ngu\u1ed3n \u0111i\u1ec7n 3 pha v\u00f4 c\u00f9ng m\u1ea1nh m\u1ebd, \u0111\u1ed9ng c\u01a1 7,5kw, t\u1ed1c \u0111\u1ed9 v\u00f2ng quay 2900 v\u00f2ng\/ ph\u00fat, m\u00e1y nghi\u1ec1n b\u1ed9t si\u00eau m\u1ecbn inox 300 phi\u00ean b\u1ea3n m\u1edbi cho n\u0103ng su\u1ea5t 30-50kg\/h<\/span><\/p>\n<p><strong style=\"color: #000000;font-size: 23.04px\">Th\u00f4ng s\u1ed1 k\u1ef9 thu\u1eadt\u00a0<\/strong><\/p>\n<table style=\"font-weight: 400\">\n<tbody>\n<tr>\n<td rowspan=\"3\" width=\"274\">\u0110\u1ed9ng c\u01a1<\/td>\n<td width=\"214\">C\u00f4ng su\u1ea5t \u0111\u1ed9ng c\u01a1<\/td>\n<td width=\"213\">7.5KW<\/td>\n<\/tr>\n<tr>\n<td width=\"214\">Ngu\u1ed3n \u0111i\u1ec7n<\/td>\n<td width=\"213\">220- 380 ( V)<\/td>\n<\/tr>\n<tr>\n<td width=\"214\">T\u1ed1c \u0111\u1ed9<\/td>\n<td width=\"213\">2900( v\/p)<\/td>\n<\/tr>\n<tr>\n<td rowspan=\"2\" width=\"274\">Tr\u1ecdng l\u01b0\u1ee3ng m\u00e1y<\/td>\n<td width=\"214\">Nguy\u00ean b\u1ed9<\/td>\n<td width=\"213\">\u00a0( kg)<\/td>\n<\/tr>\n<tr>\n<td width=\"214\">Kh\u00f4ng \u0111\u1ed9ng c\u01a1<\/td>\n<td width=\"213\">108 ( kg)<\/td>\n<\/tr>\n<tr>\n<td rowspan=\"2\" width=\"274\">B\u1ea3o h\u00e0nh<\/td>\n<td width=\"214\">K\u1ef9 thu\u1eadt<\/td>\n<td width=\"213\">06\u00a0th\u00e1ng<\/td>\n<\/tr>\n<tr>\n<td width=\"214\">\u0110\u1ed9ng c\u01a1<\/td>\n<td width=\"213\">Theo t\u1eebng h\u00e3ng s\u1ea3n xu\u1ea5t<\/td>\n<\/tr>\n<tr>\n<td width=\"274\">N\u0103ng su\u1ea5t<\/td>\n<td colspan=\"2\" width=\"427\">50 &#8211; 80\u00a0kg\/h<\/td>\n<\/tr>\n<tr>\n<td width=\"274\">K\u00edch th\u01b0\u1edbc ( D*C*R)<\/td>\n<td colspan=\"2\" width=\"427\">96cm*96cm* 59cm<\/td>\n<\/tr>\n<tr>\n<td width=\"274\">H\u00ecnh th\u1ee9c thanh to\u00e1n<\/td>\n<td colspan=\"2\" width=\"427\"><b><strong>Ti\u1ec1n m\u1eb7t ho\u1eb7c chuy\u1ec3n kho\u1ea3n<\/strong><\/b><\/td>\n<\/tr>\n<\/tbody>\n<\/table>\n","protected":false},"excerpt":{"rendered":"<ul>\n<li><strong>H\u00e3ng s\u1ea3n xu\u1ea5t:<\/strong> B\u00ecnh Minh<\/li>\n<li><strong>N\u0103ng su\u1ea5t:\u00a0\u00a0<\/strong>20kg- 80kg\/h<\/li>\n<li><strong>T\u1ed1c \u0111\u1ed9\u00a0<\/strong>: 2900v\/p<\/li>\n<li><strong>\u0110\u1ed9ng c\u01a1:\u00a0<\/strong>7.5kw<\/li>\n<li><strong>\u0110i\u1ec7n n\u0103ng:\u00a0<\/strong>380V<\/li>\n<li><strong>T\u00ednh n\u0103ng:\u00a0<\/strong>nghi\u1ec1n c\u00e1c lo\u1ea1i ng\u0169 c\u1ed1c\u00a0g\u1ea1o l\u1ee9t, sen, v\u1eebng, h\u1ea1nh nh\u00e2n, macca, \u0111\u1ed7 \u0111en, \u0111\u1ed7 xanh, y\u1ebfn m\u1ea1ch,\u2026th\u00e0nh d\u1ea1ng b\u1ed9t m\u1ecbn<\/li>\n<\/ul>\n","protected":false},"featured_media":9519,"comment_status":"closed","ping_status":"closed","template":"","meta":[],"product_brand":[],"product_cat":[195],"product_tag":[93,96,94,95],"class_list":{"0":"post-6555","1":"product","2":"type-product","3":"status-publish","4":"has-post-thumbnail","6":"product_cat-may-nghien-sieu-min","7":"product_tag-may-nghien-gao","8":"product_tag-may-nghien-gia-vi","9":"product_tag-may-nghien-inox","10":"product_tag-may-nghien-ngu-coc","12":"first","13":"instock","14":"shipping-taxable","15":"product-type-simple"},"_links":{"self":[{"href":"https:\/\/congtybinhminh.com\/index.php?rest_route=\/wp\/v2\/product\/6555","targetHints":{"allow":["GET"]}}],"collection":[{"href":"https:\/\/congtybinhminh.com\/index.php?rest_route=\/wp\/v2\/product"}],"about":[{"href":"https:\/\/congtybinhminh.com\/index.php?rest_route=\/wp\/v2\/types\/product"}],"replies":[{"embeddable":true,"href":"https:\/\/congtybinhminh.com\/index.php?rest_route=%2Fwp%2Fv2%2Fcomments&post=6555"}],"wp:featuredmedia":[{"embeddable":true,"href":"https:\/\/congtybinhminh.com\/index.php?rest_route=\/wp\/v2\/media\/9519"}],"wp:attachment":[{"href":"https:\/\/congtybinhminh.com\/index.php?rest_route=%2Fwp%2Fv2%2Fmedia&parent=6555"}],"wp:term":[{"taxonomy":"product_brand","embeddable":true,"href":"https:\/\/congtybinhminh.com\/index.php?rest_route=%2Fwp%2Fv2%2Fproduct_brand&post=6555"},{"taxonomy":"product_cat","embeddable":true,"href":"https:\/\/congtybinhminh.com\/index.php?rest_route=%2Fwp%2Fv2%2Fproduct_cat&post=6555"},{"taxonomy":"product_tag","embeddable":true,"href":"https:\/\/congtybinhminh.com\/index.php?rest_route=%2Fwp%2Fv2%2Fproduct_tag&post=6555"}],"curies":[{"name":"wp","href":"https:\/\/api.w.org\/{rel}","templated":true}]}}