{"id":6544,"date":"2021-09-14T15:51:05","date_gmt":"2021-09-14T08:51:05","guid":{"rendered":"https:\/\/congtybinhminh.com\/?post_type=product&#038;p=6544"},"modified":"2024-07-05T15:11:14","modified_gmt":"2024-07-05T08:11:14","slug":"may-nghien-thuc-an-chan-nuoi-b14","status":"publish","type":"product","link":"https:\/\/congtybinhminh.com\/?product=may-nghien-thuc-an-chan-nuoi-b14","title":{"rendered":"M\u00e1y nghi\u1ec1n th\u1ee9c \u0103n ch\u0103n nu\u00f4i B14"},"content":{"rendered":"<h2>Video ho\u1ea1t \u0111\u1ed9ng c\u1ee7a m\u00e1y<\/h2>\n<p><iframe loading=\"lazy\" title=\"M\u00e1y nghi\u1ec1n 14 nghi\u1ec1n th\u1ee9c \u0103n ch\u0103n nu\u00f4i \/ M\u00e1y nghi\u1ec1n d\u01b0\u1ee3c li\u1ec7u\" width=\"1020\" height=\"574\" src=\"https:\/\/www.youtube.com\/embed\/L9Oh9F81XYs?feature=oembed\" frameborder=\"0\" allow=\"accelerometer; autoplay; clipboard-write; encrypted-media; gyroscope; picture-in-picture; web-share\" referrerpolicy=\"strict-origin-when-cross-origin\" allowfullscreen><\/iframe><\/p>\n<p><span style=\"color: #000000\">M\u00e1y nghi\u1ec1n b\u1ed9t 14 c\u00f3 gi\u00e1 b\u1eaft \u0111\u1ed9ng c\u01a1 do c\u00f4ng ty B\u00ecnh Minh s\u1ea3n xu\u1ea5t, \u0111\u00e2y l\u00e0 m\u1ed9t trong nh\u1eefng d\u00f2ng m\u00e1y nghi\u1ec1n c\u1ee7a c\u00f4ng ty B\u00ecnh Minh. M\u00e1y \u0111\u01b0\u1ee3c c\u1ea3i ti\u1ebfn t\u1eeb m\u00e1y nghi\u1ec1n b\u1ed9t 14 bu\u1ed3ng \u0111\u1eadp v\u1edbi gi\u00e1 b\u1eaft \u0111\u1ed9ng c\u01a1 ti\u1ec7n l\u1ee3i.M\u00e1y c\u00f3 ch\u1ee9c n\u0103ng nghi\u1ec1n c\u00e1c lo\u1ea1i nguy\u00ean li\u1ec7u nh\u01b0 ng\u00f4, th\u00f3c, khoai, s\u1eafn,\u2026th\u00e0nh d\u1ea1ng b\u1ed9t c\u00e1m l\u00e0m th\u1ee9c \u0103n trong ng\u00e0nh ch\u0103n nu\u00f4i. V\u00e0 c\u00f2n \u0111\u01b0\u1ee3c d\u00f9ng \u0111\u1ec3 nghi\u1ec1n c\u00e1c lo\u1ea1i b\u1ed9t l\u00e0m m\u1ef3, nghi\u1ec1n g\u1ea1o ng\u00e2m hay c\u00f3 lo\u1ea1i h\u1ea1t ng\u0169 c\u1ed1c,\u2026ph\u00f9 h\u1ee3p v\u1edbi c\u00e1c h\u1ed9 kinh doanh th\u1ef1c ph\u1ea9m.<\/span><\/p>\n<p><img loading=\"lazy\" decoding=\"async\" class=\"size-full wp-image-6545 aligncenter\" src=\"https:\/\/congtybinhminh.com\/wp-content\/uploads\/2021\/09\/nghien14.jpg\" alt=\"nghien14\" width=\"800\" height=\"600\" srcset=\"https:\/\/congtybinhminh.com\/wp-content\/uploads\/2021\/09\/nghien14.jpg 800w, https:\/\/congtybinhminh.com\/wp-content\/uploads\/2021\/09\/nghien14-510x383.jpg 510w, https:\/\/congtybinhminh.com\/wp-content\/uploads\/2021\/09\/nghien14-533x400.jpg 533w, https:\/\/congtybinhminh.com\/wp-content\/uploads\/2021\/09\/nghien14-768x576.jpg 768w\" sizes=\"auto, (max-width: 800px) 100vw, 800px\" \/><\/p>\n<h2><strong><span style=\"color: #000000\">Gi\u1edbi thi\u1ec7u v\u1ec1 m\u00e1y nghi\u1ec1n 14<\/span><\/strong><\/h2>\n<p><span style=\"color: #000000\">M\u00e1y \u0111\u01b0\u1ee3c thi\u1ebft k\u1ebf toa n\u1ea1p nguy\u00ean li\u1ec7u to r\u1ed9ng, c\u00f3 s\u1ee9c ch\u1ee9a l\u1edbn. Bu\u1ed3ng l\u00e0m vi\u1ec7c \u0111\u01b0\u1ee3c trang b\u1ecb 18 b\u00faa nghi\u1ec1n c\u00f3 nhi\u1ec7m v\u1ee5 nghi\u1ec1n nh\u1ecf nguy\u00ean li\u1ec7u th\u00e0nh b\u1ed9t m\u1ecbn. M\u00e1y c\u00f2n c\u00f3 \u1ed1ng h\u00fat c\u00f3 t\u00e1c d\u1ee5ng h\u00fat th\u00e0nh ph\u1ea9m t\u1eeb bu\u1ed3ng l\u00e0m vi\u1ec7c ra ngo\u00e0i. Khung m\u00e1y \u0111\u01b0\u1ee3c thi\u1ebft k\u1ebf ch\u1eafc ch\u1eafn, h\u1ea1n ch\u1ebf rung l\u1eafc khi ho\u1ea1t \u0111\u1ed9ng, an to\u00e0n cho ng\u01b0\u1eddi s\u1eed d\u1ee5ng.<\/span><\/p>\n<p><span style=\"color: #000000\">M\u00e1y v\u1eadn h\u00e0nh b\u1eb1ng \u0111\u1ed9ng c\u01a1 c\u00f3 c\u00f4ng su\u1ea5t 11-15kw, ngu\u1ed3n \u0111i\u1ec7n 380V cho n\u0103ng su\u1ea5t cao \u0111\u1ea1t 3 \u2013 5 T\u1ea1\/gi\u1edd.<\/span><\/p>\n<p><img loading=\"lazy\" decoding=\"async\" class=\"size-full wp-image-6546 aligncenter\" src=\"https:\/\/congtybinhminh.com\/wp-content\/uploads\/2021\/09\/may-nghien-14-co-gia-bat-dong-co-6.jpg\" alt=\"may-nghien-14-co-gia-bat-dong-co-6\" width=\"800\" height=\"300\" srcset=\"https:\/\/congtybinhminh.com\/wp-content\/uploads\/2021\/09\/may-nghien-14-co-gia-bat-dong-co-6.jpg 800w, https:\/\/congtybinhminh.com\/wp-content\/uploads\/2021\/09\/may-nghien-14-co-gia-bat-dong-co-6-510x191.jpg 510w, https:\/\/congtybinhminh.com\/wp-content\/uploads\/2021\/09\/may-nghien-14-co-gia-bat-dong-co-6-768x288.jpg 768w\" sizes=\"auto, (max-width: 800px) 100vw, 800px\" \/><\/p>\n<h2><strong><span style=\"color: #000000\">\u01afu \u0111i\u1ec3m c\u1ee7a m\u00e1y nghi\u1ec1n 14<\/span><\/strong><\/h2>\n<p><span style=\"color: #000000\">\u2013 M\u00e1y \u0111\u01b0\u1ee3c thi\u1ebft k\u1ebf v\u1edbi gi\u00e1 b\u1eaft \u0111\u1ed9ng c\u01a1 ch\u00e2n d\u00e0i v\u1eefng ch\u1eafc, ki\u1ec3u d\u00e1ng hi\u1ec7n \u0111\u1ea1i ph\u00f9 h\u1ee3p v\u1edbi c\u00e1c h\u1ed9 kinh doanh, c\u00e1c nh\u00e0 m\u00e1y ch\u1ebf bi\u1ebfn th\u1ee9c \u0103n ch\u0103n nu\u00f4i, s\u1ea3n xu\u1ea5t d\u00e2y chuy\u1ec1n.<\/span><\/p>\n<p><span style=\"color: #000000\">\u2013 M\u00e1y d\u00f9ng \u0111\u1ec3 nghi\u1ec1n c\u00e1c lo\u1ea1i c\u00e1m ng\u00f4, c\u00e1m khoai, c\u00e1m s\u1eafn,\u2026 ngo\u00e0i ra m\u00e1y c\u00f2n s\u1eed d\u1ee5ng \u0111\u1ec3 nghi\u1ec1n g\u1ea1o ng\u00e2m l\u00e0m m\u1ef3.<\/span><\/p>\n<p><span style=\"color: #000000\">\u2013 C\u00f4ng su\u1ea5t \u0111\u1ed9ng c\u01a1 11-15 kw, d\u00f9ng d\u00f2ng \u0111i\u1ec7n 380V cho n\u0103ng su\u1ea5t cao \u0111\u1ea1t 800-1000 kg\/h.<\/span><\/p>\n<p><img loading=\"lazy\" decoding=\"async\" class=\"size-full wp-image-6547 aligncenter\" src=\"https:\/\/congtybinhminh.com\/wp-content\/uploads\/2021\/09\/web.jpg\" alt=\"\" width=\"800\" height=\"688\" srcset=\"https:\/\/congtybinhminh.com\/wp-content\/uploads\/2021\/09\/web.jpg 800w, https:\/\/congtybinhminh.com\/wp-content\/uploads\/2021\/09\/web-510x439.jpg 510w, https:\/\/congtybinhminh.com\/wp-content\/uploads\/2021\/09\/web-465x400.jpg 465w, https:\/\/congtybinhminh.com\/wp-content\/uploads\/2021\/09\/web-768x660.jpg 768w\" sizes=\"auto, (max-width: 800px) 100vw, 800px\" \/><\/p>\n<p><span style=\"color: #000000\">M\u00e1y nghi\u1ec1n b\u1ed9t 14 \u0111\u01b0\u1ee3c c\u1ea5u t\u1ea1o g\u1ed3m toa n\u1ea1p nguy\u00ean li\u1ec7u, bu\u1ed3ng l\u00e0m vi\u1ec7c, \u1ed1ng h\u00fat v\u00e0 khung m\u00e1y.<\/span><\/p>\n<p><span style=\"color: #000000\">Toa n\u1ea1p nguy\u00ean li\u1ec7u \u0111\u01b0\u1ee3c thi\u1ebft k\u1ebf to r\u1ed9ng, c\u00f3 th\u1ec3 ch\u1ee9a \u0111\u1ef1ng \u0111\u01b0\u1ee3c nhi\u1ec1u nguy\u00ean li\u1ec7u trong 1 m\u1ebb.<\/span><\/p>\n<p><span style=\"color: #000000\">Bu\u1ed3ng l\u00e0m vi\u1ec7c \u0111\u01b0\u1ee3c thi\u1ebft k\u1ebf h\u1ec7 th\u1ed1ng b\u00faa nghi\u1ec1n, g\u1ed3m 18 b\u00faa c\u00f3 nhi\u1ec7m v\u1ee5 nghi\u1ec1n nh\u1ecf nghi\u1ec1n m\u1ecbn nguy\u00ean li\u1ec7u.<\/span><\/p>\n<p><span style=\"color: #000000\">\u1ed0ng h\u00fat c\u00f3 nhi\u1ec7m v\u1ee5 h\u00fat th\u00e0nh ph\u1ea9m t\u1eeb bu\u1ed3ng nghi\u1ec1n ra ngo\u00e0i<\/span><\/p>\n<h3><span style=\"color: #000000\"><strong>Cam k\u1ebft v\u1ec1 gi\u00e1 v\u00e0 Ch\u00ednh s\u00e1ch b\u1ea3o h\u00e0nh<\/strong><\/span><\/h3>\n<p><span style=\"color: #000000\">M\u00e1y do c\u00f4ng ty tr\u1ef1c ti\u1ebfp ch\u1ebf t\u1ea1o v\u00e0 s\u1ea3n xu\u1ea5t t\u1ea1i x\u01b0\u1edfng, kh\u00f4ng qua trung gian, \u0111\u1ea3m b\u1ea3o gi\u00e1 r\u1ebb nh\u1ea5t, ch\u1ea5t l\u01b0\u1ee3ng t\u1ed1t nh\u1ea5t, b\u1ea3o h\u00e0nh thu\u1eadn ti\u1ec7n nh\u1ea5t.<\/span><\/p>\n<p><span style=\"color: #000000\">\u0110\u1ed9i ng\u0169 k\u1ef9 thu\u1eadt c\u00f3 tr\u00ecnh \u0111\u1ed9 chuy\u00ean m\u00f4n cao, s\u1eb5n s\u00e0ng h\u1ed7 tr\u1ee3 k\u1ef9 thu\u1eadt t\u1eadn t\u00ecnh v\u00e0 tr\u1ecdn \u0111\u1eddi.<\/span><\/p>\n<p><span style=\"color: #000000\">B\u1ea3o h\u00e0nh t\u1ea1i c\u00f4ng ty 6 th\u00e1ng cho tr\u01b0\u1eddng h\u1ee3p m\u00e1y l\u1ed7i k\u1ef9 thu\u1eadt do c\u00f4ng ty s\u1ea3n xu\u1ea5t. H\u1ebft th\u1eddi gian n\u00e0y t\u01b0 v\u1ea5n k\u1ef9 thu\u1eadt tr\u1ecdn \u0111\u1eddi s\u1ea3n ph\u1ea9m:\u00a0<span style=\"color: #0000ff\"><a style=\"color: #0000ff\" href=\"https:\/\/maynongnghiepbinhminh.com\/chinh-sach\/\"><em>Ch\u00ednh s\u00e1ch b\u1ea3o h\u00e0nh<\/em><\/a><\/span><\/span><\/p>\n<h3><\/h3>\n","protected":false},"excerpt":{"rendered":"<ul>\n<li><span style=\"color: #000000\"><strong><span style=\"color: #ff0000\">C\u00f4ng su\u1ea5t<\/span><\/strong>: 11 \u2013 15kw<\/span><\/li>\n<li><span style=\"color: #000000\"><strong><span style=\"color: #ff0000\">\u0110i\u1ec7n n\u0103ng<\/span><\/strong>:\u00a0380V<\/span><\/li>\n<li><span style=\"color: #000000\"><strong><span style=\"color: #ff0000\">T\u1ed1c \u0111\u1ed9 v\u00f2ng quay<\/span><\/strong>:\u00a04200 \u2013 4500 v\u00f2ng\/ph\u00fat<\/span><\/li>\n<li><span style=\"color: #000000\"><strong><span style=\"color: #ff0000\">Tr\u1ecdng l\u01b0\u1ee3ng<\/span><\/strong>: 95 kg\u00a0<\/span><\/li>\n<li><span style=\"color: #000000\"><strong><span style=\"color: #ff0000\">T\u00ednh n\u0103ng<\/span><\/strong>: M\u00e1y nghi\u1ec1n c\u00e1c lo\u1ea1i ng\u0169 c\u1ed1c, c\u00e1c lo\u1ea1i h\u1ea1t ch\u1ee9a d\u1ea7u, l\u00e1 ch\u00e8, c\u1eabng ch\u00e8, \u2026 th\u00e0nh b\u1ed9t si\u00eau m\u1ecbn<\/span><\/li>\n<\/ul>\n","protected":false},"featured_media":6548,"comment_status":"closed","ping_status":"closed","template":"","meta":[],"product_brand":[],"product_cat":[32],"product_tag":[125,97,126,123,124],"class_list":{"0":"post-6544","1":"product","2":"type-product","3":"status-publish","4":"has-post-thumbnail","6":"product_cat-may-nghien","7":"product_tag-may-nghien-14","8":"product_tag-may-nghien-binh-minh","9":"product_tag-may-nghien-chinh-hang","10":"product_tag-may-nghien-ngo","11":"product_tag-may-nghien-trau","13":"first","14":"instock","15":"shipping-taxable","16":"product-type-simple"},"_links":{"self":[{"href":"https:\/\/congtybinhminh.com\/index.php?rest_route=\/wp\/v2\/product\/6544","targetHints":{"allow":["GET"]}}],"collection":[{"href":"https:\/\/congtybinhminh.com\/index.php?rest_route=\/wp\/v2\/product"}],"about":[{"href":"https:\/\/congtybinhminh.com\/index.php?rest_route=\/wp\/v2\/types\/product"}],"replies":[{"embeddable":true,"href":"https:\/\/congtybinhminh.com\/index.php?rest_route=%2Fwp%2Fv2%2Fcomments&post=6544"}],"wp:featuredmedia":[{"embeddable":true,"href":"https:\/\/congtybinhminh.com\/index.php?rest_route=\/wp\/v2\/media\/6548"}],"wp:attachment":[{"href":"https:\/\/congtybinhminh.com\/index.php?rest_route=%2Fwp%2Fv2%2Fmedia&parent=6544"}],"wp:term":[{"taxonomy":"product_brand","embeddable":true,"href":"https:\/\/congtybinhminh.com\/index.php?rest_route=%2Fwp%2Fv2%2Fproduct_brand&post=6544"},{"taxonomy":"product_cat","embeddable":true,"href":"https:\/\/congtybinhminh.com\/index.php?rest_route=%2Fwp%2Fv2%2Fproduct_cat&post=6544"},{"taxonomy":"product_tag","embeddable":true,"href":"https:\/\/congtybinhminh.com\/index.php?rest_route=%2Fwp%2Fv2%2Fproduct_tag&post=6544"}],"curies":[{"name":"wp","href":"https:\/\/api.w.org\/{rel}","templated":true}]}}