{"id":6479,"date":"2021-06-16T09:56:05","date_gmt":"2021-06-16T02:56:05","guid":{"rendered":"https:\/\/congtybinhminh.com\/?post_type=product&#038;p=6479"},"modified":"2024-05-16T07:01:59","modified_gmt":"2024-05-16T00:01:59","slug":"may-ep-cam-vien-s450","status":"publish","type":"product","link":"https:\/\/congtybinhminh.com\/?product=may-ep-cam-vien-s450","title":{"rendered":"M\u00e1y \u00e9p c\u00e1m vi\u00ean S450"},"content":{"rendered":"<h1><strong>Video ho\u1ea1t \u0111\u1ed9ng th\u1ef1c t\u1ebf<\/strong><\/h1>\n<p><iframe loading=\"lazy\" title=\"C\u00f4ng Ty B\u00ecnh Minh: M\u00e1y \u00c9p C\u00e1m Vi\u00ean C\u00f4ng Nghi\u1ec7p S450 N\u0103ng Su\u1ea5t 1 T\u1ea5n\" width=\"1020\" height=\"574\" src=\"https:\/\/www.youtube.com\/embed\/OYKokkHUARE?feature=oembed\" frameborder=\"0\" allow=\"accelerometer; autoplay; clipboard-write; encrypted-media; gyroscope; picture-in-picture; web-share\" referrerpolicy=\"strict-origin-when-cross-origin\" allowfullscreen><\/iframe><\/p>\n<p><span style=\"color: #000000\">\u0110\u1ec3 \u0111\u00e1p \u1ee9ng mong mu\u1ed1n c\u1ee7a b\u00e0 con, c\u00f4ng ty TNHH\u00a0 S\u1ea3n Xu\u1ea5t v\u00e0 Th\u01b0\u01a1ng M\u1ea1i B\u00ecnh Minh \u0111\u00e3 ch\u1ebf t\u1ea1o th\u00e0nh c\u00f4ng chi\u1ebfc m\u00e1y \u00e9p c\u00e1m vi\u00ean tr\u1ee5c \u0111\u1ee9ng S450 chuy\u00ean d\u00f9ng \u0111\u1ec3 \u00e9p b\u1ed9t c\u00e1m, c\u00e1c lo\u1ea1i nguy\u00ean li\u1ec7u th\u00f4 ch\u01b0a qua s\u01a1 ch\u1ebf nh\u01b0 ph\u00e2n vi sinh, b\u00e3 bia, ng\u00f4 nguy\u00ean h\u1ea1t, rau b\u00e8o, t\u00f4m, cua, c\u00e1, \u1ed1c, \u0111\u1eadu \u0111\u1ed7, ng\u0169 c\u1ed1c,\u2026th\u00e0nh vi\u00ean c\u00e1m ch\u0103n nu\u00f4i cho gia s\u00fac, gia c\u1ea7m. <\/span><\/p>\n<p><img loading=\"lazy\" decoding=\"async\" class=\"aligncenter wp-image-8291 size-full\" src=\"https:\/\/congtybinhminh.com\/wp-content\/uploads\/2021\/06\/May-ep-cam-vien-S450.webp\" alt=\"\" width=\"800\" height=\"600\" srcset=\"https:\/\/congtybinhminh.com\/wp-content\/uploads\/2021\/06\/May-ep-cam-vien-S450.webp 800w, https:\/\/congtybinhminh.com\/wp-content\/uploads\/2021\/06\/May-ep-cam-vien-S450-510x383.webp 510w, https:\/\/congtybinhminh.com\/wp-content\/uploads\/2021\/06\/May-ep-cam-vien-S450-533x400.webp 533w, https:\/\/congtybinhminh.com\/wp-content\/uploads\/2021\/06\/May-ep-cam-vien-S450-768x576.webp 768w\" sizes=\"auto, (max-width: 800px) 100vw, 800px\" \/><\/p>\n<p><span style=\"color: #000000\">M\u00e1y \u00e9p c\u00e1m vi\u00ean S450 gi\u00fap t\u1eadn d\u1ee5ng c\u00e1c ngu\u1ed3n nguy\u00ean li\u1ec7u c\u00f3 s\u1eb5n t\u1ea1i nh\u00e0 v\u00e0 gi\u1ea3m thi\u1ec3u chi ph\u00ed kinh t\u1ebf, t\u0103ng hi\u1ec7u qu\u1ea3 n\u0103ng su\u1ea5t \u0111\u00e1ng k\u1ec3.<\/span><\/p>\n<h2><span style=\"color: #000000\"><strong>C\u1ea5u t\u1ea1o c\u1ee7a m\u00e1y \u00e9p c\u00e1m vi\u00ean S450<\/strong><\/span><\/h2>\n<ul>\n<li><span style=\"color: #000000\">V\u1edbi k\u00edch th\u01b0\u1edbc m\u00e1y to, kh\u1ecfe, ch\u1eafc ch\u1eafn ( Chi\u1ec1u d\u00e0i 149cm * Chi\u1ec1u cao 192cm * Chi\u1ec1u r\u1ed9ng 82cm).<\/span><\/li>\n<li><span style=\"color: #000000\">M\u1eb7t s\u00e0ng d\u1ea7y d\u1eb7n, v\u1edbi \u0111\u01b0\u1eddng k\u00ednh 45cm h\u1ed7 tr\u1ee3 n\u00e9n \u2013 \u00a0\u00e9p cho ra vi\u00ean c\u00e1m \u0111\u1eb9p \u0111\u1ec3 \u0111\u00f3ng bao<\/span><\/li>\n<\/ul>\n<p><img loading=\"lazy\" decoding=\"async\" class=\"aligncenter wp-image-8293 size-full\" src=\"https:\/\/congtybinhminh.com\/wp-content\/uploads\/2021\/06\/may-ep-cam-vien-S450-1.webp\" alt=\"\" width=\"800\" height=\"600\" srcset=\"https:\/\/congtybinhminh.com\/wp-content\/uploads\/2021\/06\/may-ep-cam-vien-S450-1.webp 800w, https:\/\/congtybinhminh.com\/wp-content\/uploads\/2021\/06\/may-ep-cam-vien-S450-1-510x383.webp 510w, https:\/\/congtybinhminh.com\/wp-content\/uploads\/2021\/06\/may-ep-cam-vien-S450-1-533x400.webp 533w, https:\/\/congtybinhminh.com\/wp-content\/uploads\/2021\/06\/may-ep-cam-vien-S450-1-768x576.webp 768w\" sizes=\"auto, (max-width: 800px) 100vw, 800px\" \/><\/p>\n<ul>\n<li><span style=\"color: #000000\">B\u1ed9 ph\u1eadn c\u1ea7u h\u1ed9p s\u1ed1 \u00f4 t\u00f4 \u1ed5n \u0111\u1ecbnh gi\u00fap cho qua tr\u00ecnh ho\u1ea1t \u0111\u1ed9ng c\u1ee7a m\u00e1y tr\u01a1n tru, \u00e9p nh\u1eefng nguy\u00ean li\u1ec7u n\u1eb7ng t\u1ea3i kh\u00f4ng lo b\u1ecb \u00ec m\u00e1y.<\/span><\/li>\n<li><span style=\"color: #000000\">Khi m\u00e1y nghi\u1ec1n \u2013 \u00e9p s\u1ebd c\u00f3 b\u1ed9 ph\u1eadn 3 qu\u1ea3 l\u00f4 quay tr\u00f2n t\u1ea1o l\u1ef1c ma s\u00e1t l\u1edbn \u0111\u1ec3 \u00e9p ng\u00f4 h\u1ea1t, b\u1ed9t c\u00e1m, c\u00e1 nh\u1ecf, cua, \u1ed1c, rau c\u1eaft nh\u1ecf, tr\u00f9n qu\u1ebf, \u2026 \u0111\u1ec3 n\u00e9n th\u00e0nh c\u00e1m vi\u00ean nhanh ch\u00f3ng.<\/span><\/li>\n<li><span style=\"color: #000000\">Nhi\u1ec7t \u0111\u1ed9 sinh nhi\u1ec7t c\u1ee7a d\u00f2ng m\u00e1y \u00e9p c\u00e1m vi\u00ean S450 t\u1eeb 60-70 \u0111\u1ed9 \u0111\u1ea3m b\u1ea3o v\u1eabn gi\u1eef \u0111\u01b0\u1ee3c h\u00e0m l\u01b0\u1ee3ng dinh d\u01b0\u1ee1ng c\u1ee7a nguy\u00ean li\u1ec7u \u0111\u1ea7u v\u00e0o.<\/span><\/li>\n<\/ul>\n<p><img loading=\"lazy\" decoding=\"async\" class=\"size-full wp-image-6482 aligncenter\" src=\"https:\/\/congtybinhminh.com\/wp-content\/uploads\/2021\/06\/cautao.jpg\" alt=\"cautao\" width=\"800\" height=\"600\" srcset=\"https:\/\/congtybinhminh.com\/wp-content\/uploads\/2021\/06\/cautao.jpg 800w, https:\/\/congtybinhminh.com\/wp-content\/uploads\/2021\/06\/cautao-510x383.jpg 510w, https:\/\/congtybinhminh.com\/wp-content\/uploads\/2021\/06\/cautao-533x400.jpg 533w, https:\/\/congtybinhminh.com\/wp-content\/uploads\/2021\/06\/cautao-768x576.jpg 768w\" sizes=\"auto, (max-width: 800px) 100vw, 800px\" \/><\/p>\n<ul>\n<li><span style=\"color: #000000\">\u0110\u1ed9ng c\u01a1 \u0111\u01b0\u1ee3c l\u1eafp theo m\u00e1y t\u1eeb 37kw \u2013 40kw , s\u1eed d\u1ee5ng ngu\u1ed3n \u0111i\u1ec7n 380V (3 pha).<\/span><\/li>\n<li><span style=\"color: #000000\">Ch\u1ea5t li\u1ec7u c\u1ee7a m\u00e1y l\u00e0m b\u1eb1ng gang \u0111\u00fac ho\u00e0n to\u00e0n n\u00ean tu\u1ed5i th\u1ecd c\u1ee7a m\u00e1y v\u00f4 c\u00f9ng cao.<\/span><\/li>\n<\/ul>\n<h2><span style=\"color: #000000\"><strong>\u01afu \u0111i\u1ec3m c\u1ee7a m\u00e1y \u00e9p c\u00e1m vi\u00ean S450<\/strong><\/span><\/h2>\n<p><span style=\"color: #000000\">\u0110i\u1ec3m n\u1ed5i b\u1eadt nh\u1ea5t c\u1ee7a d\u00f2ng m\u00e1y \u00e9p c\u00e1m vi\u00ean S450 c\u00f4ng nghi\u1ec7p \u0111\u00f3 ch\u00ednh l\u00e0 n\u0103ng su\u1ea5t \u0111\u1ea1t t\u1edbi 800-1000 kg\/ gi\u1edd \u0111\u00e1p \u1ee9ng \u0111\u01b0\u1ee3c nhu c\u1ea7u l\u1edbn v\u1ec1 th\u1ee9c \u0103n cho c\u00e1c trang tr\u1ea1i ch\u0103n nu\u00f4i l\u1edbn.<\/span><\/p>\n<p><span style=\"color: #000000\">H\u1ec7 th\u1ed1ng bu\u1ed3ng l\u00e0m vi\u1ec7c nghi\u1ec1n \u00e9p g\u1ed3m c\u00f3 3 qu\u1ea3 l\u00f4 ch\u1eafc kh\u1ecfe gi\u00fap nghi\u1ec1n \u00e9p nhanh ch\u00f3ng nguy\u00ean li\u1ec7u.<\/span><\/p>\n<p><span style=\"color: #000000\">\u0110\u01b0\u1eddng k\u00ednh m\u1eb7t s\u00e0ng c\u1ee7a m\u00e1y \u00e9p c\u00e1m vi\u00ean S450 l\u00ean t\u1edbi 45cm, ch\u00ednh \u0111i\u1ec1u n\u00e0y gi\u00fap cho m\u00e1y c\u00f3 th\u1ec3 nghi\u1ec1n \u00e9p c\u00e1c nguy\u00ean li\u1ec7u \u0111\u1ea1t n\u0103ng su\u1ea5t l\u1edbn<\/span><\/p>\n<p><img loading=\"lazy\" decoding=\"async\" class=\"size-full wp-image-6483 aligncenter\" src=\"https:\/\/congtybinhminh.com\/wp-content\/uploads\/2021\/06\/s450.jpg\" alt=\"s450\" width=\"800\" height=\"600\" srcset=\"https:\/\/congtybinhminh.com\/wp-content\/uploads\/2021\/06\/s450.jpg 800w, https:\/\/congtybinhminh.com\/wp-content\/uploads\/2021\/06\/s450-510x383.jpg 510w, https:\/\/congtybinhminh.com\/wp-content\/uploads\/2021\/06\/s450-533x400.jpg 533w, https:\/\/congtybinhminh.com\/wp-content\/uploads\/2021\/06\/s450-768x576.jpg 768w\" sizes=\"auto, (max-width: 800px) 100vw, 800px\" \/><\/p>\n<p><span style=\"color: #000000\">M\u00e1y \u00e9p c\u00e1m vi\u00ean S450 s\u1eed d\u1ee5ng ngu\u1ed3n \u0111i\u1ec7n 380V (3 pha), \u0111\u1ed9ng c\u01a1\u00a0 37kw \u2013 40kw gi\u00fap m\u00e1y v\u1eadn h\u00e0nh m\u1ea1nh m\u1ebd<\/span><\/p>\n<h2><strong><span style=\"color: #000000\">Th\u00f4ng s\u1ed1 k\u1ef9 thu\u1eadt c\u1ee7a m\u00e1y<\/span><\/strong><\/h2>\n<p><img loading=\"lazy\" decoding=\"async\" class=\"size-full wp-image-6484 aligncenter\" src=\"https:\/\/congtybinhminh.com\/wp-content\/uploads\/2021\/06\/2021-02-21_9-08-46.jpg\" alt=\"2021-02-21_9-08-46\" width=\"800\" height=\"470\" srcset=\"https:\/\/congtybinhminh.com\/wp-content\/uploads\/2021\/06\/2021-02-21_9-08-46.jpg 800w, https:\/\/congtybinhminh.com\/wp-content\/uploads\/2021\/06\/2021-02-21_9-08-46-510x300.jpg 510w, https:\/\/congtybinhminh.com\/wp-content\/uploads\/2021\/06\/2021-02-21_9-08-46-681x400.jpg 681w, https:\/\/congtybinhminh.com\/wp-content\/uploads\/2021\/06\/2021-02-21_9-08-46-768x451.jpg 768w\" sizes=\"auto, (max-width: 800px) 100vw, 800px\" \/><\/p>\n<h2><span style=\"color: #000000\"><strong>Cam k\u1ebft v\u1ec1 gi\u00e1 v\u00e0 Ch\u00ednh s\u00e1ch b\u1ea3o h\u00e0nh<\/strong><\/span><\/h2>\n<p><span style=\"color: #000000\">M\u00e1y do c\u00f4ng ty tr\u1ef1c ti\u1ebfp ch\u1ebf t\u1ea1o v\u00e0 s\u1ea3n xu\u1ea5t t\u1ea1i x\u01b0\u1edfng, kh\u00f4ng qua trung gian, \u0111\u1ea3m b\u1ea3o gi\u00e1 r\u1ebb nh\u1ea5t, ch\u1ea5t l\u01b0\u1ee3ng t\u1ed1t nh\u1ea5t, b\u1ea3o h\u00e0nh thu\u1eadn ti\u1ec7n nh\u1ea5t.<\/span><\/p>\n<p><span style=\"color: #000000\">\u0110\u1ed9i ng\u0169 k\u1ef9 thu\u1eadt c\u00f3 tr\u00ecnh \u0111\u1ed9 chuy\u00ean m\u00f4n cao, s\u1eb5n s\u00e0ng h\u1ed7 tr\u1ee3 k\u1ef9 thu\u1eadt t\u1eadn t\u00ecnh v\u00e0 tr\u1ecdn \u0111\u1eddi.<\/span><\/p>\n<p><span style=\"color: #000000\">B\u1ea3o h\u00e0nh t\u1ea1i c\u00f4ng ty 6 th\u00e1ng cho tr\u01b0\u1eddng h\u1ee3p m\u00e1y l\u1ed7i k\u1ef9 thu\u1eadt do c\u00f4ng ty s\u1ea3n xu\u1ea5t. H\u1ebft th\u1eddi gian n\u00e0y t\u01b0 v\u1ea5n k\u1ef9 thu\u1eadt tr\u1ecdn \u0111\u1eddi s\u1ea3n ph\u1ea9m:\u00a0<a style=\"color: #000000\" href=\"https:\/\/maynongnghiepbinhminh.com\/chinh-sach\/\"><em>Ch\u00ednh s\u00e1ch b\u1ea3o h\u00e0nh<\/em><\/a><\/span><\/p>\n<p><span style=\"color: #000000\"><img loading=\"lazy\" decoding=\"async\" class=\"wp-image-5198 size-full aligncenter\" src=\"https:\/\/maynongnghiepbinhminh.com\/wp-content\/uploads\/2020\/06\/SHIP2-1.jpg\" alt=\"SHIP2-1\" width=\"800\" height=\"597\" \/><\/span><\/p>\n","protected":false},"excerpt":{"rendered":"<ul>\n<li><span style=\"color: #ff0000\">H\u00e3ng s\u1ea3n xu\u1ea5t<\/span>: B\u00ecnh Minh<\/li>\n<li><span style=\"color: #ff0000\">N\u0103ng su\u1ea5t<\/span>:\u00a0 900 \u2013 1000kg\/h<\/li>\n<li><span style=\"color: #ff0000\">T\u1ed1c \u0111\u1ed9 v\u00f2ng quay<\/span>:\u00a0 \u00a01450\u00a0 (V\u00f2ng\/ph\u00fat)<\/li>\n<li><span style=\"color: #ff0000\">\u0110\u1ed9ng c\u01a1<\/span>:\u00a0 37kw \u2013 40kw<\/li>\n<li><span style=\"color: #ff0000\">T\u00ednh n\u0103ng<\/span>: M\u00e1y nghi\u1ec1n \u2013 tr\u1ed9n \u2013 \u00e9p c\u00e1c lo\u1ea1i b\u1ed9t c\u00e1m, rau, cua, c\u00e1 nh\u1ecf th\u00e0nh vi\u00ean c\u00e1m ch\u0103n nu\u00f4i cho gia s\u00fac, gia c\u1ea7m.<\/li>\n<\/ul>\n","protected":false},"featured_media":9572,"comment_status":"closed","ping_status":"closed","template":"","meta":[],"product_brand":[],"product_cat":[64,63],"product_tag":[71,70,73,72],"class_list":{"0":"post-6479","1":"product","2":"type-product","3":"status-publish","4":"has-post-thumbnail","6":"product_cat-may-ep-cam","7":"product_cat-may-ep-cam-vien-truc-dung","8":"product_tag-may-ep-cam-vien-binh-minh","9":"product_tag-may-ep-cam-vien-cong-nghiep","10":"product_tag-may-ep-cam-vien-cong-suat-lon","11":"product_tag-may-ep-cam-vien-s450","13":"first","14":"instock","15":"shipping-taxable","16":"product-type-simple"},"_links":{"self":[{"href":"https:\/\/congtybinhminh.com\/index.php?rest_route=\/wp\/v2\/product\/6479","targetHints":{"allow":["GET"]}}],"collection":[{"href":"https:\/\/congtybinhminh.com\/index.php?rest_route=\/wp\/v2\/product"}],"about":[{"href":"https:\/\/congtybinhminh.com\/index.php?rest_route=\/wp\/v2\/types\/product"}],"replies":[{"embeddable":true,"href":"https:\/\/congtybinhminh.com\/index.php?rest_route=%2Fwp%2Fv2%2Fcomments&post=6479"}],"wp:featuredmedia":[{"embeddable":true,"href":"https:\/\/congtybinhminh.com\/index.php?rest_route=\/wp\/v2\/media\/9572"}],"wp:attachment":[{"href":"https:\/\/congtybinhminh.com\/index.php?rest_route=%2Fwp%2Fv2%2Fmedia&parent=6479"}],"wp:term":[{"taxonomy":"product_brand","embeddable":true,"href":"https:\/\/congtybinhminh.com\/index.php?rest_route=%2Fwp%2Fv2%2Fproduct_brand&post=6479"},{"taxonomy":"product_cat","embeddable":true,"href":"https:\/\/congtybinhminh.com\/index.php?rest_route=%2Fwp%2Fv2%2Fproduct_cat&post=6479"},{"taxonomy":"product_tag","embeddable":true,"href":"https:\/\/congtybinhminh.com\/index.php?rest_route=%2Fwp%2Fv2%2Fproduct_tag&post=6479"}],"curies":[{"name":"wp","href":"https:\/\/api.w.org\/{rel}","templated":true}]}}