{"id":6466,"date":"2021-06-09T07:59:03","date_gmt":"2021-06-09T00:59:03","guid":{"rendered":"https:\/\/congtybinhminh.com\/?post_type=product&#038;p=6466"},"modified":"2024-10-31T16:32:10","modified_gmt":"2024-10-31T09:32:10","slug":"may-dun-vien-thuc-an-chan-nuoi-150k","status":"publish","type":"product","link":"https:\/\/congtybinhminh.com\/?product=may-dun-vien-thuc-an-chan-nuoi-150k","title":{"rendered":"M\u00e1y \u0111\u00f9n vi\u00ean th\u1ee9c \u0103n ch\u0103n nu\u00f4i 150K"},"content":{"rendered":"<h2>Video ho\u1ea1t \u0111\u1ed9ng c\u1ee7a m\u00e1y<\/h2>\n<p><iframe loading=\"lazy\" title=\"D\u00e2y Chuy\u1ec1n S\u1ea3n Xu\u1ea5t C\u00e1m Vi\u00ean N\u1ed5i C\u1ee1 L\u1edbn - T\u1ea9m D\u1ea7u Vi\u00ean C\u00e1m Th\u1ebf H\u1ec7 M\u1edbi\" width=\"1020\" height=\"574\" src=\"https:\/\/www.youtube.com\/embed\/RVtzjDnWHlg?feature=oembed\" frameborder=\"0\" allow=\"accelerometer; autoplay; clipboard-write; encrypted-media; gyroscope; picture-in-picture; web-share\" referrerpolicy=\"strict-origin-when-cross-origin\" allowfullscreen><\/iframe><\/p>\n<h2>Gi\u1edbi thi\u1ec7u m\u00e1y \u0111\u00f9n vi\u00ean th\u1ee9c \u0103n ch\u0103n nu\u00f4i 150K<\/h2>\n<p><span style=\"color: #000000\">M\u00e1y \u0111\u00f9n vi\u00ean th\u1ee9c \u0103n ch\u0103n nu\u00f4i 150K do c\u00f4ng ty B\u00ecnh Minh s\u1ea3n xu\u1ea5t &#8211; thi\u1ebft b\u1ecb l\u00e0m c\u00e1m ch\u00edn &#8211; n\u1ed5i cho c\u00e1 v\u1edbi n\u0103ng su\u1ea5t \u0111\u1ea1t 100 &#8211; 200 kg\/gi\u1edd \u0111\u01b0\u1ee3c b\u00e0 con ch\u0103n nu\u00f4i \u01b0a chu\u1ed9ng<\/span><\/p>\n<p><img loading=\"lazy\" decoding=\"async\" class=\"aligncenter wp-image-10299 size-full\" src=\"https:\/\/congtybinhminh.com\/wp-content\/uploads\/2021\/06\/may-dun-vien-thuc-an-chan-nuoi-150k_result222-1.webp\" alt=\"may-dun-vien-thuc-an-chan-nuoi-150k_result222\" width=\"800\" height=\"1078\" srcset=\"https:\/\/congtybinhminh.com\/wp-content\/uploads\/2021\/06\/may-dun-vien-thuc-an-chan-nuoi-150k_result222-1.webp 800w, https:\/\/congtybinhminh.com\/wp-content\/uploads\/2021\/06\/may-dun-vien-thuc-an-chan-nuoi-150k_result222-1-297x400.webp 297w, https:\/\/congtybinhminh.com\/wp-content\/uploads\/2021\/06\/may-dun-vien-thuc-an-chan-nuoi-150k_result222-1-594x800.webp 594w, https:\/\/congtybinhminh.com\/wp-content\/uploads\/2021\/06\/may-dun-vien-thuc-an-chan-nuoi-150k_result222-1-768x1035.webp 768w, https:\/\/congtybinhminh.com\/wp-content\/uploads\/2021\/06\/may-dun-vien-thuc-an-chan-nuoi-150k_result222-1-510x687.webp 510w\" sizes=\"auto, (max-width: 800px) 100vw, 800px\" \/><\/p>\n<p><span style=\"color: #000000\">Vi\u00ean c\u00e1m sau khi \u00e9p c\u00f3 th\u1ec3 cho v\u1eadt nu\u00f4i d\u00f9ng ngay ho\u1eb7c ph\u01a1i kh\u00f4 d\u00f9ng d\u1ea7n, th\u00edch h\u1ee3p s\u1eed d\u1ee5ng t\u1ea1i c\u00e1c h\u1ed9 gia \u0111\u00ecnh hay c\u00e1c trang tr\u1ea1i quy m\u00f4 v\u1eeba v\u00e0 l\u1edbn<\/span><\/p>\n<h2><span style=\"color: #000000\">Nh\u1eefng t\u00ednh n\u0103ng m\u00e1y \u0111\u00f9n vi\u00ean th\u1ee9c \u0103n ch\u0103n nu\u00f4i 150k<\/span><\/h2>\n<p><span style=\"color: #000000\">M\u00e1y c\u00f3 t\u00ednh n\u0103ng \u00e9p h\u1ed7n h\u1ee3p c\u00e1c lo\u1ea1i nguy\u00ean li\u1ec7u d\u1ea1ng b\u1ed9t nh\u01b0: b\u1ed9t ng\u00f4, b\u1ed9t c\u00e1.. t\u1ea1o th\u00e0nh th\u1ee9c \u0103n d\u1ea1ng vi\u00ean cho v\u1eadt nu\u00f4i nh\u01b0:<\/span><\/p>\n<p><img loading=\"lazy\" decoding=\"async\" class=\"aligncenter wp-image-10304 size-full\" src=\"https:\/\/congtybinhminh.com\/wp-content\/uploads\/2021\/06\/cam-vien-noi-cho-ca_result222.webp\" alt=\"cam-vien-noi-cho-ca_result222\" width=\"800\" height=\"768\" srcset=\"https:\/\/congtybinhminh.com\/wp-content\/uploads\/2021\/06\/cam-vien-noi-cho-ca_result222.webp 800w, https:\/\/congtybinhminh.com\/wp-content\/uploads\/2021\/06\/cam-vien-noi-cho-ca_result222-417x400.webp 417w, https:\/\/congtybinhminh.com\/wp-content\/uploads\/2021\/06\/cam-vien-noi-cho-ca_result222-768x737.webp 768w, https:\/\/congtybinhminh.com\/wp-content\/uploads\/2021\/06\/cam-vien-noi-cho-ca_result222-510x490.webp 510w\" sizes=\"auto, (max-width: 800px) 100vw, 800px\" \/><\/p>\n<ul>\n<li>L\u00e0m c\u00e1m vi\u00ean n\u1ed5i cho c\u00e1, vi\u00ean c\u00e1m ch\u00edn c\u00f3 th\u1ec3 n\u1ed5i tr\u00ean m\u1eb7t n\u01b0\u1edbc<\/li>\n<li>L\u00e0m c\u00e1m 1 ly cho t\u00f4m, chim..<\/li>\n<li>C\u00e1m \u0111\u01b0\u1ee3c \u00e9p ch\u00edn c\u00f3 th\u1ec3 cho l\u1ee3n, g\u00e0, v\u1ecbt \u0103n tr\u1ef1c ti\u1ebfp<\/li>\n<li>K\u00edch v\u1ee1 vi\u00ean c\u00e1m \u0111a d\u1ea1ng, n\u0103ng su\u1ea5t cao \u0111\u00e1p \u1ee9ng \u0111a d\u1ea1ng v\u1eadt nu\u00f4i<\/li>\n<\/ul>\n<h2><span style=\"color: #000000\">C\u1ea5u t\u1ea1o m\u00e1y \u0111\u00f9n vi\u00ean th\u1ee9c \u0103n ch\u0103n nu\u00f4i 150K<\/span><\/h2>\n<h3><span style=\"color: #000000\">Khung m\u00e1y ch\u1eafc ch\u1eafn<\/span><\/h3>\n<p><span style=\"color: #000000\">Thu\u1ed9c d\u00f2ng m\u00e1y c\u00f4ng nghi\u1ec7p v\u1edbi thi\u1ebft k\u1ebf ph\u1ea7n khung m\u00e1y \u0111\u01b0\u1ee3c h\u00e0n g\u1eafn ch\u1eafc ch\u1eafn, kh\u00f4ng g\u00e2y rung l\u1eafc trong qu\u00e1 tr\u00ecnh v\u1eadn h\u00e0nh\u00a0<\/span><\/p>\n<p><img loading=\"lazy\" decoding=\"async\" class=\"aligncenter wp-image-10300 size-full\" src=\"https:\/\/congtybinhminh.com\/wp-content\/uploads\/2021\/06\/cau-tao-may-dun-vien-thuc-an-chan-nuoi-150k_result222-1.webp\" alt=\"cau-tao-may-dun-vien-thuc-an-chan-nuoi-150k_result222\" width=\"800\" height=\"566\" srcset=\"https:\/\/congtybinhminh.com\/wp-content\/uploads\/2021\/06\/cau-tao-may-dun-vien-thuc-an-chan-nuoi-150k_result222-1.webp 800w, https:\/\/congtybinhminh.com\/wp-content\/uploads\/2021\/06\/cau-tao-may-dun-vien-thuc-an-chan-nuoi-150k_result222-1-565x400.webp 565w, https:\/\/congtybinhminh.com\/wp-content\/uploads\/2021\/06\/cau-tao-may-dun-vien-thuc-an-chan-nuoi-150k_result222-1-768x543.webp 768w, https:\/\/congtybinhminh.com\/wp-content\/uploads\/2021\/06\/cau-tao-may-dun-vien-thuc-an-chan-nuoi-150k_result222-1-510x361.webp 510w\" sizes=\"auto, (max-width: 800px) 100vw, 800px\" \/><\/p>\n<p><span style=\"color: #000000\">Mang l\u1ea1i hi\u1ec7u su\u1ea5t cao v\u00e0 tu\u1ed5i th\u1ecd b\u1ec1n b\u1ec9 cho m\u00e1y<\/span><\/p>\n<h3><span style=\"color: #000000\">Toa n\u1ea1p nguy\u00ean li\u1ec7u<\/span><\/h3>\n<p><span style=\"color: #000000\">Toa n\u1ea1p tr\u1ed9n nguy\u00ean li\u1ec7u s\u1eed d\u1ee5ng \u0111\u1ed9ng c\u01a1 0,75lw gi\u1ea3m t\u1ed1c gi\u00fap cho c\u00e1c c\u00e1nh \u0111\u1ea3o b\u00ean trong tr\u1ed9n \u0111\u1ec1u nguy\u00ean li\u1ec7u r\u1ed3i t\u1eeb t\u1eeb theo tr\u1ee5c xo\u1eafn xu\u1ed1ng ph\u1ec5u c\u1ea5p nguy\u00ean li\u1ec7u b\u1eaft \u0111\u1ea7u qu\u00e1 tr\u00ecnh l\u00e0m c\u00e1m<\/span><\/p>\n<p><img loading=\"lazy\" decoding=\"async\" class=\"aligncenter wp-image-10302 size-full\" src=\"https:\/\/congtybinhminh.com\/wp-content\/uploads\/2021\/06\/buong-tron-may-dun-vien_result222.webp\" alt=\"buong-tron-may-dun-vien_result222\" width=\"794\" height=\"928\" srcset=\"https:\/\/congtybinhminh.com\/wp-content\/uploads\/2021\/06\/buong-tron-may-dun-vien_result222.webp 794w, https:\/\/congtybinhminh.com\/wp-content\/uploads\/2021\/06\/buong-tron-may-dun-vien_result222-342x400.webp 342w, https:\/\/congtybinhminh.com\/wp-content\/uploads\/2021\/06\/buong-tron-may-dun-vien_result222-684x800.webp 684w, https:\/\/congtybinhminh.com\/wp-content\/uploads\/2021\/06\/buong-tron-may-dun-vien_result222-768x898.webp 768w, https:\/\/congtybinhminh.com\/wp-content\/uploads\/2021\/06\/buong-tron-may-dun-vien_result222-510x596.webp 510w\" sizes=\"auto, (max-width: 794px) 100vw, 794px\" \/><\/p>\n<p><span style=\"color: #000000\">Ph\u1ec5u c\u1ea5p li\u1ec7u b\u00e1n t\u1ef1 \u0111\u1ed9ng gi\u00fap ng\u01b0\u1eddi s\u1eed d\u1ee5ng d\u1ec5 ki\u1ec3m so\u00e1t l\u01b0\u1ee3ng nguy\u00ean li\u1ec7u v\u00e0o \u0111\u1ea7u \u00e9p. ti\u1ebft ki\u1ec7m th\u1eddi gian v\u00e0 c\u00f4ng s\u1ee9c v\u1eadn h\u00e0nh<\/span><\/p>\n<p><span style=\"color: #000000\">D\u01b0\u1edbi nhi\u1ec7t \u0111\u1ed9 cao, nguy\u00ean li\u1ec7u b\u00ean trong ph\u1ec5u n\u1ea1p s\u1ebd \u0111\u01b0\u1ee3c b\u1ed9 ph\u1eadn gia nhi\u1ec7t l\u00e0m ch\u00edn v\u00e0 x\u1ed1p vi\u00ean c\u00e1m. \u0110i\u1ec1u n\u00e0y s\u1ebd l\u00e0m t\u0103ng kh\u1ea3 n\u0103ng n\u1ed5i tr\u00ean m\u1eb7t n\u01b0\u1edbc v\u00e0 gi\u00fap v\u1eadt nu\u00f4i ti\u00eau h\u00f3a t\u1ed1t h\u01a1n<\/span><\/p>\n<p><span style=\"color: #000000\">B\u1ed9 ph\u1eadn dao c\u1eaft g\u1ed3m c\u00e1c l\u01b0\u1ee1i dao ho\u1ea1t \u0111\u1ed9ng v\u1edbi 1 \u0111\u1ed9ng c\u01a1 ph\u1ee5, ng\u01b0\u1eddi d\u00f9ng c\u00f3 th\u1ec3 t\u1ef1 t\u00f9y ch\u1ec9nh thay \u0111\u1ed5i h\u00ecnh d\u1ea1ng vi\u00ean c\u00e1m d\u00e0i ho\u1eb7c ng\u1eafn trong su\u1ed1t qu\u00e1 tr\u00ecnh m\u00e1y ho\u1ea1t \u0111\u1ed9ng<\/span><\/p>\n<p><img loading=\"lazy\" decoding=\"async\" class=\"aligncenter wp-image-10301 size-full\" src=\"https:\/\/congtybinhminh.com\/wp-content\/uploads\/2021\/06\/dao-cat-cam_result222.webp\" alt=\"dao-cat-cam_result222\" width=\"794\" height=\"876\" srcset=\"https:\/\/congtybinhminh.com\/wp-content\/uploads\/2021\/06\/dao-cat-cam_result222.webp 794w, https:\/\/congtybinhminh.com\/wp-content\/uploads\/2021\/06\/dao-cat-cam_result222-363x400.webp 363w, https:\/\/congtybinhminh.com\/wp-content\/uploads\/2021\/06\/dao-cat-cam_result222-725x800.webp 725w, https:\/\/congtybinhminh.com\/wp-content\/uploads\/2021\/06\/dao-cat-cam_result222-768x847.webp 768w, https:\/\/congtybinhminh.com\/wp-content\/uploads\/2021\/06\/dao-cat-cam_result222-510x563.webp 510w\" sizes=\"auto, (max-width: 794px) 100vw, 794px\" \/><\/p>\n<p><span style=\"color: #000000\">D\u01b0\u1edbi nhi\u1ec7t \u0111\u1ed9 cao, nguy\u00ean li\u1ec7u b\u00ean trong ph\u1ec5u n\u1ea1p s\u1ebd \u0111\u01b0\u1ee3c b\u1ed9 ph\u1eadn gia nhi\u1ec7t l\u00e0m ch\u00edn v\u00e0 x\u1ed1p vi\u00ean c\u00e1m. \u0110i\u1ec1u n\u00e0y s\u1ebd l\u00e0m t\u0103ng kh\u1ea3 n\u0103ng n\u1ed5i tr\u00ean m\u1eb7t n\u01b0\u1edbc v\u00e0 gi\u00fap v\u1eadt nu\u00f4i ti\u00eau h\u00f3a t\u1ed1t h\u01a1n<\/span><\/p>\n<p><span style=\"color: #000000\">K\u1ebft h\u1ee3p v\u1edbi m\u1eb7t s\u00e0ng l\u1eafp trong m\u00e1y. ng\u01b0\u1eddi d\u00f9ng c\u00f3 th\u1ec3 t\u1ea1o ra nh\u1eefng vi\u00ean c\u00e1m v\u1edbi k\u00edch c\u1ee1 to &#8211; nh\u1ecf kh\u00e1c nhau \u0111\u00e1p \u1ee9ng \u0111a d\u1ea1ng nhu c\u1ea7u s\u1eed d\u1ee5ng\u00a0<\/span><\/p>\n<h3><span style=\"color: #000000\">B\u1ea3ng \u0111i\u1ec1u khi\u1ec3n th\u00f4ng minh<\/span><\/h3>\n<p><span style=\"color: #000000\">Qu\u00e1 tr\u00ecnh m\u00e1y ho\u1ea1t \u0111\u1ed9ng th\u00f4ng qua h\u1ec7 th\u1ed1ng b\u1ea3ng \u0111i\u1ec1u khi\u1ec3n tr\u1ef1c quan, gi\u00fap ng\u01b0\u1eddi d\u00f9ng \u0111i\u1ec1u ch\u1ec9nh v\u00e0 theo d\u00f5i qu\u00e1 tr\u00ecnh l\u00e0m c\u00e1m v\u1edbi \u0111\u1ed9 ch\u00ednh x\u00e1c cao:<\/span><\/p>\n<p><img loading=\"lazy\" decoding=\"async\" class=\"aligncenter wp-image-10303 size-full\" src=\"https:\/\/congtybinhminh.com\/wp-content\/uploads\/2021\/06\/bang-dieu-may-dun-vien-cho-ca_result222.webp\" alt=\"bang-dieu-may-dun-vien-cho-ca_result222\" width=\"800\" height=\"600\" srcset=\"https:\/\/congtybinhminh.com\/wp-content\/uploads\/2021\/06\/bang-dieu-may-dun-vien-cho-ca_result222.webp 800w, https:\/\/congtybinhminh.com\/wp-content\/uploads\/2021\/06\/bang-dieu-may-dun-vien-cho-ca_result222-533x400.webp 533w, https:\/\/congtybinhminh.com\/wp-content\/uploads\/2021\/06\/bang-dieu-may-dun-vien-cho-ca_result222-768x576.webp 768w, https:\/\/congtybinhminh.com\/wp-content\/uploads\/2021\/06\/bang-dieu-may-dun-vien-cho-ca_result222-510x383.webp 510w\" sizes=\"auto, (max-width: 800px) 100vw, 800px\" \/><\/p>\n<ul>\n<li>\u0110\u00e8n b\u00e1o v\u00f4n k\u1ebf: hi\u1ec3n th\u1ecb ngu\u1ed3n \u0111i\u1ec7n hi\u1ec7n t\u1ea1i m\u00e1y \u0111ang ho\u1ea1t \u0111\u1ed9ng<\/li>\n<li>\u0110\u1ed3ng h\u1ed3 nhi\u1ec7t: \u0111i\u1ec1u ch\u1ec9nh nhi\u1ec7t \u0111\u1ed9 \u1edf b\u1ed9 ph\u1eadn gia nhi\u1ec7t<\/li>\n<li>N\u00fat \u0111i\u1ec1u ch\u1ec9nh t\u1ed1c \u0111\u1ed9: g\u1ed3m n\u00fat \u0111i\u1ec1u ch\u1ec9nh t\u1ed1c \u0111\u1ed9 b\u00f3n nguy\u00ean li\u1ec7u v\u00e0 n\u00fat \u0111i\u1ec1u ch\u1ec9nh t\u1ed1c \u0111\u1ed9 dao c\u1eaft<\/li>\n<li>C\u00f4ng t\u1eafc nhi\u1ec7t<\/li>\n<li>C\u00f4ng t\u1eafc b\u1eadt\/ t\u1eaft motor ch\u00ednh<\/li>\n<li>C\u00f4ng t\u1eafc b\u1eadt\/ t\u1eaft bi\u1ebfn t\u1ea7n<\/li>\n<li>N\u00fat d\u1eebng kh\u1ea9n c\u1ea5p<\/li>\n<\/ul>\n<h2>M\u00e1y \u0111\u00f9n vi\u00ean th\u1ee9c \u0103n ch\u0103n nu\u00f4i 150K mang t\u1edbi gi\u1ea3i ph\u00e1p g\u00ec cho b\u1ea1n ?<\/h2>\n<p>L\u00e0 m\u1ed9t trong nh\u1eefng thi\u1ebft b\u1ecb quan tr\u1ecdng trong ng\u00e0nh ch\u0103n nu\u00f4i c\u00e1 v\u00e0 c\u00e1c lo\u1ea1i th\u1ee7y h\u1ea3i s\u1ea3n, mang l\u1ea1i nhi\u1ec1u l\u1ee3i \u00edch v\u00e0 gi\u1ea3i ph\u00e1p cho b\u1ea1n trong vi\u1ec7c cung c\u1ea5p th\u1ee9c \u0103n:<\/p>\n<p><img loading=\"lazy\" decoding=\"async\" class=\"aligncenter wp-image-10305 size-full\" src=\"https:\/\/congtybinhminh.com\/wp-content\/uploads\/2021\/06\/may-ep-cam-vien-noi-cho-ca-3-pha_result222.webp\" alt=\"may-ep-cam-vien-noi-cho-ca-3-pha_result222\" width=\"800\" height=\"600\" srcset=\"https:\/\/congtybinhminh.com\/wp-content\/uploads\/2021\/06\/may-ep-cam-vien-noi-cho-ca-3-pha_result222.webp 800w, https:\/\/congtybinhminh.com\/wp-content\/uploads\/2021\/06\/may-ep-cam-vien-noi-cho-ca-3-pha_result222-533x400.webp 533w, https:\/\/congtybinhminh.com\/wp-content\/uploads\/2021\/06\/may-ep-cam-vien-noi-cho-ca-3-pha_result222-768x576.webp 768w, https:\/\/congtybinhminh.com\/wp-content\/uploads\/2021\/06\/may-ep-cam-vien-noi-cho-ca-3-pha_result222-510x383.webp 510w\" sizes=\"auto, (max-width: 800px) 100vw, 800px\" \/><\/p>\n<ul>\n<li>C\u00e1m \u00e9p t\u1ea1i ch\u1ed7, d\u1ec5 ki\u1ec3m so\u00e1t ch\u1ea5t l\u01b0\u1ee3ng nguy\u00ean li\u1ec7u v\u00e0 th\u00e0nh ph\u1ea9m<\/li>\n<li>T\u00f9y ch\u1ec9nh c\u00f4ng th\u1ee9c d\u1ef1a tr\u00ean nhu c\u1ea7u v\u00e0 giai \u0111o\u1ea1n ph\u00e1t tri\u1ec3n<\/li>\n<li>D\u1ec5 b\u1ea3o qu\u1ea3n, h\u1ea1n ch\u1ebf \u0111\u01b0\u1ee3c m\u1ea7m b\u1ec7nh ch\u1ee7 \u0111\u1ed9ng kh\u00f4ng lo c\u00e1m t\u0103ng gi\u00e1<\/li>\n<\/ul>\n<h2>\u0110\u1ecba ch\u1ec9 mua m\u00e1y \u00e9p c\u00e1m vi\u00ean n\u1ed5i cho c\u00e1 gi\u00e1 g\u1ed1c t\u1ea1i x\u01b0\u1edfng<\/h2>\n<p>C\u00f4ng ty B\u00ecnh Minh &#8211; \u0111\u01a1n v\u1ecb tr\u1ef1c ti\u1ebfp ch\u1ebf t\u1ea1o m\u00e1y \u00e9p c\u00e1m vi\u00ean t\u1ea1i H\u00e0 N\u1ed9i v\u1edbi cam k\u1ebft h\u00e0ng m\u1edbi ch\u00ednh h\u00e3ng 100% &#8211; kh\u00f4ng qua \u0111\u1ea1i l\u00fd trung gian<\/p>\n<p><img loading=\"lazy\" decoding=\"async\" class=\"aligncenter wp-image-8771 size-full\" src=\"https:\/\/congtybinhminh.com\/wp-content\/uploads\/2023\/08\/dia-chi-ban-may-ep-cam-vien-noi-1_result222.webp\" alt=\"dia-chi-ban-may-ep-cam-vien-noi-1_result222\" width=\"800\" height=\"1057\" srcset=\"https:\/\/congtybinhminh.com\/wp-content\/uploads\/2023\/08\/dia-chi-ban-may-ep-cam-vien-noi-1_result222.webp 800w, https:\/\/congtybinhminh.com\/wp-content\/uploads\/2023\/08\/dia-chi-ban-may-ep-cam-vien-noi-1_result222-510x674.webp 510w, https:\/\/congtybinhminh.com\/wp-content\/uploads\/2023\/08\/dia-chi-ban-may-ep-cam-vien-noi-1_result222-303x400.webp 303w, https:\/\/congtybinhminh.com\/wp-content\/uploads\/2023\/08\/dia-chi-ban-may-ep-cam-vien-noi-1_result222-605x800.webp 605w, https:\/\/congtybinhminh.com\/wp-content\/uploads\/2023\/08\/dia-chi-ban-may-ep-cam-vien-noi-1_result222-768x1015.webp 768w\" sizes=\"auto, (max-width: 800px) 100vw, 800px\" \/><\/p>\n<p>\u0110\u1ebb \u0111\u1eb7t mua h\u00e0ng ch\u00ednh h\u00e3ng, b\u00e0 con c\u00f3 th\u1ec3 \u0111\u1ebfn tr\u1ef1c ti\u1ebfp tr\u1ee5 s\u1edf g\u1ea7n nh\u1ea5t:<\/p>\n<ul>\n<li>Tr\u1ee5 s\u1edf ch\u00ednh: p. L\u00ea L\u1ee3i &#8211; Tx S\u01a1n T\u00e2y &#8211; H\u00e0 N\u1ed9i<\/li>\n<li>Chi nh\u00e1nh mi\u1ec1n Nam: x\u00e3 T\u00e2n Ki\u00ean &#8211; H. B\u00ecnh Ch\u00e1nh &#8211; Tp H\u1ed3 Ch\u00ed Minh<\/li>\n<\/ul>\n<p>Khi \u0111\u1ebfn c\u00f4ng ty mua m\u00e1y, b\u00e0 con s\u1ebd \u0111\u01b0\u1ee3c th\u1eed nghi\u1ec7m v\u1eadn h\u00e0nh m\u00e1y d\u01b0\u1edbi s\u1ef1 h\u01b0\u1edbng d\u1eabn c\u1ee7a \u0111\u1ed9i ng\u0169 k\u1ef9 thu\u1eadt<\/p>\n<p>\u0110\u1ed1i v\u1edbi b\u00e0 con \u1edf xa, c\u00f3 th\u1ec3 li\u00ean h\u1ec7 t\u1edbi s\u1ed1 \u0111i\u1ec7n tho\u1ea1i Hotline tr\u00ean website ho\u1eb7c \u0111\u1ec3 l\u1ea1i<\/p>\n","protected":false},"excerpt":{"rendered":"<p><span style=\"color: #0000ff\"><em><strong>&gt;&gt;&gt;&gt;KHUY\u1ebeN M\u00c3I: 5 M\u1eb6T S\u00c0NG + 20 DAO C\u1eaeT + 2 V\u1ece RU\u1ed8T<\/strong><\/em><\/span><\/p>\n<ul>\n<li><span style=\"color: #ed1c24\"><strong>N\u0103ng su\u1ea5t<\/strong><\/span>: <span style=\"color: #000000\">150 \u2013 200 kg\/gi\u1edd<\/span><\/li>\n<li><span style=\"color: #ed1c24\"><strong>C\u00f4ng su\u1ea5t \u0111\u1ed9ng c\u01a1 \u0111i\u1ec7n<\/strong><\/span>: <span style=\"color: #000000\">motor 22kw + 1 motor 0.75kw + 1 motor gi\u1ea3m t\u1ed1c 0.75kw<\/span><\/li>\n<li><span style=\"color: #ed1c24\"><strong>\u0110i\u1ec7n n\u0103ng<\/strong><\/span>:\u00a0 <span style=\"color: #000000\">380V (3pha)<\/span><\/li>\n<li><strong><span style=\"color: #ed1c24\">T\u00ednh n\u0103ng<\/span>:<\/strong>\u00a0<span style=\"color: #000000\">l\u00e0m ra vi\u00ean c\u00e1m n\u1ed5i cho c\u00e1; C\u00e1m ch\u00ecm cho t\u00f4m l\u01b0\u01a1n, \u1ebfch, l\u1ee3n, g\u00e0, chim,\u2026<\/span><\/li>\n<\/ul>\n","protected":false},"featured_media":10293,"comment_status":"closed","ping_status":"closed","template":"","meta":[],"product_brand":[],"product_cat":[42],"product_tag":[65,69,66,67,68],"class_list":{"0":"post-6466","1":"product","2":"type-product","3":"status-publish","4":"has-post-thumbnail","6":"product_cat-may-dun-vien","7":"product_tag-may-dun-vien-thuc-an-chan-nuoi","8":"product_tag-may-lam-cam-ca","9":"product_tag-may-lam-cam-ca-noi","10":"product_tag-may-lam-cam-chim","11":"product_tag-may-lam-cam-tom","13":"first","14":"instock","15":"shipping-taxable","16":"product-type-simple"},"_links":{"self":[{"href":"https:\/\/congtybinhminh.com\/index.php?rest_route=\/wp\/v2\/product\/6466","targetHints":{"allow":["GET"]}}],"collection":[{"href":"https:\/\/congtybinhminh.com\/index.php?rest_route=\/wp\/v2\/product"}],"about":[{"href":"https:\/\/congtybinhminh.com\/index.php?rest_route=\/wp\/v2\/types\/product"}],"replies":[{"embeddable":true,"href":"https:\/\/congtybinhminh.com\/index.php?rest_route=%2Fwp%2Fv2%2Fcomments&post=6466"}],"wp:featuredmedia":[{"embeddable":true,"href":"https:\/\/congtybinhminh.com\/index.php?rest_route=\/wp\/v2\/media\/10293"}],"wp:attachment":[{"href":"https:\/\/congtybinhminh.com\/index.php?rest_route=%2Fwp%2Fv2%2Fmedia&parent=6466"}],"wp:term":[{"taxonomy":"product_brand","embeddable":true,"href":"https:\/\/congtybinhminh.com\/index.php?rest_route=%2Fwp%2Fv2%2Fproduct_brand&post=6466"},{"taxonomy":"product_cat","embeddable":true,"href":"https:\/\/congtybinhminh.com\/index.php?rest_route=%2Fwp%2Fv2%2Fproduct_cat&post=6466"},{"taxonomy":"product_tag","embeddable":true,"href":"https:\/\/congtybinhminh.com\/index.php?rest_route=%2Fwp%2Fv2%2Fproduct_tag&post=6466"}],"curies":[{"name":"wp","href":"https:\/\/api.w.org\/{rel}","templated":true}]}}