{"id":6430,"date":"2021-01-14T07:54:37","date_gmt":"2021-01-14T00:54:37","guid":{"rendered":"https:\/\/congtybinhminh.com\/?post_type=product&#038;p=6430"},"modified":"2024-09-20T09:52:50","modified_gmt":"2024-09-20T02:52:50","slug":"may-bam-co-cong-nghiep-3t-mc-3t","status":"publish","type":"product","link":"https:\/\/congtybinhminh.com\/?product=may-bam-co-cong-nghiep-3t-mc-3t","title":{"rendered":"M\u00e1y b\u0103m c\u1ecf c\u00f4ng nghi\u1ec7p 3T"},"content":{"rendered":"<h2>Video ho\u1ea1t \u0111\u1ed9ng c\u1ee7a m\u00e1y<\/h2>\n<p><iframe loading=\"lazy\" title=\"M\u00e1y B\u0103m C\u1ecf B\u0103ng T\u1ea3i 3 T\u1ea5n Hi\u1ec7u Qu\u1ea3 Trong Ch\u0103n Nu\u00f4i Tr\u00e2u B\u00f2\" width=\"1020\" height=\"574\" src=\"https:\/\/www.youtube.com\/embed\/WxW0Ov5zp60?feature=oembed\" frameborder=\"0\" allow=\"accelerometer; autoplay; clipboard-write; encrypted-media; gyroscope; picture-in-picture; web-share\" referrerpolicy=\"strict-origin-when-cross-origin\" allowfullscreen><\/iframe><\/p>\n<h2>Gi\u1edbi thi\u1ec7u m\u00e1y b\u0103m c\u1ecf c\u00f4ng nghi\u1ec7p 3T<\/h2>\n<p><span style=\"color: #000000\">C\u00f4ng ty B\u00ecnh Minh \u0111\u01a1n v\u1ecb tr\u1ef1c ti\u1ebfp s\u1ea3n xu\u1ea5t c\u00e1c d\u00f2ng m\u00e1y b\u0103m c\u1ecf gia \u0111\u00ecnh v\u00e0 c\u00f4ng nghi\u1ec7p<\/span><\/p>\n<p><img loading=\"lazy\" decoding=\"async\" class=\"aligncenter wp-image-10103 size-full\" src=\"https:\/\/congtybinhminh.com\/wp-content\/uploads\/2021\/01\/may-bam-co-cong-nghiep-3t_result222-1.webp\" alt=\"may-bam-co-cong-nghiep-3t_result222\" width=\"800\" height=\"1078\" srcset=\"https:\/\/congtybinhminh.com\/wp-content\/uploads\/2021\/01\/may-bam-co-cong-nghiep-3t_result222-1.webp 800w, https:\/\/congtybinhminh.com\/wp-content\/uploads\/2021\/01\/may-bam-co-cong-nghiep-3t_result222-1-297x400.webp 297w, https:\/\/congtybinhminh.com\/wp-content\/uploads\/2021\/01\/may-bam-co-cong-nghiep-3t_result222-1-594x800.webp 594w, https:\/\/congtybinhminh.com\/wp-content\/uploads\/2021\/01\/may-bam-co-cong-nghiep-3t_result222-1-768x1035.webp 768w, https:\/\/congtybinhminh.com\/wp-content\/uploads\/2021\/01\/may-bam-co-cong-nghiep-3t_result222-1-510x687.webp 510w\" sizes=\"auto, (max-width: 800px) 100vw, 800px\" \/><\/p>\n<p>V\u1edbi h\u01a1n 30 n\u0103m kinh nghi\u1ec7m trong l\u0129nh v\u1ef1c c\u01a1 kh\u00ed, t\u1ef1 h\u00e0o l\u00e0 \u0111\u1ecba ch\u1ec9 uy t\u00edn s\u1ea3n xu\u1ea5t c\u00e1c d\u00f2ng m\u00e1y ch\u0103n nu\u00f4i ch\u1ea5t l\u01b0\u1ee3ng cho b\u00e0 con<\/p>\n<p>Mang l\u1ea1i gi\u1ea3i ph\u00e1p m\u1edbi cho b\u00e0 con ch\u0103n nu\u00f4i hi\u1ec7u qu\u1ea3, t\u0103ng n\u0103ng su\u1ea5t v\u00e0 m\u1edf r\u1ed9ng quy m\u00f4 ch\u0103n nu\u00f4i<\/p>\n<h2><span style=\"color: #000000\">C\u1ea5u t\u1ea1o m\u00e1y b\u0103m c\u1ecf c\u00f4ng nghi\u1ec7p 3T<\/span><\/h2>\n<p>Thu\u1ed9c d\u00f2ng m\u00e1y c\u00f4ng nghi\u1ec7p, v\u1edbi ph\u1ea7n khung m\u00e1y \u0111\u01b0\u1ee3c h\u00e0n g\u1eafn ch\u1eafc ch\u1eafn kh\u00f4ng g\u00e2y rung l\u1eafc trong qu\u00e1 tr\u00ecnh b\u0103m, an to\u00e0n cho ng\u01b0\u1eddi d\u00f9ng<\/p>\n<p><img loading=\"lazy\" decoding=\"async\" class=\"aligncenter wp-image-10104 size-full\" src=\"https:\/\/congtybinhminh.com\/wp-content\/uploads\/2021\/01\/cau-tao-may-bam-co-cong-nghiep-3t-binh-minh_result222.webp\" alt=\"cau-tao-may-bam-co-cong-nghiep-3t-binh-minh_result222\" width=\"800\" height=\"686\" srcset=\"https:\/\/congtybinhminh.com\/wp-content\/uploads\/2021\/01\/cau-tao-may-bam-co-cong-nghiep-3t-binh-minh_result222.webp 800w, https:\/\/congtybinhminh.com\/wp-content\/uploads\/2021\/01\/cau-tao-may-bam-co-cong-nghiep-3t-binh-minh_result222-466x400.webp 466w, https:\/\/congtybinhminh.com\/wp-content\/uploads\/2021\/01\/cau-tao-may-bam-co-cong-nghiep-3t-binh-minh_result222-768x659.webp 768w, https:\/\/congtybinhminh.com\/wp-content\/uploads\/2021\/01\/cau-tao-may-bam-co-cong-nghiep-3t-binh-minh_result222-510x437.webp 510w\" sizes=\"auto, (max-width: 800px) 100vw, 800px\" \/><\/p>\n<p>M\u00e1y b\u0103m c\u1ecf thi\u1ebft k\u1ebf b\u0103ng t\u1ea3i t\u1ef1 \u0111\u1ed9ng \u0111\u01b0a nguy\u00ean li\u1ec7u v\u00e0o bu\u1ed3ng b\u0103m m\u00e0 ng\u01b0\u1eddi d\u00f9ng kh\u00f4ng ph\u1ea3i d\u00f9ng tay \u0111\u01b0a tr\u1ef1c ti\u1ebfp nguy\u00ean li\u1ec7u v\u00e0o toa<\/p>\n<p><img loading=\"lazy\" decoding=\"async\" class=\"aligncenter wp-image-10106 size-full\" src=\"https:\/\/congtybinhminh.com\/wp-content\/uploads\/2021\/01\/may-bam-co-co-bang-tai_result222.webp\" alt=\"may-bam-co-co-bang-tai_result222\" width=\"800\" height=\"450\" srcset=\"https:\/\/congtybinhminh.com\/wp-content\/uploads\/2021\/01\/may-bam-co-co-bang-tai_result222.webp 800w, https:\/\/congtybinhminh.com\/wp-content\/uploads\/2021\/01\/may-bam-co-co-bang-tai_result222-711x400.webp 711w, https:\/\/congtybinhminh.com\/wp-content\/uploads\/2021\/01\/may-bam-co-co-bang-tai_result222-768x432.webp 768w, https:\/\/congtybinhminh.com\/wp-content\/uploads\/2021\/01\/may-bam-co-co-bang-tai_result222-510x287.webp 510w\" sizes=\"auto, (max-width: 800px) 100vw, 800px\" \/><\/p>\n<p>H\u1ec7 th\u1ed1ng bu\u1ed3ng l\u00e0m vi\u1ec7c g\u1ed3m 4 dao b\u0103m ch\u00ednh s\u1eafc b\u00e9n, c\u00f9ng 12 b\u00faa \u0111\u1eadp v\u00e0 c\u00e1c c\u00e1nh \u0111\u00e0 l\u1edbn b\u0103m nh\u1ecf \u0111\u1ebfn khi \u0111\u1ea1t ti\u00eau chu\u1ea9n r\u1ed3i nhanh ch\u00f3ng phun ra c\u1eeda x\u1ea3 tr\u00ean<\/p>\n<p><img loading=\"lazy\" decoding=\"async\" class=\"aligncenter wp-image-10105 size-full\" src=\"https:\/\/congtybinhminh.com\/wp-content\/uploads\/2021\/01\/dao-bam-co_result222.webp\" alt=\"dao-bam-co_result222\" width=\"800\" height=\"1218\" srcset=\"https:\/\/congtybinhminh.com\/wp-content\/uploads\/2021\/01\/dao-bam-co_result222.webp 800w, https:\/\/congtybinhminh.com\/wp-content\/uploads\/2021\/01\/dao-bam-co_result222-263x400.webp 263w, https:\/\/congtybinhminh.com\/wp-content\/uploads\/2021\/01\/dao-bam-co_result222-525x800.webp 525w, https:\/\/congtybinhminh.com\/wp-content\/uploads\/2021\/01\/dao-bam-co_result222-768x1169.webp 768w, https:\/\/congtybinhminh.com\/wp-content\/uploads\/2021\/01\/dao-bam-co_result222-510x776.webp 510w\" sizes=\"auto, (max-width: 800px) 100vw, 800px\" \/><\/p>\n<p>B\u1ed9 ph\u1eadn h\u1ed9p c\u1ea7n s\u1ed1 \u0111i\u1ec1u ch\u1ec9nh c\u1ea7n g\u1ea1t qu\u1ea3 l\u00f4 cu\u1ed1n \u0111\u1ec3 \u0111i\u1ec1u ch\u1ec9nh b\u0103m nhanh\/ch\u1eadm cho ra th\u00e0nh ph\u1ea9m b\u0103m to ho\u1eb7c nh\u1ecf. \u0110\u1ec3 \u0111i\u1ec1u ch\u1ec9nh c\u1ea7n g\u1ea1t c\u1ea7n t\u1eaft m\u00e1y \u0111\u1ee3i khi m\u00e1y d\u1eebng h\u1eb3n m\u1edbi chuy\u1ec3n s\u1ed1<\/p>\n<p><img loading=\"lazy\" decoding=\"async\" class=\"aligncenter wp-image-10107 size-full\" src=\"https:\/\/congtybinhminh.com\/wp-content\/uploads\/2021\/01\/hop-so-dieu-chinh-bang-tao_result222.webp\" alt=\"hop-so-dieu-chinh-bang-tao_result222\" width=\"800\" height=\"512\" srcset=\"https:\/\/congtybinhminh.com\/wp-content\/uploads\/2021\/01\/hop-so-dieu-chinh-bang-tao_result222.webp 800w, https:\/\/congtybinhminh.com\/wp-content\/uploads\/2021\/01\/hop-so-dieu-chinh-bang-tao_result222-625x400.webp 625w, https:\/\/congtybinhminh.com\/wp-content\/uploads\/2021\/01\/hop-so-dieu-chinh-bang-tao_result222-768x492.webp 768w, https:\/\/congtybinhminh.com\/wp-content\/uploads\/2021\/01\/hop-so-dieu-chinh-bang-tao_result222-510x326.webp 510w\" sizes=\"auto, (max-width: 800px) 100vw, 800px\" \/><\/p>\n<p>Th\u00e0nh ph\u1ea9m sau khi b\u0103m \u0111\u01b0\u1ee3c \u0111\u01b0a l\u00ean c\u1eeda x\u1ea3 cao, t\u1ea1o \u0111\u1ed9 ph\u1ee5n xa t\u1eeb 1 &#8211; 3m. Thu\u1eadn ti\u1ec7n vi\u1ec7c thu gom c\u00f3 th\u1ec3 x\u1ea3 tr\u1ef1c ti\u1ebfp v\u00e0o xe ho\u1eb7c th\u00f9ng ch\u1ee9a l\u1edbn<\/p>\n<p><img loading=\"lazy\" decoding=\"async\" class=\"aligncenter wp-image-10108 size-full\" src=\"https:\/\/congtybinhminh.com\/wp-content\/uploads\/2021\/01\/may-bam-co-cho-bo-an_result222.webp\" alt=\"may-bam-co-cho-bo-an_result222\" width=\"800\" height=\"600\" srcset=\"https:\/\/congtybinhminh.com\/wp-content\/uploads\/2021\/01\/may-bam-co-cho-bo-an_result222.webp 800w, https:\/\/congtybinhminh.com\/wp-content\/uploads\/2021\/01\/may-bam-co-cho-bo-an_result222-533x400.webp 533w, https:\/\/congtybinhminh.com\/wp-content\/uploads\/2021\/01\/may-bam-co-cho-bo-an_result222-768x576.webp 768w, https:\/\/congtybinhminh.com\/wp-content\/uploads\/2021\/01\/may-bam-co-cho-bo-an_result222-510x383.webp 510w\" sizes=\"auto, (max-width: 800px) 100vw, 800px\" \/><\/p>\n<p>M\u00e1y b\u0103m c\u1ecf 3 pha s\u1eed d\u1ee5ng \u0111\u1ed9ng c\u01a1 5,5kw \u0111\u1ed9ng c\u01a1 l\u00f5i d\u00e2y \u0111\u1ed3ng 100% t\u1ed1c \u0111\u1ed9 quay 1450 v\u00f2ng\/ph\u00fat cho n\u0103ng su\u1ea5t \u0111\u1ea1t 2 &#8211; 2,5 t\u1ea5n\/gi\u1edd<\/p>\n<p><img loading=\"lazy\" decoding=\"async\" class=\"aligncenter wp-image-10109 size-full\" src=\"https:\/\/congtybinhminh.com\/wp-content\/uploads\/2021\/01\/bam-co_result222.webp\" alt=\"bam-co_result222\" width=\"800\" height=\"552\" srcset=\"https:\/\/congtybinhminh.com\/wp-content\/uploads\/2021\/01\/bam-co_result222.webp 800w, https:\/\/congtybinhminh.com\/wp-content\/uploads\/2021\/01\/bam-co_result222-580x400.webp 580w, https:\/\/congtybinhminh.com\/wp-content\/uploads\/2021\/01\/bam-co_result222-768x530.webp 768w, https:\/\/congtybinhminh.com\/wp-content\/uploads\/2021\/01\/bam-co_result222-510x352.webp 510w\" sizes=\"auto, (max-width: 800px) 100vw, 800px\" \/><\/p>\n<p>Ngo\u00e0i ra, \u0111\u1ed1i v\u1edbi nh\u1eefng h\u1ed9 \u0111i\u1ec7n y\u1ebfu, \u0111i\u1ec7n kh\u00f4ng \u0111\u1ee7 t\u1ea3i c\u00f3 th\u1ec3 d\u00f9ng \u0111\u1ea7u n\u1ed5 \u0111\u1ec3 ch\u1ea1y m\u00e1y m\u00e0 v\u1eabn \u0111\u1ea3m b\u1ea3o n\u0103ng su\u1ea5t<\/p>\n<h2><span style=\"color: #000000\">M\u00e1y b\u0103m c\u1ecf c\u00f4ng nghi\u1ec7p 3T mang t\u1edbi nh\u1eefng gi\u1ea3i ph\u00e1p g\u00ec cho b\u1ea1n ?\u00a0<\/span><\/h2>\n<p>Qu\u00e1 tr\u00ecnh b\u0103m t\u1ef1 \u0111\u1ed9ng, vi\u1ec7c s\u1eed d\u1ee5ng m\u00e1y b\u0103m c\u1ecf mang t\u1edbi gi\u1ea3i ph\u00e1p m\u1edbi cho b\u00e0 con:<\/p>\n<p><img loading=\"lazy\" decoding=\"async\" class=\"aligncenter wp-image-10110 size-full\" src=\"https:\/\/congtybinhminh.com\/wp-content\/uploads\/2021\/01\/may-bam-co-cong-nghiep-lap-dau-no_result222.webp\" alt=\"may-bam-co-cong-nghiep-lap-dau-no_result222\" width=\"800\" height=\"525\" srcset=\"https:\/\/congtybinhminh.com\/wp-content\/uploads\/2021\/01\/may-bam-co-cong-nghiep-lap-dau-no_result222.webp 800w, https:\/\/congtybinhminh.com\/wp-content\/uploads\/2021\/01\/may-bam-co-cong-nghiep-lap-dau-no_result222-610x400.webp 610w, https:\/\/congtybinhminh.com\/wp-content\/uploads\/2021\/01\/may-bam-co-cong-nghiep-lap-dau-no_result222-768x504.webp 768w, https:\/\/congtybinhminh.com\/wp-content\/uploads\/2021\/01\/may-bam-co-cong-nghiep-lap-dau-no_result222-510x335.webp 510w\" sizes=\"auto, (max-width: 800px) 100vw, 800px\" \/><\/p>\n<ul>\n<li>R\u00fat ng\u1eafn th\u1eddi gian, ti\u1ebft ki\u1ec7m chi ph\u00ed nh\u00e2n c\u00f4ng<\/li>\n<li>C\u1ecf b\u0103m k\u00edch th\u01b0\u1edbc \u0111\u1ed3ng \u0111\u1ec1u d\u00e0i kho\u1ea3ng 1 &#8211; 3 cm v\u1eadt nu\u00f4i th\u00edch \u0103n, \u0103n \u0111\u01b0\u1ee3c nhi\u1ec1u h\u01a1n v\u00e0 d\u1ec5 ti\u00eau h\u00f3a<\/li>\n<li>Th\u00e0nh ph\u1ea9m sau khi b\u0103m c\u00f3 th\u1ec3 cho v\u1eadt nu\u00f4i d\u00f9ng ngay ho\u1eb7c \u1ee7 chua ho\u1eb7c tr\u1ed9n b\u1ed9t c\u00e1m cho v\u00e0o m\u00e1y \u00e9p t\u1ea1o th\u00e0nh vi\u00ean d\u00f9ng d\u1ea7n<\/li>\n<\/ul>\n<h2>\u0110\u1ecba ch\u1ec9 mua m\u00e1y b\u0103m c\u1ecf gi\u00e1 g\u1ed1c t\u1ea1i x\u01b0\u1edfng<\/h2>\n<p>\u0110\u1ec3 \u0111\u1eb7t mua h\u00e0ng ch\u00ednh h\u00e3ng, b\u00e0 con c\u00f3 th\u1ec3 \u0111\u1ebfn tr\u1ee5 s\u1edf g\u1ea7n nh\u1ea5t c\u1ee7a c\u00f4ng ty \u0111\u1ec3 xem v\u00e0 \u0111\u1eb7t mua h\u00e0ng:<\/p>\n<ul>\n<li>Tr\u1ee5 s\u1edf ch\u00ednh: p.L\u00ea L\u1ee3i &#8211; Tx S\u01a1n T\u00e2y &#8211; H\u00e0 N\u1ed9i<\/li>\n<li>Chi nh\u00e1nh mi\u1ec1n Nam : x\u00e3 T\u00e2n Ki\u00ean &#8211; H. B\u00ecnh Ch\u00e1nh &#8211; Tp H\u1ed3 Ch\u00ed Minh<\/li>\n<\/ul>\n<p><img loading=\"lazy\" decoding=\"async\" class=\"aligncenter wp-image-9596 size-full\" src=\"https:\/\/congtybinhminh.com\/wp-content\/uploads\/2024\/04\/dia-chi-mua-may-bam-co_result222.webp\" alt=\"dia-chi-mua-may-bam-co_result222\" width=\"800\" height=\"1021\" srcset=\"https:\/\/congtybinhminh.com\/wp-content\/uploads\/2024\/04\/dia-chi-mua-may-bam-co_result222.webp 800w, https:\/\/congtybinhminh.com\/wp-content\/uploads\/2024\/04\/dia-chi-mua-may-bam-co_result222-313x400.webp 313w, https:\/\/congtybinhminh.com\/wp-content\/uploads\/2024\/04\/dia-chi-mua-may-bam-co_result222-627x800.webp 627w, https:\/\/congtybinhminh.com\/wp-content\/uploads\/2024\/04\/dia-chi-mua-may-bam-co_result222-768x980.webp 768w, https:\/\/congtybinhminh.com\/wp-content\/uploads\/2024\/04\/dia-chi-mua-may-bam-co_result222-510x651.webp 510w\" sizes=\"auto, (max-width: 800px) 100vw, 800px\" \/><\/p>\n<p>Khi \u0111\u1ebfn \u0111\u00e2y, b\u00e0 con s\u1ebd \u0111\u01b0\u1ee3c th\u1eed nghi\u1ec7m v\u1eadn h\u00e0nh m\u00e1y d\u01b0\u1edbi s\u1ef1 h\u01b0\u1edbng d\u1eabn c\u1ee7a \u0111\u1ed9i ng\u0169 k\u1ef9 thu\u1eadt<\/p>\n<p>\u0110\u1ed1i v\u1edbi b\u00e0 con \u1edf xa, c\u00f3 th\u1ec3 li\u00ean h\u1ec7 t\u1edbi s\u1ed1 \u0111i\u1ec7n tho\u1ea1i tr\u00ean website ho\u1eb7c \u0111\u1ec3 l\u1ea1i l\u1eddi nh\u1eafn \u0111\u1ed9i ng\u0169 t\u01b0 v\u1ea5n s\u1ebd li\u00ean h\u1ec7 b\u00e0 con trong th\u1eddi gian s\u1edbm nh\u1ea5t<\/p>\n<p><strong><span style=\"color: #000000\">Th\u00f4ng s\u1ed1 k\u1ef9 thu\u1eadt<\/span><\/strong><\/p>\n<table>\n<tbody>\n<tr>\n<td rowspan=\"3\" width=\"245\">\u0110\u1ed9ng c\u01a1<\/td>\n<td width=\"211\">C\u00f4ng su\u1ea5t \u0111\u1ed9ng c\u01a1<\/td>\n<td width=\"210\">5.5KW<\/td>\n<\/tr>\n<tr>\n<td width=\"211\">Ngu\u1ed3n \u0111i\u1ec7n<\/td>\n<td width=\"210\">380(V)<\/td>\n<\/tr>\n<tr>\n<td width=\"211\">T\u1ed1c \u0111\u1ed9<\/td>\n<td width=\"210\">1450 ( v\/p)<\/td>\n<\/tr>\n<tr>\n<td rowspan=\"2\" width=\"245\">Tr\u1ecdng l\u01b0\u1ee3ng m\u00e1y<\/td>\n<td width=\"211\">Nguy\u00ean b\u1ed9<\/td>\n<td width=\"210\">\u00a0348 (kg)<\/td>\n<\/tr>\n<tr>\n<td width=\"211\">Kh\u00f4ng \u0111\u1ed9ng \u00a0c\u01a1<\/td>\n<td width=\"210\">282 (kg)<\/td>\n<\/tr>\n<tr>\n<td rowspan=\"2\" width=\"245\">B\u1ea3o h\u00e0nh<\/td>\n<td width=\"211\">K\u1ef9 thu\u1eadt<\/td>\n<td width=\"210\">06 th\u00e1ng<\/td>\n<\/tr>\n<tr>\n<td width=\"211\">\u0110\u1ed9ng c\u01a1<\/td>\n<td width=\"210\">Theo t\u1eebng h\u00e3ng s\u1ea3n xu\u1ea5t<\/td>\n<\/tr>\n<tr>\n<td width=\"245\">N\u0103ng su\u1ea5t<\/td>\n<td colspan=\"2\" width=\"421\">2 \u2013 2,5 t\u1ea5n \/h<\/td>\n<\/tr>\n<tr>\n<td width=\"245\">K\u00edch th\u01b0\u1edbc\u00a0 ( D * C * R )<\/td>\n<td colspan=\"2\" width=\"421\">177cm*245cm* 138cm<\/td>\n<\/tr>\n<tr>\n<td width=\"245\">H\u00ecnh th\u1ee9c thanh to\u00e1n<\/td>\n<td colspan=\"2\" width=\"421\"><b><i>\u00a0Ti\u1ec1n m\u1eb7t ho\u1eb7c chuy\u1ec3n kho\u1ea3n<\/i><\/b><\/td>\n<\/tr>\n<\/tbody>\n<\/table>\n<p>&nbsp;<\/p>\n<p>&nbsp;<\/p>\n","protected":false},"excerpt":{"rendered":"<ul>\n<li><strong>H\u00e3ng s\u1ea3n xu\u1ea5t:<\/strong>\u00a0B\u00ecnh Minh<\/li>\n<li><strong>\u0110\u1ed9ng c\u01a1:<\/strong>\u00a05.5KW<\/li>\n<li><strong>\u0110i\u1ec7n n\u0103ng<\/strong>: 380V<\/li>\n<li><strong>N\u0103ng su\u1ea5t :<\/strong>\u00a02 \u2013 2,5 t\u1ea5n\/gi\u1edd<\/li>\n<li><strong>K\u00edch th\u01b0\u1edbc (D*C*R)<\/strong>: 177cm*245cm* 138cm<\/li>\n<li><strong>T\u00ednh n\u0103ng:<\/strong>\u00a0M\u00e1y b\u0103m nh\u1ecf c\u00e1c lo\u1ea1i nguy\u00ean li\u1ec7u nh\u01b0 c\u1ecf voi, th\u00e2n c\u00e2y ng\u00f4, c\u1ecf x\u1ea3, ng\u1ecdn m\u00eda, c\u00e2y c\u00e0 gai,\u2026 ph\u1ee5c v\u1ee5 cho ng\u00e0nh ch\u0103n nu\u00f4i.<\/li>\n<\/ul>\n","protected":false},"featured_media":10097,"comment_status":"closed","ping_status":"closed","template":"","meta":[],"product_brand":[],"product_cat":[40],"product_tag":[],"class_list":{"0":"post-6430","1":"product","2":"type-product","3":"status-publish","4":"has-post-thumbnail","6":"product_cat-may-bam-co","8":"first","9":"instock","10":"shipping-taxable","11":"product-type-simple"},"_links":{"self":[{"href":"https:\/\/congtybinhminh.com\/index.php?rest_route=\/wp\/v2\/product\/6430","targetHints":{"allow":["GET"]}}],"collection":[{"href":"https:\/\/congtybinhminh.com\/index.php?rest_route=\/wp\/v2\/product"}],"about":[{"href":"https:\/\/congtybinhminh.com\/index.php?rest_route=\/wp\/v2\/types\/product"}],"replies":[{"embeddable":true,"href":"https:\/\/congtybinhminh.com\/index.php?rest_route=%2Fwp%2Fv2%2Fcomments&post=6430"}],"wp:featuredmedia":[{"embeddable":true,"href":"https:\/\/congtybinhminh.com\/index.php?rest_route=\/wp\/v2\/media\/10097"}],"wp:attachment":[{"href":"https:\/\/congtybinhminh.com\/index.php?rest_route=%2Fwp%2Fv2%2Fmedia&parent=6430"}],"wp:term":[{"taxonomy":"product_brand","embeddable":true,"href":"https:\/\/congtybinhminh.com\/index.php?rest_route=%2Fwp%2Fv2%2Fproduct_brand&post=6430"},{"taxonomy":"product_cat","embeddable":true,"href":"https:\/\/congtybinhminh.com\/index.php?rest_route=%2Fwp%2Fv2%2Fproduct_cat&post=6430"},{"taxonomy":"product_tag","embeddable":true,"href":"https:\/\/congtybinhminh.com\/index.php?rest_route=%2Fwp%2Fv2%2Fproduct_tag&post=6430"}],"curies":[{"name":"wp","href":"https:\/\/api.w.org\/{rel}","templated":true}]}}