{"id":6416,"date":"2020-11-22T15:25:28","date_gmt":"2020-11-22T08:25:28","guid":{"rendered":"https:\/\/congtybinhminh.com\/?post_type=product&#038;p=6416"},"modified":"2024-03-14T13:13:40","modified_gmt":"2024-03-14T06:13:40","slug":"may-bam-co-cong-nghiep-2t","status":"publish","type":"product","link":"https:\/\/congtybinhminh.com\/?product=may-bam-co-cong-nghiep-2t","title":{"rendered":"M\u00e1y b\u0103m c\u1ecf c\u00f4ng nghi\u1ec7p 2T"},"content":{"rendered":"<h2><strong>Video ho\u1ea1t \u0111\u1ed9ng c\u1ee7a m\u00e1y<\/strong><\/h2>\n<p><iframe loading=\"lazy\" title=\"C\u00f4ng Ty B\u00ecnh Minh M\u00e1y B\u0103m C\u1ecf 2T C\u00f3 G\u00ec Kh\u00e1c Bi\u1ec7t V\u1eady?\" width=\"1020\" height=\"574\" src=\"https:\/\/www.youtube.com\/embed\/2zcxUFROjek?feature=oembed\" frameborder=\"0\" allow=\"accelerometer; autoplay; clipboard-write; encrypted-media; gyroscope; picture-in-picture; web-share\" allowfullscreen><\/iframe><\/p>\n<h2><strong>Gi\u1edbi thi\u1ec7u m\u00e1y b\u0103m c\u1ecf c\u00f4ng nghi\u1ec7p 2T\u00a0<\/strong><\/h2>\n<p><span style=\"color: #000000\">M\u00e1y b\u0103m c\u1ecf c\u00f4ng nghi\u1ec7p 2T l\u00e0 1 trong nh\u1eefng d\u00f2ng m\u00e1y b\u0103m c\u1ecf m\u1edbi nh\u1ea5t \u0111\u01b0\u1ee3c c\u00f4ng ty B\u00ecnh Minh nghi\u00ean c\u1ee9u v\u00e0 cho ra \u0111\u1eddi. M\u00e1y c\u00f3 th\u1ec3 b\u0103m nhanh ch\u00f3ng c\u1ecf voi, th\u00e2n ng\u00f4,ng\u1ecdn m\u00eda, \u2026l\u00e0m th\u1ee9c \u0103n xanh d\u00e0nh cho c\u00e1c v\u1eadt nu\u00f4i nh\u01b0 tr\u00e2u, b\u00f2, d\u00ea, ng\u1ef1a,&#8230;<\/span><\/p>\n<p><img loading=\"lazy\" decoding=\"async\" class=\"aligncenter wp-image-9468 size-full\" src=\"https:\/\/congtybinhminh.com\/wp-content\/uploads\/2020\/11\/bam-co-cho-bo_result222.webp\" alt=\"bam-co-cho-bo_result222\" width=\"800\" height=\"600\" srcset=\"https:\/\/congtybinhminh.com\/wp-content\/uploads\/2020\/11\/bam-co-cho-bo_result222.webp 800w, https:\/\/congtybinhminh.com\/wp-content\/uploads\/2020\/11\/bam-co-cho-bo_result222-533x400.webp 533w, https:\/\/congtybinhminh.com\/wp-content\/uploads\/2020\/11\/bam-co-cho-bo_result222-768x576.webp 768w, https:\/\/congtybinhminh.com\/wp-content\/uploads\/2020\/11\/bam-co-cho-bo_result222-510x383.webp 510w\" sizes=\"auto, (max-width: 800px) 100vw, 800px\" \/><\/p>\n<h2><strong><span style=\"color: #000000\">C\u1ea5u t\u1ea1o c\u1ee7a m\u00e1y b\u0103m c\u1ecf c\u00f4ng nghi\u1ec7p 2T<\/span><\/strong><\/h2>\n<p><span style=\"color: #000000\">M\u00e1y \u0111\u01b0\u1ee3c thi\u1ebft k\u1ebf hi\u1ec7n \u0111\u1ea1i v\u00e0 t\u1ef1 \u0111\u1ed9ng nh\u1edd h\u1ec7 th\u1ed1ng b\u0103ng truy\u1ec1n t\u1ea3i nguy\u00ean li\u1ec7u c\u00f9ng h\u1ec7 th\u1ed1ng qu\u1ea3 l\u00f4 k\u1eb9p k\u00e9o kh\u1ecfe kho\u1eafn. Ch\u1ec9 c\u1ea7n \u0111\u1eb7t nguy\u00ean li\u1ec7u l\u00ean h\u1ec7 th\u1ed1ng b\u0103ng truy\u1ec1n, nguy\u00ean li\u1ec7u s\u1ebd \u0111\u01b0\u1ee3c qu\u1ea3 l\u00f4 k\u1eb9p k\u00e9o t\u1ef1 \u0111\u1ed9ng \u0111i v\u00e0o bu\u1ed3ng b\u0103m.<\/span><\/p>\n<p><img loading=\"lazy\" decoding=\"async\" class=\"aligncenter wp-image-9469 size-full\" src=\"https:\/\/congtybinhminh.com\/wp-content\/uploads\/2020\/11\/cau-tao-may-bam-co-cong-nghiep-2t_result222.webp\" alt=\"cau-tao-may-bam-co-cong-nghiep-2t_result222\" width=\"800\" height=\"621\" srcset=\"https:\/\/congtybinhminh.com\/wp-content\/uploads\/2020\/11\/cau-tao-may-bam-co-cong-nghiep-2t_result222.webp 800w, https:\/\/congtybinhminh.com\/wp-content\/uploads\/2020\/11\/cau-tao-may-bam-co-cong-nghiep-2t_result222-515x400.webp 515w, https:\/\/congtybinhminh.com\/wp-content\/uploads\/2020\/11\/cau-tao-may-bam-co-cong-nghiep-2t_result222-768x596.webp 768w, https:\/\/congtybinhminh.com\/wp-content\/uploads\/2020\/11\/cau-tao-may-bam-co-cong-nghiep-2t_result222-510x396.webp 510w\" sizes=\"auto, (max-width: 800px) 100vw, 800px\" \/><\/p>\n<p><span style=\"color: #000000\">M\u00e1y c\u00f3 4 b\u00e1nh xe gi\u00fap di chuy\u1ec3n m\u00e1y \u0111\u1ebfn nhi\u1ec1u n\u01a1i d\u1ec5 d\u00e0ng<\/span><\/p>\n<p><span style=\"color: #000000\">Khoang b\u0103m \u00a0bao g\u1ed3m 4 dao b\u0103m ch\u00ednh s\u1eafc b\u00e9n d\u00e0y 7 ph\u00e2n, v\u00e0 c\u00e1c c\u00e1nh \u0111\u00e0 l\u1edbn, \u0111\u1ea9y th\u00e0nh ph\u1ea9m nhanh ch\u00f3ng phun ra c\u1eeda x\u1ea3 tr\u00ean, duy tr\u00ec qu\u00e1 tr\u00ecnh l\u00e0m vi\u1ec7c l\u00e2u d\u00e0i nh\u1edd b\u1ed9 h\u1ed9p s\u1ed1 t\u1ef1 \u0111\u1ed9ng<\/span><\/p>\n<p><img loading=\"lazy\" decoding=\"async\" class=\"aligncenter wp-image-9471 size-full\" src=\"https:\/\/congtybinhminh.com\/wp-content\/uploads\/2020\/11\/dao-bam-co-cong-nghiep-2t_result222.webp\" alt=\"dao-bam-co-cong-nghiep-2t_result222\" width=\"800\" height=\"820\" srcset=\"https:\/\/congtybinhminh.com\/wp-content\/uploads\/2020\/11\/dao-bam-co-cong-nghiep-2t_result222.webp 800w, https:\/\/congtybinhminh.com\/wp-content\/uploads\/2020\/11\/dao-bam-co-cong-nghiep-2t_result222-390x400.webp 390w, https:\/\/congtybinhminh.com\/wp-content\/uploads\/2020\/11\/dao-bam-co-cong-nghiep-2t_result222-780x800.webp 780w, https:\/\/congtybinhminh.com\/wp-content\/uploads\/2020\/11\/dao-bam-co-cong-nghiep-2t_result222-768x787.webp 768w, https:\/\/congtybinhminh.com\/wp-content\/uploads\/2020\/11\/dao-bam-co-cong-nghiep-2t_result222-510x523.webp 510w\" sizes=\"auto, (max-width: 800px) 100vw, 800px\" \/><\/p>\n<p><span style=\"color: #000000\">Th\u00e0nh ph\u1ea9m ra s\u1ebd c\u00f3 k\u00edch th\u01b0\u1edbc t\u1eeb 1 \u2013 3cm, gia s\u00fac c\u00f3 th\u1ec3 d\u1ec5 \u0103n, v\u00e0 qu\u00e1 tr\u00ecnh \u1ee7 ph\u00e2n xanh, ph\u00e2n h\u1eefu c\u01a1 s\u1ebd d\u1ec5 d\u00e0ng h\u01a1n r\u1ea5t nhi\u1ec1u.<\/span><\/p>\n<p><span style=\"color: #000000\">Ngo\u00e0i b\u0103m c\u00e1c lo\u1ea1i c\u1ecf th\u00e2n m\u1ec1m, m\u00e1y c\u00f2n c\u00f3 th\u1ec3 b\u0103m c\u00e2y c\u00e0 leo t\u01b0\u01a1i \u0111\u1ec3 ch\u1ebf bi\u1ebfn thu\u1ed1c.<\/span><\/p>\n<h2><strong><span style=\"color: #000000\">\u01afu \u0111i\u1ec3m c\u1ee7a m\u00e1y b\u0103m c\u1ecf c\u00f4ng nghi\u1ec7p 2T<\/span><\/strong><\/h2>\n<p><span style=\"color: #000000\">N\u0103ng su\u1ea5t c\u1ef1c k\u1ef3 \u1ea5n t\u01b0\u1ee3ng l\u00ean \u0111\u1ebfn 1,5 \u0111\u1ebfn 2 T\u1ea5n\/ Gi\u1edd (Th\u1eed nghi\u1ec7m t\u1ea1i x\u01b0\u1edfng s\u1ea3n xu\u1ea5t b\u0103m 20kg b\u0103m trong v\u00f2ng 40 gi\u00e2y)<\/span><\/p>\n<p><img loading=\"lazy\" decoding=\"async\" class=\"aligncenter wp-image-9472 size-full\" src=\"https:\/\/congtybinhminh.com\/wp-content\/uploads\/2020\/11\/may-bam-co-voi_result222.webp\" alt=\"may-bam-co-voi_result222\" width=\"800\" height=\"600\" srcset=\"https:\/\/congtybinhminh.com\/wp-content\/uploads\/2020\/11\/may-bam-co-voi_result222.webp 800w, https:\/\/congtybinhminh.com\/wp-content\/uploads\/2020\/11\/may-bam-co-voi_result222-533x400.webp 533w, https:\/\/congtybinhminh.com\/wp-content\/uploads\/2020\/11\/may-bam-co-voi_result222-768x576.webp 768w, https:\/\/congtybinhminh.com\/wp-content\/uploads\/2020\/11\/may-bam-co-voi_result222-510x383.webp 510w\" sizes=\"auto, (max-width: 800px) 100vw, 800px\" \/><\/p>\n<p><span style=\"color: #000000\">M\u00e1y b\u0103m c\u1ecf 2T\u00a0 c\u00f3 th\u1ec3 b\u0103m \u0111a d\u1ea1ng nguy\u00ean li\u1ec7u t\u1eeb c\u1ecf voi, th\u00e2n c\u00e2y ng\u00f4, ng\u1ecdn m\u00eda, \u2026l\u00e0m th\u1ee9c \u0103n xanh d\u00e0nh cho c\u00e1c v\u1eadt nu\u00f4i nh\u01b0 tr\u00e2u, b\u00f2, d\u00ea, ng\u1ef1a,..<\/span><\/p>\n<p><img loading=\"lazy\" decoding=\"async\" class=\"aligncenter wp-image-9474 size-full\" src=\"https:\/\/congtybinhminh.com\/wp-content\/uploads\/2020\/11\/bam-co_result222.webp\" alt=\"bam-co_result222\" width=\"800\" height=\"800\" srcset=\"https:\/\/congtybinhminh.com\/wp-content\/uploads\/2020\/11\/bam-co_result222.webp 800w, https:\/\/congtybinhminh.com\/wp-content\/uploads\/2020\/11\/bam-co_result222-400x400.webp 400w, https:\/\/congtybinhminh.com\/wp-content\/uploads\/2020\/11\/bam-co_result222-280x280.webp 280w, https:\/\/congtybinhminh.com\/wp-content\/uploads\/2020\/11\/bam-co_result222-768x768.webp 768w, https:\/\/congtybinhminh.com\/wp-content\/uploads\/2020\/11\/bam-co_result222-247x247.webp 247w, https:\/\/congtybinhminh.com\/wp-content\/uploads\/2020\/11\/bam-co_result222-510x510.webp 510w, https:\/\/congtybinhminh.com\/wp-content\/uploads\/2020\/11\/bam-co_result222-100x100.webp 100w\" sizes=\"auto, (max-width: 800px) 100vw, 800px\" \/><\/p>\n<p><span style=\"color: #000000\">M\u00e1y s\u1eed d\u1ee5ng \u0111\u1ed9ng c\u01a1 4kw \u2013 3pha, ngo\u00e0i ra c\u00e1c h\u1ed9 ch\u0103n nu\u00f4i kh\u00f4ng l\u1eafp \u0111\u1eb7t \u0111\u01b0\u1ee3c ngu\u1ed3n \u0111i\u1ec7n 3 pha th\u00ec c\u00f3\u00a0th\u1ec3 ch\u1ea1y d\u1ec5\u00a0d\u00e0ng v\u1edbi \u0111\u1ea7u n\u1ed5 \u0111\u1ec3 b\u0103m th\u1eb3ng tr\u1ef1c ti\u1ebfp ngo\u00e0i \u0111\u1ed3ng c\u1ecf.<\/span><\/p>\n<p><img loading=\"lazy\" decoding=\"async\" class=\"aligncenter wp-image-9473 size-full\" src=\"https:\/\/congtybinhminh.com\/wp-content\/uploads\/2020\/11\/may-bam-co-lap-dau-no_result222.webp\" alt=\"may-bam-co-lap-dau-no_result222\" width=\"800\" height=\"525\" srcset=\"https:\/\/congtybinhminh.com\/wp-content\/uploads\/2020\/11\/may-bam-co-lap-dau-no_result222.webp 800w, https:\/\/congtybinhminh.com\/wp-content\/uploads\/2020\/11\/may-bam-co-lap-dau-no_result222-610x400.webp 610w, https:\/\/congtybinhminh.com\/wp-content\/uploads\/2020\/11\/may-bam-co-lap-dau-no_result222-768x504.webp 768w, https:\/\/congtybinhminh.com\/wp-content\/uploads\/2020\/11\/may-bam-co-lap-dau-no_result222-510x335.webp 510w\" sizes=\"auto, (max-width: 800px) 100vw, 800px\" \/><\/p>\n<p><span style=\"color: #000000\">M\u00e1y c\u00f3 h\u1ec7 th\u1ed1ng b\u0103ng t\u1ea3i gi\u00fap \u0111\u01b0a nguy\u00ean li\u1ec7u v\u00e0o bu\u1ed3ng b\u0103m d\u1ec5 d\u00e0ng m\u00e0 kh\u00f4ng m\u1ea5t nhi\u1ec1u th\u1eddi gian v\u00e0 c\u00f4ng s\u1ee9c<\/span><\/p>\n<h2><span id=\"Cam_ket_ve_gia_va_Chinh_sach_bao_hanh\" class=\"ez-toc-section\" style=\"color: #000000\"><strong>Cam k\u1ebft v\u1ec1 gi\u00e1 v\u00e0 Ch\u00ednh s\u00e1ch b\u1ea3o h\u00e0nh<\/strong><\/span><\/h2>\n<p><span style=\"color: #000000\">M\u00e1y do c\u00f4ng ty tr\u1ef1c ti\u1ebfp ch\u1ebf t\u1ea1o v\u00e0 s\u1ea3n xu\u1ea5t t\u1ea1i x\u01b0\u1edfng, kh\u00f4ng qua trung gian, \u0111\u1ea3m b\u1ea3o gi\u00e1 r\u1ebb nh\u1ea5t, ch\u1ea5t l\u01b0\u1ee3ng t\u1ed1t nh\u1ea5t, b\u1ea3o h\u00e0nh thu\u1eadn ti\u1ec7n nh\u1ea5t.<\/span><\/p>\n<p><span style=\"color: #000000\">\u0110\u1ed9i ng\u0169 k\u1ef9 thu\u1eadt c\u00f3 tr\u00ecnh \u0111\u1ed9 chuy\u00ean m\u00f4n cao, s\u1eb5n s\u00e0ng h\u1ed7 tr\u1ee3 k\u1ef9 thu\u1eadt t\u1eadn t\u00ecnh v\u00e0 tr\u1ecdn \u0111\u1eddi.<\/span><\/p>\n<p><span style=\"color: #000000\">B\u1ea3o h\u00e0nh t\u1ea1i c\u00f4ng ty 6 th\u00e1ng cho tr\u01b0\u1eddng h\u1ee3p m\u00e1y l\u1ed7i k\u1ef9 thu\u1eadt do c\u00f4ng ty s\u1ea3n xu\u1ea5t. H\u1ebft th\u1eddi gian n\u00e0y t\u01b0 v\u1ea5n k\u1ef9 thu\u1eadt tr\u1ecdn \u0111\u1eddi s\u1ea3n ph\u1ea9m.\u00a0<\/span><\/p>\n<p><span style=\"color: #000000\"><strong>Th\u00f4ng s\u1ed1 k\u1ef9 thu\u1eadt<\/strong><\/span><\/p>\n<table style=\"font-weight: 400\">\n<tbody>\n<tr>\n<td rowspan=\"3\" width=\"245\">\u0110\u1ed9ng c\u01a1<\/td>\n<td width=\"211\">C\u00f4ng su\u1ea5t \u0111\u1ed9ng c\u01a1<\/td>\n<td width=\"210\">4kw<\/td>\n<\/tr>\n<tr>\n<td width=\"211\">Ngu\u1ed3n \u0111i\u1ec7n<\/td>\n<td width=\"210\">380(V)<\/td>\n<\/tr>\n<tr>\n<td width=\"211\">T\u1ed1c \u0111\u1ed9<\/td>\n<td width=\"210\">1450 ( v\/p)<\/td>\n<\/tr>\n<tr>\n<td rowspan=\"2\" width=\"245\">Tr\u1ecdng l\u01b0\u1ee3ng m\u00e1y<\/td>\n<td width=\"211\">Nguy\u00ean b\u1ed9<\/td>\n<td width=\"210\">220 ( kg)<\/td>\n<\/tr>\n<tr>\n<td width=\"211\">Kh\u00f4ng \u0111\u1ed9ng \u00a0c\u01a1<\/td>\n<td width=\"210\">172 ( kg)<\/td>\n<\/tr>\n<tr>\n<td rowspan=\"2\" width=\"245\">B\u1ea3o h\u00e0nh<\/td>\n<td width=\"211\">K\u1ef9 thu\u1eadt<\/td>\n<td width=\"210\">06 th\u00e1ng<\/td>\n<\/tr>\n<tr>\n<td width=\"211\">\u0110\u1ed9ng c\u01a1<\/td>\n<td width=\"210\">Theo t\u1eebng h\u00e3ng s\u1ea3n xu\u1ea5t<\/td>\n<\/tr>\n<tr>\n<td width=\"245\">N\u0103ng su\u1ea5t<\/td>\n<td colspan=\"2\" width=\"421\">1 &#8211; 1,5 t\u1ea5n\/gi\u1edd<\/td>\n<\/tr>\n<tr>\n<td width=\"245\">K\u00edch th\u01b0\u1edbc\u00a0 ( D * C * R )<\/td>\n<td colspan=\"2\" width=\"421\">150cm*195cm* 95cm<\/td>\n<\/tr>\n<tr>\n<td width=\"245\">H\u00ecnh th\u1ee9c thanh to\u00e1n<\/td>\n<td colspan=\"2\" width=\"421\"><i><em><b><strong><a href=\"https:\/\/binhquan.com.vn\/huong-dan-mua-hang-va-thanh-toan\">T<\/a>i\u1ec1n m\u1eb7t ho\u1eb7c chuy\u1ec3n kho\u1ea3n<\/strong><\/b><\/em><\/i><\/td>\n<\/tr>\n<\/tbody>\n<\/table>\n<h2><span id=\"Huong_dan_mua_hang\" class=\"ez-toc-section\" style=\"color: #000000\"><strong>H\u01b0\u1edbng d\u1eabn mua h\u00e0ng<\/strong><\/span><\/h2>\n<p><span style=\"color: #000000\">Kh\u00e1ch h\u00e0ng \u0111\u1ebfn c\u00f4ng ty mua m\u00e1y v\u00e0 thanh to\u00e1n tr\u1ef1c ti\u1ebfp b\u1eb1ng ti\u1ec1n m\u1eb7t.<\/span><\/p>\n<p><span style=\"color: #000000\">\u0110\u1ed1i v\u1edbi nh\u1eefng kh\u00e1ch h\u00e0ng \u1edf xa, C\u00f4ng ty s\u1ebd h\u01b0\u1edbng d\u1eabn mua h\u00e0ng v\u00e0 h\u1ed7 tr\u1ee3 giao h\u00e0ng to\u00e0n qu\u1ed1c. Qu\u00fd kh\u00e1ch vui l\u00f2ng chuy\u1ec3n kho\u1ea3n \u0111\u1eb7t c\u1ecdc, s\u1ed1 ti\u1ec1n m\u00e1y c\u00f2n l\u1ea1i s\u1ebd thanh to\u00e1n tr\u1ef1c ti\u1ebfp cho \u0111\u01a1n v\u1ecb v\u1eadn chuy\u1ec3n.<\/span><\/p>\n<p>&nbsp;<\/p>\n","protected":false},"excerpt":{"rendered":"<ul>\n<li><strong>H\u00e3ng s\u1ea3n xu\u1ea5t:<\/strong> B\u00ecnh Minh<\/li>\n<li><strong>C\u00f4ng su\u1ea5t \u0111\u1ed9ng c\u01a1:<\/strong> 4kw<\/li>\n<li><strong>Ngu\u1ed3n \u0111i\u1ec7n<\/strong>: 3 pha<\/li>\n<li><strong>T\u1ed1c \u0111\u1ed9:<\/strong> 1450 v\u00f2ng\/ph\u00fat<\/li>\n<li><strong>N\u0103ng su\u1ea5t:<\/strong> 1000 &#8211; 1500 kg\/gi\u1edd<\/li>\n<li><strong>T\u00ednh n\u0103ng<\/strong> : m\u00e1y chuy\u00ean b\u0103m c\u1ecf voi, th\u00e2n c\u00e2y ng\u00f4 ..l\u00e0m th\u1ee9c \u0103n cho gia s\u00fac, gia c\u1ea7m<\/li>\n<\/ul>\n","protected":false},"featured_media":9465,"comment_status":"closed","ping_status":"closed","template":"","meta":[],"product_brand":[],"product_cat":[40],"product_tag":[48,59,45,56,60,61,49],"class_list":{"0":"post-6416","1":"product","2":"type-product","3":"status-publish","4":"has-post-thumbnail","6":"product_cat-may-bam-co","7":"product_tag-may-bam-cay-ngo","8":"product_tag-may-bam-co-2t","9":"product_tag-may-bam-co-binh-minh","10":"product_tag-may-bam-co-chinh-hang","11":"product_tag-may-bam-co-co-bang-tai","12":"product_tag-may-bam-co-gia-tot","13":"product_tag-may-bam-co-voi","15":"first","16":"instock","17":"shipping-taxable","18":"product-type-simple"},"_links":{"self":[{"href":"https:\/\/congtybinhminh.com\/index.php?rest_route=\/wp\/v2\/product\/6416","targetHints":{"allow":["GET"]}}],"collection":[{"href":"https:\/\/congtybinhminh.com\/index.php?rest_route=\/wp\/v2\/product"}],"about":[{"href":"https:\/\/congtybinhminh.com\/index.php?rest_route=\/wp\/v2\/types\/product"}],"replies":[{"embeddable":true,"href":"https:\/\/congtybinhminh.com\/index.php?rest_route=%2Fwp%2Fv2%2Fcomments&post=6416"}],"wp:featuredmedia":[{"embeddable":true,"href":"https:\/\/congtybinhminh.com\/index.php?rest_route=\/wp\/v2\/media\/9465"}],"wp:attachment":[{"href":"https:\/\/congtybinhminh.com\/index.php?rest_route=%2Fwp%2Fv2%2Fmedia&parent=6416"}],"wp:term":[{"taxonomy":"product_brand","embeddable":true,"href":"https:\/\/congtybinhminh.com\/index.php?rest_route=%2Fwp%2Fv2%2Fproduct_brand&post=6416"},{"taxonomy":"product_cat","embeddable":true,"href":"https:\/\/congtybinhminh.com\/index.php?rest_route=%2Fwp%2Fv2%2Fproduct_cat&post=6416"},{"taxonomy":"product_tag","embeddable":true,"href":"https:\/\/congtybinhminh.com\/index.php?rest_route=%2Fwp%2Fv2%2Fproduct_tag&post=6416"}],"curies":[{"name":"wp","href":"https:\/\/api.w.org\/{rel}","templated":true}]}}