{"id":6373,"date":"2020-10-04T15:01:06","date_gmt":"2020-10-04T08:01:06","guid":{"rendered":"https:\/\/congtybinhminh.com\/?post_type=product&#038;p=6373"},"modified":"2023-04-05T10:57:18","modified_gmt":"2023-04-05T03:57:18","slug":"may-ep-dau-lac-da-nang-30kg-35kg-gio","status":"publish","type":"product","link":"https:\/\/congtybinhminh.com\/?product=may-ep-dau-lac-da-nang-30kg-35kg-gio","title":{"rendered":"M\u00e1y \u00c9p D\u1ea7u L\u1ea1c \u0110a N\u0103ng 30kg &#8211; 35kg\/Gi\u1edd"},"content":{"rendered":"<h2>Video m\u00e1y ho\u1ea1t \u0111\u1ed9ng<\/h2>\n<p><iframe loading=\"lazy\" title=\"H\u01b0\u1edbng D\u1eabn S\u1eed D\u1ee5ng M\u00e1y \u00c9p D\u1ea7u L\u1ea1c \u0110a N\u0103ng Khi M\u1edbi Nh\u1eadn M\u00e1y\" width=\"1020\" height=\"574\" src=\"https:\/\/www.youtube.com\/embed\/FH2t6GHugKI?feature=oembed\" frameborder=\"0\" allow=\"accelerometer; autoplay; clipboard-write; encrypted-media; gyroscope; picture-in-picture; web-share\" allowfullscreen><\/iframe><\/p>\n<p><span style=\"color: #000000\">Hi\u1ec7n nay, ng\u01b0\u1eddi ti\u00eau d\u00f9ng ng\u00e0y c\u00e0ng quan t\u00e2m nhi\u1ec1u t\u1edbi c\u00e1c s\u1ea3n ph\u1ea9m \u201cd\u1ea7u \u0103n s\u1ea1ch\u201d,\u201cd\u1ea7u \u0103n nguy\u00ean ch\u1ea5t\u201d,\u00a0d\u1ea7u th\u1ef1c v\u1eadt n\u00f3i chung. M\u00e1y \u00e9p d\u1ea7u l\u1ea1c \u0111a n\u0103ng 30-35kg\/h ra \u0111\u1eddi nh\u1eb1m gi\u00fap b\u00e0 con v\u00e0 c\u00e1c h\u1ed9 kinh doanh t\u1ef1 s\u1ea3n xu\u1ea5t \u201cd\u1ea7u s\u1ea1ch\u201d 100% \u0111\u1ea3m b\u1ea3o dinh d\u01b0\u1ee1ng v\u00e0 ch\u1ea5t l\u01b0\u1ee3ng cho ng\u01b0\u1eddi ti\u00eau d\u00f9ng.<\/span><\/p>\n<h2><span style=\"color: #000000\"><strong>Gi\u1edbi thi\u1ec7u chi ti\u1ebft m\u00e1y \u00e9p d\u1ea7u l\u1ea1c \u0111a n\u0103ng 35 \u2013 40kg\/h<\/strong><\/span><\/h2>\n<p><span style=\"color: #000000\">M\u00e1y \u00e9p d\u1ea7u l\u1ea1c \u0111a n\u0103ng cho n\u0103ng su\u1ea5t 30 \u2013 35kg\/h c\u00f3 nhi\u1ec7m v\u1ee5 \u00e9p ki\u1ec7t d\u1ea7u t\u1edbi 95 \u2013 98% t\u1eeb c\u00e1c lo\u1ea1i nguy\u00ean li\u1ec7u c\u00f3 d\u1ea7u nh\u01b0: l\u1ea1c, \u0111\u1ed7 t\u01b0\u01a1ng, v\u1eebng (m\u00e8), h\u1ea1nh nh\u00e2n, v\u1ecf m\u00e0ng h\u1ea1t g\u1ea5c, ch\u00f9m ng\u00e2y, h\u1ea1t tr\u1ea9u,\u2026<\/span><\/p>\n<p><img loading=\"lazy\" decoding=\"async\" class=\"size-full wp-image-7290 aligncenter\" src=\"https:\/\/congtybinhminh.com\/wp-content\/uploads\/2020\/10\/mey-ep-dau-lac.jpg\" alt=\"mey-ep-dau-lac\" width=\"800\" height=\"600\" srcset=\"https:\/\/congtybinhminh.com\/wp-content\/uploads\/2020\/10\/mey-ep-dau-lac.jpg 800w, https:\/\/congtybinhminh.com\/wp-content\/uploads\/2020\/10\/mey-ep-dau-lac-510x383.jpg 510w, https:\/\/congtybinhminh.com\/wp-content\/uploads\/2020\/10\/mey-ep-dau-lac-533x400.jpg 533w, https:\/\/congtybinhminh.com\/wp-content\/uploads\/2020\/10\/mey-ep-dau-lac-768x576.jpg 768w\" sizes=\"auto, (max-width: 800px) 100vw, 800px\" \/><\/p>\n<h2><span style=\"color: #000000\"><strong>C\u1ea5u t\u1ea1o c\u1ee7a m\u00e1y \u00e9p d\u1ea7u l\u1ea1c \u0111a n\u0103ng 30 \u2013 35kg\/h bao g\u1ed3m:<\/strong><\/span><\/h2>\n<ul>\n<li><span style=\"color: #000000\">Toa ch\u1ee9a nguy\u00ean li\u1ec7u d\u1ea7u v\u00e0o b\u1eb1ng inox, c\u00f3 \u0111\u01b0\u1eddng k\u00ednh l\u00e0 30 cm.<\/span><\/li>\n<li><span style=\"color: #000000\">B\u1ed9 ph\u1eadn tay kh\u00f3a g\u1ed3m tay kh\u00f3a trong c\u00f3 ch\u1ee9c n\u0103ng c\u1ed1 \u0111\u1ecbnh tr\u1ee5c \u00e9p v\u00e0 tay kh\u00f3a ngo\u00e0i \u0111\u1ec3 \u0111i\u1ec1u ch\u1ec9nh tr\u1ee5c \u00e9p gi\u00fap nguy\u00ean li\u1ec7u \u0111\u01b0\u1ee3c \u00e9p ki\u1ec7t nh\u1ea5t.<\/span><\/li>\n<li><span style=\"color: #000000\">Tr\u1ee5c xo\u1eafn \u00e9p to, kh\u1ecfe ch\u1eafc ch\u1eafn.<\/span><\/li>\n<\/ul>\n<p><img loading=\"lazy\" decoding=\"async\" class=\"size-full wp-image-7291 aligncenter\" src=\"https:\/\/congtybinhminh.com\/wp-content\/uploads\/2020\/10\/cau-tao-may-ep-dau.jpg\" alt=\"cau-tao-may-ep-dau\" width=\"800\" height=\"600\" srcset=\"https:\/\/congtybinhminh.com\/wp-content\/uploads\/2020\/10\/cau-tao-may-ep-dau.jpg 800w, https:\/\/congtybinhminh.com\/wp-content\/uploads\/2020\/10\/cau-tao-may-ep-dau-510x383.jpg 510w, https:\/\/congtybinhminh.com\/wp-content\/uploads\/2020\/10\/cau-tao-may-ep-dau-533x400.jpg 533w, https:\/\/congtybinhminh.com\/wp-content\/uploads\/2020\/10\/cau-tao-may-ep-dau-768x576.jpg 768w\" sizes=\"auto, (max-width: 800px) 100vw, 800px\" \/><\/p>\n<p>&nbsp;<\/p>\n<ul>\n<li><span style=\"color: #000000\">B\u1ed9 ph\u1eadn gia nhi\u1ec7t n\u1ed1i li\u1ec1n tr\u1ee5c \u00e9p c\u00f3 nhi\u1ec7m v\u1ee5 l\u00e0m n\u00f3ng l\u01b0\u1ee3ng d\u1ea7u \u0103n \u0111\u01b0\u1ee3c \u00e9p ra \u0111\u1ea3m b\u1ea3o ch\u1ea5t l\u01b0\u1ee3ng d\u1ea7u t\u1ed1t nh\u1ea5t.<\/span><\/li>\n<li><span style=\"color: #000000\">Khay ra d\u1ea7u l\u00e0m ho\u00e0n to\u00e0n b\u1eb1ng inox cao c\u1ea5p.<\/span><\/li>\n<\/ul>\n<p><img loading=\"lazy\" decoding=\"async\" class=\"size-full wp-image-7292 aligncenter\" src=\"https:\/\/congtybinhminh.com\/wp-content\/uploads\/2020\/10\/pheu-nap-1.jpg\" alt=\"pheu-nap-1\" width=\"800\" height=\"610\" srcset=\"https:\/\/congtybinhminh.com\/wp-content\/uploads\/2020\/10\/pheu-nap-1.jpg 800w, https:\/\/congtybinhminh.com\/wp-content\/uploads\/2020\/10\/pheu-nap-1-510x389.jpg 510w, https:\/\/congtybinhminh.com\/wp-content\/uploads\/2020\/10\/pheu-nap-1-525x400.jpg 525w, https:\/\/congtybinhminh.com\/wp-content\/uploads\/2020\/10\/pheu-nap-1-768x586.jpg 768w\" sizes=\"auto, (max-width: 800px) 100vw, 800px\" \/><\/p>\n<ul>\n<li><span style=\"color: #000000\">B\u1ea3ng \u0111i\u1ec1u khi\u1ec3n hi\u1ec7n \u0111\u1ea1i g\u1ed3m: C\u00f4ng t\u1eafc kh\u1edfi \u0111\u1ed9ng, c\u00f4ng t\u1eafc nhi\u1ec7t, \u0111\u00e8n b\u00e1o, \u0111\u1ed3ng h\u1ed3 \u0111i\u1ec1u ch\u1ec9nh nhi\u1ec7t \u0111\u1ed9, h\u1ed9p ki\u1ec3m tra ngu\u1ed3n \u0111i\u1ec7n (V\u00f4n k\u1ebf).<\/span><\/li>\n<li><span style=\"color: #000000\">M\u00e1y \u0111\u01b0\u1ee3c l\u1eafp \u0111\u1ed9ng c\u01a1 2.2kw 1pha (220V) 100% l\u00f5i \u0111\u1ed3ng.<\/span><\/li>\n<\/ul>\n<p><img loading=\"lazy\" decoding=\"async\" class=\"size-full wp-image-7293 aligncenter\" src=\"https:\/\/congtybinhminh.com\/wp-content\/uploads\/2020\/10\/truc-ep-dau.jpg\" alt=\"\" width=\"800\" height=\"600\" srcset=\"https:\/\/congtybinhminh.com\/wp-content\/uploads\/2020\/10\/truc-ep-dau.jpg 800w, https:\/\/congtybinhminh.com\/wp-content\/uploads\/2020\/10\/truc-ep-dau-510x383.jpg 510w, https:\/\/congtybinhminh.com\/wp-content\/uploads\/2020\/10\/truc-ep-dau-533x400.jpg 533w, https:\/\/congtybinhminh.com\/wp-content\/uploads\/2020\/10\/truc-ep-dau-768x576.jpg 768w\" sizes=\"auto, (max-width: 800px) 100vw, 800px\" \/><\/p>\n<p>&nbsp;<\/p>\n<h2><span style=\"color: #000000\"><strong>\u01afu \u0111i\u1ec3m c\u1ee7a m\u00e1y \u00e9p d\u1ea7u l\u1ea1c \u0111a n\u0103ng 30-35kg\/h<\/strong><\/span><\/h2>\n<p><span style=\"color: #000000\">Khay \u00e9p d\u1ea7u l\u1ea1c \u0111\u01b0\u1ee3c thi\u1ebft k\u1ebf b\u1eb1ng ch\u1ea5t li\u1ec7u inox cao c\u1ea5p n\u00ean \u0111\u1ea3m b\u1ea3o \u0111\u01b0\u1ee3c \u0111\u1ed9 v\u1ec7 sinh an to\u00e0n th\u1ef1c ph\u1ea9m.<\/span><br \/>\n<span style=\"color: #000000\">M\u00e1y \u0111\u01b0\u1ee3c l\u1eafp \u0111\u1ed9ng c\u01a1 l\u00f5i \u0111\u1ed3ng 2.2kW, d\u00f9ng ngu\u1ed3n \u0111i\u1ec7n gia \u0111\u00ecnh th\u00f4ng d\u1ee5ng 220V d\u1ec5 d\u00e0ng s\u1eed d\u1ee5ng.<\/span><br \/>\n<span style=\"color: #000000\">M\u00e1y \u00e9p d\u1ea7u \u0111a n\u0103ng c\u00f2n \u0111\u01b0\u1ee3c thi\u1ebft k\u1ebf 4 b\u00e1nh xe ch\u1eafc ch\u1eafn h\u1ed7 tr\u1ee3 ng\u01b0\u1eddi d\u00f9ng di chuy\u1ec3n m\u00e1y d\u1ec5 d\u00e0ng \u0111\u1ebfn m\u1ecdi n\u01a1i.<\/span><\/p>\n<h2><strong><span style=\"color: #000000\">Th\u00f4ng s\u1ed1 k\u1ef9 thu\u1eadt\u00a0<\/span><\/strong><\/h2>\n<table>\n<tbody>\n<tr>\n<td rowspan=\"3\" width=\"265\"><span style=\"color: #000000\">\u0110\u1ed9ng c\u01a1<\/span><\/td>\n<td width=\"216\"><span style=\"color: #000000\">C\u00f4ng su\u1ea5t \u0111\u1ed9ng c\u01a1<\/span><\/td>\n<td width=\"186\"><span style=\"color: #000000\">2.2\u00a0(kw)<\/span><\/td>\n<\/tr>\n<tr>\n<td width=\"216\"><span style=\"color: #000000\">Ngu\u1ed3n \u0111i\u1ec7n<\/span><\/td>\n<td width=\"186\"><span style=\"color: #000000\">220 (V)<\/span><\/td>\n<\/tr>\n<tr>\n<td width=\"216\"><span style=\"color: #000000\">T\u1ed1c \u0111\u1ed9<\/span><\/td>\n<td width=\"186\"><span style=\"color: #000000\">1450 (v\/p)<\/span><\/td>\n<\/tr>\n<tr>\n<td width=\"265\"><span style=\"color: #000000\">N\u0103ng su\u1ea5t\u00a0<\/span><\/td>\n<td colspan=\"2\" width=\"402\"><span style=\"color: #000000\">30 \u2013 35\u00a0( kg\/h)<\/span><\/td>\n<\/tr>\n<tr>\n<td width=\"265\"><span style=\"color: #000000\">Tr\u1ecdng l\u01b0\u1ee3ng to\u00e0n b\u1ed9 m\u00e1y<\/span><\/td>\n<td colspan=\"2\" width=\"402\"><span style=\"color: #000000\">180 (kg)<\/span><\/td>\n<\/tr>\n<tr>\n<td width=\"265\"><span style=\"color: #000000\">K\u00edch th\u01b0\u1edbc\u00a0 (D*C*R)<\/span><\/td>\n<td colspan=\"2\" width=\"402\"><span style=\"color: #000000\" data-sheets-value=\"{&quot;1&quot;:2,&quot;2&quot;:&quot;106*108*68 cm&quot;}\" data-sheets-userformat=\"{&quot;2&quot;:15341,&quot;3&quot;:{&quot;1&quot;:0},&quot;5&quot;:{&quot;1&quot;:[{&quot;1&quot;:2,&quot;2&quot;:0,&quot;5&quot;:{&quot;1&quot;:2,&quot;2&quot;:0}},{&quot;1&quot;:0,&quot;2&quot;:0,&quot;3&quot;:3},{&quot;1&quot;:1,&quot;2&quot;:0,&quot;4&quot;:1}]},&quot;6&quot;:{&quot;1&quot;:[{&quot;1&quot;:2,&quot;2&quot;:0,&quot;5&quot;:{&quot;1&quot;:2,&quot;2&quot;:0}},{&quot;1&quot;:0,&quot;2&quot;:0,&quot;3&quot;:3},{&quot;1&quot;:1,&quot;2&quot;:0,&quot;4&quot;:1}]},&quot;8&quot;:{&quot;1&quot;:[{&quot;1&quot;:2,&quot;2&quot;:0,&quot;5&quot;:{&quot;1&quot;:2,&quot;2&quot;:0}},{&quot;1&quot;:0,&quot;2&quot;:0,&quot;3&quot;:3},{&quot;1&quot;:1,&quot;2&quot;:0,&quot;4&quot;:1}]},&quot;9&quot;:1,&quot;10&quot;:2,&quot;11&quot;:0,&quot;12&quot;:0,&quot;14&quot;:{&quot;1&quot;:2,&quot;2&quot;:0},&quot;15&quot;:&quot;\\&quot;Times New Roman\\&quot;, serif&quot;,&quot;16&quot;:11}\">106*108*68 cm<\/span><\/td>\n<\/tr>\n<\/tbody>\n<\/table>\n<p>&nbsp;<\/p>\n<h2><span id=\"Cam_ket_ve_gia_va_Chinh_sach_bao_hanh\" class=\"ez-toc-section\" style=\"color: #000000\"><strong>Cam k\u1ebft v\u1ec1 gi\u00e1 v\u00e0 Ch\u00ednh s\u00e1ch b\u1ea3o h\u00e0nh<\/strong><\/span><\/h2>\n<ul>\n<li><span style=\"color: #000000\">M\u00e1y do c\u00f4ng ty tr\u1ef1c ti\u1ebfp ch\u1ebf t\u1ea1o v\u00e0 s\u1ea3n xu\u1ea5t t\u1ea1i x\u01b0\u1edfng, kh\u00f4ng qua trung gian, \u0111\u1ea3m b\u1ea3o gi\u00e1 r\u1ebb nh\u1ea5t, ch\u1ea5t l\u01b0\u1ee3ng t\u1ed1t nh\u1ea5t, b\u1ea3o h\u00e0nh thu\u1eadn ti\u1ec7n nh\u1ea5t.<\/span><\/li>\n<li><span style=\"color: #000000\">\u0110\u1ed9i ng\u0169 k\u1ef9 thu\u1eadt c\u00f3 tr\u00ecnh \u0111\u1ed9 chuy\u00ean m\u00f4n cao, s\u1eb5n s\u00e0ng h\u1ed7 tr\u1ee3 k\u1ef9 thu\u1eadt t\u1eadn t\u00ecnh v\u00e0 tr\u1ecdn \u0111\u1eddi.<\/span><\/li>\n<li><span style=\"color: #000000\">B\u1ea3o h\u00e0nh t\u1ea1i c\u00f4ng ty 6 th\u00e1ng cho tr\u01b0\u1eddng h\u1ee3p m\u00e1y l\u1ed7i k\u1ef9 thu\u1eadt do c\u00f4ng ty s\u1ea3n xu\u1ea5t. H\u1ebft th\u1eddi gian n\u00e0y t\u01b0 v\u1ea5n k\u1ef9 thu\u1eadt tr\u1ecdn \u0111\u1eddi s\u1ea3n ph\u1ea9m.\u00a0<\/span><\/li>\n<\/ul>\n<h2><span id=\"Huong_dan_mua_hang\" class=\"ez-toc-section\" style=\"color: #000000\"><strong>H\u01b0\u1edbng d\u1eabn mua h\u00e0ng<\/strong><\/span><\/h2>\n<p><span style=\"color: #000000\">Kh\u00e1ch h\u00e0ng \u0111\u1ebfn c\u00f4ng ty mua m\u00e1y v\u00e0 thanh to\u00e1n tr\u1ef1c ti\u1ebfp b\u1eb1ng ti\u1ec1n m\u1eb7t.<\/span><\/p>\n<p><span style=\"color: #000000\">\u0110\u1ed1i v\u1edbi nh\u1eefng kh\u00e1ch h\u00e0ng \u1edf xa, C\u00f4ng ty s\u1ebd h\u01b0\u1edbng d\u1eabn mua h\u00e0ng v\u00e0 h\u1ed7 tr\u1ee3 giao h\u00e0ng to\u00e0n qu\u1ed1c. Qu\u00fd kh\u00e1ch vui l\u00f2ng chuy\u1ec3n kho\u1ea3n \u0111\u1eb7t c\u1ecdc, s\u1ed1 ti\u1ec1n m\u00e1y c\u00f2n l\u1ea1i s\u1ebd thanh to\u00e1n tr\u1ef1c ti\u1ebfp cho \u0111\u01a1n v\u1ecb v\u1eadn chuy\u1ec3n.<\/span><\/p>\n<p><span style=\"color: #000000\">\u0110\u1ec3 \u0111\u01b0\u1ee3c cung c\u1ea5p th\u00eam th\u00f4ng tin v\u1ec1 c\u00e1c d\u00f2ng s\u1ea3n ph\u1ea9m c\u1ee7a c\u00f4ng ty B\u00ecnh Minh, k\u00ednh m\u1eddi Qu\u00fd kh\u00e1ch li\u00ean h\u1ec7:<\/span><\/p>\n<p><span style=\"color: #000000\"><strong>C\u00d4NG TY TNHH D\u1ecaCH V\u1ee4 V\u00c0 S\u1ea2N XU\u1ea4T TH\u01af\u01a0NG M\u1ea0I XU\u1ea4T NH\u1eacP KH\u1ea8U B\u00ccNH MINH<\/strong><\/span><\/p>\n<p><span style=\"color: #000000\"><strong>\u0110\u1ecba ch\u1ec9:<\/strong>\u00a0S\u1ed1 249, Ph\u1ed1 L\u00ea L\u1ee3i \u2013 Ph\u01b0\u1eddng L\u00ea L\u1ee3i \u2013 Th\u1ecb x\u00e3 S\u01a1n T\u00e2y \u2013 Th\u00e0nh ph\u1ed1 H\u00e0 N\u1ed9i<\/span><\/p>\n<p><span style=\"color: #000000\"><strong>Hotline:\u00a00888.01.8822\u00a0<\/strong><\/span><\/p>\n<p>&nbsp;<\/p>\n","protected":false},"excerpt":{"rendered":"<ul>\n<li><span style=\"color: #000000\"><strong>H\u00e3ng s\u1ea3n xu\u1ea5t :<\/strong>\u00a0B\u00ecnh Minh<\/span><\/li>\n<li><span style=\"color: #000000\"><strong>\u0110\u1ed9ng c\u01a1 m\u00e1y c\u00f4ng su\u1ea5t \u0111i\u1ec7n<\/strong>\u00a0: 2.2 kw<\/span><\/li>\n<li><span style=\"color: #000000\"><strong>\u0110i\u1ec7n n\u0103ng<\/strong>\u00a0: 220V<\/span><\/li>\n<li><span style=\"color: #000000\"><strong>N\u0103ng su\u1ea5t<\/strong>\u00a0: 30 \u2013 35 kg\/gi\u1edd<\/span><\/li>\n<li><span style=\"color: #000000\"><strong>Tr\u1ecdng l\u01b0\u1ee3ng :\u00a0<\/strong>\u00a0108 kg<\/span><\/li>\n<li><span style=\"color: #000000\"><strong>K\u00edch th\u01b0\u1edbc :<\/strong>106*108*68 cm<\/span><\/li>\n<li><span style=\"color: #000000\"><strong>T\u00ednh n\u0103ng :<\/strong>\u00a0m\u00e1y chuy\u00ean d\u00f9ng nghi\u1ec1n \u00e9p d\u1ea7u ch\u1ee9a trong c\u00e1c nguy\u1ec7n li\u1ec7u : l\u1ea1c; v\u1eebng ; g\u1ea5c, h\u1ea1t ch\u00f9m ng\u00e2y\u2026<\/span><\/li>\n<\/ul>\n","protected":false},"featured_media":7285,"comment_status":"closed","ping_status":"closed","template":"","meta":[],"product_brand":[],"product_cat":[29],"product_tag":[51,54,53,52],"class_list":{"0":"post-6373","1":"product","2":"type-product","3":"status-publish","4":"has-post-thumbnail","6":"product_cat-may-ep-dau","7":"product_tag-may-ep-dau","8":"product_tag-may-ep-dau-binh-minh","9":"product_tag-may-ep-dau-lac","10":"product_tag-may-ep-hat-sachi","12":"first","13":"instock","14":"shipping-taxable","15":"product-type-simple"},"_links":{"self":[{"href":"https:\/\/congtybinhminh.com\/index.php?rest_route=\/wp\/v2\/product\/6373","targetHints":{"allow":["GET"]}}],"collection":[{"href":"https:\/\/congtybinhminh.com\/index.php?rest_route=\/wp\/v2\/product"}],"about":[{"href":"https:\/\/congtybinhminh.com\/index.php?rest_route=\/wp\/v2\/types\/product"}],"replies":[{"embeddable":true,"href":"https:\/\/congtybinhminh.com\/index.php?rest_route=%2Fwp%2Fv2%2Fcomments&post=6373"}],"wp:featuredmedia":[{"embeddable":true,"href":"https:\/\/congtybinhminh.com\/index.php?rest_route=\/wp\/v2\/media\/7285"}],"wp:attachment":[{"href":"https:\/\/congtybinhminh.com\/index.php?rest_route=%2Fwp%2Fv2%2Fmedia&parent=6373"}],"wp:term":[{"taxonomy":"product_brand","embeddable":true,"href":"https:\/\/congtybinhminh.com\/index.php?rest_route=%2Fwp%2Fv2%2Fproduct_brand&post=6373"},{"taxonomy":"product_cat","embeddable":true,"href":"https:\/\/congtybinhminh.com\/index.php?rest_route=%2Fwp%2Fv2%2Fproduct_cat&post=6373"},{"taxonomy":"product_tag","embeddable":true,"href":"https:\/\/congtybinhminh.com\/index.php?rest_route=%2Fwp%2Fv2%2Fproduct_tag&post=6373"}],"curies":[{"name":"wp","href":"https:\/\/api.w.org\/{rel}","templated":true}]}}