{"id":6317,"date":"2020-07-08T08:12:29","date_gmt":"2020-07-08T01:12:29","guid":{"rendered":"https:\/\/congtybinhminh.com\/?post_type=product&#038;p=6317"},"modified":"2023-04-05T10:44:41","modified_gmt":"2023-04-05T03:44:41","slug":"may-dong-gach-khong-nung","status":"publish","type":"product","link":"https:\/\/congtybinhminh.com\/?product=may-dong-gach-khong-nung","title":{"rendered":"M\u00e1y \u0111\u00f3ng g\u1ea1ch kh\u00f4ng nung B\u00ecnh Minh"},"content":{"rendered":"<h2>Video ho\u1ea1t \u0111\u1ed9ng c\u1ee7a m\u00e1y<\/h2>\n<p><iframe loading=\"lazy\" title=\"H\u01b0\u1edbng D\u1eabn Kh\u00e1ch H\u00e0ng M\u00e1y \u0110\u00f3ng G\u1ea1ch Kh\u00f4ng Nung Khu\u00f4n 8 Vi\u00ean\" width=\"1020\" height=\"574\" src=\"https:\/\/www.youtube.com\/embed\/Ehl4trWKWNY?feature=oembed\" frameborder=\"0\" allow=\"accelerometer; autoplay; clipboard-write; encrypted-media; gyroscope; picture-in-picture; web-share\" allowfullscreen><\/iframe><\/p>\n<p><span style=\"color: #000000;font-size: 110%\">M\u00e1y \u0111\u00f3ng g\u1ea1ch kh\u00f4ng nung l\u00e0 d\u00f2ng m\u00e1y chuy\u00ean s\u1ea3n xu\u1ea5t g\u1ea1ch c\u1ea3i ti\u1ebfn nh\u1ea5t c\u00f3 ch\u1ee9c n\u0103ng \u0111\u00f3ng \u0111\u01b0\u1ee3c g\u1ea1ch t\u1eeb nguy\u00ean li\u1ec7u \u0111\u00e1 m\u1ea1t, c\u00e1t s\u1ecfi tr\u1ed9n xi m\u0103ng cho n\u0103ng su\u1ea5t cao, vi\u00ean g\u1ea1ch ch\u1eafc ch\u1eafn v\u00e0 b\u1ec1n. C\u00f3 th\u1ec3 \u00e9p \u0111\u01b0\u1ee3c vi\u00ean g\u1ea1ch c\u00f3 k\u00edch th\u01b0\u1edbc kh\u00e1c nhau. ph\u00f9 h\u1ee3p v\u1edbi nhu c\u1ea7u s\u1eed d\u1ee5ng c\u1ee7a m\u1ed7i ng\u01b0\u1eddi.<\/span><\/p>\n<p><img loading=\"lazy\" decoding=\"async\" class=\"size-full wp-image-6322 aligncenter\" src=\"https:\/\/congtybinhminh.com\/wp-content\/uploads\/2020\/07\/may-dong-gach-binh-minh.jpg\" alt=\"may-dong-gach-binh-minh\" width=\"800\" height=\"600\" srcset=\"https:\/\/congtybinhminh.com\/wp-content\/uploads\/2020\/07\/may-dong-gach-binh-minh.jpg 800w, https:\/\/congtybinhminh.com\/wp-content\/uploads\/2020\/07\/may-dong-gach-binh-minh-510x383.jpg 510w, https:\/\/congtybinhminh.com\/wp-content\/uploads\/2020\/07\/may-dong-gach-binh-minh-533x400.jpg 533w, https:\/\/congtybinhminh.com\/wp-content\/uploads\/2020\/07\/may-dong-gach-binh-minh-768x576.jpg 768w\" sizes=\"auto, (max-width: 800px) 100vw, 800px\" \/><\/p>\n<h2><strong><span style=\"color: #000000;font-size: 110%\">Gi\u1edbi thi\u1ec7u m\u00e1y \u0111\u00f3ng g\u1ea1ch kh\u00f4ng nung:<\/span><\/strong><\/h2>\n<p><span style=\"color: #000000;font-size: 110%\">Tr\u01b0\u1edbc \u0111\u00e2y, \u0111\u1ec3 t\u1ea1o ra nh\u1eefng vi\u00ean g\u1ea1ch \u0111\u1ea5t nung th\u00ec nh\u1eefng c\u01a1 s\u1edf s\u1ea3n xu\u1ea5t s\u1ebd ph\u1ea3i s\u1eed d\u1ee5ng r\u1ea5t nhi\u1ec1u \u0111\u1ea5t s\u00e9t v\u00e0 than c\u1ee7i \u0111\u1ed1t \u0111\u1ec3 l\u00e0m kh\u00f4, g\u00e2y \u1ea3nh h\u01b0\u1edfng l\u1edbn \u0111\u1ebfn m\u00f4i tr\u01b0\u1eddng, l\u00e0m gi\u1ea3m \u0111\u1ea5t n\u00f4ng nghi\u1ec7p. H\u01b0\u1edbng t\u1edbi m\u1ed9t x\u00e3 h\u1ed9i ph\u00e1t tri\u1ec3n theo khoa h\u1ecdc k\u1ef9 thu\u1eadt, g\u1ea1ch kh\u00f4ng nung \u0111\u00e3 ra \u0111\u1eddi v\u00e0 l\u00e0 s\u1ef1 l\u1ef1a ch\u1ecdn h\u00e0ng \u0111\u1ea7u c\u1ee7a c\u00e1c c\u01a1 s\u1edf s\u1ea3n xu\u1ea5t, c\u00e1c nh\u00e0 th\u1ea7u x\u00e2y d\u1ef1ng. G\u1ea1ch kh\u00f4ng nung hay c\u00f2n \u0111\u01b0\u1ee3c g\u1ecdi l\u00e0 g\u1ea1ch block l\u00e0 m\u1ed9t lo\u1ea1i g\u1ea1ch m\u00e0 sau khi gia c\u00f4ng \u0111\u1ecbnh h\u00ecnh s\u1ebd t\u1ef1 \u0111\u00f3ng r\u1eafn m\u00e0 kh\u00f4ng c\u1ea7n qua nhi\u1ec7t \u0111\u1ed9 cao \u0111\u1ec3 nung n\u00f3ng \u0111\u1ecf vi\u00ean g\u1ea1ch nh\u1eb1m t\u0103ng \u0111\u1ed9 b\u1ec1n. N\u1eafm b\u1eaft \u0111\u01b0\u1ee3c t\u00ecnh h\u00ecnh \u0111\u00f3, C\u00f4ng ty B\u00ecnh Minh \u0111\u00e3 ch\u1ebf t\u1ea1o th\u00e0nh c\u00f4ng ra d\u00f2ng m\u00e1y \u0111\u00f3ng g\u1ea1ch kh\u00f4ng nung.<\/span><\/p>\n<p><img loading=\"lazy\" decoding=\"async\" class=\"size-full wp-image-6323 aligncenter\" src=\"https:\/\/congtybinhminh.com\/wp-content\/uploads\/2020\/07\/d7b3e654cfbf34e16dae.jpg\" alt=\"may-dong-gach\" width=\"800\" height=\"600\" srcset=\"https:\/\/congtybinhminh.com\/wp-content\/uploads\/2020\/07\/d7b3e654cfbf34e16dae.jpg 800w, https:\/\/congtybinhminh.com\/wp-content\/uploads\/2020\/07\/d7b3e654cfbf34e16dae-510x383.jpg 510w, https:\/\/congtybinhminh.com\/wp-content\/uploads\/2020\/07\/d7b3e654cfbf34e16dae-533x400.jpg 533w, https:\/\/congtybinhminh.com\/wp-content\/uploads\/2020\/07\/d7b3e654cfbf34e16dae-768x576.jpg 768w\" sizes=\"auto, (max-width: 800px) 100vw, 800px\" \/><\/p>\n<h2><span style=\"color: #000000;font-size: 110%\"><b>M\u00f4 t\u1ea3 m\u00e1y \u0111\u00f3ng g\u1ea1ch kh\u00f4ng nung:<\/b><\/span><\/h2>\n<p><span style=\"font-size: 110%;color: #000000\">M\u00e1y \u0111\u00f3ng g\u1ea1ch kh\u00f4ng nung l\u00e0 m\u1ed9t s\u1ea3n ph\u1ea9m do C\u00f4ng ty B\u00ecnh Minh ch\u1ebf t\u1ea1o v\u00e0 s\u1ea3n xu\u1ea5t. M\u00e1y \u0111\u00f3ng g\u1ea1ch xi m\u0103ng \u0111\u00e3 mang \u0111\u1ebfn c\u00e1ch s\u1ea3n xu\u1ea5t g\u1ea1ch m\u1edbi v\u1edbi nguy\u00ean li\u1ec7u b\u1eb1ng m\u1ea1t \u0111\u00e1 ho\u1eb7c c\u00e1t s\u1ecfi m\u00e0 kh\u00f4ng l\u00e0m \u1ea3nh h\u01b0\u1edfng \u0111\u1ebfn m\u00f4i tr\u01b0\u1eddng.<\/span><\/p>\n<p><span style=\"color: #000000;font-size: 110%\">\u0110\u1eb7c bi\u1ec7t C\u00f4ng ty c\u00f3 th\u1ec3 thi\u1ebft k\u1ebf r\u1ea5t nhi\u1ec1u k\u00edch th\u01b0\u1edbc vi\u00ean g\u1ea1ch kh\u00e1c nhau, ph\u00f9 h\u1ee3p v\u1edbi t\u1eebng khu v\u1ef1c d\u00e2n c\u01b0 s\u1eed d\u1ee5ng. M\u00e1y \u0111\u01b0\u1ee3c d\u00f9ng nguy\u00ean li\u1ec7u b\u1eb1ng th\u00e9p nh\u1eadp kh\u1ea9u n\u00ean c\u00f3 \u0111\u1ed9 b\u1ec1n cao.<\/span><\/p>\n<p><span style=\"color: #000000;font-size: 110%\">\u0110\u1ed3ng th\u1eddi v\u1edbi thi\u1ebft k\u1ebf g\u1ecdn g\u00e0ng, c\u1ea9n th\u1eadn \u0111\u1ebfn t\u1eebng chi ti\u1ebft, c\u00e1ch v\u1eadn h\u00e0nh \u0111\u01a1n gi\u1ea3n n\u00ean b\u1ea5t c\u1ee9 ai c\u0169ng c\u00f3 th\u1ec3 y\u00ean t\u00e2m s\u1eed d\u1ee5ng.<\/span><\/p>\n<p><img loading=\"lazy\" decoding=\"async\" class=\"size-full wp-image-6324 aligncenter\" src=\"https:\/\/congtybinhminh.com\/wp-content\/uploads\/2020\/07\/may-dong-gach-khong-nung.jpg\" alt=\"may-dong-gach-khong-nung\" width=\"800\" height=\"290\" srcset=\"https:\/\/congtybinhminh.com\/wp-content\/uploads\/2020\/07\/may-dong-gach-khong-nung.jpg 800w, https:\/\/congtybinhminh.com\/wp-content\/uploads\/2020\/07\/may-dong-gach-khong-nung-510x185.jpg 510w, https:\/\/congtybinhminh.com\/wp-content\/uploads\/2020\/07\/may-dong-gach-khong-nung-768x278.jpg 768w\" sizes=\"auto, (max-width: 800px) 100vw, 800px\" \/><\/p>\n<p><span style=\"color: #000000;font-size: 110%\">Th\u1eddi gian g\u1ea7n \u0111\u00e2y,\u00a0\u0111\u1ec3 gi\u1ea3m thi\u1ec3u \u0111\u01b0\u1ee3c kh\u00ed \u0111\u1ed9c h\u1ea1i th\u1ea3i ra t\u1eeb c\u00e1c l\u00f2 g\u1ea1ch nung, Ch\u00ednh Ph\u1ee7\u00a0\u0111\u00e3 c\u00f3 nhi\u1ec1u ch\u00ednh s\u00e1ch l\u1edbn \u0111\u1ec3 h\u1ea1n ch\u1ebf v\u00e0 x\u00f3a b\u1ecf g\u1ea1ch nung d\u1eabn \u0111\u1ebfn\u00a0t\u00ecnh tr\u1ea1ng tr\u1ed1ng m\u1ed9t kho\u1ea3ng l\u1edbn th\u1ecb tr\u01b0\u1eddng cung. G\u1ea1ch \u00e9p kh\u00f4ng nung \u0111\u00e1p \u1ee9ng \u0111\u01b0\u1ee3c c\u00e1c y\u00eau c\u1ea7u kh\u1eaft khe c\u1ee7a nhi\u1ec1u lo\u1ea1i c\u00f4ng tr\u00ecnh kh\u00e1c nhau, v\u00ec v\u1eady \u0111\u00e2y l\u00e0 c\u01a1 h\u1ed9i cho c\u00e1c h\u1ed9 kinh doanh g\u1ea1ch \u00e9p kh\u00f4ng nung ph\u00e1t tri\u1ec3n<\/span><\/p>\n<h2><span style=\"color: #000000;font-size: 110%\"><strong>\u01afu \u0111i\u1ec3m c\u1ee7a m\u00e1y<\/strong><\/span><\/h2>\n<ul>\n<li><span style=\"color: #000000;font-size: 110%\">C\u00f3 thi\u1ebft k\u1ebf g\u1ecdn g\u00e0ng, ch\u1eafc ch\u1eafn, d\u1ec5 d\u00e0ng di chuy\u1ec3n v\u00e0 l\u1eafp \u0111\u1eb7t<\/span><\/li>\n<li><span style=\"color: #000000;font-size: 110%\">S\u1ea3n xu\u1ea5t nhanh v\u00e0 cho ra nh\u1eefng m\u1ebb g\u1ea1ch nh\u01b0 \u00fd. g\u1ea1ch sau khi l\u00e0m b\u1eb1ng m\u00e1y s\u1ebd \u0111\u00f3ng r\u1eafn l\u1ea1i m\u00e0 kh\u00f4ng c\u1ea7n nung n\u00f3ng \u1edf nhi\u1ec7t \u0111\u1ed9 cao.<\/span><\/li>\n<li><span style=\"color: #000000;font-size: 110%\">Gi\u00fap b\u1ea3o v\u1ec7 m\u00f4i tr\u01b0\u1eddng, kh\u00f4ng t\u1ea1o ra kh\u00ed th\u1ea3i \u0111\u1ed9c h\u1ea1i gi\u1ed1ng nh\u01b0 nung g\u1ea1ch tr\u01b0\u1edbc \u0111\u00e2y<\/span><\/li>\n<li><span style=\"color: #000000;font-size: 110%\">Cho n\u0103ng su\u1ea5t cao 3000 \u2013 4000 vi\u00ean \/ca<\/span><\/li>\n<\/ul>\n<p><img loading=\"lazy\" decoding=\"async\" class=\"size-full wp-image-6325 aligncenter\" src=\"https:\/\/congtybinhminh.com\/wp-content\/uploads\/2020\/07\/thanh-pham-may-dong-gach2.jpg\" alt=\"thanh-pham-may-dong-gach2\" width=\"800\" height=\"703\" srcset=\"https:\/\/congtybinhminh.com\/wp-content\/uploads\/2020\/07\/thanh-pham-may-dong-gach2.jpg 800w, https:\/\/congtybinhminh.com\/wp-content\/uploads\/2020\/07\/thanh-pham-may-dong-gach2-510x448.jpg 510w, https:\/\/congtybinhminh.com\/wp-content\/uploads\/2020\/07\/thanh-pham-may-dong-gach2-455x400.jpg 455w, https:\/\/congtybinhminh.com\/wp-content\/uploads\/2020\/07\/thanh-pham-may-dong-gach2-768x675.jpg 768w\" sizes=\"auto, (max-width: 800px) 100vw, 800px\" \/><\/p>\n<ul>\n<li><span style=\"color: #000000;font-size: 110%\">\u0110a d\u1ea1ng v\u1ec1 khu\u00f4n g\u1ea1ch, chi ph\u00ed th\u1ea5p, l\u1ee3i th\u1ebf v\u1ec1 nh\u00e2n c\u00f4ng v\u00e0 ti\u1ebft ki\u1ec7m th\u1eddi gian s\u1ea3n xu\u1ea5t<\/span><\/li>\n<\/ul>\n<h2><strong><span style=\"color: #000000;font-size: 110%\">C\u1ea5u t\u1ea1o c\u1ee7a m\u00e1y \u0111\u00f3ng g\u1ea1ch kh\u00f4ng nung<\/span><\/strong><\/h2>\n<ul>\n<li><span style=\"color: #000000;font-size: 110%\">M\u00e1y \u0111\u01b0\u1ee3c thi\u1ebft k\u1ebf g\u1ecdn g\u00e0ng, chi\u1ebfm\u00a0\u00edt di\u1ec7n d\u00edch, b\u1ed9 khung ch\u1eafc ch\u1eafn, ki\u1ec3u d\u00e1ng hi\u1ec7n \u0111\u1ea1i.<\/span><\/li>\n<li><span style=\"color: #000000;font-size: 110%\">\u00a0B\u1ed9 ph\u1eadn l\u00e0m vi\u1ec7c c\u1ee7a m\u00e1y g\u1ed3m 2 moto \u0111\u1ea7m rung l\u1eafp \u0111\u1eb7t 2 b\u00ean khu\u00f4n, 1 moto \u0111\u1eb7t tr\u00ean b\u00e0n ch\u00f4ng v\u00e0 h\u1ed9p s\u1ed1 \u0111\u01b0\u1ee3c l\u1eafp \u0111\u1eb7t ch\u1eafc ch\u1eafn b\u00ean tr\u00ean c\u00f9ng c\u1ee7a m\u00e1y tr\u00e1nh ti\u1ebfp x\u00fac v\u1edbi ng\u01b0\u1eddi s\u1eed d\u1ee5ng m\u00e1y, t\u1ea1o s\u1ef1 an to\u00e0n cao.<\/span><\/li>\n<\/ul>\n<p><img loading=\"lazy\" decoding=\"async\" class=\"size-full wp-image-6326 aligncenter\" src=\"https:\/\/congtybinhminh.com\/wp-content\/uploads\/2020\/07\/bo-phan-may-dong-gach.jpg\" alt=\"bo-phan-may-dong-gach\" width=\"800\" height=\"800\" srcset=\"https:\/\/congtybinhminh.com\/wp-content\/uploads\/2020\/07\/bo-phan-may-dong-gach.jpg 800w, https:\/\/congtybinhminh.com\/wp-content\/uploads\/2020\/07\/bo-phan-may-dong-gach-247x247.jpg 247w, https:\/\/congtybinhminh.com\/wp-content\/uploads\/2020\/07\/bo-phan-may-dong-gach-100x100.jpg 100w, https:\/\/congtybinhminh.com\/wp-content\/uploads\/2020\/07\/bo-phan-may-dong-gach-510x510.jpg 510w, https:\/\/congtybinhminh.com\/wp-content\/uploads\/2020\/07\/bo-phan-may-dong-gach-400x400.jpg 400w, https:\/\/congtybinhminh.com\/wp-content\/uploads\/2020\/07\/bo-phan-may-dong-gach-280x280.jpg 280w, https:\/\/congtybinhminh.com\/wp-content\/uploads\/2020\/07\/bo-phan-may-dong-gach-768x768.jpg 768w\" sizes=\"auto, (max-width: 800px) 100vw, 800px\" \/><\/p>\n<ul>\n<li><span style=\"color: #000000;font-size: 110%\">M\u00e1y \u0111\u01b0\u1ee3c d\u00f9ng nguy\u00ean li\u1ec7u b\u1eb1ng th\u00e9p nh\u1eadp kh\u1ea9u n\u00ean c\u00f3 \u0111\u1ed9 b\u1ec1n cao.<\/span><\/li>\n<\/ul>\n<h2><strong><span style=\"color: #000000;font-size: 110%\">\u0110\u1eb7c \u0111i\u1ec3m c\u1ee7a m\u00e1y \u00e9p g\u1ea1ch kh\u00f4ng nung<\/span><\/strong><\/h2>\n<p><span style=\"color: #000000;font-size: 110%\">M\u00e1y \u00e9p <a href=\"https:\/\/vi.wikipedia.org\/wiki\/G%E1%BA%A1ch_kh%C3%B4ng_nung\" target=\"_blank\" rel=\"noopener\">g\u1ea1ch kh\u00f4ng nung<\/a> c\u00f3 ch\u1ee9c n\u0103ng \u0111\u00f3ng g\u1ea1ch t\u1eeb m\u1ea1t \u0111\u00e1, c\u00e1t s\u1ecfi v\u1edbi c\u00e1c khu\u00f4n g\u1ea1ch c\u00f3 k\u00edch th\u01b0\u1edbc kh\u00e1c nhau, t\u00f9y v\u00e0o nhu c\u1ea7u c\u1ee7a ng\u01b0\u1eddi s\u1eed d\u1ee5ng. M\u00e1y \u0111a d\u1ea1ng v\u1ec1 m\u1eabu m\u00e3 khu\u00f4n g\u1ea1ch, m\u00e1y c\u00f3 c\u00e1c khu\u00f4n nh\u01b0 sau:<\/span><\/p>\n<ul>\n<li><span style=\"color: #ed1c24\"><strong>Khu\u00f4n 8 vi\u00ean<\/strong><\/span>: cho ra vi\u00ean g\u1ea1ch c\u1ee1 to, c\u00f3 2 l\u1ed7 \u1edf gi\u1eefa. Ph\u00f9 h\u1ee3p \u0111\u1ec3 x\u00e2y t\u01b0\u1eddng bao.<\/li>\n<li><span style=\"color: #ed1c24\"><strong>Khu\u00f4n 10 vi\u00ean<\/strong><\/span>: cho vi\u00ean g\u1ea1ch c\u1ee1 v\u1eeba, ph\u00f9 h\u1ee3p \u0111\u1ec3 x\u00e2y c\u00e1c c\u00f4ng tr\u00ecnh l\u1edbn nh\u1ecf<\/li>\n<li><span style=\"color: #ed1c24\"><strong>Khu\u00f4n 12 vi\u00ean<\/strong><\/span>: cho ra vi\u00ean g\u1ea1ch c\u1ee1 v\u1eeba, ph\u00f9 h\u1ee3p \u0111\u1ec3 x\u00e2y c\u00e1c c\u00f4ng tr\u00ecnh d\u1ea1ng khung<\/li>\n<li><span style=\"color: #ed1c24\"><strong>Khu\u00f4n 18 vi\u00ean<\/strong><\/span>: cho ra nh\u1eefng vi\u00ean g\u1ea1ch c\u1ee1 nh\u1ecf, ph\u00f9 h\u1ee3p \u0111\u1ec3 x\u00e2y nh\u00e0 c\u1eeda, quan \u0103n<\/li>\n<\/ul>\n<p><img loading=\"lazy\" decoding=\"async\" class=\"size-full wp-image-6328 aligncenter\" src=\"https:\/\/congtybinhminh.com\/wp-content\/uploads\/2020\/07\/cau-tao-may-dong-gach.jpg\" alt=\"cau-tao-may-dong-gach\" width=\"800\" height=\"318\" srcset=\"https:\/\/congtybinhminh.com\/wp-content\/uploads\/2020\/07\/cau-tao-may-dong-gach.jpg 800w, https:\/\/congtybinhminh.com\/wp-content\/uploads\/2020\/07\/cau-tao-may-dong-gach-510x203.jpg 510w, https:\/\/congtybinhminh.com\/wp-content\/uploads\/2020\/07\/cau-tao-may-dong-gach-768x305.jpg 768w\" sizes=\"auto, (max-width: 800px) 100vw, 800px\" \/><\/p>\n<h3><img loading=\"lazy\" decoding=\"async\" class=\"size-full wp-image-6329 aligncenter\" src=\"https:\/\/congtybinhminh.com\/wp-content\/uploads\/2020\/07\/bo-toi-mat.jpg\" alt=\"bo-toi-mat\" width=\"800\" height=\"448\" srcset=\"https:\/\/congtybinhminh.com\/wp-content\/uploads\/2020\/07\/bo-toi-mat.jpg 800w, https:\/\/congtybinhminh.com\/wp-content\/uploads\/2020\/07\/bo-toi-mat-510x286.jpg 510w, https:\/\/congtybinhminh.com\/wp-content\/uploads\/2020\/07\/bo-toi-mat-714x400.jpg 714w, https:\/\/congtybinhminh.com\/wp-content\/uploads\/2020\/07\/bo-toi-mat-768x430.jpg 768w\" sizes=\"auto, (max-width: 800px) 100vw, 800px\" \/><\/h3>\n<h3><strong><span style=\"color: #000000;font-size: 110%\">C\u00e1c b\u01b0\u1edbc s\u1eed d\u1ee5ng m\u00e1y \u00e9p g\u1ea1ch kh\u00f4ng nung:<\/span><\/strong><\/h3>\n<p><span style=\"color: #000000;font-size: 110%\"><span style=\"color: #00a859\"><strong>B\u01b0\u1edbc 1<\/strong><\/span>. B\u1ea5m n\u00fat 2 \u0111\u1ea7m rung.<\/span><br \/>\n<span style=\"color: #000000;font-size: 110%\"><span style=\"color: #00a859\"><strong>B\u01b0\u1edbc 2<\/strong><\/span>. Kh\u00e9o tay phanh.<\/span><br \/>\n<span style=\"color: #000000;font-size: 110%\"><span style=\"color: #00a859\"><strong>B\u01b0\u1edbc 3<\/strong><\/span>. K\u00e9o tay c\u1ea7m c\u00f2<\/span><\/p>\n<p><span style=\"color: #000000;font-size: 110%\"><span style=\"color: #00a859\"><strong>B\u01b0\u1edbc 4<\/strong><\/span>. B\u1ea5m n\u00fat 3 \u0111\u1ea7m rung.<\/span><br \/>\n<span style=\"color: #000000;font-size: 110%\"><span style=\"color: #00a859\"><strong>B\u01b0\u1edbc 5<\/strong><\/span>. Cu\u1ed1i c\u00f9ng b\u1ea5m n\u00fat l\u00ean khu\u00f4n ( m\u00e0u \u0111\u1ecf)<\/span><br \/>\n<span style=\"color: #000000;font-size: 110%\"><span style=\"color: #00a859\"><strong>B\u01b0\u1edbc 6<\/strong><\/span>. S\u1eed d\u1ee5ng xe l\u1ea5y g\u1ea1ch \u0111\u1ec3 l\u1ea5y g\u1ea1ch ra.<\/span><\/p>\n<p><span style=\"color: #000000;font-size: 110%\">M\u00e1y g\u1ea1ch khu\u00f4n 8 vi\u00ean l\u00e0 khu\u00f4n \u0111\u1ea1t ti\u00eau chu\u1ea9n, th\u01b0\u1eddng c\u00f3 s\u1eb5n ho\u1eb7c th\u1eddi gian \u0111\u1eb7t h\u00e0ng s\u1ebd nhanh ch\u00f3ng. Ngo\u00e0i nh\u1eefng khu\u00f4n ph\u1ed5 bi\u1ebfn nh\u01b0 tr\u00ean, c\u00f4ng ty c\u00f2n nh\u1eadn \u0111\u1eb7t c\u00e1c khu\u00f4n c\u00f3 k\u00edch th\u01b0\u1edbc kh\u00e1c theo y\u00eau c\u1ea7u c\u1ee7a kh\u00e1ch h\u00e0ng.<\/span><\/p>\n<h2><strong><span style=\"color: #000000;font-size: 110%\">Th\u00f4ng s\u1ed1 k\u1ef9 thu\u1eadt<\/span><\/strong><\/h2>\n<p><img loading=\"lazy\" decoding=\"async\" class=\"size-full wp-image-6330 aligncenter\" src=\"https:\/\/congtybinhminh.com\/wp-content\/uploads\/2020\/07\/thong-so-may-dong-hach.png\" alt=\"thong-so-may-dong-hach\" width=\"1135\" height=\"467\" srcset=\"https:\/\/congtybinhminh.com\/wp-content\/uploads\/2020\/07\/thong-so-may-dong-hach.png 1135w, https:\/\/congtybinhminh.com\/wp-content\/uploads\/2020\/07\/thong-so-may-dong-hach-510x210.png 510w, https:\/\/congtybinhminh.com\/wp-content\/uploads\/2020\/07\/thong-so-may-dong-hach-800x329.png 800w, https:\/\/congtybinhminh.com\/wp-content\/uploads\/2020\/07\/thong-so-may-dong-hach-768x316.png 768w\" sizes=\"auto, (max-width: 1135px) 100vw, 1135px\" \/><\/p>\n<h2><span id=\"Cam_ket_ve_gia_va_Chinh_sach_bao_hanh\" class=\"ez-toc-section\" style=\"font-size: 110%\"><strong>Cam k\u1ebft v\u1ec1 gi\u00e1 v\u00e0 Ch\u00ednh s\u00e1ch b\u1ea3o h\u00e0nh<\/strong><\/span><\/h2>\n<ul>\n<li><span style=\"font-size: 110%\">M\u00e1y do c\u00f4ng ty tr\u1ef1c ti\u1ebfp ch\u1ebf t\u1ea1o v\u00e0 s\u1ea3n xu\u1ea5t t\u1ea1i x\u01b0\u1edfng, kh\u00f4ng qua trung gian, \u0111\u1ea3m b\u1ea3o gi\u00e1 r\u1ebb nh\u1ea5t, ch\u1ea5t l\u01b0\u1ee3ng t\u1ed1t nh\u1ea5t, b\u1ea3o h\u00e0nh thu\u1eadn ti\u1ec7n nh\u1ea5t.<\/span><\/li>\n<li><span style=\"font-size: 110%\">\u0110\u1ed9i ng\u0169 k\u1ef9 thu\u1eadt c\u00f3 tr\u00ecnh \u0111\u1ed9 chuy\u00ean m\u00f4n cao, s\u1eb5n s\u00e0ng h\u1ed7 tr\u1ee3 k\u1ef9 thu\u1eadt t\u1eadn t\u00ecnh v\u00e0 tr\u1ecdn \u0111\u1eddi.<\/span><\/li>\n<li><span style=\"font-size: 110%\">B\u1ea3o h\u00e0nh t\u1ea1i c\u00f4ng ty 6 th\u00e1ng cho tr\u01b0\u1eddng h\u1ee3p m\u00e1y l\u1ed7i k\u1ef9 thu\u1eadt do c\u00f4ng ty s\u1ea3n xu\u1ea5t. H\u1ebft th\u1eddi gian n\u00e0y t\u01b0 v\u1ea5n k\u1ef9 thu\u1eadt tr\u1ecdn \u0111\u1eddi s\u1ea3n ph\u1ea9m.\u00a0<\/span><\/li>\n<\/ul>\n<h2><span id=\"Huong_dan_mua_hang\" class=\"ez-toc-section\" style=\"font-size: 110%\"><strong>H\u01b0\u1edbng d\u1eabn mua h\u00e0ng<\/strong><\/span><\/h2>\n<p><span style=\"font-size: 110%;color: #000000\">Kh\u00e1ch h\u00e0ng \u0111\u1ebfn c\u00f4ng ty mua m\u00e1y v\u00e0 thanh to\u00e1n tr\u1ef1c ti\u1ebfp b\u1eb1ng ti\u1ec1n m\u1eb7t.<\/span><\/p>\n<p><span style=\"font-size: 110%;color: #000000\">\u0110\u1ed1i v\u1edbi nh\u1eefng kh\u00e1ch h\u00e0ng \u1edf xa, C\u00f4ng ty s\u1ebd h\u01b0\u1edbng d\u1eabn mua h\u00e0ng v\u00e0 h\u1ed7 tr\u1ee3 giao h\u00e0ng to\u00e0n qu\u1ed1c. Qu\u00fd kh\u00e1ch vui l\u00f2ng chuy\u1ec3n kho\u1ea3n \u0111\u1eb7t c\u1ecdc, s\u1ed1 ti\u1ec1n m\u00e1y c\u00f2n l\u1ea1i s\u1ebd thanh to\u00e1n tr\u1ef1c ti\u1ebfp cho \u0111\u01a1n v\u1ecb v\u1eadn chuy\u1ec3n.<\/span><\/p>\n<p><span style=\"font-size: 110%;color: #000000\">\u0110\u1ec3 \u0111\u01b0\u1ee3c cung c\u1ea5p th\u00eam th\u00f4ng tin v\u1ec1 c\u00e1c d\u00f2ng s\u1ea3n ph\u1ea9m c\u1ee7a c\u00f4ng ty B\u00ecnh Minh, k\u00ednh m\u1eddi Qu\u00fd kh\u00e1ch li\u00ean h\u1ec7:<\/span><\/p>\n<p><span style=\"font-size: 110%;color: #000000\"><strong>C\u00d4NG TY TNHH D\u1ecaCH V\u1ee4 V\u00c0 S\u1ea2N XU\u1ea4T TH\u01af\u01a0NG M\u1ea0I XU\u1ea4T NH\u1eacP KH\u1ea8U B\u00ccNH MINH<\/strong><\/span><\/p>\n<p><span style=\"font-size: 110%;color: #000000\"><strong>\u0110\u1ecba ch\u1ec9:<\/strong>\u00a0S\u1ed1 249, Ph\u1ed1 L\u00ea L\u1ee3i \u2013 Ph\u01b0\u1eddng L\u00ea L\u1ee3i \u2013 Th\u1ecb x\u00e3 S\u01a1n T\u00e2y \u2013 Th\u00e0nh ph\u1ed1 H\u00e0 N\u1ed9i<\/span><\/p>\n<p>&nbsp;<\/p>\n","protected":false},"excerpt":{"rendered":"<ul>\n<li><strong><span style=\"color: #ed1c24\">Ngu\u1ed3n \u0111i\u1ec7n<\/span> : 380V<\/strong><\/li>\n<li><strong><span style=\"color: #ed1c24\">C\u00f4ng su\u1ea5t<\/span> : 2.2 kw<\/strong><\/li>\n<li><strong><span style=\"color: #ed1c24\">N\u0103ng su\u1ea5t<\/span> : 3000-4000 vi\u00ean\/ca<\/strong><\/li>\n<li><strong><span style=\"color: #ed1c24\">K\u00edch th\u01b0\u1edbc<\/span>: 82*205*105 cm<\/strong><\/li>\n<li><strong><span style=\"color: #ed1c24\">T\u00ednh n\u0103ng<\/span>: \u0110\u00f3ng g\u1ea1ch t\u1eeb nguy\u00ean li\u1ec7u \u0111\u00e1 m\u1ea1t, c\u00e1t, s\u1ecfi, xi m\u0103ng<\/strong><\/li>\n<\/ul>\n","protected":false},"featured_media":6318,"comment_status":"closed","ping_status":"closed","template":"","meta":[],"product_brand":[],"product_cat":[43],"product_tag":[],"class_list":{"0":"post-6317","1":"product","2":"type-product","3":"status-publish","4":"has-post-thumbnail","6":"product_cat-may-dong-gach","8":"first","9":"instock","10":"shipping-taxable","11":"product-type-simple"},"_links":{"self":[{"href":"https:\/\/congtybinhminh.com\/index.php?rest_route=\/wp\/v2\/product\/6317","targetHints":{"allow":["GET"]}}],"collection":[{"href":"https:\/\/congtybinhminh.com\/index.php?rest_route=\/wp\/v2\/product"}],"about":[{"href":"https:\/\/congtybinhminh.com\/index.php?rest_route=\/wp\/v2\/types\/product"}],"replies":[{"embeddable":true,"href":"https:\/\/congtybinhminh.com\/index.php?rest_route=%2Fwp%2Fv2%2Fcomments&post=6317"}],"wp:featuredmedia":[{"embeddable":true,"href":"https:\/\/congtybinhminh.com\/index.php?rest_route=\/wp\/v2\/media\/6318"}],"wp:attachment":[{"href":"https:\/\/congtybinhminh.com\/index.php?rest_route=%2Fwp%2Fv2%2Fmedia&parent=6317"}],"wp:term":[{"taxonomy":"product_brand","embeddable":true,"href":"https:\/\/congtybinhminh.com\/index.php?rest_route=%2Fwp%2Fv2%2Fproduct_brand&post=6317"},{"taxonomy":"product_cat","embeddable":true,"href":"https:\/\/congtybinhminh.com\/index.php?rest_route=%2Fwp%2Fv2%2Fproduct_cat&post=6317"},{"taxonomy":"product_tag","embeddable":true,"href":"https:\/\/congtybinhminh.com\/index.php?rest_route=%2Fwp%2Fv2%2Fproduct_tag&post=6317"}],"curies":[{"name":"wp","href":"https:\/\/api.w.org\/{rel}","templated":true}]}}