{"id":5403,"date":"2020-05-18T08:28:35","date_gmt":"2020-05-18T01:28:35","guid":{"rendered":"https:\/\/congtybinhminh.com\/?post_type=product&#038;p=5403"},"modified":"2020-07-06T14:33:47","modified_gmt":"2020-07-06T07:33:47","slug":"may-bam-cay-thuoc-binh-minh","status":"publish","type":"product","link":"https:\/\/congtybinhminh.com\/?product=may-bam-cay-thuoc-binh-minh","title":{"rendered":"M\u00e1y b\u0103m c\u00e2y thu\u1ed1c B\u00ecnh Minh"},"content":{"rendered":"<p><span style=\"color: #000000;\">Hi\u00ean nay nhu c\u1ea7u t\u1ef1 s\u1ea3n xu\u1ea5t, s\u01a1 ch\u1ebf c\u00e1c lo\u1ea1i c\u00e2y thu\u1ed1c, d\u01b0\u1ee3c li\u1ec7u \u0111\u1ec3 gi\u1ea3m b\u1edbt chi ph\u00ed \u0111\u1ea7u v\u00e0o \u0111ang ng\u00e0y c\u00e0ng t\u0103ng. V\u00ec v\u1eady, c\u00f4ng ty TNHH B\u00ecnh Minh \u0111\u00e3 cho ra \u0111\u1eddi M\u00e1y b\u0103m c\u00e2y thu\u1ed1c \u0111a n\u0103ng v\u1edbi nhi\u1ec1u c\u1ea3i ti\u1ebfn hi\u1ec7n \u0111\u1ea1i gi\u00fap b\u00e0 con kh\u00f4ng c\u00f2n ph\u1ea3i ng\u1ed3i h\u00e0ng gi\u1edd b\u0103m, ch\u1eb7t, th\u00e1i c\u00e1c th\u00e2n c\u00e2y, c\u00e0nh c\u00e2y, d\u1ea1ng d\u00e2y, d\u1ea1ng c\u00e0nh,\u2026 V\u1eeba ti\u1ebft ki\u1ec7m th\u1eddi gian v\u00e0 chi ph\u00ed nh\u00e2n c\u00f4ng v\u1eeba n\u00e2ng cao n\u0103ng su\u1ea5t<\/span><\/p>\n<p><img loading=\"lazy\" decoding=\"async\" class=\"size-full wp-image-5409 aligncenter\" src=\"https:\/\/congtybinhminh.com\/wp-content\/uploads\/2020\/05\/may-bam-cay-thuoc.jpg\" alt=\"\" width=\"800\" height=\"600\" srcset=\"https:\/\/congtybinhminh.com\/wp-content\/uploads\/2020\/05\/may-bam-cay-thuoc.jpg 800w, https:\/\/congtybinhminh.com\/wp-content\/uploads\/2020\/05\/may-bam-cay-thuoc-510x383.jpg 510w, https:\/\/congtybinhminh.com\/wp-content\/uploads\/2020\/05\/may-bam-cay-thuoc-533x400.jpg 533w, https:\/\/congtybinhminh.com\/wp-content\/uploads\/2020\/05\/may-bam-cay-thuoc-768x576.jpg 768w\" sizes=\"auto, (max-width: 800px) 100vw, 800px\" \/><\/p>\n<h2><span style=\"color: #000000;\"><strong>C\u1ea5u t\u1ea1o m\u00e1y b\u0103m c\u00e2y thu\u1ed1c<\/strong><\/span><\/h2>\n<ul>\n<li><span style=\"color: #000000;\">\u00a02 toa n\u1ea1p ti\u1ec7n l\u1ee3i n\u1eb1m 2 b\u00ean th\u00e2n m\u00e1y :<\/span><\/li>\n<li><span style=\"color: #000000;\">\u00a01 \u0111\u1ea7u c\u1eeda n\u1ea1p d\u00f9ng \u0111\u1ec3 b\u0103m c\u00e1c lo\u1ea1i c\u00e2y d\u1ea1ng d\u00e2y, c\u00e2y c\u1ecf, d\u1ea1ng c\u00e0nh.<\/span><\/li>\n<li><span style=\"color: #000000;\">\u00a01 \u0111\u1ea7u c\u1eeda nghi\u1ec1n c\u00e1c th\u00e2n c\u00e2y thu\u1ed1c l\u1edbn c\u00f3 \u0111\u01b0\u1eddng k\u00ednh t\u1eeb 5 \u2013 7 cm.<\/span><\/li>\n<\/ul>\n<p><img loading=\"lazy\" decoding=\"async\" class=\"size-full wp-image-5410 aligncenter\" src=\"https:\/\/congtybinhminh.com\/wp-content\/uploads\/2020\/05\/may-bam-thuoc-2020-7.jpg\" alt=\"may-bam-thuoc-2020-7\" width=\"800\" height=\"661\" srcset=\"https:\/\/congtybinhminh.com\/wp-content\/uploads\/2020\/05\/may-bam-thuoc-2020-7.jpg 800w, https:\/\/congtybinhminh.com\/wp-content\/uploads\/2020\/05\/may-bam-thuoc-2020-7-510x421.jpg 510w, https:\/\/congtybinhminh.com\/wp-content\/uploads\/2020\/05\/may-bam-thuoc-2020-7-484x400.jpg 484w, https:\/\/congtybinhminh.com\/wp-content\/uploads\/2020\/05\/may-bam-thuoc-2020-7-768x635.jpg 768w\" sizes=\"auto, (max-width: 800px) 100vw, 800px\" \/><\/p>\n<ul>\n<li><span style=\"color: #000000;\">Bu\u1ed3ng l\u00e0m vi\u1ec7c g\u1ed3m 3 dao b\u0103m th\u00e1i to c\u00f9ng 1 b\u00e1nh \u0111\u00e0, tr\u00ean b\u00e1nh \u0111\u00e0 g\u1ed3m 4 dao b\u0103m nh\u00edp, gi\u00fap cho \u00a0qu\u00e1 tr\u00ecnh b\u0103m nh\u1ecf c\u00e1c th\u00e2n c\u00e2y thu\u1ed1c d\u1ea1ng g\u1ed7 d\u1ec5 d\u00e0ng.<\/span><\/li>\n<\/ul>\n<h2><span style=\"color: #000000;\"><strong>Nguy\u00ean l\u00fd ho\u1ea1t \u0111\u1ed9ng c\u1ee7a m\u00e1y<\/strong><\/span><\/h2>\n<p><span style=\"color: #000000;\">\u00a0 \u00a0_ V\u1edbi l\u1ef1c truy\u1ec1n chuy\u1ec3n \u0111\u1ed9ng qua buly v\u00e0 d\u00e2y curoa nh\u1edd \u0111\u1ed9ng c\u01a1 3kw &#8211; To\u00e0n Ph\u00e1t l\u00f5i \u0111\u1ed3ng, c\u00e1c dao b\u0103m c\u00f9ng b\u00e1nh \u0111\u00e0 quay v\u1edbi t\u1ed1c \u0111\u1ed9 nhanh ch\u00f3ng.<\/span><\/p>\n<p><img loading=\"lazy\" decoding=\"async\" class=\"size-full wp-image-5411 aligncenter\" src=\"https:\/\/congtybinhminh.com\/wp-content\/uploads\/2020\/05\/bam-cay-thuoc-bo-phan.jpg\" alt=\"bam-cay-thuoc-bo-phan\" width=\"807\" height=\"600\" srcset=\"https:\/\/congtybinhminh.com\/wp-content\/uploads\/2020\/05\/bam-cay-thuoc-bo-phan.jpg 807w, https:\/\/congtybinhminh.com\/wp-content\/uploads\/2020\/05\/bam-cay-thuoc-bo-phan-510x379.jpg 510w, https:\/\/congtybinhminh.com\/wp-content\/uploads\/2020\/05\/bam-cay-thuoc-bo-phan-538x400.jpg 538w, https:\/\/congtybinhminh.com\/wp-content\/uploads\/2020\/05\/bam-cay-thuoc-bo-phan-768x571.jpg 768w\" sizes=\"auto, (max-width: 807px) 100vw, 807px\" \/><br \/>\n<span style=\"color: #000000;\">\u00a0 \u00a0_ Nguy\u00ean li\u1ec7u \u0111\u01b0a v\u00e0o t\u1eeb toa n\u1ea1p s\u1ebd \u0111\u01b0\u1ee3c b\u0103m nh\u1ecf v\u00e0 \u0111i ra h\u1ec7 th\u1ed1ng c\u1eeda x\u1ea3 d\u01b0\u1edbi cho ngu\u1ed3n n\u0103ng su\u1ea5t \u0111\u1ea1t t\u1eeb 200 \u2013 300kg\/h s\u1ebd r\u1ea5t ph\u00f9 h\u1ee3p cho c\u00e1c ch\u1ee7 s\u1edf kinh doanh quy m\u00f4 v\u1eeba v\u00e0 nh\u1ecf.<\/span><\/p>\n<h2><span style=\"color: #000000;\"><strong>\u01afu \u0111i\u1ec3m m\u00e1y b\u0103m c\u00e2y thu\u1ed1c<\/strong><\/span><\/h2>\n<p><span style=\"color: #000000;\">\u2013\u00a0\u00a0 \u00a0Thi\u1ebft k\u1ebf nh\u1ecf g\u1ecdn, ti\u1ec7n l\u1ee3i h\u01a1n v\u1edbi h\u1ec7 th\u1ed1ng 4 b\u00e1nh xe di chuy\u1ec3n t\u1edbi m\u1ecdi n\u01a1i.<\/span><\/p>\n<p><span style=\"color: #000000;\">\u2013\u00a0\u00a0 \u00a0M\u00e1y s\u1eed d\u1ee5ng ngu\u1ed3n \u0111i\u1ec7n d\u00e2n d\u1ee5ng 220V, ti\u1ec7n \u00edch cho vi\u1ec7c t\u1ed5 ch\u1ee9c kinh doanh s\u1ea3n xu\u1ea5t t\u1ea1i gia.<\/span><\/p>\n<p><img loading=\"lazy\" decoding=\"async\" class=\"size-full wp-image-5412 aligncenter\" src=\"https:\/\/congtybinhminh.com\/wp-content\/uploads\/2020\/05\/may-bam-thuoc-2020-6.jpg\" alt=\"may-bam-thuoc-2020-6\" width=\"800\" height=\"600\" srcset=\"https:\/\/congtybinhminh.com\/wp-content\/uploads\/2020\/05\/may-bam-thuoc-2020-6.jpg 800w, https:\/\/congtybinhminh.com\/wp-content\/uploads\/2020\/05\/may-bam-thuoc-2020-6-510x383.jpg 510w, https:\/\/congtybinhminh.com\/wp-content\/uploads\/2020\/05\/may-bam-thuoc-2020-6-533x400.jpg 533w, https:\/\/congtybinhminh.com\/wp-content\/uploads\/2020\/05\/may-bam-thuoc-2020-6-768x576.jpg 768w\" sizes=\"auto, (max-width: 800px) 100vw, 800px\" \/><\/p>\n<p><span style=\"color: #000000;\">\u2013\u00a0\u00a0 \u00a0Th\u00e0nh ph\u1ea9m ra s\u1ebd c\u00f3 \u0111\u1ed9 d\u00e0i t\u1eeb 1 \u2013 3 cm, \u0111\u1ea9y nhanh c\u00f4ng \u0111o\u1ea1n ch\u1ebf bi\u1ebfn th\u00e0nh ph\u1ea9m .<\/span><\/p>\n<h2><span style=\"color: #000000;\"><strong>Th\u00f4ng s\u1ed1 k\u1ef9 thu\u1eadt c\u1ee7a m\u00e1y<\/strong><\/span><\/h2>\n<p><span style=\"color: #000000;\"><img loading=\"lazy\" decoding=\"async\" class=\"size-full wp-image-5404 aligncenter\" src=\"https:\/\/congtybinhminh.com\/wp-content\/uploads\/2020\/05\/thong-so-may-bam-thuoc.png\" alt=\"thong-so-may-bam-thuoc\" width=\"800\" height=\"471\" srcset=\"https:\/\/congtybinhminh.com\/wp-content\/uploads\/2020\/05\/thong-so-may-bam-thuoc.png 800w, https:\/\/congtybinhminh.com\/wp-content\/uploads\/2020\/05\/thong-so-may-bam-thuoc-510x300.png 510w, https:\/\/congtybinhminh.com\/wp-content\/uploads\/2020\/05\/thong-so-may-bam-thuoc-679x400.png 679w, https:\/\/congtybinhminh.com\/wp-content\/uploads\/2020\/05\/thong-so-may-bam-thuoc-768x452.png 768w\" sizes=\"auto, (max-width: 800px) 100vw, 800px\" \/><\/span><\/p>\n<p><span style=\"color: #000000;\">Ngo\u00e0i ra, n\u1ebfu b\u00e0 con c\u00f3 nhu c\u1ea7u s\u1eed d\u1ee5ng m\u00e1y n\u0103ng su\u1ea5t cao h\u01a1n c\u00f3 th\u1ec3 tham kh\u1ea3o <span style=\"color: #ed1c24;\"><a style=\"color: #ed1c24;\" href=\"https:\/\/congtybinhminh.com\/sp\/may-bam-go-da-nang-2t\/\">m\u00e1y b\u0103m g\u1ed7 2T<\/a><\/span>. M\u00e1y c\u00f3 t\u00ednh n\u0103ng b\u0103m nh\u1ecf th\u00e2n c\u00e2y, c\u00e0nh c\u00e2y, x\u01a1 d\u1eeba, b\u00e3 m\u00eda,\u2026c\u00e1c ph\u1ee5 ph\u1ea9m n\u00f4ng \u2013 c\u00f4ng nghi\u1ec7p<\/span><\/p>\n<p><img loading=\"lazy\" decoding=\"async\" class=\"size-full wp-image-4798 aligncenter\" src=\"https:\/\/congtybinhminh.com\/wp-content\/uploads\/2020\/04\/anh-that-2t.jpg\" alt=\"anh-that-2t\" width=\"800\" height=\"600\" \/><\/p>\n<h2><span id=\"Cam_ket_ve_gia_va_Chinh_sach_bao_hanh\" class=\"ez-toc-section\" style=\"color: #000000;\"><strong>Cam k\u1ebft v\u1ec1 gi\u00e1 v\u00e0 Ch\u00ednh s\u00e1ch b\u1ea3o h\u00e0nh<\/strong><\/span><\/h2>\n<ul>\n<li><span style=\"color: #000000;\">M\u00e1y do c\u00f4ng ty tr\u1ef1c ti\u1ebfp ch\u1ebf t\u1ea1o v\u00e0 s\u1ea3n xu\u1ea5t t\u1ea1i x\u01b0\u1edfng, kh\u00f4ng qua trung gian, \u0111\u1ea3m b\u1ea3o gi\u00e1 r\u1ebb nh\u1ea5t, ch\u1ea5t l\u01b0\u1ee3ng t\u1ed1t nh\u1ea5t, b\u1ea3o h\u00e0nh thu\u1eadn ti\u1ec7n nh\u1ea5t.<\/span><\/li>\n<li><span style=\"color: #000000;\">\u0110\u1ed9i ng\u0169 k\u1ef9 thu\u1eadt c\u00f3 tr\u00ecnh \u0111\u1ed9 chuy\u00ean m\u00f4n cao, s\u1eb5n s\u00e0ng h\u1ed7 tr\u1ee3 k\u1ef9 thu\u1eadt t\u1eadn t\u00ecnh v\u00e0 tr\u1ecdn \u0111\u1eddi.<\/span><\/li>\n<li><span style=\"color: #000000;\">B\u1ea3o h\u00e0nh t\u1ea1i c\u00f4ng ty 6 th\u00e1ng cho tr\u01b0\u1eddng h\u1ee3p m\u00e1y l\u1ed7i k\u1ef9 thu\u1eadt do c\u00f4ng ty s\u1ea3n xu\u1ea5t. H\u1ebft th\u1eddi gian n\u00e0y t\u01b0 v\u1ea5n k\u1ef9 thu\u1eadt tr\u1ecdn \u0111\u1eddi s\u1ea3n ph\u1ea9m.\u00a0<\/span><\/li>\n<\/ul>\n<h2><span id=\"Huong_dan_mua_hang\" class=\"ez-toc-section\" style=\"color: #000000;\"><strong>H\u01b0\u1edbng d\u1eabn mua h\u00e0ng<\/strong><\/span><\/h2>\n<p><span style=\"color: #000000;\">Kh\u00e1ch h\u00e0ng \u0111\u1ebfn c\u00f4ng ty mua m\u00e1y v\u00e0 thanh to\u00e1n tr\u1ef1c ti\u1ebfp b\u1eb1ng ti\u1ec1n m\u1eb7t.<\/span><\/p>\n<p><span style=\"color: #000000;\">\u0110\u1ed1i v\u1edbi nh\u1eefng kh\u00e1ch h\u00e0ng \u1edf xa, C\u00f4ng ty s\u1ebd h\u01b0\u1edbng d\u1eabn mua h\u00e0ng v\u00e0 h\u1ed7 tr\u1ee3 giao h\u00e0ng to\u00e0n qu\u1ed1c. Qu\u00fd kh\u00e1ch vui l\u00f2ng chuy\u1ec3n kho\u1ea3n \u0111\u1eb7t c\u1ecdc, s\u1ed1 ti\u1ec1n m\u00e1y c\u00f2n l\u1ea1i s\u1ebd thanh to\u00e1n tr\u1ef1c ti\u1ebfp cho \u0111\u01a1n v\u1ecb v\u1eadn chuy\u1ec3n.<\/span><\/p>\n<p><span style=\"color: #000000;\">\u0110\u1ec3 \u0111\u01b0\u1ee3c cung c\u1ea5p th\u00eam th\u00f4ng tin v\u1ec1 c\u00e1c d\u00f2ng s\u1ea3n ph\u1ea9m c\u1ee7a c\u00f4ng ty B\u00ecnh Minh, k\u00ednh m\u1eddi Qu\u00fd kh\u00e1ch li\u00ean h\u1ec7:<\/span><\/p>\n<p><span style=\"color: #000000;\"><strong>C\u00d4NG TY TNHH D\u1ecaCH V\u1ee4 V\u00c0 S\u1ea2N XU\u1ea4T TH\u01af\u01a0NG M\u1ea0I XU\u1ea4T NH\u1eacP KH\u1ea8U B\u00ccNH MINH<\/strong><\/span><\/p>\n<p><span style=\"color: #000000;\"><strong>\u0110\u1ecba ch\u1ec9:<\/strong>\u00a0S\u1ed1 249, Ph\u1ed1 L\u00ea L\u1ee3i \u2013 Ph\u01b0\u1eddng L\u00ea L\u1ee3i \u2013 Th\u1ecb x\u00e3 S\u01a1n T\u00e2y \u2013 Th\u00e0nh ph\u1ed1 H\u00e0 N\u1ed9i<\/span><\/p>\n<p><span style=\"color: #000000;\"><strong>Hotline:\u00a0<span style=\"color: #ed1c24;\">0888.01.8822<\/span>\u00a0\u2013\u00a0<span style=\"color: #0000ff;\">0941.62.4466<\/span><\/strong><\/span><\/p>\n<p>&nbsp;<\/p>\n","protected":false},"excerpt":{"rendered":"<ul>\n<li><span style=\"color: #000000;\"><span style=\"color: #ed1c24;\">Th\u01b0\u01a1ng hi\u1ec7u<\/span> : B\u00ecnh Minh<\/span><\/li>\n<li><span style=\"color: #000000;\"><span style=\"color: #ed1c24;\">C\u00f4ng su\u1ea5t \u0111\u1ed9ng c\u01a1<\/span> : 3 kW &#8211; 3.5kW<\/span><\/li>\n<li><span style=\"color: #000000;\"><span style=\"color: #ed1c24;\">T\u1ed1c \u0111\u1ed9 \u0111\u1ed9ng c\u01a1<\/span> : 1450 v\u00f2ng\/ ph\u00fat<\/span><\/li>\n<li><span style=\"color: #000000;\"><span style=\"color: #ed1c24;\">Ngu\u1ed3n \u0111i\u1ec7n<\/span> : 220V<\/span><\/li>\n<li><span style=\"color: #000000;\"><span style=\"color: #ed1c24;\">N\u0103ng su\u1ea5t <\/span>: 200-300 kg\/h<\/span><\/li>\n<li><span style=\"color: #000000;\"><span style=\"color: #ed1c24;\">T\u00ednh n\u0103ng<\/span> : m\u00e1y c\u00f3 ch\u1ee9c n\u0103ng b\u0103m nh\u1ecf c\u00e1c th\u00e2n c\u00e2y d\u1ea1ng g\u1ed7, d\u1ea1ng c\u00e0nh, d\u1ea1ng d\u00e2y, \u2026 ph\u1ee5c v\u1ee5 cho ng\u00e0nh ch\u1ebf bi\u1ebfn thu\u1ed1c \u0111\u00f4ng y.<\/span><\/li>\n<\/ul>\n","protected":false},"featured_media":5406,"comment_status":"closed","ping_status":"closed","template":"","meta":[],"product_brand":[],"product_cat":[41],"product_tag":[],"class_list":{"0":"post-5403","1":"product","2":"type-product","3":"status-publish","4":"has-post-thumbnail","6":"product_cat-may-bam-go","8":"first","9":"instock","10":"shipping-taxable","11":"product-type-simple"},"_links":{"self":[{"href":"https:\/\/congtybinhminh.com\/index.php?rest_route=\/wp\/v2\/product\/5403","targetHints":{"allow":["GET"]}}],"collection":[{"href":"https:\/\/congtybinhminh.com\/index.php?rest_route=\/wp\/v2\/product"}],"about":[{"href":"https:\/\/congtybinhminh.com\/index.php?rest_route=\/wp\/v2\/types\/product"}],"replies":[{"embeddable":true,"href":"https:\/\/congtybinhminh.com\/index.php?rest_route=%2Fwp%2Fv2%2Fcomments&post=5403"}],"wp:featuredmedia":[{"embeddable":true,"href":"https:\/\/congtybinhminh.com\/index.php?rest_route=\/wp\/v2\/media\/5406"}],"wp:attachment":[{"href":"https:\/\/congtybinhminh.com\/index.php?rest_route=%2Fwp%2Fv2%2Fmedia&parent=5403"}],"wp:term":[{"taxonomy":"product_brand","embeddable":true,"href":"https:\/\/congtybinhminh.com\/index.php?rest_route=%2Fwp%2Fv2%2Fproduct_brand&post=5403"},{"taxonomy":"product_cat","embeddable":true,"href":"https:\/\/congtybinhminh.com\/index.php?rest_route=%2Fwp%2Fv2%2Fproduct_cat&post=5403"},{"taxonomy":"product_tag","embeddable":true,"href":"https:\/\/congtybinhminh.com\/index.php?rest_route=%2Fwp%2Fv2%2Fproduct_tag&post=5403"}],"curies":[{"name":"wp","href":"https:\/\/api.w.org\/{rel}","templated":true}]}}