{"id":5377,"date":"2020-05-17T14:57:59","date_gmt":"2020-05-17T07:57:59","guid":{"rendered":"https:\/\/congtybinhminh.com\/?post_type=product&#038;p=5377"},"modified":"2025-11-04T13:54:07","modified_gmt":"2025-11-04T06:54:07","slug":"may-say-inox-10-khay-gia-dinh","status":"publish","type":"product","link":"https:\/\/congtybinhminh.com\/?product=may-say-inox-10-khay-gia-dinh","title":{"rendered":"M\u00e1y s\u1ea5y n\u00f4ng s\u1ea3n MSI-01"},"content":{"rendered":"<p><strong>Xem video tr\u1ef1c ti\u1ebfp t\u1ea1i \u0111\u00e2y:<\/strong><\/p>\n<p><iframe loading=\"lazy\" title=\"M\u00e1y S\u1ea5y Th\u1ef1c Ph\u1ea9m Inox 10 Khay Ch\u1ea5t L\u01b0\u1ee3ng Cao\" width=\"1020\" height=\"574\" src=\"https:\/\/www.youtube.com\/embed\/clqfrPy5Rhs?feature=oembed\" frameborder=\"0\" allow=\"accelerometer; autoplay; clipboard-write; encrypted-media; gyroscope; picture-in-picture; web-share\" referrerpolicy=\"strict-origin-when-cross-origin\" allowfullscreen><\/iframe><\/p>\n<p><span style=\"color: #000000\">Hi\u1ec7n nay, c\u00e1c s\u1ea3n ph\u1ea9m s\u1ea5y kh\u00f4 \u0111ang ng\u00e0y c\u00e0ng \u0111\u01b0\u1ee3c \u01b0a chu\u1ed9ng b\u1edfi gi\u00e1 tr\u1ecb dinh d\u01b0\u1ee1ng, d\u1ec5 b\u1ea3o qu\u1ea3n v\u00e0 d\u1ec5 s\u1eed d\u1ee5ng. M\u00e1y s\u1ea5y inox 10 khay gia \u0111\u00ecnh ra \u0111\u1eddi nh\u1eb1m \u0111\u00e1p \u1ee9ng nhu c\u1ea7u c\u1ee7a c\u00e1c h\u1ed9 kinh doanh nh\u1ecf, l\u1ebb cho n\u0103ng su\u1ea5t 30-50 kg\/m\u1ebb.<\/span><\/p>\n<p><span style=\"color: #000000\">Ch\u1ee9c n\u0103ng ch\u00ednh c\u1ee7a m\u00e1y s\u1ea5y n\u00e0y l\u00e0 s\u1ea5y c\u00e1c lo\u1ea1i nguy\u00ean li\u1ec7u t\u00f9y nhu c\u1ea7u ng\u01b0\u1eddi s\u1eed d\u1ee5ng nh\u01b0: hoa qu\u1ea3 (chu\u1ed1i, t\u00e1o, thanh long, m\u00edt, cam, \u1ed5i, nh\u00e3n,\u2026), th\u1ecbt b\u00f2, th\u1ecbt g\u00e0, m\u0103ng, h\u1ea1t macca ho\u1eb7c s\u1ea5y c\u00e1m\u2026<\/span><\/p>\n<p><img loading=\"lazy\" decoding=\"async\" class=\"size-full wp-image-5383 aligncenter\" src=\"https:\/\/congtybinhminh.com\/wp-content\/uploads\/2020\/05\/may-say.jpg\" alt=\"\" width=\"800\" height=\"600\" srcset=\"https:\/\/congtybinhminh.com\/wp-content\/uploads\/2020\/05\/may-say.jpg 800w, https:\/\/congtybinhminh.com\/wp-content\/uploads\/2020\/05\/may-say-510x383.jpg 510w, https:\/\/congtybinhminh.com\/wp-content\/uploads\/2020\/05\/may-say-533x400.jpg 533w, https:\/\/congtybinhminh.com\/wp-content\/uploads\/2020\/05\/may-say-768x576.jpg 768w\" sizes=\"auto, (max-width: 800px) 100vw, 800px\" \/><\/p>\n<h2><strong><span style=\"color: #000000\">C\u1ea5u t\u1ea1o c\u1ee7a m\u00e1y s\u1ea5y inox 10 khay gia \u0111\u00ecnh<\/span><\/strong><\/h2>\n<ul>\n<li><span style=\"color: #000000\">To\u00e0n b\u1ed9 m\u00e1y \u0111\u01b0\u1ee3c thi\u1ebft k\u1ebf ho\u00e0n to\u00e0n b\u1eb1ng ch\u1ea5t li\u1ec7u inox cao c\u1ea5p, d\u1ea7y d\u1eb7n.<\/span><\/li>\n<li><span style=\"color: #000000\">M\u00e1y \u0111\u01b0\u1ee3c c\u1ea5u t\u1ea1o 10 khay s\u1ea5y v\u1edbi k\u00edch th\u01b0\u1edbc chi\u1ec1u d\u00e0i 60cm * chi\u1ec1u r\u1ed9ng 43cm c\u00f3 s\u1ee9c ch\u1ee9a \u0111\u01b0\u1ee3c 3 \u2013 5kg nguy\u00ean li\u1ec7u.<\/span><\/li>\n<li><span style=\"color: #000000\">H\u1ec7 th\u1ed1ng thanh nhi\u1ec7t g\u1ed3m 2 thanh nhi\u1ec7t ch\u1eef U c\u00f9ng c\u00f4ng su\u1ea5t 800W\/ thanh.<\/span><\/li>\n<\/ul>\n<p><img loading=\"lazy\" decoding=\"async\" class=\"size-full wp-image-5382 aligncenter\" src=\"https:\/\/congtybinhminh.com\/wp-content\/uploads\/2020\/05\/may-say-c.jpg\" alt=\"may-say-c\" width=\"800\" height=\"600\" srcset=\"https:\/\/congtybinhminh.com\/wp-content\/uploads\/2020\/05\/may-say-c.jpg 800w, https:\/\/congtybinhminh.com\/wp-content\/uploads\/2020\/05\/may-say-c-510x383.jpg 510w, https:\/\/congtybinhminh.com\/wp-content\/uploads\/2020\/05\/may-say-c-533x400.jpg 533w, https:\/\/congtybinhminh.com\/wp-content\/uploads\/2020\/05\/may-say-c-768x576.jpg 768w\" sizes=\"auto, (max-width: 800px) 100vw, 800px\" \/><\/p>\n<ul>\n<li><span style=\"color: #000000\">\u1ed0ng h\u00fat v\u00e0 2 qu\u1ea1t \u0111\u1ed1i l\u01b0u kh\u00ed n\u00f3ng \u0111\u01b0\u1ee3c l\u1eafp \u0111\u1eb7t \u0111\u1ec3 h\u00fat \u0111\u1ed9 \u1ea9m trong bu\u1ed3ng l\u00e0m vi\u1ec7c gi\u00fap th\u1ef1c ph\u1ea9m \u0111\u01b0\u1ee3c kh\u00f4 \u0111\u1ec1u, ch\u1ea5t l\u01b0\u1ee3ng.<\/span><\/li>\n<li><span style=\"color: #000000\">Ch\u1ed1t kh\u00f3a t\u1ee7 \u0111\u01b0\u1ee3c thi\u1ebft k\u1ebf ch\u1eafc ch\u1eafn c\u00f9ng gio\u0103ng cao su \u0111\u01b0\u1ee3c b\u1ecdc quanh vi\u1ec1n m\u00e1y s\u1ebd c\u00f3 t\u00e1c d\u1ee5ng t\u1ecfa nhi\u1ec7t \u0111\u1ec1u to\u00e0n b\u1ed9 10 khay s\u1ea5y m\u00e0 kh\u00f4ng b\u1ecb tho\u00e1t nhi\u1ec7t ra ngo\u00e0i.<\/span><\/li>\n<li><span style=\"color: #000000\">B\u1ea3ng \u0111i\u1ec1u khi\u1ec3n th\u00f4ng minh s\u1ebd \u0111\u01b0\u1ee3c c\u1ea3i ti\u1ebfn \u0111\u1ed3ng h\u1ed3 \u0111i\u1ec7n t\u1eed hi\u1ec7n \u0111\u1ea1i h\u01a1n, d\u1ec5 d\u00e0ng s\u1eed d\u1ee5ng h\u01a1n.<\/span><\/li>\n<\/ul>\n<p><img loading=\"lazy\" decoding=\"async\" class=\"size-full wp-image-5384 aligncenter\" src=\"https:\/\/congtybinhminh.com\/wp-content\/uploads\/2020\/05\/bang-dieu-khien-may-say.jpg\" alt=\"bang-dieu-khien-may-say\" width=\"800\" height=\"600\" srcset=\"https:\/\/congtybinhminh.com\/wp-content\/uploads\/2020\/05\/bang-dieu-khien-may-say.jpg 800w, https:\/\/congtybinhminh.com\/wp-content\/uploads\/2020\/05\/bang-dieu-khien-may-say-510x383.jpg 510w, https:\/\/congtybinhminh.com\/wp-content\/uploads\/2020\/05\/bang-dieu-khien-may-say-533x400.jpg 533w, https:\/\/congtybinhminh.com\/wp-content\/uploads\/2020\/05\/bang-dieu-khien-may-say-768x576.jpg 768w\" sizes=\"auto, (max-width: 800px) 100vw, 800px\" \/><\/p>\n<h2><span style=\"color: #000000\"><b><strong>\u01afu \u0111i\u1ec3m m\u00e1y s\u1ea5y inox 10 khay gia \u0111\u00ecnh<\/strong><\/b><\/span><\/h2>\n<p><span style=\"color: #000000\">_ M\u00e1y s\u1eed d\u1ee5ng ngu\u1ed3n \u0111i\u1ec7n gia \u0111\u00ecnh d\u00e2n d\u1ee5ng (220V)<\/span><\/p>\n<p><span style=\"color: #000000\">\u2013 Khay s\u1ea5y \u0111\u01b0\u1ee3c thi\u1ebft k\u1ebf \u0111\u1ed9 s\u00e2u 3cm ch\u1ee9a \u0111\u01b0\u1ee3c l\u01b0\u1ee3ng nguy\u00ean li\u1ec7u v\u1eeba ph\u1ea3i cho c\u00e1c h\u1ed9 kinh doanh v\u1eeba v\u00e0 nh\u1ecf.<\/span><\/p>\n<p><img loading=\"lazy\" decoding=\"async\" class=\"size-full wp-image-5385 aligncenter\" src=\"https:\/\/congtybinhminh.com\/wp-content\/uploads\/2020\/05\/nguyen-lieu-say.jpg\" alt=\"nguyen-lieu-say\" width=\"800\" height=\"600\" srcset=\"https:\/\/congtybinhminh.com\/wp-content\/uploads\/2020\/05\/nguyen-lieu-say.jpg 800w, https:\/\/congtybinhminh.com\/wp-content\/uploads\/2020\/05\/nguyen-lieu-say-510x383.jpg 510w, https:\/\/congtybinhminh.com\/wp-content\/uploads\/2020\/05\/nguyen-lieu-say-533x400.jpg 533w, https:\/\/congtybinhminh.com\/wp-content\/uploads\/2020\/05\/nguyen-lieu-say-768x576.jpg 768w\" sizes=\"auto, (max-width: 800px) 100vw, 800px\" \/><\/p>\n<p><span style=\"color: #000000\">\u2013 \u0110\u01b0\u1ee3c l\u1eafp \u0111\u1eb7t 4 b\u00e1nh xe di chuy\u1ec3n d\u1ec5 d\u00e0ng \u0111\u1ebfn m\u1ecdi n\u01a1i.<\/span><\/p>\n<h2><span style=\"color: #000000\"><strong>Th\u00f4ng s\u1ed1 m\u00e1y s\u1ea5y inox 10 khay gia \u0111\u00ecnh<\/strong><\/span><\/h2>\n<p><img loading=\"lazy\" decoding=\"async\" class=\"size-full wp-image-5378 aligncenter\" src=\"https:\/\/congtybinhminh.com\/wp-content\/uploads\/2020\/05\/thong-so.png\" alt=\"thong-so\" width=\"800\" height=\"434\" srcset=\"https:\/\/congtybinhminh.com\/wp-content\/uploads\/2020\/05\/thong-so.png 800w, https:\/\/congtybinhminh.com\/wp-content\/uploads\/2020\/05\/thong-so-510x277.png 510w, https:\/\/congtybinhminh.com\/wp-content\/uploads\/2020\/05\/thong-so-737x400.png 737w, https:\/\/congtybinhminh.com\/wp-content\/uploads\/2020\/05\/thong-so-768x417.png 768w\" sizes=\"auto, (max-width: 800px) 100vw, 800px\" \/><\/p>\n<p><span style=\"color: #000000\">Ngo\u00e0i ra, qu\u00fd kh\u00e1ch c\u00f3 th\u1ec3 tham kh\u1ea3o <span style=\"color: #ed1c24\"><a style=\"color: #ed1c24\" href=\"https:\/\/congtybinhminh.com\/sp\/may-say-thuc-pham-da-nang\/\">m\u00e1y s\u1ea5y th\u1ef1c ph\u1ea9m<\/a><\/span> v\u1edbi n\u0103ng su\u1ea5t cao h\u01a1n. T\u1ea5t c\u1ea3 c\u00e1c s\u1ea3n ph\u1ea9m \u0111\u1ec1u do c\u00f4ng ty tr\u1ef1c ti\u1ebfp s\u1ea3n xu\u1ea5t n\u00ean kh\u00e1ch h\u00e0ng c\u00f3 th\u1ec3 ho\u00e0n to\u00e0n y\u00ean t\u00e2m v\u1ec1 ch\u1ea5t l\u01b0\u1ee3ng<\/span><\/p>\n<p><img loading=\"lazy\" decoding=\"async\" class=\"size-full wp-image-180 aligncenter\" src=\"https:\/\/congtybinhminh.com\/wp-content\/uploads\/2019\/10\/58461510_348726272653543_3043965548854509568_n.jpg\" alt=\"may-say-binh-minh\" width=\"480\" height=\"480\" srcset=\"https:\/\/congtybinhminh.com\/wp-content\/uploads\/2019\/10\/58461510_348726272653543_3043965548854509568_n.jpg 480w, https:\/\/congtybinhminh.com\/wp-content\/uploads\/2019\/10\/58461510_348726272653543_3043965548854509568_n-247x247.jpg 247w, https:\/\/congtybinhminh.com\/wp-content\/uploads\/2019\/10\/58461510_348726272653543_3043965548854509568_n-100x100.jpg 100w, https:\/\/congtybinhminh.com\/wp-content\/uploads\/2019\/10\/58461510_348726272653543_3043965548854509568_n-280x280.jpg 280w, https:\/\/congtybinhminh.com\/wp-content\/uploads\/2019\/10\/58461510_348726272653543_3043965548854509568_n-400x400.jpg 400w\" sizes=\"auto, (max-width: 480px) 100vw, 480px\" \/><\/p>\n<p>&nbsp;<\/p>\n<h2><span id=\"Cam_ket_ve_gia_va_Chinh_sach_bao_hanh\" class=\"ez-toc-section\" style=\"color: #000000\"><strong>Cam k\u1ebft v\u1ec1 gi\u00e1 v\u00e0 Ch\u00ednh s\u00e1ch b\u1ea3o h\u00e0nh<\/strong><\/span><\/h2>\n<ul>\n<li><span style=\"color: #000000\">M\u00e1y do c\u00f4ng ty tr\u1ef1c ti\u1ebfp ch\u1ebf t\u1ea1o v\u00e0 s\u1ea3n xu\u1ea5t t\u1ea1i x\u01b0\u1edfng, kh\u00f4ng qua trung gian, \u0111\u1ea3m b\u1ea3o gi\u00e1 r\u1ebb nh\u1ea5t, ch\u1ea5t l\u01b0\u1ee3ng t\u1ed1t nh\u1ea5t, b\u1ea3o h\u00e0nh thu\u1eadn ti\u1ec7n nh\u1ea5t.<\/span><\/li>\n<li><span style=\"color: #000000\">\u0110\u1ed9i ng\u0169 k\u1ef9 thu\u1eadt c\u00f3 tr\u00ecnh \u0111\u1ed9 chuy\u00ean m\u00f4n cao, s\u1eb5n s\u00e0ng h\u1ed7 tr\u1ee3 k\u1ef9 thu\u1eadt t\u1eadn t\u00ecnh v\u00e0 tr\u1ecdn \u0111\u1eddi.<\/span><\/li>\n<li><span style=\"color: #000000\">B\u1ea3o h\u00e0nh t\u1ea1i c\u00f4ng ty 6 th\u00e1ng cho tr\u01b0\u1eddng h\u1ee3p m\u00e1y l\u1ed7i k\u1ef9 thu\u1eadt do c\u00f4ng ty s\u1ea3n xu\u1ea5t. H\u1ebft th\u1eddi gian n\u00e0y t\u01b0 v\u1ea5n k\u1ef9 thu\u1eadt tr\u1ecdn \u0111\u1eddi s\u1ea3n ph\u1ea9m.\u00a0<\/span><\/li>\n<\/ul>\n<h2><span id=\"Huong_dan_mua_hang\" class=\"ez-toc-section\" style=\"color: #000000\"><strong>H\u01b0\u1edbng d\u1eabn mua h\u00e0ng<\/strong><\/span><\/h2>\n<p><span style=\"color: #000000\">Kh\u00e1ch h\u00e0ng \u0111\u1ebfn c\u00f4ng ty mua m\u00e1y v\u00e0 thanh to\u00e1n tr\u1ef1c ti\u1ebfp b\u1eb1ng ti\u1ec1n m\u1eb7t.<\/span><\/p>\n<p><span style=\"color: #000000\">\u0110\u1ed1i v\u1edbi nh\u1eefng kh\u00e1ch h\u00e0ng \u1edf xa, C\u00f4ng ty s\u1ebd h\u01b0\u1edbng d\u1eabn mua h\u00e0ng v\u00e0 h\u1ed7 tr\u1ee3 giao h\u00e0ng to\u00e0n qu\u1ed1c. Qu\u00fd kh\u00e1ch vui l\u00f2ng chuy\u1ec3n kho\u1ea3n \u0111\u1eb7t c\u1ecdc, s\u1ed1 ti\u1ec1n m\u00e1y c\u00f2n l\u1ea1i s\u1ebd thanh to\u00e1n tr\u1ef1c ti\u1ebfp cho \u0111\u01a1n v\u1ecb v\u1eadn chuy\u1ec3n.<\/span><\/p>\n<p><span style=\"color: #000000\">\u0110\u1ec3 \u0111\u01b0\u1ee3c cung c\u1ea5p th\u00eam th\u00f4ng tin v\u1ec1 c\u00e1c d\u00f2ng s\u1ea3n ph\u1ea9m c\u1ee7a c\u00f4ng ty B\u00ecnh Minh, k\u00ednh m\u1eddi Qu\u00fd kh\u00e1ch li\u00ean h\u1ec7:<\/span><\/p>\n<p><span style=\"color: #000000\"><strong>C\u00d4NG TY TNHH D\u1ecaCH V\u1ee4 V\u00c0 S\u1ea2N XU\u1ea4T TH\u01af\u01a0NG M\u1ea0I XU\u1ea4T NH\u1eacP KH\u1ea8U B\u00ccNH MINH<\/strong><\/span><\/p>\n<p><span style=\"color: #000000\"><strong>\u0110\u1ecba ch\u1ec9:<\/strong>\u00a0S\u1ed1 249, Ph\u1ed1 L\u00ea L\u1ee3i \u2013 Ph\u01b0\u1eddng L\u00ea L\u1ee3i \u2013 Th\u1ecb x\u00e3 S\u01a1n T\u00e2y \u2013 Th\u00e0nh ph\u1ed1 H\u00e0 N\u1ed9i<\/span><\/p>\n<p>&nbsp;<\/p>\n<p>&nbsp;<\/p>\n","protected":false},"excerpt":{"rendered":"<ul>\n<li><strong><span style=\"color: #ed1c24\">C\u00f4ng su\u1ea5t ti\u00eau th\u1ee5 nhi\u1ec7t<\/span><\/strong>: 2 thanh nhi\u1ec7t ch\u1eef U (m\u1ed7i thanh c\u00f3 c\u00f4ng su\u1ea5t 800W)<\/li>\n<li><strong><span style=\"color: #ed1c24\">Ngu\u1ed3n \u0111i\u1ec7n<\/span><\/strong>: 220V<\/li>\n<li><strong><span style=\"color: #ed1c24\">Tr\u1ecdng l\u01b0\u1ee3ng<\/span><\/strong>: 74,4 kg<\/li>\n<li><strong><span style=\"color: #ed1c24\">N\u0103ng su\u1ea5t<\/span><\/strong>: 30-50 kg\/m\u1ebb<\/li>\n<li><strong><span style=\"color: #ed1c24\">B\u1ea3o h\u00e0nh<\/span><\/strong>: 6 th\u00e1ng<\/li>\n<li><strong><span style=\"color: #ed1c24\">K\u00edch th\u01b0\u1edbc to\u00e0n b\u1ed9 m\u00e1y (D*C*R)<\/span><\/strong>: 84*128*54 cm<\/li>\n<li><strong><span style=\"color: #ed1c24\">K\u00edch th\u01b0\u1edbc khay s\u1ea5y (D*R)<\/span><\/strong>: 60*43 cm (\u0111\u1ed9 s\u00e2u 3 cm)<\/li>\n<\/ul>\n","protected":false},"featured_media":11044,"comment_status":"closed","ping_status":"closed","template":"","meta":[],"product_brand":[],"product_cat":[27],"product_tag":[],"class_list":{"0":"post-5377","1":"product","2":"type-product","3":"status-publish","4":"has-post-thumbnail","6":"product_cat-may-say","8":"first","9":"instock","10":"shipping-taxable","11":"product-type-simple"},"_links":{"self":[{"href":"https:\/\/congtybinhminh.com\/index.php?rest_route=\/wp\/v2\/product\/5377","targetHints":{"allow":["GET"]}}],"collection":[{"href":"https:\/\/congtybinhminh.com\/index.php?rest_route=\/wp\/v2\/product"}],"about":[{"href":"https:\/\/congtybinhminh.com\/index.php?rest_route=\/wp\/v2\/types\/product"}],"replies":[{"embeddable":true,"href":"https:\/\/congtybinhminh.com\/index.php?rest_route=%2Fwp%2Fv2%2Fcomments&post=5377"}],"wp:featuredmedia":[{"embeddable":true,"href":"https:\/\/congtybinhminh.com\/index.php?rest_route=\/wp\/v2\/media\/11044"}],"wp:attachment":[{"href":"https:\/\/congtybinhminh.com\/index.php?rest_route=%2Fwp%2Fv2%2Fmedia&parent=5377"}],"wp:term":[{"taxonomy":"product_brand","embeddable":true,"href":"https:\/\/congtybinhminh.com\/index.php?rest_route=%2Fwp%2Fv2%2Fproduct_brand&post=5377"},{"taxonomy":"product_cat","embeddable":true,"href":"https:\/\/congtybinhminh.com\/index.php?rest_route=%2Fwp%2Fv2%2Fproduct_cat&post=5377"},{"taxonomy":"product_tag","embeddable":true,"href":"https:\/\/congtybinhminh.com\/index.php?rest_route=%2Fwp%2Fv2%2Fproduct_tag&post=5377"}],"curies":[{"name":"wp","href":"https:\/\/api.w.org\/{rel}","templated":true}]}}