{"id":5297,"date":"2020-05-15T09:25:33","date_gmt":"2020-05-15T02:25:33","guid":{"rendered":"https:\/\/congtybinhminh.com\/?post_type=product&#038;p=5297"},"modified":"2025-09-30T16:50:15","modified_gmt":"2025-09-30T09:50:15","slug":"may-dun-ca-cong-nghiep-11kw","status":"publish","type":"product","link":"https:\/\/congtybinhminh.com\/?product=may-dun-ca-cong-nghiep-11kw","title":{"rendered":"M\u00e1y \u0111\u00f9n c\u00e1 c\u00f4ng nghi\u1ec7p 11kw"},"content":{"rendered":"<h2>Video ho\u1ea1t \u0111\u1ed9ng c\u1ee7a m\u00e1y<\/h2>\n<p><iframe loading=\"lazy\" title=\"M\u00e1y \u0110\u00f9n C\u00e1 11K Xay Nhuy\u1ec5n Ch\u1ee5c T\u1ea5n Th\u1ecbt G\u00e0, C\u00e1 Nguy\u00ean Con, X\u01b0\u01a1ng C\u00e1c Lo\u1ea1i\" width=\"1020\" height=\"574\" src=\"https:\/\/www.youtube.com\/embed\/xqldOJn0nDw?feature=oembed\" frameborder=\"0\" allow=\"accelerometer; autoplay; clipboard-write; encrypted-media; gyroscope; picture-in-picture; web-share\" referrerpolicy=\"strict-origin-when-cross-origin\" allowfullscreen><\/iframe><\/p>\n<h2>Gi\u1edbi thi\u1ec7u m\u00e1y \u0111\u00f9n c\u00e1 c\u00f4ng nghi\u1ec7p 7,5kw<\/h2>\n<p><span style=\"color: #000000\">\u0110\u1ec3 t\u1eadn d\u1ee5ng c\u00e1c lo\u1ea1i c\u00e1 th\u1ea3i, g\u00e0, x\u01b0\u01a1ng, th\u1ecbt,&#8230; l\u00e0m th\u1ee9c \u0103n cho gia s\u00fac, gia c\u1ea7m vi\u1ec7c &#8211; m\u00e1y \u0111\u00f9n c\u00e1 c\u00f4ng nghi\u1ec7p 11kw do c\u00f4ng ty B\u00ecnh Minh s\u1ea3n xu\u1ea5t l\u00e0 l\u1ef1a ch\u1ecdn ho\u00e0n h\u1ea3o cho c\u00e1c h\u1ed9 ch\u0103n nu\u00f4i\u00a0<\/span><\/p>\n<p><img loading=\"lazy\" decoding=\"async\" class=\"aligncenter wp-image-10385 size-full\" src=\"https:\/\/congtybinhminh.com\/wp-content\/uploads\/2020\/05\/may-dun-ca-cong-nghiep-11kw_result222.webp\" alt=\"may-dun-ca-cong-nghiep-11kw_result222\" width=\"800\" height=\"1078\" srcset=\"https:\/\/congtybinhminh.com\/wp-content\/uploads\/2020\/05\/may-dun-ca-cong-nghiep-11kw_result222.webp 800w, https:\/\/congtybinhminh.com\/wp-content\/uploads\/2020\/05\/may-dun-ca-cong-nghiep-11kw_result222-297x400.webp 297w, https:\/\/congtybinhminh.com\/wp-content\/uploads\/2020\/05\/may-dun-ca-cong-nghiep-11kw_result222-594x800.webp 594w, https:\/\/congtybinhminh.com\/wp-content\/uploads\/2020\/05\/may-dun-ca-cong-nghiep-11kw_result222-768x1035.webp 768w, https:\/\/congtybinhminh.com\/wp-content\/uploads\/2020\/05\/may-dun-ca-cong-nghiep-11kw_result222-510x687.webp 510w\" sizes=\"auto, (max-width: 800px) 100vw, 800px\" \/><\/p>\n<p><span style=\"color: #000000\">Chi\u1ebfc m\u00e1y chuy\u00ean xay nghi\u1ec1n nhuy\u1ec5n c\u00e1c lo\u1ea1i ph\u1ee5 ph\u1ea9m \u0111em l\u1ea1i n\u0103ng su\u1ea5t cao g\u1ea5p 2 &#8211; 3 l\u1ea7n so v\u1edbi c\u00e1c d\u00f2ng m\u00e1y th\u00f4ng th\u01b0\u1eddng.\u00a0<\/span><\/p>\n<p><img loading=\"lazy\" decoding=\"async\" class=\"aligncenter wp-image-10387 size-full\" src=\"https:\/\/congtybinhminh.com\/wp-content\/uploads\/2020\/05\/may-xay-xuong-ga-cong-nghiep-copy_result222.webp\" alt=\"may-xay-xuong-ga-cong-nghiep copy_result222\" width=\"800\" height=\"850\" srcset=\"https:\/\/congtybinhminh.com\/wp-content\/uploads\/2020\/05\/may-xay-xuong-ga-cong-nghiep-copy_result222.webp 800w, https:\/\/congtybinhminh.com\/wp-content\/uploads\/2020\/05\/may-xay-xuong-ga-cong-nghiep-copy_result222-376x400.webp 376w, https:\/\/congtybinhminh.com\/wp-content\/uploads\/2020\/05\/may-xay-xuong-ga-cong-nghiep-copy_result222-753x800.webp 753w, https:\/\/congtybinhminh.com\/wp-content\/uploads\/2020\/05\/may-xay-xuong-ga-cong-nghiep-copy_result222-768x816.webp 768w, https:\/\/congtybinhminh.com\/wp-content\/uploads\/2020\/05\/may-xay-xuong-ga-cong-nghiep-copy_result222-510x542.webp 510w\" sizes=\"auto, (max-width: 800px) 100vw, 800px\" \/><\/p>\n<p><span style=\"color: #000000\">S\u1ea3n ph\u1ea9m sau c\u00f3 th\u1ec3 cho v\u1eadt nu\u00f4i d\u00f9ng ngay ho\u1eb7c tr\u1ed9n b\u1ed9t c\u00e1m \u0111\u1ec3 t\u1ea1o ra th\u1ee9c \u0103n h\u1ed7n h\u1ee3p, gi\u00fap t\u1ed1i \u01b0u h\u00f3a quy tr\u00ecnh ch\u0103n nu\u00f4i v\u00e0 n\u00e2ng cao hi\u1ec7u qu\u1ea3 kinh doanh<\/span><\/p>\n<h2><span style=\"color: #000000\">C\u1ea5u t\u1ea1o m\u00e1y \u0111\u00f9n c\u00e1 c\u00f4ng nghi\u1ec7p 11kw\u00a0<\/span><\/h2>\n<p><span style=\"color: #000000\">C\u1ea5u t\u1ea1o m\u00e1y g\u1ed3m: toa n\u1ea1p nguy\u00ean li\u1ec7u d\u1ea1ng ph\u1ec5u c\u00f9ng h\u1ec7 th\u1ed1ng thanh xo\u1eafn nghi\u1ec1n \u00e9p c\u00e1c nguy\u00ean li\u1ec7u nh\u01b0 c\u00e1 nguy\u00ean con, cua, \u1ed1c, x\u01b0\u01a1ng ch\u00e2n g\u00e0,\u2026m\u00e0 kh\u00f4ng c\u1ea7n ph\u1ea3i b\u0103m nh\u1ecf hay ch\u1eb7t kh\u00fac.<\/span><\/p>\n<p><img loading=\"lazy\" decoding=\"async\" class=\"aligncenter wp-image-10386 size-full\" src=\"https:\/\/congtybinhminh.com\/wp-content\/uploads\/2020\/05\/cau-tao-may-dun-ca-cong-nghiep-11kw_result222.webp\" alt=\"cau-tao-may-dun-ca-cong-nghiep-11kw_result222\" width=\"800\" height=\"600\" srcset=\"https:\/\/congtybinhminh.com\/wp-content\/uploads\/2020\/05\/cau-tao-may-dun-ca-cong-nghiep-11kw_result222.webp 800w, https:\/\/congtybinhminh.com\/wp-content\/uploads\/2020\/05\/cau-tao-may-dun-ca-cong-nghiep-11kw_result222-533x400.webp 533w, https:\/\/congtybinhminh.com\/wp-content\/uploads\/2020\/05\/cau-tao-may-dun-ca-cong-nghiep-11kw_result222-768x576.webp 768w, https:\/\/congtybinhminh.com\/wp-content\/uploads\/2020\/05\/cau-tao-may-dun-ca-cong-nghiep-11kw_result222-510x383.webp 510w\" sizes=\"auto, (max-width: 800px) 100vw, 800px\" \/><\/p>\n<p><span style=\"color: #000000\">M\u00e1y \u0111\u00f9n c\u00e1 \u2013 c\u00e1m c\u00f4ng nghi\u1ec7p \u0111\u01b0\u1ee3c l\u1eafp \u0111\u1ed9ng c\u01a1 100% l\u00f5i \u0111\u1ed3ng 7.5 kW 3 pha d\u1ec5 d\u00e0ng \u0111\u00f9n nh\u1ecf c\u00e1c nguy\u00ean li\u1ec7u th\u00f4 m\u1ed9t c\u00e1ch nhanh ch\u00f3ng v\u1edbi k\u00edch c\u1ee1 theo m\u1eb7t s\u00e0ng.<\/span><\/p>\n<p><img loading=\"lazy\" decoding=\"async\" class=\"aligncenter wp-image-10388 size-full\" src=\"https:\/\/congtybinhminh.com\/wp-content\/uploads\/2020\/05\/truc-xoan-dun-ca_result222.webp\" alt=\"truc-xoan-dun-ca_result222\" width=\"800\" height=\"600\" srcset=\"https:\/\/congtybinhminh.com\/wp-content\/uploads\/2020\/05\/truc-xoan-dun-ca_result222.webp 800w, https:\/\/congtybinhminh.com\/wp-content\/uploads\/2020\/05\/truc-xoan-dun-ca_result222-533x400.webp 533w, https:\/\/congtybinhminh.com\/wp-content\/uploads\/2020\/05\/truc-xoan-dun-ca_result222-768x576.webp 768w, https:\/\/congtybinhminh.com\/wp-content\/uploads\/2020\/05\/truc-xoan-dun-ca_result222-510x383.webp 510w\" sizes=\"auto, (max-width: 800px) 100vw, 800px\" \/><\/p>\n<p><span style=\"color: #000000\">\u0110\u1ea7u \u0111\u00f9n \u0111\u01b0\u1ee3c thi\u1ebft k\u1ebf g\u1ed3m dao c\u1eaft v\u00e0 c\u00e1c m\u1eb7t s\u00e0ng v\u1edbi k\u00edch th\u01b0\u1edbc kh\u00e1c nhau ( 6mm, 10 mm, 12 mm)<\/span><\/p>\n<p><img loading=\"lazy\" decoding=\"async\" class=\"aligncenter wp-image-10389 size-full\" src=\"https:\/\/congtybinhminh.com\/wp-content\/uploads\/2020\/05\/mat-sang-dun-ca_result222.webp\" alt=\"mat-sang-dun-ca_result222\" width=\"800\" height=\"600\" srcset=\"https:\/\/congtybinhminh.com\/wp-content\/uploads\/2020\/05\/mat-sang-dun-ca_result222.webp 800w, https:\/\/congtybinhminh.com\/wp-content\/uploads\/2020\/05\/mat-sang-dun-ca_result222-533x400.webp 533w, https:\/\/congtybinhminh.com\/wp-content\/uploads\/2020\/05\/mat-sang-dun-ca_result222-768x576.webp 768w, https:\/\/congtybinhminh.com\/wp-content\/uploads\/2020\/05\/mat-sang-dun-ca_result222-510x383.webp 510w\" sizes=\"auto, (max-width: 800px) 100vw, 800px\" \/><\/p>\n<h2><span style=\"color: #000000\">\u01afu \u0111i\u1ec3m c\u1ee7a m\u00e1y \u0111\u00f9n c\u00e1m \u2013 c\u00e1 c\u00f4ng nghi\u1ec7p<\/span><\/h2>\n<ul>\n<li><span style=\"color: #000000\">Thi\u1ebft k\u1ebf nh\u1ecf g\u1ecdn, ti\u1ec7n l\u1ee3i v\u1edbi 4 b\u00e1nh xe gi\u00fap ng\u01b0\u1eddi d\u00f9ng d\u1ec5 d\u00e0ng di chuy\u1ec3n<\/span><\/li>\n<li><span style=\"color: #000000\">M\u00e1y d\u1ec5 d\u00e0ng s\u1eed d\u1ee5ng cho n\u0103ng su\u1ea5t cao gi\u00fap ti\u1ebft ki\u1ec7m th\u1eddi gian, chi ph\u00ed nh\u00e2n c\u00f4ng<\/span><\/li>\n<\/ul>\n<p><img loading=\"lazy\" decoding=\"async\" class=\"aligncenter wp-image-10390 size-full\" src=\"https:\/\/congtybinhminh.com\/wp-content\/uploads\/2020\/05\/may-dun-xuong_result222.webp\" alt=\"may-dun-xuong_result222\" width=\"800\" height=\"600\" srcset=\"https:\/\/congtybinhminh.com\/wp-content\/uploads\/2020\/05\/may-dun-xuong_result222.webp 800w, https:\/\/congtybinhminh.com\/wp-content\/uploads\/2020\/05\/may-dun-xuong_result222-533x400.webp 533w, https:\/\/congtybinhminh.com\/wp-content\/uploads\/2020\/05\/may-dun-xuong_result222-768x576.webp 768w, https:\/\/congtybinhminh.com\/wp-content\/uploads\/2020\/05\/may-dun-xuong_result222-510x383.webp 510w\" sizes=\"auto, (max-width: 800px) 100vw, 800px\" \/><\/p>\n<ul>\n<li><span style=\"color: #000000\">M\u00e1y gi\u00fap nghi\u1ec1n nhuy\u1ec5n c\u00e1c nguy\u00ean li\u1ec7u th\u00f4 nh\u01b0 c\u00e1 nguy\u00ean con, cua, c\u00e1, \u1ed1c, t\u00f4m, ch\u00e2n g\u00e0, x\u01b0\u01a1ng g\u00e0, c\u00e1nh g\u00e0,..<\/span><\/li>\n<li><span style=\"color: #000000\">C\u00f3 th\u1ec3 \u0111i\u1ec1u ch\u1ec9nh \u0111\u1ed9 nhuy\u1ec5n c\u1ee7a nguy\u00ean li\u1ec7u b\u1eb1ng c\u00e1c m\u1eb7t s\u00e0ng v\u1edbi k\u00edch th\u01b0\u1edbc kh\u00e1c nhau.<\/span><\/li>\n<\/ul>\n<h2><span id=\"Cam_ket_ve_gia_va_Chinh_sach_bao_hanh\" class=\"ez-toc-section\" style=\"color: #000000\"><strong>Cam k\u1ebft v\u1ec1 gi\u00e1 v\u00e0 Ch\u00ednh s\u00e1ch b\u1ea3o h\u00e0nh<\/strong><\/span><\/h2>\n<ul>\n<li><span style=\"color: #000000\">M\u00e1y do c\u00f4ng ty tr\u1ef1c ti\u1ebfp ch\u1ebf t\u1ea1o v\u00e0 s\u1ea3n xu\u1ea5t t\u1ea1i x\u01b0\u1edfng, kh\u00f4ng qua trung gian, \u0111\u1ea3m b\u1ea3o gi\u00e1 r\u1ebb nh\u1ea5t, ch\u1ea5t l\u01b0\u1ee3ng t\u1ed1t nh\u1ea5t, b\u1ea3o h\u00e0nh thu\u1eadn ti\u1ec7n nh\u1ea5t.<\/span><\/li>\n<li><span style=\"color: #000000\">\u0110\u1ed9i ng\u0169 k\u1ef9 thu\u1eadt c\u00f3 tr\u00ecnh \u0111\u1ed9 chuy\u00ean m\u00f4n cao, s\u1eb5n s\u00e0ng h\u1ed7 tr\u1ee3 k\u1ef9 thu\u1eadt t\u1eadn t\u00ecnh v\u00e0 tr\u1ecdn \u0111\u1eddi.<\/span><\/li>\n<li><span style=\"color: #000000\">B\u1ea3o h\u00e0nh t\u1ea1i c\u00f4ng ty 6 th\u00e1ng cho tr\u01b0\u1eddng h\u1ee3p m\u00e1y l\u1ed7i k\u1ef9 thu\u1eadt do c\u00f4ng ty s\u1ea3n xu\u1ea5t. H\u1ebft th\u1eddi gian n\u00e0y t\u01b0 v\u1ea5n k\u1ef9 thu\u1eadt tr\u1ecdn \u0111\u1eddi s\u1ea3n ph\u1ea9m.\u00a0<\/span><\/li>\n<\/ul>\n<p><img loading=\"lazy\" decoding=\"async\" class=\"aligncenter wp-image-10391 size-full\" src=\"https:\/\/congtybinhminh.com\/wp-content\/uploads\/2020\/05\/dia-chi-mua-may-dun-ca_result222.webp\" alt=\"dia-chi-mua-may-dun-ca_result222\" width=\"800\" height=\"600\" srcset=\"https:\/\/congtybinhminh.com\/wp-content\/uploads\/2020\/05\/dia-chi-mua-may-dun-ca_result222.webp 800w, https:\/\/congtybinhminh.com\/wp-content\/uploads\/2020\/05\/dia-chi-mua-may-dun-ca_result222-533x400.webp 533w, https:\/\/congtybinhminh.com\/wp-content\/uploads\/2020\/05\/dia-chi-mua-may-dun-ca_result222-768x576.webp 768w, https:\/\/congtybinhminh.com\/wp-content\/uploads\/2020\/05\/dia-chi-mua-may-dun-ca_result222-510x383.webp 510w\" sizes=\"auto, (max-width: 800px) 100vw, 800px\" \/><\/p>\n<h2><span id=\"Huong_dan_mua_hang\" class=\"ez-toc-section\" style=\"color: #000000\"><strong>H\u01b0\u1edbng d\u1eabn mua h\u00e0ng<\/strong><\/span><\/h2>\n<p>\u0110\u1ec3 \u0111\u1eb7t mua h\u00e0ng ch\u00ednh h\u00e3ng, b\u00e0 con c\u00f3 th\u1ec3 \u0111\u1ebfn tr\u1ee5 s\u1edf g\u1ea7n nh\u1ea5t c\u1ee7a c\u00f4ng ty \u0111\u1ec3 xem v\u00e0 \u0111\u1eb7t mua h\u00e0ng:<\/p>\n<ul>\n<li>Tr\u1ee5 s\u1edf ch\u00ednh: p. L\u00ea L\u1ee3i &#8211; Tx S\u01a1n T\u00e2y &#8211; H\u00e0 N\u1ed9i<\/li>\n<li>Chi nh\u00e1nh mi\u1ec1n Nam: x\u00e3 T\u00e2n Ki\u00ean &#8211; H. B\u00ecnh Ch\u00e1nh &#8211; Tp H\u1ed3 Ch\u00ed Minh<\/li>\n<\/ul>\n<p>Khi \u0111\u1ebfn \u0111\u00e2y, b\u00e0 con s\u1ebd \u0111\u01b0\u1ee3c th\u1eed nghi\u1ec7m v\u1eadn h\u00e0nh m\u00e1y d\u01b0\u1edbi s\u1ef1 h\u01b0\u1edbng d\u1eabn c\u1ee7a \u0111\u1ed9i ng\u0169 k\u1ef9 thu\u1eadt<\/p>\n<p>\u0110\u1ed1i v\u1edbi b\u00e0 con \u1edf xa, c\u00f3 th\u1ec3 li\u00ean h\u1ec7 t\u1edbi s\u1ed1 \u0111i\u1ec7n tho\u1ea1i tr\u00ean webiste ho\u1eb7c \u0111\u1ec3 l\u1ea1i l\u1eddi nh\u1eafn \u0111\u1ed9i ng\u0169 t\u01b0 v\u1ea5n s\u1ebd li\u00ean h\u1ec7 b\u00e0 con trong th\u1eddi gian s\u1edbm nh\u1ea5t<\/p>\n<p><strong>Th\u00f4ng s\u1ed1 k\u1ef9 thu\u1eadt<\/strong><\/p>\n<table style=\"font-weight: 400\">\n<tbody>\n<tr>\n<td rowspan=\"3\" width=\"245\">\u0110\u1ed9ng c\u01a1<\/td>\n<td width=\"211\">C\u00f4ng su\u1ea5t \u0111\u1ed9ng c\u01a1<\/td>\n<td width=\"210\">11 kw<\/td>\n<\/tr>\n<tr>\n<td width=\"211\">Ngu\u1ed3n \u0111i\u1ec7n<\/td>\n<td width=\"210\">380 ( V)<\/td>\n<\/tr>\n<tr>\n<td width=\"211\">T\u1ed1c \u0111\u1ed9 \u0111\u1ed9ng c\u01a1<\/td>\n<td width=\"210\">1450 ( v\/p)<\/td>\n<\/tr>\n<tr>\n<td rowspan=\"2\" width=\"245\">Tr\u1ecdng l\u01b0\u1ee3ng m\u00e1y<\/td>\n<td width=\"211\">Nguy\u00ean b\u1ed9<\/td>\n<td width=\"210\">256(kg)<\/td>\n<\/tr>\n<tr>\n<td width=\"211\">Kh\u00f4ng \u0111\u1ed9ng c\u01a1<\/td>\n<td width=\"210\">160( kg)<\/td>\n<\/tr>\n<tr>\n<td width=\"245\">N\u0103ng su\u1ea5t<\/td>\n<td colspan=\"2\" width=\"421\">1000-1500 kg\/h<\/td>\n<\/tr>\n<tr>\n<td width=\"245\">B\u1ea3o h\u00e0nh<\/td>\n<td colspan=\"2\" width=\"421\">6 th\u00e1ng<\/td>\n<\/tr>\n<tr>\n<td width=\"245\">K\u00edch th\u01b0\u1edbc ( D * C * R )<\/td>\n<td colspan=\"2\" width=\"421\">125*77*100 cm<\/td>\n<\/tr>\n<tr>\n<td width=\"245\">H\u00ecnh th\u1ee9c thanh to\u00e1n<\/td>\n<td colspan=\"2\" width=\"421\"><i><em><b><strong>Ti\u1ec1n m\u1eb7t ho\u1eb7c chuy\u1ec3n kho\u1ea3n<\/strong><\/b><\/em><\/i><\/td>\n<\/tr>\n<\/tbody>\n<\/table>\n<p>&nbsp;<\/p>\n","protected":false},"excerpt":{"rendered":"<ul>\n<li><strong>H\u00e3ng s\u1ea3n xu\u1ea5t:<\/strong> B\u00ecnh Minh<\/li>\n<li><strong>\u0110\u1ed9ng c\u01a1:<\/strong> 11kw<\/li>\n<li><strong>T\u1ed1c \u0111\u1ed9<\/strong>:1450 v\/p<\/li>\n<li><strong>Ngu\u1ed3n\u00a0\u0111i\u1ec7n<\/strong>: 380V<\/li>\n<li><strong>N\u0103ng su\u1ea5t:<\/strong> 1000-1500\u00a0kg\/h<\/li>\n<li><strong>T\u00ednh n\u0103ng:<\/strong> M\u00e1y c\u00f3 th\u1ec3 nghi\u1ec1n nhuy\u1ec5n \u0111a d\u1ea1ng c\u00e1c lo\u1ea1i nguy\u00ean li\u1ec7u: t\u00f4m, cua, c\u00e1, \u1ed1c, t\u00e9p,&#8230; ho\u1eb7c c\u00f3 th\u1ec3 s\u1eed d\u1ee5ng b\u1ed9t c\u00e1m ng\u00f4, c\u00e1m s\u1eafn, c\u00e1m g\u1ea1o,&#8230; \u00e9p- nghi\u1ec1n \u0111\u00f9n ra c\u00e1m vi\u00ean<\/li>\n<\/ul>\n","protected":false},"featured_media":10962,"comment_status":"closed","ping_status":"closed","template":"","meta":[],"product_brand":[],"product_cat":[196],"product_tag":[],"class_list":{"0":"post-5297","1":"product","2":"type-product","3":"status-publish","4":"has-post-thumbnail","6":"product_cat-may-dun-ca","8":"first","9":"instock","10":"shipping-taxable","11":"product-type-simple"},"_links":{"self":[{"href":"https:\/\/congtybinhminh.com\/index.php?rest_route=\/wp\/v2\/product\/5297","targetHints":{"allow":["GET"]}}],"collection":[{"href":"https:\/\/congtybinhminh.com\/index.php?rest_route=\/wp\/v2\/product"}],"about":[{"href":"https:\/\/congtybinhminh.com\/index.php?rest_route=\/wp\/v2\/types\/product"}],"replies":[{"embeddable":true,"href":"https:\/\/congtybinhminh.com\/index.php?rest_route=%2Fwp%2Fv2%2Fcomments&post=5297"}],"wp:featuredmedia":[{"embeddable":true,"href":"https:\/\/congtybinhminh.com\/index.php?rest_route=\/wp\/v2\/media\/10962"}],"wp:attachment":[{"href":"https:\/\/congtybinhminh.com\/index.php?rest_route=%2Fwp%2Fv2%2Fmedia&parent=5297"}],"wp:term":[{"taxonomy":"product_brand","embeddable":true,"href":"https:\/\/congtybinhminh.com\/index.php?rest_route=%2Fwp%2Fv2%2Fproduct_brand&post=5297"},{"taxonomy":"product_cat","embeddable":true,"href":"https:\/\/congtybinhminh.com\/index.php?rest_route=%2Fwp%2Fv2%2Fproduct_cat&post=5297"},{"taxonomy":"product_tag","embeddable":true,"href":"https:\/\/congtybinhminh.com\/index.php?rest_route=%2Fwp%2Fv2%2Fproduct_tag&post=5297"}],"curies":[{"name":"wp","href":"https:\/\/api.w.org\/{rel}","templated":true}]}}