{"id":5162,"date":"2020-05-10T16:22:40","date_gmt":"2020-05-10T09:22:40","guid":{"rendered":"https:\/\/congtybinhminh.com\/?post_type=product&#038;p=5162"},"modified":"2024-10-31T15:15:32","modified_gmt":"2024-10-31T08:15:32","slug":"may-dun-vien","status":"publish","type":"product","link":"https:\/\/congtybinhminh.com\/?product=may-dun-vien","title":{"rendered":"M\u00e1y \u0111\u00f9n vi\u00ean th\u1ee9c \u0103n ch\u0103n nu\u00f4i 100K"},"content":{"rendered":"<p><strong>Xem video tr\u1ef1c ti\u1ebfp t\u1ea1i \u0111\u00e2y:<\/strong><\/p>\n<p><iframe loading=\"lazy\" title=\"C\u00f4ng Ty B\u00ecnh Minh M\u00e1y \u00c9p C\u00e1m Vi\u00ean N\u1ed5i Cho C\u00e1 N\u0103ng Su\u1ea5t 100kg\" width=\"1020\" height=\"574\" src=\"https:\/\/www.youtube.com\/embed\/GrWWeN7fryk?feature=oembed\" frameborder=\"0\" allow=\"accelerometer; autoplay; clipboard-write; encrypted-media; gyroscope; picture-in-picture; web-share\" referrerpolicy=\"strict-origin-when-cross-origin\" allowfullscreen><\/iframe><\/p>\n<h2>Gi\u1edbi thi\u1ec7u m\u00e1y \u0111\u00f9n vi\u00ean th\u1ee9c \u0103n ch\u0103n nu\u00f4i 100K<\/h2>\n<p><span style=\"color: #000000\">M\u00e1y \u0111\u00f9n vi\u00ean th\u1ee9c \u0103n ch\u0103n nu\u00f4i 100K do c\u00f4ng ty B\u00ecnh Minh s\u1ea3n xu\u1ea5t &#8211; gi\u1ea3i ph\u00e1p t\u1ed1i \u01b0u cho c\u00e1c trang tr\u1ea1i nu\u00f4i c\u00e1 v\u00e0 c\u00e1c lo\u1ea1i th\u1ee7y h\u1ea3i s\u1ea3n\u00a0<\/span><\/p>\n<p><img loading=\"lazy\" decoding=\"async\" class=\"aligncenter wp-image-10280 size-full\" src=\"https:\/\/congtybinhminh.com\/wp-content\/uploads\/2020\/05\/may-dun-vien-thuc-an-chan-nuoi-100k_result222.webp\" alt=\"may-dun-vien-thuc-an-chan-nuoi-100k_result222\" width=\"800\" height=\"1078\" srcset=\"https:\/\/congtybinhminh.com\/wp-content\/uploads\/2020\/05\/may-dun-vien-thuc-an-chan-nuoi-100k_result222.webp 800w, https:\/\/congtybinhminh.com\/wp-content\/uploads\/2020\/05\/may-dun-vien-thuc-an-chan-nuoi-100k_result222-297x400.webp 297w, https:\/\/congtybinhminh.com\/wp-content\/uploads\/2020\/05\/may-dun-vien-thuc-an-chan-nuoi-100k_result222-594x800.webp 594w, https:\/\/congtybinhminh.com\/wp-content\/uploads\/2020\/05\/may-dun-vien-thuc-an-chan-nuoi-100k_result222-768x1035.webp 768w, https:\/\/congtybinhminh.com\/wp-content\/uploads\/2020\/05\/may-dun-vien-thuc-an-chan-nuoi-100k_result222-510x687.webp 510w\" sizes=\"auto, (max-width: 800px) 100vw, 800px\" \/><\/p>\n<p>Vi\u00ean c\u00e1m sau khi \u00e9p c\u00f3 th\u1ec3 cho v\u1eadt nu\u00f4i d\u00f9ng ngay ho\u1eb7c ph\u01a1i kh\u00f4 d\u00f9ng d\u1ea7n, th\u00edch h\u1ee3p s\u1eed d\u1ee5ng t\u1ea1i c\u00e1c h\u1ed9 gia \u0111\u00ecnh hay c\u00e1c trang tr\u1ea1i quy m\u00f4 v\u1eeba v\u00e0 l\u1edbn<\/p>\n<h2><span style=\"color: #000000\">Nh\u1eefng t\u00ednh n\u0103ng m\u00e1y \u0111\u00f9n vi\u00ean th\u1ee9c \u0103n ch\u0103n nu\u00f4i 100K<\/span><\/h2>\n<p>M\u00e1y c\u00f3 t\u00ednh n\u0103ng \u00e9p h\u1ed7n h\u1ee3p c\u00e1c lo\u1ea1i nguy\u00ean li\u1ec7u d\u1ea1ng b\u1ed9t nh\u01b0; b\u1ed9t ng\u00f4, b\u1ed9t c\u00e1.. t\u1ea1o th\u00e0nh th\u1ee9c \u0103n d\u1ea1ng vi\u00ean cho v\u1eadt nu\u00f4i nh\u01b0:<\/p>\n<p><img loading=\"lazy\" decoding=\"async\" class=\"aligncenter wp-image-10283 size-full\" src=\"https:\/\/congtybinhminh.com\/wp-content\/uploads\/2020\/05\/cam-vien-noi-cho-ca_result222.webp\" alt=\"cam-vien-noi-cho-ca_result222\" width=\"800\" height=\"768\" srcset=\"https:\/\/congtybinhminh.com\/wp-content\/uploads\/2020\/05\/cam-vien-noi-cho-ca_result222.webp 800w, https:\/\/congtybinhminh.com\/wp-content\/uploads\/2020\/05\/cam-vien-noi-cho-ca_result222-417x400.webp 417w, https:\/\/congtybinhminh.com\/wp-content\/uploads\/2020\/05\/cam-vien-noi-cho-ca_result222-768x737.webp 768w, https:\/\/congtybinhminh.com\/wp-content\/uploads\/2020\/05\/cam-vien-noi-cho-ca_result222-510x490.webp 510w\" sizes=\"auto, (max-width: 800px) 100vw, 800px\" \/><\/p>\n<ul>\n<li>L\u00e0m c\u00e1m vi\u00ean n\u1ed5i cho c\u00e1, c\u00e1m vi\u00ean ch\u00edn..c\u00f3 th\u1ec3 n\u1ed5i tr\u00ean m\u1eb7t n\u01b0\u1edbc<\/li>\n<li>L\u00e0m c\u00e1m 1 ly cho t\u00f4m, chim..<\/li>\n<li>C\u00e1m \u0111\u01b0\u1ee3c \u00e9p ch\u00edn c\u00f3 th\u1ec3 cho l\u1ee3n, g\u00e0, v\u1ecbt \u0103n tr\u1ef1c ti\u1ebfp<\/li>\n<li>K\u00edch c\u1ee1 vi\u00ean c\u00e1m \u0111a d\u1ea1ng, n\u0103ng su\u1ea5t cao \u0111\u00e1p \u1ee9ng \u0111a d\u1ea1ng v\u1eadt nu\u00f4i<\/li>\n<\/ul>\n<h2><span style=\"color: #000000\">C\u1ea5u t\u1ea1o c\u1ee7a m\u00e1y \u0111\u00f9n vi\u00ean th\u1ee9c \u0103n ch\u0103n nu\u00f4i 100K\u00a0<\/span><\/h2>\n<h3>Khung m\u00e1y ch\u1eafc ch\u1eafn<\/h3>\n<p>Thu\u1ed9c d\u00f2ng m\u00e1y c\u00f4ng nghi\u1ec7p v\u1edbi thi\u1ebft k\u1ebf khung m\u00e1y \u0111\u01b0\u1ee3c h\u00e0n g\u1eafn ch\u1eafc ch\u1eafn, \u0111\u1ea3m b\u1ea3o s\u1ef1 \u1ed5n \u0111\u1ecbnh tuy\u1ec7t \u0111\u1ed1i kh\u00f4ng g\u00e2y rung l\u1eafc khi v\u1eadn h\u00e0nh<\/p>\n<p><img loading=\"lazy\" decoding=\"async\" class=\"aligncenter wp-image-10281 size-full\" src=\"https:\/\/congtybinhminh.com\/wp-content\/uploads\/2020\/05\/cau-tao-may-dun-vien-thuc-an-chan-nuoi-100k_result222.webp\" alt=\"cau-tao-may-dun-vien-thuc-an-chan-nuoi-100k_result222\" width=\"800\" height=\"718\" srcset=\"https:\/\/congtybinhminh.com\/wp-content\/uploads\/2020\/05\/cau-tao-may-dun-vien-thuc-an-chan-nuoi-100k_result222.webp 800w, https:\/\/congtybinhminh.com\/wp-content\/uploads\/2020\/05\/cau-tao-may-dun-vien-thuc-an-chan-nuoi-100k_result222-446x400.webp 446w, https:\/\/congtybinhminh.com\/wp-content\/uploads\/2020\/05\/cau-tao-may-dun-vien-thuc-an-chan-nuoi-100k_result222-768x689.webp 768w, https:\/\/congtybinhminh.com\/wp-content\/uploads\/2020\/05\/cau-tao-may-dun-vien-thuc-an-chan-nuoi-100k_result222-510x458.webp 510w\" sizes=\"auto, (max-width: 800px) 100vw, 800px\" \/><\/p>\n<h3>Toa n\u1ea1p nguy\u00ean li\u1ec7u<\/h3>\n<p>Toa n\u1ea1p tr\u1ed9n nguy\u00ean li\u1ec7u r\u1ed9ng s\u1eed d\u1ee5ng motor gi\u1ea3m t\u1ed1c 0,75kw gi\u00fap c\u00e1c c\u00e1nh \u0111\u1ea3o, \u0111\u1ea3o \u0111\u1ec1u nguy\u00ean li\u1ec7u r\u1ed3i x\u1ea3 t\u1eeb t\u1eeb b\u00f3n xu\u1ed1ng ph\u1ec5u c\u1ea5p li\u1ec7u nguy\u00ean li\u1ec7u \u0111\u01b0\u1ee3c l\u00e0m b\u1eb1ng inox<\/p>\n<p><img loading=\"lazy\" decoding=\"async\" class=\"aligncenter wp-image-10284 size-full\" src=\"https:\/\/congtybinhminh.com\/wp-content\/uploads\/2020\/05\/cach-su-dung-may-ep-cam-vien-noi-cho-ca-copy_result222.webp\" alt=\"cach-su-dung-may-ep-cam-vien-noi-cho-ca copy_result222\" width=\"800\" height=\"1014\" srcset=\"https:\/\/congtybinhminh.com\/wp-content\/uploads\/2020\/05\/cach-su-dung-may-ep-cam-vien-noi-cho-ca-copy_result222.webp 800w, https:\/\/congtybinhminh.com\/wp-content\/uploads\/2020\/05\/cach-su-dung-may-ep-cam-vien-noi-cho-ca-copy_result222-316x400.webp 316w, https:\/\/congtybinhminh.com\/wp-content\/uploads\/2020\/05\/cach-su-dung-may-ep-cam-vien-noi-cho-ca-copy_result222-631x800.webp 631w, https:\/\/congtybinhminh.com\/wp-content\/uploads\/2020\/05\/cach-su-dung-may-ep-cam-vien-noi-cho-ca-copy_result222-768x973.webp 768w, https:\/\/congtybinhminh.com\/wp-content\/uploads\/2020\/05\/cach-su-dung-may-ep-cam-vien-noi-cho-ca-copy_result222-510x646.webp 510w\" sizes=\"auto, (max-width: 800px) 100vw, 800px\" \/><\/p>\n<p>Ph\u1ec5u c\u1ea5p li\u1ec7u b\u00e1n t\u1ef1 \u0111\u1ed9ng gi\u00fap ng\u01b0\u1eddi d\u00f9ng d\u1ec5 ki\u1ec3m so\u00e1t nguy\u00ean li\u1ec7u \u0111\u1ea7u v\u00e0o cho ra l\u01b0\u1ee3ng d\u1ea7u t\u1ed1t nh\u1ea5t m\u00e0 kh\u00f4ng t\u1ed1n nhi\u1ec1u c\u00f4ng s\u1ee9c<\/p>\n<p><img loading=\"lazy\" decoding=\"async\" class=\"aligncenter wp-image-10285 size-full\" src=\"https:\/\/congtybinhminh.com\/wp-content\/uploads\/2020\/05\/pheu-nap-nguyen-lieu_result222.webp\" alt=\"pheu-nap-nguyen-lieu_result222\" width=\"800\" height=\"600\" srcset=\"https:\/\/congtybinhminh.com\/wp-content\/uploads\/2020\/05\/pheu-nap-nguyen-lieu_result222.webp 800w, https:\/\/congtybinhminh.com\/wp-content\/uploads\/2020\/05\/pheu-nap-nguyen-lieu_result222-533x400.webp 533w, https:\/\/congtybinhminh.com\/wp-content\/uploads\/2020\/05\/pheu-nap-nguyen-lieu_result222-768x576.webp 768w, https:\/\/congtybinhminh.com\/wp-content\/uploads\/2020\/05\/pheu-nap-nguyen-lieu_result222-510x383.webp 510w\" sizes=\"auto, (max-width: 800px) 100vw, 800px\" \/><\/p>\n<p>D\u01b0\u1edbi nhi\u1ec7t \u0111\u1ed9 cao, nguy\u00ean li\u1ec7u b\u00ean trong ph\u1ec5u n\u1ea1p s\u1ebd \u0111\u01b0\u1ee3c b\u1ed9 ph\u1eadn gia nhi\u1ec7t l\u00e0m ch\u00edn v\u00e0 x\u1ed1p vi\u00ean c\u00e1m. T\u0103ng kh\u1ea3 n\u0103ng n\u1ed5i tr\u00ean m\u1eb7t n\u01b0\u1edbc v\u00e0 gi\u00fap v\u1eadt nu\u00f4i ti\u00eau h\u00f3a t\u1ed1t h\u01a1n<\/p>\n<h3>B\u1ed9 ph\u1eadn dao c\u1eaft linh ho\u1ea1t<\/h3>\n<p>B\u1ed9 ph\u1eadn dao c\u1eaft c\u00e1c l\u01b0\u1ee1i dao ho\u1ea1t \u0111\u1ed9ng b\u1edfi \u0111\u1ed9ng c\u01a1 ph\u1ee5 th\u00f4ng qua b\u1ea3ng \u0111i\u1ec1u khi\u1ec3n bi\u1ebfn t\u1ea7n. Qua \u0111\u00f3, ng\u01b0\u1eddi d\u00f9ng c\u00f3 th\u1ec3 t\u1ef1 \u0111i\u1ec1u ch\u1ec9nh trong su\u1ed1t qu\u00e1 tr\u00ecnh m\u00e1y ho\u1ea1t \u0111\u1ed9ng<\/p>\n<p><img loading=\"lazy\" decoding=\"async\" class=\"aligncenter wp-image-10290 size-full\" src=\"https:\/\/congtybinhminh.com\/wp-content\/uploads\/2020\/05\/ong-gia-nhiet-may-dun-vien-copy_result222.webp\" alt=\"ong-gia-nhiet-may-dun-vien copy_result222\" width=\"800\" height=\"732\" srcset=\"https:\/\/congtybinhminh.com\/wp-content\/uploads\/2020\/05\/ong-gia-nhiet-may-dun-vien-copy_result222.webp 800w, https:\/\/congtybinhminh.com\/wp-content\/uploads\/2020\/05\/ong-gia-nhiet-may-dun-vien-copy_result222-437x400.webp 437w, https:\/\/congtybinhminh.com\/wp-content\/uploads\/2020\/05\/ong-gia-nhiet-may-dun-vien-copy_result222-768x703.webp 768w, https:\/\/congtybinhminh.com\/wp-content\/uploads\/2020\/05\/ong-gia-nhiet-may-dun-vien-copy_result222-510x467.webp 510w\" sizes=\"auto, (max-width: 800px) 100vw, 800px\" \/><\/p>\n<p>K\u1ebft h\u1ee3p v\u1edbi m\u1eb7t s\u00e0ng l\u1eafp trong m\u00e1y, ng\u01b0\u1eddi d\u00f9ng c\u00f3 th\u1ec3 t\u1ea1o ra nh\u1eefng vi\u00ean c\u00e1m v\u1edbi k\u00edch c\u1ee1 to &#8211; nh\u1ecf kh\u00e1c nhau \u0111\u00e1p \u1ee9ng nhu c\u1ea7u s\u1eed d\u1ee5ng<\/p>\n<p><img loading=\"lazy\" decoding=\"async\" class=\"aligncenter wp-image-10286 size-full\" src=\"https:\/\/congtybinhminh.com\/wp-content\/uploads\/2020\/05\/mat-sang-may-ep-cam-vien_result222.webp\" alt=\"mat-sang-may-ep-cam-vien_result222\" width=\"800\" height=\"600\" srcset=\"https:\/\/congtybinhminh.com\/wp-content\/uploads\/2020\/05\/mat-sang-may-ep-cam-vien_result222.webp 800w, https:\/\/congtybinhminh.com\/wp-content\/uploads\/2020\/05\/mat-sang-may-ep-cam-vien_result222-533x400.webp 533w, https:\/\/congtybinhminh.com\/wp-content\/uploads\/2020\/05\/mat-sang-may-ep-cam-vien_result222-768x576.webp 768w, https:\/\/congtybinhminh.com\/wp-content\/uploads\/2020\/05\/mat-sang-may-ep-cam-vien_result222-510x383.webp 510w\" sizes=\"auto, (max-width: 800px) 100vw, 800px\" \/><\/p>\n<h3>B\u1ea3ng \u0111i\u1ec1u khi\u1ec3n th\u00f4ng minh<\/h3>\n<p>M\u00e1y \u0111\u01b0\u1ee3c trang b\u1ecb b\u1ea3ng \u0111i\u1ec1u khi\u1ebfn bi\u1ebfn t\u1ea7n g\u1ed3m:<\/p>\n<p><img loading=\"lazy\" decoding=\"async\" class=\"aligncenter wp-image-10287 size-full\" src=\"https:\/\/congtybinhminh.com\/wp-content\/uploads\/2020\/05\/bang-dieu-khien-may-dun-ca_result222.webp\" alt=\"bang-dieu-khien-may-dun-ca_result222\" width=\"800\" height=\"600\" srcset=\"https:\/\/congtybinhminh.com\/wp-content\/uploads\/2020\/05\/bang-dieu-khien-may-dun-ca_result222.webp 800w, https:\/\/congtybinhminh.com\/wp-content\/uploads\/2020\/05\/bang-dieu-khien-may-dun-ca_result222-533x400.webp 533w, https:\/\/congtybinhminh.com\/wp-content\/uploads\/2020\/05\/bang-dieu-khien-may-dun-ca_result222-768x576.webp 768w, https:\/\/congtybinhminh.com\/wp-content\/uploads\/2020\/05\/bang-dieu-khien-may-dun-ca_result222-510x383.webp 510w\" sizes=\"auto, (max-width: 800px) 100vw, 800px\" \/><\/p>\n<ul>\n<li>C\u00f4ng t\u1eafc b\u1eadt\/ t\u1eaft nhi\u1ec7t motor ch\u00ednh<\/li>\n<li>C\u00f4ng t\u1eafc b\u1eadt\/ t\u1eaft bi\u1ebfn t\u1ea7n<\/li>\n<li>C\u00f4ng t\u1eafc nhi\u1ec7t<\/li>\n<li>\u0110\u00e8n b\u00e1o v\u00f4n k\u1ebf: hi\u1ec3n th\u1ecb s\u1ed1 ngu\u1ed3n \u0111i\u1ec7n khi m\u00e1y \u0111ang ho\u1ea1t \u0111\u1ed9ng<\/li>\n<li>\u0110\u1ed3ng h\u1ed3 nhi\u1ec7t: \u0111i\u1ec1u ch\u1ec9nh nhi\u1ec7t \u0111\u1ed9 \u1edf b\u1ed9 ph\u1eadn gia nhi\u1ec7t<\/li>\n<li>N\u00fat \u0111i\u1ec1u ch\u1ec9nh t\u1ed1c \u0111\u1ed9 g\u1ed3m: 1 n\u00fat \u0111i\u1ec1u t\u1ed1c \u0111\u1ed9 b\u00f3n nguy\u00ean li\u1ec7u &#8211; 1 n\u00fat \u0111i\u1ec1u ch\u1ec9nh t\u1ed1c \u0111\u1ed9 dao c\u1eaft<\/li>\n<li>N\u00fat d\u1eebng kh\u1ea9n c\u1ea5p<\/li>\n<\/ul>\n<h2>Nh\u1eefng \u01b0u \u0111i\u1ec3m m\u00e1y \u0111\u00f9n vi\u00ean th\u1ee9c \u0103n ch\u0103n nu\u00f4i 100K<\/h2>\n<ul>\n<li>M\u00e1y c\u1ea5p li\u1ec7u b\u00e1n t\u1ef1 \u0111\u1ed9ng, gi\u00fap ng\u01b0\u1eddi d\u00f9ng d\u1ec5 d\u00e0ng ki\u1ec3m so\u00e1t nguy\u00ean li\u1ec7u \u0111\u1ea7u \u00e9p, ti\u1ebft ki\u1ec7m th\u1eddi gian v\u00e0 c\u00f4ng s\u1ee9c v\u1eadn h\u00e0nh<\/li>\n<li>M\u00e1y \u0111\u01b0\u1ee3c trang b\u1ecb t\u1ee7 \u0111i\u1ec7n an to\u00e0n khi s\u1eed d\u1ee5ng, tr\u00e1nh s\u1ef1 c\u1ed1 qu\u00e1 t\u1ea3i ch\u1eadp \u0111i\u1ec7n<\/li>\n<\/ul>\n<p><img loading=\"lazy\" decoding=\"async\" class=\"aligncenter wp-image-10291 size-full\" src=\"https:\/\/congtybinhminh.com\/wp-content\/uploads\/2020\/05\/may-dun-vien-thuc-an-chan-nuoi-100k-binh-minh_result222.webp\" alt=\"may-dun-vien-thuc-an-chan-nuoi-100k-binh-minh_result222\" width=\"800\" height=\"600\" srcset=\"https:\/\/congtybinhminh.com\/wp-content\/uploads\/2020\/05\/may-dun-vien-thuc-an-chan-nuoi-100k-binh-minh_result222.webp 800w, https:\/\/congtybinhminh.com\/wp-content\/uploads\/2020\/05\/may-dun-vien-thuc-an-chan-nuoi-100k-binh-minh_result222-533x400.webp 533w, https:\/\/congtybinhminh.com\/wp-content\/uploads\/2020\/05\/may-dun-vien-thuc-an-chan-nuoi-100k-binh-minh_result222-768x576.webp 768w, https:\/\/congtybinhminh.com\/wp-content\/uploads\/2020\/05\/may-dun-vien-thuc-an-chan-nuoi-100k-binh-minh_result222-510x383.webp 510w\" sizes=\"auto, (max-width: 800px) 100vw, 800px\" \/><\/p>\n<ul>\n<li>Linh ho\u1ea1t thay \u0111\u1ed5i k\u00edch c\u1ee1 vi\u00ean c\u00e1m b\u1eb1ng c\u00e1ch th\u00e1o l\u1eafp m\u1eb7t s\u00e0ng ph\u00f9 h\u1ee3p v\u1edbi v\u1eadt nu\u00f4i<\/li>\n<li>Vi\u00ean c\u00e1m sau khi \u00e9p \u0111\u01b0\u1ee3c l\u00e0m ch\u00edn c\u00f3 th\u1ec3 n\u1ed5i tr\u00ean m\u1eb7t n\u01b0\u1edbc h\u1ea1n ch\u1ebf n\u1ea5m m\u1ed1c<\/li>\n<\/ul>\n<p>Ngo\u00e0i ra, c\u00f4ng ty B\u00ecnh Minh c\u00f2n s\u1ea3n xu\u1ea5t 4 d\u00f2ng m\u00e1y v\u1edbi k\u00edch c\u1ee1 v\u00e0 n\u0103ng su\u1ea5t kh\u00e1c nhau<\/p>\n<p><img loading=\"lazy\" decoding=\"async\" class=\"aligncenter wp-image-10288 size-full\" src=\"https:\/\/congtybinhminh.com\/wp-content\/uploads\/2020\/05\/may-ep-cam-vien-noi-cho-ca-binh-minh_result222.webp\" alt=\"may-ep-cam-vien-noi-cho-ca-binh-minh_result222\" width=\"800\" height=\"419\" srcset=\"https:\/\/congtybinhminh.com\/wp-content\/uploads\/2020\/05\/may-ep-cam-vien-noi-cho-ca-binh-minh_result222.webp 800w, https:\/\/congtybinhminh.com\/wp-content\/uploads\/2020\/05\/may-ep-cam-vien-noi-cho-ca-binh-minh_result222-764x400.webp 764w, https:\/\/congtybinhminh.com\/wp-content\/uploads\/2020\/05\/may-ep-cam-vien-noi-cho-ca-binh-minh_result222-768x402.webp 768w, https:\/\/congtybinhminh.com\/wp-content\/uploads\/2020\/05\/may-ep-cam-vien-noi-cho-ca-binh-minh_result222-510x267.webp 510w\" sizes=\"auto, (max-width: 800px) 100vw, 800px\" \/><\/p>\n<ul>\n<li><strong><a href=\"https:\/\/congtybinhminh.com\/sp\/may-dun-vien-tacn-40k1pha\/\">M\u00e1y \u0111\u00f9n vi\u00ean 40K d\u00f9ng \u0111i\u1ec7n 1 pha<\/a><\/strong><\/li>\n<li><strong><a href=\"https:\/\/congtybinhminh.com\/sp\/may-dun-vien-thuc-an-chan-nuoi-80k\/\">M\u00e1y \u0111\u00f9n vi\u00ean 80K d\u00f9ng \u0111i\u1ec7n 3 pha v\u00e0 \u0111\u1ea7u n\u1ed5<\/a><\/strong><\/li>\n<li><strong><a href=\"https:\/\/congtybinhminh.com\/sp\/may-dun-vien-thuc-an-chan-nuoi-150k\/\">M\u00e1y \u0111\u00f9n vi\u00ean 150K c\u00f4ng nghi\u1ec7p<\/a><\/strong><\/li>\n<\/ul>\n<h2>\u0110\u1ecba ch\u1ec9 mua m\u00e1y l\u00e0m c\u00e1m vi\u00ean n\u1ed5i cho c\u00e1 gi\u00e1 g\u1ed1c t\u1ea1i x\u01b0\u1edfng<\/h2>\n<p>C\u00f4ng ty B\u00ecnh Minh t\u1ef1 h\u00e0o l\u00e0 \u0111\u01a1n v\u1ecb chuy\u00ean s\u1ea3n xu\u1ea5t v\u00e0 cung c\u1ea5p m\u00e1y n\u00f4ng nghi\u1ec7p s\u1ed1 1 Vi\u1ec7t Nam v\u1edbi h\u01a1n 30 n\u0103m kinh nghi\u1ec7m trong l\u0129nh v\u1ef1c c\u01a1 kh\u00ed<\/p>\n<p>V\u1edbi trang thi\u1ebft b\u1ecb hi\u1ec7n \u0111\u1ea1i &#8211; \u0111\u1ed9i ng\u0169 k\u1ef9 thu\u1eadt tr\u00ecnh \u0111\u1ed9 cao. Ch\u00fang t\u00f4i cam k\u1ebft mang \u0111\u1ebfn cho b\u1ea1n nh\u1eefng s\u1ea3n ph\u1ea9m CH\u00cdNH H\u00c3NG &#8211; CH\u1ea4T L\u01af\u1ee2NG &#8211; GI\u00c1 TH\u00c0NH T\u1ed0T &#8211; D\u1ecaCH V\u1ee4 CHU \u0110\u00c1O<\/p>\n<p><img loading=\"lazy\" decoding=\"async\" class=\"aligncenter wp-image-8771 size-full\" src=\"https:\/\/congtybinhminh.com\/wp-content\/uploads\/2023\/08\/dia-chi-ban-may-ep-cam-vien-noi-1_result222.webp\" alt=\"dia-chi-ban-may-ep-cam-vien-noi-1_result222\" width=\"800\" height=\"1057\" srcset=\"https:\/\/congtybinhminh.com\/wp-content\/uploads\/2023\/08\/dia-chi-ban-may-ep-cam-vien-noi-1_result222.webp 800w, https:\/\/congtybinhminh.com\/wp-content\/uploads\/2023\/08\/dia-chi-ban-may-ep-cam-vien-noi-1_result222-510x674.webp 510w, https:\/\/congtybinhminh.com\/wp-content\/uploads\/2023\/08\/dia-chi-ban-may-ep-cam-vien-noi-1_result222-303x400.webp 303w, https:\/\/congtybinhminh.com\/wp-content\/uploads\/2023\/08\/dia-chi-ban-may-ep-cam-vien-noi-1_result222-605x800.webp 605w, https:\/\/congtybinhminh.com\/wp-content\/uploads\/2023\/08\/dia-chi-ban-may-ep-cam-vien-noi-1_result222-768x1015.webp 768w\" sizes=\"auto, (max-width: 800px) 100vw, 800px\" \/><\/p>\n<p>\u0110\u1ec3 \u0111\u1eb7t mua h\u00e0ng ch\u00ednh h\u00e3ng, b\u00e0 con c\u00f3 th\u1ec3 \u0111\u1ebfn tr\u1ee5 s\u1edf g\u1ea7n nh\u1ea5t c\u1ee7a c\u00f4ng ty \u0111\u1ec3 xem v\u00e0 \u0111\u1eb7t mua h\u00e0ng:<\/p>\n<ul>\n<li>Tr\u1ee5 s\u1edf ch\u00ednh: p.L\u00ea L\u1ee3i &#8211; Tx S\u01a1n T\u00e2y &#8211; H\u00e0 N\u1ed9i<\/li>\n<li>Chi nh\u00e1nh mi\u1ec1n Nam: x\u00e3 T\u00e2n Ki\u00ean &#8211; H. B\u00ecnh Ch\u00e1nh &#8211; TP H\u1ed3 Ch\u00ed Minh<\/li>\n<\/ul>\n<p>Khi \u0111\u1ebfn \u0111\u00e2y, b\u00e0 con s\u1ebd \u0111\u01b0\u1ee3c tr\u1ea3i nghi\u1ec7m v\u1eadn h\u00e0nh m\u00e1y d\u01b0\u1edbi s\u1ef1 h\u01b0\u1edbng d\u1eabn c\u1ee7a \u0111\u1ed9i ng\u0169 k\u1ef9 thu\u1eadt<\/p>\n<p>\u0110\u1ed1i v\u1edbi b\u00e0 con \u1edf xa, c\u00f3 th\u1ec3 li\u00ean h\u1ec7 t\u1edbi s\u1ed1 \u0111i\u1ec7n tho\u1ea1i tr\u00ean website ho\u1eb7c \u0111\u1ec3 l\u1ea1i l\u1eddi nh\u1eafn t\u01b0 v\u1ea5n s\u1ebd li\u00ean h\u1ec7 b\u00e0 con trong th\u1eddi gian s\u1edbm nh\u1ea5t<\/p>\n<p><strong>Th\u00f4ng s\u1ed1 k\u1ef9 thu\u1eadt\u00a0<\/strong><\/p>\n<div class=\"divTableRow\"><\/div>\n<div class=\"divTableRow\">\n<div class=\"divTableCell\">\n<table>\n<tbody>\n<tr>\n<td rowspan=\"3\" width=\"274\">\u0110\u1ed9ng c\u01a1<\/td>\n<td width=\"214\">C\u00f4ng su\u1ea5t \u0111\u1ed9ng c\u01a1<\/td>\n<td width=\"213\">Motor 15kw + 1 motor 0.75kw + 1 motor gi\u1ea3m t\u1ed1c 0.75kw<\/td>\n<\/tr>\n<tr>\n<td width=\"214\">\u00a0Ngu\u1ed3n \u0111i\u1ec7n<\/td>\n<td width=\"213\">380 (V)<\/td>\n<\/tr>\n<tr>\n<td width=\"214\">T\u1ed1c \u0111\u1ed9 m\u00e1y<\/td>\n<td width=\"213\">1450( v\/p)<\/td>\n<\/tr>\n<tr>\n<td rowspan=\"2\" width=\"274\">Tr\u1ecdng l\u01b0\u1ee3ng m\u00e1y<\/td>\n<td width=\"214\">Nguy\u00ean b\u1ed9<\/td>\n<td width=\"213\">489 ( kg)<\/td>\n<\/tr>\n<tr>\n<td width=\"214\">Kh\u00f4ng \u0111\u1ed9ng c\u01a1<\/td>\n<td width=\"213\">( kg)<\/td>\n<\/tr>\n<tr>\n<td rowspan=\"2\" width=\"274\">B\u1ea3o h\u00e0nh<\/td>\n<td width=\"214\">K\u1ef9 thu\u1eadt<\/td>\n<td width=\"213\">06 th\u00e1ng<\/td>\n<\/tr>\n<tr>\n<td width=\"214\">\u0110\u1ed9ng c\u01a1<\/td>\n<td width=\"213\">Theo t\u1eebng h\u00e3ng s\u1ea3n xu\u1ea5t<\/td>\n<\/tr>\n<tr>\n<td width=\"274\">N\u0103ng su\u1ea5t<\/td>\n<td colspan=\"2\" width=\"427\">50 \u2013 100 ( kg\/h)<\/td>\n<\/tr>\n<tr>\n<td width=\"274\">K\u00edch th\u01b0\u1edbc (D*C*R)<\/td>\n<td colspan=\"2\" width=\"427\">166cm*165cm*80cm<\/td>\n<\/tr>\n<tr>\n<td width=\"274\">H\u00ecnh th\u1ee9c thanh to\u00e1n<\/td>\n<td colspan=\"2\" width=\"427\"><b>\u00a0Ti\u1ec1n m\u1eb7t ho\u1eb7c chuy\u1ec3n kho\u1ea3n\u00a0<\/b><\/td>\n<\/tr>\n<\/tbody>\n<\/table>\n<\/div>\n<\/div>\n","protected":false},"excerpt":{"rendered":"<ul>\n<li><strong>H\u00e3ng s\u1ea3n xu\u1ea5t :<\/strong> B\u00ecnh Minh<\/li>\n<li><strong>C\u00f4ng su\u1ea5t \u0111\u1ed9ng c\u01a1 \u0111i\u1ec7n:\u00a0<\/strong>motor 15kw + 1 motor 0.75kw + 1 motor gi\u1ea3m t\u1ed1c 0.75kw<\/li>\n<li><strong>T\u1ed1c \u0111\u1ed9 :\u00a0<\/strong>1450 v\u00f2ng\/ ph\u00fat<\/li>\n<li><strong>Ngu\u1ed3n \u0111i\u1ec7n :\u00a0<\/strong>380V<\/li>\n<li><strong>Tr\u1ecdng l\u01b0\u1ee3ng:<\/strong>\u00a0489 kg( nguy\u00ean b\u1ed9 )<\/li>\n<li><strong>N\u0103ng su\u1ea5t<\/strong>: 60-100Kg\/H<\/li>\n<li><strong>K\u00edch th\u01b0\u1edbc (D*C*R):<\/strong>\u00a0166*165*80 cm<\/li>\n<li><strong>T\u00ednh n\u0103ng : L<\/strong>\u00e0m c\u00e1m ch\u00edn, c\u00e1m n\u1ed5i v\u1edbi c\u00e1c nguy\u00ean li\u1ec7u d\u1ea1ng b\u1ed9t nh\u01b0 c\u00e1m g\u1ea1o, c\u00e1m ng\u00f4, b\u1ed9t c\u00e1, b\u1ed9t \u0111\u1ed7 t\u01b0\u01a1ng,\u2026<\/li>\n<\/ul>\n","protected":false},"featured_media":10275,"comment_status":"closed","ping_status":"closed","template":"","meta":[],"product_brand":[],"product_cat":[42],"product_tag":[69,66,68],"class_list":{"0":"post-5162","1":"product","2":"type-product","3":"status-publish","4":"has-post-thumbnail","6":"product_cat-may-dun-vien","7":"product_tag-may-lam-cam-ca","8":"product_tag-may-lam-cam-ca-noi","9":"product_tag-may-lam-cam-tom","11":"first","12":"instock","13":"shipping-taxable","14":"product-type-simple"},"_links":{"self":[{"href":"https:\/\/congtybinhminh.com\/index.php?rest_route=\/wp\/v2\/product\/5162","targetHints":{"allow":["GET"]}}],"collection":[{"href":"https:\/\/congtybinhminh.com\/index.php?rest_route=\/wp\/v2\/product"}],"about":[{"href":"https:\/\/congtybinhminh.com\/index.php?rest_route=\/wp\/v2\/types\/product"}],"replies":[{"embeddable":true,"href":"https:\/\/congtybinhminh.com\/index.php?rest_route=%2Fwp%2Fv2%2Fcomments&post=5162"}],"wp:featuredmedia":[{"embeddable":true,"href":"https:\/\/congtybinhminh.com\/index.php?rest_route=\/wp\/v2\/media\/10275"}],"wp:attachment":[{"href":"https:\/\/congtybinhminh.com\/index.php?rest_route=%2Fwp%2Fv2%2Fmedia&parent=5162"}],"wp:term":[{"taxonomy":"product_brand","embeddable":true,"href":"https:\/\/congtybinhminh.com\/index.php?rest_route=%2Fwp%2Fv2%2Fproduct_brand&post=5162"},{"taxonomy":"product_cat","embeddable":true,"href":"https:\/\/congtybinhminh.com\/index.php?rest_route=%2Fwp%2Fv2%2Fproduct_cat&post=5162"},{"taxonomy":"product_tag","embeddable":true,"href":"https:\/\/congtybinhminh.com\/index.php?rest_route=%2Fwp%2Fv2%2Fproduct_tag&post=5162"}],"curies":[{"name":"wp","href":"https:\/\/api.w.org\/{rel}","templated":true}]}}