{"id":507,"date":"2019-11-03T14:20:13","date_gmt":"2019-11-03T07:20:13","guid":{"rendered":"https:\/\/congtybinhminh.com\/?post_type=product&#038;p=507"},"modified":"2023-04-05T14:09:43","modified_gmt":"2023-04-05T07:09:43","slug":"may-ep-cam-vien","status":"publish","type":"product","link":"https:\/\/congtybinhminh.com\/?product=may-ep-cam-vien","title":{"rendered":"M\u00e1y \u00c9p C\u00e1m Vi\u00ean"},"content":{"rendered":"<h2><strong>Xem video tr\u1ef1c ti\u1ebfp t\u1ea1i \u0111\u00e2y:<\/strong><\/h2>\n<p><iframe loading=\"lazy\" title=\"L\u00e0m C\u00e1m Vi\u00ean Gi\u00e1 R\u1ebb T\u1ea1i Nh\u00e0 Nh\u1edd M\u00e1y \u00c9p C\u00e1m Vi\u00ean S150\" width=\"1020\" height=\"574\" src=\"https:\/\/www.youtube.com\/embed\/yttKijxnMIM?feature=oembed\" frameborder=\"0\" allow=\"accelerometer; autoplay; clipboard-write; encrypted-media; gyroscope; picture-in-picture; web-share\" allowfullscreen><\/iframe><\/p>\n<h2><strong>Gi\u1edbi Thi\u1ec7u Chung V\u1ec1 M\u00e1y \u00c9p C\u00e1m Vi\u00ean B\u00ecnh Minh<\/strong><\/h2>\n<p>Nh\u01b0 b\u00e0 con c\u0169ng bi\u1ebft, s\u1eed d\u1ee5ng c\u00e1m vi\u00ean t\u1ef1 ch\u1ebf c\u00f3 th\u1ec3 gi\u00fap ti\u1ebft ki\u1ec7m t\u1eeb 20% \u0111\u1ebfn 40% so v\u1edbi c\u00e1m c\u00f4ng nghi\u1ec7p.Trong ng\u00e0nh ch\u0103n nu\u00f4i, chi ph\u00ed \u0111\u1ea7u t\u01b0 lu\u00f4n l\u00e0 v\u1ea5n \u0111\u1ec1 khi\u1ebfn cho b\u00e0 con lu\u00f4n ph\u1ea3i t\u00ednh to\u00e1n k\u0129 l\u01b0\u1ee1ng. N\u1ebfu nh\u01b0 tr\u01b0\u1edbc \u0111\u00e2y ngu\u1ed3n th\u1ee9c \u0103n ch\u00ednh c\u1ee7a v\u1eadt nu\u00f4i l\u00e0 c\u00e1m c\u00f4ng nghi\u1ec7p th\u00ec xu h\u01b0\u1edbng hi\u1ec7n nay \u0111ang c\u00f3 s\u1ef1 thay \u0111\u1ed5i d\u1ea7n sang c\u00e1c lo\u1ea1i c\u00e1m do ng\u01b0\u1eddi ch\u0103n nu\u00f4i ch\u1ee7 \u0111\u1ed9ng s\u1ea3n xu\u1ea5t. V\u00e0 c\u00f4ng c\u1ee5 h\u1ed7 tr\u1ee3 \u0111\u1eafc l\u1ef1c cho b\u00e0 con trong vi\u1ec7c t\u1ef1 s\u1ea3n xu\u1ea5t c\u00e1m \u0111\u00f3 ch\u00ednh l\u00e0 nh\u1eefng chi\u1ebfc m\u00e1y \u00e9p c\u00e1m vi\u00ean. Hi\u1ec3u \u0111\u01b0\u1ee3c mong mu\u1ed1n c\u1ee7a b\u00e0 con, c\u00f4ng ty B\u00ecnh Minh ch\u00fang t\u00f4i \u0111\u00e3 nghi\u00ean c\u1ee9u v\u00e0 ch\u1ebf t\u1ea1o \u0111\u1ec3 cho ra \u0111\u1eddi c\u00e1c d\u00f2ng m\u00e1y \u00e9p c\u00e1m vi\u00ean tr\u1ee5c \u0111\u1ee9ng gi\u00fap h\u1ed7 tr\u1ee3 t\u1ed1i \u0111a cho b\u00e0 con ch\u0103n nu\u00f4i.<\/p>\n<p><img loading=\"lazy\" decoding=\"async\" class=\"aligncenter wp-image-7439 size-full\" src=\"https:\/\/congtybinhminh.com\/wp-content\/uploads\/2019\/11\/may-ep-cam-vien_result222.webp\" alt=\"may-ep-cam-vien_result222\" width=\"800\" height=\"600\" srcset=\"https:\/\/congtybinhminh.com\/wp-content\/uploads\/2019\/11\/may-ep-cam-vien_result222.webp 800w, https:\/\/congtybinhminh.com\/wp-content\/uploads\/2019\/11\/may-ep-cam-vien_result222-510x383.webp 510w, https:\/\/congtybinhminh.com\/wp-content\/uploads\/2019\/11\/may-ep-cam-vien_result222-533x400.webp 533w, https:\/\/congtybinhminh.com\/wp-content\/uploads\/2019\/11\/may-ep-cam-vien_result222-768x576.webp 768w\" sizes=\"auto, (max-width: 800px) 100vw, 800px\" \/><\/p>\n<p>&nbsp;<\/p>\n<p>C\u00f4ng ty B\u00ecnh Minh chuy\u00ean s\u1ea3n xu\u1ea5t ra c\u00e1c lo\u1ea1i m\u00e1y \u00e9p c\u00e1m ph\u00f9 h\u1ee3p theo t\u1eebng nhu c\u1ea7u ch\u0103n nu\u00f4i t\u1eeb \u00edt \u0111\u1ebfn nhi\u1ec1u, t\u1eeb quy m\u00f4 gia \u0111\u00ecnh, \u0111\u1ebfn quy m\u00f4 trang tr\u1ea1i l\u1edbn. Gi\u00fap b\u00e0 con gi\u1ea3m \u0111\u01b0\u1ee3c chi ph\u00ed \u0111\u1ea7u t\u01b0, r\u00fat ng\u1eafn c\u00f4ng \u0111o\u1ea1n ch\u1ebf bi\u1ebfn th\u1ee9c \u0103n ch\u0103n nu\u00f4i, t\u0103ng l\u00e3i su\u1ea5t t\u1ed1i \u0111a. V\u1edbi 6 phi\u00ean b\u1ea3n c\u00f3 n\u0103ng su\u1ea5t l\u00e0m vi\u1ec7c t\u1eeb 100kg\/ gi\u1edd \u0111\u1ebfn 1 t\u1ea5n\/ gi\u1edd, hy v\u1ecdng b\u00e0 con ch\u0103n nu\u00f4i s\u1ebd c\u00f3 l\u1ef1a ch\u1ecdn h\u1ee3p l\u00fd ph\u00f9 h\u1ee3p v\u1edbi \u0111i\u1ec1u ki\u1ec7n kinh t\u1ebf c\u1ee7a gia \u0111\u00ecnh.<\/p>\n<p><img loading=\"lazy\" decoding=\"async\" class=\"aligncenter wp-image-7440 size-full\" src=\"https:\/\/congtybinhminh.com\/wp-content\/uploads\/2019\/11\/tong-hop-may-ep-cam-vien_result222.webp\" alt=\"tong-hop-may-ep-cam-vien_result222\" width=\"800\" height=\"600\" srcset=\"https:\/\/congtybinhminh.com\/wp-content\/uploads\/2019\/11\/tong-hop-may-ep-cam-vien_result222.webp 800w, https:\/\/congtybinhminh.com\/wp-content\/uploads\/2019\/11\/tong-hop-may-ep-cam-vien_result222-510x383.webp 510w, https:\/\/congtybinhminh.com\/wp-content\/uploads\/2019\/11\/tong-hop-may-ep-cam-vien_result222-533x400.webp 533w, https:\/\/congtybinhminh.com\/wp-content\/uploads\/2019\/11\/tong-hop-may-ep-cam-vien_result222-768x576.webp 768w\" sizes=\"auto, (max-width: 800px) 100vw, 800px\" \/><\/p>\n<h2><strong>T\u1ed5ng H\u1ee3p C\u00e1c D\u00f2ng M\u00e1y \u00c9p C\u00e1m Vi\u00ean Tr\u1ee5c \u0110\u1ee9ng<\/strong><\/h2>\n<p><img loading=\"lazy\" decoding=\"async\" class=\"aligncenter wp-image-7446 size-full\" src=\"https:\/\/congtybinhminh.com\/wp-content\/uploads\/2019\/11\/thong-so-may-ep-vien-1.gif\" alt=\"thong-so-may-ep-vien-1\" width=\"800\" height=\"600\" \/><\/p>\n<p><img loading=\"lazy\" decoding=\"async\" class=\"aligncenter wp-image-7441 size-full\" src=\"https:\/\/congtybinhminh.com\/wp-content\/uploads\/2019\/11\/thong-so-may-ep-cam-vien_result222.webp\" alt=\"thong-so-may-ep-cam-vien_result222\" width=\"800\" height=\"600\" srcset=\"https:\/\/congtybinhminh.com\/wp-content\/uploads\/2019\/11\/thong-so-may-ep-cam-vien_result222.webp 800w, https:\/\/congtybinhminh.com\/wp-content\/uploads\/2019\/11\/thong-so-may-ep-cam-vien_result222-510x383.webp 510w, https:\/\/congtybinhminh.com\/wp-content\/uploads\/2019\/11\/thong-so-may-ep-cam-vien_result222-533x400.webp 533w, https:\/\/congtybinhminh.com\/wp-content\/uploads\/2019\/11\/thong-so-may-ep-cam-vien_result222-768x576.webp 768w\" sizes=\"auto, (max-width: 800px) 100vw, 800px\" \/><\/p>\n<h2><strong>M\u00e1y \u0111\u00f9n vi\u00ean\u00a0<\/strong><\/h2>\n<p><span style=\"color: #000000\">M\u00e1y \u0111\u00f9n vi\u00ean th\u1ee9c \u0103n ch\u0103n nu\u00f4i l\u00e0 1 trong nh\u1eefng d\u00f2ng m\u00e1y hi\u1ec7n nay \u0111ang \u0111\u01b0\u1ee3c b\u00e0 con quan t\u00e2m, t\u00ecm hi\u1ec3u. V\u1edbi mong mu\u1ed1n s\u1ea3n xu\u1ea5t \u0111\u01b0\u1ee3c vi\u00ean c\u00e1m ch\u00edn, \u0111\u1ea3m b\u1ea3o v\u1ec7 sinh, \u0111\u1ed3ng th\u1eddi c\u00f2n c\u00f3 th\u1ec3 l\u00e0m c\u00e1m n\u1ed5i cho th\u1ee7y, h\u1ea3i s\u1ea3n. Hi\u1ec3u \u0111\u01b0\u1ee3c nhu c\u1ea7u \u0111\u00f3, c\u00f4ng ty TNHH B\u00ecnh Minh \u0111\u00e3 nghi\u00ean c\u1ee9u th\u00e0nh c\u00f4ng v\u00e0 cho ra \u0111\u1eddi d\u00f2ng m\u00e1y \u0111\u00f9n vi\u00ean th\u1ee9c \u0103n ch\u0103n nu\u00f4i.<\/span><\/p>\n<p><img loading=\"lazy\" decoding=\"async\" class=\"aligncenter wp-image-7436 size-full\" src=\"https:\/\/congtybinhminh.com\/wp-content\/uploads\/2019\/11\/may-ep-cam-vien-noi-cho-ca.gif\" alt=\"may-ep-cam-vien-noi-cho-ca\" width=\"800\" height=\"600\" \/><\/p>\n<p><span style=\"color: #000000\">M\u00e1y c\u00f3 th\u1ec3 ch\u1ebf bi\u1ebfn th\u1ee9c \u0103n d\u1ea1ng vi\u00ean t\u1eeb c\u00e1c nguy\u00ean li\u1ec7u nh\u01b0 c\u00e1m ng\u00f4, c\u00e1m g\u1ea1o, b\u1ed9t \u0111\u1ed7 t\u01b0\u01a1ng, kh\u00f4 d\u1ea7u, b\u1ed9t s\u1eafn, b\u1ed9t c\u00e1\u2026 th\u00e0nh lo\u1ea1i c\u00e1m ch\u00edn 100% \u0111\u1ee7 ch\u1ea5t dinh d\u01b0\u1ee1ng cho v\u1eadt nu\u00f4i. M\u00e1y c\u00f3 th\u1ec3 l\u00e0m c\u00e1m n\u1ed5i cho th\u1ee7y, h\u1ea3i s\u1ea3n: c\u00e1, t\u00f4m, \u1ebfch\u2026hay c\u00e1m th\u01b0\u1eddng cho g\u00e0 \u00fam, chim,\u2026 \u0103n ti\u1ebft ki\u1ec7m \u0111\u01b0\u1ee3c chi ph\u00ed, t\u1eadn d\u1ee5ng \u0111\u01b0\u1ee3c nguy\u00ean li\u1ec7u c\u00f3 s\u1eb5n v\u00e0 \u0111em l\u1ea1i hi\u1ec7u qu\u1ea3 kinh t\u1ebf cao.<\/span><\/p>\n<p><img loading=\"lazy\" decoding=\"async\" class=\"size-full wp-image-5186 aligncenter\" src=\"https:\/\/congtybinhminh.com\/wp-content\/uploads\/2019\/11\/thong-so-3.png\" alt=\"thong-so\" width=\"800\" height=\"489\" srcset=\"https:\/\/congtybinhminh.com\/wp-content\/uploads\/2019\/11\/thong-so-3.png 800w, https:\/\/congtybinhminh.com\/wp-content\/uploads\/2019\/11\/thong-so-3-510x312.png 510w, https:\/\/congtybinhminh.com\/wp-content\/uploads\/2019\/11\/thong-so-3-654x400.png 654w, https:\/\/congtybinhminh.com\/wp-content\/uploads\/2019\/11\/thong-so-3-768x469.png 768w\" sizes=\"auto, (max-width: 800px) 100vw, 800px\" \/><\/p>\n<p><span style=\"color: #000000\">B\u00e0 con c\u00f3 th\u1ec3 tham kh\u1ea3o th\u00f4ng tin chi ti\u1ebft c\u1ee7a m\u00e1y \u0111\u00f9n vi\u00ean <a href=\"https:\/\/congtybinhminh.com\/sp\/may-dun-vien\/\"><span style=\"color: #ed1c24\">t\u1ea1i \u0111\u00e2y <\/span><\/a><\/span><\/p>\n<h2><strong>Th\u00f4ng S\u1ed1 C\u1ee7a C\u00e1c D\u00f2ng M\u00e1y \u00c9p C\u00e1m Vi\u00ean<\/strong><\/h2>\n<p><img loading=\"lazy\" decoding=\"async\" class=\"size-full wp-image-1149 aligncenter\" src=\"https:\/\/congtybinhminh.com\/wp-content\/uploads\/2019\/11\/thong-so-1.png\" alt=\"thong-so\" width=\"800\" height=\"349\" srcset=\"https:\/\/congtybinhminh.com\/wp-content\/uploads\/2019\/11\/thong-so-1.png 800w, https:\/\/congtybinhminh.com\/wp-content\/uploads\/2019\/11\/thong-so-1-510x222.png 510w, https:\/\/congtybinhminh.com\/wp-content\/uploads\/2019\/11\/thong-so-1-768x335.png 768w\" sizes=\"auto, (max-width: 800px) 100vw, 800px\" \/><\/p>\n<h1><img loading=\"lazy\" decoding=\"async\" class=\"size-full wp-image-1150 aligncenter\" src=\"https:\/\/congtybinhminh.com\/wp-content\/uploads\/2019\/11\/thong-so-2.png\" alt=\"thong-so-2\" width=\"800\" height=\"348\" srcset=\"https:\/\/congtybinhminh.com\/wp-content\/uploads\/2019\/11\/thong-so-2.png 800w, https:\/\/congtybinhminh.com\/wp-content\/uploads\/2019\/11\/thong-so-2-510x222.png 510w, https:\/\/congtybinhminh.com\/wp-content\/uploads\/2019\/11\/thong-so-2-768x334.png 768w\" sizes=\"auto, (max-width: 800px) 100vw, 800px\" \/><\/h1>\n<h2><strong>H\u01b0\u1edbng D\u1eabn S\u1eed D\u1ee5ng<\/strong><\/h2>\n<h3><strong>H\u01b0\u1edbng d\u1eabn s\u1eed d\u1ee5ng m\u00e1y S150 v\u00e0 S220<\/strong><\/h3>\n<p><strong>B\u01b0\u1edbc 1:<\/strong>\u00a0L\u1eafp \u0111\u1eb7t m\u00e1y v\u00e0o v\u1ecb tr\u00ed an to\u00e0n (\u0111i\u1ec7n, ch\u1ed7 k\u00ea ch\u1eafc ch\u1eafn, \u0111\u1ee7 \u00e1nh s\u00e1ng \u2026) v\u00e0 thu\u1eadn ti\u1ec7n trong qu\u00e1 tr\u00ecnh l\u00e0m vi\u1ec7c. Chu\u1ea9n b\u1ecb 2 c\u1edd l\u00ea 17 v\u00e0 13 \u0111\u1ec3 \u0111i\u1ec1u ch\u1ec9nh m\u00e1y khi ho\u1ea1t \u0111\u1ed9ng n\u1ebfu c\u1ea7n. Ki\u1ec3m tra xem ngu\u1ed3n \u0111i\u1ec7n nh\u00e0 m\u00ecnh c\u00f3 \u1ed5n \u0111\u1ecbnh kh\u00f4ng, d\u00e2y \u0111i\u1ec7n n\u00f3 \u0111\u1ea3m b\u1ea3o kh\u00f4ng \u0111\u1ec3 tr\u00e1nh \u1ea3nh h\u01b0\u1edfng \u0111\u1ebfn motor v\u00e0 n\u0103ng su\u1ea5t c\u1ee7a m\u00e1y.<\/p>\n<p><strong>B\u01b0\u1edbc 2<\/strong>: Sau khi \u0111\u00e3 k\u00ea v\u00e0 \u0111\u1eb7t m\u00e1y ch\u1ed7 h\u1ee3p l\u00fd, b\u00e0 con ch\u1ec9nh hai con \u1ed1c d\u00e0i \u0111\u1ec3 si\u1ebft qu\u1ea3 l\u00f4 (hai con \u1ed1c d\u00e0i \u1edf hai b\u00ean th\u00e2n m\u00e1y) b\u1eb1ng c\u00e1ch v\u1eb7n hai con \u1ed1c h\u00e3m \u0111i l\u00ean v\u1ec1 ph\u00eda \u0111u\u00f4i c\u1ee7a hai con \u1ed1c d\u00e0i. Sau \u0111\u00f3 d\u00f9ng tay v\u1eb7n hai con \u1ed1c d\u00e0i xu\u1ed1ng, ch\u1ec9 v\u1eb7n c\u1ee9ng tay. B\u01b0\u1edbc n\u00e0y nh\u1eb1m m\u1ee5c \u0111\u00edch t\u1ea1o vi\u00ean cho c\u00e1m, n\u00ean si\u1ebft t\u1eeb t\u1eeb v\u00e0 \u0111\u1ea3m b\u1ea3o si\u1ebft \u0111\u1ec1u hai con \u1ed1c \u0111\u1ec3 qu\u1ea3 l\u00f4 v\u00e0 m\u1eb7t s\u00e0ng kh\u00f4ng b\u1ecb nghi\u00eang, l\u1ec7ch.<\/p>\n<p><img loading=\"lazy\" decoding=\"async\" class=\"size-full wp-image-527 aligncenter\" src=\"https:\/\/congtybinhminh.com\/wp-content\/uploads\/2019\/11\/huong-dan-s150.png\" alt=\"huong-dan-s150\" width=\"800\" height=\"600\" srcset=\"https:\/\/congtybinhminh.com\/wp-content\/uploads\/2019\/11\/huong-dan-s150.png 800w, https:\/\/congtybinhminh.com\/wp-content\/uploads\/2019\/11\/huong-dan-s150-510x383.png 510w, https:\/\/congtybinhminh.com\/wp-content\/uploads\/2019\/11\/huong-dan-s150-533x400.png 533w, https:\/\/congtybinhminh.com\/wp-content\/uploads\/2019\/11\/huong-dan-s150-768x576.png 768w\" sizes=\"auto, (max-width: 800px) 100vw, 800px\" \/><\/p>\n<p><span style=\"color: #000000\"><strong>B\u01b0\u1edbc 3:<\/strong>\u00a0Cho h\u1ed7n h\u1ee3p c\u00e1m c\u1ea7n \u00e9p v\u00e0o m\u00e1y sao cho nguy\u00ean li\u1ec7u ch\u1ec9 ng\u1eadp 1\/3 tr\u1ee5c c\u1ee7a qu\u1ea3 l\u00f4 \u00e9p. \u0110\u1ed1i v\u1edbi m\u00e1y \u00e9p c\u00e1m vi\u00ean m\u1edbi, s\u00e0ng ch\u01b0a tr\u01a1n n\u00ean l\u1ea7n \u0111\u1ea7u \u00e9p c\u00e1m, b\u00e0 con c\u1ea7n \u00e9p kho\u1ea3ng 100kg c\u00e1m g\u1ea1o v\u1edbi \u0111\u1ed9 \u1ea9m 10-20% \u0111\u1ec3 tr\u01a1n s\u00e0ng, \u0111i\u1ec1u n\u00e0y gi\u00fap s\u00e0ng kh\u00f4ng b\u1ecb t\u1eafc trong qu\u00e1 tr\u00ecnh s\u1eed d\u1ee5ng.<\/span><\/p>\n<p><span style=\"color: #000000\"><strong>B\u01b0\u1edbc 4:<\/strong>\u00a0\u0110\u00f3ng \u0111i\u1ec7n \u0111\u1ec3 m\u00e1y ho\u1ea1t \u0111\u1ed9ng; Nh\u00ecn \u1edf c\u1eeda ra c\u00e1m n\u1ebfu th\u1ea5y b\u1ed9t, ho\u1eb7c th\u1ea5y c\u00e1m ra ch\u1eadm th\u00ec d\u00f9ng c\u1edd l\u00ea 17 ch\u1ec9nh hai con \u1ed1c t\u00ec \u0111i xu\u1ed1ng th\u1eadt \u0111\u1ec1u sao cho hai qu\u1ea3 l\u00f4 quay \u0111\u1ec1u, khi th\u1ea5y c\u00e1m vi\u00ean ra \u0111\u1ec1u th\u00ec \u0111\u1ec3 m\u00e1y \u1ed5n \u0111inh v\u00e0 ti\u1ebfp nguy\u00ean li\u1ec7u sao cho lu\u00f4n ng\u1eadp ngang tr\u1ee5c qu\u1ea3 l\u00f4; \u0110i\u1ec1u ch\u1ec9nh \u0111\u1ed9 d\u00e0i ng\u1eafn c\u1ee7a vi\u00ean c\u00e1m b\u1eb1ng c\u1edd l\u00ea 13 \u1edf dao c\u1eaft tr\u01b0\u1edbc c\u1eeda ra c\u00e1m. \u1ede b\u01b0\u1edbc n\u00e0y b\u00e0 con c\u1ea7n \u0111\u1eb7c bi\u1ebft l\u01b0u \u00fd, cho c\u00e1m v\u00e0o t\u1eeb t\u1eeb v\u00e0 lu\u00f4n \u0111\u1ea3m b\u1ea3o ng\u1eadp 1\/3 qu\u1ea3 l\u00f4 \u00e9p. Tuy\u1ec7t \u0111\u1ed1i kh\u00f4ng \u0111\u1ec3 m\u00e1y ch\u1ea1y m\u00e0 kh\u00f4ng c\u00f3 nguy\u00ean li\u1ec7u b\u00ean trong, nh\u01b0 v\u1eady s\u1ebd l\u00e0m gi\u1ea3m tu\u1ed5i th\u1ecd c\u1ee7a s\u00e0ng.<\/span><\/p>\n<h3><span style=\"color: #000000\"><strong><span id=\"Huong_dan_su_dung_may_S200_S250_S270\" class=\"ez-toc-section\">H\u01b0\u1edbng d\u1eabn s\u1eed d\u1ee5ng m\u00e1y S200, S250, S270<\/span><\/strong><\/span><\/h3>\n<p><span style=\"color: #000000\"><strong>B\u01b0\u1edbc 1 :<\/strong>\u00a0Ki\u1ec3m tra ngu\u1ed3n \u0111i\u1ec7n tr\u01b0\u1edbc khi m\u00e1y ho\u1ea1t \u0111\u1ed9ng<\/span><\/p>\n<p><span style=\"color: #000000\"><strong>B\u01b0\u1edbc 2 : <\/strong>\u00a0Chi\u1ec1u quay c\u1ee7a con l\u0103n ph\u1ea3i \u0111\u00fang theo chi\u1ec1u m\u0169i t\u00ean \u0111\u01b0\u1ee3c v\u1ebd tr\u00ean th\u00e2n m\u00e1y.<\/span><\/p>\n<p><span style=\"color: #000000\"><strong>B\u01b0\u1edbc 3 : <\/strong>Khi m\u1edbi nh\u1eadn m\u00e1y, b\u00e0 con n\u00ean l\u1ea5y b\u1ed9t c\u00e1m g\u1ea1o ch\u1ea1y nhi\u1ec1u l\u1ea7n cho tr\u01a1n tru m\u1eb7t s\u00e0ng, con l\u0103n r\u1ed3i m\u1edbi \u00e9p nguy\u00ean li\u1ec7u th\u00f4 \u0111\u1ec3 \u00e9p th\u00e0nh c\u00e1m vi\u00ean.<\/span><\/p>\n<p><span style=\"color: #000000\"><strong>B\u01b0\u1edbc 4 : <\/strong>Cho nguy\u00ean li\u1ec7u \u0111\u00e3 chu\u1ea9n b\u1ecb s\u1eb5n v\u00e0o toa m\u00e1y. \u0110\u1ea3m b\u1ea3o \u0111\u1ed9 \u1ea9m h\u1ed7n h\u1ee3p l\u00e0 10-20% \u0111\u1ec3 vi\u00ean c\u00e1m \u0111\u01b0\u1ee3c \u00e9p ra c\u00f3 \u0111\u1ed9 k\u1ebft d\u00ednh t\u1ed1t nh\u1ea5t.<\/span><\/p>\n<p><img loading=\"lazy\" decoding=\"async\" class=\"size-full wp-image-528 aligncenter\" src=\"https:\/\/congtybinhminh.com\/wp-content\/uploads\/2019\/11\/huong-dan-s200.png\" alt=\"huong-dan-s200\" width=\"800\" height=\"600\" srcset=\"https:\/\/congtybinhminh.com\/wp-content\/uploads\/2019\/11\/huong-dan-s200.png 800w, https:\/\/congtybinhminh.com\/wp-content\/uploads\/2019\/11\/huong-dan-s200-510x383.png 510w, https:\/\/congtybinhminh.com\/wp-content\/uploads\/2019\/11\/huong-dan-s200-533x400.png 533w, https:\/\/congtybinhminh.com\/wp-content\/uploads\/2019\/11\/huong-dan-s200-768x576.png 768w\" sizes=\"auto, (max-width: 800px) 100vw, 800px\" \/><\/p>\n<p><span style=\"color: #000000\"><strong>B\u01b0\u1edbc 5 :<\/strong> \u0110\u1ed5 c\u00e1m v\u00e0o mi\u1ec7ng ph\u1ec5u r\u1ed3i dung tay quay si\u1ebft con l\u0103n ch\u1eb7t tay sao cho tay quay nghi\u00eang 1 g\u00f3c 20-30 \u0111\u1ed9 r\u1ed3i m\u1edbi b\u1eadt m\u00e1y. N\u1ebfu th\u1ea5y c\u00e1m vi\u00ean ra \u0111\u1ec1u th\u00ec th\u00f4i c\u00f2n kh\u00f4ng th\u00ec si\u1ebft th\u00eam 1 l\u1ea7n n\u1eefa.<\/span><\/p>\n<p><span style=\"color: #000000\"><strong>B\u01b0\u1edbc 6 :<\/strong>\u00a0Khi m\u00e1y ch\u1ea1y g\u1ea7n h\u1ebft nguy\u00ean li\u1ec7u th\u00ec n\u00ean cho tr\u1ea5u tr\u1ed9n \u1ea9m \u00e9p ra vi\u00ean v\u00e0 \u0111\u1ec3 c\u00f2n 1 ch\u00fat trong m\u00e1y r\u1ed3i t\u1eaft m\u00e1y \u0111\u1ec3 tr\u00e1nh t\u00ecnh tr\u1ea1ng s\u00e0ng, con l\u0103n b\u1ecb m\u00f2n v\u00e0 m\u1eb7t s\u00e0ng b\u1ecb t\u1eafc.<\/span><\/p>\n<p><span style=\"color: #000000\">Ngo\u00e0i ra, b\u00e0 con c\u00f3 th\u1ec3 tham kh\u1ea3o chi ti\u1ebft t\u1eebng s\u1ea3n ph\u1ea9m <a href=\"https:\/\/congtybinhminh.com\/\">M\u00e1y \u00e9p c\u00e1m vi\u00ean tr\u1ee5c \u0111\u1ee9ng<\/a> \u0111\u1ec3 c\u00f3 l\u1ef1a ch\u1ecdn ph\u00f9 h\u1ee3p nh\u1ea5t<\/span><\/p>\n<h3><span style=\"color: #000000\"><strong>H\u01b0\u1edbng d\u1eabn \u0111\u1eb7t mua s\u1ea3n ph\u1ea9m<\/strong><\/span><\/h3>\n<p><span style=\"color: #000000\">\u0110\u1ec3 \u0111\u1eb7t mua s\u1ea3n ph\u1ea9m qu\u00fd kh\u00e1ch ch\u1ec9 c\u1ea7n li\u00ean h\u1ec7 theo s\u1ed1 hotline c\u00f4ng ty : <span style=\"color: #0000ff\"><strong>0888.01.8822<\/strong><\/span><\/span><\/p>\n<p><span style=\"color: #000000\">C\u00f4ng ty h\u1ed7 tr\u1ee3 giao h\u00e0ng to\u00e0n qu\u1ed1c, nh\u1eadn h\u00e0ng thanh to\u00e1n t\u1ea1i nh\u00e0.<\/span><\/p>\n<p><span style=\"color: #000000\">\u2013 Giao h\u00e0ng qua b\u01b0u \u0111i\u1ec7n, nh\u1eadn h\u00e0ng t\u1ea1i nh\u00e0.<\/span><\/p>\n<p><span style=\"color: #000000\">\u2013 Giao h\u00e0ng qua c\u00e1c tuy\u1ebfn xe kh\u00e1ch b\u1eafc nam, nh\u1eadn h\u00e0ng t\u1ea1i c\u00e1c qu\u1ed1c l\u1ed9 xe ch\u1ea1y qua.<\/span><\/p>\n<h3><span style=\"color: #000000\"><strong>Ch\u00ednh s\u00e1ch b\u1ea3o h\u00e0nh s\u1ea3n ph\u1ea9m<\/strong><\/span><\/h3>\n<p><span style=\"color: #000000\">T\u1ea5t c\u00e1c s\u1ea3n ph\u1ea9m \u0111\u01b0\u1ee3c b\u00e1n t\u1ea1i c\u00f4ng ty B\u00ecnh Minh \u0111\u1ec1u \u0111\u01b0\u1ee3c b\u1ea3o h\u00e0nh k\u1ef9 thu\u1eadt 6 th\u00e1ng, cho c\u00e1c tr\u01b0\u1eddng h\u1ee3p m\u00e1y l\u1ed7i do nh\u00e0 s\u1ea3n xu\u1ea5t, \u0111\u1ed9ng c\u01a1 ch\u1eadm y\u1ebfu.<\/span><\/p>\n<p><span style=\"color: #000000\">C\u00e1c tr\u01b0\u1eddng h\u1ee3p l\u1ed7i b\u00e0 con n\u00ean th\u00f4ng b\u00e1o s\u1edbm cho nh\u00e2n vi\u00ean ch\u0103m s\u00f3c kh\u00e1ch h\u00e0ng c\u1ee7a c\u00f4ng ty \u0111\u1ec3 kh\u1eafc ph\u1ee5c s\u1ef1 c\u1ed1.<\/span><\/p>\n<p><span style=\"color: #000000\">M\u1ecdi chi ti\u1ebft v\u00e0 ch\u00ednh s\u00e1ch b\u1ea3o h\u00e0nh qu\u00fd kh\u00e1ch xem\u00a0<a style=\"color: #000000\" href=\"https:\/\/sieuthimaybinhminh.com\/bao-hanh-doi-tra\">t\u1ea1i \u0111\u00e2y<\/a><\/span><\/p>\n<h3><span style=\"color: #000000\"><strong>\u0110\u1ecba ch\u1ec9 li\u00ean h\u1ec7 v\u00e0 s\u1ea3n xu\u1ea5t<\/strong><\/span><\/h3>\n<p><span style=\"color: #000000\">\u0110\u1ec3 \u0111\u01b0\u1ee3c h\u1ed7 tr\u1ee3 t\u01b0 v\u1ea5n v\u00e0 \u0111\u1eb7t mua s\u1ea3n ph\u1ea9m c\u1ee7a C\u00f4ng Ty, m\u1eddi qu\u00fd kh\u00e1ch li\u00ean h\u1ec7:<\/span><\/p>\n<p><span style=\"color: #000000\"><strong>C\u00d4NG TY TNHH D\u1ecaCH V\u1ee4 V\u00c0 S\u1ea2N XU\u1ea4T TH\u01af\u01a0NG M\u1ea0I XU\u1ea4T NH\u1eacP KH\u1ea8U B\u00ccNH MINH<\/strong><\/span><\/p>\n<p><span style=\"color: #000000\">\u00a0M\u00e3 s\u1ed1 thu\u1ebf\u00a0<a style=\"color: #000000\" href=\"http:\/\/www.thongtincongty.com\/company\/3f9a031c-cong-ty-tnhh-dich-vu-san-xuat-thuong-mai-xuat-nhap-khau-binh-minh\/\" target=\"_blank\" rel=\"nofollow noopener noreferrer\">0108457948<\/a>\u00a0(<a style=\"color: #000000\" href=\"http:\/\/tracuunnt.gdt.gov.vn\/tcnnt\/mstdn.jsp\" target=\"_blank\" rel=\"nofollow noopener noreferrer\">ki\u1ec3m tra<\/a>)<\/span><\/p>\n<p><span style=\"color: #000000\"><strong>\u0110\u1ecba ch\u1ec9: S\u1ed1 249, Ph\u1ed1 L\u00ea L\u1ee3i \u2013 Ph\u01b0\u1eddng L\u00ea L\u1ee3i \u2013 Th\u1ecb x\u00e3 S\u01a1n T\u00e2y \u2013 Th\u00e0nh ph\u1ed1 H\u00e0 N\u1ed9i\u00a0<\/strong><\/span><\/p>\n","protected":false},"excerpt":{"rendered":"<p><span style=\"color: #ed1c24\"><strong>T\u00ednh n\u0103ng<\/strong><\/span>: <span style=\"color: #000000\">\u00c9p tr\u1ef1c ti\u1ebfp c\u00e1c nguy\u00ean li\u1ec7u nh\u01b0 ng\u00f4 h\u1ea1t, t\u00f4m, cua, c\u00e1, \u1ed1c, b\u00e3 bia, b\u00e3 \u0111\u1eadu,.. th\u00e0nh vi\u00ean c\u00e1m cho gia s\u00fac, gia c\u1ea7m. Ho\u1eb7c l\u00e0m th\u1ee9c \u0103n d\u1ea1ng n\u1ed5i, ch\u00edn cho c\u00e1, \u1ebfch, t\u00f4m, th\u1ee7y, h\u1ea3i s\u1ea3n,&#8230;<\/span><\/p>\n<p><strong><span style=\"color: #ed1c24\">N\u0103ng su\u1ea5t<\/span>:<\/strong>\u00a0<span style=\"color: #000000\">T\u1eeb 60kg \u0111\u1ebfn 1 t\u1ea5n\/ gi\u1edd ( T\u00f9y d\u00f2ng m\u00e1y)<\/span><\/p>\n<p><strong><span style=\"color: #ed1c24\">\u0110i\u1ec7n n\u0103ng<\/span>:<\/strong>\u00a0<span style=\"color: #000000\">220V \u2013 380V\u00a0<\/span><\/p>\n<p><span style=\"color: #ed1c24\"><strong>\u0110\u1ed9ng c\u01a1<\/strong><\/span>:\u00a0<span style=\"color: #000000\">To\u00e0n Ph\u00e1t v\u00e0 \u0110i\u1ec7n C\u01a1<\/span><\/p>\n<p><span style=\"color: #ed1c24\"><strong>Th\u01b0\u01a1ng hi\u1ec7u<\/strong><\/span>:\u00a0<span style=\"color: #000000\">B\u00ecnh Minh<\/span><\/p>\n<p><span style=\"color: #0000ff\"><strong>H\u00c0NG T\u1ea0I X\u01af\u1edeNG S\u1ea2N XU\u1ea4T, KH\u00d4NG QUA TRUNG GIAN<\/strong><\/span><\/p>\n<p><span style=\"color: #0000ff\"><strong>B\u1ea2O H\u00c0NH 6 TH\u00c1NG, H\u1ed6 TR\u1ee2 T\u01af V\u1ea4N K\u1ef8 THU\u1eacT TR\u1eccN \u0110\u1edcI M\u00c1Y<\/strong><\/span><\/p>\n","protected":false},"featured_media":7439,"comment_status":"closed","ping_status":"closed","template":"","meta":[],"product_brand":[],"product_cat":[64],"product_tag":[],"class_list":{"0":"post-507","1":"product","2":"type-product","3":"status-publish","4":"has-post-thumbnail","6":"product_cat-may-ep-cam","8":"first","9":"instock","10":"shipping-taxable","11":"product-type-simple"},"_links":{"self":[{"href":"https:\/\/congtybinhminh.com\/index.php?rest_route=\/wp\/v2\/product\/507","targetHints":{"allow":["GET"]}}],"collection":[{"href":"https:\/\/congtybinhminh.com\/index.php?rest_route=\/wp\/v2\/product"}],"about":[{"href":"https:\/\/congtybinhminh.com\/index.php?rest_route=\/wp\/v2\/types\/product"}],"replies":[{"embeddable":true,"href":"https:\/\/congtybinhminh.com\/index.php?rest_route=%2Fwp%2Fv2%2Fcomments&post=507"}],"wp:featuredmedia":[{"embeddable":true,"href":"https:\/\/congtybinhminh.com\/index.php?rest_route=\/wp\/v2\/media\/7439"}],"wp:attachment":[{"href":"https:\/\/congtybinhminh.com\/index.php?rest_route=%2Fwp%2Fv2%2Fmedia&parent=507"}],"wp:term":[{"taxonomy":"product_brand","embeddable":true,"href":"https:\/\/congtybinhminh.com\/index.php?rest_route=%2Fwp%2Fv2%2Fproduct_brand&post=507"},{"taxonomy":"product_cat","embeddable":true,"href":"https:\/\/congtybinhminh.com\/index.php?rest_route=%2Fwp%2Fv2%2Fproduct_cat&post=507"},{"taxonomy":"product_tag","embeddable":true,"href":"https:\/\/congtybinhminh.com\/index.php?rest_route=%2Fwp%2Fv2%2Fproduct_tag&post=507"}],"curies":[{"name":"wp","href":"https:\/\/api.w.org\/{rel}","templated":true}]}}