{"id":4820,"date":"2020-04-26T09:23:16","date_gmt":"2020-04-26T02:23:16","guid":{"rendered":"https:\/\/congtybinhminh.com\/?post_type=product&#038;p=4820"},"modified":"2025-05-21T14:32:25","modified_gmt":"2025-05-21T07:32:25","slug":"may-bam-go-5t","status":"publish","type":"product","link":"https:\/\/congtybinhminh.com\/?product=may-bam-go-5t","title":{"rendered":"M\u00e1y b\u0103m g\u1ed7 5T"},"content":{"rendered":"<h2><strong>Video ho\u1ea1t \u0111\u1ed9ng c\u1ee7a m\u00e1y<\/strong><\/h2>\n<p><iframe loading=\"lazy\" title=\"Th\u1ef1c Nghi\u1ec7m N\u0103ng Su\u1ea5t C\u1ee7a M\u00e1y B\u0103m G\u1ed7 5T B\u00ecnh Minh\" width=\"1020\" height=\"574\" src=\"https:\/\/www.youtube.com\/embed\/8l5Z4Od8Pgc?start=216&#038;feature=oembed\" frameborder=\"0\" allow=\"accelerometer; autoplay; clipboard-write; encrypted-media; gyroscope; picture-in-picture; web-share\" referrerpolicy=\"strict-origin-when-cross-origin\" allowfullscreen><\/iframe><\/p>\n<h2>Gi\u1edbi thi\u1ec7u m\u00e1y b\u0103m g\u1ed7 \u0111a n\u0103ng 5T<\/h2>\n<p><span style=\"color: #000000\">\u00a0G\u1ed7 th\u1eeba, g\u1ed7 v\u1ee5n, v\u00e1n b\u00f3c&#8230; thay v\u00ec v\u1ee9t hay \u0111\u1ed1t b\u1ecf v\u1eeba l\u00e3ng ph\u00ed l\u1ea1i g\u00e2y \u00f4 nhi\u1ec5m m\u00f4i tr\u01b0\u1eddng. Th\u00ec gi\u1edd \u0111\u00e2y, b\u00e0 con c\u00f3 th\u1ec3 t\u00e1i ch\u1ebf ch\u00fang v\u1edbi m\u00e1y b\u0103m g\u1ed7 \u0111a n\u0103ng 5T do c\u00f4ng ty B\u00ecnh Minh s\u1ea3n xu\u1ea5t\u00a0<\/span><\/p>\n<p><img loading=\"lazy\" decoding=\"async\" class=\"aligncenter wp-image-10371 size-full\" src=\"https:\/\/congtybinhminh.com\/wp-content\/uploads\/2020\/04\/may-bam-go-da-nang-5t-binh-minh_result222.webp\" alt=\"may-bam-go-da-nang-5t-binh-minh_result222\" width=\"800\" height=\"1078\" srcset=\"https:\/\/congtybinhminh.com\/wp-content\/uploads\/2020\/04\/may-bam-go-da-nang-5t-binh-minh_result222.webp 800w, https:\/\/congtybinhminh.com\/wp-content\/uploads\/2020\/04\/may-bam-go-da-nang-5t-binh-minh_result222-297x400.webp 297w, https:\/\/congtybinhminh.com\/wp-content\/uploads\/2020\/04\/may-bam-go-da-nang-5t-binh-minh_result222-594x800.webp 594w, https:\/\/congtybinhminh.com\/wp-content\/uploads\/2020\/04\/may-bam-go-da-nang-5t-binh-minh_result222-768x1035.webp 768w, https:\/\/congtybinhminh.com\/wp-content\/uploads\/2020\/04\/may-bam-go-da-nang-5t-binh-minh_result222-510x687.webp 510w\" sizes=\"auto, (max-width: 800px) 100vw, 800px\" \/><\/p>\n<p><span style=\"color: #000000\">M\u00e1y b\u0103m g\u1ed7 \u0111a n\u0103ng 5T s\u1eed d\u1ee5ng \u0111\u1ed9ng c\u01a1 18-22kw x\u1eed l\u00fd b\u0103m nh\u1ecf c\u00e1c lo\u1ea1i g\u1ed7 th\u1eeba, kh\u00fac g\u1ed7, g\u1ed7 c\u00f4ng nghi\u1ec7p, v\u00e1n b\u00f3c&#8230; cho n\u0103ng su\u1ea5t \u0111\u1ea1t 2- 3 t\u1ea5n\/gi\u1edd th\u00edch h\u1ee3p s\u1eed d\u1ee5ng t\u1ea1i c\u00e1c h\u1ed9 gia \u0111\u00ecnh, c\u01a1 s\u1edf t\u00e1i ch\u1ebf quy m\u00f4 v\u1eeba v\u00e0 l\u1edbn<\/span><\/p>\n<h2><span style=\"color: #000000\">C\u1ea5u t\u1ea1o chi ti\u1ebft m\u00e1y<\/span><\/h2>\n<p><span style=\"color: #000000\">M\u00e1y b\u0103m g\u1ed7 c\u00f4ng nghi\u1ec7p v\u1edbi ph\u1ea7n k\u1ebft c\u1ea5u m\u00e1y \u0111\u01b0\u1ee3c h\u00e0n g\u1eafn ch\u1eafc ch\u1eafn kh\u00f4ng g\u00e2y rung l\u1eafc trong qu\u00e1 tr\u00ecnh b\u0103m.\u00a0<\/span><\/p>\n<p><img loading=\"lazy\" decoding=\"async\" class=\"aligncenter wp-image-10373 size-full\" src=\"https:\/\/congtybinhminh.com\/wp-content\/uploads\/2020\/04\/cau-tao-may-bam-go-da-nang-5t_result222.webp\" alt=\"cau-tao-may-bam-go-da-nang-5t_result222\" width=\"800\" height=\"706\" srcset=\"https:\/\/congtybinhminh.com\/wp-content\/uploads\/2020\/04\/cau-tao-may-bam-go-da-nang-5t_result222.webp 800w, https:\/\/congtybinhminh.com\/wp-content\/uploads\/2020\/04\/cau-tao-may-bam-go-da-nang-5t_result222-453x400.webp 453w, https:\/\/congtybinhminh.com\/wp-content\/uploads\/2020\/04\/cau-tao-may-bam-go-da-nang-5t_result222-768x678.webp 768w, https:\/\/congtybinhminh.com\/wp-content\/uploads\/2020\/04\/cau-tao-may-bam-go-da-nang-5t_result222-510x450.webp 510w\" sizes=\"auto, (max-width: 800px) 100vw, 800px\" \/><\/p>\n<p><span style=\"color: #000000\">Ph\u00eda d\u01b0\u1edbi ch\u00e2n m\u00e1y l\u1eafp \u0111\u1eb7t 4 b\u00e1nh xe thu\u1eadn ti\u1ec7n di chuy\u1ec3n t\u1ea1o s\u1ef1 ti\u1ec7n l\u1ee3i v\u00e0 an to\u00e0n cho ng\u01b0\u1eddi d\u00f9ng<\/span><\/p>\n<p><span style=\"color: #000000\">M\u00e1y \u0111\u01b0\u1ee3c thi\u1ebft k\u1ebf 2 c\u1eeda n\u1ea1p ri\u00eang t\u01b0\u01a1ng \u1ee9ng v\u1edbi \u0111\u1eb7c t\u00ednh nguy\u00ean li\u1ec7u<\/span><\/p>\n<ul>\n<li><span style=\"color: #000000\">1 c\u1eeda b\u0103m th\u00e2n c\u00e2y g\u1ed7 l\u1edbn, <\/span><\/li>\n<li><span style=\"color: #000000\">1 c\u1eeda b\u0103m th\u00e2n c\u00e0nh c\u00e2y nh\u1ecf, c\u00f9i d\u1eeba kh\u00f4, \u0111\u1ed1t g\u1ed7 v\u1ee5n<\/span><\/li>\n<\/ul>\n<p><img loading=\"lazy\" decoding=\"async\" class=\"aligncenter wp-image-10374 size-full\" src=\"https:\/\/congtybinhminh.com\/wp-content\/uploads\/2020\/04\/toa-nap-may-bam-go_result222.webp\" alt=\"toa-nap-may-bam-go_result222\" width=\"800\" height=\"1013\" srcset=\"https:\/\/congtybinhminh.com\/wp-content\/uploads\/2020\/04\/toa-nap-may-bam-go_result222.webp 800w, https:\/\/congtybinhminh.com\/wp-content\/uploads\/2020\/04\/toa-nap-may-bam-go_result222-316x400.webp 316w, https:\/\/congtybinhminh.com\/wp-content\/uploads\/2020\/04\/toa-nap-may-bam-go_result222-632x800.webp 632w, https:\/\/congtybinhminh.com\/wp-content\/uploads\/2020\/04\/toa-nap-may-bam-go_result222-768x972.webp 768w, https:\/\/congtybinhminh.com\/wp-content\/uploads\/2020\/04\/toa-nap-may-bam-go_result222-510x646.webp 510w\" sizes=\"auto, (max-width: 800px) 100vw, 800px\" \/><\/p>\n<p><span style=\"color: #000000\">Ph\u1ea7n mi\u1ec7ng toa r\u1ed9ng, thi\u1ebft k\u1ebf g\u00f3c nghi\u00eang gi\u00fap gi\u1ea3m t\u1ea3i khi \u0111\u01b0a nguy\u00ean li\u1ec7u v\u00e0o bu\u1ed3ng b\u0103m. Th\u00e0nh ph\u1ea9m sau khi b\u0103m s\u1ebd \u0111\u01b0\u1ee3c phun tr\u1ef1c ti\u1ebfp ra ngo\u00e0i c\u1eeda x\u1ea3<\/span><\/p>\n<p><span style=\"color: #000000\">H\u1ec7 th\u1ed1ng dao b\u0103m s\u1eafc b\u00e9n g\u1ed3m 3 l\u01b0\u1ee1i dao to c\u00f9ng 12 b\u00faa nghi\u1ec1n c\u00f9ng b\u00e1nh \u0111\u00e0, tr\u00ean b\u00e1nh \u0111\u00e0 c\u00f3 4 dao b\u0103m ph\u1ee5<\/span><\/p>\n<p><img loading=\"lazy\" decoding=\"async\" class=\"aligncenter wp-image-10375 size-full\" src=\"https:\/\/congtybinhminh.com\/wp-content\/uploads\/2020\/04\/luoi-dao-bam-go_result222-1.webp\" alt=\"luoi-dao-bam-go_result222\" width=\"800\" height=\"1382\" srcset=\"https:\/\/congtybinhminh.com\/wp-content\/uploads\/2020\/04\/luoi-dao-bam-go_result222-1.webp 800w, https:\/\/congtybinhminh.com\/wp-content\/uploads\/2020\/04\/luoi-dao-bam-go_result222-1-232x400.webp 232w, https:\/\/congtybinhminh.com\/wp-content\/uploads\/2020\/04\/luoi-dao-bam-go_result222-1-463x800.webp 463w, https:\/\/congtybinhminh.com\/wp-content\/uploads\/2020\/04\/luoi-dao-bam-go_result222-1-768x1327.webp 768w, https:\/\/congtybinhminh.com\/wp-content\/uploads\/2020\/04\/luoi-dao-bam-go_result222-1-510x881.webp 510w\" sizes=\"auto, (max-width: 800px) 100vw, 800px\" \/><\/p>\n<p><span style=\"color: #000000\">T\u1ea5t c\u1ea3 t\u1ea1o l\u1ef1c b\u0103m, b\u0103m nh\u1ecf nguy\u00ean li\u1ec7u v\u1edbi m\u1eb7t s\u00e0ng cho \u0111\u1ebfn khi \u0111\u1ea1t chu\u1ea9n v\u1edbi l\u1ed7 s\u00e0ng tho\u00e1t ra ngo\u00e0i<\/span><\/p>\n<p><span style=\"color: #000000\">M\u00e1y b\u0103m g\u1ed7 3 pha s\u1eed d\u1ee5ng \u0111\u1ed9ng c\u01a1 18kw &#8211; 22kw\u00a0 motor l\u00f5i d\u00e2y \u0111\u1ed3ng 100% t\u1ed1c \u0111\u1ed9 quay 1450 v\u00f2ng\/ph\u00fat cho n\u0103ng su\u1ea5t 2- 3 t\u1ea5n\/gi\u1edd cao g\u1ea5p 3 l\u1ea7n so v\u1edbi m\u00e1y b\u0103m g\u1ed7 2T\u00a0<\/span><\/p>\n<p><img loading=\"lazy\" decoding=\"async\" class=\"aligncenter wp-image-10367 size-full\" src=\"https:\/\/congtybinhminh.com\/wp-content\/uploads\/2020\/04\/dam-go_result222.webp\" alt=\"dam-go_result222\" width=\"800\" height=\"600\" srcset=\"https:\/\/congtybinhminh.com\/wp-content\/uploads\/2020\/04\/dam-go_result222.webp 800w, https:\/\/congtybinhminh.com\/wp-content\/uploads\/2020\/04\/dam-go_result222-533x400.webp 533w, https:\/\/congtybinhminh.com\/wp-content\/uploads\/2020\/04\/dam-go_result222-768x576.webp 768w, https:\/\/congtybinhminh.com\/wp-content\/uploads\/2020\/04\/dam-go_result222-510x383.webp 510w\" sizes=\"auto, (max-width: 800px) 100vw, 800px\" \/><\/p>\n<p><span style=\"color: #000000\">Th\u00edch h\u1ee3p s\u1eed d\u1ee5ng t\u1ea1i c\u00e1c h\u1ed9 gia \u0111\u00ecnh, c\u01a1 s\u1edf t\u00e1i ch\u1ebf. Ngo\u00e0i ra, \u0111\u1ed1i v\u1edbi nh\u1eefng h\u1ed9 \u0111i\u1ec7n y\u1ebfu, \u0111i\u1ec7n kh\u00f4ng \u0111\u1ee7 t\u1ea3i hay di chuy\u1ec3n linh \u0111\u1ed9ng c\u00f3 th\u1ec3 d\u00f9ng \u0111\u1ea7u n\u1ed5 \u0111\u1ec3 ch\u1ea1y m\u00e1y m\u00e0 v\u1eabn \u0111\u1ea3m b\u1ea3o n\u0103ng su\u1ea5t<\/span><\/p>\n<p><img loading=\"lazy\" decoding=\"async\" class=\"aligncenter wp-image-10376 size-full\" src=\"https:\/\/congtybinhminh.com\/wp-content\/uploads\/2020\/04\/may-bam-go-lap-dau-no_result222.webp\" alt=\"may-bam-go-lap-dau-no_result222\" width=\"800\" height=\"600\" srcset=\"https:\/\/congtybinhminh.com\/wp-content\/uploads\/2020\/04\/may-bam-go-lap-dau-no_result222.webp 800w, https:\/\/congtybinhminh.com\/wp-content\/uploads\/2020\/04\/may-bam-go-lap-dau-no_result222-533x400.webp 533w, https:\/\/congtybinhminh.com\/wp-content\/uploads\/2020\/04\/may-bam-go-lap-dau-no_result222-768x576.webp 768w, https:\/\/congtybinhminh.com\/wp-content\/uploads\/2020\/04\/may-bam-go-lap-dau-no_result222-510x383.webp 510w\" sizes=\"auto, (max-width: 800px) 100vw, 800px\" \/><\/p>\n<h2><span style=\"color: #000000\">Nh\u1eefng l\u1ee3i \u00edch khi s\u1eed d\u1ee5ng m\u00e1y b\u0103m g\u1ed7\u00a0<\/span><\/h2>\n<p><span style=\"color: #000000\">Vi\u1ec7c s\u1eed d\u1ee5ng m\u00e1y b\u0103m g\u1ed7 t\u1ea1i c\u00e1c c\u01a1 s\u1edf t\u00e1i ch\u1ebf mang l\u1ea1i nhi\u1ec1u l\u1ee3i \u00edch:\u00a0<\/span><\/p>\n<ul>\n<li><span style=\"color: #000000\">T\u1ed1i \u01b0u h\u00f3a ngu\u1ed3n t\u00e0i nguy\u00ean, t\u1eadn d\u1ee5ng c\u00e1c lo\u1ea1i g\u1ed7 th\u1eeba, ph\u1ee5 ph\u1ea9m l\u00e0m d\u0103m g\u1ed7 ho\u1eb7c s\u1ea3n xu\u1ea5t n\u0103ng l\u01b0\u1ee3ng sinh kh\u1ed1i<\/span><\/li>\n<li>Ti\u1ebft ki\u1ec7m chi ph\u00ed v\u00e0 t\u0103ng thu nh\u1eadp, nguy\u00ean li\u1ec7u sau khi t\u00e1i ch\u1ebf c\u00f3 th\u1ec3 \u0111em b\u00e1n cho c\u00e1c \u0111\u01a1n v\u1ecb doanh nghi\u1ec7p<\/li>\n<li>\u0110\u00f3ng g\u00f3p gi\u1ea3m l\u01b0\u1ee3ng r\u00e1c th\u1ea3i b\u1ea3o v\u1ec7 m\u00f4i tr\u01b0\u1eddng,<\/li>\n<\/ul>\n<h2><span style=\"color: #000000\">M\u00e1y b\u0103m g\u1ed7 \u0111\u01b0\u1eddng k\u00ednh bao nhi\u00eau cm ?\u00a0<\/span><\/h2>\n<p>V\u1edbi \u0111\u1eb7c t\u00ednh \u0111a n\u0103ng, m\u00e1y c\u00f3 th\u1ec3 b\u0103m g\u1ed7 t\u01b0\u01a1i v\u00e0 g\u1ed7 kh\u00f4. \u0110\u1eb7c bi\u1ec7t, m\u00e1y c\u00f3 th\u1ec3 b\u0103m kh\u00fac g\u1ed7 c\u00f3 \u0111\u01b0\u1eddng k\u00ednh kho\u1ea3ng 10cm<\/p>\n<p><img loading=\"lazy\" decoding=\"async\" class=\"aligncenter wp-image-10372 size-full\" src=\"https:\/\/congtybinhminh.com\/wp-content\/uploads\/2020\/04\/khuc-go_result222.webp\" alt=\"khuc-go_result222\" width=\"800\" height=\"516\" srcset=\"https:\/\/congtybinhminh.com\/wp-content\/uploads\/2020\/04\/khuc-go_result222.webp 800w, https:\/\/congtybinhminh.com\/wp-content\/uploads\/2020\/04\/khuc-go_result222-620x400.webp 620w, https:\/\/congtybinhminh.com\/wp-content\/uploads\/2020\/04\/khuc-go_result222-768x495.webp 768w, https:\/\/congtybinhminh.com\/wp-content\/uploads\/2020\/04\/khuc-go_result222-510x329.webp 510w\" sizes=\"auto, (max-width: 800px) 100vw, 800px\" \/><\/p>\n<h2><span style=\"color: #000000\">\u0110\u1ecba ch\u1ec9 b\u00e1n m\u00e1y b\u0103m g\u1ed7 gi\u00e1 g\u1ed1c t\u1ea1i x\u01b0\u1edfng<\/span><\/h2>\n<p>C\u00f4ng ty B\u00ecnh Minh &#8211; \u0111\u01a1n v\u1ecb tr\u1ef1c ti\u1ebfp ch\u1ebf t\u1ea1o m\u00e1y b\u0103m g\u1ed7 t\u1ea1i H\u00e0 N\u1ed9i v\u1edbi cam k\u1ebft h\u00e0ng m\u1edbi ch\u00ednh h\u00e3ng 100% &#8211; kh\u00f4ng qua \u0111\u1ea1i l\u00fd trung gian<\/p>\n<p><img loading=\"lazy\" decoding=\"async\" class=\"aligncenter wp-image-10369 size-full\" src=\"https:\/\/congtybinhminh.com\/wp-content\/uploads\/2020\/04\/dia-chi-ban-may-bam-go_result222.webp\" alt=\"dia-chi-ban-may-bam-go_result222\" width=\"800\" height=\"1421\" srcset=\"https:\/\/congtybinhminh.com\/wp-content\/uploads\/2020\/04\/dia-chi-ban-may-bam-go_result222.webp 800w, https:\/\/congtybinhminh.com\/wp-content\/uploads\/2020\/04\/dia-chi-ban-may-bam-go_result222-225x400.webp 225w, https:\/\/congtybinhminh.com\/wp-content\/uploads\/2020\/04\/dia-chi-ban-may-bam-go_result222-450x800.webp 450w, https:\/\/congtybinhminh.com\/wp-content\/uploads\/2020\/04\/dia-chi-ban-may-bam-go_result222-768x1364.webp 768w, https:\/\/congtybinhminh.com\/wp-content\/uploads\/2020\/04\/dia-chi-ban-may-bam-go_result222-510x906.webp 510w\" sizes=\"auto, (max-width: 800px) 100vw, 800px\" \/><\/p>\n<p>\u0110\u1ec3 \u0111\u1eb7t mua h\u00e0ng ch\u00ednh h\u00e3ng, b\u00e0 con c\u00f3 th\u1ec3 \u0111\u1ebfn tr\u1ef1c ti\u1ebfp tr\u1ee5 s\u1edf g\u1ea7n nh\u1ea5t c\u1ee7a c\u00f4ng ty \u0111\u1ec3 xem v\u00e0 \u0111\u1eb7t mua h\u00e0ng :<\/p>\n<ul>\n<li>Tr\u1ee5 s\u1edf ch\u00ednh: p. L\u00ea L\u1ee3i &#8211; Tx S\u01a1n T\u00e2y &#8211; H\u00e0 N\u1ed9i<\/li>\n<li>Chi nh\u00e1nh mi\u1ec1n Nam: x\u00e3 T\u00e2n Ki\u00ean &#8211; H. B\u00ecnh Ch\u00e1nh &#8211; TP H\u1ed3 Ch\u00ed Minh<\/li>\n<\/ul>\n<p>Khi \u0111\u1ebfn \u0111\u00e2y, b\u00e0 con c\u00f3 th\u1ec3 tr\u1ea3i nghi\u1ec7m v\u1eadn h\u00e0nh m\u00e1y d\u01b0\u1edbi s\u1ef1 h\u01b0\u1edbng d\u1eabn c\u1ee7a \u0111\u1ed9i ng\u0169 k\u1ef9 thu\u1eadt<\/p>\n<p>\u0110\u1ed1i v\u1edbi b\u00e0 con \u1edf xa, c\u00f3 th\u1ec3 \u0111\u1ebf l\u1ea1i l\u1eddi nh\u1eafn ho\u1eb7c li\u00ean h\u1ec7 Hotline tr\u00ean website \u0111\u1ec3 \u0111\u01b0\u1ee3c t\u01b0 v\u1ea5n mi\u1ec5n ph\u00ed<\/p>\n<p><strong>Th\u00f4ng s\u1ed1 k\u1ef9 thu\u1eadt<\/strong><\/p>\n<table style=\"font-weight: 400\">\n<tbody>\n<tr>\n<td rowspan=\"3\" width=\"274\">\u0110\u1ed9ng c\u01a1<\/td>\n<td width=\"214\">C\u00f4ng su\u1ea5t \u0111\u1ed9ng c\u01a1<\/td>\n<td width=\"213\">18 &#8211; 22( kw)<\/td>\n<\/tr>\n<tr>\n<td width=\"214\">Ngu\u1ed3n \u0111i\u1ec7n<\/td>\n<td width=\"213\">380( V)<\/td>\n<\/tr>\n<tr>\n<td width=\"214\">T\u1ed1c \u0111\u1ed9<\/td>\n<td width=\"213\">1450( v\/p)<\/td>\n<\/tr>\n<tr>\n<td rowspan=\"2\" width=\"274\">Tr\u1ecdng l\u01b0\u1ee3ng m\u00e1y<\/td>\n<td width=\"214\">Nguy\u00ean b\u1ed9<\/td>\n<td width=\"213\">\u00a0608 (kg)<\/td>\n<\/tr>\n<tr>\n<td width=\"214\">Kh\u00f4ng \u0111\u1ed9ng c\u01a1<\/td>\n<td width=\"213\">312 ( kg)<\/td>\n<\/tr>\n<tr>\n<td rowspan=\"2\" width=\"274\">B\u1ea3o h\u00e0nh<\/td>\n<td width=\"214\">K\u1ef9 thu\u1eadt<\/td>\n<td width=\"213\">06 th\u00e1ng<\/td>\n<\/tr>\n<tr>\n<td width=\"214\">\u0110\u1ed9ng c\u01a1<\/td>\n<td width=\"213\">Theo t\u1eebng h\u00e3ng s\u1ea3n xu\u1ea5t<\/td>\n<\/tr>\n<tr>\n<td width=\"274\">N\u0103ng su\u1ea5t<\/td>\n<td colspan=\"2\" width=\"427\">2000 &#8211; 2.500 ( kg\/h)<\/td>\n<\/tr>\n<tr>\n<td width=\"274\">K\u00edch th\u01b0\u1edbc ( D * C * R )<\/td>\n<td colspan=\"2\" width=\"427\">148*130*110\u00a0cm<\/td>\n<\/tr>\n<tr>\n<td width=\"274\">H\u00ecnh th\u1ee9c thanh to\u00e1n<\/td>\n<td colspan=\"2\" width=\"427\"><b><strong>Ti\u1ec1n m\u1eb7t ho\u1eb7c chuy\u1ec3n kho\u1ea3n<\/strong><\/b><\/td>\n<\/tr>\n<\/tbody>\n<\/table>\n","protected":false},"excerpt":{"rendered":"<div class=\"product-des chuden-hiep\">\n<ul>\n<li><span style=\"color: #ed1c24\">H\u00e3ng SX<\/span>: B\u00ecnh Minh<\/li>\n<li><span style=\"color: #ed1c24\">N\u0103ng su\u1ea5t<\/span>: 2000 &#8211; 3000kg\/h<\/li>\n<li><span style=\"color: #ed1c24\">T\u1ed1c \u0111\u1ed9<\/span> : 1450v\/p<\/li>\n<li><span style=\"color: #ed1c24\">C\u00f4ng su\u1ea5t \u0111\u1ed9ng c\u01a1<\/span>:\u00a0 22kw<\/li>\n<li><span style=\"color: #ed1c24\">\u0110i\u1ec7n n\u0103ng<\/span>:380V<\/li>\n<li><span style=\"color: #ed1c24\">T\u00ednh n\u0103ng<\/span>:\u00a0 B\u0103m nghi\u1ec1n v\u1ee5n nh\u1ecf th\u00e2n c\u00e2y g\u1ed7 l\u1edbn, g\u1ed7 b\u00eca, v\u00e1n b\u00f3c, b\u1ea1ch \u0111\u00e0n, h\u01b0\u01a1ng, h\u1ed3i, qu\u1ebf, &#8230;.th\u00e0nh d\u1ea1ng d\u0103m g\u1ed7, ph\u1ee5c v\u1ee5 cho vi\u1ec7c ch\u1ebf bi\u1ebfn s\u1ea3n xu\u1ea5t g\u1ed7 \u00e9p, ch\u1ea5t \u0111\u1ed1t, ..<\/li>\n<\/ul>\n<\/div>\n","protected":false},"featured_media":9378,"comment_status":"closed","ping_status":"closed","template":"","meta":[],"product_brand":[],"product_cat":[41],"product_tag":[],"class_list":{"0":"post-4820","1":"product","2":"type-product","3":"status-publish","4":"has-post-thumbnail","6":"product_cat-may-bam-go","8":"first","9":"instock","10":"shipping-taxable","11":"product-type-simple"},"_links":{"self":[{"href":"https:\/\/congtybinhminh.com\/index.php?rest_route=\/wp\/v2\/product\/4820","targetHints":{"allow":["GET"]}}],"collection":[{"href":"https:\/\/congtybinhminh.com\/index.php?rest_route=\/wp\/v2\/product"}],"about":[{"href":"https:\/\/congtybinhminh.com\/index.php?rest_route=\/wp\/v2\/types\/product"}],"replies":[{"embeddable":true,"href":"https:\/\/congtybinhminh.com\/index.php?rest_route=%2Fwp%2Fv2%2Fcomments&post=4820"}],"wp:featuredmedia":[{"embeddable":true,"href":"https:\/\/congtybinhminh.com\/index.php?rest_route=\/wp\/v2\/media\/9378"}],"wp:attachment":[{"href":"https:\/\/congtybinhminh.com\/index.php?rest_route=%2Fwp%2Fv2%2Fmedia&parent=4820"}],"wp:term":[{"taxonomy":"product_brand","embeddable":true,"href":"https:\/\/congtybinhminh.com\/index.php?rest_route=%2Fwp%2Fv2%2Fproduct_brand&post=4820"},{"taxonomy":"product_cat","embeddable":true,"href":"https:\/\/congtybinhminh.com\/index.php?rest_route=%2Fwp%2Fv2%2Fproduct_cat&post=4820"},{"taxonomy":"product_tag","embeddable":true,"href":"https:\/\/congtybinhminh.com\/index.php?rest_route=%2Fwp%2Fv2%2Fproduct_tag&post=4820"}],"curies":[{"name":"wp","href":"https:\/\/api.w.org\/{rel}","templated":true}]}}