{"id":4789,"date":"2020-04-25T16:48:23","date_gmt":"2020-04-25T09:48:23","guid":{"rendered":"https:\/\/congtybinhminh.com\/?post_type=product&#038;p=4789"},"modified":"2025-05-23T14:12:21","modified_gmt":"2025-05-23T07:12:21","slug":"may-bam-go-da-nang-2t","status":"publish","type":"product","link":"https:\/\/congtybinhminh.com\/?product=may-bam-go-da-nang-2t","title":{"rendered":"M\u00e1y b\u0103m g\u1ed7 \u0111a n\u0103ng 2T"},"content":{"rendered":"<h2><strong>Xem video tr\u1ef1c ti\u1ebfp t\u1ea1i \u0111\u00e2y:<\/strong><\/h2>\n<p><iframe loading=\"lazy\" title=\"M\u00e1y B\u0103m G\u1ed7 \u0110a N\u0103ng 2T B\u0103m Nh\u1ecf Th\u00e0nh D\u1ea1ng D\u0103m Nh\u1ecf - N\u0103ng Su\u1ea5t 500Kg\/H\" width=\"1020\" height=\"574\" src=\"https:\/\/www.youtube.com\/embed\/y5B8UoQ-xKE?feature=oembed\" frameborder=\"0\" allow=\"accelerometer; autoplay; clipboard-write; encrypted-media; gyroscope; picture-in-picture; web-share\" referrerpolicy=\"strict-origin-when-cross-origin\" allowfullscreen><\/iframe><\/p>\n<h2><strong><span style=\"color: #000000\">Gi\u1edbi thi\u1ec7u m\u00e1y b\u0103m g\u1ed7 \u0111a n\u0103ng 2T<\/span><\/strong><\/h2>\n<p><span style=\"color: #000000\">M\u00e1y b\u0103m g\u1ed7 \u0111a n\u0103ng 2T do c\u00f4ng ty B\u00ecnh Minh s\u1ea3n xu\u1ea5t &#8211; l\u1ef1a ch\u1ecdn th\u00f4ng minh cho b\u1ea5t k\u1ef3 c\u01a1 s\u1edf s\u1ea3n xu\u1ea5t g\u1ed7 n\u00e0o mu\u1ed1n n\u00e2ng cao hi\u1ec7u qu\u1ea3 v\u00e0 t\u1ed1i \u01b0u ngu\u1ed3n nguy\u00ean li\u1ec7u\u00a0<\/span><\/p>\n<p><img loading=\"lazy\" decoding=\"async\" class=\"aligncenter wp-image-10363 size-full\" src=\"https:\/\/congtybinhminh.com\/wp-content\/uploads\/2020\/04\/may-bam-go-da-nang-2t-binh-minh_result222-1.webp\" alt=\"may-bam-go-da-nang-2t-binh-minh_result222\" width=\"800\" height=\"1078\" srcset=\"https:\/\/congtybinhminh.com\/wp-content\/uploads\/2020\/04\/may-bam-go-da-nang-2t-binh-minh_result222-1.webp 800w, https:\/\/congtybinhminh.com\/wp-content\/uploads\/2020\/04\/may-bam-go-da-nang-2t-binh-minh_result222-1-297x400.webp 297w, https:\/\/congtybinhminh.com\/wp-content\/uploads\/2020\/04\/may-bam-go-da-nang-2t-binh-minh_result222-1-594x800.webp 594w, https:\/\/congtybinhminh.com\/wp-content\/uploads\/2020\/04\/may-bam-go-da-nang-2t-binh-minh_result222-1-768x1035.webp 768w, https:\/\/congtybinhminh.com\/wp-content\/uploads\/2020\/04\/may-bam-go-da-nang-2t-binh-minh_result222-1-510x687.webp 510w\" sizes=\"auto, (max-width: 800px) 100vw, 800px\" \/><\/p>\n<p><span style=\"color: #000000;font-size: 14.4px\">X\u1eed l\u00fd b\u0103m nh\u1ecf c\u00e2y g\u1ed7, g\u1ed7 c\u00f4ng nghi\u1ec7p, c\u00e0nh c\u00e2y, v\u00e1n b\u00f3c.. th\u00e0nh d\u0103m g\u1ed7 mang l\u1ea1i ngu\u1ed3n nguy\u00ean li\u1ec7u t\u00e1i s\u1eed d\u1ee5ng v\u1edbi gi\u00e1 tr\u1ecb cao, g\u00f3p ph\u1ea7n m\u1edf r\u1ed9ng s\u1ea3n xu\u1ea5t v\u00e0 ph\u00e1t tri\u1ec3n b\u1ec1n v\u1eefng\u00a0<\/span><\/p>\n<h2><strong><span style=\"color: #000000\">C\u1ea5u t\u1ea1o m\u00e1y b\u0103m g\u1ed7 <\/span><\/strong><strong><span style=\"color: #000000\">\u0111a n\u0103ng 2T<\/span><\/strong><\/h2>\n<h3><strong><span style=\"color: #000000\">Khung m\u00e1y ch\u1eafc ch\u1eafn<\/span><\/strong><\/h3>\n<p><span style=\"color: #000000\">Thu\u1ed9c d\u00f2ng m\u00e1y c\u00f4ng nghi\u1ec7p, v\u1edbi ph\u1ea7n k\u1ebft c\u1ea5u m\u00e1y \u0111\u01b0\u1ee3c h\u00e0n g\u1eafn ch\u1eafc ch\u1eafn kh\u00f4ng g\u00e2y rung l\u1eafc trong qu\u00e1 tr\u00ecnh b\u0103m<\/span><\/p>\n<p><img loading=\"lazy\" decoding=\"async\" class=\"aligncenter wp-image-10364 size-full\" src=\"https:\/\/congtybinhminh.com\/wp-content\/uploads\/2020\/04\/cau-tao-may-bam-go-da-nang-2t-binh-minh_result222.webp\" alt=\"cau-tao-may-bam-go-da-nang-2t-binh-minh_result222\" width=\"800\" height=\"590\" srcset=\"https:\/\/congtybinhminh.com\/wp-content\/uploads\/2020\/04\/cau-tao-may-bam-go-da-nang-2t-binh-minh_result222.webp 800w, https:\/\/congtybinhminh.com\/wp-content\/uploads\/2020\/04\/cau-tao-may-bam-go-da-nang-2t-binh-minh_result222-542x400.webp 542w, https:\/\/congtybinhminh.com\/wp-content\/uploads\/2020\/04\/cau-tao-may-bam-go-da-nang-2t-binh-minh_result222-768x566.webp 768w, https:\/\/congtybinhminh.com\/wp-content\/uploads\/2020\/04\/cau-tao-may-bam-go-da-nang-2t-binh-minh_result222-510x376.webp 510w\" sizes=\"auto, (max-width: 800px) 100vw, 800px\" \/><\/p>\n<p><span style=\"color: #000000\">Ph\u00eda d\u01b0\u1edbi ch\u00e2n m\u00e1y l\u1eafp \u0111\u1eb7t 4 b\u00e1nh xe thu\u1eadn ti\u1ec7n di chuy\u1ec3n t\u1ea1o s\u1ef1 ti\u1ec7n l\u1ee3i cho ng\u01b0\u1eddi d\u00f9ng<\/span><\/p>\n<h3><strong><span style=\"color: #000000\">Toa n\u1ea1p v\u00e0 c\u1eeda x\u1ea3 linh ho\u1ea1t<\/span><\/strong><\/h3>\n<p><span style=\"color: #000000\">Toa n\u1ea1p nguy\u00ean li\u1ec7u \u0111\u01b0\u1ee3c thi\u1ebft k\u1ebf 2 d\u1ea1ng toa: <\/span><\/p>\n<ul>\n<li><span style=\"color: #000000\">1 toa n\u1ea1p chuy\u00ean d\u1ee5ng b\u0103m th\u00e2n c\u00e2y<\/span><\/li>\n<li><span style=\"color: #000000\">1 toa n\u1ea1p kh\u00e1c s\u1eed d\u1ee5ng b\u0103m x\u01a1 d\u1eeba, b\u00e3 m\u00eda<\/span><\/li>\n<\/ul>\n<p><img loading=\"lazy\" decoding=\"async\" class=\"aligncenter wp-image-10365 size-full\" src=\"https:\/\/congtybinhminh.com\/wp-content\/uploads\/2020\/04\/toa-nap-nguyen-lieu-may-bam-go_result222.webp\" alt=\"toa-nap-nguyen-lieu-may-bam-go_result222\" width=\"800\" height=\"664\" srcset=\"https:\/\/congtybinhminh.com\/wp-content\/uploads\/2020\/04\/toa-nap-nguyen-lieu-may-bam-go_result222.webp 800w, https:\/\/congtybinhminh.com\/wp-content\/uploads\/2020\/04\/toa-nap-nguyen-lieu-may-bam-go_result222-482x400.webp 482w, https:\/\/congtybinhminh.com\/wp-content\/uploads\/2020\/04\/toa-nap-nguyen-lieu-may-bam-go_result222-768x637.webp 768w, https:\/\/congtybinhminh.com\/wp-content\/uploads\/2020\/04\/toa-nap-nguyen-lieu-may-bam-go_result222-510x423.webp 510w\" sizes=\"auto, (max-width: 800px) 100vw, 800px\" \/><\/p>\n<p><span style=\"color: #000000\">Mi\u1ec7ng toa n\u1ea1p r\u1ed9ng, v\u1edbi thi\u1ebft k\u1ebf g\u00f3c nghi\u00eang gi\u00fap gi\u1ea3m t\u1ea3i khi \u0111\u01b0a nguy\u00ean li\u1ec7u v\u00e0o bu\u1ed3ng b\u0103m. Th\u00e0nh ph\u1ea9m sau khi b\u0103m s\u1ebd \u0111\u01b0\u1ee3c phun tr\u1ef1c ti\u1ebfp ra ngo\u00e0i c\u1eeda x\u1ea3 <\/span><\/p>\n<h3><strong><span style=\"color: #000000\">H\u1ec7 th\u1ed1ng bu\u1ed3ng dao b\u0103m<\/span><\/strong><\/h3>\n<p><span style=\"color: #000000\">H\u1ec7 th\u1ed1ng dao b\u0103m c\u1ee7a m\u00e1y bao g\u1ed3m: 3 dao to b\u0103m ch\u00ednh, 12 b\u00faa nghi\u1ec1n c\u00f9ng b\u00e1nh \u0111\u00e0, tr\u00ean b\u00e1nh \u0111\u00e0 s\u1ebd c\u00f3 4 dao b\u0103m ph\u1ee5\u00a0<\/span><\/p>\n<p><img loading=\"lazy\" decoding=\"async\" class=\"aligncenter wp-image-10366 size-full\" src=\"https:\/\/congtybinhminh.com\/wp-content\/uploads\/2020\/04\/luoi-dao-bam-go_result222.webp\" alt=\"luoi-dao-bam-go_result222\" width=\"800\" height=\"1116\" srcset=\"https:\/\/congtybinhminh.com\/wp-content\/uploads\/2020\/04\/luoi-dao-bam-go_result222.webp 800w, https:\/\/congtybinhminh.com\/wp-content\/uploads\/2020\/04\/luoi-dao-bam-go_result222-287x400.webp 287w, https:\/\/congtybinhminh.com\/wp-content\/uploads\/2020\/04\/luoi-dao-bam-go_result222-573x800.webp 573w, https:\/\/congtybinhminh.com\/wp-content\/uploads\/2020\/04\/luoi-dao-bam-go_result222-768x1071.webp 768w, https:\/\/congtybinhminh.com\/wp-content\/uploads\/2020\/04\/luoi-dao-bam-go_result222-510x711.webp 510w\" sizes=\"auto, (max-width: 800px) 100vw, 800px\" \/><\/p>\n<p><span style=\"color: #000000\">T\u1ea5t c\u1ea3 t\u1ea1o l\u1ef1c b\u0103m, b\u0103m nh\u1ecf nguy\u00ean li\u1ec7u v\u1edbi m\u1eb7t s\u00e0ng cho \u0111\u1ebfn khi \u0111\u1ea1t chu\u1ea9n v\u1edbi l\u1ed7 s\u00e0ng tho\u00e1t ra ngo\u00e0i<\/span><\/p>\n<h3><strong><span style=\"color: #000000\">N\u0103ng su\u1ea5t cao\u00a0<\/span><\/strong><\/h3>\n<p><span style=\"color: #000000\">M\u00e1y b\u0103m g\u1ed7 3 pha s\u1eed d\u1ee5ng \u0111\u1ed9ng c\u01a1 11kw ngu\u1ed3n \u0111i\u1ec7n 380V motor l\u00f5i d\u00e2y \u0111\u1ed3ng 100% t\u1ed1c \u0111\u1ed9 quay 1450 v\u00f2ng\/ph\u00fat cho n\u0103ng su\u1ea5t cao 400 &#8211; 500 kg\/gi\u1edd<\/span><\/p>\n<p><img loading=\"lazy\" decoding=\"async\" class=\"aligncenter wp-image-10367 size-full\" src=\"https:\/\/congtybinhminh.com\/wp-content\/uploads\/2020\/04\/dam-go_result222.webp\" alt=\"dam-go_result222\" width=\"800\" height=\"600\" srcset=\"https:\/\/congtybinhminh.com\/wp-content\/uploads\/2020\/04\/dam-go_result222.webp 800w, https:\/\/congtybinhminh.com\/wp-content\/uploads\/2020\/04\/dam-go_result222-533x400.webp 533w, https:\/\/congtybinhminh.com\/wp-content\/uploads\/2020\/04\/dam-go_result222-768x576.webp 768w, https:\/\/congtybinhminh.com\/wp-content\/uploads\/2020\/04\/dam-go_result222-510x383.webp 510w\" sizes=\"auto, (max-width: 800px) 100vw, 800px\" \/><\/p>\n<p><span style=\"color: #000000\">Th\u00edch h\u1ee3p s\u1eed d\u1ee5ng t\u1ea1i c\u00e1c h\u1ed9 gia \u0111\u00ecnh, c\u01a1 s\u1edf t\u00e1i ch\u1ebf. Ngo\u00e0i ra, \u0111\u1ed1i v\u1edbi nh\u1eefng h\u1ed9 \u0111i\u1ec7n y\u1ebfu &#8211; \u0111i\u1ec7n kh\u00f4ng \u0111\u1ee7 t\u1ea3i c\u00f3 th\u1ec3 d\u00f9ng \u0111\u1ea7u n\u1ed5 ch\u1ea1y m\u00e1y m\u00e0 v\u1eabn \u0111\u1ea3m b\u1ea3o n\u0103ng su\u1ea5t<\/span><\/p>\n<p><img loading=\"lazy\" decoding=\"async\" class=\"aligncenter wp-image-10368 size-full\" src=\"https:\/\/congtybinhminh.com\/wp-content\/uploads\/2020\/04\/may-bam-go-lap-dau-no-copy_result222.webp\" alt=\"may-bam-go-lap-dau-no copy_result222\" width=\"800\" height=\"525\" srcset=\"https:\/\/congtybinhminh.com\/wp-content\/uploads\/2020\/04\/may-bam-go-lap-dau-no-copy_result222.webp 800w, https:\/\/congtybinhminh.com\/wp-content\/uploads\/2020\/04\/may-bam-go-lap-dau-no-copy_result222-610x400.webp 610w, https:\/\/congtybinhminh.com\/wp-content\/uploads\/2020\/04\/may-bam-go-lap-dau-no-copy_result222-768x504.webp 768w, https:\/\/congtybinhminh.com\/wp-content\/uploads\/2020\/04\/may-bam-go-lap-dau-no-copy_result222-510x335.webp 510w\" sizes=\"auto, (max-width: 800px) 100vw, 800px\" \/><\/p>\n<h3><strong><span style=\"color: #000000\">H\u01b0\u1edbng d\u1eabn s\u1eed d\u1ee5ng m\u00e1y b\u0103m g\u1ed7 \u0111a n\u0103ng 2T<\/span><\/strong><\/h3>\n<ul>\n<li><span style=\"color: #000000\">\u0110\u1eb7t m\u00e1y tr\u00ean n\u1ec1n ph\u1eb3ng ch\u1eafc ch\u1eafn, kh\u00f4 r\u00e1o kh\u00f4ng g\u00e2y rung l\u1eafc trong qu\u00e1 tr\u00ecnh b\u0103m<\/span><\/li>\n<li>L\u1eafp c\u00e1c kh\u00f3a ch\u1ed1t dao &#8211; bu\u1ed3ng b\u0103m \u0111\u1ea3m b\u1ea3o an to\u00e0n khi s\u1eed d\u1ee5ng<\/li>\n<li>\u0110\u1ea3m b\u1ea3o ngu\u1ed3n \u0111i\u1ec7n \u0111\u1ee7 t\u1ea3i \u0111\u1ec3 ch\u1ea1y m\u00e1y r\u1ed3i t\u1eeb t\u1eeb cho nguy\u00ean li\u1ec7u v\u00e0o toa tr\u00e1nh cho qu\u00e1 nhi\u1ec1u l\u00e0m t\u1eafc &#8211; ngh\u1eb9n m\u00e1y<\/li>\n<li>Kh\u00f4ng cho tay l\u1ea1i g\u1ea7n toa n\u1ea1p, tuy\u1ec7t \u0111\u1ed1i kh\u00f4ng \u0111\u1ee9ng g\u1ea7n c\u1eeda x\u1ea3 khi m\u00e1y \u0111ang ho\u1ea1t \u0111\u1ed9ng<\/li>\n<li>V\u1ec7 sinh m\u00e1y tr\u01b0\u1edbc v\u00e0 sau khi s\u1eed d\u1ee5ng<\/li>\n<\/ul>\n<h3><strong><span style=\"color: #000000\">\u0110\u1ecba ch\u1ec9 b\u00e1n m\u00e1y b\u0103m g\u1ed7 gi\u00e1 g\u1ed1c t\u1ea1i x\u01b0\u1edfng <\/span><\/strong><\/h3>\n<p><span style=\"color: #000000\">C\u00f4ng ty B\u00ecnh Minh &#8211; \u0111\u01a1n v\u1ecb chuy\u00ean s\u1ea3n xu\u1ea5t v\u00e0 cung c\u1ea5p m\u00e1y n\u00f4ng nghi\u1ec7p s\u1ed1 1 Vi\u1ec7t Nam v\u1edbi h\u01a1n 30 n\u0103m kinh nghi\u1ec7m trong l\u0129nh v\u1ef1c c\u01a1 kh\u00ed<\/span><\/p>\n<p><span style=\"color: #000000\">V\u1edbi trang thi\u1ebft b\u1ecb hi\u1ec7n \u0111\u1ea1i &#8211; \u0111\u1ed9i ng\u0169 k\u1ef9 thu\u1eadt tr\u00ecnh \u0111\u1ed9 cao. Ch\u00fang t\u00f4i cam k\u1ebft mang \u0111\u1ebfn cho b\u1ea1n nh\u1eefng s\u1ea3n ph\u1ea9m CH\u00cdNH H\u00c3NG &#8211; CH\u00c2T L\u01af\u1ee2NG &#8211; GI\u00c1 TH\u00c0NH T\u1ed0T NH\u1ea4T &#8211; D\u1ecaCH V\u1ee4 CHU \u0110\u00c1O NH\u1ea4T<\/span><\/p>\n<p><img loading=\"lazy\" decoding=\"async\" class=\"aligncenter wp-image-10369 size-full\" src=\"https:\/\/congtybinhminh.com\/wp-content\/uploads\/2020\/04\/dia-chi-ban-may-bam-go_result222.webp\" alt=\"dia-chi-ban-may-bam-go_result222\" width=\"800\" height=\"1421\" srcset=\"https:\/\/congtybinhminh.com\/wp-content\/uploads\/2020\/04\/dia-chi-ban-may-bam-go_result222.webp 800w, https:\/\/congtybinhminh.com\/wp-content\/uploads\/2020\/04\/dia-chi-ban-may-bam-go_result222-225x400.webp 225w, https:\/\/congtybinhminh.com\/wp-content\/uploads\/2020\/04\/dia-chi-ban-may-bam-go_result222-450x800.webp 450w, https:\/\/congtybinhminh.com\/wp-content\/uploads\/2020\/04\/dia-chi-ban-may-bam-go_result222-768x1364.webp 768w, https:\/\/congtybinhminh.com\/wp-content\/uploads\/2020\/04\/dia-chi-ban-may-bam-go_result222-510x906.webp 510w\" sizes=\"auto, (max-width: 800px) 100vw, 800px\" \/><\/p>\n<p><span style=\"color: #000000\">\u0110\u1ec3 \u0111\u1eb7t mua h\u00e0ng ch\u00ednh h\u00e3ng, b\u00e0 con c\u00f3 th\u1ec3 \u0111\u1ebfn tr\u1ee5 s\u1edf g\u1ea7n nh\u1ea5t c\u1ee7a c\u00f4ng ty \u0111\u1ec3 xem v\u00e0 \u0111\u1eb7t mua h\u00e0ng: <\/span><\/p>\n<ul>\n<li><span style=\"color: #000000\">Tr\u1ee5 s\u1edf ch\u00ednh: p. L\u00ea L\u1ee3i &#8211; Tx S\u01a1n T\u00e2y &#8211; H\u00e0 N\u1ed9i\u00a0<\/span><\/li>\n<li>Chi nh\u00e1nh mi\u1ec1n Nam: x\u00e3 T\u00e2n Ki\u00ean &#8211; H. B\u00ecnh Ch\u00e1nh &#8211; Tp H\u1ed3 Ch\u00ed Minh<\/li>\n<\/ul>\n<p><span style=\"color: #000000\">Khi \u0111\u1ebfn \u0111\u00e2y, b\u00e0 con s\u1ebd \u0111\u01b0\u1ee3c tr\u1ea3i nghi\u1ec7m v\u1eadn h\u00e0nh m\u00e1y d\u01b0\u1edbi s\u1ef1 h\u01b0\u1edbng d\u1eabn c\u1ee7a \u0111\u1ed9i ng\u0169 k\u1ef9 thu\u1eadt<\/span><\/p>\n<p><span style=\"color: #000000\">\u0110\u1ed1i v\u1edbi b\u00e0 con \u1edf xa, c\u00f3 th\u1ec3 li\u00ean h\u1ec7 t\u1edbi s\u1ed1 \u0111i\u1ec7n tho\u1ea1i tr\u00ean website ho\u1eb7c \u0111\u1ec3 l\u1ea1i l\u1eddi nh\u1eafn \u0111\u1ed9i ng\u0169 t\u01b0 v\u1ea5n s\u1ebd li\u00ean h\u1ec7 b\u00e0 con trong th\u1eddi gian s\u1edbm nh\u1ea5t <\/span><\/p>\n<p><strong>Th\u00f4ng s\u1ed1 k\u1ef9 thu\u1eadt\u00a0<\/strong><\/p>\n<table border=\"1\" cellspacing=\"1\" cellpadding=\"1\">\n<tbody>\n<tr>\n<td>N\u0103ng su\u1ea5t<\/td>\n<td>400 &#8211; 500kg\/h<\/td>\n<\/tr>\n<tr>\n<td>C\u00f4ng su\u1ea5t \u0111\u1ed9ng c\u01a1<\/td>\n<td>11kw<\/td>\n<\/tr>\n<tr>\n<td>Ngu\u1ed3n \u0111i\u1ec7n<\/td>\n<td>380 (V)<\/td>\n<\/tr>\n<tr>\n<td>T\u1ed1c \u0111\u1ed9 \u0111\u1ed9ng c\u01a1<\/td>\n<td>1450 ( v\/p)<\/td>\n<\/tr>\n<tr>\n<td>Tr\u1ecdng l\u01b0\u1ee3ng nguy\u00ean b\u1ed9<\/td>\n<td>304 (kg)<\/td>\n<\/tr>\n<tr>\n<td>Kh\u00f4ng \u0111\u1ed9ng c\u01a1<\/td>\n<td>208 (kg)<\/td>\n<\/tr>\n<tr>\n<td>K\u00edch th\u01b0\u1edbc ( D * C * R )<\/td>\n<td>132*85*57 cm ( l\u1eafp g\u1ecdn)<\/td>\n<\/tr>\n<tr>\n<td>B\u1ea3o h\u00e0nh<\/td>\n<td>6 th\u00e1ng<\/td>\n<\/tr>\n<tr>\n<td>H\u00ecnh th\u1ee9c thanh to\u00e1n<\/td>\n<td><em><strong>Ti\u1ec1n m\u1eb7t ho\u1eb7c chuy\u1ec3n kho\u1ea3n<\/strong><\/em><\/td>\n<\/tr>\n<\/tbody>\n<\/table>\n","protected":false},"excerpt":{"rendered":"<ul>\n<li><strong>H\u00e3ng s\u1ea3n xu\u1ea5t :<\/strong>\u00a0B\u00ecnh Minh<\/li>\n<li><strong>C\u00f4ng su\u1ea5t \u0111\u1ed9ng c\u01a1:<\/strong>\u00a011kW<\/li>\n<li><strong>N\u0103ng su\u1ea5t :<\/strong>\u00a0400 \u2013 500kg\/h (t\u00f9y t\u1eebng d\u1ea1ng nguy\u00ean li\u1ec7u)<\/li>\n<li><strong>T\u1ed1c \u0111\u1ed9 v\u00f2ng quay \u0111\u1ed9ng c\u01a1 :\u00a0\u00a0<\/strong>1450 v\/p<\/li>\n<li><strong>\u0110i\u1ec7n n\u0103ng:<\/strong>\u00a0380V<\/li>\n<li><strong>T\u00ednh n\u0103ng:<\/strong>\u00a0M\u00e1y c\u00f3 ch\u1ee9c n\u0103ng b\u0103m nh\u1ecf c\u00e1c lo\u1ea1i nguy\u00ean li\u1ec7u g\u1ed7 t\u01b0\u01a1i ho\u1eb7c kh\u00f4, b\u0103m x\u01a1 d\u1eeba, b\u00e3 m\u00eda,\u2026<\/li>\n<\/ul>\n","protected":false},"featured_media":9371,"comment_status":"closed","ping_status":"closed","template":"","meta":[],"product_brand":[],"product_cat":[41],"product_tag":[90,91,92,89,88],"class_list":{"0":"post-4789","1":"product","2":"type-product","3":"status-publish","4":"has-post-thumbnail","6":"product_cat-may-bam-go","7":"product_tag-may-bam-ba-mia","8":"product_tag-may-bam-canh","9":"product_tag-may-bam-rac","10":"product_tag-may-bam-rom","11":"product_tag-may-bam-so-dua","13":"first","14":"instock","15":"shipping-taxable","16":"product-type-simple"},"_links":{"self":[{"href":"https:\/\/congtybinhminh.com\/index.php?rest_route=\/wp\/v2\/product\/4789","targetHints":{"allow":["GET"]}}],"collection":[{"href":"https:\/\/congtybinhminh.com\/index.php?rest_route=\/wp\/v2\/product"}],"about":[{"href":"https:\/\/congtybinhminh.com\/index.php?rest_route=\/wp\/v2\/types\/product"}],"replies":[{"embeddable":true,"href":"https:\/\/congtybinhminh.com\/index.php?rest_route=%2Fwp%2Fv2%2Fcomments&post=4789"}],"wp:featuredmedia":[{"embeddable":true,"href":"https:\/\/congtybinhminh.com\/index.php?rest_route=\/wp\/v2\/media\/9371"}],"wp:attachment":[{"href":"https:\/\/congtybinhminh.com\/index.php?rest_route=%2Fwp%2Fv2%2Fmedia&parent=4789"}],"wp:term":[{"taxonomy":"product_brand","embeddable":true,"href":"https:\/\/congtybinhminh.com\/index.php?rest_route=%2Fwp%2Fv2%2Fproduct_brand&post=4789"},{"taxonomy":"product_cat","embeddable":true,"href":"https:\/\/congtybinhminh.com\/index.php?rest_route=%2Fwp%2Fv2%2Fproduct_cat&post=4789"},{"taxonomy":"product_tag","embeddable":true,"href":"https:\/\/congtybinhminh.com\/index.php?rest_route=%2Fwp%2Fv2%2Fproduct_tag&post=4789"}],"curies":[{"name":"wp","href":"https:\/\/api.w.org\/{rel}","templated":true}]}}