{"id":402,"date":"2019-11-01T15:58:22","date_gmt":"2019-11-01T08:58:22","guid":{"rendered":"https:\/\/congtybinhminh.com\/?post_type=product&#038;p=402"},"modified":"2024-02-19T15:03:52","modified_gmt":"2024-02-19T08:03:52","slug":"may-bam-chuoi-cong-nghiep-co-bang-tai","status":"publish","type":"product","link":"https:\/\/congtybinhminh.com\/?product=may-bam-chuoi-cong-nghiep-co-bang-tai","title":{"rendered":"M\u00e1y B\u0103m Chu\u1ed1i C\u00f4ng Nghi\u1ec7p ( C\u00f3 B\u0103ng T\u1ea3i)"},"content":{"rendered":"<h2><strong>Xem video tr\u1ef1c ti\u1ebfp t\u1ea1i \u0111\u00e2y:<\/strong><\/h2>\n<h2><span data-mce-type=\"bookmark\" style=\"width: 0px;overflow: hidden;line-height: 0\" class=\"mce_SELRES_start\">\ufeff<\/span><\/h2>\n<h2><strong><span id=\"Uu_diem_cua_may_bam_chuoi_cong_nghiep\" class=\"ez-toc-section\">\u01afu \u0111i\u1ec3m c\u1ee7a m\u00e1y b\u0103m chu\u1ed1i c\u00f4ng nghi\u1ec7p:<\/span><\/strong><\/h2>\n<ul>\n<li>B\u0103m nhanh v\u00e0 nh\u1ecf th\u00e2n c\u00e2y chu\u1ed1i c\u00f3 \u0111\u01b0\u1eddng k\u00ednh to kho\u1ea3ng 26 cm trong th\u1eddi gian 20 gi\u00e2y. M\u00e1y cho n\u0103ng su\u1ea5t cao kho\u1ea3ng 4 t\u1ea5n\/gi\u1edd t\u00f9y t\u1eebng lo\u1ea1i nguy\u00ean li\u1ec7u b\u0103m.<\/li>\n<li>S\u1eed d\u1ee5ng ngu\u1ed3n \u0111i\u1ec7n 3 pha \u2013 380V, \u0111\u1ed9ng c\u01a1 5.5kW Vi\u1ec7t Hung. \u0110\u1ed9ng c\u01a1 100% d\u00e2y \u0111\u1ed3ng n\u00ean ng\u01b0\u1eddi s\u1eed d\u1ee5ng ho\u00e0n to\u00e0n y\u00ean t\u00e2m v\u1ec1 ch\u1ea5t l\u01b0\u1ee3ng.<\/li>\n<li>C\u1ea5u t\u1ea1o hi\u1ec7n \u0111\u1ea1i, d\u1ec5 s\u1eed d\u1ee5ng.<\/li>\n<li>Ti\u1ebft ki\u1ec7m th\u1eddi gian v\u00e0 c\u00f4ng s\u1ee9c.<\/li>\n<li>Ph\u00f9 h\u1ee3p v\u1edbi c\u00e1c m\u00f4 h\u00ecnh, trang tr\u1ea1i l\u1edbn.<\/li>\n<li>T\u0103ng n\u0103ng su\u1ea5t, hi\u1ec7u qu\u1ea3 kinh t\u1ebf cao.<img loading=\"lazy\" decoding=\"async\" class=\"aligncenter size-full wp-image-434\" src=\"https:\/\/congtybinhminh.com\/wp-content\/uploads\/2019\/11\/bang-chuoi-tai-9-1.png\" alt=\"bang-chuoi-tai-9\" width=\"800\" height=\"600\" srcset=\"https:\/\/congtybinhminh.com\/wp-content\/uploads\/2019\/11\/bang-chuoi-tai-9-1.png 800w, https:\/\/congtybinhminh.com\/wp-content\/uploads\/2019\/11\/bang-chuoi-tai-9-1-510x383.png 510w, https:\/\/congtybinhminh.com\/wp-content\/uploads\/2019\/11\/bang-chuoi-tai-9-1-533x400.png 533w, https:\/\/congtybinhminh.com\/wp-content\/uploads\/2019\/11\/bang-chuoi-tai-9-1-768x576.png 768w\" sizes=\"auto, (max-width: 800px) 100vw, 800px\" \/><\/li>\n<\/ul>\n<h2><span id=\"Mo_ta_chi_tiet_ve_may_bam_chuoi_cong_nghiep\" class=\"ez-toc-section\"><strong>M\u00f4 t\u1ea3 chi ti\u1ebft v\u1ec1 m\u00e1y b\u0103m chu\u1ed1i c\u00f4ng nghi\u1ec7p<\/strong><\/span><\/h2>\n<ul>\n<li>M\u00e1y b\u0103m chu\u1ed1i c\u00f4ng nghi\u1ec7p l\u00e0 d\u00f2ng m\u00e1y ch\u1ebf bi\u1ebfn ch\u0103n nu\u00f4i do c\u00f4ng ty B\u00ecnh Minh ch\u1ebf t\u1ea1o v\u00e0 s\u1ea3n xu\u1ea5t. M\u00e1y \u0111\u01b0\u1ee3c c\u1ea3i ti\u1ebfn t\u1eeb m\u00e1y b\u0103m chu\u1ed1i \u0111a n\u0103ng v\u1edbi c\u00f4ng su\u1ea5t \u0111\u1ed9ng c\u01a1 l\u1edbn h\u01a1n, th\u1eddi gian b\u0103m nhanh h\u01a1n v\u00e0 cho n\u0103ng su\u1ea5t cao h\u01a1n.<\/li>\n<li>M\u00e1y chuy\u00ean d\u00f9ng \u0111\u1ec3 b\u0103m c\u00e1c lo\u1ea1i nguy\u00ean li\u1ec7u nh\u01b0 th\u00e2n c\u00e2y chu\u1ed1i to, th\u00e2n c\u00e2y ng\u00f4, c\u1ecf voi, \u2026 ch\u1ec9 trong th\u1eddi gian ng\u1eafn cho ra th\u00e0nh ph\u1ea9m \u0111\u01b0\u1ee3c b\u0103m nh\u1ecf \u0111\u1ec1u. M\u00e1y c\u00f3 th\u1ec3 b\u0103m nh\u1ecf th\u00e2n c\u00e2y chu\u1ed1i to c\u00f3 \u0111\u01b0\u1eddng k\u00ednh 26 cm ch\u1ec9 trong th\u1eddi gian 20 gi\u00e2y.<\/li>\n<li>M\u00e1y \u0111\u01b0\u1ee3c thi\u1ebft k\u1ebf hi\u1ec7n \u0111\u1ea1i v\u00e0 nhi\u1ec1u ti\u1ec7n \u00edch v\u1edbi m\u00e1ng n\u1ea1p nguy\u00ean li\u1ec7u \u0111\u01b0\u1ee3c trang b\u1ecb h\u1ec7 th\u1ed1ng b\u0103ng t\u1ea3i c\u1ee7 l\u0103n c\u00f3 chi\u1ec1u d\u00e0i 150 cm, r\u1ed9ng 42,5 cm gi\u00fap \u0111\u01b0a nguy\u00ean li\u1ec7u v\u00e0o bu\u1ed3ng l\u00e0m vi\u1ec7c m\u1ed9t c\u00e1ch nhanh ch\u00f3ng v\u00e0 an to\u00e0n.<img loading=\"lazy\" decoding=\"async\" class=\"aligncenter size-full wp-image-436\" src=\"https:\/\/congtybinhminh.com\/wp-content\/uploads\/2019\/11\/bam-chuoi-cong-nghiep.jpg\" alt=\"bam-chuoi-cong-nghiep\" width=\"800\" height=\"600\" srcset=\"https:\/\/congtybinhminh.com\/wp-content\/uploads\/2019\/11\/bam-chuoi-cong-nghiep.jpg 800w, https:\/\/congtybinhminh.com\/wp-content\/uploads\/2019\/11\/bam-chuoi-cong-nghiep-510x383.jpg 510w, https:\/\/congtybinhminh.com\/wp-content\/uploads\/2019\/11\/bam-chuoi-cong-nghiep-533x400.jpg 533w, https:\/\/congtybinhminh.com\/wp-content\/uploads\/2019\/11\/bam-chuoi-cong-nghiep-768x576.jpg 768w\" sizes=\"auto, (max-width: 800px) 100vw, 800px\" \/><\/li>\n<li>Nguy\u00ean li\u1ec7u sau khi \u0111\u01b0a v\u00e0o \u0111\u01b0\u1ee3c b\u0103m nhuy\u1ec5n b\u1edfi h\u1ec7 th\u1ed1ng dao g\u1ed3m 4 con dao to v\u00e0 28 l\u01b0\u1ee1i dao nh\u1ecf l\u00e0m b\u1eb1ng ch\u1ea5t li\u1ec7u th\u00e9p r\u00e8n c\u00f3 \u0111\u1ed9 b\u1ec1n cao v\u00e0 r\u1ea5t s\u1eafc b\u00e9n.<\/li>\n<li>\u1ed0ng x\u1ea3 c\u1ee7a m\u00e1y c\u00f3 d\u1ea1ng c\u1ed5 cao \u0111\u01b0\u1ee3c g\u1eafn th\u00eam n\u1eafp \u0111i\u1ec1u ch\u1ec9nh \u0111\u1ed9 v\u0103ng nguy\u00ean li\u1ec7u ra xa hay g\u1ea7n t\u00f9y thu\u1ed9c v\u00e0o nhu c\u1ea7u c\u1ee7a ng\u01b0\u1eddi s\u1eed d\u1ee5ng. M\u00e1y \u0111\u01b0\u1ee3c thi\u1ebft k\u1ebf th\u00eam c\u00e1c b\u00e1nh xe v\u00e0 tay l\u00e1i \u0111\u1ec3 thu\u1eadn ti\u1ec7n cho vi\u1ec7c di chuy\u1ec3n m\u00e1y.<\/li>\n<li>M\u00e1y ho\u1ea1t \u0111\u1ed9ng b\u1eb1ng ngu\u1ed3n \u0111i\u1ec7n 3 pha ( 380V) v\u00e0 \u0111\u1ed9ng c\u01a1 100% l\u00f5i \u0111\u1ed3ng v\u1edbi c\u00f4ng su\u1ea5t 5,5 kw cho n\u0103ng su\u1ea5t kho\u1ea3ng 4 t\u1ea5n\/gi\u1edd (t\u00f9y t\u1eebng lo\u1ea1i nguy\u00ean li\u1ec7u). M\u00e1y ph\u00f9 h\u1ee3p v\u1edbi c\u00e1c trang tr\u1ea1i ch\u0103n nu\u00f4i quy m\u00f4 l\u1edbn hay c\u00e1c c\u01a1 s\u1edf kinh doanh, s\u1ea3n xu\u1ea5t.<img loading=\"lazy\" decoding=\"async\" class=\"aligncenter size-full wp-image-419\" src=\"https:\/\/congtybinhminh.com\/wp-content\/uploads\/2019\/11\/may-bam-chuoi-cong-nghiep-04-1-1.png\" alt=\"may-bam-chuoi-cong-nghiep-04 (1)\" width=\"800\" height=\"800\" srcset=\"https:\/\/congtybinhminh.com\/wp-content\/uploads\/2019\/11\/may-bam-chuoi-cong-nghiep-04-1-1.png 800w, https:\/\/congtybinhminh.com\/wp-content\/uploads\/2019\/11\/may-bam-chuoi-cong-nghiep-04-1-1-247x247.png 247w, https:\/\/congtybinhminh.com\/wp-content\/uploads\/2019\/11\/may-bam-chuoi-cong-nghiep-04-1-1-100x100.png 100w, https:\/\/congtybinhminh.com\/wp-content\/uploads\/2019\/11\/may-bam-chuoi-cong-nghiep-04-1-1-510x510.png 510w, https:\/\/congtybinhminh.com\/wp-content\/uploads\/2019\/11\/may-bam-chuoi-cong-nghiep-04-1-1-280x280.png 280w, https:\/\/congtybinhminh.com\/wp-content\/uploads\/2019\/11\/may-bam-chuoi-cong-nghiep-04-1-1-400x400.png 400w, https:\/\/congtybinhminh.com\/wp-content\/uploads\/2019\/11\/may-bam-chuoi-cong-nghiep-04-1-1-768x768.png 768w\" sizes=\"auto, (max-width: 800px) 100vw, 800px\" \/><\/li>\n<\/ul>\n<h2><span id=\"Mo_ta_chi_tiet_ve_may_bam_chuoi_cong_nghiep\" class=\"ez-toc-section\"><strong>Th\u00f4ng s\u1ed1 k\u1ef9 thu\u1eadt<img loading=\"lazy\" decoding=\"async\" class=\"aligncenter size-full wp-image-420\" src=\"https:\/\/congtybinhminh.com\/wp-content\/uploads\/2019\/11\/bam-chuoi-cong-nghiep-1.jpg\" alt=\"bam-chuoi-cong-nghiep (1)\" width=\"800\" height=\"555\" srcset=\"https:\/\/congtybinhminh.com\/wp-content\/uploads\/2019\/11\/bam-chuoi-cong-nghiep-1.jpg 800w, https:\/\/congtybinhminh.com\/wp-content\/uploads\/2019\/11\/bam-chuoi-cong-nghiep-1-510x354.jpg 510w, https:\/\/congtybinhminh.com\/wp-content\/uploads\/2019\/11\/bam-chuoi-cong-nghiep-1-577x400.jpg 577w, https:\/\/congtybinhminh.com\/wp-content\/uploads\/2019\/11\/bam-chuoi-cong-nghiep-1-768x533.jpg 768w\" sizes=\"auto, (max-width: 800px) 100vw, 800px\" \/><\/strong><\/span><\/h2>\n<h2><span id=\"Cam_ket_ve_gia_va_Chinh_sach_bao_hanh\" class=\"ez-toc-section\"><strong>Cam k\u1ebft v\u1ec1 gi\u00e1 v\u00e0 Ch\u00ednh s\u00e1ch b\u1ea3o h\u00e0nh<\/strong><\/span><\/h2>\n<ul>\n<li>M\u00e1y do c\u00f4ng ty tr\u1ef1c ti\u1ebfp ch\u1ebf t\u1ea1o v\u00e0 s\u1ea3n xu\u1ea5t t\u1ea1i x\u01b0\u1edfng, kh\u00f4ng qua trung gian, \u0111\u1ea3m b\u1ea3o gi\u00e1 r\u1ebb nh\u1ea5t, ch\u1ea5t l\u01b0\u1ee3ng t\u1ed1t nh\u1ea5t, b\u1ea3o h\u00e0nh thu\u1eadn ti\u1ec7n nh\u1ea5t.<\/li>\n<li>\u0110\u1ed9i ng\u0169 k\u1ef9 thu\u1eadt c\u00f3 tr\u00ecnh \u0111\u1ed9 chuy\u00ean m\u00f4n cao, s\u1eb5n s\u00e0ng h\u1ed7 tr\u1ee3 k\u1ef9 thu\u1eadt t\u1eadn t\u00ecnh v\u00e0 tr\u1ecdn \u0111\u1eddi.<\/li>\n<li>B\u1ea3o h\u00e0nh t\u1ea1i c\u00f4ng ty 6 th\u00e1ng cho tr\u01b0\u1eddng h\u1ee3p m\u00e1y l\u1ed7i k\u1ef9 thu\u1eadt do c\u00f4ng ty s\u1ea3n xu\u1ea5t. H\u1ebft th\u1eddi gian n\u00e0y t\u01b0 v\u1ea5n k\u1ef9 thu\u1eadt tr\u1ecdn \u0111\u1eddi s\u1ea3n ph\u1ea9m.<img loading=\"lazy\" decoding=\"async\" class=\"aligncenter size-full wp-image-418\" src=\"https:\/\/congtybinhminh.com\/wp-content\/uploads\/2019\/11\/bang-chuoi-tai-3-1.png\" alt=\"bang-chuoi-tai-3 (1)\" width=\"800\" height=\"600\" srcset=\"https:\/\/congtybinhminh.com\/wp-content\/uploads\/2019\/11\/bang-chuoi-tai-3-1.png 800w, https:\/\/congtybinhminh.com\/wp-content\/uploads\/2019\/11\/bang-chuoi-tai-3-1-510x383.png 510w, https:\/\/congtybinhminh.com\/wp-content\/uploads\/2019\/11\/bang-chuoi-tai-3-1-533x400.png 533w, https:\/\/congtybinhminh.com\/wp-content\/uploads\/2019\/11\/bang-chuoi-tai-3-1-768x576.png 768w\" sizes=\"auto, (max-width: 800px) 100vw, 800px\" \/><\/li>\n<\/ul>\n<h2><span id=\"Huong_dan_mua_hang\" class=\"ez-toc-section\"><strong>H\u01b0\u1edbng d\u1eabn mua h\u00e0ng<\/strong><\/span><\/h2>\n<p>Kh\u00e1ch h\u00e0ng \u0111\u1ebfn c\u00f4ng ty mua m\u00e1y v\u00e0 thanh to\u00e1n tr\u1ef1c ti\u1ebfp b\u1eb1ng ti\u1ec1n m\u1eb7t.<\/p>\n<p>\u0110\u1ed1i v\u1edbi nh\u1eefng kh\u00e1ch h\u00e0ng \u1edf xa, C\u00f4ng ty s\u1ebd h\u01b0\u1edbng d\u1eabn mua h\u00e0ng v\u00e0 h\u1ed7 tr\u1ee3 giao h\u00e0ng to\u00e0n qu\u1ed1c. Qu\u00fd kh\u00e1ch vui l\u00f2ng chuy\u1ec3n kho\u1ea3n \u0111\u1eb7t c\u1ecdc, s\u1ed1 ti\u1ec1n m\u00e1y c\u00f2n l\u1ea1i s\u1ebd thanh to\u00e1n tr\u1ef1c ti\u1ebfp cho \u0111\u01a1n v\u1ecb v\u1eadn chuy\u1ec3n.<\/p>\n<p>\u0110\u1ec3 \u0111\u01b0\u1ee3c cung c\u1ea5p th\u00eam th\u00f4ng tin v\u1ec1 c\u00e1c d\u00f2ng s\u1ea3n ph\u1ea9m c\u1ee7a c\u00f4ng ty B\u00ecnh Minh, k\u00ednh m\u1eddi Qu\u00fd kh\u00e1ch li\u00ean h\u1ec7:<\/p>\n<p><strong>C\u00d4NG TY TNHH D\u1ecaCH V\u1ee4 V\u00c0 S\u1ea2N XU\u1ea4T TH\u01af\u01a0NG M\u1ea0I XU\u1ea4T NH\u1eacP KH\u1ea8U B\u00ccNH MINH<\/strong><\/p>\n<p><strong>\u0110\u1ecba ch\u1ec9:<\/strong> S\u1ed1 249, Ph\u1ed1 L\u00ea L\u1ee3i \u2013 Ph\u01b0\u1eddng L\u00ea L\u1ee3i \u2013 Th\u1ecb x\u00e3 S\u01a1n T\u00e2y \u2013 Th\u00e0nh ph\u1ed1 H\u00e0 N\u1ed9i<\/p>\n<p><strong>Hotline: 088.801.8822<\/strong><\/p>\n<p>&nbsp;<\/p>\n","protected":false},"excerpt":{"rendered":"<p><strong>T\u00ednh n\u0103ng:<\/strong>\u00a0<em>B\u0103m r\u1ea5t nhanh v\u00e0 nhuy\u1ec5n \u0111a d\u1ea1ng c\u00e1c lo\u1ea1i nguy\u00ean li\u1ec7u: th\u00e2n c\u00e2y chu\u1ed1i to c\u00f3 \u0111\u01b0\u1eddng k\u00ednh kho\u1ea3ng 26cm trong v\u00f2ng 20 gi\u00e2y, b\u0103m b\u00e8o, c\u1ecf voi,..cho c\u00e1, gia s\u00fac, gia c\u1ea7m.<\/em><\/p>\n<p><strong>N\u0103ng su\u1ea5t:<\/strong>\u00a04000kg\/gi\u1edd<\/p>\n<p><strong>T\u1ed1c \u0111\u1ed9:<\/strong>\u00a01450 v\u00f2ng\/ph\u00fat<\/p>\n<p><strong>\u0110\u1ed9ng c\u01a1:<\/strong>\u00a05,5kw<\/p>\n<p><strong>\u0110i\u1ec7n n\u0103ng:<\/strong>\u00a0380V (3 pha)<\/p>\n<p><strong>S\u1ea3n xu\u1ea5t:<\/strong>\u00a0<em>B\u00ecnh Minh<\/em><\/p>\n<p><strong>M\u00e3 s\u1ea3n ph\u1ea9m:\u00a0<\/strong>MC-CNT<\/p>\n","protected":false},"featured_media":421,"comment_status":"closed","ping_status":"closed","template":"","meta":[],"product_brand":[],"product_cat":[33],"product_tag":[34,36,35],"class_list":{"0":"post-402","1":"product","2":"type-product","3":"status-publish","4":"has-post-thumbnail","6":"product_cat-may-bam-chuoi-da-nang","7":"product_tag-may-bam-chuoi-cong-nghiep","8":"product_tag-may-bam-chuoi-gia-re-chinh-hang-bao-hanh-tot","9":"product_tag-may-bam-chuoi-su-dung-o-trang-trai","11":"first","12":"instock","13":"shipping-taxable","14":"product-type-simple"},"_links":{"self":[{"href":"https:\/\/congtybinhminh.com\/index.php?rest_route=\/wp\/v2\/product\/402","targetHints":{"allow":["GET"]}}],"collection":[{"href":"https:\/\/congtybinhminh.com\/index.php?rest_route=\/wp\/v2\/product"}],"about":[{"href":"https:\/\/congtybinhminh.com\/index.php?rest_route=\/wp\/v2\/types\/product"}],"replies":[{"embeddable":true,"href":"https:\/\/congtybinhminh.com\/index.php?rest_route=%2Fwp%2Fv2%2Fcomments&post=402"}],"wp:featuredmedia":[{"embeddable":true,"href":"https:\/\/congtybinhminh.com\/index.php?rest_route=\/wp\/v2\/media\/421"}],"wp:attachment":[{"href":"https:\/\/congtybinhminh.com\/index.php?rest_route=%2Fwp%2Fv2%2Fmedia&parent=402"}],"wp:term":[{"taxonomy":"product_brand","embeddable":true,"href":"https:\/\/congtybinhminh.com\/index.php?rest_route=%2Fwp%2Fv2%2Fproduct_brand&post=402"},{"taxonomy":"product_cat","embeddable":true,"href":"https:\/\/congtybinhminh.com\/index.php?rest_route=%2Fwp%2Fv2%2Fproduct_cat&post=402"},{"taxonomy":"product_tag","embeddable":true,"href":"https:\/\/congtybinhminh.com\/index.php?rest_route=%2Fwp%2Fv2%2Fproduct_tag&post=402"}],"curies":[{"name":"wp","href":"https:\/\/api.w.org\/{rel}","templated":true}]}}