{"id":3595,"date":"2020-03-06T14:47:28","date_gmt":"2020-03-06T07:47:28","guid":{"rendered":"https:\/\/congtybinhminh.com\/?post_type=product&#038;p=3595"},"modified":"2024-09-20T15:39:26","modified_gmt":"2024-09-20T08:39:26","slug":"may-bam-co-cong-nghiep-6t","status":"publish","type":"product","link":"https:\/\/congtybinhminh.com\/?product=may-bam-co-cong-nghiep-6t","title":{"rendered":"M\u00e1y b\u0103m c\u1ecf c\u00f4ng nghi\u1ec7p 6T"},"content":{"rendered":"<h2><span id=\"Xem_video_truc_tiep_tai_day\" class=\"ez-toc-section\">Xem video m\u00e1y ho\u1ea1t \u0111\u1ed9ng\u00a0<\/span><\/h2>\n<p><iframe loading=\"lazy\" title=\"M\u00e1y B\u0103m C\u1ecf 6T \u0110\u1ea7u N\u1ed5 Ho\u1ea1t \u0110\u1ed9ng Hi\u1ec7u Qu\u1ea3 T\u1ea1i Trang Tr\u1ea1i Kh\u00e1ch\" width=\"1020\" height=\"574\" src=\"https:\/\/www.youtube.com\/embed\/7OCH2KOPBJM?feature=oembed\" frameborder=\"0\" allow=\"accelerometer; autoplay; clipboard-write; encrypted-media; gyroscope; picture-in-picture; web-share\" referrerpolicy=\"strict-origin-when-cross-origin\" allowfullscreen><\/iframe><\/p>\n<h2>Gi\u1edbi thi\u1ec7u m\u00e1y b\u0103m c\u1ecf c\u00f4ng nghi\u1ec7p 6T<\/h2>\n<p><span style=\"color: #000000\">M\u00e1y b\u0103m c\u1ecf c\u00f4ng nghi\u1ec7p 6T co c\u00f4ng ty B\u00ecnh Minh s\u1ea3n xu\u1ea5t &#8211; thi\u1ebft b\u1ecb h\u1ed7 tr\u1ee3 b\u00e0 con b\u0103m c\u1ecf cho\u00a0 b\u00f2 n\u0103ng su\u1ea5t 4 &#8211; 5 t\u1ea5n\/gi\u1edd, \u0111\u00e1p \u1ee9ng nhu c\u1ea7u s\u1eed d\u1ee5ng t\u1ea1i cac h\u1ed9 gia \u0111\u00ecnh, trang tr\u1ecb ch\u0103n nu\u00f4i qua m\u00f4 v\u1eeba v\u00e0 nh\u1ecf\u00a0<\/span><\/p>\n<p><img loading=\"lazy\" decoding=\"async\" class=\"aligncenter wp-image-10133 size-full\" src=\"https:\/\/congtybinhminh.com\/wp-content\/uploads\/2020\/03\/may-bam-co-cong-nghiep-6t_result222-1.webp\" alt=\"may-bam-co-cong-nghiep-6t_result222\" width=\"800\" height=\"1078\" srcset=\"https:\/\/congtybinhminh.com\/wp-content\/uploads\/2020\/03\/may-bam-co-cong-nghiep-6t_result222-1.webp 800w, https:\/\/congtybinhminh.com\/wp-content\/uploads\/2020\/03\/may-bam-co-cong-nghiep-6t_result222-1-297x400.webp 297w, https:\/\/congtybinhminh.com\/wp-content\/uploads\/2020\/03\/may-bam-co-cong-nghiep-6t_result222-1-594x800.webp 594w, https:\/\/congtybinhminh.com\/wp-content\/uploads\/2020\/03\/may-bam-co-cong-nghiep-6t_result222-1-768x1035.webp 768w, https:\/\/congtybinhminh.com\/wp-content\/uploads\/2020\/03\/may-bam-co-cong-nghiep-6t_result222-1-510x687.webp 510w\" sizes=\"auto, (max-width: 800px) 100vw, 800px\" \/><\/p>\n<h2><span style=\"color: #000000\">Nh\u1eefng t\u00ednh n\u0103ng m\u00e1y b\u0103m c\u1ecf c\u00f4ng nghi\u1ec7p 6T<\/span><\/h2>\n<p>V\u1edbi l\u1ee3i th\u1ebf t\u1ed1c \u0111\u1ed9 b\u0103m nhanh &#8211; \u0111\u1ed9ng c\u01a1 l\u1edbn 100% l\u00f5i d\u00e2y \u0111\u1ed3ng chi\u1ebfc m\u00e1y s\u1ebd gi\u00fap b\u00e0 con t\u1ed1i \u01b0u h\u00f3a qu\u00e1 tr\u00ecnh ch\u0103n nu\u00f4i, v\u1edbi kh\u1ea3 n\u0103ng b\u0103m \u0111a d\u1ea1ng c\u00e1c lo\u1ea1i nguy\u00ean li\u1ec7u:<\/p>\n<p><img loading=\"lazy\" decoding=\"async\" class=\"aligncenter wp-image-10140 size-full\" src=\"https:\/\/congtybinhminh.com\/wp-content\/uploads\/2020\/03\/may-bam-co-voi-cong-nghiep_result222.webp\" alt=\"may-bam-co-voi-cong-nghiep_result222\" width=\"800\" height=\"1337\" srcset=\"https:\/\/congtybinhminh.com\/wp-content\/uploads\/2020\/03\/may-bam-co-voi-cong-nghiep_result222.webp 800w, https:\/\/congtybinhminh.com\/wp-content\/uploads\/2020\/03\/may-bam-co-voi-cong-nghiep_result222-239x400.webp 239w, https:\/\/congtybinhminh.com\/wp-content\/uploads\/2020\/03\/may-bam-co-voi-cong-nghiep_result222-479x800.webp 479w, https:\/\/congtybinhminh.com\/wp-content\/uploads\/2020\/03\/may-bam-co-voi-cong-nghiep_result222-768x1284.webp 768w, https:\/\/congtybinhminh.com\/wp-content\/uploads\/2020\/03\/may-bam-co-voi-cong-nghiep_result222-510x852.webp 510w\" sizes=\"auto, (max-width: 800px) 100vw, 800px\" \/><\/p>\n<ul>\n<li>Trong ch\u0103n nu\u00f4i: m\u00e1y b\u0103m c\u1ecf voi, c\u1ecf s\u1ea3, th\u00e2n c\u00e2y ng\u00f4..<\/li>\n<li>Trong c\u00f4ng nghi\u1ec7p gi\u00fap x\u1eed l\u00fd c\u00e1c lo\u1ea1i r\u00e1c th\u1ea3i nh\u01b0 v\u00e1n b\u00f3c, b\u00e3 m\u00eda, c\u00e0nh c\u00e2y nh\u1ecf&#8230;<\/li>\n<\/ul>\n<h2><span style=\"color: #000000\">C\u1ea5u t\u1ea1o c\u1ee7a m\u00e1y b\u0103m c\u1ecf c\u00f4ng nghi\u1ec7p 6T<\/span><\/h2>\n<h3>Khung m\u00e1y ch\u1eafc ch\u1eafn<\/h3>\n<p>Thu\u1ed9c d\u00f2ng m\u00e1y c\u00f4ng nghi\u1ec7p, v\u1edbi ph\u1ea7n khung m\u00e1y \u0111\u01b0\u1ee3c h\u00e0n g\u1eafn ch\u1eafc ch\u1eafn kh\u00f4ng g\u00e2y rung l\u1eafc trong qu\u00e1 tr\u00ecnh v\u1eadn h\u00e0nh<\/p>\n<p><img loading=\"lazy\" decoding=\"async\" class=\"aligncenter wp-image-10134 size-full\" src=\"https:\/\/congtybinhminh.com\/wp-content\/uploads\/2020\/03\/cau-tao-may-bam-co-cong-nghiep-6t_result222.webp\" alt=\"cau-tao-may-bam-co-cong-nghiep-6t_result222\" width=\"800\" height=\"660\" srcset=\"https:\/\/congtybinhminh.com\/wp-content\/uploads\/2020\/03\/cau-tao-may-bam-co-cong-nghiep-6t_result222.webp 800w, https:\/\/congtybinhminh.com\/wp-content\/uploads\/2020\/03\/cau-tao-may-bam-co-cong-nghiep-6t_result222-485x400.webp 485w, https:\/\/congtybinhminh.com\/wp-content\/uploads\/2020\/03\/cau-tao-may-bam-co-cong-nghiep-6t_result222-768x634.webp 768w, https:\/\/congtybinhminh.com\/wp-content\/uploads\/2020\/03\/cau-tao-may-bam-co-cong-nghiep-6t_result222-510x421.webp 510w\" sizes=\"auto, (max-width: 800px) 100vw, 800px\" \/><\/p>\n<p>Ph\u00eda d\u01b0\u1edbi ch\u00e2n m\u00e1y l\u1eafp \u0111\u1eb7t 4 b\u00e1nh xe k\u1ebft h\u1ee3p tay k\u00e9o thu\u1eadn ti\u1ec7n di chuy\u1ec3n v\u1ecb tr\u00ed \u0111\u1eb7t m\u00e1y, s\u1ef1 k\u1ebft h\u1ee3p t\u1ea1o n\u00ean s\u1ef1 ti\u1ec7n l\u1ee3i cho ng\u01b0\u1eddi d\u00f9ng<\/p>\n<h3>Toa n\u1ea1p b\u0103ng t\u1ea3i<\/h3>\n<p>M\u00e1y b\u0103m c\u1ecf c\u00f3 b\u0103ng t\u1ea3i d\u00e0i g\u1ea7n 2m k\u1ebft h\u1ee3p b\u1ed9 l\u00f4 cu\u1ed1n t\u1ef1 \u0111\u1ed9ng cu\u1ed1n nguy\u00ean li\u1ec7u tr\u1ef1c ti\u1ebfp v\u00e0o bu\u1ed3ng b\u0103m, gi\u1eef an to\u00e0n cho ng\u01b0\u1eddi d\u00f9ng kh\u00f4ng ph\u1ea3i d\u00f9ng tay \u0111\u00fat g\u1ea7n toa n\u1ea1p<\/p>\n<p><img loading=\"lazy\" decoding=\"async\" class=\"aligncenter wp-image-10135 size-full\" src=\"https:\/\/congtybinhminh.com\/wp-content\/uploads\/2020\/03\/may-bam-co-co-bang-tai_result222-1.webp\" alt=\"may-bam-co-co-bang-tai_result222\" width=\"800\" height=\"450\" srcset=\"https:\/\/congtybinhminh.com\/wp-content\/uploads\/2020\/03\/may-bam-co-co-bang-tai_result222-1.webp 800w, https:\/\/congtybinhminh.com\/wp-content\/uploads\/2020\/03\/may-bam-co-co-bang-tai_result222-1-711x400.webp 711w, https:\/\/congtybinhminh.com\/wp-content\/uploads\/2020\/03\/may-bam-co-co-bang-tai_result222-1-768x432.webp 768w, https:\/\/congtybinhminh.com\/wp-content\/uploads\/2020\/03\/may-bam-co-co-bang-tai_result222-1-510x287.webp 510w\" sizes=\"auto, (max-width: 800px) 100vw, 800px\" \/><\/p>\n<h3>H\u1ec7 th\u1ed1ng bu\u1ed3ng l\u00e0m vi\u1ec7c<\/h3>\n<p>B\u00ean trong bu\u1ed3ng dao b\u0103m g\u1ed3m 4 dao b\u0103m to d\u00e0y \u0111\u01b0\u1ee3c r\u00e8n s\u1eafc b\u00e9n v\u00e0 16 b\u00faa \u0111\u1eadp quay tr\u00f2n b\u0103m nh\u1ecf nguy\u00ean li\u1ec7u<\/p>\n<p><img loading=\"lazy\" decoding=\"async\" class=\"aligncenter wp-image-10136 size-full\" src=\"https:\/\/congtybinhminh.com\/wp-content\/uploads\/2020\/03\/dao-may-bam-co_result222.webp\" alt=\"dao-may-bam-co_result222\" width=\"800\" height=\"1218\" srcset=\"https:\/\/congtybinhminh.com\/wp-content\/uploads\/2020\/03\/dao-may-bam-co_result222.webp 800w, https:\/\/congtybinhminh.com\/wp-content\/uploads\/2020\/03\/dao-may-bam-co_result222-263x400.webp 263w, https:\/\/congtybinhminh.com\/wp-content\/uploads\/2020\/03\/dao-may-bam-co_result222-525x800.webp 525w, https:\/\/congtybinhminh.com\/wp-content\/uploads\/2020\/03\/dao-may-bam-co_result222-768x1169.webp 768w, https:\/\/congtybinhminh.com\/wp-content\/uploads\/2020\/03\/dao-may-bam-co_result222-510x776.webp 510w\" sizes=\"auto, (max-width: 800px) 100vw, 800px\" \/><\/p>\n<p>Tr\u00ean th\u00e2n m\u00e1y l\u1eafp \u0111\u1eb7t h\u1ed9p s\u1ed1 \u0111i\u1ec1u ch\u1ec9nh t\u1ed1c \u0111\u1ed9 b\u0103m nhanh\/ch\u1eadm c\u1ee7a l\u00f4 cu\u1ed1n v\u00e0 b\u0103ng t\u1ea3i t\u01b0\u01a1ng \u1ee9ng cho ra k\u00edch th\u01b0\u1edbc th\u00e0nh ph\u1ea9m to &#8211; nh\u1ecf<\/p>\n<p><img loading=\"lazy\" decoding=\"async\" class=\"aligncenter wp-image-10137 size-full\" src=\"https:\/\/congtybinhminh.com\/wp-content\/uploads\/2020\/03\/bo-dieu-chinh-lo-cuon_result222.webp\" alt=\"bo-dieu-chinh-lo-cuon_result222\" width=\"800\" height=\"582\" srcset=\"https:\/\/congtybinhminh.com\/wp-content\/uploads\/2020\/03\/bo-dieu-chinh-lo-cuon_result222.webp 800w, https:\/\/congtybinhminh.com\/wp-content\/uploads\/2020\/03\/bo-dieu-chinh-lo-cuon_result222-550x400.webp 550w, https:\/\/congtybinhminh.com\/wp-content\/uploads\/2020\/03\/bo-dieu-chinh-lo-cuon_result222-768x559.webp 768w, https:\/\/congtybinhminh.com\/wp-content\/uploads\/2020\/03\/bo-dieu-chinh-lo-cuon_result222-510x371.webp 510w\" sizes=\"auto, (max-width: 800px) 100vw, 800px\" \/><\/p>\n<p>\u0110\u1eb7c bi\u1ec7t, b\u0103ng t\u1ea3i c\u00f3 th\u1ec3 \u0111i\u1ec1u ch\u1ec9nh l\u00f4 cu\u1ed1n theo chi\u1ec1u ng\u01b0\u1ee3c l\u1ea1i gi\u00fap \u0111\u01b0a nguy\u00ean li\u1ec7u ra ngo\u00e0i n\u1ebfu qu\u1ea3 l\u00f4 b\u1ecb k\u1eb9t<\/p>\n<h3>C\u1eeda x\u1ea3 th\u00e0nh ph\u1ea9m<\/h3>\n<p><span style=\"color: #000000\">Qu\u00e1 tr\u00ecnh c\u00f2n l\u1ea1i m\u00e1y s\u1ebd t\u1ef1 \u0111\u1ed9ng b\u0103m nh\u1ecf c\u1ecf cho \u0111\u1ebfn khi th\u00e0nh ph\u1ea9m \u0111\u1ea1t ti\u00eau chu\u1ea9n s\u1ebd \u0111\u01b0\u1ee3c \u0111\u1ea9y ra c\u1eeda x\u1ea3 cao tho\u00e1t ra ngo\u00e0i.\u00a0<\/span><\/p>\n<p><img loading=\"lazy\" decoding=\"async\" class=\"aligncenter wp-image-10138 size-full\" src=\"https:\/\/congtybinhminh.com\/wp-content\/uploads\/2020\/03\/may-bam-co-voi_result222-1.webp\" alt=\"may-bam-co-voi_result222\" width=\"800\" height=\"512\" srcset=\"https:\/\/congtybinhminh.com\/wp-content\/uploads\/2020\/03\/may-bam-co-voi_result222-1.webp 800w, https:\/\/congtybinhminh.com\/wp-content\/uploads\/2020\/03\/may-bam-co-voi_result222-1-625x400.webp 625w, https:\/\/congtybinhminh.com\/wp-content\/uploads\/2020\/03\/may-bam-co-voi_result222-1-768x492.webp 768w, https:\/\/congtybinhminh.com\/wp-content\/uploads\/2020\/03\/may-bam-co-voi_result222-1-510x326.webp 510w\" sizes=\"auto, (max-width: 800px) 100vw, 800px\" \/><\/p>\n<p>Ph\u00eda tr\u00ean c\u1eeda x\u1ea3 c\u00f3 n\u1eafp \u0111i\u1ec1u ch\u1ec9nh thu\u1eadn ti\u1ec7n cho ng\u01b0\u1eddi d\u00f9ng \u0111i\u1ec1u ch\u1ec9nh h\u01b0\u1edbng phun c\u1ecf:<\/p>\n<ul>\n<li>G\u1eadp n\u1eafp c\u1eeda x\u1ea3: n\u1ebfu mu\u1ed1n c\u1ecf ph\u1ee5 g\u1ea7n<\/li>\n<li>N\u00e2ng n\u1eafp c\u1eeda x\u1ea3: n\u1ebfu mu\u1ed1n c\u1ecf phun xa<\/li>\n<\/ul>\n<h3>Cho n\u0103ng su\u1ea5t cao<\/h3>\n<p>M\u00e1y b\u0103m c\u1ecf c\u00f4ng nghi\u1ec7p 3 pha s\u1eed d\u1ee5ng \u0111\u1ed9ng c\u01a1 15 &#8211; 22kw motor l\u00f5i d\u00e2y \u0111\u1ed3ng 100% v\u1edbi t\u1ed1c \u0111\u1ed9 1450 v\u00f2ng\/ph\u00fat cho n\u0103ng su\u1ea5t \u0111\u1ea1t 4 &#8211; 5 t\u1ea5n\/gi\u1edd<\/p>\n<p><img loading=\"lazy\" decoding=\"async\" class=\"aligncenter wp-image-10139 size-full\" src=\"https:\/\/congtybinhminh.com\/wp-content\/uploads\/2020\/03\/bam-co-cho-bo_result222-1.webp\" alt=\"bam-co-cho-bo_result222\" width=\"800\" height=\"602\" srcset=\"https:\/\/congtybinhminh.com\/wp-content\/uploads\/2020\/03\/bam-co-cho-bo_result222-1.webp 800w, https:\/\/congtybinhminh.com\/wp-content\/uploads\/2020\/03\/bam-co-cho-bo_result222-1-532x400.webp 532w, https:\/\/congtybinhminh.com\/wp-content\/uploads\/2020\/03\/bam-co-cho-bo_result222-1-768x578.webp 768w, https:\/\/congtybinhminh.com\/wp-content\/uploads\/2020\/03\/bam-co-cho-bo_result222-1-510x384.webp 510w\" sizes=\"auto, (max-width: 800px) 100vw, 800px\" \/><\/p>\n<p>\u0110\u1ed1i v\u1edbi nh\u1eefng h\u1ed9 \u0111i\u1ec7n y\u1ebfu, \u0111i\u1ec7n kh\u00f4ng \u0111\u1ee7 t\u1ea3i c\u00f3 th\u1ec3 l\u1eafp \u0111\u1ea7u n\u1ed5 \u0111\u1ec3 ch\u1ea1y m\u00e1y m\u00e0 v\u1ea5n \u0111\u1ea3m b\u1ea3o n\u0103ng su\u1ea5t<\/p>\n<h2>Nh\u1eefng l\u1ee3i \u00edch khi d\u00f9ng m\u00e1y b\u0103m c\u1ecf c\u00f4ng nghi\u1ec7p 6T<\/h2>\n<p>&#8220;M\u00e1y m\u00f3c thay th\u1ebf s\u1ee9c ng\u01b0\u1eddi&#8221; vi\u1ec7c \u1ee9ng d\u1ee5ng m\u00e1y b\u0103m c\u1ecf trong ch\u0103n nu\u00f4i mang l\u1ea1i hi\u1ec7u qu\u1ea3 c\u00f4ng vi\u1ec7c cho b\u00e0 con:<\/p>\n<ul>\n<li>Qu\u00e1 tr\u00ecnh b\u0103m t\u1ef1 \u0111\u1ed9ng, kh\u00f4ng m\u1ea5t nhi\u1ec1u th\u1eddi gian v\u00e0 c\u00f4ng s\u1ee9c<\/li>\n<li>Th\u00e0nh ph\u1ea9m sau khi b\u0103m c\u00f3 th\u1ec3 cho v\u1eadt nu\u00f4i d\u00f9ng ngay ho\u1eb7c \u1ee7 chua d\u00f9ng d\u1ea7n<\/li>\n<li>\u0110\u00e1p \u1ee9ng nhu c\u1ea7u s\u1ed1 l\u01b0\u1ee3ng ch\u0103n nu\u00f4i l\u01a1n t\u1eeb v\u00e0i tr\u0103m \u0111\u1ec1n v\u00e0i ngh\u00ecn con<\/li>\n<li>\u1ee8ng d\u1ee5ng \u0111\u01b0\u1ee3c trong nhi\u1ec1u l\u0129nh v\u1ef1c: l\u00e0m th\u1ee9c \u0103n ch\u0103n nu\u00f4i, x\u1eed l\u00fd r\u00e1c th\u1ea3i..<\/li>\n<\/ul>\n<h2>\u0110\u1ecba ch\u1ec9 b\u00e1n m\u00e1y b\u0103m c\u1ecf gi\u00e1 t\u1ed1t, c\u00f3 b\u1ea3o h\u00e0nh ch\u00ednh h\u00e3ng<\/h2>\n<p>C\u00f4ng ty B\u00ecnh Minh &#8211; \u0111\u01a1n v\u1ecb tr\u1ef1c ti\u1ebfp s\u1ea3n xu\u1ea5t m\u00e1y b\u0103m c\u1ecf t\u1ea1i H\u00e0 N\u1ed9i v\u1edbi h\u01a1n 30 n\u0103m kinh nghi\u1ec7m trong l\u0129nh v\u1ef1c c\u01a1 kh\u00ed<\/p>\n<p>\u0110\u1ec3 \u0111\u1eb7t mua h\u00e0ng ch\u00ednh h\u00e3ng, b\u00e0 con c\u00f3 th\u1ec3 \u0111\u1ebfn tr\u1ef1c ti\u1ebfp tr\u1ee5 s\u1edf g\u1ea7n nh\u1ea5t:<\/p>\n<ul>\n<li>Tr\u1ee5 s\u1edf ch\u00ednh: p. L\u00ea L\u1ee3i &#8211; Tx S\u01a1n T\u00e2y &#8211; H\u00e0 N\u1ed9i<\/li>\n<li>Chi nh\u00e1nh mi\u1ec1n Nam: x\u00e3 T\u00e2n Ki\u00ean &#8211; H. B\u00ecnh Ch\u00e1nh &#8211; Tp H\u1ed3 Ch\u00ed Minh<\/li>\n<\/ul>\n<p><img loading=\"lazy\" decoding=\"async\" class=\"aligncenter wp-image-9446 size-full\" src=\"https:\/\/congtybinhminh.com\/wp-content\/uploads\/2024\/03\/dia-chi-mua-may-bam-co-binh-minh_result222.webp\" alt=\"dia-chi-mua-may-bam-co-binh-minh_result222\" width=\"800\" height=\"1013\" srcset=\"https:\/\/congtybinhminh.com\/wp-content\/uploads\/2024\/03\/dia-chi-mua-may-bam-co-binh-minh_result222.webp 800w, https:\/\/congtybinhminh.com\/wp-content\/uploads\/2024\/03\/dia-chi-mua-may-bam-co-binh-minh_result222-510x646.webp 510w, https:\/\/congtybinhminh.com\/wp-content\/uploads\/2024\/03\/dia-chi-mua-may-bam-co-binh-minh_result222-316x400.webp 316w, https:\/\/congtybinhminh.com\/wp-content\/uploads\/2024\/03\/dia-chi-mua-may-bam-co-binh-minh_result222-632x800.webp 632w, https:\/\/congtybinhminh.com\/wp-content\/uploads\/2024\/03\/dia-chi-mua-may-bam-co-binh-minh_result222-768x972.webp 768w\" sizes=\"auto, (max-width: 800px) 100vw, 800px\" \/><\/p>\n<p>Khi \u0111\u1ebfn c\u00f4ng ty mua m\u00e1y, b\u00e0 con s\u1ebd \u0111\u01b0\u1ee3c th\u1eed nghi\u1ec7m v\u1eadn h\u00e0nh m\u00e1y d\u01b0\u1edbi s\u1ef1 h\u01b0\u1edbng d\u1eabn c\u1ee7a \u0111\u1ed9i ng\u0169 k\u1ef9 thu\u1eadt<\/p>\n<p>\u0110\u1ed1i v\u1edbi b\u00e0 con \u1edf xa, c\u00f3 th\u1ec3 li\u00ean h\u1ec7 t\u1edbi s\u1ed1 \u0111i\u1ec7n tho\u1ea1i Hotline tr\u00ean website ho\u1eb7c \u0111\u1ec3 l\u1ea1i ph\u1ea7n b\u00ecnh lu\u1eadn \u0111\u1ed9i ng\u0169 t\u01b0 v\u1ea5n s\u1ebd li\u00ean h\u1ec7 b\u00e0 con trong th\u1eddi gian s\u1edbm nh\u1ea5t<\/p>\n<p><strong>Th\u00f4ng s\u1ed1 k\u1ef9 thu\u1eadt<\/strong><\/p>\n<table>\n<tbody>\n<tr>\n<td rowspan=\"3\" width=\"245\">\u0110\u1ed9ng c\u01a1<\/td>\n<td width=\"211\">C\u00f4ng su\u1ea5t \u0111\u1ed9ng c\u01a1<\/td>\n<td width=\"210\">15kW \u2013 18,5kW<\/td>\n<\/tr>\n<tr>\n<td width=\"211\">Ngu\u1ed3n \u0111i\u1ec7n<\/td>\n<td width=\"210\">380(V)<\/td>\n<\/tr>\n<tr>\n<td width=\"211\">T\u1ed1c \u0111\u1ed9<\/td>\n<td width=\"210\">1450 ( v\/p)<\/td>\n<\/tr>\n<tr>\n<td rowspan=\"2\" width=\"245\">Tr\u1ecdng l\u01b0\u1ee3ng m\u00e1y<\/td>\n<td width=\"211\">Nguy\u00ean b\u1ed9<\/td>\n<td width=\"210\">900 ( kg)<\/td>\n<\/tr>\n<tr>\n<td width=\"211\">Kh\u00f4ng \u0111\u1ed9ng \u00a0c\u01a1<\/td>\n<td width=\"210\">840( kg)<\/td>\n<\/tr>\n<tr>\n<td rowspan=\"2\" width=\"245\">B\u1ea3o h\u00e0nh<\/td>\n<td width=\"211\">K\u1ef9 thu\u1eadt<\/td>\n<td width=\"210\">06 th\u00e1ng<\/td>\n<\/tr>\n<tr>\n<td width=\"211\">\u0110\u1ed9ng c\u01a1<\/td>\n<td width=\"210\">Theo t\u1eebng h\u00e3ng s\u1ea3n xu\u1ea5t<\/td>\n<\/tr>\n<tr>\n<td width=\"245\">N\u0103ng su\u1ea5t<\/td>\n<td colspan=\"2\" width=\"421\">4 t\u1ea5n \u2013 5\u00a0t\u1ea5n \/h<\/td>\n<\/tr>\n<tr>\n<td width=\"245\">K\u00edch th\u01b0\u1edbc\u00a0 ( D * C * R )<\/td>\n<td colspan=\"2\" width=\"421\">264cm*430cm* 230cm<\/td>\n<\/tr>\n<tr>\n<td width=\"245\">H\u00ecnh th\u1ee9c thanh to\u00e1n<\/td>\n<td colspan=\"2\" width=\"421\"><i><em><b><strong>Ti\u1ec1n m\u1eb7t ho\u1eb7c chuy\u1ec3n kho\u1ea3n<\/strong><\/b><\/em><\/i><\/td>\n<\/tr>\n<\/tbody>\n<\/table>\n","protected":false},"excerpt":{"rendered":"<ul>\n<li><strong>H\u00e3ng s\u1ea3n xu\u1ea5t:<\/strong>\u00a0B\u00ecnh Minh<\/li>\n<li><strong>N\u0103ng su\u1ea5t :\u00a0<\/strong>\u00a04 \u2013 5 t\u1ea5n\/gi\u1edd<\/li>\n<li><strong>\u0110\u1ed9ng c\u01a1:<\/strong>\u00a015kw \u2013 18,5kw<\/li>\n<li><strong>\u0110i\u1ec7n n\u0103ng:<\/strong>\u00a0380V<\/li>\n<li><strong>K\u00edch th\u01b0\u1edbc\u00a0 (D * C * R):<\/strong>\u00a0264cm*333cm* 230cm<\/li>\n<li><strong>T\u00ednh n\u0103ng:<\/strong>\u00a0M\u00e1y b\u0103m nh\u1ecf c\u00e1c lo\u1ea1i nguy\u00ean li\u1ec7u nh\u01b0 c\u1ecf voi, th\u00e2n c\u00e2y ng\u00f4, c\u1ecf x\u1ea3, ng\u1ecdn m\u00eda, c\u00e2y c\u00e0 gai,\u2026 ph\u1ee5c v\u1ee5 cho ng\u00e0nh ch\u0103n nu\u00f4i.<\/li>\n<\/ul>\n","protected":false},"featured_media":10127,"comment_status":"closed","ping_status":"closed","template":"","meta":[],"product_brand":[],"product_cat":[40],"product_tag":[79,81,45,80],"class_list":{"0":"post-3595","1":"product","2":"type-product","3":"status-publish","4":"has-post-thumbnail","6":"product_cat-may-bam-co","7":"product_tag-may-bam-co","8":"product_tag-may-bam-co-6t","9":"product_tag-may-bam-co-binh-minh","10":"product_tag-may-bam-co-cong-nghiep","12":"first","13":"instock","14":"shipping-taxable","15":"product-type-simple"},"_links":{"self":[{"href":"https:\/\/congtybinhminh.com\/index.php?rest_route=\/wp\/v2\/product\/3595","targetHints":{"allow":["GET"]}}],"collection":[{"href":"https:\/\/congtybinhminh.com\/index.php?rest_route=\/wp\/v2\/product"}],"about":[{"href":"https:\/\/congtybinhminh.com\/index.php?rest_route=\/wp\/v2\/types\/product"}],"replies":[{"embeddable":true,"href":"https:\/\/congtybinhminh.com\/index.php?rest_route=%2Fwp%2Fv2%2Fcomments&post=3595"}],"wp:featuredmedia":[{"embeddable":true,"href":"https:\/\/congtybinhminh.com\/index.php?rest_route=\/wp\/v2\/media\/10127"}],"wp:attachment":[{"href":"https:\/\/congtybinhminh.com\/index.php?rest_route=%2Fwp%2Fv2%2Fmedia&parent=3595"}],"wp:term":[{"taxonomy":"product_brand","embeddable":true,"href":"https:\/\/congtybinhminh.com\/index.php?rest_route=%2Fwp%2Fv2%2Fproduct_brand&post=3595"},{"taxonomy":"product_cat","embeddable":true,"href":"https:\/\/congtybinhminh.com\/index.php?rest_route=%2Fwp%2Fv2%2Fproduct_cat&post=3595"},{"taxonomy":"product_tag","embeddable":true,"href":"https:\/\/congtybinhminh.com\/index.php?rest_route=%2Fwp%2Fv2%2Fproduct_tag&post=3595"}],"curies":[{"name":"wp","href":"https:\/\/api.w.org\/{rel}","templated":true}]}}