{"id":3522,"date":"2020-03-04T10:44:56","date_gmt":"2020-03-04T03:44:56","guid":{"rendered":"https:\/\/congtybinhminh.com\/?post_type=product&#038;p=3522"},"modified":"2024-11-20T14:01:28","modified_gmt":"2024-11-20T07:01:28","slug":"may-bam-chuoi-cong-nghiep-khong-bang-tai","status":"publish","type":"product","link":"https:\/\/congtybinhminh.com\/?product=may-bam-chuoi-cong-nghiep-khong-bang-tai","title":{"rendered":"M\u00e1y b\u0103m chu\u1ed1i c\u00f4ng nghi\u1ec7p"},"content":{"rendered":"<p><b>Gi\u1edbi thi\u1ec7u m\u00e1y b\u0103m chu\u1ed1i c\u00f4ng nghi\u1ec7p <\/b><\/p>\n<p><span style=\"color: #000000\">M\u00e1y b\u0103m chu\u1ed1i c\u00f4ng nghi\u1ec7p do c\u00f4ng ty B\u00ecnh Minh s\u1ea3n xu\u1ea5t &#8211; gi\u1ea3i ph\u00e1p t\u1ed1i \u01b0u cho c\u00e1c h\u1ed9 gia \u0111\u00ecnh, trang tr\u1ea1i ch\u0103n nu\u00f4i quy m\u00f4 v\u1eeba v\u00e0 l\u1edbn\u00a0<\/span><\/p>\n<p><img loading=\"lazy\" decoding=\"async\" class=\"aligncenter wp-image-10406 size-full\" src=\"https:\/\/congtybinhminh.com\/wp-content\/uploads\/2020\/03\/may-bam-chuoi-cong-nghiep_result222-1.webp\" alt=\"may-bam-chuoi-cong-nghiep_result222\" width=\"800\" height=\"1078\" srcset=\"https:\/\/congtybinhminh.com\/wp-content\/uploads\/2020\/03\/may-bam-chuoi-cong-nghiep_result222-1.webp 800w, https:\/\/congtybinhminh.com\/wp-content\/uploads\/2020\/03\/may-bam-chuoi-cong-nghiep_result222-1-297x400.webp 297w, https:\/\/congtybinhminh.com\/wp-content\/uploads\/2020\/03\/may-bam-chuoi-cong-nghiep_result222-1-594x800.webp 594w, https:\/\/congtybinhminh.com\/wp-content\/uploads\/2020\/03\/may-bam-chuoi-cong-nghiep_result222-1-768x1035.webp 768w, https:\/\/congtybinhminh.com\/wp-content\/uploads\/2020\/03\/may-bam-chuoi-cong-nghiep_result222-1-510x687.webp 510w\" sizes=\"auto, (max-width: 800px) 100vw, 800px\" \/><\/p>\n<p><span style=\"color: #000000\">V\u1edbi kh\u1ea3 n\u0103ng b\u0103m th\u00e2n c\u00e2y chu\u1ed1i \u0111\u01b0\u1eddng k\u00ednh l\u00ean t\u1edbi 30 cm v\u00e0 nhi\u1ec1u lo\u1ea1i nguy\u00ean li\u1ec7u kh\u00e1c. Chi\u1ebfc m\u00e1y gi\u00fap t\u0103ng c\u01b0\u1eddng n\u0103ng su\u1ea5t ch\u1ebf bi\u1ebfn th\u1ee9c \u0103n ch\u0103n nu\u00f4i m\u1ed9t c\u00e1ch hi\u1ec7u qu\u1ea3 v\u00e0 nhanh ch\u00f3ng<\/span><\/p>\n<h2><span style=\"color: #000000\"><b>C\u1ea5u t\u1ea1o m\u00e1y b\u0103m chu\u1ed1i c\u00f4ng nghi\u1ec7p\u00a0<\/b><\/span><\/h2>\n<p><span style=\"color: #000000\">Thu\u1ed9c d\u00f2ng m\u00e1y c\u00f4ng nghi\u1ec7p, v\u1edbi ph\u1ea7n k\u1ebft c\u1ea5u m\u00e1y \u0111\u01b0\u1ee3c h\u00e0n g\u1eafn ch\u1eafc ch\u1eafn kh\u00f4ng g\u00e2y rung l\u1eafc trong qu\u00e1 tr\u00ecnh b\u0103m<\/span><\/p>\n<p><img loading=\"lazy\" decoding=\"async\" class=\"aligncenter wp-image-10408 size-full\" src=\"https:\/\/congtybinhminh.com\/wp-content\/uploads\/2020\/03\/cau-tao-may-bam-chuoi-cong-nghiep-copy-2_result222.webp\" alt=\"cau-tao-may-bam-chuoi-cong-nghiep copy 2_result222\" width=\"800\" height=\"600\" srcset=\"https:\/\/congtybinhminh.com\/wp-content\/uploads\/2020\/03\/cau-tao-may-bam-chuoi-cong-nghiep-copy-2_result222.webp 800w, https:\/\/congtybinhminh.com\/wp-content\/uploads\/2020\/03\/cau-tao-may-bam-chuoi-cong-nghiep-copy-2_result222-533x400.webp 533w, https:\/\/congtybinhminh.com\/wp-content\/uploads\/2020\/03\/cau-tao-may-bam-chuoi-cong-nghiep-copy-2_result222-768x576.webp 768w, https:\/\/congtybinhminh.com\/wp-content\/uploads\/2020\/03\/cau-tao-may-bam-chuoi-cong-nghiep-copy-2_result222-510x383.webp 510w\" sizes=\"auto, (max-width: 800px) 100vw, 800px\" \/><\/p>\n<p><span style=\"color: #000000\">Ph\u00eda d\u01b0\u1edbi ch\u00e2n m\u00e1y l\u1eafp \u0111\u1eb7t 4 b\u00e1nh xe thu\u1eadn ti\u1ec7n di chuy\u1ec3n v\u1ecb tr\u00ed \u0111\u1eb7t m\u00e1y <\/span><\/p>\n<p><span style=\"color: #000000\">Ph\u1ea7n toa n\u1ea1p \u0111\u01b0\u1ee3c thi\u1ebft k\u1ebf l\u1edbn v\u1edbi \u0111\u01b0\u1eddng k\u00ednh kho\u1ea3ng 32cm. Qua \u0111\u00f3, m\u00e1y c\u00f3 th\u1ec3 b\u0103m nguy\u00ean c\u00e2y chu\u1ed1i l\u1edbn<\/span><\/p>\n<p><img loading=\"lazy\" decoding=\"async\" class=\"aligncenter wp-image-10409 size-full\" src=\"https:\/\/congtybinhminh.com\/wp-content\/uploads\/2020\/03\/toa-nap-may-bam-chuoi_result222.webp\" alt=\"toa-nap-may-bam-chuoi_result222\" width=\"800\" height=\"600\" srcset=\"https:\/\/congtybinhminh.com\/wp-content\/uploads\/2020\/03\/toa-nap-may-bam-chuoi_result222.webp 800w, https:\/\/congtybinhminh.com\/wp-content\/uploads\/2020\/03\/toa-nap-may-bam-chuoi_result222-533x400.webp 533w, https:\/\/congtybinhminh.com\/wp-content\/uploads\/2020\/03\/toa-nap-may-bam-chuoi_result222-768x576.webp 768w, https:\/\/congtybinhminh.com\/wp-content\/uploads\/2020\/03\/toa-nap-may-bam-chuoi_result222-510x383.webp 510w\" sizes=\"auto, (max-width: 800px) 100vw, 800px\" \/><\/p>\n<p><span style=\"color: #000000\">\u0110\u1eb7c bi\u1ec7t h\u01a1n, tr\u01b0\u1edbc c\u1eeda n\u1ea1p m\u00e1y \u0111\u01b0\u1ee3c thi\u1ebft k\u1ebf 2 con l\u0103n tr\u01b0\u1ee3t g\u00f3p ph\u1ea7n thu\u1eadn ti\u1ec7n \u0111\u01b0a nguy\u00ean li\u1ec7u v\u00e0o bu\u1ed3ng b\u0103m<\/span><\/p>\n<p><span style=\"color: #000000\">B\u00ean trong bu\u1ed3ng dao b\u0103m chu\u1ed1i g\u1ed3m 4 l\u01b0\u1ee1i dao d\u00e0y thi\u1ebft k\u1ebf k\u1ebft h\u1ee3p v\u1edbi 22 dao b\u0103m nh\u1ecf s\u1ebd ho\u1ea1t \u0111\u1ed9ng b\u0103m nh\u1ecf nguy\u00ean li\u1ec7u v\u00e0 \u0111\u1ea9y th\u00e0nh ph\u1ea9m ra ngo\u00e0i c\u1eeda x\u1ea3<\/span><\/p>\n<p><img loading=\"lazy\" decoding=\"async\" class=\"aligncenter wp-image-10413 size-full\" src=\"https:\/\/congtybinhminh.com\/wp-content\/uploads\/2020\/03\/luoi-dao-bam-chuoi_result222.webp\" alt=\"luoi-dao-bam-chuoi_result222\" width=\"800\" height=\"1102\" srcset=\"https:\/\/congtybinhminh.com\/wp-content\/uploads\/2020\/03\/luoi-dao-bam-chuoi_result222.webp 800w, https:\/\/congtybinhminh.com\/wp-content\/uploads\/2020\/03\/luoi-dao-bam-chuoi_result222-290x400.webp 290w, https:\/\/congtybinhminh.com\/wp-content\/uploads\/2020\/03\/luoi-dao-bam-chuoi_result222-581x800.webp 581w, https:\/\/congtybinhminh.com\/wp-content\/uploads\/2020\/03\/luoi-dao-bam-chuoi_result222-768x1058.webp 768w, https:\/\/congtybinhminh.com\/wp-content\/uploads\/2020\/03\/luoi-dao-bam-chuoi_result222-510x703.webp 510w\" sizes=\"auto, (max-width: 800px) 100vw, 800px\" \/><\/p>\n<p><span style=\"color: #000000\">Ph\u1ea7n c\u1eeda x\u1ea3 m\u00e1y c\u00f3 n\u1eafp ch\u1eafn \u0111\u1ec3 ch\u1ec9nh h\u01b0\u1edbng linh ho\u1ea1t:<\/span><\/p>\n<p><img loading=\"lazy\" decoding=\"async\" class=\"aligncenter wp-image-10412 size-full\" src=\"https:\/\/congtybinhminh.com\/wp-content\/uploads\/2020\/03\/cua-xa-thanh-pham_result222-2.webp\" alt=\"cua-xa-thanh-pham_result222\" width=\"800\" height=\"410\" srcset=\"https:\/\/congtybinhminh.com\/wp-content\/uploads\/2020\/03\/cua-xa-thanh-pham_result222-2.webp 800w, https:\/\/congtybinhminh.com\/wp-content\/uploads\/2020\/03\/cua-xa-thanh-pham_result222-2-780x400.webp 780w, https:\/\/congtybinhminh.com\/wp-content\/uploads\/2020\/03\/cua-xa-thanh-pham_result222-2-768x394.webp 768w, https:\/\/congtybinhminh.com\/wp-content\/uploads\/2020\/03\/cua-xa-thanh-pham_result222-2-510x261.webp 510w\" sizes=\"auto, (max-width: 800px) 100vw, 800px\" \/><\/p>\n<ul>\n<li><span style=\"color: #000000\">G\u1eadp t\u1ea5m ch\u1eafn n\u1ebfu mu\u1ed1n th\u00e0nh ph\u1ea9m phun g\u1ea7n<\/span><\/li>\n<li>N\u00e2ng t\u1ea5m ch\u1eafn n\u1ebfu mu\u1ed1n th\u00e0nh ph\u1ea9m phun xa<\/li>\n<\/ul>\n<p><span style=\"color: #000000\">M\u00e1y b\u0103m chu\u1ed1i 3 pha s\u1eed d\u1ee5ng \u0111\u1ed9ng c\u01a1 7,5kw motor l\u00f5i d\u00e2y \u0111\u1ed3ng 100% cho n\u0103ng su\u1ea5t \u0111\u1ea1t t\u1eeb 3 &#8211; 4 t\u1ea5n\/gi\u1edd\u00a0<\/span><\/p>\n<h2><span style=\"color: #000000\"><b>M\u00e1y b\u0103m \u0111\u01b0\u1ee3c c\u1ea3 c\u00e2y chu\u1ed1i kh\u00f4ng\u00a0<\/b><\/span><\/h2>\n<p><span style=\"color: #000000\">M\u00e1y c\u00f3 th\u1ec3 b\u0103m \u0111\u01b0\u1ee3c c\u1ea3 c\u00e2y chu\u1ed1i c\u00f3 \u0111\u01b0\u1eddng k\u00ednh 30cm tr\u1edf l\u1ea1i. C\u00f2n \u0111\u1ed1i v\u1edbi nh\u1eefng c\u00e2y chu\u1ed1i c\u00f3 \u0111\u01b0\u1eddng k\u00ednh l\u1edbn h\u01a1n, ng\u01b0\u1eddi d\u00f9ng c\u00f3 th\u1ec3 b\u00f3c b\u1edbt b\u1eb9 l\u1ef1a mi\u1ec7ng toa l\u00e0 \u0111\u01b0\u1ee3c\u00a0<\/span><\/p>\n<p><img loading=\"lazy\" decoding=\"async\" class=\"aligncenter wp-image-10410 size-full\" src=\"https:\/\/congtybinhminh.com\/wp-content\/uploads\/2020\/03\/bam-chuoi-cho-lon_result222.webp\" alt=\"bam-chuoi-cho-lon_result222\" width=\"800\" height=\"450\" srcset=\"https:\/\/congtybinhminh.com\/wp-content\/uploads\/2020\/03\/bam-chuoi-cho-lon_result222.webp 800w, https:\/\/congtybinhminh.com\/wp-content\/uploads\/2020\/03\/bam-chuoi-cho-lon_result222-711x400.webp 711w, https:\/\/congtybinhminh.com\/wp-content\/uploads\/2020\/03\/bam-chuoi-cho-lon_result222-768x432.webp 768w, https:\/\/congtybinhminh.com\/wp-content\/uploads\/2020\/03\/bam-chuoi-cho-lon_result222-510x287.webp 510w\" sizes=\"auto, (max-width: 800px) 100vw, 800px\" \/><\/p>\n<h2><span style=\"color: #000000\"><b>M\u00e1y b\u0103m chu\u1ed1i l\u1eafp \u0111\u1ea7u n\u1ed5 \u0111\u01b0\u1ee3c kh\u00f4ng ?\u00a0<\/b><\/span><\/h2>\n<p><span style=\"color: #000000\">Hi\u1ec7n c\u00f4ng ty c\u00f3 phi\u00ean b\u1ea3n m\u00e1y b\u0103m chu\u1ed1i l\u1eafp \u0111\u1ea7u n\u1ed5 v\u00e0 b\u0103ng t\u1ea3i \u0111\u01b0a nguy\u00ean li\u1ec7u v\u00e0o b\u0103m t\u1ef1 \u0111\u1ed9ng<\/span><\/p>\n<p><img loading=\"lazy\" decoding=\"async\" class=\"aligncenter wp-image-10411 size-full\" src=\"https:\/\/congtybinhminh.com\/wp-content\/uploads\/2020\/03\/may-bam-chuoi-lap-dau-no_result222.webp\" alt=\"may-bam-chuoi-lap-dau-no_result222\" width=\"800\" height=\"600\" srcset=\"https:\/\/congtybinhminh.com\/wp-content\/uploads\/2020\/03\/may-bam-chuoi-lap-dau-no_result222.webp 800w, https:\/\/congtybinhminh.com\/wp-content\/uploads\/2020\/03\/may-bam-chuoi-lap-dau-no_result222-533x400.webp 533w, https:\/\/congtybinhminh.com\/wp-content\/uploads\/2020\/03\/may-bam-chuoi-lap-dau-no_result222-768x576.webp 768w, https:\/\/congtybinhminh.com\/wp-content\/uploads\/2020\/03\/may-bam-chuoi-lap-dau-no_result222-510x383.webp 510w\" sizes=\"auto, (max-width: 800px) 100vw, 800px\" \/><\/p>\n<p><span style=\"color: #000000\">Do \u0111\u00f3, nh\u1eefng h\u1ed9 \u0111i\u1ec7n y\u1ebfu ho\u1eb7c \u0111i\u1ec7n kh\u00f4ng \u0111\u1ee7 t\u1ea3i v\u1eabn c\u00f3 th\u1ec3 ch\u1ea1y m\u00e1y m\u00e0 v\u1eabn \u0111\u1ea3m b\u1ea3o n\u0103ng su\u1ea5t<\/span><\/p>\n<p><strong style=\"color: #000000;font-size: 23.04px\">H\u01b0\u1edbng d\u1eabn s\u1eed d\u1ee5ng m\u00e1y b\u0103m chu\u1ed1i c\u00f4ng nghi\u1ec7p\u00a0<\/strong><\/p>\n<p><span style=\"color: #000000\"><strong>1<\/strong>. Ki\u1ec3m tra m\u00e1y, ki\u1ec3m tra ngu\u1ed3n \u0111i\u1ec7n sao cho \u1ed5n \u0111\u1ecbnh b\u1eb1ng c\u00e1ch c\u1eafm \u0111i\u1ec7n ch\u1ea1y th\u1eed kh\u00f4ng t\u1ea3i nguy\u00ean li\u1ec7u xem bu\u1ed3ng ho\u1ea1t \u0111\u1ed9ng \u0111\u00e3 ho\u1ea1t \u0111\u1ed9ng \u1ed5n \u0111\u1ecbnh ch\u01b0a.<\/span><\/p>\n<p><span style=\"color: #000000\"><strong>2<\/strong>. Khi \u0111\u01b0a nguy\u00ean li\u1ec7u v\u00e0o toa n\u1ea1p ng\u01b0\u1eddi d\u00f9ng \u0111\u1ee9ng \u1edf m\u1ed9t kho\u1ea3ng c\u00e1ch nh\u1ea5t \u0111\u1ecbnh v\u00e0 l\u1ea5y l\u1ef1c \u0111\u1ea9y nguy\u00ean li\u1ec7u v\u00e0o toa n\u1ea1p ( kh\u00f4ng n\u00ean \u0111\u1ee9ng g\u1ea7n toa n\u1ea1p khi m\u00e1y \u0111ang ho\u1ea1t \u0111\u1ed9ng \u0111\u1ec3 \u0111\u1ea3m b\u1ea3o an to\u00e0n khi s\u1eed d\u1ee5ng )<\/span><\/p>\n<p><span style=\"color: #000000\"><strong>3<\/strong>. Khi m\u00e1y \u0111\u00e3 b\u0103m xong, ng\u1eaft ngu\u1ed3n \u0111i\u1ec7n \u0111\u1ec3 m\u00e1y ng\u1eebng ho\u1ea1t \u0111\u1ed9ng kh\u00f4ng h\u1ea1i motor, r\u1ed3i b\u00e0 con ki\u1ec3m tra th\u00e0nh ph\u1ea9m sau khi b\u0103m<\/span><\/p>\n<p><span style=\"color: #000000\"><strong>4<\/strong>. Khi \u0111\u00e3 s\u1eed d\u1ee5ng xong m\u00e1y, n\u00ean v\u1ec7 sinh s\u1ea1ch s\u1ebd m\u00e1y b\u1eb1ng c\u00e1ch c\u1ecd r\u1eeda b\u1eb1ng n\u01b0\u1edbc, sau \u0111\u00f3 b\u00e0 con mang ph\u01a1i kh\u00f4 \u0111\u1ec3 tr\u00e1nh axit trong rau, c\u1ecf, c\u00e2y chu\u00f4i,\u2026l\u00e0m r\u1ec9 s\u00e9t m\u00e1y.\u00a0(Trong c\u00f4ng \u0111o\u1ea1n\u00a0 v\u1ec7 xinh m\u00e1y c\u1ea7n b\u1ecdc motor b\u1eb1ng ni-l\u00f4ng \u0111\u1ec3 tr\u00e1nh n\u01b0\u1edbc v\u0103ng v\u00e0o l\u00e0m h\u1ecfng motor ).<\/span><\/p>\n<p><span style=\"color: #000000\">Ngo\u00e0i ra b\u00e0 con c\u00f3 th\u1ec3 tham kh\u1ea3o phi\u00ean b\u1ea3n m\u00e1y b\u0103m chu\u1ed1i \u0111a n\u0103ng s\u1eed d\u1ee5ng \u0111i\u1ec7n d\u00e2n d\u1ee5ng gia \u0111\u00ecnh 220V<\/span> <a href=\"https:\/\/congtybinhminh.com\/sp\/may-bam-chuoi-da-nang\/\"><span style=\"color: #ed1c24\">t\u1ea1i \u0111\u00e2y<\/span><\/a><\/p>\n<p><img loading=\"lazy\" decoding=\"async\" class=\"size-full wp-image-3487 aligncenter\" src=\"https:\/\/congtybinhminh.com\/wp-content\/uploads\/2020\/03\/may-bam-chuoi-2.jpg\" alt=\"may-bam-chuoi-2\" width=\"800\" height=\"600\" srcset=\"https:\/\/congtybinhminh.com\/wp-content\/uploads\/2020\/03\/may-bam-chuoi-2.jpg 800w, https:\/\/congtybinhminh.com\/wp-content\/uploads\/2020\/03\/may-bam-chuoi-2-510x383.jpg 510w, https:\/\/congtybinhminh.com\/wp-content\/uploads\/2020\/03\/may-bam-chuoi-2-533x400.jpg 533w, https:\/\/congtybinhminh.com\/wp-content\/uploads\/2020\/03\/may-bam-chuoi-2-768x576.jpg 768w\" sizes=\"auto, (max-width: 800px) 100vw, 800px\" \/><\/p>\n<h2><span id=\"Cam_ket_ve_gia_va_Chinh_sach_bao_hanh\" class=\"ez-toc-section\" style=\"color: #000000\"><strong>Cam k\u1ebft v\u1ec1 gi\u00e1 v\u00e0 Ch\u00ednh s\u00e1ch b\u1ea3o h\u00e0nh<\/strong>:<\/span><\/h2>\n<ul>\n<li><span style=\"color: #000000\">M\u00e1y do c\u00f4ng ty tr\u1ef1c ti\u1ebfp ch\u1ebf t\u1ea1o v\u00e0 s\u1ea3n xu\u1ea5t t\u1ea1i x\u01b0\u1edfng, kh\u00f4ng qua trung gian. Gi\u00e1 th\u00e0nh \u0111\u1ea3m b\u1ea3o gi\u00e1 r\u1ebb nh\u1ea5t, ch\u1ea5t l\u01b0\u1ee3ng t\u1ed1t nh\u1ea5t, b\u1ea3o h\u00e0nh thu\u1eadn ti\u1ec7n nh\u1ea5t.<\/span><\/li>\n<li><span style=\"color: #000000\">\u0110\u1ed9i ng\u0169 k\u1ef9 thu\u1eadt c\u00f3 tr\u00ecnh \u0111\u1ed9 chuy\u00ean m\u00f4n cao, s\u1eb5n s\u00e0ng h\u1ed7 tr\u1ee3 k\u1ef9 thu\u1eadt t\u1eadn t\u00ecnh v\u00e0 tr\u1ecdn \u0111\u1eddi.<\/span><\/li>\n<li><span style=\"color: #000000\">B\u1ea3o h\u00e0nh t\u1ea1i c\u00f4ng ty 6 th\u00e1ng cho tr\u01b0\u1eddng h\u1ee3p m\u00e1y l\u1ed7i k\u1ef9 thu\u1eadt do c\u00f4ng ty s\u1ea3n xu\u1ea5t. H\u1ebft th\u1eddi gian n\u00e0y t\u01b0 v\u1ea5n k\u1ef9 thu\u1eadt tr\u1ecdn \u0111\u1eddi s\u1ea3n ph\u1ea9m<\/span><\/li>\n<\/ul>\n<h2><span id=\"Huong_dan_mua_hang\" class=\"ez-toc-section\" style=\"color: #000000\"><strong>H\u01b0\u1edbng d\u1eabn mua h\u00e0ng<\/strong><\/span><\/h2>\n<p><span style=\"color: #000000\">Kh\u00e1ch h\u00e0ng \u0111\u1ebfn c\u00f4ng ty mua m\u00e1y v\u00e0 thanh to\u00e1n tr\u1ef1c ti\u1ebfp b\u1eb1ng ti\u1ec1n m\u1eb7t.<\/span><\/p>\n<p><span style=\"color: #000000\">\u0110\u1ed1i v\u1edbi nh\u1eefng kh\u00e1ch h\u00e0ng \u1edf xa, C\u00f4ng ty s\u1ebd h\u01b0\u1edbng d\u1eabn mua h\u00e0ng v\u00e0 h\u1ed7 tr\u1ee3 giao h\u00e0ng to\u00e0n qu\u1ed1c. Qu\u00fd kh\u00e1ch vui l\u00f2ng chuy\u1ec3n kho\u1ea3n \u0111\u1eb7t c\u1ecdc, s\u1ed1 ti\u1ec1n m\u00e1y c\u00f2n l\u1ea1i s\u1ebd thanh to\u00e1n tr\u1ef1c ti\u1ebfp cho \u0111\u01a1n v\u1ecb v\u1eadn chuy\u1ec3n.<\/span><\/p>\n<p><span style=\"color: #000000\">M\u1eddi qu\u00fd kh\u00e1ch tham kh\u1ea3o h\u01b0\u1edbng d\u1eabn \u0111\u1eb7t h\u00e0ng v\u00e0 thanh to\u00e1n t\u1ea1i \u0111\u00e2y<\/span><\/p>\n<p><span style=\"color: #000000\">\u0110\u1ec3 \u0111\u01b0\u1ee3c cung c\u1ea5p th\u00eam th\u00f4ng tin v\u1ec1 c\u00e1c d\u00f2ng s\u1ea3n ph\u1ea9m c\u1ee7a c\u00f4ng ty B\u00ecnh Minh, k\u00ednh m\u1eddi Qu\u00fd kh\u00e1ch li\u00ean h\u1ec7:<\/span><\/p>\n<p><span style=\"color: #000000\"><strong>C\u00d4NG TY TNHH D\u1ecaCH V\u1ee4 V\u00c0 S\u1ea2N XU\u1ea4T TH\u01af\u01a0NG M\u1ea0I XU\u1ea4T NH\u1eacP KH\u1ea8U B\u00ccNH MINH<\/strong><\/span><\/p>\n<p><span style=\"color: #000000\"><strong>\u0110\u1ecba ch\u1ec9:<\/strong>\u00a0S\u1ed1 249, Ph\u1ed1 L\u00ea L\u1ee3i \u2013 Ph\u01b0\u1eddng L\u00ea L\u1ee3i \u2013 Th\u1ecb x\u00e3 S\u01a1n T\u00e2y \u2013 Th\u00e0nh ph\u1ed1 H\u00e0 N\u1ed9i<\/span><\/p>\n<p><span style=\"color: #000000\"><strong>Hotline:\u00a0<span style=\"color: #ed1c24\">0888.01.8822 <span style=\"color: #000000\">.<\/span> <span style=\"color: #0000ff\">0941.62.4466<\/span><\/span><\/strong><\/span><\/p>\n","protected":false},"excerpt":{"rendered":"<p><span style=\"color: #000000\"><strong><span style=\"color: #ed1c24\">T\u00ednh n\u0103ng<\/span>:<\/strong>\u00a0<em>B\u0103m nhuy\u1ec5n c\u00e1c lo\u1ea1i nguy\u00ean li\u1ec7u nh\u01b0 th\u00e2n c\u00e2y chu\u1ed1i, c\u1ecf voi, b\u00e8o t\u00e2y, th\u00e2n c\u00e2y ng\u00f4,\u2026 cho n\u0103ng su\u1ea5t hi\u1ec7u qu\u1ea3 cao.<\/em><\/span><\/p>\n<p><span style=\"color: #000000\"><strong><span style=\"color: #ed1c24\">N\u0103ng su\u1ea5t<\/span>:\u00a0<\/strong>4000 kg\/gi\u1edd<\/span><\/p>\n<p><span style=\"color: #000000\"><strong><span style=\"color: #ed1c24\">T\u1ed1c \u0111\u1ed9<\/span>:<\/strong>\u00a01450 v\u00f2ng\/ph\u00fat<\/span><\/p>\n<p><span style=\"color: #000000\"><strong><span style=\"color: #ed1c24\">\u0110\u1ed9ng c\u01a1<\/span>:<\/strong>\u00a05,5 \u2013 7,5kW<\/span><\/p>\n<p><span style=\"color: #000000\"><strong><span style=\"color: #ed1c24\">\u0110i\u1ec7n n\u0103ng<\/span>:<\/strong>\u00a0380V (3 pha)<\/span><\/p>\n<p><span style=\"color: #000000\"><strong><span style=\"color: #ed1c24\">Tr\u1ecdng l\u01b0\u1ee3ng<\/span>:\u00a0<\/strong>71 kg<\/span><\/p>\n<p><span style=\"color: #000000\"><strong><span style=\"color: #ed1c24\">S\u1ea3n xu\u1ea5t<\/span>:<\/strong>\u00a0<em>B\u00ecnh Minh<\/em><\/span><\/p>\n","protected":false},"featured_media":10405,"comment_status":"closed","ping_status":"closed","template":"","meta":[],"product_brand":[],"product_cat":[33],"product_tag":[34,36,35],"class_list":{"0":"post-3522","1":"product","2":"type-product","3":"status-publish","4":"has-post-thumbnail","6":"product_cat-may-bam-chuoi-da-nang","7":"product_tag-may-bam-chuoi-cong-nghiep","8":"product_tag-may-bam-chuoi-gia-re-chinh-hang-bao-hanh-tot","9":"product_tag-may-bam-chuoi-su-dung-o-trang-trai","11":"first","12":"instock","13":"shipping-taxable","14":"product-type-simple"},"_links":{"self":[{"href":"https:\/\/congtybinhminh.com\/index.php?rest_route=\/wp\/v2\/product\/3522","targetHints":{"allow":["GET"]}}],"collection":[{"href":"https:\/\/congtybinhminh.com\/index.php?rest_route=\/wp\/v2\/product"}],"about":[{"href":"https:\/\/congtybinhminh.com\/index.php?rest_route=\/wp\/v2\/types\/product"}],"replies":[{"embeddable":true,"href":"https:\/\/congtybinhminh.com\/index.php?rest_route=%2Fwp%2Fv2%2Fcomments&post=3522"}],"wp:featuredmedia":[{"embeddable":true,"href":"https:\/\/congtybinhminh.com\/index.php?rest_route=\/wp\/v2\/media\/10405"}],"wp:attachment":[{"href":"https:\/\/congtybinhminh.com\/index.php?rest_route=%2Fwp%2Fv2%2Fmedia&parent=3522"}],"wp:term":[{"taxonomy":"product_brand","embeddable":true,"href":"https:\/\/congtybinhminh.com\/index.php?rest_route=%2Fwp%2Fv2%2Fproduct_brand&post=3522"},{"taxonomy":"product_cat","embeddable":true,"href":"https:\/\/congtybinhminh.com\/index.php?rest_route=%2Fwp%2Fv2%2Fproduct_cat&post=3522"},{"taxonomy":"product_tag","embeddable":true,"href":"https:\/\/congtybinhminh.com\/index.php?rest_route=%2Fwp%2Fv2%2Fproduct_tag&post=3522"}],"curies":[{"name":"wp","href":"https:\/\/api.w.org\/{rel}","templated":true}]}}