{"id":3476,"date":"2020-03-03T15:20:48","date_gmt":"2020-03-03T08:20:48","guid":{"rendered":"https:\/\/congtybinhminh.com\/?post_type=product&#038;p=3476"},"modified":"2022-09-06T14:48:50","modified_gmt":"2022-09-06T07:48:50","slug":"may-bam-co-binh-minh","status":"publish","type":"product","link":"https:\/\/congtybinhminh.com\/?product=may-bam-co-binh-minh","title":{"rendered":"M\u00e1y B\u0103m C\u1ecf B\u00ecnh Minh"},"content":{"rendered":"<h2><span style=\"color: #000000;\"><em><strong>I. Gi\u1edbi thi\u1ec7u chung v\u1ec1 m\u00e1y b\u0103m c\u1ecf B\u00ecnh Minh<\/strong><\/em><\/span><\/h2>\n<p><span style=\"color: #000000;\">Hi\u1ec7n nay ng\u00e0nh n\u00f4ng nghi\u1ec7p, ch\u0103n nu\u00f4i c\u0169ng \u0111\u00e3 v\u00e0 \u0111ang \u0111\u01b0\u1ee3c \u0111\u1ea7u t\u01b0 kh\u00f4ng k\u00e9m c\u1ea1nh v\u1ec1 k\u1ef9 thu\u1eadt, m\u00e1y m\u00f3c h\u1ed7 tr\u1ee3 b\u00e0 con n\u00f4ng d\u00e2n t\u0103ng gia s\u1ea3n xu\u1ea5t , ch\u0103n nu\u00f4i. \u0110\u1eb7c bi\u1ec7t h\u01a1n l\u00e0 c\u00f3 r\u1ea5t nhi\u1ec1u d\u00f2ng m\u00e1y \u0111\u00e3 ra \u0111\u1eddi v\u1edbi nh\u1eefng ti\u1ec7n \u00edch kh\u00e1c nhau trong ng\u00e0nh ch\u0103n nu\u00f4i v\u00e0 d\u00f2ng m\u00e1y b\u0103m c\u1ecf c\u0169ng \u0111\u00f3ng g\u00f3p vai tr\u00f2 v\u00f4 c\u00f9ng quan tr\u1ecdng trong vi\u1ec7c t\u1ea1o ngu\u1ed3n th\u1ee9c \u0103n dinh d\u01b0\u1ee1ng d\u00e0nh cho v\u1eadt nu\u00f4i.<img loading=\"lazy\" decoding=\"async\" class=\"aligncenter size-full wp-image-3494\" src=\"https:\/\/congtybinhminh.com\/wp-content\/uploads\/2020\/03\/may-bam-co-6t-2.jpg\" alt=\"may-bam-co-6t-2\" width=\"800\" height=\"600\" srcset=\"https:\/\/congtybinhminh.com\/wp-content\/uploads\/2020\/03\/may-bam-co-6t-2.jpg 800w, https:\/\/congtybinhminh.com\/wp-content\/uploads\/2020\/03\/may-bam-co-6t-2-510x383.jpg 510w, https:\/\/congtybinhminh.com\/wp-content\/uploads\/2020\/03\/may-bam-co-6t-2-533x400.jpg 533w, https:\/\/congtybinhminh.com\/wp-content\/uploads\/2020\/03\/may-bam-co-6t-2-768x576.jpg 768w\" sizes=\"auto, (max-width: 800px) 100vw, 800px\" \/><\/span><\/p>\n<p><span style=\"color: #000000;\">C\u00f4ng ty B\u00ecnh Minh chuy\u00ean s\u1ea3n xu\u1ea5t ra c\u00e1c lo\u1ea1i m\u00e1y b\u0103m c\u1ecf ph\u00f9 h\u1ee3p theo t\u1eebng nhu c\u1ea7u ch\u0103n nu\u00f4i t\u1eeb \u00edt \u0111\u1ebfn nhi\u1ec1u, t\u1eeb quy m\u00f4 gia \u0111\u00ecnh, \u0111\u1ebfn quy m\u00f4 trang tr\u1ea1i l\u1edbn. Gi\u00fap b\u00e0 con r\u00fat ng\u1eafn c\u00f4ng \u0111o\u1ea1n ch\u1ebf bi\u1ebfn th\u1ee9c \u0103n ch\u0103n nu\u00f4i, t\u0103ng l\u00e3i su\u1ea5t t\u1ed1i \u0111a. V\u1edbi 6 phi\u00ean b\u1ea3n c\u00f3 n\u0103ng su\u1ea5t t\u1eeb v\u00e0i tr\u0103m \u0111\u1ebfn v\u00e0i t\u1ea5n tr\u00ean 1 gi\u1edd, hy v\u1ecdng b\u00e0 con ch\u0103n nu\u00f4i s\u1ebd c\u00f3 l\u1ef1a ch\u1ecdn h\u1ee3p l\u00fd ph\u00f9 h\u1ee3p v\u1edbi \u0111i\u1ec1u ki\u1ec7n kinh t\u1ebf c\u1ee7a gia \u0111\u00ecnh.<\/span><\/p>\n<h2><span style=\"color: #000000;\"><em><strong>II. T\u1ed5ng h\u1ee3p c\u00e1c d\u00f2ng m\u00e1y b\u0103m c\u1ecf B\u00ecnh Minh<\/strong><\/em><\/span><\/h2>\n<h3><span style=\"color: #000000;\"><strong>1. M\u00e1y b\u0103m chu\u1ed1i \u0111a n\u0103ng (Ngu\u1ed3n \u0111i\u1ec7n gia \u0111\u00ecnh 220V)<img loading=\"lazy\" decoding=\"async\" class=\"aligncenter size-full wp-image-3487\" src=\"https:\/\/congtybinhminh.com\/wp-content\/uploads\/2020\/03\/may-bam-chuoi-2.jpg\" alt=\"may-bam-chuoi-2\" width=\"800\" height=\"600\" srcset=\"https:\/\/congtybinhminh.com\/wp-content\/uploads\/2020\/03\/may-bam-chuoi-2.jpg 800w, https:\/\/congtybinhminh.com\/wp-content\/uploads\/2020\/03\/may-bam-chuoi-2-510x383.jpg 510w, https:\/\/congtybinhminh.com\/wp-content\/uploads\/2020\/03\/may-bam-chuoi-2-533x400.jpg 533w, https:\/\/congtybinhminh.com\/wp-content\/uploads\/2020\/03\/may-bam-chuoi-2-768x576.jpg 768w\" sizes=\"auto, (max-width: 800px) 100vw, 800px\" \/><\/strong><\/span><\/h3>\n<p><span style=\"color: #000000;\"><span style=\"color: #ed1c24;\"><a style=\"color: #ed1c24;\" href=\"https:\/\/congtybinhminh.com\/sp\/may-bam-chuoi-da-nang\/\">M\u00e1y b\u0103m chu\u1ed1i \u0111a n\u0103ng<\/a> <\/span>c\u00f3 ch\u1ee9c n\u0103ng b\u0103m nh\u1ecf, nhuy\u1ec5n c\u00e1c lo\u1ea1i nguy\u00ean li\u1ec7u nh\u01b0: th\u00e2n c\u00e2y chu\u1ed1i l\u1edbn, b\u00e8o t\u00e2y, c\u1ecf voi, rau, c\u1ee7, qu\u1ea3,\u2026 v\u00e0 nhi\u1ec1u nguy\u00ean li\u1ec7u rau, c\u1ecf kh\u00e1c ph\u1ee5c v\u1ee5 ph\u00f9 h\u1ee3p l\u00e0m th\u1ee9c \u0103n cho m\u1ecdi lo\u1ea1i v\u1eadt nu\u00f4i.<\/span><\/p>\n<p><span style=\"color: #000000;\">H\u1ec7 th\u1ed1ng dao g\u1ed3m 1 dao to 2 l\u01b0\u1ee1i b\u1eb1ng th\u00e9p v\u00e0 14 dao nh\u1ecf b\u1eb1ng inox. Trong th\u1eddi gian 20 gi\u00e2y m\u00e1y c\u00f3 th\u1ec3 b\u0103m nhuy\u1ec5n nguy\u00ean m\u1ed9t th\u00e2n c\u00e2y chu\u1ed1i l\u1edbn v\u1edbi \u0111\u01b0\u1eddng k\u00ednh 17cm v\u1edbi th\u1eddi gian ng\u1eafn, t\u1ea1o ra hi\u1ec7u qu\u1ea3 n\u0103ng su\u1ea5t c\u1ef1c l\u1edbn.<img loading=\"lazy\" decoding=\"async\" class=\"aligncenter size-full wp-image-3486\" src=\"https:\/\/congtybinhminh.com\/wp-content\/uploads\/2020\/03\/may-bam-chuoi.jpg\" alt=\"may-bam-chuoi\" width=\"800\" height=\"600\" srcset=\"https:\/\/congtybinhminh.com\/wp-content\/uploads\/2020\/03\/may-bam-chuoi.jpg 800w, https:\/\/congtybinhminh.com\/wp-content\/uploads\/2020\/03\/may-bam-chuoi-510x383.jpg 510w, https:\/\/congtybinhminh.com\/wp-content\/uploads\/2020\/03\/may-bam-chuoi-533x400.jpg 533w, https:\/\/congtybinhminh.com\/wp-content\/uploads\/2020\/03\/may-bam-chuoi-768x576.jpg 768w\" sizes=\"auto, (max-width: 800px) 100vw, 800px\" \/><\/span><\/p>\n<h3><span style=\"color: #000000;\"><strong>2. M\u00e1y b\u0103m nghi\u1ec1n \u0111a n\u0103ng c\u1ed5 cao (Ngu\u1ed3n \u0111i\u1ec7n gia \u0111\u00ecnh 220V)<\/strong><\/span><\/h3>\n<p><span style=\"color: #000000;\"><span style=\"color: #ed1c24;\"><a style=\"color: #ed1c24;\" href=\"https:\/\/congtybinhminh.com\/sp\/may-bam-nghien-da-nang-co-cao\/\">M\u00e1y b\u0103m nghi\u1ec1n \u0111a n\u0103ng c\u1ed5 cao<\/a> <\/span>l\u00e0 m\u1ed9t trong nh\u1eefng d\u00f2ng m\u00e1y ch\u1ebf bi\u1ebfn th\u1ee9c \u0103n ch\u0103n nu\u00f4i. M\u00e1y \u0111\u01b0\u1ee3c thi\u1ebft k\u1ebf nh\u1ecf g\u1ecdn, c\u00f3 b\u00e1nh xe gi\u00fap m\u00e1y di chuy\u1ec3n d\u1ec5 d\u00e0ng, ph\u00f9 h\u1ee3p v\u1edbi m\u1ecdi kh\u00f4ng gian l\u1eafp \u0111\u1eb7t, m\u00e1y d\u1ec5 d\u00e0ng s\u1eed d\u1ee5ng v\u00e0 an to\u00e0n khi v\u1eadn h\u00e0nh m\u00e1y. M\u00e1y t\u00edch h\u1ee3p 2 ch\u1ee9c n\u0103ng trong c\u00f9ng 1 s\u1ea3n ph\u1ea9m:<\/span><\/p>\n<p><span style=\"color: #000000;\">-B\u0103m nh\u1ecf c\u00e1c lo\u1ea1i nguy\u00ean li\u1ec7u t\u01b0\u01a1i v\u00e0 kh\u00f4 nh\u01b0 c\u1ecf voi, c\u00e2y ng\u00f4, r\u01a1m kh\u00f4, s\u01a1 d\u1eeba, b\u00e3 m\u00eda,\u2026<\/span><\/p>\n<p><span style=\"color: #000000;\">-Nghi\u1ec1n ng\u00f4, khoai, s\u1eafn,\u2026th\u00e0nh d\u1ea1ng b\u1ed9t c\u00e1m.<img loading=\"lazy\" decoding=\"async\" class=\"aligncenter size-full wp-image-3489\" src=\"https:\/\/congtybinhminh.com\/wp-content\/uploads\/2020\/03\/may-bam-nghien-da-nang.jpg\" alt=\"may-bam-nghien-da-nang\" width=\"800\" height=\"600\" srcset=\"https:\/\/congtybinhminh.com\/wp-content\/uploads\/2020\/03\/may-bam-nghien-da-nang.jpg 800w, https:\/\/congtybinhminh.com\/wp-content\/uploads\/2020\/03\/may-bam-nghien-da-nang-510x383.jpg 510w, https:\/\/congtybinhminh.com\/wp-content\/uploads\/2020\/03\/may-bam-nghien-da-nang-533x400.jpg 533w, https:\/\/congtybinhminh.com\/wp-content\/uploads\/2020\/03\/may-bam-nghien-da-nang-768x576.jpg 768w\" sizes=\"auto, (max-width: 800px) 100vw, 800px\" \/><\/span><\/p>\n<h3><span style=\"color: #000000;\"><strong>3. M\u00e1y b\u0103m chu\u1ed1i c\u00f4ng nghi\u1ec7p (Ngu\u1ed3n \u0111i\u1ec7n 380V)<\/strong><\/span><\/h3>\n<p><span style=\"color: #000000;\">V\u1edbi t\u00ednh n\u0103ng b\u0103m nhuy\u1ec5n, nh\u1ecf nh\u1eefng nguy\u00ean li\u1ec7u nh\u01b0: th\u00e2n c\u00e2y chu\u1ed1i \u0111\u01b0\u1eddng k\u00ednh 28cm ho\u1eb7c c\u1ecf voi, th\u00e2n c\u00e2y ng\u00f4, rau,\u2026. c\u00f9ng nhi\u1ec1u lo\u1ea1i nguy\u00ean li\u1ec7u kh\u00e1c, <span style=\"color: #ed1c24;\"><a style=\"color: #ed1c24;\" href=\"https:\/\/maynongnghiepbinhminh.com\/san-pham\/may-bam-chuoi-cong-nghiep-2\/\">m\u00e1y b\u0103m chu\u1ed1i c\u00f4ng nghi\u1ec7p<\/a><\/span> cho hi\u1ec7u qu\u1ea3 trong th\u1eddi gian ng\u1eafn v\u00e0 n\u0103ng su\u1ea5t r\u1ea5t cao<\/span><\/p>\n<p><span style=\"color: #000000;\"><img loading=\"lazy\" decoding=\"async\" class=\"wp-image-3490 size-full aligncenter\" src=\"https:\/\/congtybinhminh.com\/wp-content\/uploads\/2020\/03\/may-bam-chuoi-khong-bang-tai.jpg\" alt=\"may-bam-chuoi-khong-bang-tai\" width=\"800\" height=\"600\" srcset=\"https:\/\/congtybinhminh.com\/wp-content\/uploads\/2020\/03\/may-bam-chuoi-khong-bang-tai.jpg 800w, https:\/\/congtybinhminh.com\/wp-content\/uploads\/2020\/03\/may-bam-chuoi-khong-bang-tai-510x383.jpg 510w, https:\/\/congtybinhminh.com\/wp-content\/uploads\/2020\/03\/may-bam-chuoi-khong-bang-tai-533x400.jpg 533w, https:\/\/congtybinhminh.com\/wp-content\/uploads\/2020\/03\/may-bam-chuoi-khong-bang-tai-768x576.jpg 768w\" sizes=\"auto, (max-width: 800px) 100vw, 800px\" \/><\/span><\/p>\n<p><span style=\"color: #000000;\">Bu\u1ed3ng l\u00e0m vi\u1ec7c \u0111\u01b0\u1ee3c ch\u1ebf t\u1ea1o v\u1edbi h\u1ec7 th\u1ed1ng dao b\u0103m g\u1ed3m: 4 dao to b\u1eb1ng ch\u1ea5t li\u1ec7u th\u00e9p r\u00e8n th\u00e1i l\u00e1t nguy\u00ean li\u1ec7u v\u00e0 28 dao nh\u1ecf l\u00e0m nhi\u1ec7m v\u1ee5 b\u0103m nhuy\u1ec5n nguy\u00ean li\u1ec7u.<\/span><\/p>\n<h3><span style=\"color: #000000;\"><strong>4. M\u00e1y b\u0103m chu\u1ed1i c\u00f4ng nghi\u1ec7p c\u00f3 b\u0103ng t\u1ea3i (Ngu\u1ed3n \u0111i\u1ec7n 380V)<\/strong><\/span><\/h3>\n<p><span style=\"color: #000000;\">\u0110\u01b0\u1ee3c thi\u1ebft k\u1ebf hi\u1ec7n \u0111\u1ea1i h\u01a1n v\u1edbi thi\u1ebft k\u1ebf h\u1ec7 th\u1ed1ng b\u0103ng t\u1ea3i g\u1ed3m 10 c\u1ee7 l\u0103n h\u1ed7 tr\u1ee3 ng\u01b0\u1eddi d\u00f9ng \u0111\u01b0a nguy\u00ean li\u1ec7u v\u00e0o bu\u1ed3ng l\u00e0m vi\u1ec7c m\u1ed9t c\u00e1ch nhanh ch\u00f3ng m\u00e0 kh\u00f4ng m\u1ea5t nhi\u1ec1u th\u1eddi gian, c\u00f4ng s\u1ee9c. H\u1ec7 th\u1ed1ng b\u0103ng t\u1ea3i c\u00f3 chi\u1ec1u d\u00e0i 150 cm v\u00e0 r\u1ed9ng 42,5 cm<\/span><\/p>\n<p><span style=\"color: #000000;\">Bu\u1ed3ng l\u00e0m vi\u1ec7c c\u1ee7a <span style=\"color: #ed1c24;\"><a style=\"color: #ed1c24;\" href=\"https:\/\/congtybinhminh.com\/sp\/may-bam-chuoi-cong-nghiep-co-bang-tai\/\">m\u00e1y b\u0103m chu\u1ed1i c\u00f4ng nghi\u1ec7p c\u00f3 b\u0103ng t\u1ea3i<\/a><\/span> c\u00f3 h\u1ec7 th\u1ed1ng dao b\u0103m g\u1ed3m 4 dao to v\u00e0 28 dao nh\u1ecf l\u00e0m b\u1eb1ng ch\u1ea5t li\u1ec7u th\u00e9p r\u00e8n n\u00ean r\u1ea5t s\u1eafc b\u00e9n, b\u1ec1n v\u00e0 ch\u1eafc ch\u1eafn.<\/span><\/p>\n<p><span style=\"color: #000000;\">Khi nguy\u00ean li\u1ec7u \u0111\u01b0\u1ee3c h\u1ec7 th\u1ed1ng t\u1ea3i \u0111\u01b0a v\u00e0o bu\u1ed3ng l\u00e0m vi\u1ec7c, h\u1ec7 th\u1ed1ng dao b\u0103m c\u00f3 nhi\u1ec7m v\u1ee5 b\u0103m nhanh, b\u0103m nh\u1ecf, \u0111\u1ec1u nguy\u00ean li\u1ec7u v\u00e0 cho ra s\u1ea3n ph\u1ea9m t\u1ea1i \u1ed1ng x\u1ea3. Ph\u00eda tr\u00ean c\u1ee7a \u1ed1ng x\u1ea3 \u0111\u01b0\u1ee3c thi\u1ebft k\u1ebf 01 c\u1eeda x\u1ea3 gi\u00fap \u0111i\u1ec1u ch\u1ec9nh nguy\u00ean li\u1ec7u kh\u00f4ng b\u1ecb b\u1eafn ra xa.<img loading=\"lazy\" decoding=\"async\" class=\"aligncenter size-full wp-image-3491\" src=\"https:\/\/congtybinhminh.com\/wp-content\/uploads\/2020\/03\/may-bam-chuoi-co-bang-tai.jpg\" alt=\"may-bam-chuoi-co-bang-tai\" width=\"800\" height=\"600\" srcset=\"https:\/\/congtybinhminh.com\/wp-content\/uploads\/2020\/03\/may-bam-chuoi-co-bang-tai.jpg 800w, https:\/\/congtybinhminh.com\/wp-content\/uploads\/2020\/03\/may-bam-chuoi-co-bang-tai-510x383.jpg 510w, https:\/\/congtybinhminh.com\/wp-content\/uploads\/2020\/03\/may-bam-chuoi-co-bang-tai-533x400.jpg 533w, https:\/\/congtybinhminh.com\/wp-content\/uploads\/2020\/03\/may-bam-chuoi-co-bang-tai-768x576.jpg 768w\" sizes=\"auto, (max-width: 800px) 100vw, 800px\" \/><\/span><\/p>\n<h3><span style=\"color: #000000;\"><strong>5. M\u00e1y b\u0103m c\u1ecf c\u00f4ng nghi\u1ec7p 4T (Ngu\u1ed3n \u0111i\u1ec7n 380V)<\/strong><\/span><\/h3>\n<p><span style=\"color: #000000;\">M\u00e1y \u0111\u01b0\u1ee3c thi\u1ebft k\u1ebf hi\u1ec7n \u0111\u1ea1i v\u00e0 t\u1ef1 \u0111\u1ed9ng nh\u1edd h\u1ec7 th\u1ed1ng b\u0103ng truy\u1ec1n t\u1ea3i nguy\u00ean li\u1ec7u.\u00a0Ch\u1ec9 c\u1ea7n \u0111\u1eb7t nguy\u00ean li\u1ec7u l\u00ean h\u1ec7 th\u1ed1ng b\u0103ng truy\u1ec1n,\u00a0nguy\u00ean li\u1ec7u s\u1ebd \u0111\u01b0\u1ee3c qu\u1ea3 l\u00f4 k\u1eb9p k\u00e9o t\u1ef1 \u0111\u1ed9ng \u0111i v\u00e0o bu\u1ed3ng b\u0103m.<\/span><\/p>\n<p><span style=\"color: #000000;\">Bu\u1ed3ng l\u00e0m vi\u1ec7c bao g\u1ed3m 4 dao b\u0103m ch\u00ednh s\u1eafc b\u00e9n, c\u00f9ng 12 b\u00faa \u0111\u1eadp v\u00e0 c\u00e1c c\u00e1nh \u0111\u00e0 l\u1edbn, \u0111\u1ea9y th\u00e0nh ph\u1ea9m nhanh ch\u00f3ng phun ra c\u1eeda x\u1ea3 tr\u00ean.\u00a0T\u01b0\u01a1ng t\u1ef1 v\u1edbi c\u00e1c d\u00f2ng m\u00e1y b\u0103m c\u1ecf c\u00f4ng su\u1ea5t l\u1edbn kh\u00e1c c\u1ee7a c\u00f4ng ty, m\u00e1y c\u00f3 ph\u1ea7n c\u1eeda x\u1ea3 kh\u00e1 cao, t\u1ea1o \u0111\u1ed9 phun xa t\u1eeb 1 \u2013 3m, ho\u1eb7c x\u1ea3 v\u00e0o th\u00f9ng ch\u1ee9a m\u1ed9t \u00a0c\u00e1ch thu\u1eadn ti\u1ec7n.<\/span><\/p>\n<p><span style=\"color: #000000;\">M\u00e1y c\u00f3 thi\u1ebft k\u1ebf v\u1edbi k\u00edch th\u01b0\u1edbc l\u1edbn, khung m\u00e1y ch\u1eafc ch\u1eafn, \u0111\u01b0\u1ee3c h\u1ed7 tr\u1ee3 di chuy\u1ec3n nh\u1edd h\u1ec7 th\u1ed1ng b\u00e1nh xe v\u00e0 tay c\u1ea7m k\u00e9o ti\u1ec7n l\u1ee3i, gi\u00fap di chuy\u1ec3n m\u00e1y t\u1edbi m\u1ecdi n\u01a1i.<\/span><br \/>\n<span style=\"color: #000000;\">Bu\u1ed3ng l\u00e0m vi\u1ec7c \u0111\u01b0\u1ee3c kh\u00f3a ch\u1eb7t nh\u1edd 2 kh\u00f3a si\u1ebft n\u1eb1m b\u00ean m\u00e1y, \u0111\u1ea3m b\u1ea3o an to\u00e0n cho ng\u01b0\u1eddi s\u1eed d\u1ee5ng .<img loading=\"lazy\" decoding=\"async\" class=\"aligncenter size-full wp-image-3492\" src=\"https:\/\/congtybinhminh.com\/wp-content\/uploads\/2020\/03\/may-bam-co-4t.jpg\" alt=\"may-bam-co-4t\" width=\"800\" height=\"600\" \/><\/span><\/p>\n<h3><span style=\"color: #000000;\"><strong>6. M\u00e1y b\u0103m c\u1ecf c\u00f4ng nghi\u1ec7p 6T (Ngu\u1ed3n \u0111i\u1ec7n 380V)<\/strong><\/span><\/h3>\n<p><span style=\"color: #000000;\">M\u00e1y \u0111\u01b0\u1ee3c thi\u1ebft k\u1ebf hi\u1ec7n \u0111\u1ea1i v\u1edbi bu\u1ed3ng nghi\u1ec1n c\u00f3 ch\u1ee9c n\u0103ng b\u0103m nh\u1ecf nguy\u00ean li\u1ec7u v\u1edbi 4 dao to d\u1ea7y d\u1eb7n, s\u1eafc b\u00e9n (k\u00edch th\u01b0\u1edbc dao to CD 50cm + CR 14,5cm) v\u00e0 16 b\u00faa nghi\u1ec1n).<\/span><\/p>\n<p><span style=\"color: #000000;\">B\u1ed9 ph\u1eadn b\u0103ng t\u1ea3i c\u1ee7a m\u00e1y s\u1ebd c\u00f3 nhi\u1ec7m v\u1ee5 t\u1ef1 \u0111\u1ed9ng di chuy\u1ec3n \u0111\u01b0a nguy\u00ean li\u1ec7u c\u1ecf v\u00e0o toa n\u1ea1p nguy\u00ean li\u1ec7u. T\u1ea1i \u0111\u00e2y, b\u1ed9 l\u00f4 cu\u1ed1n s\u1ebd c\u00f3 nhi\u1ec7m v\u1ee5 nghi\u1ec1n v\u00e0 cu\u1ed1n nguy\u00ean li\u1ec7u v\u00e0o bu\u1ed3ng nghi\u1ec1n.<\/span><\/p>\n<p><span style=\"color: #000000;\">Khi \u0111\u00e3 b\u0103m nh\u1ecf, th\u00e0nh ph\u1ea9m s\u1ebd \u0111\u01b0\u1ee3c \u0111\u1ea9y ra c\u1eeda x\u1ea3 ki\u1ec3u \u1ed1ng c\u00f9ng n\u1eafp c\u1eeda x\u1ea3 s\u1ebd \u0111i\u1ec1u ch\u1ec9nh g\u1eadp l\u00ean, g\u1eadp xu\u1ed1ng \u0111\u1ec3 \u0111i\u1ec1u ch\u1ec9nh l\u01b0\u1ee3ng th\u00e0nh ph\u1ea9m x\u1ea3 ra ngo\u00e0i g\u1ea7n ho\u1eb7c xa t\u00f9y theo \u00fd mu\u1ed1n ng\u01b0\u1eddi s\u1eed d\u1ee5ng<img loading=\"lazy\" decoding=\"async\" class=\"aligncenter size-full wp-image-3493\" src=\"https:\/\/congtybinhminh.com\/wp-content\/uploads\/2020\/03\/may-bam-co-6t.jpg\" alt=\"may-bam-co-6t\" width=\"800\" height=\"600\" srcset=\"https:\/\/congtybinhminh.com\/wp-content\/uploads\/2020\/03\/may-bam-co-6t.jpg 800w, https:\/\/congtybinhminh.com\/wp-content\/uploads\/2020\/03\/may-bam-co-6t-510x383.jpg 510w, https:\/\/congtybinhminh.com\/wp-content\/uploads\/2020\/03\/may-bam-co-6t-533x400.jpg 533w, https:\/\/congtybinhminh.com\/wp-content\/uploads\/2020\/03\/may-bam-co-6t-768x576.jpg 768w\" sizes=\"auto, (max-width: 800px) 100vw, 800px\" \/><\/span><\/p>\n<h2><span style=\"color: #000000;\"><em><strong>III. Th\u00f4ng s\u1ed1 c\u1ee7a c\u00e1c d\u00f2ng m\u00e1y b\u0103m c\u1ecf<\/strong><\/em><\/span><\/h2>\n<p><span style=\"color: #000000;\"><img loading=\"lazy\" decoding=\"async\" class=\"size-full wp-image-3483 aligncenter\" src=\"https:\/\/congtybinhminh.com\/wp-content\/uploads\/2020\/03\/bam-co-1.png\" alt=\"bam-co-1\" width=\"800\" height=\"385\" srcset=\"https:\/\/congtybinhminh.com\/wp-content\/uploads\/2020\/03\/bam-co-1.png 800w, https:\/\/congtybinhminh.com\/wp-content\/uploads\/2020\/03\/bam-co-1-510x245.png 510w, https:\/\/congtybinhminh.com\/wp-content\/uploads\/2020\/03\/bam-co-1-768x370.png 768w\" sizes=\"auto, (max-width: 800px) 100vw, 800px\" \/><\/span><\/p>\n<h2><\/h2>\n<p><img loading=\"lazy\" decoding=\"async\" class=\"size-full wp-image-3520 aligncenter\" src=\"https:\/\/congtybinhminh.com\/wp-content\/uploads\/2020\/03\/bam-co-2-ok-1.png\" alt=\"bam-co-2-ok (1)\" width=\"800\" height=\"332\" srcset=\"https:\/\/congtybinhminh.com\/wp-content\/uploads\/2020\/03\/bam-co-2-ok-1.png 800w, https:\/\/congtybinhminh.com\/wp-content\/uploads\/2020\/03\/bam-co-2-ok-1-510x212.png 510w, https:\/\/congtybinhminh.com\/wp-content\/uploads\/2020\/03\/bam-co-2-ok-1-768x319.png 768w\" sizes=\"auto, (max-width: 800px) 100vw, 800px\" \/><\/p>\n<h2><span id=\"Huong_dan_dat_mua_san_pham\" class=\"ez-toc-section\" style=\"color: #000000;\"><strong>H\u01b0\u1edbng d\u1eabn \u0111\u1eb7t mua s\u1ea3n ph\u1ea9m<\/strong><\/span><\/h2>\n<p><span style=\"color: #000000;\">\u0110\u1ec3 \u0111\u1eb7t mua s\u1ea3n ph\u1ea9m qu\u00fd kh\u00e1ch ch\u1ec9 c\u1ea7n li\u00ean h\u1ec7 theo s\u1ed1 hotline c\u00f4ng ty :\u00a0<strong>0888.01.8822 &#8211; 0941.62.4466<\/strong><\/span><\/p>\n<p><span style=\"color: #000000;\">C\u00f4ng ty h\u1ed7 tr\u1ee3 giao h\u00e0ng to\u00e0n qu\u1ed1c, nh\u1eadn h\u00e0ng thanh to\u00e1n t\u1ea1i nh\u00e0.<\/span><\/p>\n<p><span style=\"color: #000000;\">\u2013 Giao h\u00e0ng qua b\u01b0u \u0111i\u1ec7n, nh\u1eadn h\u00e0ng t\u1ea1i nh\u00e0.<\/span><\/p>\n<p><span style=\"color: #000000;\">\u2013 Giao h\u00e0ng qua c\u00e1c tuy\u1ebfn xe kh\u00e1ch b\u1eafc nam, nh\u1eadn h\u00e0ng t\u1ea1i c\u00e1c qu\u1ed1c l\u1ed9 xe ch\u1ea1y qua.<\/span><\/p>\n<h2><span id=\"Chinh_sach_bao_hanh_san_pham\" class=\"ez-toc-section\" style=\"color: #000000;\"><strong>Ch\u00ednh s\u00e1ch b\u1ea3o h\u00e0nh s\u1ea3n ph\u1ea9m<\/strong><\/span><\/h2>\n<p><span style=\"color: #000000;\">T\u1ea5t c\u00e1c s\u1ea3n ph\u1ea9m \u0111\u01b0\u1ee3c b\u00e1n t\u1ea1i c\u00f4ng ty B\u00ecnh Minh \u0111\u1ec1u \u0111\u01b0\u1ee3c b\u1ea3o h\u00e0nh k\u1ef9 thu\u1eadt 6 th\u00e1ng, cho c\u00e1c tr\u01b0\u1eddng h\u1ee3p m\u00e1y l\u1ed7i do nh\u00e0 s\u1ea3n xu\u1ea5t, \u0111\u1ed9ng c\u01a1 ch\u1eadm y\u1ebfu.<\/span><\/p>\n<p><span style=\"color: #000000;\">C\u00e1c tr\u01b0\u1eddng h\u1ee3p l\u1ed7i b\u00e0 con n\u00ean th\u00f4ng b\u00e1o s\u1edbm cho nh\u00e2n vi\u00ean ch\u0103m s\u00f3c kh\u00e1ch h\u00e0ng c\u1ee7a c\u00f4ng ty \u0111\u1ec3 kh\u1eafc ph\u1ee5c s\u1ef1 c\u1ed1.<\/span><\/p>\n<p><span style=\"color: #000000;\">M\u1ecdi chi ti\u1ebft v\u00e0 ch\u00ednh s\u00e1ch b\u1ea3o h\u00e0nh qu\u00fd kh\u00e1ch xem <a style=\"color: #000000;\" href=\"https:\/\/maynongnghiepbinhminh.com\/chinh-sach\/\">t\u1ea1i \u0111\u00e2y<\/a><\/span><\/p>\n<h2><span id=\"Dia_chi_lien_he_va_san_xuat\" class=\"ez-toc-section\" style=\"color: #000000;\"><strong>\u0110\u1ecba ch\u1ec9 li\u00ean h\u1ec7 v\u00e0 s\u1ea3n xu\u1ea5t<\/strong><\/span><\/h2>\n<p><span style=\"color: #000000;\">\u0110\u1ec3 \u0111\u01b0\u1ee3c h\u1ed7 tr\u1ee3 t\u01b0 v\u1ea5n v\u00e0 \u0111\u1eb7t mua s\u1ea3n ph\u1ea9m c\u1ee7a C\u00f4ng Ty, m\u1eddi qu\u00fd kh\u00e1ch li\u00ean h\u1ec7:<\/span><\/p>\n<p><span style=\"color: #000000;\"><strong>C\u00d4NG TY TNHH D\u1ecaCH V\u1ee4 V\u00c0 S\u1ea2N XU\u1ea4T TH\u01af\u01a0NG M\u1ea0I XU\u1ea4T NH\u1eacP KH\u1ea8U B\u00ccNH MINH<\/strong><\/span><\/p>\n<p><span style=\"color: #000000;\">249 Ph\u1ed1 L\u00ea L\u1ee3i, Ph\u01b0\u1eddng L\u00ea L\u1ee3i &#8211; Th\u1ecb x\u00e3 S\u01a1n T\u00e2y &#8211; TP. H\u00e0 N\u1ed9i<\/span><\/p>\n<p><span style=\"color: #000000;\">M\u00e3 s\u1ed1 thu\u1ebf: <a style=\"color: #000000;\" href=\"http:\/\/www.thongtincongty.com\/company\/3f9a031c-cong-ty-tnhh-dich-vu-san-xuat-thuong-mai-xuat-nhap-khau-binh-minh\/\" target=\"_blank\" rel=\"nofollow noopener noreferrer\">0108457948<\/a>\u00a0<span style=\"color: #ed1c24;\">(<a style=\"color: #ed1c24;\" href=\"http:\/\/tracuunnt.gdt.gov.vn\/tcnnt\/mstdn.jsp\" target=\"_blank\" rel=\"nofollow noopener noreferrer\">ki\u1ec3m tra<\/a>)<\/span><\/span><\/p>\n","protected":false},"excerpt":{"rendered":"<p><span style=\"font-size: 115%;\"><strong><span style=\"color: #ed1c24;\">T\u00ednh n\u0103ng<\/span><\/strong><\/span>\u00a0<span style=\"color: #282828;\">: M\u00e1y b\u0103m nh\u1ecf c\u00e1c lo\u1ea1i nguy\u00ean li\u1ec7u nh\u01b0 c\u1ecf voi, th\u00e2n c\u00e2y ng\u00f4, th\u00e2n c\u00e2y chu\u1ed1i, c\u1ecf x\u1ea3, ng\u1ecdn m\u00eda, c\u00e2y c\u00e0 gai,&#8230; ph\u1ee5c v\u1ee5 cho ng\u00e0nh ch\u0103n nu\u00f4i.<\/span><\/p>\n<p><span style=\"color: #ed1c24;\"><span style=\"font-size: 17.28px;\"><b><strong>N\u0103ng su\u1ea5t<\/strong>\u00a0<span style=\"color: #282828;\">: <\/span><\/b><\/span><\/span>T\u1eeb 400kg \u0111\u1ebfn 1 t\u1ea5n tr\u00ean gi\u1edd (T\u00f9y d\u00f2ng m\u00e1y)<\/p>\n<p><span style=\"color: #ed1c24;\"><span style=\"font-size: 17.28px;\"><b>Ngu\u1ed3n \u0111i\u1ec7n\u00a0 <span style=\"color: #282828;\">: <\/span><\/b><span style=\"color: #282828; font-size: 85%;\">220V &#8211; 380V<\/span><\/span><\/span><\/p>\n<p><span style=\"color: #ed1c24;\"><span style=\"font-size: 17.28px;\"><strong>\u0110\u1ed9ng c\u01a1<\/strong>\u00a0<\/span><\/span>:\u00a0To\u00e0n Ph\u00e1t v\u00e0 \u0110i\u1ec7n C\u01a1<\/p>\n<p><span style=\"color: #ed1c24;\"><span style=\"font-size: 17.28px;\"><b>Th\u01b0\u01a1ng hi\u1ec7u<\/b><\/span><\/span>: B\u00ecnh Minh<\/p>\n<p><span style=\"color: #0000ff;\"><strong>H\u00c0NG T\u1ea0I X\u01af\u1edeNG S\u1ea2N XU\u1ea4T, KH\u00d4NG QUA TRUNG GIAN<\/strong><\/span><\/p>\n<p><span style=\"color: #0000ff;\"><strong>B\u1ea2O H\u00c0NH 6 TH\u00c1NG, H\u1ed6 TR\u1ee2 T\u01af V\u1ea4N K\u1ef8 THU\u1eacT TR\u1eccN \u0110\u1edcI M\u00c1Y<\/strong><\/span><\/p>\n","protected":false},"featured_media":3495,"comment_status":"closed","ping_status":"closed","template":"","meta":[],"product_brand":[],"product_cat":[40],"product_tag":[],"class_list":{"0":"post-3476","1":"product","2":"type-product","3":"status-publish","4":"has-post-thumbnail","6":"product_cat-may-bam-co","8":"first","9":"instock","10":"shipping-taxable","11":"product-type-simple"},"_links":{"self":[{"href":"https:\/\/congtybinhminh.com\/index.php?rest_route=\/wp\/v2\/product\/3476","targetHints":{"allow":["GET"]}}],"collection":[{"href":"https:\/\/congtybinhminh.com\/index.php?rest_route=\/wp\/v2\/product"}],"about":[{"href":"https:\/\/congtybinhminh.com\/index.php?rest_route=\/wp\/v2\/types\/product"}],"replies":[{"embeddable":true,"href":"https:\/\/congtybinhminh.com\/index.php?rest_route=%2Fwp%2Fv2%2Fcomments&post=3476"}],"wp:featuredmedia":[{"embeddable":true,"href":"https:\/\/congtybinhminh.com\/index.php?rest_route=\/wp\/v2\/media\/3495"}],"wp:attachment":[{"href":"https:\/\/congtybinhminh.com\/index.php?rest_route=%2Fwp%2Fv2%2Fmedia&parent=3476"}],"wp:term":[{"taxonomy":"product_brand","embeddable":true,"href":"https:\/\/congtybinhminh.com\/index.php?rest_route=%2Fwp%2Fv2%2Fproduct_brand&post=3476"},{"taxonomy":"product_cat","embeddable":true,"href":"https:\/\/congtybinhminh.com\/index.php?rest_route=%2Fwp%2Fv2%2Fproduct_cat&post=3476"},{"taxonomy":"product_tag","embeddable":true,"href":"https:\/\/congtybinhminh.com\/index.php?rest_route=%2Fwp%2Fv2%2Fproduct_tag&post=3476"}],"curies":[{"name":"wp","href":"https:\/\/api.w.org\/{rel}","templated":true}]}}