{"id":305,"date":"2019-10-31T10:31:39","date_gmt":"2019-10-31T03:31:39","guid":{"rendered":"https:\/\/congtybinhminh.com\/?post_type=product&#038;p=305"},"modified":"2023-04-05T14:13:09","modified_gmt":"2023-04-05T07:13:09","slug":"may-bam-nghien-da-nang-co-cao","status":"publish","type":"product","link":"https:\/\/congtybinhminh.com\/?product=may-bam-nghien-da-nang-co-cao","title":{"rendered":"M\u00e1y b\u0103m nghi\u1ec1n th\u1ee9c \u0103n ch\u0103n nu\u00f4i c\u1ed5 cao MBN &#8211; 01"},"content":{"rendered":"<p><strong>Xem video tr\u1ef1c ti\u1ebfp t\u1ea1i \u0111\u00e2y:<\/strong><\/p>\n<p><span data-mce-type=\"bookmark\" style=\"width: 0px;overflow: hidden;line-height: 0\" class=\"mce_SELRES_start\">\ufeff<\/span><\/p>\n<p>&nbsp;<\/p>\n<p>Trong ch\u0103n nu\u00f4i vi\u1ec7c t\u1eadn d\u1ee5ng \u0111\u01b0\u1ee3c c\u00e1c nguy\u00ean li\u1ec7u t\u1ef1 nhi\u00ean c\u00f3 s\u1eb5n l\u00e0 m\u1ed9t y\u1ebfu t\u1ed1 r\u1ea5t quan tr\u1ecdng, nh\u01b0ng n\u1ebfu nh\u01b0 ch\u00fang ta ch\u1ebf bi\u1ebfn nguy\u00ean li\u1ec7u theo c\u00e1ch th\u1ee7 c\u00f4ng th\u00ec r\u1ea5t t\u1ed1n th\u1eddi gian v\u00e0 c\u00f4ng s\u1ee9c. V\u00ec v\u1eady \u0111\u1ec3 l\u00e0m \u0111\u01b0\u1ee3c vi\u1ec7c \u0111\u00f3 th\u00ec ch\u00fang ta c\u1ea7n ph\u1ea3i c\u1ea7n \u0111\u1ebfn m\u00e1y m\u00f3c h\u1ed7 tr\u1ee3. \u0110\u1ec3 gi\u00fap b\u00e0 con trong c\u00e1c c\u00f4ng \u0111o\u1ea1n ch\u1ebf bi\u1ebfn nguy\u00ean li\u1ec7u th\u00ec C\u00f4ng Ty B\u00ecnh Minh ch\u00fang t\u00f4i xin gi\u1edbi thi\u1ec7u t\u1edbi b\u00e0 con d\u00f2ng m\u00e1y b\u0103m nghi\u1ec1n \u0111a n\u0103ng c\u1ed5 cao.<\/p>\n<p><img loading=\"lazy\" decoding=\"async\" class=\"size-full wp-image-312 aligncenter\" src=\"https:\/\/congtybinhminh.com\/wp-content\/uploads\/2019\/10\/bam-nghien.jpg\" alt=\"bam-nghien\" width=\"800\" height=\"600\" srcset=\"https:\/\/congtybinhminh.com\/wp-content\/uploads\/2019\/10\/bam-nghien.jpg 800w, https:\/\/congtybinhminh.com\/wp-content\/uploads\/2019\/10\/bam-nghien-510x383.jpg 510w, https:\/\/congtybinhminh.com\/wp-content\/uploads\/2019\/10\/bam-nghien-533x400.jpg 533w, https:\/\/congtybinhminh.com\/wp-content\/uploads\/2019\/10\/bam-nghien-768x576.jpg 768w\" sizes=\"auto, (max-width: 800px) 100vw, 800px\" \/><\/p>\n<p>&nbsp;<\/p>\n<p>M\u00e1y b\u0103m nghi\u1ec1n \u0111a n\u0103ng c\u1ed5 cao l\u00e0 m\u1ed9t trong nh\u1eefng d\u00f2ng m\u00e1y ch\u1ebf bi\u1ebfn th\u1ee9c \u0103n ch\u0103n nu\u00f4i. M\u00e1y \u0111\u01b0\u1ee3c thi\u1ebft k\u1ebf nh\u1ecf g\u1ecdn, c\u00f3 b\u00e1nh xe gi\u00fap m\u00e1y di chuy\u1ec3n d\u1ec5 d\u00e0ng, ph\u00f9 h\u1ee3p v\u1edbi m\u1ecdi kh\u00f4ng gian l\u1eafp \u0111\u1eb7t, m\u00e1y d\u1ec5 d\u00e0ng s\u1eed d\u1ee5ng v\u00e0 an to\u00e0n khi v\u1eadn h\u00e0nh m\u00e1y. M\u00e1y t\u00edch h\u1ee3p 2 ch\u1ee9c n\u0103ng trong c\u00f9ng 1 s\u1ea3n ph\u1ea9m:<\/p>\n<p>-B\u0103m nh\u1ecf c\u00e1c lo\u1ea1i nguy\u00ean li\u1ec7u t\u01b0\u01a1i v\u00e0 kh\u00f4 nh\u01b0 c\u1ecf voi, c\u00e2y ng\u00f4, r\u01a1m kh\u00f4, s\u01a1 d\u1eeba, b\u00e3 m\u00eda,\u2026<\/p>\n<p>-Nghi\u1ec1n ng\u00f4, khoai, s\u1eafn,\u2026th\u00e0nh d\u1ea1ng b\u1ed9t c\u00e1m.<\/p>\n<p><img loading=\"lazy\" decoding=\"async\" class=\"size-full wp-image-311 aligncenter\" src=\"https:\/\/congtybinhminh.com\/wp-content\/uploads\/2019\/10\/bam-nghien-co-cao-000.jpg\" alt=\"bam-nghien-co-cao-000\" width=\"800\" height=\"472\" srcset=\"https:\/\/congtybinhminh.com\/wp-content\/uploads\/2019\/10\/bam-nghien-co-cao-000.jpg 800w, https:\/\/congtybinhminh.com\/wp-content\/uploads\/2019\/10\/bam-nghien-co-cao-000-510x301.jpg 510w, https:\/\/congtybinhminh.com\/wp-content\/uploads\/2019\/10\/bam-nghien-co-cao-000-678x400.jpg 678w, https:\/\/congtybinhminh.com\/wp-content\/uploads\/2019\/10\/bam-nghien-co-cao-000-768x453.jpg 768w\" sizes=\"auto, (max-width: 800px) 100vw, 800px\" \/><\/p>\n<h2><strong><em>\u01afu \u0111i\u1ec3m c\u1ee7a m\u00e1y b\u0103m nghi\u1ec1n \u0111a n\u0103ng<\/em><\/strong><\/h2>\n<p>-M\u00e1y s\u1eed d\u1ee5ng ngu\u1ed3n \u0111i\u1ec7n 220v ph\u00f9 h\u1ee3p v\u1edbi m\u1ecdi \u0111\u1ed1i t\u01b0\u1ee3ng s\u1eed d\u1ee5ng, \u0111\u1ea1t n\u0103ng su\u1ea5t cao.<\/p>\n<p>-Gi\u00fap b\u00e0 con t\u1eadn d\u1ee5ng \u0111\u01b0\u1ee3c ngu\u1ed3n ph\u1ee5 ph\u1ea9m c\u00f3 s\u1eb5n t\u1ea1i gia \u0111\u00ecnh.<\/p>\n<p>-Khung m\u00e1y \u0111\u01b0\u1ee3c thi\u1ebft k\u1ebf ch\u1eafc ch\u1eafn, c\u00f3 \u0111\u1ed9 b\u1ec1n cao, ki\u1ec3u d\u00e1ng hi\u1ec7n \u0111\u1ea1i.<\/p>\n<p>-M\u00e1y d\u1ec5 d\u00e0ng s\u1eed d\u1ee5ng v\u00e0 an to\u00e0n khi v\u1eadn h\u00e0nh m\u00e1y. B\u1ed9 dao b\u0103m nghi\u1ec1n \u0111\u01b0\u1ee3c c\u1ea3i ti\u1ebfn gi\u00fap m\u00e1y \u0111\u1ea1t hi\u1ec7u qu\u1ea3 cao.<\/p>\n<p><img loading=\"lazy\" decoding=\"async\" class=\"size-full wp-image-313 aligncenter\" src=\"https:\/\/congtybinhminh.com\/wp-content\/uploads\/2019\/10\/bam-nghien-co-cao-nguyen-lieu.png\" alt=\"bam-nghien-co-cao-nguyen-lieu\" width=\"800\" height=\"600\" srcset=\"https:\/\/congtybinhminh.com\/wp-content\/uploads\/2019\/10\/bam-nghien-co-cao-nguyen-lieu.png 800w, https:\/\/congtybinhminh.com\/wp-content\/uploads\/2019\/10\/bam-nghien-co-cao-nguyen-lieu-510x383.png 510w, https:\/\/congtybinhminh.com\/wp-content\/uploads\/2019\/10\/bam-nghien-co-cao-nguyen-lieu-533x400.png 533w, https:\/\/congtybinhminh.com\/wp-content\/uploads\/2019\/10\/bam-nghien-co-cao-nguyen-lieu-768x576.png 768w\" sizes=\"auto, (max-width: 800px) 100vw, 800px\" \/><\/p>\n<h2><strong>M\u00f4 t\u1ea3 chi ti\u1ebft m\u00e1y<\/strong><\/h2>\n<p>M\u00e1y b\u0103m nghi\u1ec1n \u0111a n\u0103ng c\u1ed5 cao \u0111\u01b0\u1ee3c thi\u1ebft k\u1ebf g\u1ecdn nh\u1eb9, d\u1ec5 l\u1eafp \u0111\u1eb7t v\u00e0 d\u1ec5 d\u00e0ng di chuy\u1ec3n v\u00ec c\u00f3 b\u00e1nh xe. M\u00e1y g\u1ed3m 2 c\u1eeda n\u1ea1p v\u00e0 2 c\u1eeda x\u1ea3 ri\u00eang bi\u1ec7t ph\u00f9 h\u1ee3p v\u1edbi t\u1eebng lo\u1ea1i nguy\u00ean li\u1ec7u b\u0103m hay nghi\u1ec1n. Bu\u1ed3ng l\u00e0m vi\u1ec7c c\u1ee7a m\u00e1y \u0111\u01b0\u1ee3c thi\u1ebft k\u1ebf b\u1ed9 dao b\u0103m s\u1eafc b\u00e9n c\u00f3 nhi\u1ec7m v\u1ee5 b\u0103m, nghi\u1ec1n nh\u1ecf nguy\u00ean li\u1ec7u.<\/p>\n<p><img loading=\"lazy\" decoding=\"async\" class=\"size-full wp-image-314 aligncenter\" src=\"https:\/\/congtybinhminh.com\/wp-content\/uploads\/2019\/10\/bam-nghien-co-cao-cau-tao.png\" alt=\"bam-nghien-co-cao-cau-tao\" width=\"800\" height=\"600\" srcset=\"https:\/\/congtybinhminh.com\/wp-content\/uploads\/2019\/10\/bam-nghien-co-cao-cau-tao.png 800w, https:\/\/congtybinhminh.com\/wp-content\/uploads\/2019\/10\/bam-nghien-co-cao-cau-tao-510x383.png 510w, https:\/\/congtybinhminh.com\/wp-content\/uploads\/2019\/10\/bam-nghien-co-cao-cau-tao-533x400.png 533w, https:\/\/congtybinhminh.com\/wp-content\/uploads\/2019\/10\/bam-nghien-co-cao-cau-tao-768x576.png 768w\" sizes=\"auto, (max-width: 800px) 100vw, 800px\" \/><\/p>\n<p>\u0110i k\u00e8m v\u1edbi 2 ch\u1ee9c n\u0103ng c\u1ee7a m\u00e1y c\u00f3 2 lo\u1ea1i s\u00e0ng l\u00e0 s\u00e0ng k\u00edn v\u00e0 s\u00e0ng l\u1ed7. S\u00e0ng k\u00edn d\u00f9ng \u0111\u1ec3 b\u0103m c\u00e1c lo\u1ea1i nguy\u00ean li\u1ec7u nh\u01b0 c\u1ecf voi, th\u00e2n ng\u00f4, b\u00e3 m\u00eda, r\u01a1m,\u2026 S\u00e0ng l\u1ed7 d\u00f9ng \u0111\u1ec3 nghi\u1ec1n ng\u00f4, khoai, s\u1eafn,\u2026th\u00e0nh b\u1ed9t c\u00e1m<\/p>\n<h2><strong>Th\u00f4ng tin v\u1ec1 k\u1ef9 thu\u1eadt<\/strong><\/h2>\n<table style=\"height: 308px\" border=\"1\" width=\"880\">\n<tbody>\n<tr>\n<td>N\u0103ng su\u1ea5t<\/td>\n<td>200 kg\/h<\/td>\n<\/tr>\n<tr>\n<td>Ngu\u1ed3n \u0111i\u1ec7n<\/td>\n<td>220V<\/td>\n<\/tr>\n<tr>\n<td>C\u00f4ng su\u1ea5t<\/td>\n<td>3 \u2013 3.5 KW<\/td>\n<\/tr>\n<tr>\n<td>Trong l\u01b0\u1ee3ng nguy\u00ean b\u1ed9<\/td>\n<td>105 kg<\/td>\n<\/tr>\n<tr>\n<td>Tr\u1ecdng l\u01b0\u1ee3ng kh\u00f4ng \u0111\u1ed9ng c\u01a1<\/td>\n<td>84 kg<\/td>\n<\/tr>\n<tr>\n<td>K\u00edch th\u01b0\u1edbc (D*C*R)<\/td>\n<td>92*122*112 cm<\/td>\n<\/tr>\n<\/tbody>\n<\/table>\n<h2><img loading=\"lazy\" decoding=\"async\" class=\"size-full wp-image-315 aligncenter\" src=\"https:\/\/congtybinhminh.com\/wp-content\/uploads\/2019\/10\/may-bam-nghien-co-cao.png\" alt=\"may-bam-nghien-co-cao\" width=\"800\" height=\"600\" \/><\/h2>\n<h2><span id=\"Cam_ket_ve_gia_va_Chinh_sach_bao_hanh\" class=\"ez-toc-section\" style=\"color: #000000\"><strong>Cam k\u1ebft v\u1ec1 gi\u00e1 v\u00e0 Ch\u00ednh s\u00e1ch b\u1ea3o h\u00e0nh<\/strong><\/span><\/h2>\n<ul>\n<li><span style=\"color: #000000\">M\u00e1y do c\u00f4ng ty tr\u1ef1c ti\u1ebfp ch\u1ebf t\u1ea1o v\u00e0 s\u1ea3n xu\u1ea5t t\u1ea1i x\u01b0\u1edfng, kh\u00f4ng qua trung gian, \u0111\u1ea3m b\u1ea3o gi\u00e1 r\u1ebb nh\u1ea5t, ch\u1ea5t l\u01b0\u1ee3ng t\u1ed1t nh\u1ea5t, b\u1ea3o h\u00e0nh thu\u1eadn ti\u1ec7n nh\u1ea5t.<\/span><\/li>\n<li><span style=\"color: #000000\">\u0110\u1ed9i ng\u0169 k\u1ef9 thu\u1eadt c\u00f3 tr\u00ecnh \u0111\u1ed9 chuy\u00ean m\u00f4n cao, s\u1eb5n s\u00e0ng h\u1ed7 tr\u1ee3 k\u1ef9 thu\u1eadt t\u1eadn t\u00ecnh v\u00e0 tr\u1ecdn \u0111\u1eddi.<\/span><\/li>\n<li><span style=\"color: #000000\">B\u1ea3o h\u00e0nh t\u1ea1i c\u00f4ng ty 6 th\u00e1ng cho tr\u01b0\u1eddng h\u1ee3p m\u00e1y l\u1ed7i k\u1ef9 thu\u1eadt do c\u00f4ng ty s\u1ea3n xu\u1ea5t. H\u1ebft th\u1eddi gian n\u00e0y t\u01b0 v\u1ea5n k\u1ef9 thu\u1eadt tr\u1ecdn \u0111\u1eddi s\u1ea3n ph\u1ea9m.<\/span><\/li>\n<\/ul>\n<h2><span id=\"Huong_dan_mua_hang\" class=\"ez-toc-section\" style=\"color: #000000\"><strong>H\u01b0\u1edbng d\u1eabn mua h\u00e0ng<\/strong><\/span><\/h2>\n<p><span style=\"color: #000000\">Kh\u00e1ch h\u00e0ng \u0111\u1ebfn c\u00f4ng ty mua m\u00e1y v\u00e0 thanh to\u00e1n tr\u1ef1c ti\u1ebfp b\u1eb1ng ti\u1ec1n m\u1eb7t.<\/span><\/p>\n<p><span style=\"color: #000000\">\u0110\u1ed1i v\u1edbi nh\u1eefng kh\u00e1ch h\u00e0ng \u1edf xa, C\u00f4ng ty s\u1ebd h\u01b0\u1edbng d\u1eabn mua h\u00e0ng v\u00e0 h\u1ed7 tr\u1ee3 giao h\u00e0ng to\u00e0n qu\u1ed1c. Qu\u00fd kh\u00e1ch vui l\u00f2ng chuy\u1ec3n kho\u1ea3n \u0111\u1eb7t c\u1ecdc, s\u1ed1 ti\u1ec1n m\u00e1y c\u00f2n l\u1ea1i s\u1ebd thanh to\u00e1n tr\u1ef1c ti\u1ebfp cho \u0111\u01a1n v\u1ecb v\u1eadn chuy\u1ec3n.<\/span><\/p>\n<p><span style=\"color: #000000\">\u0110\u1ec3 \u0111\u01b0\u1ee3c cung c\u1ea5p th\u00eam th\u00f4ng tin v\u1ec1 c\u00e1c d\u00f2ng s\u1ea3n ph\u1ea9m c\u1ee7a c\u00f4ng ty B\u00ecnh Minh, k\u00ednh m\u1eddi Qu\u00fd kh\u00e1ch li\u00ean h\u1ec7:<\/span><\/p>\n<p><span style=\"color: #000000\"><strong>C\u00d4NG TY TNHH D\u1ecaCH V\u1ee4 V\u00c0 S\u1ea2N XU\u1ea4T TH\u01af\u01a0NG M\u1ea0I XU\u1ea4T NH\u1eacP KH\u1ea8U B\u00ccNH MINH<\/strong><\/span><\/p>\n<p><span style=\"color: #000000\"><strong>\u0110\u1ecba ch\u1ec9:<\/strong> S\u1ed1 249, Ph\u1ed1 L\u00ea L\u1ee3i \u2013 Ph\u01b0\u1eddng L\u00ea L\u1ee3i \u2013 Th\u1ecb x\u00e3 S\u01a1n T\u00e2y \u2013 Th\u00e0nh ph\u1ed1 H\u00e0 N\u1ed9i<\/span><\/p>\n<p>&nbsp;<\/p>\n","protected":false},"excerpt":{"rendered":"<ul>\n<li><strong>C\u00f4ng su\u1ea5t\u00a0: <\/strong>3 \u2013 3.5kw<\/li>\n<li><strong>\u0110i\u1ec7n n\u0103ng : <\/strong>220V<\/li>\n<li><strong>T\u00ednh n\u0103ng :<\/strong> B\u0103m c\u1ecf voi, th\u00e2n c\u00e2y ng\u00f4, rau b\u00e8o, s\u01a1 d\u1eeba, b\u00e3 m\u00eda \u2026 v\u00e0 nghi\u1ec1n ng\u00f4, khoai, s\u1eafn\u2026 th\u00e0nh b\u1ed9t c\u00e1m<\/li>\n<\/ul>\n","protected":false},"featured_media":307,"comment_status":"closed","ping_status":"closed","template":"","meta":[],"product_brand":[],"product_cat":[40],"product_tag":[],"class_list":{"0":"post-305","1":"product","2":"type-product","3":"status-publish","4":"has-post-thumbnail","6":"product_cat-may-bam-co","8":"first","9":"instock","10":"shipping-taxable","11":"product-type-simple"},"_links":{"self":[{"href":"https:\/\/congtybinhminh.com\/index.php?rest_route=\/wp\/v2\/product\/305","targetHints":{"allow":["GET"]}}],"collection":[{"href":"https:\/\/congtybinhminh.com\/index.php?rest_route=\/wp\/v2\/product"}],"about":[{"href":"https:\/\/congtybinhminh.com\/index.php?rest_route=\/wp\/v2\/types\/product"}],"replies":[{"embeddable":true,"href":"https:\/\/congtybinhminh.com\/index.php?rest_route=%2Fwp%2Fv2%2Fcomments&post=305"}],"wp:featuredmedia":[{"embeddable":true,"href":"https:\/\/congtybinhminh.com\/index.php?rest_route=\/wp\/v2\/media\/307"}],"wp:attachment":[{"href":"https:\/\/congtybinhminh.com\/index.php?rest_route=%2Fwp%2Fv2%2Fmedia&parent=305"}],"wp:term":[{"taxonomy":"product_brand","embeddable":true,"href":"https:\/\/congtybinhminh.com\/index.php?rest_route=%2Fwp%2Fv2%2Fproduct_brand&post=305"},{"taxonomy":"product_cat","embeddable":true,"href":"https:\/\/congtybinhminh.com\/index.php?rest_route=%2Fwp%2Fv2%2Fproduct_cat&post=305"},{"taxonomy":"product_tag","embeddable":true,"href":"https:\/\/congtybinhminh.com\/index.php?rest_route=%2Fwp%2Fv2%2Fproduct_tag&post=305"}],"curies":[{"name":"wp","href":"https:\/\/api.w.org\/{rel}","templated":true}]}}