{"id":268,"date":"2019-10-30T16:12:09","date_gmt":"2019-10-30T09:12:09","guid":{"rendered":"https:\/\/congtybinhminh.com\/?post_type=product&#038;p=268"},"modified":"2026-02-26T08:04:07","modified_gmt":"2026-02-26T01:04:07","slug":"may-rang-r30","status":"publish","type":"product","link":"https:\/\/congtybinhminh.com\/?product=may-rang-r30","title":{"rendered":"M\u00e1y rang \u0111a n\u0103ng R30"},"content":{"rendered":"<h2>Video th\u1ef1c t\u1ebf c\u1ee7a m\u00e1y:<\/h2>\n<p><iframe loading=\"lazy\" title=\"M\u00e1y Rang L\u1ea1c \u0110a N\u0103ng R30 Rang Ch\u00edn Nhanh \u0110\u1ec1u, Rang T\u1ef1 \u0110\u1ed9ng C\u00e1c Lo\u1ea1i Nguy\u00ean Li\u1ec7u\" width=\"1020\" height=\"574\" src=\"https:\/\/www.youtube.com\/embed\/tDf6xPKAdts?feature=oembed\" frameborder=\"0\" allow=\"accelerometer; autoplay; clipboard-write; encrypted-media; gyroscope; picture-in-picture; web-share\" referrerpolicy=\"strict-origin-when-cross-origin\" allowfullscreen><\/iframe><\/p>\n<h2>Gi\u1edbi thi\u1ec7u v\u1ec1 d\u00f2ng m\u00e1y rang \u0111a n\u0103ng R30<\/h2>\n<p>\u0110\u1ec3 s\u1ea3n xu\u1ea5t ra th\u00e0nh ph\u1ea9m h\u1ea1t dinh d\u01b0\u1ee1ng ch\u1ea5t l\u01b0\u1ee3ng, c\u00f4ng \u0111o\u1ea1n rang h\u1ea1t c\u0169ng c\u1ea7n r\u1ea5t nhi\u1ec1u s\u1ef1 t\u1ec9 m\u1ec9. Khi v\u1eeba rang v\u1eeba ph\u1ea3i c\u0103n ch\u1ec9nh nhi\u1ec7t \u0111\u1ed9 s\u1ebd l\u00e0m t\u1ed1n nhi\u1ec1u th\u1eddi gian, c\u00f4ng s\u1ee9c, l\u1ea1i r\u1ea5t d\u1ec5 b\u1ecb ch\u00e1y x\u00e9m, h\u1ecfng n\u1ebfu kh\u00f4ng \u0111\u1ec3 \u00fd trong qu\u00e1 tr\u00ecnh rang.<\/p>\n<p><img loading=\"lazy\" decoding=\"async\" class=\"aligncenter wp-image-11261 size-full\" src=\"https:\/\/congtybinhminh.com\/wp-content\/uploads\/2019\/10\/may-rang-hat-do-tuong-r30_result.webp\" alt=\"may-rang-hat-do-tuong-r30_result\" width=\"800\" height=\"600\" srcset=\"https:\/\/congtybinhminh.com\/wp-content\/uploads\/2019\/10\/may-rang-hat-do-tuong-r30_result.webp 800w, https:\/\/congtybinhminh.com\/wp-content\/uploads\/2019\/10\/may-rang-hat-do-tuong-r30_result-533x400.webp 533w, https:\/\/congtybinhminh.com\/wp-content\/uploads\/2019\/10\/may-rang-hat-do-tuong-r30_result-768x576.webp 768w, https:\/\/congtybinhminh.com\/wp-content\/uploads\/2019\/10\/may-rang-hat-do-tuong-r30_result-510x383.webp 510w\" sizes=\"auto, (max-width: 800px) 100vw, 800px\" \/><\/p>\n<p>\u0110\u1ec3 gi\u1ea3i quy\u1ebft v\u1ea5n \u0111\u1ec1 tr\u00ean B\u00ecnh Minh \u0111\u00e3 s\u00e1ng ch\u1ebf v\u00e0 tr\u1ef1c ti\u1ebfp s\u1ea3n xu\u1ea5t d\u00f2ng m\u00e1y rang \u0111a n\u0103ng R30. V\u1edbi thi\u1ebft k\u1ebf \u0111\u1eb9p m\u1eaft k\u1ebft h\u1ee3p v\u1edbi h\u1ec7 th\u1ed1ng l\u00e0m vi\u1ec7c hi\u1ec7n \u0111\u1ea1i, h\u1ed7 tr\u1ee3 ng\u01b0\u1eddi d\u00f9ng cho ra th\u00e0nh ph\u1ea9m h\u1ea1t rang v\u00f4 c\u00f9ng ch\u1ea5t l\u01b0\u1ee3ng, cho ra th\u00e0nh ph\u1ea9m ch\u00edn \u0111\u1ec1u, \u0111\u1eb9p m\u1eaft<\/p>\n<h2><span id=\"Cau_tao_cua_may_rang_R30\" class=\"ez-toc-section\"><\/span>C\u1ea5u t\u1ea1o c\u1ee7a m\u00e1y rang R30<\/h2>\n<p>Toa n\u1ea1p nguy\u00ean li\u1ec7u \u0111\u1ea7u v\u00e0o \u0111\u01b0\u1ee3c thi\u1ebft h\u00ecnh d\u1ea1ng ph\u1ec5u c\u00f3 k\u00edch th\u01b0\u1edbc 35x35cm. Nh\u1edd \u0111\u00f3 nguy\u00ean li\u1ec7u \u0111\u01b0\u1ee3c cho v\u00e0o l\u1ed3ng rang m\u1ed9t c\u00e1ch nhanh nh\u1ea5t.<\/p>\n<p><img loading=\"lazy\" decoding=\"async\" class=\"aligncenter wp-image-8204 size-full\" src=\"https:\/\/congtybinhminh.com\/wp-content\/uploads\/2019\/10\/toa-nap-may-rang-r30.webp\" alt=\"\" width=\"800\" height=\"600\" srcset=\"https:\/\/congtybinhminh.com\/wp-content\/uploads\/2019\/10\/toa-nap-may-rang-r30.webp 800w, https:\/\/congtybinhminh.com\/wp-content\/uploads\/2019\/10\/toa-nap-may-rang-r30-510x383.webp 510w, https:\/\/congtybinhminh.com\/wp-content\/uploads\/2019\/10\/toa-nap-may-rang-r30-533x400.webp 533w, https:\/\/congtybinhminh.com\/wp-content\/uploads\/2019\/10\/toa-nap-may-rang-r30-768x576.webp 768w\" sizes=\"auto, (max-width: 800px) 100vw, 800px\" \/><\/p>\n<p>L\u1ed3ng rang \u0111\u01b0\u1ee3c thi\u1ebft k\u1ebf r\u1ed9ng r\u00e3i v\u1edbi k\u00edch th\u01b0\u1edbc (d\u00e0i 96cm * cao 53cm * \u0110\u01b0\u1eddng k\u00ednh c\u1eeda l\u1ed3ng rang 29cm). M\u1ed7i l\u1ea7n rang c\u00f3 th\u1ec3 rang \u0111\u1ebfn 25-30 kg\/m\u1ebb nguy\u00ean li\u1ec7u.<\/p>\n<p><img loading=\"lazy\" decoding=\"async\" class=\"aligncenter wp-image-8205 size-full\" src=\"https:\/\/congtybinhminh.com\/wp-content\/uploads\/2019\/10\/Long-rang-may-R30.webp\" alt=\"\" width=\"800\" height=\"600\" srcset=\"https:\/\/congtybinhminh.com\/wp-content\/uploads\/2019\/10\/Long-rang-may-R30.webp 800w, https:\/\/congtybinhminh.com\/wp-content\/uploads\/2019\/10\/Long-rang-may-R30-510x383.webp 510w, https:\/\/congtybinhminh.com\/wp-content\/uploads\/2019\/10\/Long-rang-may-R30-533x400.webp 533w, https:\/\/congtybinhminh.com\/wp-content\/uploads\/2019\/10\/Long-rang-may-R30-768x576.webp 768w\" sizes=\"auto, (max-width: 800px) 100vw, 800px\" \/><\/p>\n<p>G\u1ed3m 15 thanh nhi\u1ec7t (m\u1ed7i thanh nhi\u1ec7t c\u00f3 c\u00f4ng su\u1ea5t 500W \u2013 800W).T\u00f9y v\u00e0o ngu\u1ed3n \u0111i\u1ec7n s\u1eb5n c\u00f3 c\u1ee7a kh\u00e1ch h\u00e0ng \u0111\u1ec3 c\u00f3 th\u1ec3 l\u1eafp h\u1ec7 th\u1ed1ng thanh nhi\u1ec7t c\u00f3 c\u00f4ng su\u1ea5t ph\u00f9 h\u1ee3p nh\u1ea5t.<\/p>\n<p><img loading=\"lazy\" decoding=\"async\" class=\"aligncenter wp-image-11263 size-full\" src=\"https:\/\/congtybinhminh.com\/wp-content\/uploads\/2019\/10\/may-rang-hat-huong-duong_result.webp\" alt=\"may-rang-hat-huong-duong_result\" width=\"800\" height=\"450\" srcset=\"https:\/\/congtybinhminh.com\/wp-content\/uploads\/2019\/10\/may-rang-hat-huong-duong_result.webp 800w, https:\/\/congtybinhminh.com\/wp-content\/uploads\/2019\/10\/may-rang-hat-huong-duong_result-711x400.webp 711w, https:\/\/congtybinhminh.com\/wp-content\/uploads\/2019\/10\/may-rang-hat-huong-duong_result-768x432.webp 768w, https:\/\/congtybinhminh.com\/wp-content\/uploads\/2019\/10\/may-rang-hat-huong-duong_result-510x287.webp 510w\" sizes=\"auto, (max-width: 800px) 100vw, 800px\" \/><\/p>\n<p>C\u00e1c thanh nhi\u1ec7t \u0111\u01b0\u1ee3c b\u1ed1 tr\u00ed khoa h\u1ecdc gi\u00fap nhi\u1ec7t \u0111\u1ed9 \u0111\u01b0\u1ee3c ph\u00e2n b\u1ed5 \u0111\u1ec1u kh\u1eafp l\u1ed3ng rang.<\/p>\n<p>Qu\u00e1 tr\u00ecnh m\u00e1y ho\u1ea1t \u0111\u1ed9ng th\u00f4ng qua h\u1ec7 th\u1ed1ng b\u1ea3ng \u0111i\u1ec1u khi\u1ec3n, bao g\u1ed3m:<\/p>\n<p><img loading=\"lazy\" decoding=\"async\" class=\"aligncenter wp-image-11262 size-full\" src=\"https:\/\/congtybinhminh.com\/wp-content\/uploads\/2019\/10\/bang-dieu-khien-may-rang_result.webp\" alt=\"bang-dieu-khien-may-rang_result\" width=\"800\" height=\"450\" srcset=\"https:\/\/congtybinhminh.com\/wp-content\/uploads\/2019\/10\/bang-dieu-khien-may-rang_result.webp 800w, https:\/\/congtybinhminh.com\/wp-content\/uploads\/2019\/10\/bang-dieu-khien-may-rang_result-711x400.webp 711w, https:\/\/congtybinhminh.com\/wp-content\/uploads\/2019\/10\/bang-dieu-khien-may-rang_result-768x432.webp 768w, https:\/\/congtybinhminh.com\/wp-content\/uploads\/2019\/10\/bang-dieu-khien-may-rang_result-510x287.webp 510w\" sizes=\"auto, (max-width: 800px) 100vw, 800px\" \/><\/p>\n<p><em>C\u00f4ng t\u1eafc ngu\u1ed3n:<\/em> khi m\u00e1y ho\u1ea1t \u0111\u1ed9ng s\u1ebd c\u00f3 \u0111\u00e8n b\u00e1o hi\u1ec3n th\u1ecb ch\u1ec9 s\u1ed1 \u0111i\u1ec7n \u00e1p ngu\u1ed3n \u0111i\u1ec7n.<\/p>\n<p><em>\u0110\u1ed3ng h\u1ed3 \u0111i\u1ec1u ch\u1ec9nh nhi\u1ec7t \u0111\u1ed9<\/em> : \u0111\u1ec3 l\u1ef1a ch\u1ecdn nhi\u1ec7t \u0111\u1ed9 rang th\u00edch h\u1ee3p v\u1edbi t\u1eebng lo\u1ea1i nguy\u00ean li\u1ec7u.<\/p>\n<p><em>\u0110\u1ed3ng h\u1ed3 h\u1eb9n gi\u1edd<\/em> : ti\u1ec7n d\u1ee5ng t\u1ef1 ng\u1eaft sau khi h\u1ebft th\u1eddi gian c\u00e0i \u0111\u1eb7t. Gi\u00fap ng\u01b0\u1eddi d\u00f9ng kh\u00f4ng ph\u1ea3i ng\u1ed3i \u0111\u1ee3i \u0111\u1ec3 t\u1eaft m\u00e1y khi ho\u00e0n th\u00e0nh.<\/p>\n<p><em>C\u00f4ng t\u1eafc \u0111\u1ea3o chi\u1ec1u<\/em> : c\u00f3 t\u00e1c d\u1ee5ng khi th\u00e0nh ph\u1ea9m ch\u00edn \u0111\u1ea3o chi\u1ec1u c\u00f4ng t\u1eafc s\u1ebd \u0111\u01b0a th\u00e0nh ph\u1ea9m ra ngo\u00e0i theo m\u00e1ng \u1ee9ng nguy\u00ean li\u1ec7u.<\/p>\n<h2><span id=\"May_rang_da_nang_R30_Cua_Binh_Quan_Group_co_gi_noi_troi_hon_cac_dong_may_rang_khac\" class=\"ez-toc-section\"><\/span>M\u00e1y rang \u0111a n\u0103ng R30 C\u1ee7a B\u00ecnh Minh c\u00f3 g\u00ec n\u1ed5i tr\u1ed9i h\u01a1n c\u00e1c d\u00f2ng m\u00e1y rang kh\u00e1c?<\/h2>\n<p>Trong qu\u00e1 tr\u00ecnh s\u00e1ng ch\u1ebf v\u00e0 s\u1ea3n xu\u1ea5t, B\u00ecnh Qu\u00e2n Group \u0111\u00e3 l\u1eafp \u0111\u1eb7t th\u00eam d\u00e2y ti\u1ebfp m\u00e1t (hay c\u00f2n g\u1ecdi d\u00e2y trung t\u00ednh) v\u00e0 aptomat ch\u1ed1ng gi\u1eadt trong m\u00e1y rang \u0111\u1ec3 \u0111\u1ea3m b\u1ea3o an to\u00e0n tuy\u1ec7t \u0111\u1ed1i cho ng\u01b0\u1eddi s\u1eed d\u1ee5ng khi m\u00e1y ho\u1ea1t \u0111\u1ed9ng.<\/p>\n<p>Bu\u1ed3ng rang c\u00f3 th\u1ec3 ch\u1ee9a \u0111\u01b0\u1ee3c l\u00ean t\u1edbi 20 \u2013 25 kg\/m\u1ebb v\u1edbi 3 c\u00e1nh \u0111\u1ea3o nguy\u00ean li\u1ec7u li\u00ean t\u1ee5c gi\u00fap th\u00e0nh ph\u1ea9m sau rang ch\u00edn \u0111\u1ec1u, \u0111\u1eb9p m\u1eaft<\/p>\n<p><img loading=\"lazy\" decoding=\"async\" class=\"aligncenter wp-image-8207 size-full\" src=\"https:\/\/congtybinhminh.com\/wp-content\/uploads\/2019\/10\/Thanh-pham-13.webp\" alt=\"\" width=\"800\" height=\"600\" srcset=\"https:\/\/congtybinhminh.com\/wp-content\/uploads\/2019\/10\/Thanh-pham-13.webp 800w, https:\/\/congtybinhminh.com\/wp-content\/uploads\/2019\/10\/Thanh-pham-13-510x383.webp 510w, https:\/\/congtybinhminh.com\/wp-content\/uploads\/2019\/10\/Thanh-pham-13-533x400.webp 533w, https:\/\/congtybinhminh.com\/wp-content\/uploads\/2019\/10\/Thanh-pham-13-768x576.webp 768w\" sizes=\"auto, (max-width: 800px) 100vw, 800px\" \/><\/p>\n<p>M\u00e1y c\u00f3 th\u1ec3 s\u1eed d\u1ee5ng c\u00f4ng su\u1ea5t \u0111\u1ed9ng c\u01a1 1.5kw ho\u1eb7c c\u00f4ng su\u1ea5t \u0111\u1ed9ng c\u01a1 gi\u1ea3m t\u1ed1c 0.75kw (t\u00f9y theo nhu c\u1ea7u ng\u01b0\u1eddi s\u1eed d\u1ee5ng).<\/p>\n<h2>Nhi\u1ec7t \u0111\u1ed9 c\u1ee7a m\u00e1y rang l\u00e0 bao nhi\u00eau?<\/h2>\n<p>M\u00e1y rang \u0111\u01b0\u1ee3c thi\u1ebft k\u1ebf b\u1ed9 \u0111i\u1ec1u ch\u1ec9nh nhi\u1ec7t \u0111\u1ed9. V\u00ec v\u1eady c\u00f3 th\u1ec3 \u0111i\u1ec1u ch\u1ec9nh \u0111\u01b0\u1ee3c t\u1eeb 0 \u2013 399 \u0111\u1ed9 C, gi\u00fap qu\u00fd kh\u00e1ch c\u00f3 th\u1ec3 rang nhi\u1ec1u lo\u1ea1i nguy\u00ean li\u1ec7u v\u1edbi c\u00e1c k\u00edch th\u01b0\u1edbc kh\u00e1c nhau.<\/p>\n<p><img loading=\"lazy\" decoding=\"async\" class=\"aligncenter wp-image-8208 size-full\" src=\"https:\/\/congtybinhminh.com\/wp-content\/uploads\/2019\/10\/Nguyen-lieu-rang.webp\" alt=\"\" width=\"800\" height=\"600\" srcset=\"https:\/\/congtybinhminh.com\/wp-content\/uploads\/2019\/10\/Nguyen-lieu-rang.webp 800w, https:\/\/congtybinhminh.com\/wp-content\/uploads\/2019\/10\/Nguyen-lieu-rang-510x383.webp 510w, https:\/\/congtybinhminh.com\/wp-content\/uploads\/2019\/10\/Nguyen-lieu-rang-533x400.webp 533w, https:\/\/congtybinhminh.com\/wp-content\/uploads\/2019\/10\/Nguyen-lieu-rang-768x576.webp 768w\" sizes=\"auto, (max-width: 800px) 100vw, 800px\" \/><\/p>\n<p>Khi rang n\u00ean \u0111\u1ec3 nhi\u1ec7t \u0111\u1ed9 v\u1eeba ph\u1ea3i. Rang tuy l\u00e2u h\u01a1n nh\u01b0ng tr\u00e1nh b\u1ecb ch\u00e1y. N\u00ean \u0111\u1ec3 nhi\u1ec7t \u0111\u1ed9 t\u1ed1i \u0111a khi rang ch\u1ec9 kho\u1ea3ng d\u01b0\u1edbi 250 \u0111\u1ed9 C.<\/p>\n<h2>L\u1ef1a ch\u1ecdn mua m\u00e1y t\u1ea1i B\u00ecnh Minh<\/h2>\n<p><img loading=\"lazy\" decoding=\"async\" class=\"aligncenter wp-image-9755 size-full\" src=\"https:\/\/congtybinhminh.com\/wp-content\/uploads\/2023\/06\/dia-chi-mua-may-rang-hatcopy-2_result222.webp\" alt=\"dia-chi-mua-may-rang-hatcopy 2_result222\" width=\"800\" height=\"1139\" srcset=\"https:\/\/congtybinhminh.com\/wp-content\/uploads\/2023\/06\/dia-chi-mua-may-rang-hatcopy-2_result222.webp 800w, https:\/\/congtybinhminh.com\/wp-content\/uploads\/2023\/06\/dia-chi-mua-may-rang-hatcopy-2_result222-281x400.webp 281w, https:\/\/congtybinhminh.com\/wp-content\/uploads\/2023\/06\/dia-chi-mua-may-rang-hatcopy-2_result222-562x800.webp 562w, https:\/\/congtybinhminh.com\/wp-content\/uploads\/2023\/06\/dia-chi-mua-may-rang-hatcopy-2_result222-768x1093.webp 768w, https:\/\/congtybinhminh.com\/wp-content\/uploads\/2023\/06\/dia-chi-mua-may-rang-hatcopy-2_result222-510x726.webp 510w\" sizes=\"auto, (max-width: 800px) 100vw, 800px\" \/><\/p>\n<p>D\u00f2ng m\u00e1y rang \u0111\u01b0\u1ee3c c\u00f4ng ty tr\u1ef1c ti\u1ebfp ch\u1ebf t\u1ea1o v\u00e0 s\u1ea3n xu\u1ea5t \u0111\u1ea3m b\u1ea3o ch\u1ea5t l\u01b0\u1ee3ng. Gi\u00e1 th\u00e0nh kh\u00f4ng qua kh\u00e2u trung gian.<\/p>\n<p>Khi mua h\u00e0ng qu\u00fd v\u1ecb s\u1ebd \u0111\u01b0\u1ee3c b\u1ea3o h\u00e0nh s\u1ea3n ph\u1ea9m 12 th\u00e1ng<\/p>\n<p>\u0110\u1ed9i ng\u0169 nh\u00e2n vi\u00ean d\u00e0y d\u1eb7n kinh nghi\u1ec7m h\u1ed7 tr\u1ee3 t\u01b0 v\u1ea5n nhi\u1ec7t t\u00ecnh chu \u0111\u00e1o.<\/p>\n<p>C\u00f4ng ty lu\u00f4n s\u1eb5n linh ki\u1ec7n thay th\u1ebf khi g\u1eb7p tr\u01b0\u1eddng h\u1ee3p h\u1ecfng h\u00f3c<\/p>\n<h2>Th\u00f4ng s\u1ed1 k\u1ef9 thu\u1eadt<\/h2>\n<div class=\"divTable blueTable\">\n<div class=\"divTableBody\">\n<div class=\"divTableRow\">\n<div class=\"divTableCell\">\n<table border=\"1\" cellspacing=\"1\" cellpadding=\"1\">\n<tbody>\n<tr>\n<td>C\u00f4ng su\u1ea5t \u0111\u1ed9ng c\u01a1<\/td>\n<td>1.5kw ho\u1eb7c \u0111\u1ed9ng c\u01a1 gi\u1ea3m t\u1ed1c 0.75kw<\/td>\n<\/tr>\n<tr>\n<td>C\u00f4ng su\u1ea5t ti\u00eau th\u1ee5 nhi\u1ec7t<\/td>\n<td>\n<div class=\"divTableCell\">15 thanh nhi\u1ec7t, c\u00f4ng su\u1ea5t 500 \u2013 800W\/thanh nhi\u1ec7t<\/div>\n<\/td>\n<\/tr>\n<tr>\n<td>T\u1ed1c \u0111\u1ed9 v\u00f2ng quay \u0111\u1ed9ng c\u01a1<\/td>\n<td>1450( v\/p)<\/td>\n<\/tr>\n<tr>\n<td>Tr\u1ecdng l\u01b0\u1ee3ng(nguy\u00ean b\u1ed9)<\/td>\n<td>219kg<\/td>\n<\/tr>\n<tr>\n<td>N\u0103ng su\u1ea5t<\/td>\n<td>20-25kg\/gi\u1edd<\/td>\n<\/tr>\n<tr>\n<td>K\u00edch th\u01b0\u1edbc ( D * C * R )<\/td>\n<td>153*142*64cm<\/td>\n<\/tr>\n<tr>\n<td>B\u1ea3o h\u00e0nh<\/td>\n<td>06\u00a0th\u00e1ng<\/td>\n<\/tr>\n<tr>\n<td>H\u00ecnh th\u1ee9c thanh to\u00e1n<\/td>\n<td>Ti\u1ec1n m\u1eb7t ho\u1eb7c chuy\u1ec3n kho\u1ea3n<\/td>\n<\/tr>\n<\/tbody>\n<\/table>\n<\/div>\n<\/div>\n<\/div>\n<\/div>\n","protected":false},"excerpt":{"rendered":"<ul>\n<li>H\u00e3ng s\u1ea3n xu\u1ea5t: B\u00ecnh Minh<\/li>\n<li>Ngu\u1ed3n \u0111i\u1ec7n: 380V<\/li>\n<li>N\u0103ng su\u1ea5t: 20 \u2013 25kg\/m\u1ebb<\/li>\n<li>Tr\u1ecdng l\u01b0\u1ee3ng (nguy\u00ean b\u1ed9): 219kg<\/li>\n<li>C\u00f4ng su\u1ea5t ti\u00eau th\u1ee5 nhi\u1ec7t: 15 thanh nhi\u1ec7t, m\u1ed7i thanh nhi\u1ec7t 500-800W\/thanh<\/li>\n<li>T\u00ednh n\u0103ng: m\u00e1y c\u00f3 nhi\u1ec7m v\u1ee5 rang \u0111\u1ec1u, ch\u00edn c\u00e1c lo\u1ea1i nguy\u00ean li\u1ec7u: h\u1ea1t ti\u00eau. h\u01b0\u1edbng d\u01b0\u01a1ng, \u0111\u1ed7, ng\u0169 c\u1ed1c,\u2026 v\u00e0 nhi\u1ec1u nguy\u00ean li\u1ec7u kh\u00e1c.<\/li>\n<\/ul>\n","protected":false},"featured_media":11260,"comment_status":"closed","ping_status":"closed","template":"","meta":[],"product_brand":[],"product_cat":[28],"product_tag":[],"class_list":{"0":"post-268","1":"product","2":"type-product","3":"status-publish","4":"has-post-thumbnail","6":"product_cat-may-rang","8":"first","9":"instock","10":"shipping-taxable","11":"product-type-simple"},"_links":{"self":[{"href":"https:\/\/congtybinhminh.com\/index.php?rest_route=\/wp\/v2\/product\/268","targetHints":{"allow":["GET"]}}],"collection":[{"href":"https:\/\/congtybinhminh.com\/index.php?rest_route=\/wp\/v2\/product"}],"about":[{"href":"https:\/\/congtybinhminh.com\/index.php?rest_route=\/wp\/v2\/types\/product"}],"replies":[{"embeddable":true,"href":"https:\/\/congtybinhminh.com\/index.php?rest_route=%2Fwp%2Fv2%2Fcomments&post=268"}],"wp:featuredmedia":[{"embeddable":true,"href":"https:\/\/congtybinhminh.com\/index.php?rest_route=\/wp\/v2\/media\/11260"}],"wp:attachment":[{"href":"https:\/\/congtybinhminh.com\/index.php?rest_route=%2Fwp%2Fv2%2Fmedia&parent=268"}],"wp:term":[{"taxonomy":"product_brand","embeddable":true,"href":"https:\/\/congtybinhminh.com\/index.php?rest_route=%2Fwp%2Fv2%2Fproduct_brand&post=268"},{"taxonomy":"product_cat","embeddable":true,"href":"https:\/\/congtybinhminh.com\/index.php?rest_route=%2Fwp%2Fv2%2Fproduct_cat&post=268"},{"taxonomy":"product_tag","embeddable":true,"href":"https:\/\/congtybinhminh.com\/index.php?rest_route=%2Fwp%2Fv2%2Fproduct_tag&post=268"}],"curies":[{"name":"wp","href":"https:\/\/api.w.org\/{rel}","templated":true}]}}