{"id":1979,"date":"2019-12-27T14:28:26","date_gmt":"2019-12-27T07:28:26","guid":{"rendered":"https:\/\/congtybinhminh.com\/?post_type=product&#038;p=1979"},"modified":"2024-04-29T10:12:32","modified_gmt":"2024-04-29T03:12:32","slug":"may-tron-ngang","status":"publish","type":"product","link":"https:\/\/congtybinhminh.com\/?product=may-tron-ngang","title":{"rendered":"M\u00e1y tr\u1ed9n th\u1ee9c \u0103n ch\u0103n nu\u00f4i MT50"},"content":{"rendered":"<h2><strong>Xem video tr\u1ef1c ti\u1ebfp t\u1ea1i \u0111\u00e2y:<\/strong><\/h2>\n<p><iframe loading=\"lazy\" title=\"T\u01b0 V\u1ea5n M\u00e1y Tr\u1ed9n H\u1ed7n H\u1ee3p Th\u1ee9c \u0102n Ch\u0103n Nu\u00f4i Gi\u00e0nh Cho M\u1ecdi H\u1ed9 Ch\u0103n Nu\u00f4i - Trang Tr\u1ea1i L\u1edbn\" width=\"1020\" height=\"574\" src=\"https:\/\/www.youtube.com\/embed\/YugtwePGHcc?feature=oembed\" frameborder=\"0\" allow=\"accelerometer; autoplay; clipboard-write; encrypted-media; gyroscope; picture-in-picture; web-share\" referrerpolicy=\"strict-origin-when-cross-origin\" allowfullscreen><\/iframe><\/p>\n<h2><span id=\"Gioi_thieu_ve_may_tron_nguyen_lieu_nam_ngang\" class=\"ez-toc-section\"><strong>Gi\u1edbi thi\u1ec7u v\u1ec1 m\u00e1y tr\u1ed9n nguy\u00ean li\u1ec7u n\u1eb1m ngang<\/strong><\/span><\/h2>\n<p>M\u00e1y tr\u1ed9n nguy\u00ean li\u1ec7u n\u1eb1m ngang thu\u1ed9c d\u00f2ng m\u00e1y ch\u1ebf bi\u1ebfn th\u1ee9c \u0103n ch\u0103n nu\u00f4i c\u1ee7a c\u00f4ng ty b\u00ecnh Minh. M\u00e1y do c\u00f4ng ty B\u00ecnh Minh ch\u1ebf t\u1ea1o v\u00e0 s\u1ea3n xu\u1ea5t v\u1edbi nhi\u1ec1u c\u1ea3i ti\u1ebfn hi\u1ec7n \u0111\u1ea1i, c\u00f3 s\u1ee9c ch\u01b0a t\u1edbi 50kg nguy\u00ean li\u1ec7u trong m\u1ed7i m\u1ebb.<\/p>\n<p><img loading=\"lazy\" decoding=\"async\" class=\"aligncenter wp-image-9649 size-full\" src=\"https:\/\/congtybinhminh.com\/wp-content\/uploads\/2019\/12\/may-tron-thuc-an-chan-nuoi-50kg_result222.webp\" alt=\"may-tron-thuc-an-chan-nuoi-50kg_result222\" width=\"800\" height=\"1081\" srcset=\"https:\/\/congtybinhminh.com\/wp-content\/uploads\/2019\/12\/may-tron-thuc-an-chan-nuoi-50kg_result222.webp 800w, https:\/\/congtybinhminh.com\/wp-content\/uploads\/2019\/12\/may-tron-thuc-an-chan-nuoi-50kg_result222-296x400.webp 296w, https:\/\/congtybinhminh.com\/wp-content\/uploads\/2019\/12\/may-tron-thuc-an-chan-nuoi-50kg_result222-592x800.webp 592w, https:\/\/congtybinhminh.com\/wp-content\/uploads\/2019\/12\/may-tron-thuc-an-chan-nuoi-50kg_result222-768x1038.webp 768w, https:\/\/congtybinhminh.com\/wp-content\/uploads\/2019\/12\/may-tron-thuc-an-chan-nuoi-50kg_result222-510x689.webp 510w\" sizes=\"auto, (max-width: 800px) 100vw, 800px\" \/><\/p>\n<p>M\u00e1y chuy\u00ean d\u00f9ng \u0111\u1ec3 ph\u1ed1i tr\u1ed9n c\u00e1c nguy\u00ean li\u1ec7u l\u00e0m th\u1ee9c \u0103n ch\u0103n nu\u00f4i gi\u00fap v\u1eadt nu\u00f4i c\u00f3 ngu\u1ed3n th\u1ee9c \u0103n \u0111\u1ea3m b\u1ea3o ch\u1ea5t dinh d\u01b0\u1ee1ng \u0111\u1ec3 sinh tr\u01b0\u1edfng v\u00e0 ph\u00e1t tri\u1ec3n t\u1ed1t.<\/p>\n<p><img loading=\"lazy\" decoding=\"async\" class=\"aligncenter wp-image-9650 size-full\" src=\"https:\/\/congtybinhminh.com\/wp-content\/uploads\/2019\/12\/quy-trinh-tron_result222.webp\" alt=\"quy-trinh-tron_result222\" width=\"800\" height=\"725\" srcset=\"https:\/\/congtybinhminh.com\/wp-content\/uploads\/2019\/12\/quy-trinh-tron_result222.webp 800w, https:\/\/congtybinhminh.com\/wp-content\/uploads\/2019\/12\/quy-trinh-tron_result222-441x400.webp 441w, https:\/\/congtybinhminh.com\/wp-content\/uploads\/2019\/12\/quy-trinh-tron_result222-768x696.webp 768w, https:\/\/congtybinhminh.com\/wp-content\/uploads\/2019\/12\/quy-trinh-tron_result222-510x462.webp 510w\" sizes=\"auto, (max-width: 800px) 100vw, 800px\" \/><\/p>\n<p>M\u00e1y \u0111\u01b0\u1ee3c s\u1eed d\u1ee5ng \u0111\u1ec3 ph\u1ed1i tr\u1ed9n c\u00e1c lo\u1ea1i nguy\u00ean li\u1ec7u nh\u01b0 b\u1ed9t c\u00e1m, rau c\u1ee7 b\u0103m, b\u1ed9t vitamin, \u2026 th\u00e0nh h\u1ed7n h\u1ee3p. M\u00e1y c\u00f3 th\u1ec3 tr\u1ed9n \u0111\u01b0\u1ee3c c\u1ea3 c\u00e1c nguy\u00ean li\u1ec7u \u1edf d\u1ea1ng kh\u00f4 v\u00e0 d\u1ea1ng \u01b0\u1edbt t\u00f9y theo c\u00e1ch th\u1ee9c ch\u1ebf bi\u1ebfn th\u1ee9c \u0103n cho t\u1eebng lo\u1ea1i v\u1eadt nu\u00f4i.<\/p>\n<h2><b>C\u1ea5u t\u1ea1o<\/b><\/h2>\n<p>M\u00e1y c\u00f3 thi\u1ebft k\u1ebf nh\u1ecf g\u1ecdn, khung m\u00e1y ch\u1eafc ch\u1eafn h\u1ea1n ch\u1ebf rung l\u1eafc trong qu\u00e1 tr\u00ecnh ho\u1ea1t \u0111\u1ed9ng. C\u1ea5u t\u1ea1o \u0111\u01a1n gi\u1ea3n g\u1ed3m 1 c\u1eeda n\u1ea1p, 1 c\u1eeda x\u1ea3 nguy\u00ean li\u1ec7u v\u00e0 h\u1ec7 th\u1ed1ng bu\u1ed3ng tr\u1ed9n r\u1ed9ng r\u00e3i.<\/p>\n<p><img loading=\"lazy\" decoding=\"async\" class=\"aligncenter wp-image-9651 size-full\" src=\"https:\/\/congtybinhminh.com\/wp-content\/uploads\/2019\/12\/cau-tao-may-tron-thuc-an-chan-nuoi-mt50_result222.webp\" alt=\"cau-tao-may-tron-thuc-an-chan-nuoi-mt50_result222\" width=\"800\" height=\"676\" srcset=\"https:\/\/congtybinhminh.com\/wp-content\/uploads\/2019\/12\/cau-tao-may-tron-thuc-an-chan-nuoi-mt50_result222.webp 800w, https:\/\/congtybinhminh.com\/wp-content\/uploads\/2019\/12\/cau-tao-may-tron-thuc-an-chan-nuoi-mt50_result222-473x400.webp 473w, https:\/\/congtybinhminh.com\/wp-content\/uploads\/2019\/12\/cau-tao-may-tron-thuc-an-chan-nuoi-mt50_result222-768x649.webp 768w, https:\/\/congtybinhminh.com\/wp-content\/uploads\/2019\/12\/cau-tao-may-tron-thuc-an-chan-nuoi-mt50_result222-510x431.webp 510w\" sizes=\"auto, (max-width: 800px) 100vw, 800px\" \/><\/p>\n<p>C\u1eeda n\u1ea1p nguy\u00ean li\u1ec7u \u0111\u01b0\u1ee3c trang b\u1ecb n\u1eafp d\u1ea1ng l\u1ed7 t\u1ea1o \u0111i\u1ec1u ki\u1ec7n thu\u1eadn l\u1ee3i cho vi\u1ec7c th\u00eam n\u01b0\u1edbc v\u00e0o bu\u1ed3ng m\u00e0 nguy\u00ean li\u1ec7u kh\u00f4ng b\u1ecb v\u0103ng b\u1eafn ra ngo\u00e0i trong qu\u00e1 tr\u00ecnh l\u00e0m vi\u1ec7c.<\/p>\n<p><img loading=\"lazy\" decoding=\"async\" class=\"aligncenter wp-image-9652 size-full\" src=\"https:\/\/congtybinhminh.com\/wp-content\/uploads\/2019\/12\/thung-tron_result222.webp\" alt=\"thung-tron_result222\" width=\"800\" height=\"600\" srcset=\"https:\/\/congtybinhminh.com\/wp-content\/uploads\/2019\/12\/thung-tron_result222.webp 800w, https:\/\/congtybinhminh.com\/wp-content\/uploads\/2019\/12\/thung-tron_result222-533x400.webp 533w, https:\/\/congtybinhminh.com\/wp-content\/uploads\/2019\/12\/thung-tron_result222-768x576.webp 768w, https:\/\/congtybinhminh.com\/wp-content\/uploads\/2019\/12\/thung-tron_result222-510x383.webp 510w\" sizes=\"auto, (max-width: 800px) 100vw, 800px\" \/><\/p>\n<p>Bu\u1ed3ng l\u00e0m vi\u1ec7c d\u1ea1ng v\u00f2ng cung t\u1ea1o \u0111i\u1ec1u ki\u1ec7n cho tr\u1ee5c xo\u1eafn quay v\u00e0 \u0111\u1ea3o \u0111\u1ec1u nguy\u00ean li\u1ec7u. Khi m\u00e1y ho\u1ea1t \u0111\u1ed9ng truy\u1ec1n chuy\u1ec3n \u0111\u1ed9ng \u0111\u1ebfn tr\u1ee5c quay c\u00e1nh xo\u1eafn cu\u1ed9n v\u00e0 \u0111\u1ea3o \u0111\u1ec1u nguy\u00ean li\u1ec7u. Tr\u1ee5c xo\u1eafn quay v\u1edbi t\u1ed1c \u0111\u1ed9 400-500 v\u00f2ng\/ph\u00fat gi\u00fap qu\u00e1 tr\u00ecnh \u0111\u1ea3o tr\u1ed9n \u0111\u01b0\u1ee3c di\u1ec5n ra li\u00ean t\u1ee5c, nguy\u00ean li\u1ec7u nhanh ch\u00f3ng \u0111\u01b0\u1ee3c h\u00f2a \u0111\u1ec1u c\u00f9ng nhau.<\/p>\n<p><img loading=\"lazy\" decoding=\"async\" class=\"aligncenter wp-image-9654 size-full\" src=\"https:\/\/congtybinhminh.com\/wp-content\/uploads\/2019\/12\/canh-tron-dao_result222.webp\" alt=\"canh-tron-dao_result222\" width=\"800\" height=\"599\" srcset=\"https:\/\/congtybinhminh.com\/wp-content\/uploads\/2019\/12\/canh-tron-dao_result222.webp 800w, https:\/\/congtybinhminh.com\/wp-content\/uploads\/2019\/12\/canh-tron-dao_result222-534x400.webp 534w, https:\/\/congtybinhminh.com\/wp-content\/uploads\/2019\/12\/canh-tron-dao_result222-768x575.webp 768w, https:\/\/congtybinhminh.com\/wp-content\/uploads\/2019\/12\/canh-tron-dao_result222-510x382.webp 510w\" sizes=\"auto, (max-width: 800px) 100vw, 800px\" \/><br \/>\nC\u1eeda ra \u0111\u01b0\u1ee3c l\u1eafp \u0111\u1eb7t b\u00ean d\u01b0\u1edbi bu\u1ed3ng tr\u1ed9n ti\u1ec7n l\u1ee3i cho vi\u1ec7c x\u1ea3 th\u00e0nh ph\u1ea9m v\u00e0 v\u1ec7 sinh c\u1ecd r\u1eeda d\u1ec5 d\u00e0ng.<\/p>\n<p><img loading=\"lazy\" decoding=\"async\" class=\"aligncenter wp-image-9653 size-full\" src=\"https:\/\/congtybinhminh.com\/wp-content\/uploads\/2019\/12\/cua-xa-thanh-pham_result222.webp\" alt=\"cua-xa-thanh-pham_result222\" width=\"800\" height=\"379\" srcset=\"https:\/\/congtybinhminh.com\/wp-content\/uploads\/2019\/12\/cua-xa-thanh-pham_result222.webp 800w, https:\/\/congtybinhminh.com\/wp-content\/uploads\/2019\/12\/cua-xa-thanh-pham_result222-768x364.webp 768w, https:\/\/congtybinhminh.com\/wp-content\/uploads\/2019\/12\/cua-xa-thanh-pham_result222-510x242.webp 510w\" sizes=\"auto, (max-width: 800px) 100vw, 800px\" \/><\/p>\n<h2><span id=\"Cam_ket_ve_gia_va_Chinh_sach_bao_hanh\" class=\"ez-toc-section\"><strong>Cam k\u1ebft v\u1ec1 gi\u00e1 v\u00e0 Ch\u00ednh s\u00e1ch b\u1ea3o h\u00e0nh<\/strong><\/span><\/h2>\n<ul>\n<li>M\u00e1y do c\u00f4ng ty tr\u1ef1c ti\u1ebfp ch\u1ebf t\u1ea1o v\u00e0 s\u1ea3n xu\u1ea5t t\u1ea1i x\u01b0\u1edfng, kh\u00f4ng qua trung gian, \u0111\u1ea3m b\u1ea3o gi\u00e1 r\u1ebb nh\u1ea5t, ch\u1ea5t l\u01b0\u1ee3ng t\u1ed1t nh\u1ea5t, b\u1ea3o h\u00e0nh thu\u1eadn ti\u1ec7n nh\u1ea5t.<\/li>\n<li>\u0110\u1ed9i ng\u0169 k\u1ef9 thu\u1eadt c\u00f3 tr\u00ecnh \u0111\u1ed9 chuy\u00ean m\u00f4n cao, s\u1eb5n s\u00e0ng h\u1ed7 tr\u1ee3 k\u1ef9 thu\u1eadt t\u1eadn t\u00ecnh v\u00e0 tr\u1ecdn \u0111\u1eddi.<\/li>\n<li>B\u1ea3o h\u00e0nh t\u1ea1i c\u00f4ng ty 6 th\u00e1ng cho tr\u01b0\u1eddng h\u1ee3p m\u00e1y l\u1ed7i k\u1ef9 thu\u1eadt do c\u00f4ng ty s\u1ea3n xu\u1ea5t. H\u1ebft th\u1eddi gian n\u00e0y t\u01b0 v\u1ea5n k\u1ef9 thu\u1eadt tr\u1ecdn \u0111\u1eddi s\u1ea3n ph\u1ea9m.<\/li>\n<\/ul>\n<h2><span id=\"Huong_dan_mua_hang\" class=\"ez-toc-section\"><strong>H\u01b0\u1edbng d\u1eabn mua h\u00e0ng<\/strong><\/span><\/h2>\n<p>Kh\u00e1ch h\u00e0ng \u0111\u1ebfn c\u00f4ng ty mua m\u00e1y v\u00e0 thanh to\u00e1n tr\u1ef1c ti\u1ebfp b\u1eb1ng ti\u1ec1n m\u1eb7t.<\/p>\n<p>\u0110\u1ed1i v\u1edbi nh\u1eefng kh\u00e1ch h\u00e0ng \u1edf xa, C\u00f4ng ty s\u1ebd h\u01b0\u1edbng d\u1eabn mua h\u00e0ng v\u00e0 h\u1ed7 tr\u1ee3 giao h\u00e0ng to\u00e0n qu\u1ed1c. Qu\u00fd kh\u00e1ch vui l\u00f2ng chuy\u1ec3n kho\u1ea3n \u0111\u1eb7t c\u1ecdc, s\u1ed1 ti\u1ec1n m\u00e1y c\u00f2n l\u1ea1i s\u1ebd thanh to\u00e1n tr\u1ef1c ti\u1ebfp cho \u0111\u01a1n v\u1ecb v\u1eadn chuy\u1ec3n.<\/p>\n<p>\u0110\u1ec3 \u0111\u01b0\u1ee3c cung c\u1ea5p th\u00eam th\u00f4ng tin v\u1ec1 c\u00e1c d\u00f2ng s\u1ea3n ph\u1ea9m c\u1ee7a c\u00f4ng ty B\u00ecnh Minh, k\u00ednh m\u1eddi Qu\u00fd kh\u00e1ch li\u00ean h\u1ec7:<\/p>\n<p><strong>C\u00d4NG TY TNHH D\u1ecaCH V\u1ee4 V\u00c0 S\u1ea2N XU\u1ea4T TH\u01af\u01a0NG M\u1ea0I XU\u1ea4T NH\u1eacP KH\u1ea8U B\u00ccNH MINH<\/strong><\/p>\n<p><strong>\u0110\u1ecba ch\u1ec9:<\/strong> S\u1ed1 249, Ph\u1ed1 L\u00ea L\u1ee3i \u2013 Ph\u01b0\u1eddng L\u00ea L\u1ee3i \u2013 Th\u1ecb x\u00e3 S\u01a1n T\u00e2y \u2013 Th\u00e0nh ph\u1ed1 H\u00e0 N\u1ed9i<\/p>\n<p>&nbsp;<\/p>\n","protected":false},"excerpt":{"rendered":"<ul>\n<li><strong>H\u00e3ng s\u1ea3n xu\u1ea5t :<\/strong>\u00a0B\u00ecnh Minh<\/li>\n<li><strong>C\u00f4ng su\u1ea5t \u0111\u1ed9ng c\u01a1:<\/strong>\u00a03 \u2013 3,5kw<\/li>\n<li><strong>Ngu\u1ed3n \u0111i\u1ec7n<\/strong>\u00a0: 220V \u2013 380v<\/li>\n<li><strong>N\u0103ng su\u1ea5t :<\/strong>\u00a05 \u2013 7 t\u1ea1\/gi\u1edd<\/li>\n<li><strong>Tr\u1ecdng l\u01b0\u1ee3ng :<\/strong>\u00a0126 kg<\/li>\n<li><strong>K\u00edch th\u01b0\u1edbc (d*c*r)<\/strong>\u00a0: 92*105*66 cm<\/li>\n<li><strong>T\u00ednh n\u0103ng:<\/strong> M\u00e1y tr\u1ed9n \u2013 \u0111\u1ea3o h\u1ed7n h\u1ee3p \u0111a d\u1ea1ng nguy\u00ean li\u1ec7u: b\u1ed9t c\u00e1m; ng\u00f4 h\u1ea1t; rau xanh..<\/li>\n<\/ul>\n<p>&nbsp;<\/p>\n","protected":false},"featured_media":9644,"comment_status":"closed","ping_status":"closed","template":"","meta":[],"product_brand":[],"product_cat":[98],"product_tag":[110,130,99],"class_list":{"0":"post-1979","1":"product","2":"type-product","3":"status-publish","4":"has-post-thumbnail","6":"product_cat-may-tron","7":"product_tag-may-tron-binh-minh","8":"product_tag-may-tron-cam","9":"product_tag-may-tron-nguyen-lieu","11":"first","12":"instock","13":"shipping-taxable","14":"product-type-simple"},"_links":{"self":[{"href":"https:\/\/congtybinhminh.com\/index.php?rest_route=\/wp\/v2\/product\/1979","targetHints":{"allow":["GET"]}}],"collection":[{"href":"https:\/\/congtybinhminh.com\/index.php?rest_route=\/wp\/v2\/product"}],"about":[{"href":"https:\/\/congtybinhminh.com\/index.php?rest_route=\/wp\/v2\/types\/product"}],"replies":[{"embeddable":true,"href":"https:\/\/congtybinhminh.com\/index.php?rest_route=%2Fwp%2Fv2%2Fcomments&post=1979"}],"wp:featuredmedia":[{"embeddable":true,"href":"https:\/\/congtybinhminh.com\/index.php?rest_route=\/wp\/v2\/media\/9644"}],"wp:attachment":[{"href":"https:\/\/congtybinhminh.com\/index.php?rest_route=%2Fwp%2Fv2%2Fmedia&parent=1979"}],"wp:term":[{"taxonomy":"product_brand","embeddable":true,"href":"https:\/\/congtybinhminh.com\/index.php?rest_route=%2Fwp%2Fv2%2Fproduct_brand&post=1979"},{"taxonomy":"product_cat","embeddable":true,"href":"https:\/\/congtybinhminh.com\/index.php?rest_route=%2Fwp%2Fv2%2Fproduct_cat&post=1979"},{"taxonomy":"product_tag","embeddable":true,"href":"https:\/\/congtybinhminh.com\/index.php?rest_route=%2Fwp%2Fv2%2Fproduct_tag&post=1979"}],"curies":[{"name":"wp","href":"https:\/\/api.w.org\/{rel}","templated":true}]}}