{"id":177,"date":"2019-10-29T09:55:37","date_gmt":"2019-10-29T02:55:37","guid":{"rendered":"https:\/\/congtybinhminh.com\/?post_type=product&#038;p=177"},"modified":"2024-07-18T16:02:44","modified_gmt":"2024-07-18T09:02:44","slug":"may-say-thuc-pham-da-nang","status":"publish","type":"product","link":"https:\/\/congtybinhminh.com\/?product=may-say-thuc-pham-da-nang","title":{"rendered":"M\u00e1y s\u1ea5y n\u00f4ng s\u1ea3n MS-01"},"content":{"rendered":"<p><strong>Xem video tr\u1ef1c ti\u1ebfp t\u1ea1i \u0111\u00e2y:<\/strong><\/p>\n<p><iframe loading=\"lazy\" title=\"Nguy\u00ean L\u00fd Ho\u1ea1t \u0110\u1ed9ng M\u00e1y S\u1ea5y Hoa Qu\u1ea3 Th\u1ef1c Ph\u1ea9m \u0110a N\u0103ng B\u00ecnh Minh\" width=\"1020\" height=\"574\" src=\"https:\/\/www.youtube.com\/embed\/gJZ6iL-LCjQ?feature=oembed\" frameborder=\"0\" allow=\"accelerometer; autoplay; clipboard-write; encrypted-media; gyroscope; picture-in-picture; web-share\" referrerpolicy=\"strict-origin-when-cross-origin\" allowfullscreen><\/iframe><\/p>\n<p>Th\u1ef1c ph\u1ea9m s\u1ea5y kh\u00f4 ng\u00e0y c\u00e0ng \u0111\u01b0\u1ee3c \u01b0a chu\u1ed9ng do h\u01b0\u01a1ng v\u1ecb th\u01a1m ngon, m\u00e0u s\u1eafc \u0111\u1eb9p m\u1eaft, v\u00e0 dinh d\u01b0\u1ee1ng c\u1ee7a n\u00f3.<\/p>\n<h2><b>Gi\u1edbi thi\u1ec7u m\u00e1y s\u1ea5y n\u00f4ng s\u1ea3n\u00a0<\/b><\/h2>\n<p>M\u00e1y s\u1ea5y th\u1ef1c ph\u1ea9m \u0111a n\u0103ng l\u00e0 d\u00f2ng s\u1ea3n ph\u1ea9m \u0111\u01b0\u1ee3c c\u1ea3i ti\u1ebfn, gi\u00fap cho ng\u01b0\u1eddi s\u1eed d\u1ee5ng c\u00f3 th\u1ec3 \u0111\u1ea3m b\u1ea3o \u0111\u01b0\u1ee3c ch\u1ea5t l\u01b0\u1ee3ng s\u1ea3n ph\u1ea9m<\/p>\n<p>M\u00e1y c\u00f3 th\u1ec3 s\u1ea5y \u0111\u01b0\u1ee3c \u0111a d\u1ea1ng c\u00e1c s\u1ea3n ph\u1ea9m : kh\u00f4 g\u00e0, th\u1ecbt tr\u00e2u, m\u1ea7m \u0111\u1eadu n\u00e0nh, c\u00e1, hoa qu\u1ea3 , d\u01b0\u1ee3c li\u1ec7u\u2026. t\u00f9y theo nhu c\u1ea7u c\u1ee7a ng\u01b0\u1eddi s\u1eed d\u1ee5ng<\/p>\n<p><img loading=\"lazy\" decoding=\"async\" class=\"aligncenter wp-image-9795 size-full\" src=\"https:\/\/congtybinhminh.com\/wp-content\/uploads\/2019\/10\/may-say-thuc-pham_result222.webp\" alt=\"may-say-thuc-pham_result222\" width=\"800\" height=\"1080\" srcset=\"https:\/\/congtybinhminh.com\/wp-content\/uploads\/2019\/10\/may-say-thuc-pham_result222.webp 800w, https:\/\/congtybinhminh.com\/wp-content\/uploads\/2019\/10\/may-say-thuc-pham_result222-296x400.webp 296w, https:\/\/congtybinhminh.com\/wp-content\/uploads\/2019\/10\/may-say-thuc-pham_result222-593x800.webp 593w, https:\/\/congtybinhminh.com\/wp-content\/uploads\/2019\/10\/may-say-thuc-pham_result222-768x1037.webp 768w, https:\/\/congtybinhminh.com\/wp-content\/uploads\/2019\/10\/may-say-thuc-pham_result222-510x689.webp 510w\" sizes=\"auto, (max-width: 800px) 100vw, 800px\" \/><\/p>\n<h2><strong>C\u1ea5u t\u1ea1o m\u00e1y s\u1ea5y n\u00f4ng s\u1ea3n\u00a0<\/strong><\/h2>\n<p>M\u00e1y c\u00f3 h\u1ec7 th\u1ed1ng ch\u1ed1t \u0111\u00f3ng m\u1edf, gi\u00fap ng\u01b0\u1eddi d\u00f9ng d\u1ec5 d\u00e0ng s\u1eed d\u1ee5ng.<\/p>\n<p>H\u1ec7 th\u1ed1ng gio\u0103ng cao su gi\u00fap cho nhi\u1ec7t \u0111\u01b0\u1ee3c gi\u1eef k\u00edn trong bu\u1ed3ng l\u00e0m vi\u1ec7c, kh\u00f4ng b\u1ecb to\u00e1t h\u01a1i n\u00f3ng ra b\u00ean ngo\u00e0i.<\/p>\n<p>H\u1ec7 th\u1ed1ng ti\u00eau th\u1ee5 nhi\u1ec7t g\u1ed3m 8 thanh nhi\u1ec7t ch\u1eef U (m\u1ed7i thanh c\u00f3 c\u00f4ng su\u1ea5t 800W) 8 thanh nhi\u1ec7t ch\u1eef U \u0111\u01b0\u1ee3c chia th\u00e0nh 4 h\u1ed9p nhi\u1ec7t, m\u1ed7i h\u1ed9p 2 thanh. Khi s\u1eed d\u1ee5ng n\u1ebfu 1 h\u1ed9p nhi\u1ec7t h\u1ecfng s\u1ebd kh\u00f4ng l\u00e0m \u1ea3nh h\u01b0\u1edfng \u0111\u1ebfn nh\u1eefng h\u1ed9p nhi\u1ec7t c\u00f2n l\u1ea1i<\/p>\n<p>\u0110i theo 4 h\u1ed9p nhi\u1ec7t l\u00e0 h\u1ec7 th\u1ed1ng qu\u1ea1t \u0111\u1ed1i l\u01b0u.V\u1edbi vi\u1ec7c c\u1ea3i ti\u1ebfn 4 qu\u1ea1t \u0111\u1ed1i l\u01b0u s\u1ebd \u0111\u01b0\u1ee3c n\u1ed1i tr\u1ef1c ti\u1ebfp v\u00e0o 4 h\u1ed9p nhi\u1ec7t, nhi\u1ec7t s\u1ebd \u0111\u01b0\u1ee3c th\u1ed5i nhanh xu\u1ed1ng c\u00e1c r\u00e3nh nhi\u1ec7t v\u00e0 t\u1ecfa \u0111\u1ec1u v\u00e0o c\u00e1c khay l\u00e0m cho c\u00e1c nguy\u00ean li\u1ec7u \u0111\u01b0\u1ee3c s\u1ea5y \u0111\u1ec1u h\u01a1n<img loading=\"lazy\" decoding=\"async\" class=\"wp-image-223 size-full aligncenter\" src=\"https:\/\/congtybinhminh.com\/wp-content\/uploads\/2019\/10\/thanh-nhiet-chu-u.png\" alt=\"thanh-nhiet-chu-u\" width=\"800\" height=\"600\" srcset=\"https:\/\/congtybinhminh.com\/wp-content\/uploads\/2019\/10\/thanh-nhiet-chu-u.png 800w, https:\/\/congtybinhminh.com\/wp-content\/uploads\/2019\/10\/thanh-nhiet-chu-u-510x383.png 510w, https:\/\/congtybinhminh.com\/wp-content\/uploads\/2019\/10\/thanh-nhiet-chu-u-533x400.png 533w, https:\/\/congtybinhminh.com\/wp-content\/uploads\/2019\/10\/thanh-nhiet-chu-u-768x576.png 768w\" sizes=\"auto, (max-width: 800px) 100vw, 800px\" \/><\/p>\n<ul>\n<li>B\u1ea3ng \u0111i\u1ec1u khi\u1ec3n th\u00f4ng minh bao g\u1ed3m : c\u00f4ng t\u1eafc ngu\u1ed3n, \u0111\u00e8n b\u00e1o, \u0111\u1ed3ng h\u1ed3 h\u1eb9n gi\u1edd, \u0111\u1ed3ng h\u1ed3 \u0111i\u1ec1u ch\u1ec9nh nhi\u1ec7t , s\u1ea5y ch\u00ednh, s\u1ea5y ph\u1ee5<\/li>\n<li>H\u1ec7 th\u1ed1ng bu\u1ed3ng l\u00e0m vi\u1ec7c c\u00f3 10 khay, c\u00e1c khay c\u00f3 k\u00edch th\u01b0\u1edbc\u00a0 CD: 95cm , CR: 76cm, l\u1ed7 tho\u00e1t kh\u00ed c\u1ee7a khay s\u1ea5y l\u00e0 0.7cm .<\/li>\n<li>C\u00e1c khay s\u1ea5y \u0111\u01b0\u1ee3c l\u00e0m ho\u00e0n to\u00e0n b\u1eb1ng ch\u1ea5t li\u1ec7u inox, \u0111\u1ea3m b\u1ea3o v\u1ec7 sinh an to\u00e0n cho ng\u01b0\u1eddi s\u1eed d\u1ee5ng<\/li>\n<li>Khung m\u00e1y \u0111\u01b0\u1ee3c l\u00e0m b\u1eb1ng s\u1eaft v\u1edbi l\u1edbp l\u00f3t b\u00f4ng th\u1ee7y tinh c\u00e1ch nhi\u1ec7t, gi\u00fap cho nhi\u1ec7t kh\u00f4ng b\u1ecb t\u1ecfa ra ngo\u00e0i, \u0111\u1ea3m b\u1ea3o h\u1ec7 th\u1ed1ng bu\u1ed3ng s\u1ea5y \u0111\u01b0\u1ee3c \u1ed5n \u0111inh nhi\u1ec7t .<\/li>\n<li><img loading=\"lazy\" decoding=\"async\" class=\"aligncenter wp-image-226 size-full\" src=\"https:\/\/congtybinhminh.com\/wp-content\/uploads\/2019\/10\/khay-inox.png\" alt=\"khay-inox\" width=\"800\" height=\"600\" srcset=\"https:\/\/congtybinhminh.com\/wp-content\/uploads\/2019\/10\/khay-inox.png 800w, https:\/\/congtybinhminh.com\/wp-content\/uploads\/2019\/10\/khay-inox-510x383.png 510w, https:\/\/congtybinhminh.com\/wp-content\/uploads\/2019\/10\/khay-inox-533x400.png 533w, https:\/\/congtybinhminh.com\/wp-content\/uploads\/2019\/10\/khay-inox-768x576.png 768w\" sizes=\"auto, (max-width: 800px) 100vw, 800px\" \/><\/li>\n<\/ul>\n<h2><span id=\"Uu_diem_vuot_troi_cua_may_say_thuc_pham_da_nang\" class=\"ez-toc-section\"><strong>\u01afu \u0111i\u1ec3m v\u01b0\u1ee3t tr\u1ed9i c\u1ee7a m\u00e1y s\u1ea5y th\u1ef1c ph\u1ea9m \u0111a n\u0103ng<\/strong><\/span><\/h2>\n<ul>\n<li>N\u0103ng su\u1ea5t cao, l\u00ean t\u1edbi 80-100kg nguy\u00ean li\u1ec7u cho 1 m\u1ebb s\u1ea5y.<\/li>\n<li>M\u00e1y s\u1eed d\u1ee5ng ngu\u1ed3n \u0111i\u1ec7n 220V, d\u1ec5 d\u00e0ng v\u1eadn h\u00e0nh.<\/li>\n<li>M\u00e1y \u0111\u01b0\u1ee3c trang b\u1ecb th\u00eam d\u00e2y m\u00e1t, \u0111\u1ea3m b\u1ea3o an to\u00e0n khi s\u1eed d\u1ee5ng.<\/li>\n<li>S\u1ea5y kh\u00f4 nhanh nhi\u1ec1u lo\u1ea1i nguy\u00ean li\u1ec7u.<\/li>\n<li>\u1ed0ng tho\u00e1t kh\u00ed.<\/li>\n<li>Khoang l\u00e0m vi\u1ec7c 100% b\u1eb1ng inox, \u0111\u1ea3m b\u1ea3o an to\u00e0n th\u1ef1c ph\u1ea9m, d\u1ec5 d\u00e0ng v\u1ec7 sinh m\u00e1y.<\/li>\n<li>N\u00e2ng c\u1ea5p 4 b\u00e1nh ch\u1eafc ch\u1eafn, d\u1ec5 d\u00e0ng di chuy\u1ec3n<\/li>\n<li><img loading=\"lazy\" decoding=\"async\" class=\"aligncenter wp-image-227 size-full\" src=\"https:\/\/congtybinhminh.com\/wp-content\/uploads\/2019\/10\/bang-dieu-khien.png\" alt=\"bang-dieu-khien\" width=\"800\" height=\"600\" srcset=\"https:\/\/congtybinhminh.com\/wp-content\/uploads\/2019\/10\/bang-dieu-khien.png 800w, https:\/\/congtybinhminh.com\/wp-content\/uploads\/2019\/10\/bang-dieu-khien-510x383.png 510w, https:\/\/congtybinhminh.com\/wp-content\/uploads\/2019\/10\/bang-dieu-khien-533x400.png 533w, https:\/\/congtybinhminh.com\/wp-content\/uploads\/2019\/10\/bang-dieu-khien-768x576.png 768w\" sizes=\"auto, (max-width: 800px) 100vw, 800px\" \/><\/li>\n<\/ul>\n<p><strong>Th\u00f4ng s\u1ed1 k\u1ef9 thu\u1eadt<\/strong><\/p>\n<table style=\"font-weight: 400\">\n<tbody>\n<tr>\n<td rowspan=\"2\" width=\"274\">\u00a0C\u00f4ng su\u1ea5t m\u00e1y<\/td>\n<td width=\"214\">C\u00f4ng su\u1ea5t ti\u00eau th\u1ee5 nhi\u1ec7t<\/td>\n<td width=\"213\">8 thanh nhi\u1ec7t ch\u1eef U (m\u1ed7i thanh c\u00f3 c\u00f4ng su\u1ea5t 800W)<\/td>\n<\/tr>\n<tr>\n<td width=\"214\">Ngu\u1ed3n \u0111i\u1ec7n<\/td>\n<td width=\"213\">220 ( V)<\/td>\n<\/tr>\n<tr>\n<td rowspan=\"1\" width=\"274\">Tr\u1ecdng l\u01b0\u1ee3ng m\u00e1y<\/td>\n<td width=\"214\">Nguy\u00ean b\u1ed9<\/td>\n<td width=\"213\">205( kg)<\/td>\n<\/tr>\n<tr>\n<td rowspan=\"2\" width=\"274\">B\u1ea3o h\u00e0nh<\/td>\n<td width=\"214\">K\u1ef9 thu\u1eadt<\/td>\n<td width=\"213\">06 th\u00e1ng<\/td>\n<\/tr>\n<tr>\n<td width=\"214\">\u0110\u1ed9ng c\u01a1<\/td>\n<td width=\"213\">Theo t\u1eebng h\u00e3ng s\u1ea3n xu\u1ea5t<\/td>\n<\/tr>\n<tr>\n<td width=\"274\">N\u0103ng su\u1ea5t<\/td>\n<td colspan=\"2\" width=\"427\">80 &#8211; 100 (kg\/m\u1ebb)<\/td>\n<\/tr>\n<tr>\n<td width=\"274\">K\u00edch th\u01b0\u1edbc to\u00e0n b\u1ed9 m\u00e1y (D*C*R)<\/td>\n<td colspan=\"2\" width=\"427\">103*163*100cm<\/td>\n<\/tr>\n<tr>\n<td width=\"274\">\u00a0K\u00edch th\u01b0\u1edbc khay s\u1ea5y (CD * CR)<\/td>\n<td colspan=\"2\" width=\"427\">95cm * 76cm<\/td>\n<\/tr>\n<tr>\n<td width=\"274\">H\u00ecnh th\u1ee9c thanh to\u00e1n<\/td>\n<td colspan=\"2\" width=\"427\"><i><em><b><strong>Ti\u1ec1n m\u1eb7t ho\u1eb7c chuy\u1ec3n kho\u1ea3n<\/strong><\/b><\/em><\/i><\/td>\n<\/tr>\n<\/tbody>\n<\/table>\n<p>&nbsp;<\/p>\n<p><span id=\"Cam_ket_ve_gia_va_Chinh_sach_bao_hanh\" class=\"ez-toc-section\"><strong>Cam k\u1ebft v\u1ec1 gi\u00e1 v\u00e0 Ch\u00ednh s\u00e1ch b\u1ea3o h\u00e0nh<\/strong><\/span><\/p>\n<ul>\n<li>M\u00e1y do c\u00f4ng ty tr\u1ef1c ti\u1ebfp ch\u1ebf t\u1ea1o v\u00e0 s\u1ea3n xu\u1ea5t t\u1ea1i x\u01b0\u1edfng, kh\u00f4ng qua trung gian, \u0111\u1ea3m b\u1ea3o gi\u00e1 r\u1ebb nh\u1ea5t, ch\u1ea5t l\u01b0\u1ee3ng t\u1ed1t nh\u1ea5t, b\u1ea3o h\u00e0nh thu\u1eadn ti\u1ec7n nh\u1ea5t.<\/li>\n<li>\u0110\u1ed9i ng\u0169 k\u1ef9 thu\u1eadt c\u00f3 tr\u00ecnh \u0111\u1ed9 chuy\u00ean m\u00f4n cao, s\u1eb5n s\u00e0ng h\u1ed7 tr\u1ee3 k\u1ef9 thu\u1eadt t\u1eadn t\u00ecnh v\u00e0 tr\u1ecdn \u0111\u1eddi.<\/li>\n<li>B\u1ea3o h\u00e0nh t\u1ea1i c\u00f4ng ty 6 th\u00e1ng cho tr\u01b0\u1eddng h\u1ee3p m\u00e1y l\u1ed7i k\u1ef9 thu\u1eadt do c\u00f4ng ty s\u1ea3n xu\u1ea5t. H\u1ebft th\u1eddi gian n\u00e0y t\u01b0 v\u1ea5n k\u1ef9 thu\u1eadt tr\u1ecdn \u0111\u1eddi s\u1ea3n ph\u1ea9m.<\/li>\n<\/ul>\n<p><span id=\"Huong_dan_mua_hang\" class=\"ez-toc-section\"><strong>H\u01b0\u1edbng d\u1eabn mua h\u00e0ng<\/strong><\/span><\/p>\n<p>Kh\u00e1ch h\u00e0ng \u0111\u1ebfn c\u00f4ng ty mua m\u00e1y v\u00e0 thanh to\u00e1n tr\u1ef1c ti\u1ebfp b\u1eb1ng ti\u1ec1n m\u1eb7t.<\/p>\n<p>\u0110\u1ed1i v\u1edbi nh\u1eefng kh\u00e1ch h\u00e0ng \u1edf xa, C\u00f4ng ty s\u1ebd h\u01b0\u1edbng d\u1eabn mua h\u00e0ng v\u00e0 h\u1ed7 tr\u1ee3 giao h\u00e0ng to\u00e0n qu\u1ed1c. Qu\u00fd kh\u00e1ch vui l\u00f2ng chuy\u1ec3n kho\u1ea3n \u0111\u1eb7t c\u1ecdc, s\u1ed1 ti\u1ec1n m\u00e1y c\u00f2n l\u1ea1i s\u1ebd thanh to\u00e1n tr\u1ef1c ti\u1ebfp cho \u0111\u01a1n v\u1ecb v\u1eadn chuy\u1ec3n.<\/p>\n<p>\u0110\u1ec3 \u0111\u01b0\u1ee3c cung c\u1ea5p th\u00eam th\u00f4ng tin v\u1ec1 c\u00e1c d\u00f2ng s\u1ea3n ph\u1ea9m c\u1ee7a c\u00f4ng ty B\u00ecnh Minh, k\u00ednh m\u1eddi Qu\u00fd kh\u00e1ch li\u00ean h\u1ec7:<\/p>\n<p><strong>C\u00d4NG TY TNHH D\u1ecaCH V\u1ee4 V\u00c0 S\u1ea2N XU\u1ea4T TH\u01af\u01a0NG M\u1ea0I XU\u1ea4T NH\u1eacP KH\u1ea8U B\u00ccNH MINH<\/strong><\/p>\n<p><strong>\u0110\u1ecba ch\u1ec9:<\/strong> S\u1ed1 249, Ph\u1ed1 L\u00ea L\u1ee3i \u2013 Ph\u01b0\u1eddng L\u00ea L\u1ee3i \u2013 Th\u1ecb x\u00e3 S\u01a1n T\u00e2y \u2013 Th\u00e0nh ph\u1ed1 H\u00e0 N\u1ed9i<\/p>\n","protected":false},"excerpt":{"rendered":"<p><strong>T\u00ednh n\u0103ng:<\/strong>\u00a0<em>S\u1ea5y kh\u00f4 nhanh v\u00e0 \u0111\u1ec1u c\u00e1c lo\u1ea1i hoa qu\u1ea3, th\u1ef1c ph\u1ea9m, d\u01b0\u1ee3c li\u1ec7u, ng\u0169 c\u1ed1c,\u2026<\/em><\/p>\n<p><strong>N\u0103ng su\u1ea5t:<\/strong>\u00a080 \u2013 100kg\/m\u1ebb<\/p>\n<p><strong>T\u1ed1c \u0111\u1ed9:<\/strong>\u00a080 v\u00f2ng\/ph\u00fat<\/p>\n<p><strong>\u0110\u1ed9ng c\u01a1:<\/strong>\u00a0H\u1ec7 th\u1ed1ng nhi\u1ec7t ti\u00eau th\u1ee5: 8 thanh nhi\u1ec7t ch\u1eef U, m\u1ed7i thanh nhi\u1ec7t c\u00f3 c\u00f4ng su\u1ea5t nhi\u1ec7t ti\u00eau th\u1ee5 800W\/thanh<\/p>\n<p><strong>\u0110i\u1ec7n n\u0103ng:<\/strong>\u00a0220V<\/p>\n<p><strong>Tr\u1ecdng l\u01b0\u1ee3ng<\/strong>: 205kg<\/p>\n<p><strong>Th\u01b0\u01a1ng hi\u1ec7u:<\/strong>\u00a0B\u00ecnh Minh<\/p>\n","protected":false},"featured_media":9790,"comment_status":"closed","ping_status":"closed","template":"","meta":[],"product_brand":[],"product_cat":[27],"product_tag":[],"class_list":{"0":"post-177","1":"product","2":"type-product","3":"status-publish","4":"has-post-thumbnail","6":"product_cat-may-say","8":"first","9":"instock","10":"shipping-taxable","11":"product-type-simple"},"_links":{"self":[{"href":"https:\/\/congtybinhminh.com\/index.php?rest_route=\/wp\/v2\/product\/177","targetHints":{"allow":["GET"]}}],"collection":[{"href":"https:\/\/congtybinhminh.com\/index.php?rest_route=\/wp\/v2\/product"}],"about":[{"href":"https:\/\/congtybinhminh.com\/index.php?rest_route=\/wp\/v2\/types\/product"}],"replies":[{"embeddable":true,"href":"https:\/\/congtybinhminh.com\/index.php?rest_route=%2Fwp%2Fv2%2Fcomments&post=177"}],"wp:featuredmedia":[{"embeddable":true,"href":"https:\/\/congtybinhminh.com\/index.php?rest_route=\/wp\/v2\/media\/9790"}],"wp:attachment":[{"href":"https:\/\/congtybinhminh.com\/index.php?rest_route=%2Fwp%2Fv2%2Fmedia&parent=177"}],"wp:term":[{"taxonomy":"product_brand","embeddable":true,"href":"https:\/\/congtybinhminh.com\/index.php?rest_route=%2Fwp%2Fv2%2Fproduct_brand&post=177"},{"taxonomy":"product_cat","embeddable":true,"href":"https:\/\/congtybinhminh.com\/index.php?rest_route=%2Fwp%2Fv2%2Fproduct_cat&post=177"},{"taxonomy":"product_tag","embeddable":true,"href":"https:\/\/congtybinhminh.com\/index.php?rest_route=%2Fwp%2Fv2%2Fproduct_tag&post=177"}],"curies":[{"name":"wp","href":"https:\/\/api.w.org\/{rel}","templated":true}]}}