{"id":173,"date":"2019-10-30T16:36:01","date_gmt":"2019-10-30T09:36:01","guid":{"rendered":"https:\/\/congtybinhminh.com\/?post_type=product&#038;p=173"},"modified":"2024-04-03T16:44:35","modified_gmt":"2024-04-03T09:44:35","slug":"may-nghien-bot-kho-sieu-min-inox-200","status":"publish","type":"product","link":"https:\/\/congtybinhminh.com\/?product=may-nghien-bot-kho-sieu-min-inox-200","title":{"rendered":"M\u00e1y nghi\u1ec1n b\u1ed9t kh\u00f4 si\u00eau m\u1ecbn inox 200"},"content":{"rendered":"<h2><strong>Xem video tr\u1ef1c ti\u1ebfp t\u1ea1i \u0111\u00e2y:<\/strong><\/h2>\n<h2>Gi\u1edbi thi\u1ec7u v\u1ec1 m\u00e1y nghi\u1ec1n b\u1ed9t kh\u00f4 si\u00eau m\u1ecbn inox 200<\/h2>\n<p><img loading=\"lazy\" decoding=\"async\" class=\"size-full wp-image-282 aligncenter\" src=\"https:\/\/congtybinhminh.com\/wp-content\/uploads\/2019\/10\/ngu-coc.jpg\" alt=\"\" width=\"800\" height=\"600\" srcset=\"https:\/\/congtybinhminh.com\/wp-content\/uploads\/2019\/10\/ngu-coc.jpg 800w, https:\/\/congtybinhminh.com\/wp-content\/uploads\/2019\/10\/ngu-coc-510x383.jpg 510w, https:\/\/congtybinhminh.com\/wp-content\/uploads\/2019\/10\/ngu-coc-533x400.jpg 533w, https:\/\/congtybinhminh.com\/wp-content\/uploads\/2019\/10\/ngu-coc-768x576.jpg 768w\" sizes=\"auto, (max-width: 800px) 100vw, 800px\" \/><\/p>\n<p>Ng\u0169 c\u1ed1c l\u00e0 m\u1ed9t trong nh\u1eefng nh\u00f3m th\u1ef1c ph\u1ea9m an to\u00e0n v\u00e0 c\u00f3 l\u1ee3i cho s\u1ee9c kh\u1ecfe c\u1ee7a con ng\u01b0\u1eddi n\u00ean r\u1ea5t \u0111\u01b0\u1ee3c \u01b0a chu\u1ed9ng v\u00e0 s\u1eed d\u1ee5ng ph\u1ed5 bi\u1ebfn trong nh\u1eefng b\u1eefa \u0103n h\u00e0ng ng\u00e0y.<\/p>\n<p><span style=\"font-weight: inherit\">Kh\u00f4ng ch\u1ec9 c\u00f3 gi\u00e1 tr\u1ecb d\u1ed3i d\u00e0o v\u1ec1 m\u1eb7t dinh d\u01b0\u1ee1ng nh\u01b0 kho\u00e1ng ch\u1ea5t, vitamin m\u00e0 c\u00f2n c\u00f3 t\u00e1c d\u1ee5ng gi\u1ea3m c\u00e2n, ng\u0103n ng\u1eeba b\u1ec7nh b\u00e9o ph\u00ec v\u00e0 b\u1ec7nh tim m\u1ea1ch hi\u1ec7u qu\u1ea3.<\/span><\/p>\n<p><span style=\"font-weight: inherit\">Ng\u00e0y nay, \u0111\u1ec3 th\u00e0nh ph\u1ea7n dinh d\u01b0\u1ee1ng trong ng\u0169 c\u1ed1c \u0111\u01b0\u1ee3c h\u1ea5p th\u1ee5 m\u1ed9t c\u00e1ch t\u1ed1t nh\u1ea5t c\u00e1c b\u00e0 n\u1ed9i tr\u1ee3 th\u01b0\u1eddng s\u1eed d\u1ee5ng ng\u0169 c\u1ed1c \u0111\u00e3 ch\u1ebf bi\u1ebfn th\u00e0nh b\u1ed9t d\u00f9ng pha n\u01b0\u1edbc u\u1ed1ng ho\u1eb7c n\u1ea5u ch\u00e1o \u0103n h\u00e0ng ng\u00e0y.<\/span><\/p>\n<p>Hi\u1ec3u \u0111\u01b0\u1ee3c nhu c\u1ea7u c\u1ee7a b\u00e0 con, c\u00f4ng ty B\u00ecnh Minh \u0111\u00e3 ch\u1ebf t\u1ea1o ra m\u00e1y nghi\u1ec1n b\u1ed9t kh\u00f4 si\u00eau m\u1ecbn inox 200 gi\u00fap nghi\u1ec1n h\u1ea1t ng\u0169 c\u1ed1c c\u00f3 d\u1ea7u v\u00e0 kh\u00f4ng d\u1ea7u th\u00e0nh b\u1ed9t si\u00eau m\u1ecbn \u0111\u1ea3m b\u1ea3o ch\u1ea5t l\u01b0\u1ee3ng.<\/p>\n<h3>M\u00f4 t\u1ea3 v\u1ec1 m\u00e1y nghi\u1ec1n b\u1ed9t kh\u00f4 si\u00eau m\u1ecbn inox 200<\/h3>\n<p><img loading=\"lazy\" decoding=\"async\" class=\"size-full wp-image-279 aligncenter\" src=\"https:\/\/congtybinhminh.com\/wp-content\/uploads\/2019\/10\/may-nghien-inox-200-1.png\" alt=\"\" width=\"800\" height=\"600\" srcset=\"https:\/\/congtybinhminh.com\/wp-content\/uploads\/2019\/10\/may-nghien-inox-200-1.png 800w, https:\/\/congtybinhminh.com\/wp-content\/uploads\/2019\/10\/may-nghien-inox-200-1-510x383.png 510w, https:\/\/congtybinhminh.com\/wp-content\/uploads\/2019\/10\/may-nghien-inox-200-1-533x400.png 533w, https:\/\/congtybinhminh.com\/wp-content\/uploads\/2019\/10\/may-nghien-inox-200-1-768x576.png 768w\" sizes=\"auto, (max-width: 800px) 100vw, 800px\" \/><\/p>\n<p>M\u00e1y nghi\u1ec1n b\u1ed9t kh\u00f4 si\u00eau m\u1ecbn inox 200 l\u00e0 d\u00f2ng m\u00e1y ch\u1ebf bi\u1ebfn th\u1ef1c ph\u1ea9m \u0111\u01b0\u1ee3c trang b\u1ecb nh\u1eefng thi\u1ebft k\u1ebf hi\u1ec7n \u0111\u1ea1i. M\u00e1y \u0111\u01b0\u1ee3c l\u00e0m b\u1eb1ng 100% ch\u1ea5t li\u1ec7u inox ch\u1ed1ng th\u1ea5m, ch\u1ed1ng g\u1ec9 cho ra s\u1ea3n ph\u1ea9m b\u1ed9t \u0111\u1ea3m b\u1ea3o an to\u00e0n v\u1ec7 sinh th\u1ef1c ph\u1ea9m.<\/p>\n<p>M\u00e1y c\u00f3 c\u1ea5u t\u1ea1o \u0111\u01a1n gi\u1ea3n g\u1ed3m: 1 c\u1eeda n\u1ea1p to r\u1ed9ng, thi\u1ebft k\u1ebf d\u1ea1ng d\u1ed1c c\u00f3 ch\u1ed1t \u0111i\u1ec1u ch\u1ec9nh l\u01b0\u1ee3ng nguy\u00ean li\u1ec7u \u0111i xu\u1ed1ng t\u1eeb t\u1eeb, 1 c\u1eeda ra th\u00e0nh ph\u1ea9m v\u00e0 h\u1ec7 th\u1ed1ng b\u00faa nghi\u1ec1n ch\u1eafc ch\u1eafn.<\/p>\n<p><img loading=\"lazy\" decoding=\"async\" class=\"size-full wp-image-281 aligncenter\" src=\"https:\/\/congtybinhminh.com\/wp-content\/uploads\/2019\/10\/nghien-inox-200-1.jpg\" alt=\"\" width=\"800\" height=\"600\" srcset=\"https:\/\/congtybinhminh.com\/wp-content\/uploads\/2019\/10\/nghien-inox-200-1.jpg 800w, https:\/\/congtybinhminh.com\/wp-content\/uploads\/2019\/10\/nghien-inox-200-1-510x383.jpg 510w, https:\/\/congtybinhminh.com\/wp-content\/uploads\/2019\/10\/nghien-inox-200-1-533x400.jpg 533w, https:\/\/congtybinhminh.com\/wp-content\/uploads\/2019\/10\/nghien-inox-200-1-768x576.jpg 768w\" sizes=\"auto, (max-width: 800px) 100vw, 800px\" \/><\/p>\n<p>Khi m\u00e1y ho\u1ea1t \u0111\u1ed9ng, nguy\u00ean li\u1ec7u \u1edf c\u1eeda n\u1ea1p \u0111\u01b0\u01a1c \u0111\u01b0a t\u1eeb t\u1eeb v\u00e0o bu\u1ed3ng l\u00e0m vi\u1ec7c, t\u1ea1i \u0111\u00e2y c\u00e1c nguy\u00ean li\u1ec7u \u0111\u01b0\u1ee3c nghi\u1ec1n nh\u1ecf b\u1edfi h\u1ec7 th\u1ed1ng b\u00faa \u0111\u1eadp ch\u1eafc ch\u1eafn. C\u00e1nh qu\u1ea1t b\u00faa \u0111\u1eadp quay theo chi\u1ec1u kim \u0111\u1ed3ng h\u1ed3 va ch\u1ea1m v\u00e0 ch\u00e0 s\u00e1t h\u1ea1t nguy\u00ean li\u1ec7u v\u00e0o th\u00e0nh bu\u1ed3ng nghi\u1ec1n khi\u1ebfn ch\u00fang v\u1ee1 v\u1ee5n l\u00e0m nhi\u1ec1u m\u1ea3nh nh\u1ecf, \u0111\u1ed3ng th\u1eddi sinh ra s\u1ee9c gi\u00f3 th\u1ed5i h\u1ea1t b\u1ed9t l\u1ecdt qua l\u01b0\u1edbi s\u00e0ng v\u00e0 \u0111i qua c\u1eeda x\u1ea3.C\u1eeda ra th\u00e0nh ph\u1ea9m d\u1ea1ng \u1ed1ng tr\u1ee5 c\u00f3 bu\u1ed9c t\u00fai v\u1ea3i.<\/p>\n<p>M\u00e1y \u0111\u01b0\u1ee3c s\u1eed d\u1ee5ng \u0111\u1ec3 nghi\u1ec1n m\u1ecbn c\u00e1c lo\u1ea1i ng\u0169 c\u1ed1c nh\u01b0 \u0111\u1ed7 xanh, \u0111\u1ed7 t\u01b0\u01a1ng, g\u1ea1o l\u1ee9t,.. th\u1eadm ch\u00ed c\u00e1c h\u1ea1t ch\u1ee9a d\u1ea7u nh\u01b0 h\u1ea1nh nh\u00e2n, macca,.. m\u00e0 kh\u00f4ng lo b\u1ecb b\u00f3 m\u00e1y.<\/p>\n<h3>\u01afu \u0111i\u1ec3m v\u01b0\u1ee3t tr\u1ed9i c\u1ee7a m\u00e1y nghi\u1ec1n b\u1ed9t kh\u00f4 si\u00eau m\u1ecbn inox 200<\/h3>\n<p><img loading=\"lazy\" decoding=\"async\" class=\"size-full wp-image-280 aligncenter\" src=\"https:\/\/congtybinhminh.com\/wp-content\/uploads\/2019\/10\/nghien-inox-200-2.jpg\" alt=\"\" width=\"800\" height=\"600\" srcset=\"https:\/\/congtybinhminh.com\/wp-content\/uploads\/2019\/10\/nghien-inox-200-2.jpg 800w, https:\/\/congtybinhminh.com\/wp-content\/uploads\/2019\/10\/nghien-inox-200-2-510x383.jpg 510w, https:\/\/congtybinhminh.com\/wp-content\/uploads\/2019\/10\/nghien-inox-200-2-533x400.jpg 533w, https:\/\/congtybinhminh.com\/wp-content\/uploads\/2019\/10\/nghien-inox-200-2-768x576.jpg 768w\" sizes=\"auto, (max-width: 800px) 100vw, 800px\" \/><\/p>\n<ul>\n<li>M\u00e1y s\u1eed d\u1ee5ng ngu\u1ed3n \u0111i\u1ec7n 220V \u2013 380V ph\u00f9 h\u1ee3p v\u1edbi m\u1ecdi h\u1ed9 gia \u0111\u00ecnh.<\/li>\n<li>Thi\u1ebft k\u1ebf g\u1ecdn nh\u1eb9, d\u1ec5 d\u00e0ng l\u1eafp \u0111\u1eb7t v\u00e0 v\u1ec7 sinh. M\u00e1y c\u00f3 4 b\u00e1nh xe thu\u1eadn ti\u1ec7n cho vi\u1ec7c di chuy\u1ec3n.<\/li>\n<li>H\u1ec7 th\u1ed1ng b\u00faa \u0111\u1eadp hi\u1ec7n \u0111\u1ea1i gi\u00fap nguy\u00ean li\u1ec7u \u0111\u01b0\u1ee3c \u0111\u1eadp nhanh ch\u00f3ng v\u00e0 cho ra b\u1ed9t si\u00eau m\u1ecbn. N\u0103ng su\u1ea5t m\u00e1y \u0111\u1ea1t 20 \u2013 25kg\/h v\u01b0\u1ee3t tr\u1ed9i h\u01a1n h\u1eb3n so v\u1edbi c\u00e1c d\u00f2ng m\u00e1y nghi\u1ec1n th\u00f4ng th\u01b0\u1edbng.<\/li>\n<li>Gi\u00fap ti\u1ebft ki\u1ec7m th\u1eddi gian, c\u00f4ng s\u1ee9c v\u00e0 \u0111\u1ea3m b\u1ea3o ch\u1ea5t l\u01b0\u1ee3ng th\u00e0nh ph\u1ea9m b\u1ed9t.<\/li>\n<\/ul>\n<h2><span id=\"Cam_ket_ve_gia_va_Chinh_sach_bao_hanh\" class=\"ez-toc-section\" style=\"color: #000000\"><strong>Cam k\u1ebft v\u1ec1 gi\u00e1 v\u00e0 Ch\u00ednh s\u00e1ch b\u1ea3o h\u00e0nh<\/strong><\/span><\/h2>\n<ul>\n<li><span style=\"color: #000000\">M\u00e1y do c\u00f4ng ty tr\u1ef1c ti\u1ebfp ch\u1ebf t\u1ea1o v\u00e0 s\u1ea3n xu\u1ea5t t\u1ea1i x\u01b0\u1edfng, kh\u00f4ng qua trung gian, \u0111\u1ea3m b\u1ea3o gi\u00e1 r\u1ebb nh\u1ea5t, ch\u1ea5t l\u01b0\u1ee3ng t\u1ed1t nh\u1ea5t, b\u1ea3o h\u00e0nh thu\u1eadn ti\u1ec7n nh\u1ea5t.<\/span><\/li>\n<li><span style=\"color: #000000\">\u0110\u1ed9i ng\u0169 k\u1ef9 thu\u1eadt c\u00f3 tr\u00ecnh \u0111\u1ed9 chuy\u00ean m\u00f4n cao, s\u1eb5n s\u00e0ng h\u1ed7 tr\u1ee3 k\u1ef9 thu\u1eadt t\u1eadn t\u00ecnh v\u00e0 tr\u1ecdn \u0111\u1eddi.<\/span><\/li>\n<li><span style=\"color: #000000\">B\u1ea3o h\u00e0nh t\u1ea1i c\u00f4ng ty 6 th\u00e1ng cho tr\u01b0\u1eddng h\u1ee3p m\u00e1y l\u1ed7i k\u1ef9 thu\u1eadt do c\u00f4ng ty s\u1ea3n xu\u1ea5t. H\u1ebft th\u1eddi gian n\u00e0y t\u01b0 v\u1ea5n k\u1ef9 thu\u1eadt tr\u1ecdn \u0111\u1eddi s\u1ea3n ph\u1ea9m.<\/span><\/li>\n<\/ul>\n<h2><span id=\"Huong_dan_mua_hang\" class=\"ez-toc-section\" style=\"color: #000000\"><strong>H\u01b0\u1edbng d\u1eabn mua h\u00e0ng<\/strong><\/span><\/h2>\n<p><span style=\"color: #000000\">Kh\u00e1ch h\u00e0ng \u0111\u1ebfn c\u00f4ng ty mua m\u00e1y v\u00e0 thanh to\u00e1n tr\u1ef1c ti\u1ebfp b\u1eb1ng ti\u1ec1n m\u1eb7t.<\/span><\/p>\n<p><span style=\"color: #000000\">\u0110\u1ed1i v\u1edbi nh\u1eefng kh\u00e1ch h\u00e0ng \u1edf xa, C\u00f4ng ty s\u1ebd h\u01b0\u1edbng d\u1eabn mua h\u00e0ng v\u00e0 h\u1ed7 tr\u1ee3 giao h\u00e0ng to\u00e0n qu\u1ed1c. Qu\u00fd kh\u00e1ch vui l\u00f2ng chuy\u1ec3n kho\u1ea3n \u0111\u1eb7t c\u1ecdc, s\u1ed1 ti\u1ec1n m\u00e1y c\u00f2n l\u1ea1i s\u1ebd thanh to\u00e1n tr\u1ef1c ti\u1ebfp cho \u0111\u01a1n v\u1ecb v\u1eadn chuy\u1ec3n.<\/span><\/p>\n<p><span style=\"color: #000000\">\u0110\u1ec3 \u0111\u01b0\u1ee3c cung c\u1ea5p th\u00eam th\u00f4ng tin v\u1ec1 c\u00e1c d\u00f2ng s\u1ea3n ph\u1ea9m c\u1ee7a c\u00f4ng ty B\u00ecnh Minh, k\u00ednh m\u1eddi Qu\u00fd kh\u00e1ch li\u00ean h\u1ec7:<\/span><\/p>\n<p><span style=\"color: #000000\"><strong>C\u00d4NG TY TNHH D\u1ecaCH V\u1ee4 V\u00c0 S\u1ea2N XU\u1ea4T TH\u01af\u01a0NG M\u1ea0I XU\u1ea4T NH\u1eacP KH\u1ea8U B\u00ccNH MINH<\/strong><\/span><\/p>\n<p><span style=\"color: #000000\"><strong>\u0110\u1ecba ch\u1ec9:<\/strong>\u00a0S\u1ed1 281, Ph\u1ed1 L\u00ea L\u1ee3i \u2013 Ph\u01b0\u1eddng L\u00ea L\u1ee3i \u2013 Th\u1ecb x\u00e3 S\u01a1n T\u00e2y \u2013 Th\u00e0nh ph\u1ed1 H\u00e0 N\u1ed9i<\/span><\/p>\n<p><span style=\"color: #000000\"><strong>Hotline: 0888.01.8822<\/strong><\/span><\/p>\n<p>&nbsp;<\/p>\n","protected":false},"excerpt":{"rendered":"<ul>\n<li><strong>C\u00f4ng su\u1ea5t: 3 \u2013 4 kw<\/strong><\/li>\n<li><strong>\u0110i\u1ec7n n\u0103ng: 220V \u2013 380V<\/strong><\/li>\n<li><strong>T\u1ed1c \u0111\u1ed9 \u0111\u1ed9ng c\u01a1:\u00a04200 \u2013 4500 (v\u00f2ng\/ph\u00fat)<\/strong><\/li>\n<li><strong>Tr\u1ecdng l\u01b0\u1ee3ng: 40 kg\u00a0<\/strong><\/li>\n<li><strong>T\u00ednh n\u0103ng: M\u00e1y nghi\u1ec1n c\u00e1c lo\u1ea1i ng\u0169 c\u1ed1c, c\u00e1c lo\u1ea1i h\u1ea1t ch\u1ee9a d\u1ea7u, l\u00e1 ch\u00e8, c\u1eabng ch\u00e8, \u2026 th\u00e0nh b\u1ed9t si\u00eau m\u1ecbn<\/strong><\/li>\n<\/ul>\n","protected":false},"featured_media":283,"comment_status":"closed","ping_status":"closed","template":"","meta":[],"product_brand":[],"product_cat":[195],"product_tag":[],"class_list":{"0":"post-173","1":"product","2":"type-product","3":"status-publish","4":"has-post-thumbnail","6":"product_cat-may-nghien-sieu-min","8":"first","9":"instock","10":"shipping-taxable","11":"product-type-simple"},"_links":{"self":[{"href":"https:\/\/congtybinhminh.com\/index.php?rest_route=\/wp\/v2\/product\/173","targetHints":{"allow":["GET"]}}],"collection":[{"href":"https:\/\/congtybinhminh.com\/index.php?rest_route=\/wp\/v2\/product"}],"about":[{"href":"https:\/\/congtybinhminh.com\/index.php?rest_route=\/wp\/v2\/types\/product"}],"replies":[{"embeddable":true,"href":"https:\/\/congtybinhminh.com\/index.php?rest_route=%2Fwp%2Fv2%2Fcomments&post=173"}],"wp:featuredmedia":[{"embeddable":true,"href":"https:\/\/congtybinhminh.com\/index.php?rest_route=\/wp\/v2\/media\/283"}],"wp:attachment":[{"href":"https:\/\/congtybinhminh.com\/index.php?rest_route=%2Fwp%2Fv2%2Fmedia&parent=173"}],"wp:term":[{"taxonomy":"product_brand","embeddable":true,"href":"https:\/\/congtybinhminh.com\/index.php?rest_route=%2Fwp%2Fv2%2Fproduct_brand&post=173"},{"taxonomy":"product_cat","embeddable":true,"href":"https:\/\/congtybinhminh.com\/index.php?rest_route=%2Fwp%2Fv2%2Fproduct_cat&post=173"},{"taxonomy":"product_tag","embeddable":true,"href":"https:\/\/congtybinhminh.com\/index.php?rest_route=%2Fwp%2Fv2%2Fproduct_tag&post=173"}],"curies":[{"name":"wp","href":"https:\/\/api.w.org\/{rel}","templated":true}]}}