{"id":171,"date":"2019-10-30T09:05:40","date_gmt":"2019-10-30T02:05:40","guid":{"rendered":"https:\/\/congtybinhminh.com\/?post_type=product&#038;p=171"},"modified":"2022-09-06T14:44:07","modified_gmt":"2022-09-06T07:44:07","slug":"may-rang-da-nang-r15","status":"publish","type":"product","link":"https:\/\/congtybinhminh.com\/?product=may-rang-da-nang-r15","title":{"rendered":"M\u00e1y rang \u0111a n\u0103ng R15"},"content":{"rendered":"<p><strong>Xem video tr\u1ef1c ti\u1ebfp t\u1ea1i \u0111\u00e2y:<\/strong><\/p>\n<p><iframe loading=\"lazy\" src=\"https:\/\/www.youtube.com\/embed\/JDAEv1gnQj4\" width=\"100%\" height=\"480px\" frameborder=\"0\" allowfullscreen=\"allowfullscreen\"><span data-mce-type=\"bookmark\" style=\"display: inline-block; width: 0px; overflow: hidden; line-height: 0;\" class=\"mce_SELRES_start\">\ufeff<\/span><\/iframe><\/p>\n<p>M\u00e1y rang \u0111a n\u0103ng R15 l\u00e0 m\u1ed9t trong c\u00e1c d\u00f2ng m\u00e1y ch\u1ebf bi\u1ebfn th\u1ef1c ph\u1ea9m \u0111\u01b0\u1ee3c c\u00f4ng ty B\u00ecnh Minh s\u1ea3n\u00a0 xu\u1ea5t ra v\u1edbi t\u00ednh n\u0103ng rang \u0111\u1ec1u v\u00e0 ch\u00edn c\u00e1c lo\u1ea1i h\u1ea1t ng\u0169 c\u1ed1c, c\u00e0 ph\u00ea, c\u00e1c s\u1ea3n ph\u1ea9m theo nhu c\u1ea7u c\u1ee7a kh\u00e1ch h\u00e0ng.<\/p>\n<h2>C\u1ea5u t\u1ea1o chi ti\u1ebft c\u1ee7a m\u00e1y rang \u0111a n\u0103ng R15<\/h2>\n<p>Thi\u1ebft k\u1ebf c\u1ee7a m\u00e1y kh\u00e1 \u0111\u1eb9p m\u1eaft v\u1edbi b\u00e1nh xe gi\u00fap cho vi\u1ec7c l\u1eafp \u0111\u1eb7t c\u0169ng nhue di chuy\u1ec3n d\u1ec5 d\u00e0ng h\u01a1n v\u00e0 an to\u00e0n to\u00e0n khi s\u1eed d\u1ee5ng<\/p>\n<p>Thi\u1ebft k\u1ebf th\u00e2n m\u00e1y \u0111\u01b0\u1ee3c l\u00e0m t\u1eeb th\u00e9p ch\u1ed1ng g\u1ec9, \u0111\u01b0\u1ee3c b\u1ecdc m\u1ed9t l\u1edbp c\u00e1ch nhi\u1ec7t b\u00ean ngo\u00e0i, v\u1edbi nhi\u1ec7m v\u1ee5 c\u00e1ch nhi\u1ec7t v\u1edbi b\u00ean ngo\u00e0i khi m\u00e1y \u0111ang v\u1eadn h\u00e0nh<\/p>\n<p>B\u1ed9 ph\u1eadn l\u1ed3ng rang \u0111\u01b0\u1ee3c thi\u1ebft k\u1ebf r\u1ed9ng r\u00e3i, khi m\u00e1y v\u1eadn h\u00e0nh l\u1ed3ng s\u1ebd \u0111\u01b0\u1ee3c quay ng\u01b0\u1ee3c chi\u1ec1u kim \u0111\u1ed3ng h\u1ed3 k\u1ebft h\u1ee3p v\u1edbi c\u00e1c thanh xo\u1eafn ch\u1ea1y d\u1ecdc bu\u1ed3ng \u0111\u1ec3 cu\u1ed9n v\u00e0 \u0111\u1ea3o \u0111\u1ec1u nguy\u00ean li\u1ec7u gi\u00fap ch\u00fang ch\u00edn v\u00e0ng \u0111\u1ec1u v\u00e0 kh\u00f4ng b\u1ecb ch\u00e1y.<\/p>\n<p><img loading=\"lazy\" decoding=\"async\" class=\"aligncenter wp-image-246 size-full\" src=\"https:\/\/congtybinhminh.com\/wp-content\/uploads\/2019\/10\/Slide1-1.jpg\" alt=\"may-rang-r15-001\" width=\"800\" height=\"600\" srcset=\"https:\/\/congtybinhminh.com\/wp-content\/uploads\/2019\/10\/Slide1-1.jpg 800w, https:\/\/congtybinhminh.com\/wp-content\/uploads\/2019\/10\/Slide1-1-510x383.jpg 510w, https:\/\/congtybinhminh.com\/wp-content\/uploads\/2019\/10\/Slide1-1-533x400.jpg 533w, https:\/\/congtybinhminh.com\/wp-content\/uploads\/2019\/10\/Slide1-1-768x576.jpg 768w\" sizes=\"auto, (max-width: 800px) 100vw, 800px\" \/><\/p>\n<p>Nguy\u00ean li\u1ec7u rang khi d\u1ea1t \u0111\u1ed9 ch\u00edn v\u00e0ng \u0111\u1ec1u th\u00ec c\u00f4ng t\u1eafc s\u1ebd \u0111\u1ea3o chi\u1ec1u v\u00e0 l\u1ed3ng rang s\u1ebd quay theo chi\u1ec1u ng\u01b0\u1ee3c l\u1ea1i \u0111\u1ec3 x\u1ea3 th\u00e0nh ph\u1ea9m \u0111\u00e3 rang ra ngo\u00e0i<\/p>\n<p>V\u1edbi 10 thanh nhi\u1ec7t c\u00f3 t\u00ednh n\u0103ng l\u00e0m n\u00f3ng l\u1ed3ng rang, m\u1ed7i thanh nhi\u1ec7t s\u1ebd c\u00f3 c\u00f4ng su\u1ea5t 450W\/thanh.<br \/>\nV\u1edbi thi\u1ebft k\u1ebf th\u00f4ng minh c\u00f3 h\u1ec7 th\u1ed1ng \u0111i\u1ec1u ch\u1ec9nh nhi\u1ec7t gi\u00fap \u0111i\u1ec1u ch\u1ec9nh nhi\u1ec7t \u0111\u1ed9 th\u00edch h\u1ee3p cho t\u1eebng lo\u1ea1i nguy\u00ean li\u1ec7u, c\u00f4ng t\u1eafc ngu\u1ed3n, \u0111\u00e8n b\u00e1o, n\u00fat \u0111i\u1ec1u ch\u1ec9nh \u0111\u01b0a nguy\u00ean li\u1ec7u v\u00e0o v\u00e0 ra.<\/p>\n<h2>\u01afu \u0111i\u1ec3m c\u1ee7a m\u00e1y rang \u0111a n\u0103ng R15<\/h2>\n<ul>\n<li>M\u00e1y cho n\u0103ng su\u1ea5t t\u1eeb 10 \u2013 15kg\/m\u1ebb ( t\u00f9y nguy\u00ean li\u1ec7u ). N\u1ebfu c\u1ea7n n\u0103ng su\u1ea5t cao h\u01a1n, b\u00e0 con c\u00f3 th\u1ec3 tham kh\u1ea3o <a href=\"https:\/\/congtybinhminh.com\/sp\/may-rang-r30\/\">M\u00e1y Rang R30<\/a><\/li>\n<li>M\u00e1y s\u1eed d\u1ee5ng ngu\u1ed3n \u0111i\u1ec7n 220V \u2013 1pha<\/li>\n<li>L\u1eafp \u0111\u1ed9ng c\u01a1 gi\u1ea3m t\u1ed1c trong 0.75kw<\/li>\n<li>M\u00e1y \u0111\u01b0\u1ee3c thi\u1ebft k\u1ebf ch\u1eafc ch\u1eafn, nh\u1ecf g\u1ecdn ph\u00f9 h\u1ee3p v\u1edbi m\u1ecdi kh\u00f4ng gian l\u1eafp \u0111\u1eb7t. C\u00f3 b\u00e1nh xe gi\u00fap d\u1ec5 d\u00e0ng di chuy\u1ec3n.<\/li>\n<\/ul>\n<p><img loading=\"lazy\" decoding=\"async\" class=\"aligncenter wp-image-247 size-full\" src=\"https:\/\/congtybinhminh.com\/wp-content\/uploads\/2019\/10\/Slide2.jpg\" alt=\"may-rang-r15-002\" width=\"800\" height=\"600\" srcset=\"https:\/\/congtybinhminh.com\/wp-content\/uploads\/2019\/10\/Slide2.jpg 800w, https:\/\/congtybinhminh.com\/wp-content\/uploads\/2019\/10\/Slide2-510x383.jpg 510w, https:\/\/congtybinhminh.com\/wp-content\/uploads\/2019\/10\/Slide2-533x400.jpg 533w, https:\/\/congtybinhminh.com\/wp-content\/uploads\/2019\/10\/Slide2-768x576.jpg 768w\" sizes=\"auto, (max-width: 800px) 100vw, 800px\" \/><\/p>\n<h2>Th\u00f4ng s\u1ed1 k\u1ef9 thu\u1eadt<\/h2>\n<p><img loading=\"lazy\" decoding=\"async\" class=\"aligncenter size-full wp-image-248\" src=\"https:\/\/congtybinhminh.com\/wp-content\/uploads\/2019\/10\/thong-so-ky-thuat.jpg\" alt=\"thong-so-ky-thuat\" width=\"800\" height=\"416\" srcset=\"https:\/\/congtybinhminh.com\/wp-content\/uploads\/2019\/10\/thong-so-ky-thuat.jpg 800w, https:\/\/congtybinhminh.com\/wp-content\/uploads\/2019\/10\/thong-so-ky-thuat-510x265.jpg 510w, https:\/\/congtybinhminh.com\/wp-content\/uploads\/2019\/10\/thong-so-ky-thuat-769x400.jpg 769w, https:\/\/congtybinhminh.com\/wp-content\/uploads\/2019\/10\/thong-so-ky-thuat-768x399.jpg 768w\" sizes=\"auto, (max-width: 800px) 100vw, 800px\" \/><\/p>\n<h2><span id=\"Cam_ket_ve_gia_va_Chinh_sach_bao_hanh\" class=\"ez-toc-section\" style=\"color: #000000;\"><strong>Cam k\u1ebft v\u1ec1 gi\u00e1 v\u00e0 Ch\u00ednh s\u00e1ch b\u1ea3o h\u00e0nh<\/strong><\/span><\/h2>\n<ul>\n<li><span style=\"color: #000000;\">M\u00e1y do c\u00f4ng ty tr\u1ef1c ti\u1ebfp ch\u1ebf t\u1ea1o v\u00e0 s\u1ea3n xu\u1ea5t t\u1ea1i x\u01b0\u1edfng, kh\u00f4ng qua trung gian, \u0111\u1ea3m b\u1ea3o gi\u00e1 r\u1ebb nh\u1ea5t, ch\u1ea5t l\u01b0\u1ee3ng t\u1ed1t nh\u1ea5t, b\u1ea3o h\u00e0nh thu\u1eadn ti\u1ec7n nh\u1ea5t.<\/span><\/li>\n<li><span style=\"color: #000000;\">\u0110\u1ed9i ng\u0169 k\u1ef9 thu\u1eadt c\u00f3 tr\u00ecnh \u0111\u1ed9 chuy\u00ean m\u00f4n cao, s\u1eb5n s\u00e0ng h\u1ed7 tr\u1ee3 k\u1ef9 thu\u1eadt t\u1eadn t\u00ecnh v\u00e0 tr\u1ecdn \u0111\u1eddi.<\/span><\/li>\n<li><span style=\"color: #000000;\">B\u1ea3o h\u00e0nh t\u1ea1i c\u00f4ng ty 6 th\u00e1ng cho tr\u01b0\u1eddng h\u1ee3p m\u00e1y l\u1ed7i k\u1ef9 thu\u1eadt do c\u00f4ng ty s\u1ea3n xu\u1ea5t. H\u1ebft th\u1eddi gian n\u00e0y t\u01b0 v\u1ea5n k\u1ef9 thu\u1eadt tr\u1ecdn \u0111\u1eddi s\u1ea3n ph\u1ea9m.<\/span><\/li>\n<\/ul>\n<h2><span id=\"Huong_dan_mua_hang\" class=\"ez-toc-section\" style=\"color: #000000;\"><strong>H\u01b0\u1edbng d\u1eabn mua h\u00e0ng<\/strong><\/span><\/h2>\n<p><span style=\"color: #000000;\">Kh\u00e1ch h\u00e0ng \u0111\u1ebfn c\u00f4ng ty mua m\u00e1y v\u00e0 thanh to\u00e1n tr\u1ef1c ti\u1ebfp b\u1eb1ng ti\u1ec1n m\u1eb7t.<\/span><\/p>\n<p><span style=\"color: #000000;\">\u0110\u1ed1i v\u1edbi nh\u1eefng kh\u00e1ch h\u00e0ng \u1edf xa, C\u00f4ng ty s\u1ebd h\u01b0\u1edbng d\u1eabn mua h\u00e0ng v\u00e0 h\u1ed7 tr\u1ee3 giao h\u00e0ng to\u00e0n qu\u1ed1c. Qu\u00fd kh\u00e1ch vui l\u00f2ng chuy\u1ec3n kho\u1ea3n \u0111\u1eb7t c\u1ecdc, s\u1ed1 ti\u1ec1n m\u00e1y c\u00f2n l\u1ea1i s\u1ebd thanh to\u00e1n tr\u1ef1c ti\u1ebfp cho \u0111\u01a1n v\u1ecb v\u1eadn chuy\u1ec3n.<\/span><\/p>\n<p><span style=\"color: #000000;\">\u0110\u1ec3 \u0111\u01b0\u1ee3c cung c\u1ea5p th\u00eam th\u00f4ng tin v\u1ec1 c\u00e1c d\u00f2ng s\u1ea3n ph\u1ea9m c\u1ee7a c\u00f4ng ty B\u00ecnh Minh, k\u00ednh m\u1eddi Qu\u00fd kh\u00e1ch li\u00ean h\u1ec7:<\/span><\/p>\n<p><span style=\"color: #000000;\"><strong>C\u00d4NG TY TNHH D\u1ecaCH V\u1ee4 V\u00c0 S\u1ea2N XU\u1ea4T TH\u01af\u01a0NG M\u1ea0I XU\u1ea4T NH\u1eacP KH\u1ea8U B\u00ccNH MINH<\/strong><\/span><\/p>\n<p><span style=\"color: #000000;\"><strong>\u0110\u1ecba ch\u1ec9:<\/strong> S\u1ed1 249, Ph\u1ed1 L\u00ea L\u1ee3i \u2013 Ph\u01b0\u1eddng L\u00ea L\u1ee3i \u2013 Th\u1ecb x\u00e3 S\u01a1n T\u00e2y \u2013 Th\u00e0nh ph\u1ed1 H\u00e0 N\u1ed9i<\/span><\/p>\n<p>&nbsp;<\/p>\n","protected":false},"excerpt":{"rendered":"<ul>\n<li><strong>\u0110\u1ed9ng c\u01a1<\/strong>: 1,1 kw ( ho\u1eb7c 0,75 kw gi\u1ea3m t\u1ed1c)<\/li>\n<li><strong>Ngu\u1ed3n \u0111i\u1ec7n<\/strong>: 220V<\/li>\n<li><strong>K\u00edch th\u01b0\u1edbc<\/strong>: 100*110*60 cm<\/li>\n<li><strong>N\u0103ng su\u1ea5t<\/strong>: 10-15kg\/h<\/li>\n<li><strong>Tr\u1ecdng l\u01b0\u1ee3ng<\/strong>: 115 kg<\/li>\n<li><strong>T\u00ednh n\u0103ng<\/strong>:\u00a0chuy\u00ean d\u00f9ng \u0111\u1ec3 rang d\u01b0\u1ee3c li\u1ec7u, c\u00e0 ph\u00ea v\u00e0\u00a0c\u00e1c lo\u1ea1i ng\u0169 c\u1ed1c nh\u01b0 g\u1ea1o, l\u1ea1c, ng\u00f4, macca, sachi,\u2026<\/li>\n<\/ul>\n","protected":false},"featured_media":249,"comment_status":"closed","ping_status":"closed","template":"","meta":[],"product_brand":[],"product_cat":[28],"product_tag":[],"class_list":{"0":"post-171","1":"product","2":"type-product","3":"status-publish","4":"has-post-thumbnail","6":"product_cat-may-rang","8":"first","9":"instock","10":"shipping-taxable","11":"product-type-simple"},"_links":{"self":[{"href":"https:\/\/congtybinhminh.com\/index.php?rest_route=\/wp\/v2\/product\/171","targetHints":{"allow":["GET"]}}],"collection":[{"href":"https:\/\/congtybinhminh.com\/index.php?rest_route=\/wp\/v2\/product"}],"about":[{"href":"https:\/\/congtybinhminh.com\/index.php?rest_route=\/wp\/v2\/types\/product"}],"replies":[{"embeddable":true,"href":"https:\/\/congtybinhminh.com\/index.php?rest_route=%2Fwp%2Fv2%2Fcomments&post=171"}],"wp:featuredmedia":[{"embeddable":true,"href":"https:\/\/congtybinhminh.com\/index.php?rest_route=\/wp\/v2\/media\/249"}],"wp:attachment":[{"href":"https:\/\/congtybinhminh.com\/index.php?rest_route=%2Fwp%2Fv2%2Fmedia&parent=171"}],"wp:term":[{"taxonomy":"product_brand","embeddable":true,"href":"https:\/\/congtybinhminh.com\/index.php?rest_route=%2Fwp%2Fv2%2Fproduct_brand&post=171"},{"taxonomy":"product_cat","embeddable":true,"href":"https:\/\/congtybinhminh.com\/index.php?rest_route=%2Fwp%2Fv2%2Fproduct_cat&post=171"},{"taxonomy":"product_tag","embeddable":true,"href":"https:\/\/congtybinhminh.com\/index.php?rest_route=%2Fwp%2Fv2%2Fproduct_tag&post=171"}],"curies":[{"name":"wp","href":"https:\/\/api.w.org\/{rel}","templated":true}]}}