{"id":168,"date":"2019-10-30T09:04:07","date_gmt":"2019-10-30T02:04:07","guid":{"rendered":"https:\/\/congtybinhminh.com\/?post_type=product&#038;p=168"},"modified":"2025-07-05T17:17:46","modified_gmt":"2025-07-05T10:17:46","slug":"may-ep-cam-vien-s270","status":"publish","type":"product","link":"https:\/\/congtybinhminh.com\/?product=may-ep-cam-vien-s270","title":{"rendered":"M\u00e1y \u00e9p c\u00e1m vi\u00ean S270"},"content":{"rendered":"<p>Video ho\u1ea1t \u0111\u1ed9ng c\u1ee7a m\u00e1y<\/p>\n<p><iframe loading=\"lazy\" title=\"Kh\u00e1ch H\u00e0ng Quy\u1ebft T\u00e2m L\u00e0m C\u00e1m V\u1edbi M\u00e1y \u00c9p C\u00e1m Vi\u00ean S270\" width=\"1020\" height=\"574\" src=\"https:\/\/www.youtube.com\/embed\/5vwDD8NJ0GI?feature=oembed\" frameborder=\"0\" allow=\"accelerometer; autoplay; clipboard-write; encrypted-media; gyroscope; picture-in-picture; web-share\" referrerpolicy=\"strict-origin-when-cross-origin\" allowfullscreen><\/iframe><\/p>\n<p>M\u00e1y \u00e9p c\u00e1m vi\u00ean S270 \u0111\u01b0\u1ee3c thi\u1ebft k\u1ebf \u0111\u01a1n gi\u1ea3n v\u1edbi bu\u1ed3ng l\u00e0m vi\u1ec7c tr\u00f2n s\u00e2u, r\u1ed9ng r\u00e3i c\u00f3 \u0111\u01b0\u1eddng k\u00ednh l\u00ean t\u1edbi 49cm c\u00f3 th\u1ec3 ch\u1ee9a l\u01b0\u1ee3ng nguy\u00ean li\u1ec7u r\u1ea5t l\u1edbn, b\u00ean trong \u0111\u01b0\u1ee3c l\u1eafp m\u1eb7t s\u00e0ng v\u00e0 con l\u0103n c\u00f3 nhi\u1ec7m v\u1ee5 tr\u1ed9n, nghi\u1ec1n r\u1ed3i \u00e9p nguy\u00ean li\u1ec7u xu\u1ed1ng m\u1eb7t s\u00e0ng th\u00e0nh c\u00e1m vi\u00ean.<\/p>\n<p>M\u00e1y cho n\u0103ng su\u1ea5t r\u1ea5t l\u1edbn t\u1eeb 400-600kg\/1h. S\u1eed d\u1ee5ng ngu\u1ed3n \u0111i\u1ec7n 3 pha 380V ho\u1eb7c \u0111\u1ea7u n\u1ed5 D22 &#8211; D25 cho m\u00e1y ho\u1ea1t \u0111\u1ed9ng \u1ed5n \u0111\u1ecbnh.<\/p>\n<p><img loading=\"lazy\" decoding=\"async\" class=\"size-full wp-image-196 aligncenter\" src=\"https:\/\/congtybinhminh.com\/wp-content\/uploads\/2019\/10\/may-ep-cam-s270-002.jpg\" alt=\"may-ep-cam-s270-002\" width=\"800\" height=\"600\" srcset=\"https:\/\/congtybinhminh.com\/wp-content\/uploads\/2019\/10\/may-ep-cam-s270-002.jpg 800w, https:\/\/congtybinhminh.com\/wp-content\/uploads\/2019\/10\/may-ep-cam-s270-002-510x383.jpg 510w, https:\/\/congtybinhminh.com\/wp-content\/uploads\/2019\/10\/may-ep-cam-s270-002-533x400.jpg 533w, https:\/\/congtybinhminh.com\/wp-content\/uploads\/2019\/10\/may-ep-cam-s270-002-768x576.jpg 768w\" sizes=\"auto, (max-width: 800px) 100vw, 800px\" \/><\/p>\n<p>M\u00e1y c\u00f3 th\u1ec3 \u00e9p \u0111\u01b0\u1ee3c c\u00e1c nguy\u00ean li\u1ec7u th\u00f4 nh\u01b0 ng\u00f4 nguy\u00ean h\u1ea1t, cua, c\u00e1, \u1ed1c, tr\u00f9n qu\u1ebf, b\u00e3 bia c\u00f9ng nhi\u1ec1u nguy\u00ean li\u1ec7u kh\u00e1c th\u00e0nh c\u00e1m vi\u00ean cho gia s\u00fac, gia c\u1ea7m \u0103n.Ho\u1eb7c \u00e9p ph\u00e2n tr\u00f9n qu\u1ebf, ph\u00e2n d\u00ea,\u00a0 V\u1edbi d\u00f2ng m\u00e1y \u00e9p c\u00e1m vi\u00ean S270, b\u00e0 con c\u00f3 th\u1ec3 ch\u1ee7 \u0111\u1ed9ng thay \u0111\u1ed5i ngu\u1ed3n nguy\u00ean li\u1ec7u \u0111\u1ea7u v\u00e0o, t\u00f9y theo giai \u0111o\u1ea1n ph\u00e1t tri\u1ec3n c\u1ee7a v\u1eadt nu\u00f4i, t\u1eadn d\u1ee5ng \u0111\u01b0\u1ee3c nh\u1eefng ngu\u1ed3n nguy\u00ean li\u1ec7u c\u00f3 s\u1eb5n t\u1ea1i \u0111\u1ecba ph\u01b0\u01a1ng, gi\u1ea3m chi ph\u00ed \u0111\u1ea7u v\u00e0o, mang l\u1ea1i hi\u1ec7u qu\u1ea3 kinh t\u1ebf cao.<\/p>\n<p><img loading=\"lazy\" decoding=\"async\" class=\"size-full wp-image-486 aligncenter\" src=\"https:\/\/congtybinhminh.com\/wp-content\/uploads\/2019\/10\/may-em-cam-s270-ep-phan-de-1.jpg\" alt=\"may-em-cam-s270-ep-phan-de\" width=\"800\" height=\"600\" srcset=\"https:\/\/congtybinhminh.com\/wp-content\/uploads\/2019\/10\/may-em-cam-s270-ep-phan-de-1.jpg 800w, https:\/\/congtybinhminh.com\/wp-content\/uploads\/2019\/10\/may-em-cam-s270-ep-phan-de-1-510x383.jpg 510w, https:\/\/congtybinhminh.com\/wp-content\/uploads\/2019\/10\/may-em-cam-s270-ep-phan-de-1-533x400.jpg 533w, https:\/\/congtybinhminh.com\/wp-content\/uploads\/2019\/10\/may-em-cam-s270-ep-phan-de-1-768x576.jpg 768w\" sizes=\"auto, (max-width: 800px) 100vw, 800px\" \/><\/p>\n<p>M\u00e1y c\u00f3 t\u00ednh n\u0103ng nghi\u1ec1n nh\u1ecf c\u00e1c nguy\u00ean li\u1ec7u, xay nhuy\u1ec5n v\u00e0 \u00e9p c\u00e1c nguy\u00ean li\u1ec7u xu\u1ed1ng d\u01b0\u1edbi m\u1eb7t s\u00e0ng 1 c\u00e1ch nhanh ch\u00f3ng. Khi mua m\u00e1y b\u00e0 con c\u00f3 th\u1ec3 l\u1ef1a ch\u1ecdn nh\u1eefng m\u1eb7t s\u00e0ng l\u00e0 3 ly, 4 ly ho\u1eb7c 5 ly. H\u1ec7 th\u1ed1ng dao c\u1eaft c\u1ee7a m\u00e1y gi\u00fap b\u00e0 con d\u1ec5 d\u00e0ng \u0111i\u1ec1u ch\u1ec9nh \u0111\u1ed9 d\u00e0i ng\u1eafn c\u1ee7a vi\u00ean c\u00e1m<\/p>\n<p><img loading=\"lazy\" decoding=\"async\" class=\"size-full wp-image-197 aligncenter\" src=\"https:\/\/congtybinhminh.com\/wp-content\/uploads\/2019\/10\/may-em-cam-s270-va-nguyen-lieu.jpg\" alt=\"may-em-cam-s270\" width=\"800\" height=\"600\" srcset=\"https:\/\/congtybinhminh.com\/wp-content\/uploads\/2019\/10\/may-em-cam-s270-va-nguyen-lieu.jpg 800w, https:\/\/congtybinhminh.com\/wp-content\/uploads\/2019\/10\/may-em-cam-s270-va-nguyen-lieu-510x383.jpg 510w, https:\/\/congtybinhminh.com\/wp-content\/uploads\/2019\/10\/may-em-cam-s270-va-nguyen-lieu-533x400.jpg 533w, https:\/\/congtybinhminh.com\/wp-content\/uploads\/2019\/10\/may-em-cam-s270-va-nguyen-lieu-768x576.jpg 768w\" sizes=\"auto, (max-width: 800px) 100vw, 800px\" \/><\/p>\n<h2><span id=\"Uu_diem_vuot_troi_cua_May_ep_cam_vien_S270\" class=\"ez-toc-section\"><strong>\u01afu \u0111i\u1ec3m v\u01b0\u1ee3t tr\u1ed9i c\u1ee7a M\u00e1y \u00e9p c\u00e1m vi\u00ean S270<\/strong><\/span><\/h2>\n<ul>\n<li>M\u00e1y l\u00e0 d\u00f2ng m\u00e1y \u00e9p c\u00e1m cho n\u0103ng su\u1ea5t cao t\u1eeb 4 \u2013 6 t\u1ea1\/gi\u1edd.<\/li>\n<li>Nghi\u1ec1n, \u00e9p nhanh ch\u00f3ng \u0111a d\u1ea1ng c\u00e1c lo\u1ea1i nguy\u00ean li\u1ec7u nh\u01b0: c\u00e1 \u1ed1c nh\u1ecf, rau b\u00e8o, ng\u00f4 nguy\u00ean h\u1ea1t, \u0111\u1eadu t\u01b0\u01a1ng\u2026 th\u00e0nh vi\u00ean c\u00e1m cho gia s\u00fac, gia c\u1ea7m \u0103n.<\/li>\n<li>\u0110\u1ed9ng c\u01a1 \u0111i\u1ec7n c\u00f4ng su\u1ea5t 11kW c\u1ee7a h\u00e3ng motor Vi\u1ec7t \u2013 Hungari. M\u00e1y s\u1eed d\u1ee5ng ngu\u1ed3n \u0111i\u1ec7n 380V (3 pha), t\u1ed1c \u0111\u1ed9 \u0111\u1ed9ng c\u01a1 1450 v\u00f2ng\/ph\u00fat.<\/li>\n<\/ul>\n<p><img loading=\"lazy\" decoding=\"async\" class=\"size-full wp-image-484 aligncenter\" src=\"https:\/\/congtybinhminh.com\/wp-content\/uploads\/2019\/10\/Dong-co-may-ep-cam-vien-S270-1.png\" alt=\"Dong-co-may-ep-cam-vien\" width=\"800\" height=\"521\" srcset=\"https:\/\/congtybinhminh.com\/wp-content\/uploads\/2019\/10\/Dong-co-may-ep-cam-vien-S270-1.png 800w, https:\/\/congtybinhminh.com\/wp-content\/uploads\/2019\/10\/Dong-co-may-ep-cam-vien-S270-1-510x332.png 510w, https:\/\/congtybinhminh.com\/wp-content\/uploads\/2019\/10\/Dong-co-may-ep-cam-vien-S270-1-614x400.png 614w, https:\/\/congtybinhminh.com\/wp-content\/uploads\/2019\/10\/Dong-co-may-ep-cam-vien-S270-1-768x500.png 768w\" sizes=\"auto, (max-width: 800px) 100vw, 800px\" \/><\/p>\n<ul>\n<li>Th\u1ebf h\u1ec7 m\u00e1y \u00e9p c\u00e1m vi\u00ean m\u1edbi \u0111\u01b0\u1ee3c n\u00e2ng c\u1ea5p s\u1eed d\u1ee5ng h\u1ed9p c\u1ea7u s\u1ed1 \u00f4 t\u00f4 gi\u00fap m\u00e1y v\u1eadn h\u00e0nh \u00eam \u00e1i<\/li>\n<li>M\u00e1y thi\u1ebft k\u1ebf hi\u1ec7n \u0111\u1ea1i, phi\u00ean b\u1ea3n m\u1edbi \u0111\u01b0\u1ee3c n\u00e2ng c\u1ea5p<\/li>\n<li>1 toa n\u1ea1p nguy\u00ean li\u1ec7u h\u00ecnh ph\u1ec5u cao, d\u1ec5 d\u00e0ng \u0111\u01b0a nguy\u00ean li\u1ec7u xu\u1ed1ng bu\u1ed3ng \u00e9p m\u00e0 kh\u00f4ng b\u1ecb t\u1eafc m\u00e1y.<\/li>\n<li>1 c\u1eeda x\u1ea3 nguy\u00ean li\u1ec7u m\u00e1ng d\u00e0i tr\u00e1nh \u0111\u1ec3 b\u1ecb c\u00e1m r\u01a1i ra ngo\u00e0i.<\/li>\n<\/ul>\n<p>&nbsp;<\/p>\n<p><img loading=\"lazy\" decoding=\"async\" class=\"size-full wp-image-485 aligncenter\" src=\"https:\/\/congtybinhminh.com\/wp-content\/uploads\/2019\/10\/Cau-tao-may-ep-cam-vien-S270-1.png\" alt=\"Cau-tao-may-ep-cam-vien\" width=\"800\" height=\"600\" srcset=\"https:\/\/congtybinhminh.com\/wp-content\/uploads\/2019\/10\/Cau-tao-may-ep-cam-vien-S270-1.png 800w, https:\/\/congtybinhminh.com\/wp-content\/uploads\/2019\/10\/Cau-tao-may-ep-cam-vien-S270-1-510x383.png 510w, https:\/\/congtybinhminh.com\/wp-content\/uploads\/2019\/10\/Cau-tao-may-ep-cam-vien-S270-1-533x400.png 533w, https:\/\/congtybinhminh.com\/wp-content\/uploads\/2019\/10\/Cau-tao-may-ep-cam-vien-S270-1-768x576.png 768w\" sizes=\"auto, (max-width: 800px) 100vw, 800px\" \/><\/p>\n<ul>\n<li>Bu\u1ed3ng l\u00e0m vi\u1ec7c v\u00e0 \u0111\u1ed9ng c\u01a1 \u0111\u01b0\u1ee3c n\u00e2ng \u0111\u1ee1 b\u1edfi b\u1ed9 khung s\u1eaft ch\u1eafc ch\u1eafn, v\u1eefng v\u00e0ng.<\/li>\n<li>B\u1ed5 sung b\u00e1nh xe l\u0103n thu\u1eadn ti\u1ec7n cho vi\u1ec7c di chuy\u1ec3n.<\/li>\n<\/ul>\n<p><span style=\"color: #000000;font-size: 14.4px\">Ngo\u00e0i ra, B\u00ecnh Minh c\u0169ng c\u00f3 c\u00e1c d\u00f2ng m\u00e1y \u00e9p c\u00e1m vi\u00ean kh\u00e1c cho n\u0103ng su\u1ea5t nh\u1ecf h\u01a1n. K\u00ednh m\u1eddi b\u00e0 con tham kh\u1ea3o:<\/span><\/p>\n<ul>\n<li><span style=\"color: #000000\">M\u00e1y \u00e9p c\u00e1m vi\u00ean S150 s\u1eed d\u1ee5ng \u0111\u1ed9ng c\u01a1 3kW v\u00e0 ngu\u1ed3n \u0111i\u1ec7n 220V ho\u1eb7c 380V cho n\u0103ng su\u1ea5t 100 \u2013 150kg\/gi\u1edd. B\u00e0 con xem th\u00eam chi ti\u1ebft <a href=\"https:\/\/congtybinhminh.com\/sp\/may-ep-cam-vien-s150\/\">M\u00e1y \u00e9p c\u00e1m vi\u00ean S150<\/a><\/span><\/li>\n<li>Ho\u1eb7c <a href=\"https:\/\/congtybinhminh.com\/sp\/may-ep-cam-vien-s200\/\">M\u00e1y \u00e9p c\u00e1m vi\u00ean S200<\/a> cho n\u0103ng su\u1ea5t t\u1eeb 150-250kg\/h<\/li>\n<\/ul>\n<p><strong style=\"color: #000000;font-size: 23.04px\">Cam k\u1ebft v\u1ec1 gi\u00e1 v\u00e0 Ch\u00ednh s\u00e1ch b\u1ea3o h\u00e0nh<\/strong><\/p>\n<ul>\n<li><span style=\"color: #000000\">M\u00e1y do c\u00f4ng ty tr\u1ef1c ti\u1ebfp ch\u1ebf t\u1ea1o v\u00e0 s\u1ea3n xu\u1ea5t t\u1ea1i x\u01b0\u1edfng, kh\u00f4ng qua trung gian, \u0111\u1ea3m b\u1ea3o gi\u00e1 r\u1ebb nh\u1ea5t, ch\u1ea5t l\u01b0\u1ee3ng t\u1ed1t nh\u1ea5t, b\u1ea3o h\u00e0nh thu\u1eadn ti\u1ec7n nh\u1ea5t.<\/span><\/li>\n<li><span style=\"color: #000000\">\u0110\u1ed9i ng\u0169 k\u1ef9 thu\u1eadt c\u00f3 tr\u00ecnh \u0111\u1ed9 chuy\u00ean m\u00f4n cao, s\u1eb5n s\u00e0ng h\u1ed7 tr\u1ee3 k\u1ef9 thu\u1eadt t\u1eadn t\u00ecnh v\u00e0 tr\u1ecdn \u0111\u1eddi.<\/span><\/li>\n<li><span style=\"color: #000000\">B\u1ea3o h\u00e0nh t\u1ea1i c\u00f4ng ty 6 th\u00e1ng cho tr\u01b0\u1eddng h\u1ee3p m\u00e1y l\u1ed7i k\u1ef9 thu\u1eadt do c\u00f4ng ty s\u1ea3n xu\u1ea5t. H\u1ebft th\u1eddi gian n\u00e0y t\u01b0 v\u1ea5n k\u1ef9 thu\u1eadt tr\u1ecdn \u0111\u1eddi s\u1ea3n ph\u1ea9m.<\/span><\/li>\n<\/ul>\n<h2><span id=\"Huong_dan_mua_hang\" class=\"ez-toc-section\" style=\"color: #000000\"><strong>H\u01b0\u1edbng d\u1eabn mua h\u00e0ng<\/strong><\/span><\/h2>\n<p><span style=\"color: #000000\">Kh\u00e1ch h\u00e0ng \u0111\u1ebfn c\u00f4ng ty mua m\u00e1y v\u00e0 thanh to\u00e1n tr\u1ef1c ti\u1ebfp b\u1eb1ng ti\u1ec1n m\u1eb7t.<\/span><\/p>\n<p><span style=\"color: #000000\">\u0110\u1ed1i v\u1edbi nh\u1eefng kh\u00e1ch h\u00e0ng \u1edf xa, C\u00f4ng ty s\u1ebd h\u01b0\u1edbng d\u1eabn mua h\u00e0ng v\u00e0 h\u1ed7 tr\u1ee3 giao h\u00e0ng to\u00e0n qu\u1ed1c. Qu\u00fd kh\u00e1ch vui l\u00f2ng chuy\u1ec3n kho\u1ea3n \u0111\u1eb7t c\u1ecdc, s\u1ed1 ti\u1ec1n m\u00e1y c\u00f2n l\u1ea1i s\u1ebd thanh to\u00e1n tr\u1ef1c ti\u1ebfp cho \u0111\u01a1n v\u1ecb v\u1eadn chuy\u1ec3n.<\/span><\/p>\n<p><span style=\"color: #000000\">\u0110\u1ec3 \u0111\u01b0\u1ee3c cung c\u1ea5p th\u00eam th\u00f4ng tin v\u1ec1 c\u00e1c d\u00f2ng s\u1ea3n ph\u1ea9m c\u1ee7a c\u00f4ng ty B\u00ecnh Minh, k\u00ednh m\u1eddi Qu\u00fd kh\u00e1ch li\u00ean h\u1ec7:<\/span><\/p>\n<p><span style=\"color: #000000\"><strong>C\u00d4NG TY TNHH D\u1ecaCH V\u1ee4 V\u00c0 S\u1ea2N XU\u1ea4T TH\u01af\u01a0NG M\u1ea0I XU\u1ea4T NH\u1eacP KH\u1ea8U B\u00ccNH MINH<\/strong><\/span><\/p>\n<p><span style=\"color: #000000\"><strong>\u0110\u1ecba ch\u1ec9:<\/strong> S\u1ed1 249<\/span><span style=\"color: #000000\">, Ph\u1ed1 L\u00ea L\u1ee3i \u2013 Ph\u01b0\u1eddng L\u00ea L\u1ee3i \u2013 Th\u1ecb x\u00e3 S\u01a1n T\u00e2y \u2013 Th\u00e0nh ph\u1ed1 H\u00e0 N\u1ed9i<\/span><\/p>\n<p>&nbsp;<\/p>\n","protected":false},"excerpt":{"rendered":"<p><span style=\"color: #000000\"><span style=\"color: #ff0000\"><strong>Th\u01b0\u01a1ng hi\u1ec7u:\u00a0<\/strong><\/span>B\u00ecnh Minh<\/span><\/p>\n<p><span style=\"color: #000000\"><strong><span style=\"color: #ff0000\">T\u00ednh n\u0103ng<\/span>:<\/strong>\u00a0<em>Nghi\u1ec1n, \u00e9p nhanh ch\u00f3ng \u0111a d\u1ea1ng nguy\u00ean li\u1ec7u: c\u00e1 nh\u1ecf, ng\u00f4 nguy\u00ean h\u1ea1t, \u1ed1c nh\u1ecf\u2026 th\u00e0nh c\u00e1m vi\u00ean cho gia s\u00fac, gia c\u1ea7m.<\/em><\/span><\/p>\n<p><span style=\"color: #000000\"><strong><span style=\"color: #ff0000\">N\u0103ng su\u1ea5t<\/span>:<\/strong>\u00a0400 \u2013 600kg c\u00e1m vi\u00ean\/gi\u1edd<\/span><\/p>\n<p><span style=\"color: #000000\"><strong><span style=\"color: #ff0000\">T\u1ed1c \u0111\u1ed9<\/span>:<\/strong>\u00a01450 v\u00f2ng\/ph\u00fat<\/span><\/p>\n<p><span style=\"color: #000000\"><strong><span style=\"color: #ff0000\">\u0110\u1ed9ng c\u01a1<\/span>:<\/strong> 11-15 kW \u0110i\u1ec7n C\u01a1<\/span><\/p>\n<p><span style=\"color: #000000\"><strong><span style=\"color: #ff0000\">\u0110i\u1ec7n n\u0103ng<\/span>:<\/strong>\u00a0380V (3 pha)<\/span><\/p>\n<p><span style=\"color: #000000\"><strong><span style=\"color: #ff0000\">Tr\u1ecdng l\u01b0\u1ee3ng<\/span>:<\/strong>\u00a0264kg<\/span><\/p>\n<ul>\n<li><span style=\"color: #000000\">K\u00edch th\u01b0\u1edbc (D*C*R): 106*110*66cm<\/span><\/li>\n<li><span style=\"color: #000000\">K\u00edch th\u01b0\u1edbc m\u1eb7t s\u00e0ng: \u0111\u01b0\u1eddng k\u00ednh 25cm, l\u1ed7 3,4,5 ly<\/span><\/li>\n<li><span style=\"color: #000000\">C\u1ed1i gang \u0111\u00fac.<\/span><\/li>\n<li><span style=\"color: #000000\">H\u1ec7 chuy\u1ec3n \u0111\u1ed9ng: h\u1ed9p c\u1ea7u s\u1ed1 \u00f4 t\u00f4, \u00eam kh\u1ecfe<\/span><\/li>\n<li><span style=\"color: #000000\">B\u1ea3o h\u00e0nh: 06 th\u00e1ng<\/span><\/li>\n<li><span style=\"color: #000000\">H\u1ed7 tr\u1ee3 k\u1ef9 thu\u1eadt tr\u1ecdn \u0111\u1eddi.<\/span><\/li>\n<li><span style=\"color: #000000\">Ph\u00f9 h\u1ee3p v\u1edbi ch\u0103n nu\u00f4i trang tr\u1ea1i v\u00e0 kinh doanh.<\/span><\/li>\n<\/ul>\n","protected":false},"featured_media":9568,"comment_status":"closed","ping_status":"closed","template":"","meta":[],"product_brand":[],"product_cat":[64,63],"product_tag":[],"class_list":{"0":"post-168","1":"product","2":"type-product","3":"status-publish","4":"has-post-thumbnail","6":"product_cat-may-ep-cam","7":"product_cat-may-ep-cam-vien-truc-dung","9":"first","10":"instock","11":"shipping-taxable","12":"product-type-simple"},"_links":{"self":[{"href":"https:\/\/congtybinhminh.com\/index.php?rest_route=\/wp\/v2\/product\/168","targetHints":{"allow":["GET"]}}],"collection":[{"href":"https:\/\/congtybinhminh.com\/index.php?rest_route=\/wp\/v2\/product"}],"about":[{"href":"https:\/\/congtybinhminh.com\/index.php?rest_route=\/wp\/v2\/types\/product"}],"replies":[{"embeddable":true,"href":"https:\/\/congtybinhminh.com\/index.php?rest_route=%2Fwp%2Fv2%2Fcomments&post=168"}],"wp:featuredmedia":[{"embeddable":true,"href":"https:\/\/congtybinhminh.com\/index.php?rest_route=\/wp\/v2\/media\/9568"}],"wp:attachment":[{"href":"https:\/\/congtybinhminh.com\/index.php?rest_route=%2Fwp%2Fv2%2Fmedia&parent=168"}],"wp:term":[{"taxonomy":"product_brand","embeddable":true,"href":"https:\/\/congtybinhminh.com\/index.php?rest_route=%2Fwp%2Fv2%2Fproduct_brand&post=168"},{"taxonomy":"product_cat","embeddable":true,"href":"https:\/\/congtybinhminh.com\/index.php?rest_route=%2Fwp%2Fv2%2Fproduct_cat&post=168"},{"taxonomy":"product_tag","embeddable":true,"href":"https:\/\/congtybinhminh.com\/index.php?rest_route=%2Fwp%2Fv2%2Fproduct_tag&post=168"}],"curies":[{"name":"wp","href":"https:\/\/api.w.org\/{rel}","templated":true}]}}