{"id":1458,"date":"2019-12-03T15:47:52","date_gmt":"2019-12-03T08:47:52","guid":{"rendered":"https:\/\/congtybinhminh.com\/?post_type=product&#038;p=1458"},"modified":"2025-06-12T17:01:20","modified_gmt":"2025-06-12T10:01:20","slug":"may-ep-nuoc-cot-inox","status":"publish","type":"product","link":"https:\/\/congtybinhminh.com\/?product=may-ep-nuoc-cot-inox","title":{"rendered":"M\u00e1y \u00e9p n\u01b0\u1edbc c\u1ed1t inox"},"content":{"rendered":"<h2>Video ho\u1ea1t \u0111\u1ed9ng c\u1ee7a m\u00e1y<\/h2>\n<p><iframe loading=\"lazy\" title=\"M\u00e1y \u00c9p N\u01b0\u1edbc C\u1ed1t D\u1eeba Inox Cho C\u00e1c C\u01a1 S\u1edf Ch\u1ebf Bi\u1ebfn N\u01b0\u1edbc C\u1ed1t Nguy\u00ean Ch\u1ea5t 100%\" width=\"1020\" height=\"574\" src=\"https:\/\/www.youtube.com\/embed\/MhFBHENm6jw?feature=oembed\" frameborder=\"0\" allow=\"accelerometer; autoplay; clipboard-write; encrypted-media; gyroscope; picture-in-picture; web-share\" referrerpolicy=\"strict-origin-when-cross-origin\" allowfullscreen><\/iframe><\/p>\n<h2>Gi\u1edbi thi\u1ec7u m\u00e1y \u00e9p n\u01b0\u1edbc c\u1ed1t inox<\/h2>\n<p>M\u00e1y \u00e9p n\u01b0\u1edbc c\u1ed1t do c\u00f4ng ty B\u00ecnh Minh s\u1ea3n xu\u1ea5t \u0111\u01b0\u1ee3c l\u00e0m b\u1eb1ng ch\u1ea5t li\u1ec7u inox cao c\u1ea5p chuy\u00ean d\u00f9ng xay \u00e9p n\u01b0\u1edbc c\u1ed1t c\u00e1c lo\u1ea1i rau c\u1ee7 qu\u1ea3 \u0111\u01b0\u1ee3c c\u00e1c h\u1ed9 kinh doanh, c\u01a1 s\u1edf ch\u1ebf bi\u1ebfn tin d\u00f9ng<\/p>\n<p><img loading=\"lazy\" decoding=\"async\" class=\"aligncenter wp-image-10845 size-full\" src=\"https:\/\/congtybinhminh.com\/wp-content\/uploads\/2019\/12\/may-ep-nuoc-cot-inox-gia-dinh_result222.webp\" alt=\"may-ep-nuoc-cot-inox-gia-dinh_result222\" width=\"800\" height=\"1078\" srcset=\"https:\/\/congtybinhminh.com\/wp-content\/uploads\/2019\/12\/may-ep-nuoc-cot-inox-gia-dinh_result222.webp 800w, https:\/\/congtybinhminh.com\/wp-content\/uploads\/2019\/12\/may-ep-nuoc-cot-inox-gia-dinh_result222-297x400.webp 297w, https:\/\/congtybinhminh.com\/wp-content\/uploads\/2019\/12\/may-ep-nuoc-cot-inox-gia-dinh_result222-594x800.webp 594w, https:\/\/congtybinhminh.com\/wp-content\/uploads\/2019\/12\/may-ep-nuoc-cot-inox-gia-dinh_result222-768x1035.webp 768w, https:\/\/congtybinhminh.com\/wp-content\/uploads\/2019\/12\/may-ep-nuoc-cot-inox-gia-dinh_result222-510x687.webp 510w\" sizes=\"auto, (max-width: 800px) 100vw, 800px\" \/><\/p>\n<p>M\u00e1y \u00e9p n\u01b0\u1edbc c\u1ed1t d\u00f9ng \u0111i\u1ec7n gia \u0111\u00ecnh 220V cho n\u0103ng su\u1ea5t 60 &#8211; 90 kg\/gi\u1edd t\u1ef7 l\u1ec7 \u00e9p ki\u1ec7t \u0111\u1ea1t \u0111\u1ebfn 98% ngay trong l\u1ea7n \u00e9p \u0111\u1ea7u ti\u00ean<\/p>\n<h2>Nh\u1eefng t\u00ednh n\u0103ng m\u00e1y \u00e9p n\u01b0\u1edbc c\u1ed1t inox<\/h2>\n<p>Thu\u1ed9c d\u00f2ng m\u00e1y ch\u1ebf bi\u1ebfn th\u1ef1c ph\u1ea9m m\u00e1y c\u00f3 th\u1ec3 \u00e9p \u0111a d\u1ea1ng c\u00e1c lo\u1ea1i nguy\u00ean li\u1ec7u \u1ee9ng d\u1ee5ng trong nhi\u1ec1u l\u0129nh v\u1ef1c:<\/p>\n<p><img loading=\"lazy\" decoding=\"async\" class=\"aligncenter wp-image-10852 size-full\" src=\"https:\/\/congtybinhminh.com\/wp-content\/uploads\/2019\/12\/may-ep-nuoc-cot-duacopy_result222.webp\" alt=\"may-ep-nuoc-cot-duacopy_result222\" width=\"800\" height=\"1116\" srcset=\"https:\/\/congtybinhminh.com\/wp-content\/uploads\/2019\/12\/may-ep-nuoc-cot-duacopy_result222.webp 800w, https:\/\/congtybinhminh.com\/wp-content\/uploads\/2019\/12\/may-ep-nuoc-cot-duacopy_result222-287x400.webp 287w, https:\/\/congtybinhminh.com\/wp-content\/uploads\/2019\/12\/may-ep-nuoc-cot-duacopy_result222-573x800.webp 573w, https:\/\/congtybinhminh.com\/wp-content\/uploads\/2019\/12\/may-ep-nuoc-cot-duacopy_result222-768x1071.webp 768w, https:\/\/congtybinhminh.com\/wp-content\/uploads\/2019\/12\/may-ep-nuoc-cot-duacopy_result222-510x711.webp 510w\" sizes=\"auto, (max-width: 800px) 100vw, 800px\" \/><\/p>\n<ul>\n<li>\u00c9p n\u01b0\u1edbc c\u1ed1t c\u00e1c lo\u1ea1i rau c\u1ee7 qu\u1ea3: d\u01b0a h\u1ea5u, d\u1ee9a, rau m\u00e1, c\u1ea7n t\u00e2y..<\/li>\n<li>\u00c9p n\u01b0\u1edbc c\u1ed1t d\u1eeba: c\u00f9i d\u1eeba kh\u00f4 cho v\u00e0o m\u00e1y xay nh\u1ecf r\u1ed3i \u00e9p l\u1ea5y n\u01b0\u1edbc c\u1ed1t l\u00e0m n\u01b0\u1edbc c\u1ed1t d\u1eeba<\/li>\n<li>\u00c9p n\u01b0\u1edbc c\u1ed1t g\u1eebng, n\u01b0\u1edbc c\u1ed1t gh\u1ec7.. l\u00e0m gia v\u1ecb<\/li>\n<\/ul>\n<h2><span id=\"Cau_tao_va_thong_so_ky_thuat_cua_may_ep_nuoc_cot_inox\" class=\"ez-toc-section\">C\u1ea5u t\u1ea1o v\u00e0 th\u00f4ng s\u1ed1 k\u1ef9 thu\u1eadt c\u1ee7a m\u00e1y \u00e9p n\u01b0\u1edbc c\u1ed1t inox:<\/span><\/h2>\n<p>Toa n\u1ea1p nguy\u00ean li\u1ec7u \u0111\u1ea7u v\u00e0o r\u1ed9ng r\u00e3i, tr\u1ee5c xo\u1eafn \u00e9p c\u1ee7a m\u00e1y v\u00f4 c\u00f9ng kh\u1ecfe kho\u1eafn c\u00f3 nhi\u1ec7m v\u1ee5 \u00e9p ki\u1ec7t m\u1ecdi lo\u1ea1i nguy\u00ean li\u1ec7u c\u1ea7n l\u1ea5y n\u01b0\u1edbc c\u1ed1t.<\/p>\n<p><img loading=\"lazy\" decoding=\"async\" class=\"aligncenter wp-image-10847 size-full\" src=\"https:\/\/congtybinhminh.com\/wp-content\/uploads\/2019\/12\/cau-tao-may-ep-nuoc-cot-inox-binh-minh_result222.webp\" alt=\"cau-tao-may-ep-nuoc-cot-inox-binh-minh_result222\" width=\"800\" height=\"600\" srcset=\"https:\/\/congtybinhminh.com\/wp-content\/uploads\/2019\/12\/cau-tao-may-ep-nuoc-cot-inox-binh-minh_result222.webp 800w, https:\/\/congtybinhminh.com\/wp-content\/uploads\/2019\/12\/cau-tao-may-ep-nuoc-cot-inox-binh-minh_result222-533x400.webp 533w, https:\/\/congtybinhminh.com\/wp-content\/uploads\/2019\/12\/cau-tao-may-ep-nuoc-cot-inox-binh-minh_result222-768x576.webp 768w, https:\/\/congtybinhminh.com\/wp-content\/uploads\/2019\/12\/cau-tao-may-ep-nuoc-cot-inox-binh-minh_result222-510x383.webp 510w\" sizes=\"auto, (max-width: 800px) 100vw, 800px\" \/><\/p>\n<p>Thi\u1ebft k\u1ebf kho\u1ea3ng c\u00e1ch \u0111\u1ed9 d\u1ed1c c\u1ee7a tr\u1ee5c \u00e9p v\u00e0 toa nguy\u00ean li\u1ec7u kho\u1ea3ng 5cm \u0111\u1ec3 c\u00f3 th\u1ec3 \u0111\u1ea3m b\u1ea3o \u0111\u1ed9 an to\u00e0n khi s\u1eed d\u1ee5ng m\u00e1y<\/p>\n<p><img loading=\"lazy\" decoding=\"async\" class=\"aligncenter wp-image-10848 size-full\" src=\"https:\/\/congtybinhminh.com\/wp-content\/uploads\/2019\/12\/sang-luoi-may-ep-nuoc-cot_result222.webp\" alt=\"sang-luoi-may-ep-nuoc-cot_result222\" width=\"800\" height=\"1014\" srcset=\"https:\/\/congtybinhminh.com\/wp-content\/uploads\/2019\/12\/sang-luoi-may-ep-nuoc-cot_result222.webp 800w, https:\/\/congtybinhminh.com\/wp-content\/uploads\/2019\/12\/sang-luoi-may-ep-nuoc-cot_result222-316x400.webp 316w, https:\/\/congtybinhminh.com\/wp-content\/uploads\/2019\/12\/sang-luoi-may-ep-nuoc-cot_result222-631x800.webp 631w, https:\/\/congtybinhminh.com\/wp-content\/uploads\/2019\/12\/sang-luoi-may-ep-nuoc-cot_result222-768x973.webp 768w, https:\/\/congtybinhminh.com\/wp-content\/uploads\/2019\/12\/sang-luoi-may-ep-nuoc-cot_result222-510x646.webp 510w\" sizes=\"auto, (max-width: 800px) 100vw, 800px\" \/><\/p>\n<p>L\u1edbi l\u1ecdc trong m\u00e1y c\u00f3 t\u00e1c d\u1ee5ng s\u00e0ng l\u1ecdc m\u1ecdi c\u1eb7n b\u00e3 \u0111\u1ec3 cho ra th\u00e0nh ph\u1ea9m n\u01b0\u1edbc c\u1ed1t nguy\u00ean c\u1ed1t t\u1eeb m\u1ecdi lo\u1ea1i nguy\u00ean li\u1ec7u.<\/p>\n<p>M\u00e1y \u00e9p n\u01b0\u1edbc c\u1ed1t inox c\u00f3 2 c\u1eeda ra: 1 c\u1eeda cho ra th\u00e0nh ph\u1ea9m n\u01b0\u1edbc c\u1ed1t, 1 c\u1eeda x\u1ea3 b\u00e3 nguy\u00ean li\u1ec7u \u0111\u00e3 \u0111\u01b0\u1ee3c \u00e9p ki\u1ec7t.<\/p>\n<p><img loading=\"lazy\" decoding=\"async\" class=\"aligncenter wp-image-10850 size-full\" src=\"https:\/\/congtybinhminh.com\/wp-content\/uploads\/2019\/12\/cong-tac_result222.webp\" alt=\"cong-tac_result222\" width=\"800\" height=\"535\" srcset=\"https:\/\/congtybinhminh.com\/wp-content\/uploads\/2019\/12\/cong-tac_result222.webp 800w, https:\/\/congtybinhminh.com\/wp-content\/uploads\/2019\/12\/cong-tac_result222-598x400.webp 598w, https:\/\/congtybinhminh.com\/wp-content\/uploads\/2019\/12\/cong-tac_result222-768x514.webp 768w, https:\/\/congtybinhminh.com\/wp-content\/uploads\/2019\/12\/cong-tac_result222-510x341.webp 510w\" sizes=\"auto, (max-width: 800px) 100vw, 800px\" \/><\/p>\n<p>S\u1eed d\u1ee5ng motor gi\u1ea3m t\u1ed1c li\u1ec1n trong 0.75 kW \u0111\u1ea3m b\u1ea3o 100% d\u00e2y \u0111\u1ed3ng.<\/p>\n<h2><span id=\"Huong_dan_su_dung\" class=\"ez-toc-section\">H\u01b0\u1edbng d\u1eabn s\u1eed d\u1ee5ng:\u00a0<\/span><\/h2>\n<ul>\n<li>L\u1eafp \u0111\u1eb7t \u1edf n\u01a1i tho\u00e1ng m\u00e1t, h\u1ea1n ch\u1ebf rung khi m\u00e1y v\u1eadn h\u00e0nh.<\/li>\n<li>S\u1eed d\u1ee5ng \u0111\u00fang ngu\u1ed3n \u0111i\u1ec7n.<\/li>\n<li>Chu\u1ea9n b\u1ecb s\u1eb5n s\u00e0ng c\u00e1c d\u1ee5ng c\u1ee5 \u0111\u1ec3 \u0111\u1ef1ng n\u01b0\u1edbc c\u1ed1t v\u00e0 b\u00e3 nguy\u00ean li\u1ec7u.<\/li>\n<li>Tr\u00e1nh \u0111\u1ec3 c\u00e1c v\u1eadt s\u1eafc nh\u1ecdn \u0111\u01b0a v\u00e0o m\u00e1y \u0111\u1ec3 l\u00e0m h\u1ecfng l\u01b0\u1edbi l\u1ecdc.<\/li>\n<li>Khi v\u1eadn h\u00e0ng xong, t\u1eaft ngu\u1ed3n \u0111i\u1ec7n, th\u00e1o c\u00e1c b\u1ed9 ph\u1eadn c\u1ecd r\u1eeda v\u00e0 v\u1ec7 sinh m\u00e1y.<\/li>\n<\/ul>\n<p><img loading=\"lazy\" decoding=\"async\" class=\"aligncenter wp-image-10851 size-full\" src=\"https:\/\/congtybinhminh.com\/wp-content\/uploads\/2019\/12\/huong-dan-cach-ep-nuoc-cot-dua_result222.webp\" alt=\"huong-dan-cach-ep-nuoc-cot-dua_result222\" width=\"800\" height=\"1014\" srcset=\"https:\/\/congtybinhminh.com\/wp-content\/uploads\/2019\/12\/huong-dan-cach-ep-nuoc-cot-dua_result222.webp 800w, https:\/\/congtybinhminh.com\/wp-content\/uploads\/2019\/12\/huong-dan-cach-ep-nuoc-cot-dua_result222-316x400.webp 316w, https:\/\/congtybinhminh.com\/wp-content\/uploads\/2019\/12\/huong-dan-cach-ep-nuoc-cot-dua_result222-631x800.webp 631w, https:\/\/congtybinhminh.com\/wp-content\/uploads\/2019\/12\/huong-dan-cach-ep-nuoc-cot-dua_result222-768x973.webp 768w, https:\/\/congtybinhminh.com\/wp-content\/uploads\/2019\/12\/huong-dan-cach-ep-nuoc-cot-dua_result222-510x646.webp 510w\" sizes=\"auto, (max-width: 800px) 100vw, 800px\" \/><\/p>\n<h2><span id=\"Cam_ket_ve_gia_va_Chinh_sach_bao_hanh\" class=\"ez-toc-section\">Cam k\u1ebft v\u1ec1 gi\u00e1 v\u00e0 Ch\u00ednh s\u00e1ch b\u1ea3o h\u00e0nh<\/span><\/h2>\n<ul>\n<li>M\u00e1y do c\u00f4ng ty tr\u1ef1c ti\u1ebfp ch\u1ebf t\u1ea1o v\u00e0 s\u1ea3n xu\u1ea5t t\u1ea1i x\u01b0\u1edfng, kh\u00f4ng qua trung gian, \u0111\u1ea3m b\u1ea3o gi\u00e1 r\u1ebb nh\u1ea5t, ch\u1ea5t l\u01b0\u1ee3ng t\u1ed1t nh\u1ea5t, b\u1ea3o h\u00e0nh thu\u1eadn ti\u1ec7n nh\u1ea5t.<\/li>\n<li>\u0110\u1ed9i ng\u0169 k\u1ef9 thu\u1eadt c\u00f3 tr\u00ecnh \u0111\u1ed9 chuy\u00ean m\u00f4n cao, s\u1eb5n s\u00e0ng h\u1ed7 tr\u1ee3 k\u1ef9 thu\u1eadt t\u1eadn t\u00ecnh v\u00e0 tr\u1ecdn \u0111\u1eddi.<\/li>\n<li>B\u1ea3o h\u00e0nh t\u1ea1i c\u00f4ng ty 6 th\u00e1ng cho tr\u01b0\u1eddng h\u1ee3p m\u00e1y l\u1ed7i k\u1ef9 thu\u1eadt do c\u00f4ng ty s\u1ea3n xu\u1ea5t. H\u1ebft th\u1eddi gian n\u00e0y t\u01b0 v\u1ea5n k\u1ef9 thu\u1eadt tr\u1ecdn \u0111\u1eddi s\u1ea3n ph\u1ea9m.<\/li>\n<\/ul>\n<p><img loading=\"lazy\" decoding=\"async\" class=\"aligncenter wp-image-10849 size-full\" src=\"https:\/\/congtybinhminh.com\/wp-content\/uploads\/2019\/12\/may-ep-nuoc-cot-cong-ty-binh-minh-2_result222.webp\" alt=\"may-ep-nuoc-cot-cong-ty-binh-minh-2_result222\" width=\"800\" height=\"498\" srcset=\"https:\/\/congtybinhminh.com\/wp-content\/uploads\/2019\/12\/may-ep-nuoc-cot-cong-ty-binh-minh-2_result222.webp 800w, https:\/\/congtybinhminh.com\/wp-content\/uploads\/2019\/12\/may-ep-nuoc-cot-cong-ty-binh-minh-2_result222-643x400.webp 643w, https:\/\/congtybinhminh.com\/wp-content\/uploads\/2019\/12\/may-ep-nuoc-cot-cong-ty-binh-minh-2_result222-768x478.webp 768w, https:\/\/congtybinhminh.com\/wp-content\/uploads\/2019\/12\/may-ep-nuoc-cot-cong-ty-binh-minh-2_result222-510x317.webp 510w\" sizes=\"auto, (max-width: 800px) 100vw, 800px\" \/><\/p>\n<h2><span id=\"Huong_dan_mua_hang\" class=\"ez-toc-section\">H\u01b0\u1edbng d\u1eabn mua h\u00e0ng<\/span><\/h2>\n<p>Kh\u00e1ch h\u00e0ng \u0111\u1ebfn c\u00f4ng ty mua m\u00e1y v\u00e0 thanh to\u00e1n tr\u1ef1c ti\u1ebfp b\u1eb1ng ti\u1ec1n m\u1eb7t.<\/p>\n<p>\u0110\u1ed1i v\u1edbi nh\u1eefng kh\u00e1ch h\u00e0ng \u1edf xa, C\u00f4ng ty s\u1ebd h\u01b0\u1edbng d\u1eabn mua h\u00e0ng v\u00e0 h\u1ed7 tr\u1ee3 giao h\u00e0ng to\u00e0n qu\u1ed1c. Qu\u00fd kh\u00e1ch vui l\u00f2ng chuy\u1ec3n kho\u1ea3n \u0111\u1eb7t c\u1ecdc, s\u1ed1 ti\u1ec1n m\u00e1y c\u00f2n l\u1ea1i s\u1ebd thanh to\u00e1n tr\u1ef1c ti\u1ebfp cho \u0111\u01a1n v\u1ecb v\u1eadn chuy\u1ec3n.<\/p>\n<p><strong>Th\u00f4ng s\u1ed1 k\u1ef9 thu\u1eadt<\/strong><\/p>\n<table border=\"1\" width=\"814\" cellspacing=\"1\" cellpadding=\"1\">\n<tbody>\n<tr>\n<td colspan=\"1\" rowspan=\"3\">\u0110\u1ed9ng c\u01a1<\/td>\n<td>C\u00f4ng su\u1ea5t \u0111\u1ed9ng c\u01a1<\/td>\n<td>\u00a00.75 kw<\/td>\n<\/tr>\n<tr>\n<td>Ngu\u1ed3n \u0111i\u1ec7n<\/td>\n<td>\u00a0220 (V)<\/td>\n<\/tr>\n<tr>\n<td>T\u1ed1c \u0111\u1ed9<\/td>\n<td>\u00a0 ( v\/p)<\/td>\n<\/tr>\n<tr>\n<td colspan=\"1\" rowspan=\"2\">Tr\u1ecdng l\u01b0\u1ee3ng m\u00e1y<\/td>\n<td>Nguy\u00ean b\u1ed9<\/td>\n<td>\u00a056 (kg)<\/td>\n<\/tr>\n<tr>\n<td>Kh\u00f4ng \u0111\u1ed9ng c\u01a1<\/td>\n<td>\u00a0 (kg)<\/td>\n<\/tr>\n<tr>\n<td colspan=\"1\" rowspan=\"2\">B\u1ea3o h\u00e0nh<\/td>\n<td>K\u1ef9 thu\u1eadt<\/td>\n<td>06 th\u00e1ng<\/td>\n<\/tr>\n<tr>\n<td>\u0110\u1ed9ng c\u01a1<\/td>\n<td>Theo t\u1eebng h\u00e3ng s\u1ea3n xu\u1ea5t<\/td>\n<\/tr>\n<tr>\n<td>N\u0103ng su\u1ea5t<\/td>\n<td colspan=\"2\" rowspan=\"1\">\u00a060-90kg\/gi\u1edd<\/td>\n<\/tr>\n<tr>\n<td>K\u00edch th\u01b0\u1edbc (d*c*r)<\/td>\n<td colspan=\"2\" rowspan=\"1\">\u00a0 72*84*50 cm<\/td>\n<\/tr>\n<tr>\n<td>H\u00ecnh th\u1ee9c thanh to\u00e1n<\/td>\n<td colspan=\"2\" rowspan=\"1\">Ti\u1ec1n m\u1eb7t ho\u1eb7c chuy\u1ec3n kho\u1ea3n<\/td>\n<\/tr>\n<\/tbody>\n<\/table>\n","protected":false},"excerpt":{"rendered":"<ul>\n<li><strong>H\u00e3ng s\u1ea3n xu\u1ea5t :<\/strong>\u00a0B\u00ecnh Minh<\/li>\n<li><strong>\u0110\u1ed9ng c\u01a1 gi\u1ea3m t\u1ed1c<\/strong>\u00a0: 0,75kw<\/li>\n<li><strong>Ngu\u1ed3n \u0111i\u1ec7n :<\/strong>\u00a0220 V<\/li>\n<li><strong>N\u0103ng su\u1ea5t<\/strong>\u00a0: 60-90 kg\/gi\u1edd<\/li>\n<li><strong>K\u00edch th\u01b0\u1edbc :<\/strong>\u00a0\u00a0\u00a0 72*84*50 cm<\/li>\n<li><strong>T\u00ednh n\u0103ng:<\/strong>\u00a0M\u00e1y chuy\u00ean d\u00f9ng \u00e9p n\u01b0\u1edbc c\u1ed1t c\u00e1c lo\u1ea1i rau \u2013 c\u1ee7 \u2013 qu\u1ea3 .. s\u1ed1 l\u01b0\u1ee3ng l\u1edbn \u0111\u1ec3 ch\u1ebf bi\u1ebfn th\u1ef1c ph\u1ea9m, l\u00e0m d\u01b0\u1ee3c li\u1ec7u\u2026<\/li>\n<\/ul>\n","protected":false},"featured_media":10839,"comment_status":"closed","ping_status":"closed","template":"","meta":[],"product_brand":[],"product_cat":[131],"product_tag":[],"class_list":{"0":"post-1458","1":"product","2":"type-product","3":"status-publish","4":"has-post-thumbnail","6":"product_cat-may-ep-nuoc-cot","8":"first","9":"instock","10":"shipping-taxable","11":"product-type-simple"},"_links":{"self":[{"href":"https:\/\/congtybinhminh.com\/index.php?rest_route=\/wp\/v2\/product\/1458","targetHints":{"allow":["GET"]}}],"collection":[{"href":"https:\/\/congtybinhminh.com\/index.php?rest_route=\/wp\/v2\/product"}],"about":[{"href":"https:\/\/congtybinhminh.com\/index.php?rest_route=\/wp\/v2\/types\/product"}],"replies":[{"embeddable":true,"href":"https:\/\/congtybinhminh.com\/index.php?rest_route=%2Fwp%2Fv2%2Fcomments&post=1458"}],"wp:featuredmedia":[{"embeddable":true,"href":"https:\/\/congtybinhminh.com\/index.php?rest_route=\/wp\/v2\/media\/10839"}],"wp:attachment":[{"href":"https:\/\/congtybinhminh.com\/index.php?rest_route=%2Fwp%2Fv2%2Fmedia&parent=1458"}],"wp:term":[{"taxonomy":"product_brand","embeddable":true,"href":"https:\/\/congtybinhminh.com\/index.php?rest_route=%2Fwp%2Fv2%2Fproduct_brand&post=1458"},{"taxonomy":"product_cat","embeddable":true,"href":"https:\/\/congtybinhminh.com\/index.php?rest_route=%2Fwp%2Fv2%2Fproduct_cat&post=1458"},{"taxonomy":"product_tag","embeddable":true,"href":"https:\/\/congtybinhminh.com\/index.php?rest_route=%2Fwp%2Fv2%2Fproduct_tag&post=1458"}],"curies":[{"name":"wp","href":"https:\/\/api.w.org\/{rel}","templated":true}]}}