{"id":1238,"date":"2019-11-25T14:00:31","date_gmt":"2019-11-25T07:00:31","guid":{"rendered":"https:\/\/congtybinhminh.com\/?post_type=product&#038;p=1238"},"modified":"2020-09-04T07:55:04","modified_gmt":"2020-09-04T00:55:04","slug":"may-xay-da-nang-buong-inox","status":"publish","type":"product","link":"https:\/\/congtybinhminh.com\/?product=may-xay-da-nang-buong-inox","title":{"rendered":"M\u00e1y xay th\u1ee9c \u0103n ch\u0103n nu\u00f4i MXI &#8211; 01"},"content":{"rendered":"<p><strong>Xem video tr\u1ef1c ti\u1ebfp t\u1ea1i \u0111\u00e2y:<\/strong><\/p>\n<p><iframe loading=\"lazy\" src=\"https:\/\/www.youtube.com\/embed\/PB8JuvP_H_o\" width=\"100%\" height=\"480px\" frameborder=\"0\" allowfullscreen=\"allowfullscreen\"><span data-mce-type=\"bookmark\" style=\"display: inline-block; width: 0px; overflow: hidden; line-height: 0;\" class=\"mce_SELRES_start\">\ufeff<\/span><\/iframe><\/p>\n<p>&nbsp;<\/p>\n<p>M\u00e1y xay \u0111a n\u0103ng c\u1ee7a C\u00f4ng ty B\u00ecnh Minh s\u1ea3n xu\u1ea5t nh\u1eb1m \u0111\u00e1p \u1ee9ng nhu c\u1ea7u xay nhuy\u1ec5n, b\u0103m nh\u1ecf c\u00e1c lo\u1ea1i th\u1ef1c ph\u1ea9m d\u00f9ng \u0111\u1ec3 ch\u1ebf bi\u1ebfn m\u00f3n \u0103n trong nh\u00e0 h\u00e0ng, b\u1ebfp t\u1eadp th\u1ec3 ho\u1eb7c xay nh\u1ecf ng\u00f4, khoai, \u2026 l\u00e0m th\u1ee9c \u0103n ch\u0103n nu\u00f4i. M\u00e1y thi\u1ebft k\u1ebf bu\u1ed3ng xay inox n\u00ean \u0111\u1ea3m b\u1ea3o v\u1ec7 sinh an to\u00e0n th\u1ef1c ph\u1ea9m \u0111\u1ed3ng th\u1eddi xay nh\u1ecf nguy\u00ean li\u1ec7u nhanh ch\u00f3ng cho n\u0103ng su\u1ea5t cao.<\/p>\n<p><img loading=\"lazy\" decoding=\"async\" class=\"size-full wp-image-1239 aligncenter\" src=\"https:\/\/congtybinhminh.com\/wp-content\/uploads\/2019\/11\/Slide4-6.jpg\" alt=\"xay-nghien-da-nang\" width=\"960\" height=\"720\" \/><\/p>\n<p>M\u00e1y xay \u0111a n\u0103ng inox l\u00e0 m\u1ed9t trong nh\u1eefng d\u00f2ng m\u00e1y xay \u0111\u01b0\u1ee3c C\u00f4ng ty B\u00ecnh Minh c\u1ea3i ti\u1ebfn v\u00e0 n\u00e2ng c\u1ea5p v\u1edbi bu\u1ed3ng l\u00e0m vi\u1ec7c b\u1eb1ng inox ch\u1ed1ng g\u1ec9, kh\u00f4ng b\u1ecb oxy h\u00f3a sinh ra ch\u1ea5t \u0111\u1ed9c h\u1ea1i n\u00ean tuy\u1ec7t \u0111\u1ed1i an to\u00e0n th\u1ef1c ph\u1ea9m.<\/p>\n<p>M\u00e1y s\u1eed d\u1ee5ng xay nhuy\u1ec5n nhi\u1ec1u lo\u1ea1i nguy\u00ean li\u1ec7u nh\u01b0 \u0111\u1ed7 t\u01b0\u01a1ng, ri\u1ec1ng, g\u1eebng, x\u1ea3, cua, t\u00f4m, c\u00e1\u2026 \u0111\u1ec3 ch\u1ebf bi\u1ebfn m\u00f3n \u0103n\u00a0\u0111\u1ebfn ng\u00f4, khoai, s\u1eafn th\u00e0nh h\u1ed7n h\u1ee3p c\u00e1m l\u00e0m th\u1ee9c \u0103n cho gia s\u00fac, gia c\u1ea7m.<\/p>\n<p><img loading=\"lazy\" decoding=\"async\" class=\"size-full wp-image-1240 aligncenter\" src=\"https:\/\/congtybinhminh.com\/wp-content\/uploads\/2019\/11\/Slide2-7.jpg\" alt=\"xay-nghien-dn\" width=\"960\" height=\"720\" srcset=\"https:\/\/congtybinhminh.com\/wp-content\/uploads\/2019\/11\/Slide2-7.jpg 960w, https:\/\/congtybinhminh.com\/wp-content\/uploads\/2019\/11\/Slide2-7-510x383.jpg 510w, https:\/\/congtybinhminh.com\/wp-content\/uploads\/2019\/11\/Slide2-7-533x400.jpg 533w, https:\/\/congtybinhminh.com\/wp-content\/uploads\/2019\/11\/Slide2-7-768x576.jpg 768w\" sizes=\"auto, (max-width: 960px) 100vw, 960px\" \/><\/p>\n<p>H\u1ec7 th\u1ed1ng toa n\u1ea1p r\u1ed9ng r\u00e3i c\u00f3 s\u1ee9c ch\u1ee9a l\u1edbn 5kg\/m\u1ebb\u00a0g\u1ed3m 1 toa to v\u00e0 1 toa nh\u1ecf ph\u00f9 h\u1ee3p v\u1edbi t\u1eebng lo\u1ea1i nguy\u00ean li\u1ec7u c\u00f3 k\u00edch c\u1ee1 kh\u00e1c\u00a0nhau. \u1ede m\u1ed7i toa c\u00f3 trang b\u1ecb t\u1ea5m ch\u1eafn ngang gi\u00fap \u0111i\u1ec1u ch\u1ec9nh l\u01b0\u1ee3ng nguy\u00ean li\u1ec7u di chuy\u1ec3n t\u1eeb t\u1eeb xu\u1ed1ng bu\u1ed3ng l\u00e0m vi\u1ec7c.<\/p>\n<p>Khi m\u00e1y ho\u1ea1t \u0111\u1ed9ng, motor quay truy\u1ec1n chuy\u1ec3n \u0111\u1ed9ng \u0111\u1ebfn 3 con dao 2 l\u01b0\u1ee1i\u00a0s\u1eafc b\u00e9n \u0111\u01b0\u1ee3c \u0111\u1eb7t so le nhau trong bu\u1ed3ng l\u00e0m vi\u1ec7c, c\u00f3 nhi\u1ec7m v\u1ee5 xay nhuy\u1ec5n c\u00e1c nguy\u00ean li\u1ec7u \u0111\u01b0a v\u00e0o.<\/p>\n<p>M\u1ed7i m\u00e1y \u0111\u01b0\u1ee3c trang b\u1ecb 2 t\u1ea5m s\u00e0ng l\u1ed7 v\u00e0 s\u00e0ng k\u00edn s\u1eed d\u1ee5ng t\u00f9y t\u1eebng lo\u1ea1i nguy\u00ean li\u1ec7u.<\/p>\n<p><img loading=\"lazy\" decoding=\"async\" class=\"size-full wp-image-1241 aligncenter\" src=\"https:\/\/congtybinhminh.com\/wp-content\/uploads\/2019\/11\/Slide1-10.jpg\" alt=\"cau-tao-mxdn\" width=\"960\" height=\"720\" srcset=\"https:\/\/congtybinhminh.com\/wp-content\/uploads\/2019\/11\/Slide1-10.jpg 960w, https:\/\/congtybinhminh.com\/wp-content\/uploads\/2019\/11\/Slide1-10-510x383.jpg 510w, https:\/\/congtybinhminh.com\/wp-content\/uploads\/2019\/11\/Slide1-10-533x400.jpg 533w, https:\/\/congtybinhminh.com\/wp-content\/uploads\/2019\/11\/Slide1-10-768x576.jpg 768w\" sizes=\"auto, (max-width: 960px) 100vw, 960px\" \/><\/p>\n<ul>\n<li>S\u00e0ng l\u1ed7 d\u00f9ng \u0111\u1ec3 xay nghi\u1ec1n c\u00e1c lo\u1ea1i nguy\u00ean li\u1ec7u t\u01b0\u01a1i: \u0111\u1ed7 t\u01b0\u01a1ng, cua, c\u00e1, rau, c\u1ee7\u2026<\/li>\n<li>S\u00e0ng k\u00edn l\u1eafp khi b\u0103m nghi\u1ec1n c\u00e1c lo\u1ea1i nguy\u00ean li\u1ec7u kh\u00f4 nh\u01b0 ng\u00f4, khoai, s\u1eafn\u2026<\/li>\n<\/ul>\n<p>M\u00e1y c\u1ea5u t\u1ea1o g\u1ecdn nh\u1eb9, v\u1eadn h\u00e0nh ho\u00e0n to\u00e0n t\u1ef1 \u0111\u1ed9ng cho n\u0103ng su\u1ea5t cao \u0111\u1ea1t 50-60kg\/gi\u1edd,\u00a0ph\u00f9 h\u1ee3p cho nh\u00e0 h\u00e0ng, b\u1ebfp \u0103n t\u1eadp th\u1ec3 v\u00e0\u00a0h\u1ed9 gia \u0111\u00ecnh s\u1ea3n xu\u1ea5t, ch\u0103n nu\u00f4i nh\u1ecf l\u1ebb.<\/p>\n<p>\u0110\u1eb7c bi\u1ec7t. m\u00e1y xay \u0111a n\u0103ng Inox\u00a0s\u1eed d\u1ee5ng ngu\u1ed3n \u0111i\u1ec7n d\u00e2n d\u1ee5ng 220V ti\u1ec7n l\u1ee3i m\u00e0 gi\u00e1 th\u00e0nh m\u00e1y h\u1ee3p l\u00fd ti\u1ebft ki\u1ec7m chi ph\u00ed c\u0169ng nh\u01b0 th\u1eddi gian khi xay, b\u0103m nh\u1ecf nguy\u00ean li\u1ec7u b\u1eb1ng ph\u01b0\u01a1ng ph\u00e1p th\u1ee7 c\u00f4ng.<\/p>\n<p><img loading=\"lazy\" decoding=\"async\" class=\"size-full wp-image-1242 aligncenter\" src=\"https:\/\/congtybinhminh.com\/wp-content\/uploads\/2019\/11\/Slide3-8.jpg\" alt=\"xa-nghien-thanh-pham\" width=\"960\" height=\"720\" srcset=\"https:\/\/congtybinhminh.com\/wp-content\/uploads\/2019\/11\/Slide3-8.jpg 960w, https:\/\/congtybinhminh.com\/wp-content\/uploads\/2019\/11\/Slide3-8-510x383.jpg 510w, https:\/\/congtybinhminh.com\/wp-content\/uploads\/2019\/11\/Slide3-8-533x400.jpg 533w, https:\/\/congtybinhminh.com\/wp-content\/uploads\/2019\/11\/Slide3-8-768x576.jpg 768w\" sizes=\"auto, (max-width: 960px) 100vw, 960px\" \/><\/p>\n<h2><span id=\"Cam_ket_ve_gia_va_Chinh_sach_bao_hanh\" class=\"ez-toc-section\"><strong>Cam k\u1ebft v\u1ec1 gi\u00e1 v\u00e0 Ch\u00ednh s\u00e1ch b\u1ea3o h\u00e0nh<\/strong><\/span><\/h2>\n<ul>\n<li>M\u00e1y do c\u00f4ng ty tr\u1ef1c ti\u1ebfp ch\u1ebf t\u1ea1o v\u00e0 s\u1ea3n xu\u1ea5t t\u1ea1i x\u01b0\u1edfng, kh\u00f4ng qua trung gian, \u0111\u1ea3m b\u1ea3o gi\u00e1 r\u1ebb nh\u1ea5t, ch\u1ea5t l\u01b0\u1ee3ng t\u1ed1t nh\u1ea5t, b\u1ea3o h\u00e0nh thu\u1eadn ti\u1ec7n nh\u1ea5t.<\/li>\n<li>\u0110\u1ed9i ng\u0169 k\u1ef9 thu\u1eadt c\u00f3 tr\u00ecnh \u0111\u1ed9 chuy\u00ean m\u00f4n cao, s\u1eb5n s\u00e0ng h\u1ed7 tr\u1ee3 k\u1ef9 thu\u1eadt t\u1eadn t\u00ecnh v\u00e0 tr\u1ecdn \u0111\u1eddi.<\/li>\n<li>B\u1ea3o h\u00e0nh t\u1ea1i c\u00f4ng ty 6 th\u00e1ng cho tr\u01b0\u1eddng h\u1ee3p m\u00e1y l\u1ed7i k\u1ef9 thu\u1eadt do c\u00f4ng ty s\u1ea3n xu\u1ea5t. H\u1ebft th\u1eddi gian n\u00e0y t\u01b0 v\u1ea5n k\u1ef9 thu\u1eadt tr\u1ecdn \u0111\u1eddi s\u1ea3n ph\u1ea9m.<\/li>\n<\/ul>\n<h2><span id=\"Huong_dan_mua_hang\" class=\"ez-toc-section\"><strong>H\u01b0\u1edbng d\u1eabn mua h\u00e0ng<\/strong><\/span><\/h2>\n<p>Kh\u00e1ch h\u00e0ng \u0111\u1ebfn c\u00f4ng ty mua m\u00e1y v\u00e0 thanh to\u00e1n tr\u1ef1c ti\u1ebfp b\u1eb1ng ti\u1ec1n m\u1eb7t.<\/p>\n<p>\u0110\u1ed1i v\u1edbi nh\u1eefng kh\u00e1ch h\u00e0ng \u1edf xa, C\u00f4ng ty s\u1ebd h\u01b0\u1edbng d\u1eabn mua h\u00e0ng v\u00e0 h\u1ed7 tr\u1ee3 giao h\u00e0ng to\u00e0n qu\u1ed1c. Qu\u00fd kh\u00e1ch vui l\u00f2ng chuy\u1ec3n kho\u1ea3n \u0111\u1eb7t c\u1ecdc, s\u1ed1 ti\u1ec1n m\u00e1y c\u00f2n l\u1ea1i s\u1ebd thanh to\u00e1n tr\u1ef1c ti\u1ebfp cho \u0111\u01a1n v\u1ecb v\u1eadn chuy\u1ec3n.<\/p>\n<p>\u0110\u1ec3 \u0111\u01b0\u1ee3c cung c\u1ea5p th\u00eam th\u00f4ng tin v\u1ec1 c\u00e1c d\u00f2ng s\u1ea3n ph\u1ea9m c\u1ee7a c\u00f4ng ty B\u00ecnh Minh, k\u00ednh m\u1eddi Qu\u00fd kh\u00e1ch li\u00ean h\u1ec7:<\/p>\n<p><strong>C\u00d4NG TY TNHH D\u1ecaCH V\u1ee4 V\u00c0 S\u1ea2N XU\u1ea4T TH\u01af\u01a0NG M\u1ea0I XU\u1ea4T NH\u1eacP KH\u1ea8U B\u00ccNH MINH<\/strong><\/p>\n<p><strong>\u0110\u1ecba ch\u1ec9:<\/strong> S\u1ed1 249, Ph\u1ed1 L\u00ea L\u1ee3i \u2013 Ph\u01b0\u1eddng L\u00ea L\u1ee3i \u2013 Th\u1ecb x\u00e3 S\u01a1n T\u00e2y \u2013 Th\u00e0nh ph\u1ed1 H\u00e0 N\u1ed9i<\/p>\n<p><strong>Hotline:\u00a00888.01.8822<\/strong><\/p>\n","protected":false},"excerpt":{"rendered":"<p><strong>T\u00ednh n\u0103ng:\u00a0<\/strong><em>Xay nhuy\u1ec5n cua, c\u00e1, \u1ed1c- Nghi\u1ec1n ng\u00f4, khoai, s\u1eafn th\u00e0nh b\u1ed9t c\u00e1m.<\/em><\/p>\n<p><strong>N\u0103ng su\u1ea5t<\/strong>: 50-60 kg\/gi\u1edd<\/p>\n<p><strong>\u0110\u1ed9ng c\u01a1:<\/strong>\u00a02,2-3kw<\/p>\n<p><strong>\u0110i\u1ec7n n\u0103ng:<\/strong>\u00a0220V (1 pha)<\/p>\n<p><strong>Tr\u1ecdng l\u01b0\u1ee3ng:<\/strong>\u00a056kg<\/p>\n<p><strong>S\u1ea3n xu\u1ea5t:<\/strong>\u00a0<em>B\u00ecnh Minh<\/em><\/p>\n","protected":false},"featured_media":1243,"comment_status":"closed","ping_status":"closed","template":"","meta":[],"product_brand":[],"product_cat":[32],"product_tag":[],"class_list":{"0":"post-1238","1":"product","2":"type-product","3":"status-publish","4":"has-post-thumbnail","6":"product_cat-may-nghien","8":"first","9":"instock","10":"shipping-taxable","11":"product-type-simple"},"_links":{"self":[{"href":"https:\/\/congtybinhminh.com\/index.php?rest_route=\/wp\/v2\/product\/1238","targetHints":{"allow":["GET"]}}],"collection":[{"href":"https:\/\/congtybinhminh.com\/index.php?rest_route=\/wp\/v2\/product"}],"about":[{"href":"https:\/\/congtybinhminh.com\/index.php?rest_route=\/wp\/v2\/types\/product"}],"replies":[{"embeddable":true,"href":"https:\/\/congtybinhminh.com\/index.php?rest_route=%2Fwp%2Fv2%2Fcomments&post=1238"}],"wp:featuredmedia":[{"embeddable":true,"href":"https:\/\/congtybinhminh.com\/index.php?rest_route=\/wp\/v2\/media\/1243"}],"wp:attachment":[{"href":"https:\/\/congtybinhminh.com\/index.php?rest_route=%2Fwp%2Fv2%2Fmedia&parent=1238"}],"wp:term":[{"taxonomy":"product_brand","embeddable":true,"href":"https:\/\/congtybinhminh.com\/index.php?rest_route=%2Fwp%2Fv2%2Fproduct_brand&post=1238"},{"taxonomy":"product_cat","embeddable":true,"href":"https:\/\/congtybinhminh.com\/index.php?rest_route=%2Fwp%2Fv2%2Fproduct_cat&post=1238"},{"taxonomy":"product_tag","embeddable":true,"href":"https:\/\/congtybinhminh.com\/index.php?rest_route=%2Fwp%2Fv2%2Fproduct_tag&post=1238"}],"curies":[{"name":"wp","href":"https:\/\/api.w.org\/{rel}","templated":true}]}}