{"id":113,"date":"2019-10-28T16:23:11","date_gmt":"2019-10-28T09:23:11","guid":{"rendered":"https:\/\/congtybinhminh.com\/?post_type=product&#038;p=113"},"modified":"2023-04-05T10:51:25","modified_gmt":"2023-04-05T03:51:25","slug":"may-ep-cam-vien-s250","status":"publish","type":"product","link":"https:\/\/congtybinhminh.com\/?product=may-ep-cam-vien-s250","title":{"rendered":"M\u00e1y \u00e9p c\u00e1m vi\u00ean S250"},"content":{"rendered":"<h2><strong>Video ho\u1ea1t \u0111\u1ed9ng c\u1ee7a m\u00e1y\u00a0<\/strong><\/h2>\n<p><iframe loading=\"lazy\" title=\"M\u00e1y \u00c9p C\u00e1m Vi\u00ean S250 \u00c9p C\u1ecf N\u00e9n Cho Th\u1ecf Th\u1eed Nghi\u1ec7m Th\u1ef1c T\u1ebf\" width=\"1020\" height=\"574\" src=\"https:\/\/www.youtube.com\/embed\/xug1SuYzAdM?feature=oembed\" frameborder=\"0\" allow=\"accelerometer; autoplay; clipboard-write; encrypted-media; gyroscope; picture-in-picture; web-share\" allowfullscreen><\/iframe><\/p>\n<p><span style=\"color: #000000\">M\u00e1y \u00e9p c\u00e1m vi\u00ean tr\u1ee5c \u0111\u1ee9ng S250 l\u00e0 c\u00f4ng c\u1ee5 h\u1ed7 tr\u1ee3 \u0111\u1eafc l\u1ef1c gi\u00fap b\u00e0 con gi\u1ea3m b\u1edbt ch\u1ec9 ph\u00ed nh\u00e2n c\u00f4ng, ti\u1ebft ki\u1ec7m \u0111\u01b0\u1ee3c th\u1eddi gian. H\u01a1n n\u1eefa l\u1ea1i t\u0103ng n\u0103ng su\u1ea5t trong vi\u1ec7c t\u1ef1 s\u1ea3n xu\u1ea5t th\u1ee9c \u0103n cho gia s\u00fac, gia c\u1ea7m. M\u00e1y s\u1eed d\u1ee5ng \u0111\u1ed9ng c\u01a1 7,5kW &#8211; 11kW c\u1ee7a \u0110i\u1ec7n c\u01a1 100% d\u00e2y \u0111\u1ed3ng, ngu\u1ed3n \u0111i\u1ec7n 380V ho\u1eb7c \u0111\u1ea7u n\u1ed5 D15 &#8211; D20. V\u1edbi c\u00e1c t\u00ednh n\u0103ng nghi\u1ec1n, tr\u1ed9n v\u00e0 \u00e9p ra vi\u00ean c\u00e1m trong c\u00f9ng 1 qu\u00e1 tr\u00ecnh, cho t\u1ed1c \u0111\u1ed9 ra c\u00e1m nhanh ch\u00f3ng, \u0111\u1ea1t n\u0103ng su\u1ea5t t\u1eeb 350 \u0111\u1ebfn 450kg tr\u00ean 1 gi\u1edd.<\/span><\/p>\n<p><img loading=\"lazy\" decoding=\"async\" class=\"aligncenter wp-image-7427 size-full\" src=\"https:\/\/congtybinhminh.com\/wp-content\/uploads\/2019\/10\/may-ep-cam-vien-s250-binh-minh_result222.webp\" alt=\"may-ep-cam-vien-s250-binh-minh_result222\" width=\"800\" height=\"600\" srcset=\"https:\/\/congtybinhminh.com\/wp-content\/uploads\/2019\/10\/may-ep-cam-vien-s250-binh-minh_result222.webp 800w, https:\/\/congtybinhminh.com\/wp-content\/uploads\/2019\/10\/may-ep-cam-vien-s250-binh-minh_result222-510x383.webp 510w, https:\/\/congtybinhminh.com\/wp-content\/uploads\/2019\/10\/may-ep-cam-vien-s250-binh-minh_result222-533x400.webp 533w, https:\/\/congtybinhminh.com\/wp-content\/uploads\/2019\/10\/may-ep-cam-vien-s250-binh-minh_result222-768x576.webp 768w\" sizes=\"auto, (max-width: 800px) 100vw, 800px\" \/><\/p>\n<p>&nbsp;<\/p>\n<p><span style=\"color: #000000\"> M\u00e1y c\u00f3 th\u1ec3 \u00e9p \u0111\u01b0\u1ee3c \u0111a d\u1ea1ng c\u00e1c ngu\u1ed3n nguy\u00ean li\u1ec7u c\u00f3 s\u1eb5n \u1edf \u0111\u1ecba ph\u01b0\u01a1ng nh\u01b0 ng\u00f4 h\u1ea1t, th\u00f3c l\u00faa, rau b\u00e8o, t\u00f4m, c\u00e1, \u1ed1c,\u2026 th\u1eadm ch\u1ec9 c\u1ea3 c\u00e1c lo\u1ea1i ph\u1ee5 ph\u1ea9m nh\u01b0 b\u00e3 bia, b\u00e3 l\u1ea1c, b\u00e3 \u0111\u1eadu \u0111\u1ec1u c\u00f3 th\u1ebf t\u1eadn d\u1ee5ng \u0111\u01b0\u1ee3c. M\u00e1y c\u00f2n c\u00f3 th\u1ec3 \u00e9p c\u00e1c lo\u1ea1i ph\u00e2n d\u00ea, ph\u1ea7n tr\u00f9n qu\u1ebf,..l\u00e0m ph\u00e2n b\u00f3n cho c\u00e2y tr\u1ed3ng.<\/span><\/p>\n<p><img loading=\"lazy\" decoding=\"async\" class=\"aligncenter wp-image-7430 size-full\" src=\"https:\/\/congtybinhminh.com\/wp-content\/uploads\/2019\/10\/truc-may-ep-vien_result222.webp\" alt=\"truc-may-ep-vien_result222\" width=\"800\" height=\"600\" srcset=\"https:\/\/congtybinhminh.com\/wp-content\/uploads\/2019\/10\/truc-may-ep-vien_result222.webp 800w, https:\/\/congtybinhminh.com\/wp-content\/uploads\/2019\/10\/truc-may-ep-vien_result222-510x383.webp 510w, https:\/\/congtybinhminh.com\/wp-content\/uploads\/2019\/10\/truc-may-ep-vien_result222-533x400.webp 533w, https:\/\/congtybinhminh.com\/wp-content\/uploads\/2019\/10\/truc-may-ep-vien_result222-768x576.webp 768w\" sizes=\"auto, (max-width: 800px) 100vw, 800px\" \/><\/p>\n<p><span style=\"color: #000000\"> M\u00e1y s250 khi v\u1eadn h\u00e0nh th\u00ec qu\u1ea3 l\u00f4 quay quanh tr\u1ee5c v\u00e0 m\u1eb7t s\u00e0ng \u0111\u1ee9ng y\u00ean, khi \u0111\u00f3 s\u1ebd t\u1ea1o n\u00ean 1 l\u1ef1c \u00e9p \u0111\u1ec3 c\u00e1m \u0111i qua c\u00e1c l\u1ed7 s\u00e0ng v\u00e0 t\u1ea1o th\u00e0nh vi\u00ean c\u00e1m. M\u00e1y \u0111\u01b0\u1ee3c trang b\u1ecb 1 m\u1eb7t s\u00e0ng \u0111i k\u00e8m. B\u00e0 con c\u00f3 th\u1ec3 l\u1ef1a ch\u1ecdn c\u00e1c m\u1eb7t s\u00e0ng 3 ly, 4 ly ho\u1eb7c 5 ly gi\u00fap cho b\u00e0 con c\u00f3 th\u1ec3 l\u1ef1a ch\u1ecdn k\u00edch th\u01b0\u1edbc vi\u00ean c\u00e1m ph\u00f9 h\u1ee3p v\u1edbi t\u1eebng lo\u1ea1i v\u1eadt nu\u00f4i.<\/span><\/p>\n<h2><span id=\"Uu_diem_cua_may_ep_cam_vien_S250\" class=\"ez-toc-section\" style=\"color: #000000\"><strong>\u01afu \u0111i\u1ec3m c\u1ee7a m\u00e1y \u00e9p c\u00e1m vi\u00ean S250<\/strong>:<\/span><\/h2>\n<ul>\n<li><span style=\"color: #000000\">Nghi\u1ec1n, tr\u1ed9n, \u00e9p \u0111\u01b0\u1ee3c t\u1ea5t c\u1ea3 c\u00e1c nguy\u00ean li\u1ec7u nh\u01b0: t\u00f4m, cua, \u1ed1c nh\u1ecf, c\u00e1 t\u00e9p, rau, b\u00e8o.. th\u00e0nh vi\u00ean c\u00e1m ch\u1eafc m\u1ecbn cho v\u1eadt nu\u00f4i s\u1eed d\u1ee5ng.<\/span><\/li>\n<li><span style=\"color: #000000\">M\u00e1y cho n\u0103ng su\u1ea5t m\u1ed9t gi\u1edd l\u00e0m vi\u1ec7c t\u1eeb 2 t\u1ea1 \u0111\u1ebfn 3 t\u1ea1 c\u00e1m vi\u00ean.<\/span><\/li>\n<li><span style=\"color: #000000\">C\u00f3 th\u1ec3 \u0111i\u1ec1u ch\u1ec9nh \u0111\u1ed9 d\u00e0i ng\u1eafn c\u1ee7a vi\u00ean c\u00e1m t\u1eeb 0,8 cm \u0111\u1ebfn 2 cm b\u1eb1ng dao c\u1eaft.<\/span><\/li>\n<\/ul>\n<p><img loading=\"lazy\" decoding=\"async\" class=\"aligncenter wp-image-7429 size-full\" src=\"https:\/\/congtybinhminh.com\/wp-content\/uploads\/2019\/10\/may-s250-nguyen-lieu_result222.webp\" alt=\"may-s250-nguyen-lieu_result222\" width=\"800\" height=\"600\" srcset=\"https:\/\/congtybinhminh.com\/wp-content\/uploads\/2019\/10\/may-s250-nguyen-lieu_result222.webp 800w, https:\/\/congtybinhminh.com\/wp-content\/uploads\/2019\/10\/may-s250-nguyen-lieu_result222-510x383.webp 510w, https:\/\/congtybinhminh.com\/wp-content\/uploads\/2019\/10\/may-s250-nguyen-lieu_result222-533x400.webp 533w, https:\/\/congtybinhminh.com\/wp-content\/uploads\/2019\/10\/may-s250-nguyen-lieu_result222-768x576.webp 768w\" sizes=\"auto, (max-width: 800px) 100vw, 800px\" \/><\/p>\n<p>&nbsp;<\/p>\n<ul>\n<li><span style=\"color: #000000\">Thay \u0111\u1ed5i k\u00edch th\u01b0\u1edbc to nh\u1ecf vi\u00ean c\u00e1m \u0111\u1ec3 ph\u00f9 h\u1ee3p v\u1edbi t\u1eebng giai \u0111o\u1ea1n c\u1ee7a v\u1eadt nu\u00f4i. B\u00e0 con ch\u1ecdn 1 trong 3 lo\u1ea1i: 3, 4, 5 ly \u0111i theo m\u00e1y.<\/span><\/li>\n<li><span style=\"color: #000000\">M\u00e1y \u0111\u01b0\u1ee3c thi\u1ebft k\u1ebf b\u00e1nh xe gi\u00fap di chuy\u1ec3n d\u1ec5 d\u00e0ng.<\/span><\/li>\n<li><span style=\"color: #000000\">S\u1eed d\u1ee5ng \u0111\u1ed9ng c\u01a1 c\u00f3 c\u00f4ng su\u1ea5t 5,5kW \u2013 7,5kW ,s\u1eed d\u1ee5ng ngu\u1ed3n \u0111i\u1ec7n 3 pha \u2013 380V. Ngo\u00e0i ra b\u00e0 con c\u00f3 th\u1ec3 tham kh\u1ea3o <a href=\"https:\/\/congtybinhminh.com\/sp\/may-ep-cam-vien-s270\/\">M\u00e1y \u00e9p c\u00e1m S270<\/a> s\u1eed d\u1ee5ng \u0111\u1ed9ng c\u01a1 11 &#8211; 15 kW cho n\u0103ng su\u1ea5t l\u1edbn t\u1eeb 5 &#8211; 6 t\u1ea1\/h<\/span><\/li>\n<\/ul>\n<h2><span id=\"Cau_tao_va_thong_so_ky_thuat_cua_may_ep_cam_vien_S250\" class=\"ez-toc-section\" style=\"color: #000000\"><strong>C\u1ea5u t\u1ea1o v\u00e0 th\u00f4ng s\u1ed1 k\u1ef9 thu\u1eadt c\u1ee7a m\u00e1y \u00e9p c\u00e1m vi\u00ean S250<\/strong>:<\/span><\/h2>\n<ul>\n<li><span style=\"color: #000000\">M\u00e1ng n\u1ea1p nguy\u00ean li\u1ec7u \u0111\u01b0\u1ee3c thi\u1ebft k\u1ebf d\u1ed1c gi\u00fap nguy\u00ean li\u1ec7u t\u1ef1 \u0111\u1ed9ng \u0111\u1ea9y xu\u1ed1ng th\u00e2n m\u00e1y.<\/span><\/li>\n<li><span style=\"color: #000000\">Bu\u1ed3ng l\u00e0m vi\u1ec7c \u0111\u01b0\u1ee3c trang b\u1ecb c\u00e1c b\u1ed9 ph\u1eadn chi ti\u1ebft v\u00e0 \u0111\u01b0\u1ee3c c\u1ed1 \u0111\u1ecbnh b\u1eb1ng ch\u1ed1t \u1ed1c v\u00edt ch\u1eafc ch\u1eafn. Vi\u1ec7c n\u00e0y \u0111\u1ea3m b\u1ea3o nguy\u00ean li\u1ec7u kh\u00f4ng b\u1ecb v\u0103ng ra ngo\u00e0i trong qu\u00e1 tr\u00ecnh v\u1eadn h\u00e0nh.<\/span><\/li>\n<li><span style=\"color: #000000\">M\u00e1y ho\u1ea1t \u0111\u1ed9ng ch\u1ee7 y\u1ebfu d\u1ef1a tr\u00ean chuy\u1ec3n \u0111\u1ed9ng c\u1ee7a qu\u1ea3 l\u00f4. D\u01b0\u1edbi t\u00e1c \u0111\u1ed9ng c\u1ee7a \u0111\u1ed9ng c\u01a1 7,5kw, ngu\u1ed3n \u0111i\u1ec7n 380V, qu\u1ea3 l\u00f4 quay tr\u00f2n quanh tr\u1ee5c, th\u1ef1c hi\u1ec7n nghi\u1ec7m v\u1ee5 nghi\u1ec1n \u2013 tr\u1ed9n \u2013 n\u00e9n ch\u1eb7t h\u1ed7n h\u1ee3p th\u00f4 th\u00e0nh vi\u00ean c\u00e1m \u0111\u1ea9y xu\u1ed1ng khay c\u1eeda x\u1ea3 qua m\u1eb7t s\u00e0ng.<\/span><\/li>\n<\/ul>\n<p><img loading=\"lazy\" decoding=\"async\" class=\"size-full wp-image-550 aligncenter\" src=\"https:\/\/congtybinhminh.com\/wp-content\/uploads\/2019\/10\/cau-tao-3-1.png\" alt=\"cau-tao-3-1\" width=\"800\" height=\"600\" srcset=\"https:\/\/congtybinhminh.com\/wp-content\/uploads\/2019\/10\/cau-tao-3-1.png 800w, https:\/\/congtybinhminh.com\/wp-content\/uploads\/2019\/10\/cau-tao-3-1-510x383.png 510w, https:\/\/congtybinhminh.com\/wp-content\/uploads\/2019\/10\/cau-tao-3-1-533x400.png 533w, https:\/\/congtybinhminh.com\/wp-content\/uploads\/2019\/10\/cau-tao-3-1-768x576.png 768w\" sizes=\"auto, (max-width: 800px) 100vw, 800px\" \/><\/p>\n<h2><span id=\"Cam_ket_ve_gia_va_Chinh_sach_bao_hanh\" class=\"ez-toc-section\" style=\"color: #000000\"><strong>Cam k\u1ebft v\u1ec1 gi\u00e1 v\u00e0 Ch\u00ednh s\u00e1ch b\u1ea3o h\u00e0nh<\/strong><\/span><\/h2>\n<ul>\n<li><span style=\"color: #000000\">M\u00e1y do c\u00f4ng ty tr\u1ef1c ti\u1ebfp ch\u1ebf t\u1ea1o v\u00e0 s\u1ea3n xu\u1ea5t t\u1ea1i x\u01b0\u1edfng, kh\u00f4ng qua trung gian, \u0111\u1ea3m b\u1ea3o gi\u00e1 r\u1ebb nh\u1ea5t, ch\u1ea5t l\u01b0\u1ee3ng t\u1ed1t nh\u1ea5t, b\u1ea3o h\u00e0nh thu\u1eadn ti\u1ec7n nh\u1ea5t.<\/span><\/li>\n<li><span style=\"color: #000000\">\u0110\u1ed9i ng\u0169 k\u1ef9 thu\u1eadt c\u00f3 tr\u00ecnh \u0111\u1ed9 chuy\u00ean m\u00f4n cao, s\u1eb5n s\u00e0ng h\u1ed7 tr\u1ee3 k\u1ef9 thu\u1eadt t\u1eadn t\u00ecnh v\u00e0 tr\u1ecdn \u0111\u1eddi.<\/span><\/li>\n<li><span style=\"color: #000000\">B\u1ea3o h\u00e0nh t\u1ea1i c\u00f4ng ty 6 th\u00e1ng cho tr\u01b0\u1eddng h\u1ee3p m\u00e1y l\u1ed7i k\u1ef9 thu\u1eadt do c\u00f4ng ty s\u1ea3n xu\u1ea5t. H\u1ebft th\u1eddi gian n\u00e0y t\u01b0 v\u1ea5n k\u1ef9 thu\u1eadt tr\u1ecdn \u0111\u1eddi s\u1ea3n ph\u1ea9m.<\/span><\/li>\n<\/ul>\n<h2><span id=\"Huong_dan_mua_hang\" class=\"ez-toc-section\" style=\"color: #000000\"><strong>H\u01b0\u1edbng d\u1eabn mua h\u00e0ng<\/strong><\/span><\/h2>\n<p><span style=\"color: #000000\">Kh\u00e1ch h\u00e0ng \u0111\u1ebfn c\u00f4ng ty mua m\u00e1y v\u00e0 thanh to\u00e1n tr\u1ef1c ti\u1ebfp b\u1eb1ng ti\u1ec1n m\u1eb7t.<\/span><\/p>\n<p><span style=\"color: #000000\">\u0110\u1ed1i v\u1edbi nh\u1eefng kh\u00e1ch h\u00e0ng \u1edf xa, C\u00f4ng ty s\u1ebd h\u01b0\u1edbng d\u1eabn mua h\u00e0ng v\u00e0 h\u1ed7 tr\u1ee3 giao h\u00e0ng to\u00e0n qu\u1ed1c. Qu\u00fd kh\u00e1ch vui l\u00f2ng chuy\u1ec3n kho\u1ea3n \u0111\u1eb7t c\u1ecdc, s\u1ed1 ti\u1ec1n m\u00e1y c\u00f2n l\u1ea1i s\u1ebd thanh to\u00e1n tr\u1ef1c ti\u1ebfp cho \u0111\u01a1n v\u1ecb v\u1eadn chuy\u1ec3n.<\/span><\/p>\n<p><span style=\"color: #000000\">\u0110\u1ec3 \u0111\u01b0\u1ee3c cung c\u1ea5p th\u00eam th\u00f4ng tin v\u1ec1 c\u00e1c d\u00f2ng s\u1ea3n ph\u1ea9m c\u1ee7a c\u00f4ng ty B\u00ecnh Minh, k\u00ednh m\u1eddi Qu\u00fd kh\u00e1ch li\u00ean h\u1ec7:<\/span><\/p>\n<p><span style=\"color: #000000\"><strong>C\u00d4NG TY TNHH D\u1ecaCH V\u1ee4 V\u00c0 S\u1ea2N XU\u1ea4T TH\u01af\u01a0NG M\u1ea0I XU\u1ea4T NH\u1eacP KH\u1ea8U B\u00ccNH MINH<\/strong><\/span><\/p>\n<p><span style=\"color: #000000\"><strong>\u0110\u1ecba ch\u1ec9:<\/strong> S\u1ed1 249, Ph\u1ed1 L\u00ea L\u1ee3i \u2013 Ph\u01b0\u1eddng L\u00ea L\u1ee3i \u2013 Th\u1ecb x\u00e3 S\u01a1n T\u00e2y \u2013 Th\u00e0nh ph\u1ed1 H\u00e0 N\u1ed9i<\/span><\/p>\n","protected":false},"excerpt":{"rendered":"<p><strong><span style=\"color: #ff0000\">T\u00ednh n\u0103ng<\/span>:<\/strong>\u00a0<span style=\"color: #000000\"><em>Nghi\u1ec1n, tr\u1ed9n, \u00e9p nhanh ch\u00f3ng \u0111a d\u1ea1ng nguy\u00ean li\u1ec7u: c\u00e1 nh\u1ecf, ng\u00f4 nguy\u00ean h\u1ea1t, \u1ed1c nh\u1ecf, t\u00f4m, rau\u2026 th\u00e0nh c\u00e1m vi\u00ean ch\u1eafc m\u1ecbn cho gia s\u00fac, gia c\u1ea7m.<\/em><\/span><\/p>\n<p><strong><span style=\"color: #ff0000\">N\u0103ng su\u1ea5t<\/span>:<\/strong> <span style=\"color: #000000\">350-450kg\/gi\u1edd<\/span><\/p>\n<p><strong><span style=\"color: #ff0000\">T\u1ed1c \u0111\u1ed9<\/span>:<\/strong>\u00a0<span style=\"color: #000000\">1450 v\u00f2ng\/ph\u00fat<\/span><\/p>\n<p><strong><span style=\"color: #ff0000\">\u0110\u1ed9ng c\u01a1<\/span>:<\/strong> <span style=\"color: #000000\">7,5kw &#8211; 11kW \u0110i\u1ec7n C\u01a1<\/span><\/p>\n<p><strong><span style=\"color: #ff0000\">\u0110i\u1ec7n n\u0103ng<\/span>:<\/strong>\u00a0<span style=\"color: #000000\">380V (3 pha)<\/span><\/p>\n<p><strong><span style=\"color: #ff0000\">Tr\u1ecdng l\u01b0\u1ee3ng<\/span>:<\/strong>\u00a0<span style=\"color: #000000\">200kg<\/span><\/p>\n<p><strong><span style=\"color: #ff0000\">Th\u01b0\u01a1ng hi\u1ec7u<\/span>:<\/strong>\u00a0<span style=\"color: #000000\">B\u00ecnh Minh<\/span><\/p>\n<ul>\n<li><span style=\"color: #000000\">K\u00edch th\u01b0\u1edbc m\u1eb7t s\u00e0ng: \u0111\u01b0\u1eddng k\u00ednh 25cm, l\u1ed7 3,4,5 ly<\/span><\/li>\n<li><span style=\"color: #000000\">C\u1ed1i gang \u0111\u00fac.<\/span><\/li>\n<li><span style=\"color: #000000\">H\u1ec7 chuy\u1ec3n \u0111\u1ed9ng: h\u1ed9p c\u1ea7u s\u1ed1 \u00f4 t\u00f4, \u00eam kh\u1ecfe<\/span><\/li>\n<li><span style=\"color: #000000\">B\u1ea3o h\u00e0nh: 06 th\u00e1ng<\/span><\/li>\n<li><span style=\"color: #000000\">H\u1ed7 tr\u1ee3 k\u1ef9 thu\u1eadt tr\u1ecdn \u0111\u1eddi.<\/span><\/li>\n<li><span style=\"color: #000000\">Ph\u00f9 h\u1ee3p v\u1edbi ch\u0103n nu\u00f4i trang tr\u1ea1i v\u00e0 kinh doanh.<\/span><\/li>\n<\/ul>\n","protected":false},"featured_media":7423,"comment_status":"closed","ping_status":"closed","template":"","meta":[],"product_brand":[],"product_cat":[64,63],"product_tag":[],"class_list":{"0":"post-113","1":"product","2":"type-product","3":"status-publish","4":"has-post-thumbnail","6":"product_cat-may-ep-cam","7":"product_cat-may-ep-cam-vien-truc-dung","9":"first","10":"instock","11":"shipping-taxable","12":"product-type-simple"},"_links":{"self":[{"href":"https:\/\/congtybinhminh.com\/index.php?rest_route=\/wp\/v2\/product\/113","targetHints":{"allow":["GET"]}}],"collection":[{"href":"https:\/\/congtybinhminh.com\/index.php?rest_route=\/wp\/v2\/product"}],"about":[{"href":"https:\/\/congtybinhminh.com\/index.php?rest_route=\/wp\/v2\/types\/product"}],"replies":[{"embeddable":true,"href":"https:\/\/congtybinhminh.com\/index.php?rest_route=%2Fwp%2Fv2%2Fcomments&post=113"}],"wp:featuredmedia":[{"embeddable":true,"href":"https:\/\/congtybinhminh.com\/index.php?rest_route=\/wp\/v2\/media\/7423"}],"wp:attachment":[{"href":"https:\/\/congtybinhminh.com\/index.php?rest_route=%2Fwp%2Fv2%2Fmedia&parent=113"}],"wp:term":[{"taxonomy":"product_brand","embeddable":true,"href":"https:\/\/congtybinhminh.com\/index.php?rest_route=%2Fwp%2Fv2%2Fproduct_brand&post=113"},{"taxonomy":"product_cat","embeddable":true,"href":"https:\/\/congtybinhminh.com\/index.php?rest_route=%2Fwp%2Fv2%2Fproduct_cat&post=113"},{"taxonomy":"product_tag","embeddable":true,"href":"https:\/\/congtybinhminh.com\/index.php?rest_route=%2Fwp%2Fv2%2Fproduct_tag&post=113"}],"curies":[{"name":"wp","href":"https:\/\/api.w.org\/{rel}","templated":true}]}}