{"id":11286,"date":"2026-03-21T16:10:25","date_gmt":"2026-03-21T09:10:25","guid":{"rendered":"https:\/\/congtybinhminh.com\/?post_type=product&#038;p=11286"},"modified":"2026-03-21T16:34:04","modified_gmt":"2026-03-21T09:34:04","slug":"may-xay-nghien-thuc-an-chan-nuoi-xndn-i201-cn04","status":"publish","type":"product","link":"https:\/\/congtybinhminh.com\/?product=may-xay-nghien-thuc-an-chan-nuoi-xndn-i201-cn04","title":{"rendered":"M\u00e1y xay nghi\u1ec1n th\u1ee9c \u0103n ch\u0103n nu\u00f4i XNDN &#8211; I201 &#8211; CN04"},"content":{"rendered":"<h2>Gi\u1edbi thi\u1ec7u m\u00e1y xay nghi\u1ec1n XNDN &#8211; I201 &#8211; CN04<\/h2>\n<p>M\u00e1y xay nghi\u1ec1n th\u1ee9c \u0103n ch\u0103n nu\u00f4i do c\u00f4ng ty B\u00ecnh Minh s\u1ea3n xu\u1ea5t thi\u1ebft b\u1ecb t\u00edch h\u1ee3p 3 t\u00ednh n\u0103ng &#8221;nghi\u1ec1n kh\u00f4 &#8211; b\u0103m nh\u1ecf &#8211; xay nhuy\u1ec5n&#8221; trong 1 m\u00e1y<\/p>\n<ul>\n<li>Nghi\u1ec1n c\u00e1c lo\u1ea1i n\u00f4ng ph\u1ea9m kh\u00f4 th\u00e0nh b\u1ed9t c\u00e1m: ng\u00f4 , th\u00f3c, tr\u1ea5u..<\/li>\n<li>Xay c\u00e1c lo\u1ea1i c\u1ee7 qu\u1ea3<\/li>\n<li>H\u1ed7 tr\u1ee3 b\u0103m nh\u1ecf rau xanh, th\u00e2n c\u00e2y chu\u1ed5i nh\u1ecf l\u00e0m th\u1ee9c \u0103n cho gia s\u00fac &#8211; gia c\u1ea7m<\/li>\n<\/ul>\n<p><img loading=\"lazy\" decoding=\"async\" class=\"aligncenter wp-image-11303 size-full\" src=\"https:\/\/congtybinhminh.com\/wp-content\/uploads\/2026\/03\/may-xay-nghien-thuc-an-chan-nuoi-binh-minh_result.webp\" alt=\"may-xay-nghien-thuc-an-chan-nuoi-binh-minh_result\" width=\"800\" height=\"1026\" srcset=\"https:\/\/congtybinhminh.com\/wp-content\/uploads\/2026\/03\/may-xay-nghien-thuc-an-chan-nuoi-binh-minh_result.webp 800w, https:\/\/congtybinhminh.com\/wp-content\/uploads\/2026\/03\/may-xay-nghien-thuc-an-chan-nuoi-binh-minh_result-312x400.webp 312w, https:\/\/congtybinhminh.com\/wp-content\/uploads\/2026\/03\/may-xay-nghien-thuc-an-chan-nuoi-binh-minh_result-624x800.webp 624w, https:\/\/congtybinhminh.com\/wp-content\/uploads\/2026\/03\/may-xay-nghien-thuc-an-chan-nuoi-binh-minh_result-768x985.webp 768w, https:\/\/congtybinhminh.com\/wp-content\/uploads\/2026\/03\/may-xay-nghien-thuc-an-chan-nuoi-binh-minh_result-510x654.webp 510w\" sizes=\"auto, (max-width: 800px) 100vw, 800px\" \/><\/p>\n<p>Chi\u1ebfc m\u00e1y mang t\u1edbi gi\u1ea3i ph\u00e1p m\u1edbi cho b\u00e0 con ch\u0103n nu\u00f4i hi\u1ec7u qu\u1ea3 t\u0103ng s\u1ea3n l\u01b0\u1ee3ng v\u00e0 n\u0103ng su\u1ea5t. Th\u00edch h\u1ee3p s\u1eed d\u1ee5ng t\u1ea1i c\u00e1c h\u1ed9 gia \u0111\u00ecnh, c\u01a1 s\u1edf ch\u0103n nu\u00f4i quy m\u00f4 v\u1eeba v\u00e0 nh\u1ecf<\/p>\n<p><img loading=\"lazy\" decoding=\"async\" class=\"aligncenter wp-image-11309 size-full\" src=\"https:\/\/congtybinhminh.com\/wp-content\/uploads\/2026\/03\/may-xay-nghien-da-nang-inox-binh-quan-group_result.webp\" alt=\"may-xay-nghien-da-nang-inox-binh-quan-group_result\" width=\"800\" height=\"450\" srcset=\"https:\/\/congtybinhminh.com\/wp-content\/uploads\/2026\/03\/may-xay-nghien-da-nang-inox-binh-quan-group_result.webp 800w, https:\/\/congtybinhminh.com\/wp-content\/uploads\/2026\/03\/may-xay-nghien-da-nang-inox-binh-quan-group_result-711x400.webp 711w, https:\/\/congtybinhminh.com\/wp-content\/uploads\/2026\/03\/may-xay-nghien-da-nang-inox-binh-quan-group_result-768x432.webp 768w, https:\/\/congtybinhminh.com\/wp-content\/uploads\/2026\/03\/may-xay-nghien-da-nang-inox-binh-quan-group_result-510x287.webp 510w\" sizes=\"auto, (max-width: 800px) 100vw, 800px\" \/><\/p>\n<h2>C\u1ea5u t\u1ea1o m\u00e1y xay nghi\u1ec1n th\u00fac \u0103n ch\u0103n nu\u00f4i<\/h2>\n<p>M\u00e1y \u0111\u01b0\u1ee3c l\u00e0m b\u1eb1ng ch\u1ea5t li\u1ec7u inox h\u1ea1n ch\u1ebf han g\u1ec9 trong qu\u00e1 tr\u00ecnh s\u1eed d\u1ee5ng. K\u1ebft c\u1ea5u m\u00e1y \u0111\u01b0\u1ee3c h\u00e0n g\u1eafn\u00a0ch\u1eafc ch\u1eafn kh\u00f4ng g\u00e2y rung l\u1eafc trong qu\u00e1 tr\u00ecnh b\u0103m<\/p>\n<p><img loading=\"lazy\" decoding=\"async\" class=\"aligncenter wp-image-11304 size-full\" src=\"https:\/\/congtybinhminh.com\/wp-content\/uploads\/2026\/03\/cau-tao-may-xay-nghien-thuc-an-chan-nuoi-inoix_result.webp\" alt=\"cau-tao-may-xay-nghien-thuc-an-chan-nuoi-inoix_result\" width=\"800\" height=\"600\" srcset=\"https:\/\/congtybinhminh.com\/wp-content\/uploads\/2026\/03\/cau-tao-may-xay-nghien-thuc-an-chan-nuoi-inoix_result.webp 800w, https:\/\/congtybinhminh.com\/wp-content\/uploads\/2026\/03\/cau-tao-may-xay-nghien-thuc-an-chan-nuoi-inoix_result-533x400.webp 533w, https:\/\/congtybinhminh.com\/wp-content\/uploads\/2026\/03\/cau-tao-may-xay-nghien-thuc-an-chan-nuoi-inoix_result-768x576.webp 768w, https:\/\/congtybinhminh.com\/wp-content\/uploads\/2026\/03\/cau-tao-may-xay-nghien-thuc-an-chan-nuoi-inoix_result-510x383.webp 510w\" sizes=\"auto, (max-width: 800px) 100vw, 800px\" \/><\/p>\n<p>Toa n\u1ea1p mi\u1ec7ng r\u1ed9ng v\u1edbi 2 c\u1eeda n\u1ea1p t\u01b0\u01a1ng \u1ee9ng v\u1edbi \u0111\u1eb7c t\u00ednh nguy\u00ean li\u1ec7u \u0111\u1ea7u v\u00e0o kh\u00e1c nhau. \u0110\u1eb7c bi\u1ec7t, toa n\u1ea1p c\u00f3 th\u1ec3 th\u00e1o r\u1eddi thu\u1eadn ti\u1ec7n qu\u00e1 tr\u00ecnh v\u1ec7 sinh m\u00e1y<\/p>\n<p><img loading=\"lazy\" decoding=\"async\" class=\"aligncenter wp-image-11305 size-full\" src=\"https:\/\/congtybinhminh.com\/wp-content\/uploads\/2026\/03\/toa-nap-may-xay-nghien_result.webp\" alt=\"toa-nap-may-xay-nghien_result\" width=\"800\" height=\"450\" srcset=\"https:\/\/congtybinhminh.com\/wp-content\/uploads\/2026\/03\/toa-nap-may-xay-nghien_result.webp 800w, https:\/\/congtybinhminh.com\/wp-content\/uploads\/2026\/03\/toa-nap-may-xay-nghien_result-711x400.webp 711w, https:\/\/congtybinhminh.com\/wp-content\/uploads\/2026\/03\/toa-nap-may-xay-nghien_result-768x432.webp 768w, https:\/\/congtybinhminh.com\/wp-content\/uploads\/2026\/03\/toa-nap-may-xay-nghien_result-510x287.webp 510w\" sizes=\"auto, (max-width: 800px) 100vw, 800px\" \/><\/p>\n<p>Bu\u1ed3ng l\u00e0m vi\u1ec7c r\u1ed9ng v\u1edbi h\u1ec7 th\u1ed1ng dao s\u1eafc b\u00e9n g\u1ed3m 1 dao th\u00e9p to v\u00e0 14 dao inox nh\u1ecf gi\u00fap m\u00e1y ho\u1ea1t \u0111\u1ed9ng hi\u1ec7u qu\u1ea3<\/p>\n<p><img loading=\"lazy\" decoding=\"async\" class=\"aligncenter wp-image-11306 size-full\" src=\"https:\/\/congtybinhminh.com\/wp-content\/uploads\/2026\/03\/dao-bam-rau_result.webp\" alt=\"dao-bam-rau_result\" width=\"800\" height=\"450\" srcset=\"https:\/\/congtybinhminh.com\/wp-content\/uploads\/2026\/03\/dao-bam-rau_result.webp 800w, https:\/\/congtybinhminh.com\/wp-content\/uploads\/2026\/03\/dao-bam-rau_result-711x400.webp 711w, https:\/\/congtybinhminh.com\/wp-content\/uploads\/2026\/03\/dao-bam-rau_result-768x432.webp 768w, https:\/\/congtybinhminh.com\/wp-content\/uploads\/2026\/03\/dao-bam-rau_result-510x287.webp 510w\" sizes=\"auto, (max-width: 800px) 100vw, 800px\" \/><\/p>\n<p>K\u1ebft h\u1ee3p 2 thanh g\u1ea1t nguy\u00ean li\u1ec7u d\u00e0i, c\u00f3 \u0111\u1ed9ng d\u1ee5ng \u0111\u1ea9y nguy\u00ean li\u1ec7u v\u00e0o v\u1ecb tr\u00ed h\u1ec7 th\u1ed1ng dao l\u00e0m vi\u1ec7c, b\u0103m \u0111\u1ec1u v\u00e0 nhuy\u1ec5n nguy\u00ean li\u1ec7u<\/p>\n<p><img loading=\"lazy\" decoding=\"async\" class=\"aligncenter wp-image-11307 size-full\" src=\"https:\/\/congtybinhminh.com\/wp-content\/uploads\/2026\/03\/mat-sang-xay_result.webp\" alt=\"mat-sang-xay_result\" width=\"800\" height=\"450\" srcset=\"https:\/\/congtybinhminh.com\/wp-content\/uploads\/2026\/03\/mat-sang-xay_result.webp 800w, https:\/\/congtybinhminh.com\/wp-content\/uploads\/2026\/03\/mat-sang-xay_result-711x400.webp 711w, https:\/\/congtybinhminh.com\/wp-content\/uploads\/2026\/03\/mat-sang-xay_result-768x432.webp 768w, https:\/\/congtybinhminh.com\/wp-content\/uploads\/2026\/03\/mat-sang-xay_result-510x287.webp 510w\" sizes=\"auto, (max-width: 800px) 100vw, 800px\" \/><\/p>\n<p>L\u01b0\u1edbi s\u00e0ng \u0111\u01b0\u1ee3c \u0111\u1eb7t tr\u01b0\u1edbc c\u1eeda x\u1ea3 nguy\u00ean li\u1ec7u, g\u1ed3m 2 lo\u1ea1i s\u00e0ng: s\u00e0ng l\u1ed7 v\u00e0 s\u00e0ng k\u00edn:<\/p>\n<ul>\n<li>S\u00e0ng k\u00edn: b\u0103m nhuy\u1ec5n c\u00e1c lo\u1ea1i nguy\u00ean li\u1ec7u t\u01b0\u01a1i nh\u01b0 d\u1eeba, ngh\u1ec7, th\u00e2n c\u00e2y chu\u1ed1i, rau b\u00e8o..<\/li>\n<li>S\u00e0ng l\u1ed7: nghi\u1ec1n c\u00e1c lo\u1ea1i n\u00f4ng s\u1ea3n kh\u00f4 nh\u01b0 ng\u00f4, khoai s\u1eafn..<\/li>\n<\/ul>\n<p><img loading=\"lazy\" decoding=\"async\" class=\"aligncenter wp-image-11308 size-full\" src=\"https:\/\/congtybinhminh.com\/wp-content\/uploads\/2026\/03\/dong-co-may-xay-nghien_result.webp\" alt=\"dong-co-may-xay-nghien_result\" width=\"800\" height=\"450\" srcset=\"https:\/\/congtybinhminh.com\/wp-content\/uploads\/2026\/03\/dong-co-may-xay-nghien_result.webp 800w, https:\/\/congtybinhminh.com\/wp-content\/uploads\/2026\/03\/dong-co-may-xay-nghien_result-711x400.webp 711w, https:\/\/congtybinhminh.com\/wp-content\/uploads\/2026\/03\/dong-co-may-xay-nghien_result-768x432.webp 768w, https:\/\/congtybinhminh.com\/wp-content\/uploads\/2026\/03\/dong-co-may-xay-nghien_result-510x287.webp 510w\" sizes=\"auto, (max-width: 800px) 100vw, 800px\" \/><\/p>\n<p>C\u1eeda x\u1ea3 nguy\u00ean li\u1ec7u n\u1eb1m ngang c\u00f9ng t\u00e1c \u0111\u1ed9ng c\u1ee7a h\u1ec7 th\u1ed1ng dao, \u0111\u1ea9y th\u00e0nh ph\u1ea7m qua s\u00e0ng ra ngo\u00e0i<\/p>\n<p>M\u00e1y xay nghi\u1ec1n th\u1ee9c \u0103n ch\u0103n nu\u00f4i1 pha d\u00f9ng \u0111\u1ed9ng c\u01a1 220V motor l\u00f5i d\u00e2y \u0111\u1ed3ng 100% cho n\u0103ng su\u1ea5t cao<\/p>\n<h2>Nh\u1eefng l\u01b0u \u00fd khi s\u1eed d\u1ee5ng m\u00e1y xay th\u1ee9c \u0103n ch\u0103n nu\u00f4i<\/h2>\n<ul>\n<li>\u0110\u1eb7t m\u00e1y tr\u00ean n\u1ec1n ph\u1eb3ng, kh\u00f4 r\u00e1o g\u1ea7n ngu\u1ed3n \u0111i\u1ec7n<\/li>\n<li>Lau kh\u00f4 tay tr\u01b0\u1edbc khi v\u1eadn h\u00e0nh m\u00e1y<\/li>\n<li>\u0110\u1ea3m b\u1ea3o l\u1eafp \u0111\u00f9ng chi\u1ec1u quay c\u1ee7a motor &#8211; theo chi\u1ec1u m\u0169i t\u00ean tr\u00ean th\u00e2n m\u00e1y<\/li>\n<li>V\u1ea7n tay \u0111\u1ec3 d\u00e2y curoa c\u00f3 b\u1ecb tr\u00f9ng kh\u00f4ng<\/li>\n<li>Ki\u1ec3m tra d\u1ecb v\u1eadt trong bu\u1ed3ng b\u0103m tr\u00e1nh m\u1ebb dao, si\u1ebft ch\u1eb7t c\u00e1c \u1ed1c kho\u00e1 \u0111\u1ea3m b\u1ea3o an to\u00e0n khi s\u1eed d\u1ee5ng<\/li>\n<\/ul>\n<h2>\u0110\u1ecba ch\u1ec9 mua m\u00e1y xay nghi\u1ec1n ch\u00ednh h\u00e3ng t\u1ea1i H\u00e0 N\u1ed9i<\/h2>\n<p>C\u00f4ng ty B\u00ecnh Minh &#8211; \u0111\u01a1n v\u1ecb s\u1ea3n xu\u1ea5t m\u00e1y n\u00f4ng nghi\u1ec7p s\u1ed1 1 Vi\u1ec7t Nam v\u1edbi h\u01a1n 35 n\u0103m kinh nghi\u1ec7m trong l\u0129nh v\u1ef1c c\u01a1 kh\u00ed, \u0111\u1ed3ng h\u00e0nh c\u00f9ng b\u00e0 con tr\u00ean kh\u1eafp m\u1ecdi mi\u1ec1n T\u1ed5 Qu\u1ed1c<\/p>\n<p><img loading=\"lazy\" decoding=\"async\" class=\"aligncenter wp-image-9882 size-full\" src=\"https:\/\/congtybinhminh.com\/wp-content\/uploads\/2024\/08\/dia-chi-mua-may-nghien_result222.webp\" alt=\"dia-chi-mua-may-nghien_result222\" width=\"800\" height=\"1064\" srcset=\"https:\/\/congtybinhminh.com\/wp-content\/uploads\/2024\/08\/dia-chi-mua-may-nghien_result222.webp 800w, https:\/\/congtybinhminh.com\/wp-content\/uploads\/2024\/08\/dia-chi-mua-may-nghien_result222-301x400.webp 301w, https:\/\/congtybinhminh.com\/wp-content\/uploads\/2024\/08\/dia-chi-mua-may-nghien_result222-602x800.webp 602w, https:\/\/congtybinhminh.com\/wp-content\/uploads\/2024\/08\/dia-chi-mua-may-nghien_result222-768x1021.webp 768w, https:\/\/congtybinhminh.com\/wp-content\/uploads\/2024\/08\/dia-chi-mua-may-nghien_result222-510x678.webp 510w\" sizes=\"auto, (max-width: 800px) 100vw, 800px\" \/><\/p>\n<p>\u0110\u1ec3 \u0111\u1eb7t mua m\u00e1y nghi\u1ec1n ch\u00ednh h\u00e3ng, b\u00e0 con c\u00f3 th\u1ec3 \u0111\u1ebfn tr\u1ef1c ti\u1ebfp \u0111\u01a1n v\u1ecb t\u1ea1i ph\u01b0\u1eddng S\u01a1n T\u00e2y v\u00e0 th\u1eed nghi\u1ec7m v\u1eadn h\u00e0nh m\u00e1y d\u01b0\u1edbi s\u1ef1 h\u01b0\u1edbng d\u1eabn c\u1ee7a \u0111\u1ed9i ng\u0169 k\u1ef9 thu\u1eadt<\/p>\n<p>\u0110\u1ed1i v\u1edbi b\u00e0 con \u1edf xa, c\u00f3 th\u1ec3 li\u00ean h\u1ec7 t\u1edbi s\u1ed1 \u0111i\u1ec7n tho\u1ea1i tr\u00ean website ho\u1eb7c \u0111\u1ec3 l\u1ea1i l\u1eddi nh\u1eafn \u0111\u1ec3 \u0111\u01b0\u1ee3c t\u01b0 v\u1ea5n s\u1edbm nh\u1ea5t<\/p>\n","protected":false},"excerpt":{"rendered":"<ul>\n<li><strong>H\u00e3ng s\u1ea3n xu\u1ea5t:\u00a0<\/strong>B\u00ecnh Minh<\/li>\n<li><strong>C\u00f4ng su\u1ea5t \u0111\u1ed9ng c\u01a1:<\/strong>\u00a03kw<\/li>\n<li><strong>T\u1ed1c \u0111\u1ed9<\/strong>: 2900 v\u00f2ng\/ph\u00fat<\/li>\n<li><strong>Ngu\u1ed3n \u0111i\u1ec7n:\u00a0<\/strong>220V<\/li>\n<li><strong>T\u00ednh n\u0103ng:<\/strong>\u00a0m\u00e1y \u0111a n\u0103ng &#8221;xay cua c\u00e1 \u1ed1c &#8211; b\u0103m nh\u1ecf rau xanh &#8211; nghi\u1ec1n b\u1ed9t c\u00e1m ng\u00f4 th\u00f3c&#8221;<\/li>\n<\/ul>\n","protected":false},"featured_media":11313,"comment_status":"open","ping_status":"closed","template":"","meta":[],"product_brand":[],"product_cat":[194],"product_tag":[],"class_list":{"0":"post-11286","1":"product","2":"type-product","3":"status-publish","4":"has-post-thumbnail","6":"product_cat-may-xay-rau-cu","8":"first","9":"instock","10":"shipping-taxable","11":"product-type-simple"},"_links":{"self":[{"href":"https:\/\/congtybinhminh.com\/index.php?rest_route=\/wp\/v2\/product\/11286","targetHints":{"allow":["GET"]}}],"collection":[{"href":"https:\/\/congtybinhminh.com\/index.php?rest_route=\/wp\/v2\/product"}],"about":[{"href":"https:\/\/congtybinhminh.com\/index.php?rest_route=\/wp\/v2\/types\/product"}],"replies":[{"embeddable":true,"href":"https:\/\/congtybinhminh.com\/index.php?rest_route=%2Fwp%2Fv2%2Fcomments&post=11286"}],"wp:featuredmedia":[{"embeddable":true,"href":"https:\/\/congtybinhminh.com\/index.php?rest_route=\/wp\/v2\/media\/11313"}],"wp:attachment":[{"href":"https:\/\/congtybinhminh.com\/index.php?rest_route=%2Fwp%2Fv2%2Fmedia&parent=11286"}],"wp:term":[{"taxonomy":"product_brand","embeddable":true,"href":"https:\/\/congtybinhminh.com\/index.php?rest_route=%2Fwp%2Fv2%2Fproduct_brand&post=11286"},{"taxonomy":"product_cat","embeddable":true,"href":"https:\/\/congtybinhminh.com\/index.php?rest_route=%2Fwp%2Fv2%2Fproduct_cat&post=11286"},{"taxonomy":"product_tag","embeddable":true,"href":"https:\/\/congtybinhminh.com\/index.php?rest_route=%2Fwp%2Fv2%2Fproduct_tag&post=11286"}],"curies":[{"name":"wp","href":"https:\/\/api.w.org\/{rel}","templated":true}]}}