{"id":11218,"date":"2026-02-25T13:12:20","date_gmt":"2026-02-25T06:12:20","guid":{"rendered":"https:\/\/congtybinhminh.com\/?post_type=product&#038;p=11218"},"modified":"2026-02-25T13:12:26","modified_gmt":"2026-02-25T06:12:26","slug":"may-say-gia-dinh-phien-ban-moi","status":"publish","type":"product","link":"https:\/\/congtybinhminh.com\/?product=may-say-gia-dinh-phien-ban-moi","title":{"rendered":"M\u00e1y s\u1ea5y gia \u0111\u00ecnh phi\u00ean b\u1ea3n m\u1edbi"},"content":{"rendered":"<h2>Gi\u1edbi thi\u1ec7u m\u00e1y s\u1ea5y gia \u0111\u00ecnh phi\u00ean b\u1ea3n m\u1edbi<\/h2>\n<p>Thay v\u00ec m\u1ea5t nhi\u1ec1u th\u1eddi gian ph\u01a1i nguy\u00ean li\u1ec7u ngo\u00e0i tr\u1eddi kh\u00f4ng ki\u1ec3m so\u00e1t \u0111\u01b0\u1ee3c nhi\u1ec7t \u0111\u1ed9, ch\u1ea5t l\u01b0\u1ee3ng th\u00e0nh ph\u1ea9m kh\u00f4ng \u0111\u1ea3m b\u1ea3o.<\/p>\n<p>V\u1edbi m\u00e1y s\u1ea5y gia \u0111\u00ecnh phi\u00ean b\u1ea3n m\u1edbi do c\u00f4ng ty B\u00ecnh Minh s\u1ea3n xu\u1ea5t s\u1ebd gi\u1ea3i quy\u1ebft c\u00e1c v\u1ea5n \u0111\u1ec1 tr\u00ean<\/p>\n<p><img loading=\"lazy\" decoding=\"async\" class=\"aligncenter wp-image-11226 size-full\" src=\"https:\/\/congtybinhminh.com\/wp-content\/uploads\/2026\/02\/may-say-gia-dinh-10-khay-inox-binh-minh_result.webp\" alt=\"may-say-gia-dinh-10-khay-inox-binh-minh_result\" width=\"800\" height=\"800\" srcset=\"https:\/\/congtybinhminh.com\/wp-content\/uploads\/2026\/02\/may-say-gia-dinh-10-khay-inox-binh-minh_result.webp 800w, https:\/\/congtybinhminh.com\/wp-content\/uploads\/2026\/02\/may-say-gia-dinh-10-khay-inox-binh-minh_result-400x400.webp 400w, https:\/\/congtybinhminh.com\/wp-content\/uploads\/2026\/02\/may-say-gia-dinh-10-khay-inox-binh-minh_result-280x280.webp 280w, https:\/\/congtybinhminh.com\/wp-content\/uploads\/2026\/02\/may-say-gia-dinh-10-khay-inox-binh-minh_result-768x768.webp 768w, https:\/\/congtybinhminh.com\/wp-content\/uploads\/2026\/02\/may-say-gia-dinh-10-khay-inox-binh-minh_result-247x247.webp 247w, https:\/\/congtybinhminh.com\/wp-content\/uploads\/2026\/02\/may-say-gia-dinh-10-khay-inox-binh-minh_result-510x510.webp 510w, https:\/\/congtybinhminh.com\/wp-content\/uploads\/2026\/02\/may-say-gia-dinh-10-khay-inox-binh-minh_result-100x100.webp 100w\" sizes=\"auto, (max-width: 800px) 100vw, 800px\" \/><\/p>\n<p>T\u1ee7 s\u1ea5y 10 khay v\u1edbi b\u1ea3ng \u0111i\u1ec1u khi\u1ec3n c\u1ea3m \u1ee9ng hi\u1ec7n \u0111\u1ea1i, m\u00e1y s\u1ea5y nhanh &#8211; s\u1ea5y kh\u00f4 \u0111a d\u1ea1ng nguy\u00ean li\u1ec7u m\u00e0 ch\u1eb3ng c\u1ea7n &#8221;tr\u00f4ng n\u1eafng &#8211; ch\u00e1nh m\u01b0a&#8221;<\/p>\n<ul>\n<li>S\u1ea5y tr\u00e1i c\u00e2y; chu\u1ed1i, m\u00edt, xo\u00e0i, d\u1ee9a, t\u00e1o..<\/li>\n<li>S\u1ea5y c\u1ee7 qu\u1ea3: khoai lang, c\u00e0 r\u1ed1t, rau c\u1ee7..<\/li>\n<li>S\u1ea5y th\u1ecbt b\u00f2 kh\u00f4, g\u00e0 s\u1ea5y, c\u00e1 kh\u00f4..<\/li>\n<li>S\u1ea5y d\u01b0\u1ee3c li\u1ec7u, th\u1ea3o m\u1ed9c, h\u1ea1t n\u00f4ng s\u1ea3n..<\/li>\n<\/ul>\n<p><img loading=\"lazy\" decoding=\"async\" class=\"aligncenter wp-image-11233 size-medium\" src=\"https:\/\/congtybinhminh.com\/wp-content\/uploads\/2026\/02\/say-ca-rot_result-711x400.webp\" alt=\"say-ca-rot_result\" width=\"711\" height=\"400\" srcset=\"https:\/\/congtybinhminh.com\/wp-content\/uploads\/2026\/02\/say-ca-rot_result-711x400.webp 711w, https:\/\/congtybinhminh.com\/wp-content\/uploads\/2026\/02\/say-ca-rot_result-768x432.webp 768w, https:\/\/congtybinhminh.com\/wp-content\/uploads\/2026\/02\/say-ca-rot_result-510x287.webp 510w, https:\/\/congtybinhminh.com\/wp-content\/uploads\/2026\/02\/say-ca-rot_result.webp 1280w\" sizes=\"auto, (max-width: 711px) 100vw, 711px\" \/><\/p>\n<p>Gi\u1ea3i ph\u00e1p t\u1ed1i \u01b0u cho nh\u1eefng ai \u0111ang t\u00ecm ki\u1ebfm m\u00e1y s\u1ea5y tr\u00e1i c\u00e2y c\u00f4ng nghi\u1ec7p gi\u00e1 x\u01b0\u1edfng v\u1edbi hi\u1ec7u su\u1ea5t \u1ed5n \u0111\u1ecbnh<\/p>\n<h2>C\u1ea5u t\u1ea1o m\u00e1y s\u1ea5y gia \u0111\u00ecnh phi\u00ean b\u1ea3n m\u1edbi<\/h2>\n<h3>Ch\u1ea5t li\u1ec7u inox cao c\u1ea5p<\/h3>\n<p>M\u00e1y s\u1ea5y \u0111\u01b0\u1ee3c thi\u1ebft k\u1ebf h\u00ecnh h\u1ed9p ch\u1eef nh\u1eadt \u0111\u1ee9ng kh\u00f4ng chi\u1ebfm nhi\u1ec1u di\u1ec7n t\u00edch<\/p>\n<p><img loading=\"lazy\" decoding=\"async\" class=\"aligncenter wp-image-11227 size-full\" src=\"https:\/\/congtybinhminh.com\/wp-content\/uploads\/2026\/02\/banh-xe-may-say_result.webp\" alt=\"banh-xe-may-say_result\" width=\"800\" height=\"450\" srcset=\"https:\/\/congtybinhminh.com\/wp-content\/uploads\/2026\/02\/banh-xe-may-say_result.webp 800w, https:\/\/congtybinhminh.com\/wp-content\/uploads\/2026\/02\/banh-xe-may-say_result-711x400.webp 711w, https:\/\/congtybinhminh.com\/wp-content\/uploads\/2026\/02\/banh-xe-may-say_result-768x432.webp 768w, https:\/\/congtybinhminh.com\/wp-content\/uploads\/2026\/02\/banh-xe-may-say_result-510x287.webp 510w\" sizes=\"auto, (max-width: 800px) 100vw, 800px\" \/><\/p>\n<p>Ph\u00eda d\u01b0\u1edbi ch\u00e2n m\u00e1y l\u1eafp \u0111\u1eb7t 4 b\u00e1nh xe, m\u00e1y c\u00f3 kh\u1ea3 n\u0103ng xoay 360 \u0111\u1ed9 thu\u1eadn ti\u1ec7n di chuy\u1ec3n v\u1ecb tr\u00ed \u0111\u1eb7t m\u00e1y m\u00e0 kh\u00f4ng t\u1ed1n nhi\u1ec1u c\u00f4ng s\u1ee9c<\/p>\n<p>M\u00e1y \u0111\u01b0\u1ee3c l\u00e0m b\u1eb1ng ch\u1ea5t li\u1ec7u inox cao c\u1ea5p kh\u00f4ng g\u00e2y han g\u1ec9, \u0111\u1ea3m b\u1ea3o v\u1ec7 sinh trong su\u1ed1t qu\u00e1 tr\u00ecnh s\u1eed d\u1ee5ng, tr\u00eanh c\u00e1nh t\u1ee7 l\u1eafp \u0111\u1eb7t t\u1ea5m k\u00ednh c\u00f3 th\u1ec3 quan s\u00e1t qu\u00e1 tr\u00ecnh s\u1ea5y ngay t\u1eeb b\u00ean ngo\u00e0i<\/p>\n<p><img loading=\"lazy\" decoding=\"async\" class=\"aligncenter wp-image-11228 size-full\" src=\"https:\/\/congtybinhminh.com\/wp-content\/uploads\/2026\/02\/may-say-10-khay_result.webp\" alt=\"may-say-10-khay_result\" width=\"800\" height=\"450\" srcset=\"https:\/\/congtybinhminh.com\/wp-content\/uploads\/2026\/02\/may-say-10-khay_result.webp 800w, https:\/\/congtybinhminh.com\/wp-content\/uploads\/2026\/02\/may-say-10-khay_result-711x400.webp 711w, https:\/\/congtybinhminh.com\/wp-content\/uploads\/2026\/02\/may-say-10-khay_result-768x432.webp 768w, https:\/\/congtybinhminh.com\/wp-content\/uploads\/2026\/02\/may-say-10-khay_result-510x287.webp 510w\" sizes=\"auto, (max-width: 800px) 100vw, 800px\" \/><\/p>\n<p>B\u00ean trong khoang g\u1ed3m 10 t\u1ea7ng khay s\u1ea5y d\u1ea1ng l\u01b0\u1edbi \u0111\u01b0\u1ee3c l\u00e0m b\u1eb1ng inox cao c\u1ea5p an to\u00e0n v\u1ec7 sinh th\u1ef1c ph\u1ea9m, v\u1edbi n\u0103ng su\u1ea5t kho\u1ea3ng 30 &#8211; 35 kg\/m\u1ebb<\/p>\n<h3>B\u1ea3ng \u0111i\u1ec1u khi\u1ec3n c\u1ea3m \u1ee9ng<\/h3>\n<p>Qu\u00e1 tr\u00ecnh s\u1ea5y th\u00f4ng qua h\u1ec7 th\u1ed1ng b\u1ea3ng \u0111i\u1ec1u khi\u1ec3n c\u1ea3m \u1ee9ng tr\u1ef1c quan d\u1ec5 s\u1eed d\u1ee5ng ch\u1ec9 c\u1ea7n ch\u1ea1m nh\u1eb9 b\u1ea5m n\u00fat, g\u1ed3m c\u00e1c ch\u1ee9c n\u0103ng:<\/p>\n<ul>\n<li>C\u00f4ng t\u1eafc t\u1eaft &#8211; m\u1edf<\/li>\n<li>C\u00f4ng t\u1eafc \u0111\u00e8n<\/li>\n<li>C\u00e0i \u0111\u1eb7t th\u1eddi gian<\/li>\n<li>\u0110i\u1ec1u ch\u1ec9nh nhi\u1ec7t \u0111\u1ed9<\/li>\n<li>N\u00fat t\u0103ng \/ gi\u1ea3m th\u00f4ng s\u1ed1<\/li>\n<\/ul>\n<p><img loading=\"lazy\" decoding=\"async\" class=\"aligncenter wp-image-11229 size-full\" src=\"https:\/\/congtybinhminh.com\/wp-content\/uploads\/2026\/02\/bang-dieu-khien-may-say_result.webp\" alt=\"bang-dieu-khien-may-say_result\" width=\"800\" height=\"450\" srcset=\"https:\/\/congtybinhminh.com\/wp-content\/uploads\/2026\/02\/bang-dieu-khien-may-say_result.webp 800w, https:\/\/congtybinhminh.com\/wp-content\/uploads\/2026\/02\/bang-dieu-khien-may-say_result-711x400.webp 711w, https:\/\/congtybinhminh.com\/wp-content\/uploads\/2026\/02\/bang-dieu-khien-may-say_result-768x432.webp 768w, https:\/\/congtybinhminh.com\/wp-content\/uploads\/2026\/02\/bang-dieu-khien-may-say_result-510x287.webp 510w\" sizes=\"auto, (max-width: 800px) 100vw, 800px\" \/><\/p>\n<p>Vi\u1ec7c c\u00e0i d\u1eb7t ch\u00ednh x\u00e1c nhi\u1ec7t \u0111\u1ed9 v\u00e0 th\u1eddi gian gi\u00fap t\u1ed1i \u01b0u t\u1eebng lo\u1ea1i nguy\u00ean li\u1ec7u, n\u00e2ng cao ch\u1ea5t l\u01b0\u1ee3ng th\u00e0nh ph\u1ea9m v\u00e0 gi\u1ea3m hao h\u1ee5t<\/p>\n<h3>S\u1ea5y nhanh &#8211; kh\u00f4 \u0111\u1ec1u<\/h3>\n<p>M\u00e1y \u0111\u01b0\u1ee3c trang b\u1ecb<\/p>\n<ul>\n<li>2 thanh nhi\u1ec7t c\u00f4ng su\u1ea5t 800W<\/li>\n<li>2 qu\u1ea1t h\u00fat v\u00e0 th\u1ed5i \u0111\u1ed1i l\u01b0u<\/li>\n<\/ul>\n<p><img loading=\"lazy\" decoding=\"async\" class=\"aligncenter wp-image-11230 size-full\" src=\"https:\/\/congtybinhminh.com\/wp-content\/uploads\/2026\/02\/thanh-nhiet-may-say_result.webp\" alt=\"thanh-nhiet-may-say_result\" width=\"800\" height=\"450\" srcset=\"https:\/\/congtybinhminh.com\/wp-content\/uploads\/2026\/02\/thanh-nhiet-may-say_result.webp 800w, https:\/\/congtybinhminh.com\/wp-content\/uploads\/2026\/02\/thanh-nhiet-may-say_result-711x400.webp 711w, https:\/\/congtybinhminh.com\/wp-content\/uploads\/2026\/02\/thanh-nhiet-may-say_result-768x432.webp 768w, https:\/\/congtybinhminh.com\/wp-content\/uploads\/2026\/02\/thanh-nhiet-may-say_result-510x287.webp 510w\" sizes=\"auto, (max-width: 800px) 100vw, 800px\" \/><\/p>\n<p>H\u1ec7 th\u1ed1ng tu\u1ea7n ho\u00e0n kh\u00ed n\u00f3ng gi\u00fap nhi\u1ec7t ph\u00e2n b\u1ed5 \u0111\u1ec1u kh\u1eafp bu\u1ed3ng s\u1ea5y, d\u1ea3i nhi\u1ec7t \u0111i\u1ec1u ch\u1ec9nh linh ho\u1ea1t t\u1eeb 0 &#8211; 90 \u0111\u1ed9 C. K\u1ebft h\u1ee3p v\u1edbi qu\u1ea1t gi\u00f3 th\u1ed5i kh\u00ed n\u00f3ng tu\u1ea7n ho\u00e0n \u0111i kh\u1eafp c\u00e1c khay s\u1ea5y ti\u1ebfp x\u00fac v\u1edbi b\u1ec1 m\u1eb7t th\u1ef1c ph\u1ea9m<\/p>\n<p>T\u1eeb \u0111\u00f3, l\u01b0\u1ee3ng n\u01b0\u1edbc b\u00ean trong nguy\u00ean li\u1ec7u s\u1ebd nhanh ch\u00f3ng r\u00fat ki\u1ec7t v\u00e0 \u0111\u01b0a ra ngo\u00e0i<\/p>\n<p><img loading=\"lazy\" decoding=\"async\" class=\"aligncenter wp-image-11231 size-full\" src=\"https:\/\/congtybinhminh.com\/wp-content\/uploads\/2026\/02\/may-say-10-tang-khay-inox.jpg\" alt=\"may-say-10-tang-khay-inox\" width=\"800\" height=\"450\" srcset=\"https:\/\/congtybinhminh.com\/wp-content\/uploads\/2026\/02\/may-say-10-tang-khay-inox.jpg 800w, https:\/\/congtybinhminh.com\/wp-content\/uploads\/2026\/02\/may-say-10-tang-khay-inox-711x400.jpg 711w, https:\/\/congtybinhminh.com\/wp-content\/uploads\/2026\/02\/may-say-10-tang-khay-inox-768x432.jpg 768w, https:\/\/congtybinhminh.com\/wp-content\/uploads\/2026\/02\/may-say-10-tang-khay-inox-510x287.jpg 510w\" sizes=\"auto, (max-width: 800px) 100vw, 800px\" \/><\/p>\n<p>V\u1edbi ph\u01b0\u01a1ng ph\u00e1p n\u00e0y, th\u1ef1c ph\u1ea9m \u0111\u01b0\u1ee3c s\u1ea5y kh\u00f4 nhanh v\u00e0 \u0111\u1ec1u h\u01a1n so v\u1edbi ph\u01b0\u01a1ng ph\u00e1p ph\u01a1i th\u1ee7 c\u00f4ng, nguy\u00ean li\u1ec7u lu\u00f4n kh\u00f4 r\u00e1o kh\u00f4ng b\u1ecb h\u1ea5p h\u01a1i g\u00e2y \u01b0\u1edbt th\u1eadm ch\u00ed l\u00e0m h\u1ecfng nguy\u00ean li\u1ec7u<\/p>\n<h3>\u0110\u1ea7u t\u01b0 m\u1ed9t l\u1ea7n &#8211; l\u1ee3i \u00edch d\u00e0i l\u00e2u<\/h3>\n<p>B\u1ecf ra chi ph\u00ed ban \u0111\u1ea7u nh\u01b0ng m\u1ed7i m\u1ebb s\u1ea5y th\u00e0nh c\u00f4ng l\u00e0 m\u1ed9t b\u01b0\u1edbc t\u0103ng l\u1ee3i nhu\u1eadn, d\u00f9 b\u1ea1n b\u1ea1n mu\u1ed1n;<\/p>\n<ul>\n<li>S\u1ea5y kh\u00f4 th\u1ef1c ph\u1ea9m, d\u01b0\u1ee3c li\u1ec7u cho gia \u0111\u00ecnh<\/li>\n<li>B\u00e1n online \u0111\u1ed3 s\u1ea5y<\/li>\n<li>Cung c\u1ea5p cho c\u00e1c c\u1eeda h\u00e0ng<\/li>\n<li>Ch\u1ebf bi\u1ebfn d\u01b0\u1ee3c li\u1ec7u<\/li>\n<\/ul>\n<h2 data-start=\"2147\" data-end=\"2167\">\u0110\u1ecba ch\u1ec9 s\u1ea3n xu\u1ea5t m\u00e1y s\u1ea5y t\u1ea1i H\u00e0 N\u1ed9i<\/h2>\n<p data-start=\"2147\" data-end=\"2167\">L\u00e0 \u0111\u01a1n v\u1ecb tr\u1ef1c ti\u1ebfp s\u1ea3n xu\u1ea5t m\u00e1y s\u1ea5y th\u1ef1c ph\u1ea9m t\u1ea1i H\u00e0 N\u1ed9i v\u1edbi h\u01a1n 35 n\u0103m kinh nghi\u1ec7m trong l\u0129nh v\u1ef1c c\u01a1 kh\u00ed, \u0111\u1ed3ng h\u00e0nh c\u00f9ng b\u00e0 con tr\u00ean kh\u1eafp m\u1ecdi mi\u1ec1n T\u1ed5 Qu\u1ed1c<\/p>\n<ul>\n<li data-start=\"2147\" data-end=\"2167\">Truy c\u1eadp website: <strong><a href=\"https:\/\/congtybinhminh.com\/\">congtybinhminh.com<\/a><\/strong><\/li>\n<li data-start=\"2147\" data-end=\"2167\">Truy c\u1eadp youtube: <strong><a href=\"https:\/\/www.youtube.com\/@congtybinhminh\">c\u00f4ng ty B\u00ecnh Minh<\/a><\/strong><\/li>\n<li data-start=\"2147\" data-end=\"2167\">\u0110\u1ebfn tr\u1ef1c ti\u1ebfp tr\u1ee5 s\u1edf g\u1ea7n nh\u1ea5t c\u1ee7a c\u00f4ng ty t\u1ea1i H\u00e0 N\u1ed9i<\/li>\n<\/ul>\n<p><img loading=\"lazy\" decoding=\"async\" class=\"aligncenter wp-image-9947 size-full\" src=\"https:\/\/congtybinhminh.com\/wp-content\/uploads\/2024\/08\/dia-chi-ban-may-say-thuc-pham-copy_result222.webp\" alt=\"dia-chi-ban-may-say-thuc-pham copy_result222\" width=\"800\" height=\"1139\" srcset=\"https:\/\/congtybinhminh.com\/wp-content\/uploads\/2024\/08\/dia-chi-ban-may-say-thuc-pham-copy_result222.webp 800w, https:\/\/congtybinhminh.com\/wp-content\/uploads\/2024\/08\/dia-chi-ban-may-say-thuc-pham-copy_result222-281x400.webp 281w, https:\/\/congtybinhminh.com\/wp-content\/uploads\/2024\/08\/dia-chi-ban-may-say-thuc-pham-copy_result222-562x800.webp 562w, https:\/\/congtybinhminh.com\/wp-content\/uploads\/2024\/08\/dia-chi-ban-may-say-thuc-pham-copy_result222-768x1093.webp 768w, https:\/\/congtybinhminh.com\/wp-content\/uploads\/2024\/08\/dia-chi-ban-may-say-thuc-pham-copy_result222-510x726.webp 510w\" sizes=\"auto, (max-width: 800px) 100vw, 800px\" \/><\/p>\n<p>Khi \u0111\u1ebfn tr\u1ef1c ti\u1ebfp t\u1ea1i x\u01b0\u1edfng mua h\u00e0ng, b\u00e0 con s\u1ebd \u0111\u01b0\u1ee3c th\u1eed nghi\u1ec7m v\u1eadn h\u00e0nh m\u00e1y d\u01b0\u1edbi s\u1ef1 h\u01b0\u1edbng d\u1eabn c\u1ee7a \u0111\u1ed9i ng\u0169 k\u1ef9 thu\u1eadt<\/p>\n<p>\u0110\u1ed1i v\u1edbi b\u00e0 con \u1edf xa, c\u00f3 th\u00ea li\u00ean h\u1ec7 s\u1ed1 \u0111i\u1ec7n tho\u1ea1i Hotline tr\u00ean website ho\u1eb7c \u0111\u1ec3 l\u1ea1i l\u1eddi nh\u1eafn ph\u1ea7n b\u00ecnh lu\u1eadn \u0111\u1ed9i ng\u0169 t\u01b0 v\u1ea5n s\u1ebd li\u00ean h\u1ec7 b\u00e0 con trong th\u1eddi gian s\u1edbm nh\u1ea5t<\/p>\n<p><strong>Th\u00f4ng s\u1ed1 k\u1ef9 thu\u1eadt\u00a0<\/strong><\/p>\n<table border=\"1\" cellspacing=\"1\" cellpadding=\"1\">\n<tbody>\n<tr>\n<td colspan=\"1\" rowspan=\"3\">C\u00f4ng su\u1ea5t m\u00e1y<\/td>\n<td>C\u00f4ng su\u1ea5t ti\u00eau th\u1ee5 nhi\u1ec7t<\/td>\n<td>2 thanh nhi\u1ec7t ch\u1eef U\/800W<\/td>\n<\/tr>\n<tr>\n<td>Ngu\u1ed3n \u0111i\u1ec7n<\/td>\n<td>220V<\/td>\n<\/tr>\n<tr>\n<td>S\u1ed1 l\u01b0\u1ee3ng khay<\/td>\n<td>10 khay inox<\/td>\n<\/tr>\n<tr>\n<td colspan=\"1\" rowspan=\"2\">B\u1ea3o h\u00e0nh<\/td>\n<td>K\u1ef9 thu\u1eadt<\/td>\n<td>12 th\u00e1ng<\/td>\n<\/tr>\n<tr>\n<td>\u0110\u1ed9ng c\u01a1<\/td>\n<td>theo t\u1eebng h\u00e3ng s\u1ea3n xu\u1ea5t<\/td>\n<\/tr>\n<tr>\n<td>K\u00edch th\u01b0\u1edbc<\/td>\n<td colspan=\"2\" rowspan=\"1\">\u00a065*127*58 cm<\/td>\n<\/tr>\n<tr>\n<td>N\u0103ng su\u1ea5t<\/td>\n<td colspan=\"2\" rowspan=\"1\">\u00a0kg\/m\u1ebb<\/td>\n<\/tr>\n<tr>\n<td>H\u00ecnh th\u1ee9c thanh to\u00e1n<\/td>\n<td colspan=\"2\" rowspan=\"1\">Ti\u1ec1n m\u1eb7t ho\u1eb7c chuy\u1ec3n kho\u1ea3n<\/td>\n<\/tr>\n<\/tbody>\n<\/table>\n","protected":false},"excerpt":{"rendered":"<ul>\n<li><strong>H\u00e3ng s\u1ea3n xu\u1ea5t:\u00a0<\/strong>B\u00ecnh Minh<\/li>\n<li><strong>Ch\u1ea5t li\u1ec7u:\u00a0<\/strong>inox<\/li>\n<li><strong>S\u1ed1 l\u01b0\u1ee3ng khay:<\/strong>\u00a010<\/li>\n<li><strong>Ngu\u1ed3n \u0111i\u1ec7n<\/strong>: 220V<\/li>\n<li><strong>C\u00f4ng su\u1ea5t ti\u00eau th\u1ee5:<\/strong>\u00a02 thanh nhi\u1ec7t ch\u1eef c\u00f4ng su\u1ea5t 800W\/thanh<\/li>\n<li><strong>T\u00ednh n\u0103ng:<\/strong>\u00a0m\u00e1y s\u1ea5y kh\u00f4 hoa qu\u1ea3, d\u01b0\u1ee3c li\u1ec7u, th\u1ecbt c\u00e1 v\u00e0 c\u00e1c lo\u1ea1i n\u00f4ng s\u1ea3n kh\u00e1c<\/li>\n<\/ul>\n","protected":false},"featured_media":11219,"comment_status":"open","ping_status":"closed","template":"","meta":[],"product_brand":[],"product_cat":[27],"product_tag":[],"class_list":{"0":"post-11218","1":"product","2":"type-product","3":"status-publish","4":"has-post-thumbnail","6":"product_cat-may-say","8":"first","9":"instock","10":"shipping-taxable","11":"product-type-simple"},"_links":{"self":[{"href":"https:\/\/congtybinhminh.com\/index.php?rest_route=\/wp\/v2\/product\/11218","targetHints":{"allow":["GET"]}}],"collection":[{"href":"https:\/\/congtybinhminh.com\/index.php?rest_route=\/wp\/v2\/product"}],"about":[{"href":"https:\/\/congtybinhminh.com\/index.php?rest_route=\/wp\/v2\/types\/product"}],"replies":[{"embeddable":true,"href":"https:\/\/congtybinhminh.com\/index.php?rest_route=%2Fwp%2Fv2%2Fcomments&post=11218"}],"wp:featuredmedia":[{"embeddable":true,"href":"https:\/\/congtybinhminh.com\/index.php?rest_route=\/wp\/v2\/media\/11219"}],"wp:attachment":[{"href":"https:\/\/congtybinhminh.com\/index.php?rest_route=%2Fwp%2Fv2%2Fmedia&parent=11218"}],"wp:term":[{"taxonomy":"product_brand","embeddable":true,"href":"https:\/\/congtybinhminh.com\/index.php?rest_route=%2Fwp%2Fv2%2Fproduct_brand&post=11218"},{"taxonomy":"product_cat","embeddable":true,"href":"https:\/\/congtybinhminh.com\/index.php?rest_route=%2Fwp%2Fv2%2Fproduct_cat&post=11218"},{"taxonomy":"product_tag","embeddable":true,"href":"https:\/\/congtybinhminh.com\/index.php?rest_route=%2Fwp%2Fv2%2Fproduct_tag&post=11218"}],"curies":[{"name":"wp","href":"https:\/\/api.w.org\/{rel}","templated":true}]}}