{"id":11206,"date":"2026-02-04T16:57:14","date_gmt":"2026-02-04T09:57:14","guid":{"rendered":"https:\/\/congtybinhminh.com\/?post_type=product&#038;p=11206"},"modified":"2026-02-05T07:25:41","modified_gmt":"2026-02-05T00:25:41","slug":"may-nghien-thuc-an-chan-nuoi-bi10","status":"publish","type":"product","link":"https:\/\/congtybinhminh.com\/?product=may-nghien-thuc-an-chan-nuoi-bi10","title":{"rendered":"M\u00e1y nghi\u1ec1n th\u1ee9c \u0103n ch\u0103n nu\u00f4i BI10"},"content":{"rendered":"<h2>Gi\u1edbi thi\u1ec7u m\u00e1y nghi\u1ec1n th\u1ee9c \u0103n ch\u0103n nu\u00f4i BI10<\/h2>\n<p>M\u00e1y\u00a0 nghi\u1ec1n th\u1ee9c \u0103n ch\u0103n nu\u00f4i BI10 do c\u00f4ng ty B\u00ecnh Minh s\u1ea3n xu\u1ea5t chuy\u00ean d\u00f9ng nghi\u1ec1n c\u00e1c lo\u1ea1i n\u00f4ng ph\u1ea9m kh\u00f4 th\u00e0nh d\u1ea1ng b\u1ed9t c\u00e1m, \u1ee9ng d\u1ee5ng trong nhi\u1ec1u l\u0129nh v\u1ef1c<\/p>\n<ul>\n<li>Nghi\u1ec1n n\u00f4ng ph\u1ea9m kh\u00f4: g\u1ea1o, ng\u00f4 h\u1ea1t, th\u00f3c&#8230; th\u00e0nh b\u1ed9t c\u00e1m<\/li>\n<li>Nghi\u1ec1n ph\u1ee5 ph\u1ea9m: tre n\u1ee9a, d\u01b0\u1ee3c li\u1ec7u; l\u00e1 ch\u00e8&#8230;<\/li>\n<\/ul>\n<h2>C\u1ea5u t\u1ea1o m\u00e1y nghi\u1ec1n th\u1ee9c \u0103n ch\u0103n nu\u00f4i BI10<\/h2>\n<p>Thi\u1ebft k\u1ebf nh\u1ecf g\u1ecdn, kh\u00f4ng chi\u1ebfm nhi\u1ec1u di\u1ec7n t\u00edch v\u1edbi ph\u1ea7n khung m\u00e1y \u0111\u01b0\u1ee3c h\u00e0n g\u1eafn ch\u1eafc ch\u1eafn kh\u00f4ng g\u00e2y rung l\u1eafc trong qu\u00e1 t\u00ecnh v\u1eadn h\u00e0nh<\/p>\n<p><img loading=\"lazy\" decoding=\"async\" class=\"aligncenter wp-image-11208 size-full\" src=\"https:\/\/congtybinhminh.com\/wp-content\/uploads\/2026\/02\/may-nghien-inox_result222-510x360_result.webp\" alt=\"may-nghien-inox_result222-510x360_result\" width=\"510\" height=\"360\" \/><\/p>\n<p>Ph\u1ea7n toa n\u1ea1p \u0111\u01b0\u1ee3c thi\u1ebft k\u1ebf d\u1ea1ng \u0111\u1ee9ng, mi\u1ec7ng ph\u1ec5u c\u00f3 th\u1ec3 ch\u1ee9a nhi\u1ec1u nguy\u00ean li\u1ec7u h\u01a1n thu\u1eadn ti\u1ec7n cho ng\u01b0\u1eddi d\u00f9ng khi \u0111\u01b0a nguy\u00ean li\u1ec7u v\u00e0o toa<\/p>\n<p>Ph\u00eda d\u01b0\u1edbi toa n\u1ea1p c\u00f3 t\u1ea5m ch\u1eafn ng\u0103n gi\u1eefa bu\u1ed3ng nghi\u1ec1n, gi\u00fap ng\u01b0\u1eddi d\u00f9ng \u0111i\u1ec1u ch\u1ec9nh l\u01b0\u1ee3ng nguy\u00ean li\u1ec7u khi \u0111i xu\u1ed1ng bu\u1ed3ng tr\u00e1nh g\u00e2y t\u1eafc ngh\u1ebdn m\u00e1y<\/p>\n<p><img loading=\"lazy\" decoding=\"async\" class=\"aligncenter wp-image-11209 size-full\" src=\"https:\/\/congtybinhminh.com\/wp-content\/uploads\/2026\/02\/bua-nghien_result222-510x697_result.webp\" alt=\"bua-nghien_result222-510x697_result\" width=\"510\" height=\"697\" srcset=\"https:\/\/congtybinhminh.com\/wp-content\/uploads\/2026\/02\/bua-nghien_result222-510x697_result.webp 510w, https:\/\/congtybinhminh.com\/wp-content\/uploads\/2026\/02\/bua-nghien_result222-510x697_result-293x400.webp 293w\" sizes=\"auto, (max-width: 510px) 100vw, 510px\" \/><\/p>\n<p>H\u1ec7 th\u1ed1ng bu\u1ed3ng l\u00e0m vi\u1ec7c c\u1ee7a m\u00e1y g\u1ed3m 15 b\u00faa \u0111\u1eadp xoay tr\u00f2n \u0111\u1eadp v\u1ee1 v\u00e0 nghi\u1ec1n nguy\u00ean li\u1ec7u v\u1edbi m\u1eb7t s\u00e0ng \u0111\u1ebfn khi \u0111\u1ea1t k\u00edch th\u01b0\u1edbc ti\u00eau chu\u1ea9n theo l\u1ed7 s\u00e0ng tho\u00e1t ra ngo\u00e0i<\/p>\n<p>Ng\u01b0\u1eddi d\u00f9ng c\u00f3 th\u1ec3 linh \u0111\u1ed9ng thay \u0111\u1ed5i k\u00edch th\u01b0\u1edbc th\u00e0nh ph\u1ea9m b\u1eb1ng c\u00e1ch l\u1ef1a ch\u1ecdn m\u1eb7t s\u00e0ng l\u1eafp trong m\u00e1y<\/p>\n<p><img loading=\"lazy\" decoding=\"async\" class=\"aligncenter wp-image-11210 size-full\" src=\"https:\/\/congtybinhminh.com\/wp-content\/uploads\/2026\/02\/may-nghien-inox_result222-1-510x360_result.webp\" alt=\"may-nghien-inox_result222-1-510x360_result\" width=\"510\" height=\"360\" \/><\/p>\n<p>Th\u00e0nh ph\u1ea9m sau khi nghi\u1ec1n \u0111\u01b0\u1ee3c \u0111\u01b0a tr\u1ef1c ti\u1ebfp thu\u1eadn ti\u1ec7n cho vi\u1ec7c thu gom h\u1ea1n ch\u1ebf b\u1ee5i l\u00e0m th\u1ea5t tho\u00e1t nguy\u00ean li\u1ec7u<\/p>\n<p><img loading=\"lazy\" decoding=\"async\" class=\"aligncenter wp-image-11211 size-full\" src=\"https:\/\/congtybinhminh.com\/wp-content\/uploads\/2026\/02\/may-nghien-bot-cam-inox_result222-1-510x360_result.webp\" alt=\"may-nghien-bot-cam-inox_result222-1-510x360_result\" width=\"510\" height=\"360\" \/><\/p>\n<p>M\u00e1y nghi\u1ec1n th\u1ee9c \u0103n ch\u0103n nu\u00f4i BI10 l\u1eafp \u0111\u1ed9ng c\u01a1 3kw s\u1eed d\u1ee5ng \u0111i\u1ec7n 1 pha 220V motor l\u00f5i d\u00e2y \u0111\u1ed3ng 100% cho n\u0103ng su\u1ea5t \u0111\u1ea1t t\u1eeb 80-100 kg\/gi\u1edd<\/p>\n<h2>V\u00ec sao n\u00ean d\u00f9ng m\u00e1y nghi\u1ec1n th\u1ee9c \u0103n ch\u0103n nu\u00f4i BI10<\/h2>\n<ul>\n<li>Thi\u1ebft b\u1ecb h\u1ed7 tr\u1ee3 ch\u1ebf bi\u1ebfn th\u1ef1c ph\u1ea9m, d\u01b0\u1ee3c li\u1ec7u, l\u00e0m th\u1ee9c \u0103n ch\u0103n nu\u00f4i cho gia s\u00fac<\/li>\n<li>Qu\u00e1 tr\u00ecnh nghi\u1ec1n t\u1ef1 \u0111\u1ed9ng ch\u1ec9 c\u1ea7n 1 &#8211; 2 ng\u01b0\u1eddi v\u1eadn h\u00e0nh m\u00e1y m\u00e0 v\u1eabn \u0111\u1ea3m b\u1ea3o n\u0103ng su\u1ea5t<\/li>\n<li>S\u1eed d\u1ee5ng \u0111\u1ed9ng c\u01a1 3kw &#8211; 1 pha th\u00edch h\u1ee3p s\u1eed d\u1ee5ng t\u1ea1i c\u00e1c n\u00f4ng h\u1ed9, gia \u0111\u00ecnh nh\u1ecf l\u1ebb<\/li>\n<li>B\u1ed9t c\u00e1m thu \u0111\u01b0\u1ee3c c\u00f3 th\u1ec3 cho v\u1eadt nu\u00f4i d\u00f9ng ngay ho\u1eb7c cho v\u00e0o m\u00e1y \u00e9p c\u00e1m t\u1ea1o th\u00e0nh vi\u00ean d\u00f9ng d\u1ea7n<\/li>\n<\/ul>\n<p><strong>Th\u00f4ng s\u1ed1 k\u1ef9 thu\u1eadt<\/strong><\/p>\n<table>\n<tbody>\n<tr>\n<td rowspan=\"3\" width=\"274\">\u0110\u1ed9ng c\u01a1<\/td>\n<td width=\"214\">C\u00f4ng su\u1ea5t \u0111\u1ed9ng c\u01a1<\/td>\n<td width=\"213\">3( kw)<\/td>\n<\/tr>\n<tr>\n<td width=\"214\">Ngu\u1ed3n \u0111i\u1ec7n<\/td>\n<td width=\"213\">220( V)<\/td>\n<\/tr>\n<tr>\n<td width=\"214\">T\u1ed1c \u0111\u1ed9<\/td>\n<td width=\"213\">2900( v\/p)<\/td>\n<\/tr>\n<tr>\n<td rowspan=\"2\" width=\"274\">Tr\u1ecdng l\u01b0\u1ee3ng m\u00e1y<\/td>\n<td width=\"214\">Nguy\u00ean b\u1ed9<\/td>\n<td width=\"213\">53( kg)<\/td>\n<\/tr>\n<tr>\n<td width=\"214\">Kh\u00f4ng \u0111\u1ed9ng c\u01a1<\/td>\n<td width=\"213\">30( kg)<\/td>\n<\/tr>\n<tr>\n<td rowspan=\"2\" width=\"274\">B\u1ea3o h\u00e0nh<\/td>\n<td width=\"214\">K\u1ef9 thu\u1eadt<\/td>\n<td width=\"213\">12 th\u00e1ng<\/td>\n<\/tr>\n<tr>\n<td width=\"214\">\u0110\u1ed9ng c\u01a1<\/td>\n<td width=\"213\">Theo t\u1eebng h\u00e3ng s\u1ea3n xu\u1ea5t<\/td>\n<\/tr>\n<tr>\n<td width=\"274\">N\u0103ng su\u1ea5t<\/td>\n<td colspan=\"2\" width=\"427\">80-100\u00a0( kg\/h)<\/td>\n<\/tr>\n<tr>\n<td width=\"274\">K\u00edch th\u01b0\u1edbc ( D * C * R )<\/td>\n<td colspan=\"2\" width=\"427\">78*100*34\u00a0cm<\/td>\n<\/tr>\n<tr>\n<td width=\"274\">H\u00ecnh th\u1ee9c thanh to\u00e1n<\/td>\n<td colspan=\"2\" width=\"427\"><b><strong>Ti\u1ec1n m\u1eb7t ho\u1eb7c chuy\u1ec3n kho\u1ea3n<\/strong><\/b><\/td>\n<\/tr>\n<\/tbody>\n<\/table>\n","protected":false},"excerpt":{"rendered":"<ul>\n<li><strong>H\u00e3ng s\u1ea3n xu\u1ea5t :<\/strong>\u00a0B\u00ecnh Minh<\/li>\n<li><strong>C\u00f4ng su\u1ea5t \u0111\u1ed9ng c\u01a1:<\/strong>\u00a03 kW<\/li>\n<li><strong>T\u1ed1c \u0111\u1ed9:\u00a0<\/strong>2900 (v\/p)<\/li>\n<li><strong>\u0110i\u1ec7n n\u0103ng:<\/strong>\u00a0220V<\/li>\n<li><strong>N\u0103ng su\u1ea5t :<\/strong>\u00a080 \u2013 100 kg\/gi\u1edd<\/li>\n<li><strong>Tr\u1ecdng l\u01b0\u1ee3ng:\u00a0<\/strong>56 kg<\/li>\n<li><strong>K\u00edch th\u01b0\u1edbc (d*c*r);<\/strong>\u00a078*100*34 cm<\/li>\n<li><strong>T\u00ednh n\u0103ng:\u00a0<\/strong>M\u00e1y nghi\u1ec1n c\u00e1c lo\u1ea1i nguy\u00ean li\u1ec7u th\u00e0nh b\u1ed9t c\u00e1m ph\u1ee5c v\u1ee5 s\u1ea3n xu\u1ea5t th\u1ee9c \u0103n ch\u0103n nu\u00f4i.<\/li>\n<\/ul>\n","protected":false},"featured_media":11207,"comment_status":"open","ping_status":"closed","template":"","meta":[],"product_brand":[],"product_cat":[32],"product_tag":[],"class_list":{"0":"post-11206","1":"product","2":"type-product","3":"status-publish","4":"has-post-thumbnail","6":"product_cat-may-nghien","8":"first","9":"instock","10":"shipping-taxable","11":"product-type-simple"},"_links":{"self":[{"href":"https:\/\/congtybinhminh.com\/index.php?rest_route=\/wp\/v2\/product\/11206","targetHints":{"allow":["GET"]}}],"collection":[{"href":"https:\/\/congtybinhminh.com\/index.php?rest_route=\/wp\/v2\/product"}],"about":[{"href":"https:\/\/congtybinhminh.com\/index.php?rest_route=\/wp\/v2\/types\/product"}],"replies":[{"embeddable":true,"href":"https:\/\/congtybinhminh.com\/index.php?rest_route=%2Fwp%2Fv2%2Fcomments&post=11206"}],"wp:featuredmedia":[{"embeddable":true,"href":"https:\/\/congtybinhminh.com\/index.php?rest_route=\/wp\/v2\/media\/11207"}],"wp:attachment":[{"href":"https:\/\/congtybinhminh.com\/index.php?rest_route=%2Fwp%2Fv2%2Fmedia&parent=11206"}],"wp:term":[{"taxonomy":"product_brand","embeddable":true,"href":"https:\/\/congtybinhminh.com\/index.php?rest_route=%2Fwp%2Fv2%2Fproduct_brand&post=11206"},{"taxonomy":"product_cat","embeddable":true,"href":"https:\/\/congtybinhminh.com\/index.php?rest_route=%2Fwp%2Fv2%2Fproduct_cat&post=11206"},{"taxonomy":"product_tag","embeddable":true,"href":"https:\/\/congtybinhminh.com\/index.php?rest_route=%2Fwp%2Fv2%2Fproduct_tag&post=11206"}],"curies":[{"name":"wp","href":"https:\/\/api.w.org\/{rel}","templated":true}]}}