{"id":11192,"date":"2026-01-29T16:28:59","date_gmt":"2026-01-29T09:28:59","guid":{"rendered":"https:\/\/congtybinhminh.com\/?post_type=product&#038;p=11192"},"modified":"2026-01-29T16:29:52","modified_gmt":"2026-01-29T09:29:52","slug":"may-cat-bong-tu-dong","status":"publish","type":"product","link":"https:\/\/congtybinhminh.com\/?product=may-cat-bong-tu-dong","title":{"rendered":"M\u00e1y c\u1eaft b\u1ecfng t\u1ef1 \u0111\u1ed9ng"},"content":{"rendered":"<h2>Gi\u1edbi thi\u1ec7u m\u00e1y c\u1eaft b\u1ecfng t\u1ef1 \u0111\u1ed9ng<\/h2>\n<p>Thay v\u00ec c\u1eaft b\u1ecfng th\u1ee7 c\u00f4ng kh\u00f4ng ch\u1ec9 m\u1ea5t nhi\u1ec1u th\u1eddi gian v\u00e0 c\u00f4ng s\u1ee9c m\u00e0 th\u00e0nh ph\u1ea9m c\u00f2n thi\u1ebfu \u0111\u1ed3ng \u0111\u1ec1u, \u1ea3nh h\u01b0\u1edfng \u0111\u1ebfn th\u1ea9m m\u1ef9<\/p>\n<p><img loading=\"lazy\" decoding=\"async\" class=\"aligncenter wp-image-11194 size-full\" src=\"https:\/\/congtybinhminh.com\/wp-content\/uploads\/2026\/01\/may-cat-bong-tu-dong-inox-binh-minh_result.webp\" alt=\"may-cat-bong-tu-dong-inox-binh-minh_result\" width=\"800\" height=\"1029\" srcset=\"https:\/\/congtybinhminh.com\/wp-content\/uploads\/2026\/01\/may-cat-bong-tu-dong-inox-binh-minh_result.webp 800w, https:\/\/congtybinhminh.com\/wp-content\/uploads\/2026\/01\/may-cat-bong-tu-dong-inox-binh-minh_result-311x400.webp 311w, https:\/\/congtybinhminh.com\/wp-content\/uploads\/2026\/01\/may-cat-bong-tu-dong-inox-binh-minh_result-622x800.webp 622w, https:\/\/congtybinhminh.com\/wp-content\/uploads\/2026\/01\/may-cat-bong-tu-dong-inox-binh-minh_result-768x988.webp 768w, https:\/\/congtybinhminh.com\/wp-content\/uploads\/2026\/01\/may-cat-bong-tu-dong-inox-binh-minh_result-510x656.webp 510w\" sizes=\"auto, (max-width: 800px) 100vw, 800px\" \/><\/p>\n<p>V\u1edbi m\u00e1y c\u1eaft b\u1ecfng t\u1ef1 \u0111\u1ed9ng do c\u00f4ng ty B\u00ecnh M\u00ednh s\u1ea3n xu\u1ea5t \u0111\u01b0\u1ee3c nhi\u1ec1u c\u01a1 s\u1edf l\u1ef1a ch\u1ecdn nh\u01b0 m\u1ed9t tr\u1ee3 th\u1ee7 \u0111\u1eafc l\u1ef1c gi\u00fap t\u1ed1i \u01b0u h\u00e1o quy tr\u00ecnh s\u1ea3n xu\u1ea5t<\/p>\n<h2>C\u1ea5u t\u1ea1o m\u00e1y c\u1eaft b\u1ecfng t\u1ef1 \u0111\u1ed9ng<\/h2>\n<h3>Ch\u1ea5t li\u1ec7u inox<\/h3>\n<p>M\u00e1y \u0111\u01b0\u1ee3c l\u00e0m b\u1eb1ng inox, ch\u1ed1ng g\u1ec9 s\u00e9t d\u1ec5 v\u1ec7 sinh, \u0111\u1ea3m b\u1ea3o an to\u00e0n th\u1ef1c ph\u1ea9m trong su\u1ed1t qu\u00e1 tr\u00ecnh s\u1ea3n xu\u1ea5t<\/p>\n<p><img loading=\"lazy\" decoding=\"async\" class=\"aligncenter wp-image-11195 size-full\" src=\"https:\/\/congtybinhminh.com\/wp-content\/uploads\/2026\/01\/cau-tao-may-cat-bong-tu-dong-binh-minh_result.webp\" alt=\"cau-tao-may-cat-bong-t\u01b0-dong-binh-minh_result\" width=\"800\" height=\"600\" srcset=\"https:\/\/congtybinhminh.com\/wp-content\/uploads\/2026\/01\/cau-tao-may-cat-bong-tu-dong-binh-minh_result.webp 800w, https:\/\/congtybinhminh.com\/wp-content\/uploads\/2026\/01\/cau-tao-may-cat-bong-tu-dong-binh-minh_result-533x400.webp 533w, https:\/\/congtybinhminh.com\/wp-content\/uploads\/2026\/01\/cau-tao-may-cat-bong-tu-dong-binh-minh_result-768x576.webp 768w, https:\/\/congtybinhminh.com\/wp-content\/uploads\/2026\/01\/cau-tao-may-cat-bong-tu-dong-binh-minh_result-510x383.webp 510w\" sizes=\"auto, (max-width: 800px) 100vw, 800px\" \/><\/p>\n<p>Khung ch\u00e2n d\u1ea1ng ch\u1eef nh\u1eadt v\u1eefng ch\u00e3i, \u0111\u1eb7t m\u00e1y \u0111\u1ee9ng ch\u1eafc ch\u1eafn &#8211; kh\u00f4ng rung l\u1eafc k\u1ec3 c\u1ea3 khi v\u1eadn h\u00e0nh li\u00ean t\u1ee5c trong nhi\u1ec1u gi\u1edd<\/p>\n<p><img loading=\"lazy\" decoding=\"async\" class=\"aligncenter wp-image-11196 size-full\" src=\"https:\/\/congtybinhminh.com\/wp-content\/uploads\/2026\/01\/may-cat-bong-gay-binh-minh_result.webp\" alt=\"may-cat-bong-gay-binh-minh_result\" width=\"800\" height=\"600\" srcset=\"https:\/\/congtybinhminh.com\/wp-content\/uploads\/2026\/01\/may-cat-bong-gay-binh-minh_result.webp 800w, https:\/\/congtybinhminh.com\/wp-content\/uploads\/2026\/01\/may-cat-bong-gay-binh-minh_result-533x400.webp 533w, https:\/\/congtybinhminh.com\/wp-content\/uploads\/2026\/01\/may-cat-bong-gay-binh-minh_result-768x576.webp 768w, https:\/\/congtybinhminh.com\/wp-content\/uploads\/2026\/01\/may-cat-bong-gay-binh-minh_result-510x383.webp 510w\" sizes=\"auto, (max-width: 800px) 100vw, 800px\" \/><\/p>\n<p>Tr\u1ee5c \u0111\u1ee9ng linh ho\u1ea1t \u0111i\u1ec1u ch\u1ec9nh theo \u0111\u1ed9 cao h\u1ecdng ra c\u1ee7a m\u00e1y n\u1ed5 b\u1ecfng, gi\u00fap b\u1ecfng \u0111i th\u1eb3ng &#8211; c\u1eaft \u0111\u00fang v\u1ecb tr\u00ed &#8211; kh\u00f4ng cong v\u00eanh<\/p>\n<h3>H\u1ec7 th\u1ed1ng \u0111i\u1ec1u khi\u1ec3n<\/h3>\n<p>Qu\u00e1 tr\u00ecnh m\u00e1y ho\u1ea1t \u0111\u1ed9ng th\u00f4ng qua b\u1ea3ng \u0111i\u1ec1u khi\u1ec3n g\u1ed3m:<\/p>\n<p><img loading=\"lazy\" decoding=\"async\" class=\"aligncenter wp-image-11197 size-full\" src=\"https:\/\/congtybinhminh.com\/wp-content\/uploads\/2026\/01\/bang-dieu-khien-cam-bien_result.webp\" alt=\"bang-dieu-khien-cam-bien_result\" width=\"800\" height=\"600\" srcset=\"https:\/\/congtybinhminh.com\/wp-content\/uploads\/2026\/01\/bang-dieu-khien-cam-bien_result.webp 800w, https:\/\/congtybinhminh.com\/wp-content\/uploads\/2026\/01\/bang-dieu-khien-cam-bien_result-533x400.webp 533w, https:\/\/congtybinhminh.com\/wp-content\/uploads\/2026\/01\/bang-dieu-khien-cam-bien_result-768x576.webp 768w, https:\/\/congtybinhminh.com\/wp-content\/uploads\/2026\/01\/bang-dieu-khien-cam-bien_result-510x383.webp 510w\" sizes=\"auto, (max-width: 800px) 100vw, 800px\" \/><\/p>\n<p>M\u00e0n h\u00ecnh LED: hi\u1ec3n th\u1ecb ngu\u1ed3n \u0111i\u1ec7n \u0111ang s\u1eed d\u1ee5ng<\/p>\n<p>C\u00f4ng t\u1eafc b\u1eadt\/t\u1eaft: kh\u1edfi \u0111\u1ed9ng m\u00e1y<\/p>\n<p>N\u00fat v\u1eb7n \u0111i\u1ec1u ch\u1ec9nh t\u1ed1c \u0111\u1ed9 c\u1eaft: &#8211;<\/p>\n<ul>\n<li>V\u1eb7n n\u00fat sang tr\u00e1i m\u00e1y ch\u1ea1y nhanh &#8211; b\u1ecfng ra ng\u1eafn<\/li>\n<li>V\u1eb7n n\u00fat sang ph\u1ea3i m\u00e1y ch\u1ea1y ch\u1eadm &#8211; b\u1ecfng ra d\u00e0i<\/li>\n<\/ul>\n<p>\u0110\u00e8n b\u00e1o t\u00edn hi\u1ec7u xanh\/\u0111\u1ecf<\/p>\n<h2>H\u1ec7 th\u1ed1ng c\u1ea3m bi\u1ebfn th\u00f4ng minh<\/h2>\n<p>Ngay c\u1ea3 khi b\u1ecfng \u0111\u01b0\u1ee3c \u0111\u00f9n ra, \u1ed1ng b\u1ecfng s\u1ebd ch\u1ea1y tr\u00ean m\u00e1ng d\u1eabn inox d\u00e3ng r\u00e3nh d\u00e0i \u0111\u1ecbnh h\u00ecnh b\u1ecfng th\u1eb3ng<\/p>\n<p><img loading=\"lazy\" decoding=\"async\" class=\"aligncenter wp-image-11198 size-full\" src=\"https:\/\/congtybinhminh.com\/wp-content\/uploads\/2026\/01\/may-cat-hinh-bong_result.webp\" alt=\"may-cat-hinh-bong_result\" width=\"800\" height=\"600\" srcset=\"https:\/\/congtybinhminh.com\/wp-content\/uploads\/2026\/01\/may-cat-hinh-bong_result.webp 800w, https:\/\/congtybinhminh.com\/wp-content\/uploads\/2026\/01\/may-cat-hinh-bong_result-533x400.webp 533w, https:\/\/congtybinhminh.com\/wp-content\/uploads\/2026\/01\/may-cat-hinh-bong_result-768x576.webp 768w, https:\/\/congtybinhminh.com\/wp-content\/uploads\/2026\/01\/may-cat-hinh-bong_result-510x383.webp 510w\" sizes=\"auto, (max-width: 800px) 100vw, 800px\" \/><\/p>\n<p>T\u1ea1i \u0111\u00e2y, h\u1ec7 th\u1ed1ng c\u1ea3m bi\u1ebfn \u0111o \u0111\u1ed9 d\u00e0i s\u1ebd nh\u1eadn di\u1ec7n qu\u00e3ng \u0111\u01b0\u1eddng b\u1ecfng di chuy\u1ec3n. B\u00e1nh xe t\u00ec m\u00e0u v\u00e0ng gi\u1eef \u1ed1ng b\u1ecfng \u1ed5n \u0111\u1ecbnh, h\u1ed7 tr\u1ee3 c\u00e1m bi\u1ebfn \u0111o l\u01b0\u1eddng kho\u1ea3ng c\u00e1ch c\u1eaft \u0111\u00e8u b\u1ecfng<\/p>\n<p>S\u1eed d\u1ee5ng \u0111\u1ed9ng c\u01a1 \u0111i\u1ec7n 12V \u0111i\u1ec7n \u00e1p th\u1ea5p\u00a0 ph\u00f9 h\u1ee3p c\u1ea3 h\u1ed9 kinh doanh nh\u1ecf l\u1eabn x\u01b0\u1edfng s\u1ea3n xu\u1ea5t<\/p>\n<p><img loading=\"lazy\" decoding=\"async\" class=\"alignnone size-medium wp-image-11199\" src=\"https:\/\/congtybinhminh.com\/wp-content\/uploads\/2026\/01\/may-cat-bong-inox-tu-dong_result-711x400.webp\" alt=\"may-cat-bong-inox-tu-dong_result\" width=\"711\" height=\"400\" srcset=\"https:\/\/congtybinhminh.com\/wp-content\/uploads\/2026\/01\/may-cat-bong-inox-tu-dong_result-711x400.webp 711w, https:\/\/congtybinhminh.com\/wp-content\/uploads\/2026\/01\/may-cat-bong-inox-tu-dong_result-768x432.webp 768w, https:\/\/congtybinhminh.com\/wp-content\/uploads\/2026\/01\/may-cat-bong-inox-tu-dong_result-510x287.webp 510w, https:\/\/congtybinhminh.com\/wp-content\/uploads\/2026\/01\/may-cat-bong-inox-tu-dong_result.webp 800w\" sizes=\"auto, (max-width: 711px) 100vw, 711px\" \/><\/p>\n<p>Trang b\u1ecb m\u00e1y c\u1eaft b\u1ecfng t\u1ea1o ra nh\u1eefng \u0111o\u1ea1n b\u1ecfng \u0111\u1ec1u\u00a0 t\u0103m t\u1eafp, t\u1ea1o \u1ea5n t\u01b0\u1ee3ng th\u1ecb gi\u00e1c m\u1ea1nh gi\u00fap kh\u00e1ch h\u00e0ng nh\u1eadn di\u1ec7n th\u01b0\u01a1ng hi\u1ec7u t\u1ed1t h\u01a1n v\u00e0 s\u1eb5n s\u00e0ng tr\u1ea3 gi\u00e1 cao<\/p>\n<h2>\u0110\u1ecba ch\u1ec9 mua m\u00e1y c\u1eaft b\u1ecfng t\u1ef1 \u0111\u1ed9ng ch\u00ednh h\u00e3ng, gi\u00e1 g\u1ed1c t\u1ea1i x\u01b0\u1edfng<\/h2>\n<p>L\u00e0 \u0111\u01a1n v\u1ecb tr\u1ef1c ti\u1ebfp s\u1ea3n xu\u1ea5t m\u00e1y n\u1ed5 b\u1ecfng t\u1ea1i H\u00e0 N\u1ed9i v\u1edbi h\u01a1n 35 n\u0103m kinh nghi\u1ec7m trong l\u0129nh v\u1ef1c c\u01a1 kh\u00ed, \u0111\u1ed3ng h\u00e0nh c\u00f9ng b\u00e0 con tr\u00ean kh\u1eafp m\u1ecdi mi\u1ec1n T\u1ed5 Qu\u1ed1c<\/p>\n<ul>\n<li>Truy c\u1eadp websile: <strong><a href=\"https:\/\/congtybinhminh.com\/\">congtybinhminh.com<\/a><\/strong><\/li>\n<li>Truy c\u1eadp youtube: <strong><a href=\"https:\/\/www.youtube.com\/@congtybinhminh\">c\u00f4ng ty B\u00ecnh Minh<\/a><\/strong><\/li>\n<li>\u0110\u1ebfn tr\u1ef1c ti\u1ebfp tr\u1ee5 s\u1edf g\u1ea7n nh\u1ea5t c\u1ee7a c\u00f4ng ty t\u1ea1i H\u00e0 N\u1ed9i<\/li>\n<\/ul>\n<p><img loading=\"lazy\" decoding=\"async\" class=\"aligncenter wp-image-9910 size-full\" src=\"https:\/\/congtybinhminh.com\/wp-content\/uploads\/2024\/08\/dgia-ban-may-no-bong_result222.webp\" alt=\"dia-chi-ban-may-no-bong_result222\" width=\"800\" height=\"1085\" srcset=\"https:\/\/congtybinhminh.com\/wp-content\/uploads\/2024\/08\/dgia-ban-may-no-bong_result222.webp 800w, https:\/\/congtybinhminh.com\/wp-content\/uploads\/2024\/08\/dgia-ban-may-no-bong_result222-295x400.webp 295w, https:\/\/congtybinhminh.com\/wp-content\/uploads\/2024\/08\/dgia-ban-may-no-bong_result222-590x800.webp 590w, https:\/\/congtybinhminh.com\/wp-content\/uploads\/2024\/08\/dgia-ban-may-no-bong_result222-768x1042.webp 768w, https:\/\/congtybinhminh.com\/wp-content\/uploads\/2024\/08\/dgia-ban-may-no-bong_result222-510x692.webp 510w\" sizes=\"auto, (max-width: 800px) 100vw, 800px\" \/><\/p>\n<p>Khi \u0111\u1ebfn tr\u1ef1c ti\u1ebfp t\u1ea1i x\u01b0\u1edfng mua h\u00e0ng, b\u00e0 con s\u1ebd \u0111\u01b0\u1ee3c th\u1eed nghi\u1ec7m v\u1eadn h\u00e0nh m\u00e1y d\u01b0\u1edbi s\u1ef1 h\u01b0\u1edbng d\u1eabn c\u1ee7a \u0111\u1ed9i ng\u0169 k\u1ef9 thu\u1eadt<\/p>\n<p>\u0110\u1ed1i v\u1edbi b\u00e0 con \u1edf xa, c\u00f3 th\u1ec3 li\u00ean h\u1ec7 s\u1ed1 \u0111i\u1ec7n tho\u1ea1i Hotline tr\u00ean website ho\u1eb7c \u0111\u1ec3 l\u1ea1i l\u1eddi nh\u1eafn ph\u1ea7n b\u00ecnh lu\u1eadn \u0111\u1ed9i ng\u0169 t\u01b0 v\u1ea5n s\u1ebd li\u00ean h\u1ec7 b\u00e0 con trong th\u1eddi gian s\u1edbm nh\u1ea5t<\/p>\n<p>&nbsp;<\/p>\n","protected":false},"excerpt":{"rendered":"<ul>\n<li><strong>H\u00e3ng s\u1ea3n xu\u1ea5t:<\/strong>\u00a0B\u00ecnh Minh<\/li>\n<li><strong>Ch\u1ea5t li\u1ec7u:\u00a0<\/strong>inox<\/li>\n<li><strong>\u0110\u1ed9ng c\u01a1 \u0111i\u1ec7n<\/strong>: 12V<\/li>\n<li><strong>T\u00ednh n\u0103ng:\u00a0<\/strong>c\u1eaft b\u1ecfng \u1ed1ng, b\u1ecfng g\u1eady th\u00e0nh \u0111o\u1ea1n<\/li>\n<\/ul>\n","protected":false},"featured_media":11193,"comment_status":"open","ping_status":"closed","template":"","meta":[],"product_brand":[],"product_cat":[205],"product_tag":[],"class_list":{"0":"post-11192","1":"product","2":"type-product","3":"status-publish","4":"has-post-thumbnail","6":"product_cat-may-no-bong","8":"first","9":"instock","10":"shipping-taxable","11":"product-type-simple"},"_links":{"self":[{"href":"https:\/\/congtybinhminh.com\/index.php?rest_route=\/wp\/v2\/product\/11192","targetHints":{"allow":["GET"]}}],"collection":[{"href":"https:\/\/congtybinhminh.com\/index.php?rest_route=\/wp\/v2\/product"}],"about":[{"href":"https:\/\/congtybinhminh.com\/index.php?rest_route=\/wp\/v2\/types\/product"}],"replies":[{"embeddable":true,"href":"https:\/\/congtybinhminh.com\/index.php?rest_route=%2Fwp%2Fv2%2Fcomments&post=11192"}],"wp:featuredmedia":[{"embeddable":true,"href":"https:\/\/congtybinhminh.com\/index.php?rest_route=\/wp\/v2\/media\/11193"}],"wp:attachment":[{"href":"https:\/\/congtybinhminh.com\/index.php?rest_route=%2Fwp%2Fv2%2Fmedia&parent=11192"}],"wp:term":[{"taxonomy":"product_brand","embeddable":true,"href":"https:\/\/congtybinhminh.com\/index.php?rest_route=%2Fwp%2Fv2%2Fproduct_brand&post=11192"},{"taxonomy":"product_cat","embeddable":true,"href":"https:\/\/congtybinhminh.com\/index.php?rest_route=%2Fwp%2Fv2%2Fproduct_cat&post=11192"},{"taxonomy":"product_tag","embeddable":true,"href":"https:\/\/congtybinhminh.com\/index.php?rest_route=%2Fwp%2Fv2%2Fproduct_tag&post=11192"}],"curies":[{"name":"wp","href":"https:\/\/api.w.org\/{rel}","templated":true}]}}