{"id":11176,"date":"2026-01-24T10:40:32","date_gmt":"2026-01-24T03:40:32","guid":{"rendered":"https:\/\/congtybinhminh.com\/?post_type=product&#038;p=11176"},"modified":"2026-01-24T10:42:15","modified_gmt":"2026-01-24T03:42:15","slug":"bo-vit-tai-de-duong-phien-ban-moi","status":"publish","type":"product","link":"https:\/\/congtybinhminh.com\/?product=bo-vit-tai-de-duong-phien-ban-moi","title":{"rendered":"B\u1ed9 v\u00edt t\u1ea3i \u0111\u1ebf d\u01b0\u01a1ng phi\u00ean b\u1ea3n m\u1edbi"},"content":{"rendered":"<h2>Gi\u1edbi thi\u1ec7u b\u1ed9 v\u00edt t\u1ea3i \u0111\u1ebf d\u01b0\u01a1ng phi\u00ean b\u1ea3n m\u1edbi<\/h2>\n<p>V\u1edbi b\u1ed9 v\u00edt t\u1ea3i \u0111\u1ebf d\u01b0\u01a1ng phi\u00ean b\u1ea3n m\u1edbi do c\u00f4ng ty B\u00ecnh Minh s\u1ea3n xu\u1ea5t &#8211; vi\u1ec7c trung chuy\u1ec3n nguy\u00ean li\u1ec7u t\u1eeb v\u1ecb tri th\u1ea5p l\u00ean v\u1ecb tr\u00ed cao s\u1ed1 l\u01b0\u1ee3ng l\u1edbn \u0111\u01a1n gi\u1ea3n v\u00e0 nhanh ch\u00f3ng h\u01a1n bao gi\u1edd h\u1ebft<\/p>\n<p><img loading=\"lazy\" decoding=\"async\" class=\"aligncenter wp-image-11183 size-full\" src=\"https:\/\/congtybinhminh.com\/wp-content\/uploads\/2026\/01\/bo-vit-tai-de-duong-cong-ty-binh-minh_result.webp\" alt=\"bo-vit-tai-de-duong-cong-ty-binh-minh_result\" width=\"800\" height=\"1026\" srcset=\"https:\/\/congtybinhminh.com\/wp-content\/uploads\/2026\/01\/bo-vit-tai-de-duong-cong-ty-binh-minh_result.webp 800w, https:\/\/congtybinhminh.com\/wp-content\/uploads\/2026\/01\/bo-vit-tai-de-duong-cong-ty-binh-minh_result-312x400.webp 312w, https:\/\/congtybinhminh.com\/wp-content\/uploads\/2026\/01\/bo-vit-tai-de-duong-cong-ty-binh-minh_result-624x800.webp 624w, https:\/\/congtybinhminh.com\/wp-content\/uploads\/2026\/01\/bo-vit-tai-de-duong-cong-ty-binh-minh_result-768x985.webp 768w, https:\/\/congtybinhminh.com\/wp-content\/uploads\/2026\/01\/bo-vit-tai-de-duong-cong-ty-binh-minh_result-510x654.webp 510w\" sizes=\"auto, (max-width: 800px) 100vw, 800px\" \/><\/p>\n<p>&#8221; Kh\u00f4ng t\u1ed1n nhi\u1ec1u s\u1ee9c &#8211; kh\u00f4ng m\u1ea5t th\u1eddi gian&#8221; v\u00edt t\u1ea3i s\u1ebd gi\u00fap trang tr\u1ea1i hay doanh nghi\u1ec7p c\u1ee7a b\u1ea1n t\u1ed1i \u01b0u qu\u00e1 tr\u00ecnh s\u1ea3n xu\u1ea5t v\u00e0 gi\u1ea3m thi\u1ec3u nh\u00e2n c\u00f4ng ngay h\u00f4m nay<\/p>\n<p><img loading=\"lazy\" decoding=\"async\" class=\"aligncenter wp-image-11186 size-full\" src=\"https:\/\/congtybinhminh.com\/wp-content\/uploads\/2026\/01\/vit-tai-cap-lieu_result.webp\" alt=\"vit-tai-cap-lieu_result\" width=\"800\" height=\"474\" srcset=\"https:\/\/congtybinhminh.com\/wp-content\/uploads\/2026\/01\/vit-tai-cap-lieu_result.webp 800w, https:\/\/congtybinhminh.com\/wp-content\/uploads\/2026\/01\/vit-tai-cap-lieu_result-675x400.webp 675w, https:\/\/congtybinhminh.com\/wp-content\/uploads\/2026\/01\/vit-tai-cap-lieu_result-768x455.webp 768w, https:\/\/congtybinhminh.com\/wp-content\/uploads\/2026\/01\/vit-tai-cap-lieu_result-510x302.webp 510w\" sizes=\"auto, (max-width: 800px) 100vw, 800px\" \/><\/p>\n<h2>C\u1ea5u t\u1ea1o b\u1ed9 v\u00edt t\u1ea3i \u0111\u1ebf d\u01b0\u01a1ng<\/h2>\n<p>Tr\u1ee5c v\u00edt \u0111\u01b0\u1ee3c thi\u1ebft k\u1ebf d\u1ea1ng \u0111\u1ee9ng, th\u00e0nh m\u00e1y d\u00e0y v\u1edbi k\u1ebft c\u1ea5u m\u00e1y \u0111u\u1ecdc h\u00e0n g\u1eafn ch\u1eafc ch\u1eafn, kh\u00f4ng g\u00e2y rung l\u1eafc trong qu\u00e1 tr\u00ecnh v\u1eadn h\u00e0nh c\u1ee7a m\u00e1y<\/p>\n<p><img loading=\"lazy\" decoding=\"async\" class=\"aligncenter wp-image-11184 size-full\" src=\"https:\/\/congtybinhminh.com\/wp-content\/uploads\/2026\/01\/cau-tao-vit-tai-de-duong_result.webp\" alt=\"cau-tao-vit-tai-de-duong_result\" width=\"800\" height=\"1040\" srcset=\"https:\/\/congtybinhminh.com\/wp-content\/uploads\/2026\/01\/cau-tao-vit-tai-de-duong_result.webp 800w, https:\/\/congtybinhminh.com\/wp-content\/uploads\/2026\/01\/cau-tao-vit-tai-de-duong_result-308x400.webp 308w, https:\/\/congtybinhminh.com\/wp-content\/uploads\/2026\/01\/cau-tao-vit-tai-de-duong_result-615x800.webp 615w, https:\/\/congtybinhminh.com\/wp-content\/uploads\/2026\/01\/cau-tao-vit-tai-de-duong_result-768x998.webp 768w, https:\/\/congtybinhminh.com\/wp-content\/uploads\/2026\/01\/cau-tao-vit-tai-de-duong_result-510x663.webp 510w\" sizes=\"auto, (max-width: 800px) 100vw, 800px\" \/><\/p>\n<p>Ph\u00eda d\u01b0\u1edbi ch\u00e2n m\u00e1y l\u1eafp \u0111\u1eb7t 4 b\u00e1nh xe thu\u1eadn ti\u1ec7n di chuy\u1ec3n v\u1ecb tr\u00ed \u0111\u1eb7t m\u00e1y<\/p>\n<p>Toa n\u1ea1p \u0111\u01b0\u1ee3c thi\u1ebft k\u1ebf d\u1ea1ng m\u00e1ng k\u00edch th\u01b0\u1edbc r\u1ed9ng 61&#215;65 cm s\u1ee9c ch\u1ee9a h\u00e0ng c\u00e2n nguy\u00ean li\u1ec7u<\/p>\n<p><img loading=\"lazy\" decoding=\"async\" class=\"aligncenter wp-image-11185 size-full\" src=\"https:\/\/congtybinhminh.com\/wp-content\/uploads\/2026\/01\/ong-xoan_result.webp\" alt=\"ong-xoan_result\" width=\"800\" height=\"554\" srcset=\"https:\/\/congtybinhminh.com\/wp-content\/uploads\/2026\/01\/ong-xoan_result.webp 800w, https:\/\/congtybinhminh.com\/wp-content\/uploads\/2026\/01\/ong-xoan_result-578x400.webp 578w, https:\/\/congtybinhminh.com\/wp-content\/uploads\/2026\/01\/ong-xoan_result-768x532.webp 768w, https:\/\/congtybinhminh.com\/wp-content\/uploads\/2026\/01\/ong-xoan_result-510x353.webp 510w\" sizes=\"auto, (max-width: 800px) 100vw, 800px\" \/><\/p>\n<p>C\u00e1nh v\u00edt c\u00f3 h\u00ecnh c\u00e1nh xo\u1eafn, khi v\u00edt t\u1ea3i chuy\u1ec3n \u0111\u1ed9ng c\u00e1c c\u00e1nh xo\u1eafn s\u1ebd gi\u00fap \u0111\u1ea9y nguy\u00ean li\u1ec7u di chuy\u1ec3n l\u1ea7n l\u01b0\u1ee3t d\u1ecdc trong l\u00f2ng \u1ed1ng xo\u1eafn, kh\u00f4ng lo t\u1eafc ngh\u1ebdn hay m\u00f3p m\u00e9o<\/p>\n<p><img loading=\"lazy\" decoding=\"async\" class=\"aligncenter wp-image-11187 size-full\" src=\"https:\/\/congtybinhminh.com\/wp-content\/uploads\/2026\/01\/dong-co-vit-tai_result.webp\" alt=\"dong-co-vit-tai_result\" width=\"800\" height=\"474\" srcset=\"https:\/\/congtybinhminh.com\/wp-content\/uploads\/2026\/01\/dong-co-vit-tai_result.webp 800w, https:\/\/congtybinhminh.com\/wp-content\/uploads\/2026\/01\/dong-co-vit-tai_result-675x400.webp 675w, https:\/\/congtybinhminh.com\/wp-content\/uploads\/2026\/01\/dong-co-vit-tai_result-768x455.webp 768w, https:\/\/congtybinhminh.com\/wp-content\/uploads\/2026\/01\/dong-co-vit-tai_result-510x302.webp 510w\" sizes=\"auto, (max-width: 800px) 100vw, 800px\" \/><\/p>\n<p>H\u1ec7 th\u1ed1ng truy\u1ec1n chuy\u1ec3n \u0111\u1ed9ng b\u1eb1ng d\u00e2y x\u00edch kho\u1ebb h\u01a1n v\u00e0 kh\u00f4ng b\u1ecb tr\u01b0\u1ee3t nh\u01b0 d\u00e2y curoa th\u00f4ng th\u01b0\u1eddng<\/p>\n<p><img loading=\"lazy\" decoding=\"async\" class=\"aligncenter wp-image-11188 size-full\" src=\"https:\/\/congtybinhminh.com\/wp-content\/uploads\/2026\/01\/cong-tac_result.webp\" alt=\"cong-tac_result\" width=\"800\" height=\"450\" srcset=\"https:\/\/congtybinhminh.com\/wp-content\/uploads\/2026\/01\/cong-tac_result.webp 800w, https:\/\/congtybinhminh.com\/wp-content\/uploads\/2026\/01\/cong-tac_result-711x400.webp 711w, https:\/\/congtybinhminh.com\/wp-content\/uploads\/2026\/01\/cong-tac_result-768x432.webp 768w, https:\/\/congtybinhminh.com\/wp-content\/uploads\/2026\/01\/cong-tac_result-510x287.webp 510w\" sizes=\"auto, (max-width: 800px) 100vw, 800px\" \/><\/p>\n<p>C\u00f4ng t\u1eafc \u0111\u1ea3o 2 chi\u1ec1u:\u00a0 linh ho\u1ea1t h\u00fat nguy\u00ean li\u1ec7u l\u00ean ho\u1eb7c x\u1ea3 ng\u01b0\u1ee3c l\u1ea1i khi c\u1ea7n<\/p>\n<h2>B\u1ed9 v\u00edt t\u1ea3i phi\u00ean b\u1ea3n m\u1edbi c\u00f3 g\u00ec kh\u00e1c bi\u1ec7t ?<\/h2>\n<p>V\u1eadn h\u00e0nh \u0110\u1ea4M &#8211; \u00caM &#8211; B\u1ec0N h\u01a1n v\u1edbi c\u1ea3i ti\u1ebfn \u0111\u1ed9ng c\u01a1 \u0111\u1eb7t d\u01b0\u1edbi ngay c\u1ea1nh toa n\u1ea1p, thay v\u00ec \u0111\u1ec3 motor tr\u00ean cao nh\u01b0 phi\u00ean b\u1ea3n c\u0169, g\u00f3p ph\u1ea7n:<\/p>\n<ul>\n<li>\u0110\u1ed9ng c\u01a1 \u0111\u1eb7t th\u1ea5p gi\u00fap tr\u1ecdng t\u00e2m m\u00e1y v\u1eefng ch\u1eafc, an to\u00e0n h\u01a1n khi v\u1eadn h\u00e0nh<\/li>\n<li>B\u1ea3o d\u01b0\u1ee1ng hay s\u1eeda ch\u1eefa &#8221;kh\u00f4ng c\u1ea7n leo cao&#8221; m\u1ecdi thao t\u00e1c \u0111\u1ec1u ngay trong t\u1ea7m tay<\/li>\n<li>L\u1ef1c t\u1ea3i kho\u1ebb, b\u1ec1n b\u1ec9 khi s\u1eed d\u1ee5ng truy\u1ec1n chuy\u1ec3n \u0111\u1ed9ng nh\u00f4ng x\u00edch thay v\u00ec d\u00e2y curoa, h\u1ea1n ch\u1ebf tr\u01b0\u1ee3t t\u1ea3i v\u00e0 t\u0103ng tu\u1ed5i th\u1ecd cho thi\u1ebft bi<\/li>\n<\/ul>\n<p><img loading=\"lazy\" decoding=\"async\" class=\"aligncenter wp-image-11189 size-full\" src=\"https:\/\/congtybinhminh.com\/wp-content\/uploads\/2026\/01\/vit-tai_result.webp\" alt=\"vit-tai_result\" width=\"800\" height=\"600\" srcset=\"https:\/\/congtybinhminh.com\/wp-content\/uploads\/2026\/01\/vit-tai_result.webp 800w, https:\/\/congtybinhminh.com\/wp-content\/uploads\/2026\/01\/vit-tai_result-533x400.webp 533w, https:\/\/congtybinhminh.com\/wp-content\/uploads\/2026\/01\/vit-tai_result-768x576.webp 768w, https:\/\/congtybinhminh.com\/wp-content\/uploads\/2026\/01\/vit-tai_result-510x383.webp 510w\" sizes=\"auto, (max-width: 800px) 100vw, 800px\" \/><\/p>\n<p>N\u00ean d\u00f9ng k\u1ebft h\u1ee3p v\u00edt t\u1ea3i v\u1edbi <strong><a href=\"https:\/\/congtybinhminh.com\/danh-muc\/may-tron\/\">m\u00e1y tr\u1ed9n<\/a><\/strong>, <strong><a href=\"https:\/\/congtybinhminh.com\/danh-muc\/may-ep-cam\/\">m\u00e1y \u00e9p c\u00e1m vi\u00ean<\/a><\/strong> ,.. t\u1ea1o d\u00e2y chuy\u1ec1n s\u1ea3n xu\u1ea5t c\u00e1m vi\u00ean kh\u00e9p k\u00edn, n\u0103ng su\u1ea5t cao<\/p>\n<h2>\u0110\u1ecba ch\u1ec9 mua v\u00edt t\u1ea3i ch\u00ednh h\u00e3ng, gi\u00e1 g\u1ed1c t\u1ea1i x\u01b0\u1edfng<\/h2>\n<p>L\u00e0 \u0111\u01a1n v\u1ecb tr\u1ef1c ti\u1ebfp s\u1ea3n xu\u1ea5t m\u00e1y nghi\u1ec1n t\u1ea1i H\u00e0 N\u1ed9i v\u1edbi h\u01a1n 35 n\u0103m kinh nghi\u1ec7m trong l\u0129nh v\u1ef1c c\u01a1 kh\u00ed, \u0111\u1ed3ng h\u00e0nh c\u00f9ng b\u00e0 con tr\u00ean kh\u1eafp m\u1ecdi mi\u1ec1n T\u1ed5 Qu\u1ed1c<\/p>\n<ul>\n<li>Truy c\u1eadp website: <strong><a href=\"https:\/\/congtybinhminh.com\/\">congtybinhminh.com<\/a><\/strong><\/li>\n<li>Truy c\u1eadp youtube: <strong><a href=\"https:\/\/www.youtube.com\/@congtybinhminh\">c\u00f4ng ty B\u00ecnh Minh<\/a><\/strong><\/li>\n<li>\u0110\u1ebfn tr\u1ef1c ti\u1ebfp tr\u1ee5 s\u1edf g\u1ea7n nh\u1ea5t c\u1ee7a c\u00f4ng ty t\u1ea1i H\u00e0 N\u1ed9i<\/li>\n<\/ul>\n<p><img loading=\"lazy\" decoding=\"async\" class=\"aligncenter wp-image-9867 size-full\" src=\"https:\/\/congtybinhminh.com\/wp-content\/uploads\/2024\/08\/dia-chi-ban-bo-bang-tai_result222.webp\" alt=\"dia-chi-ban-bang-tai_result222\" width=\"800\" height=\"1105\" srcset=\"https:\/\/congtybinhminh.com\/wp-content\/uploads\/2024\/08\/dia-chi-ban-bo-bang-tai_result222.webp 800w, https:\/\/congtybinhminh.com\/wp-content\/uploads\/2024\/08\/dia-chi-ban-bo-bang-tai_result222-290x400.webp 290w, https:\/\/congtybinhminh.com\/wp-content\/uploads\/2024\/08\/dia-chi-ban-bo-bang-tai_result222-579x800.webp 579w, https:\/\/congtybinhminh.com\/wp-content\/uploads\/2024\/08\/dia-chi-ban-bo-bang-tai_result222-768x1061.webp 768w, https:\/\/congtybinhminh.com\/wp-content\/uploads\/2024\/08\/dia-chi-ban-bo-bang-tai_result222-510x704.webp 510w\" sizes=\"auto, (max-width: 800px) 100vw, 800px\" \/><\/p>\n<p>Khi \u0111\u1ebfn tr\u1ef1c ti\u1ebfp t\u1ea1i x\u01b0\u1edfng mua h\u00e0ng, b\u00e0 con s\u1ebd \u0111\u01b0\u1ee3c th\u1eed nghi\u1ec7m v\u1eadn h\u00e0nh m\u00e1y d\u01b0\u1edbi s\u1ef1 h\u01b0\u1edbng d\u1eabn c\u1ee7a \u0111\u1ed9i ng\u0169 k\u1ef9 thu\u1eadt<\/p>\n<p>\u0110\u1ed1i v\u1edbi b\u00e0 con \u1edf xa, c\u00f3 th\u1ec3 li\u00ean h\u1ec7 s\u1ed1 \u0111i\u1ec7n tho\u1ea1i Hotline tr\u00ean website ho\u1eb7c \u0111\u1ec3 l\u1ea1i l\u1eddi nh\u1eafn ph\u1ea7n b\u00ecnh lu\u1eadn \u0111\u1ed9i ng\u0169 t\u01b0 v\u1ea5n s\u1ebd li\u00ean h\u1ec7 b\u00e0 con trong th\u1eddi gian s\u1edbm nh\u1ea5t<\/p>\n","protected":false},"excerpt":{"rendered":"<ul>\n<li><strong>H\u00e3ng s\u1ea3n xu\u1ea5t<\/strong>: B\u00ecnh Minh<\/li>\n<li><strong>\u0110\u1ed9ng c\u01a1<\/strong>; 1.5kw<\/li>\n<li><strong>Ngu\u1ed3n \u0111i\u1ec7n:<\/strong>\u00a0380V<\/li>\n<li><strong>T\u00ednh n\u0103ng<\/strong>: v\u1eadn chuy\u1ec3n nguy\u00ean li\u1ec7u t\u1eeb n\u01a1i th\u1ea5p l\u00ean cao, t\u1ea1o d\u00e2y chuy\u1ec1n s\u1ea3n xu\u1ea5t<\/li>\n<\/ul>\n","protected":false},"featured_media":11177,"comment_status":"open","ping_status":"closed","template":"","meta":[],"product_brand":[],"product_cat":[215],"product_tag":[],"class_list":{"0":"post-11176","1":"product","2":"type-product","3":"status-publish","4":"has-post-thumbnail","6":"product_cat-bang-tai","8":"first","9":"instock","10":"shipping-taxable","11":"product-type-simple"},"_links":{"self":[{"href":"https:\/\/congtybinhminh.com\/index.php?rest_route=\/wp\/v2\/product\/11176","targetHints":{"allow":["GET"]}}],"collection":[{"href":"https:\/\/congtybinhminh.com\/index.php?rest_route=\/wp\/v2\/product"}],"about":[{"href":"https:\/\/congtybinhminh.com\/index.php?rest_route=\/wp\/v2\/types\/product"}],"replies":[{"embeddable":true,"href":"https:\/\/congtybinhminh.com\/index.php?rest_route=%2Fwp%2Fv2%2Fcomments&post=11176"}],"wp:featuredmedia":[{"embeddable":true,"href":"https:\/\/congtybinhminh.com\/index.php?rest_route=\/wp\/v2\/media\/11177"}],"wp:attachment":[{"href":"https:\/\/congtybinhminh.com\/index.php?rest_route=%2Fwp%2Fv2%2Fmedia&parent=11176"}],"wp:term":[{"taxonomy":"product_brand","embeddable":true,"href":"https:\/\/congtybinhminh.com\/index.php?rest_route=%2Fwp%2Fv2%2Fproduct_brand&post=11176"},{"taxonomy":"product_cat","embeddable":true,"href":"https:\/\/congtybinhminh.com\/index.php?rest_route=%2Fwp%2Fv2%2Fproduct_cat&post=11176"},{"taxonomy":"product_tag","embeddable":true,"href":"https:\/\/congtybinhminh.com\/index.php?rest_route=%2Fwp%2Fv2%2Fproduct_tag&post=11176"}],"curies":[{"name":"wp","href":"https:\/\/api.w.org\/{rel}","templated":true}]}}