{"id":11162,"date":"2026-01-19T10:55:29","date_gmt":"2026-01-19T03:55:29","guid":{"rendered":"https:\/\/congtybinhminh.com\/?post_type=product&#038;p=11162"},"modified":"2026-01-19T10:57:19","modified_gmt":"2026-01-19T03:57:19","slug":"may-nghien-thuc-an-chan-nuoi-b30-inox-chan-be","status":"publish","type":"product","link":"https:\/\/congtybinhminh.com\/?product=may-nghien-thuc-an-chan-nuoi-b30-inox-chan-be","title":{"rendered":"M\u00e1y nghi\u1ec1n th\u1ee9c \u0103n ch\u0103n nu\u00f4i B30 inox ch\u00e2n b\u1ec7"},"content":{"rendered":"<h2>Gi\u1edbi thi\u1ec7u m\u00e1y nghi\u1ec1n th\u1ee9c \u0103n ch\u0103n nu\u00f4i B30 inox ch\u00e2n b\u1ec7<\/h2>\n<p>&#8221;Nghi\u1ec1n nhanh &#8211; ra \u0111\u1ec1u &#8211; kh\u00f4ng b\u00ed m\u00e1y&#8221; \u0111\u00f3 l\u00e0 l\u00fd do nhi\u1ec1u c\u01a1 s\u1edf ch\u1ecdn m\u00e1y nghi\u1ec1n th\u1ee9c \u0103n ch\u0103n nu\u00f4i B30 inox c\u00f3 ch\u00e2n b\u1ec7, phi\u00ean b\u1ea3n c\u1eeda x\u1ea3 tr\u1ef1c ti\u1ebfp do B\u00ecnh Qu\u00e2n Group s\u1ea3n xu\u1ea5t<\/p>\n<p><img loading=\"lazy\" decoding=\"async\" class=\"aligncenter wp-image-11169 size-full\" src=\"https:\/\/congtybinhminh.com\/wp-content\/uploads\/2026\/01\/may-nghien-thuc-an-chan-nuoi-b30-inox-co-chan-be-binh-minh_result.webp\" alt=\"may-nghien-thuc-an-chan-nuoi-b30-inox-co-chan-be-binh-minh_result\" width=\"800\" height=\"1046\" srcset=\"https:\/\/congtybinhminh.com\/wp-content\/uploads\/2026\/01\/may-nghien-thuc-an-chan-nuoi-b30-inox-co-chan-be-binh-minh_result.webp 800w, https:\/\/congtybinhminh.com\/wp-content\/uploads\/2026\/01\/may-nghien-thuc-an-chan-nuoi-b30-inox-co-chan-be-binh-minh_result-306x400.webp 306w, https:\/\/congtybinhminh.com\/wp-content\/uploads\/2026\/01\/may-nghien-thuc-an-chan-nuoi-b30-inox-co-chan-be-binh-minh_result-612x800.webp 612w, https:\/\/congtybinhminh.com\/wp-content\/uploads\/2026\/01\/may-nghien-thuc-an-chan-nuoi-b30-inox-co-chan-be-binh-minh_result-768x1004.webp 768w, https:\/\/congtybinhminh.com\/wp-content\/uploads\/2026\/01\/may-nghien-thuc-an-chan-nuoi-b30-inox-co-chan-be-binh-minh_result-510x667.webp 510w\" sizes=\"auto, (max-width: 800px) 100vw, 800px\" \/><\/p>\n<p>Thi\u1ebft k\u1ebf nh\u1ecf g\u1ecdn, ch\u1ea1y kho\u1ebb, x\u1ea3 th\u1eb3ng gi\u00fap t\u1eadn d\u1ee5ng c\u00e1c lo\u1ea1i n\u00f4ng ph\u1ea9m kh\u00f4, ch\u1ee7 \u0111\u1ed9ng ph\u1ed1i tr\u1ed9n nguy\u00ean li\u1ec7u.<\/p>\n<p><img loading=\"lazy\" decoding=\"async\" class=\"aligncenter wp-image-11175 size-full\" src=\"https:\/\/congtybinhminh.com\/wp-content\/uploads\/2026\/01\/may-nghien-thuc-an-chan-nuoi-b30-xa-thang_result.webp\" alt=\"may-nghien-thuc-an-chan-nuoi-b30-xa-thang_result\" width=\"800\" height=\"600\" srcset=\"https:\/\/congtybinhminh.com\/wp-content\/uploads\/2026\/01\/may-nghien-thuc-an-chan-nuoi-b30-xa-thang_result.webp 800w, https:\/\/congtybinhminh.com\/wp-content\/uploads\/2026\/01\/may-nghien-thuc-an-chan-nuoi-b30-xa-thang_result-533x400.webp 533w, https:\/\/congtybinhminh.com\/wp-content\/uploads\/2026\/01\/may-nghien-thuc-an-chan-nuoi-b30-xa-thang_result-768x576.webp 768w, https:\/\/congtybinhminh.com\/wp-content\/uploads\/2026\/01\/may-nghien-thuc-an-chan-nuoi-b30-xa-thang_result-510x383.webp 510w\" sizes=\"auto, (max-width: 800px) 100vw, 800px\" \/><\/p>\n<p>Ph\u00f9 h\u1ee3p c\u00e1c h\u1ed9 ch\u0103n nu\u00f4i, c\u00e1c c\u01a1 s\u1edf s\u1ea3n xu\u1ea5t d\u01b0\u1ee3c li\u1ec7u v\u00e0 h\u1ed9 kinh doanh<\/p>\n<h2>C\u1ea5u t\u1ea1o m\u00e1y nghi\u1ec1n TACN B30 inox c\u00f3 ch\u00e2n b\u1ec7<\/h2>\n<p>\u0110\u1ec3 \u0111\u1ea3m b\u1ea3o n\u0103ng su\u1ea5t cao m\u00e1y \u0111\u01b0\u1ee3c thi\u1ebft k\u1ebf t\u1ed1i \u01b0u v\u1edbi 4 b\u1ed9 ph\u1eadn ch\u00ednh:<\/p>\n<h3>Toa n\u1ea1p nguy\u00ean li\u1ec7u<\/h3>\n<p>Toa n\u1ea1p d\u1ea1ng ph\u1ec5u \u0111\u1ee9ng, khoang ch\u1ee9a r\u1ed9ng cho ph\u00e9p \u0111\u1ed5 nguy\u00ean li\u1ec7u tr\u1ef1c ti\u1ebfp kh\u00f4ng c\u1ea7n b\u00f3n t\u1eebng ch\u00fat m\u1ed9t<\/p>\n<p><img loading=\"lazy\" decoding=\"async\" class=\"aligncenter wp-image-11171 size-full\" src=\"https:\/\/congtybinhminh.com\/wp-content\/uploads\/2026\/01\/may-nghien-cong-nghiep-1.jpg\" alt=\"may-nghien-cong-nghiep\" width=\"800\" height=\"600\" srcset=\"https:\/\/congtybinhminh.com\/wp-content\/uploads\/2026\/01\/may-nghien-cong-nghiep-1.jpg 800w, https:\/\/congtybinhminh.com\/wp-content\/uploads\/2026\/01\/may-nghien-cong-nghiep-1-533x400.jpg 533w, https:\/\/congtybinhminh.com\/wp-content\/uploads\/2026\/01\/may-nghien-cong-nghiep-1-768x576.jpg 768w, https:\/\/congtybinhminh.com\/wp-content\/uploads\/2026\/01\/may-nghien-cong-nghiep-1-510x383.jpg 510w\" sizes=\"auto, (max-width: 800px) 100vw, 800px\" \/><\/p>\n<p>Nguy\u00ean li\u1ec7u t\u1ef1 ch\u1ea3y xu\u1ed1ng bu\u1ed3ng nghi\u1ec1n gi\u1ea3m s\u1ee9c ng\u01b0\u1eddi &#8211; t\u0103ng t\u1ed1c qu\u00e1 tr\u00ecnh l\u00e0m vi\u1ec7c<\/p>\n<h3>Bu\u1ed3ng nghi\u1ec1n c\u00f4ng su\u1ea5t l\u1edbn<\/h3>\n<p>H\u1ec7 th\u1ed1ng b\u00faa \u0111\u1eadp d\u00e0y v\u1edbi 30 b\u00faa c\u00f9ng 6 \u0111\u0129a nghi\u1ec1n \u0111\u1eadp v\u1ee1 v\u00e0 nghi\u1ec1n nh\u1ecf nguy\u00ean li\u1ec7u v\u1edbi m\u1eb7t s\u00e0ng<\/p>\n<p><img loading=\"lazy\" decoding=\"async\" class=\"aligncenter wp-image-11172 size-full\" src=\"https:\/\/congtybinhminh.com\/wp-content\/uploads\/2026\/01\/may-nghien-bua-inox_result.webp\" alt=\"may-nghien-bua-inox_result\" width=\"800\" height=\"1058\" srcset=\"https:\/\/congtybinhminh.com\/wp-content\/uploads\/2026\/01\/may-nghien-bua-inox_result.webp 800w, https:\/\/congtybinhminh.com\/wp-content\/uploads\/2026\/01\/may-nghien-bua-inox_result-302x400.webp 302w, https:\/\/congtybinhminh.com\/wp-content\/uploads\/2026\/01\/may-nghien-bua-inox_result-605x800.webp 605w, https:\/\/congtybinhminh.com\/wp-content\/uploads\/2026\/01\/may-nghien-bua-inox_result-768x1016.webp 768w, https:\/\/congtybinhminh.com\/wp-content\/uploads\/2026\/01\/may-nghien-bua-inox_result-510x674.webp 510w\" sizes=\"auto, (max-width: 800px) 100vw, 800px\" \/><\/p>\n<p>Cho n\u0103ng su\u00e1t cao g\u1ea5p 2 &#8211; 3laanf so v\u1edbi c\u00e1c d\u00f2ng m\u00e1y nghi\u1ec1n th\u00f4ng th\u01b0\u1eddng<\/p>\n<p><img loading=\"lazy\" decoding=\"async\" class=\"aligncenter wp-image-11173 size-full\" src=\"https:\/\/congtybinhminh.com\/wp-content\/uploads\/2026\/01\/may-nghien-bua-cong-nghiep_result.webp\" alt=\"may-nghien-bua-cong-nghiep_result\" width=\"800\" height=\"632\" srcset=\"https:\/\/congtybinhminh.com\/wp-content\/uploads\/2026\/01\/may-nghien-bua-cong-nghiep_result.webp 800w, https:\/\/congtybinhminh.com\/wp-content\/uploads\/2026\/01\/may-nghien-bua-cong-nghiep_result-506x400.webp 506w, https:\/\/congtybinhminh.com\/wp-content\/uploads\/2026\/01\/may-nghien-bua-cong-nghiep_result-768x607.webp 768w, https:\/\/congtybinhminh.com\/wp-content\/uploads\/2026\/01\/may-nghien-bua-cong-nghiep_result-510x403.webp 510w\" sizes=\"auto, (max-width: 800px) 100vw, 800px\" \/><\/p>\n<p>Qu\u00e1 tr\u00ecnh nghi\u1ec1n n\u00e0y t\u1ea1o ra th\u00e0nh ph\u1ea9m c\u00f3 k\u00edch th\u01b0\u1edbc \u0111\u1ed3ng \u0111\u1ec1u v\u00e0 d\u1ec5 ho\u00e0 tr\u1ed9n v\u00e0o th\u1ee9c \u0103n ch\u0103n nu\u00f4i cho gia s\u00fac gia c\u1ea7m<\/p>\n<h3>C\u1eeda x\u1ea3 th\u00e0nh ph\u1ea9m<\/h3>\n<p>Th\u00e0nh ph\u1ea9m sau khi nghi\u1ec1n \u0111\u01b0\u1ee3c \u0111\u01b0a tr\u1ef1c ti\u1ebfp ra ngo\u00e0i c\u1eeda x\u1ea3, n\u1eb1m ngay ph\u00eda d\u01b0\u1edbi bu\u1ed3ng nghi\u1ec1n<\/p>\n<p><img loading=\"lazy\" decoding=\"async\" class=\"aligncenter wp-image-11174 size-full\" src=\"https:\/\/congtybinhminh.com\/wp-content\/uploads\/2026\/01\/may-nghien-cua-xa-thang_result.webp\" alt=\"may-nghien-cua-xa-thang_result\" width=\"800\" height=\"504\" srcset=\"https:\/\/congtybinhminh.com\/wp-content\/uploads\/2026\/01\/may-nghien-cua-xa-thang_result.webp 800w, https:\/\/congtybinhminh.com\/wp-content\/uploads\/2026\/01\/may-nghien-cua-xa-thang_result-635x400.webp 635w, https:\/\/congtybinhminh.com\/wp-content\/uploads\/2026\/01\/may-nghien-cua-xa-thang_result-768x484.webp 768w, https:\/\/congtybinhminh.com\/wp-content\/uploads\/2026\/01\/may-nghien-cua-xa-thang_result-510x321.webp 510w\" sizes=\"auto, (max-width: 800px) 100vw, 800px\" \/><\/p>\n<p>Gi\u00fap b\u1ed9t tho\u00e1t t\u1ea3i nhanh, m\u00e1y kh\u00f4ng b\u00ed hay ngh\u1eb9n m\u00e1y khi c\u00f4ng su\u1ea5t cao<\/p>\n<h3>\u0110\u1ed9ng c\u01a1 v\u00e0 truy\u1ec1n \u0111\u1ed9ng b\u1eb1ng d\u00e2y curoa<\/h3>\n<p>M\u00e1y nghi\u1ec1n 3 pha s\u1eed d\u1ee5ng \u0111\u1ed9ng c\u01a1 c\u00f4ng su\u1ea5t 11kw truy\u1ec1n l\u1ef1c qua h\u1ec7 th\u1ed1ng d\u00e2y curoa<\/p>\n<p>D\u00e2y curoa gi\u00fap m\u00e1y v\u1eadn h\u00e0nh \u00eam h\u01a1n, gi\u1ea3m t\u1ea3i khi nghi\u1ec1n b\u1ea3o v\u1ec7 tu\u1ed5i th\u1ecd motor t\u1ed1t h\u01a1n so v\u1edbi \u0111\u1ea5u \u0111\u1ea7u tr\u1ef1c ti\u1ebfp<\/p>\n<h2>V\u00ec sao nhi\u1ec1u ng\u01b0\u1eddi ch\u1ecdn m\u00e1y nghi\u1ec1n B30 inox x\u1ea3 tr\u1ef1c ti\u1ebfp ?<\/h2>\n<p>V\u1edbi nhu c\u1ea7u nghi\u1ec1n v\u1eeba v\u00e0 l\u1edbn trong kh\u00f4ng gian nh\u1ecf vi\u1ec7c l\u1ef1a ch\u1ecdn m\u00e1y nghi\u1ec1n nh\u1ecf g\u1ecdn trong kh\u00f4ng gian nh\u1ecf s\u1ebd th\u00edch h\u1ee3p v\u00ec;<\/p>\n<ul>\n<li>X\u1ea3 th\u1eb3ng &#8211; x\u1ea3 nhanh ; b\u1ed9t r\u01a1i tr\u1ef1c ti\u1ebfp xu\u1ed1ng bao, kh\u00f4ng l\u01b0u trong m\u00e1y, h\u1ea1n ch\u1ebf b\u00ed v\u00e0 n\u00f3ng m\u00e1y khi l\u00e0m li\u00ean t\u1ee5c<\/li>\n<li>K\u1ebft c\u1ea5u g\u1ecdn, \u00edt chi ti\u1ebft; d\u1ec5 l\u1eafp \u0111\u1eb7t, b\u1ea3o tr\u00ec \u0111\u01a1n gi\u1ea3n, kh\u00f4ng chi\u1ebfm nhi\u1ec1u di\u1ec7n t\u00edch x\u01b0\u1edfng<\/li>\n<li>V\u1ec7 sinh nhanh g\u1ecdn: m\u1edf bu\u1ed3ng m\u00e1y l\u00e0 c\u00f3 th\u1ec3 v\u1ec7 sinh tr\u1ef1c ti\u1ebfp, ti\u1ebft ki\u1ec7m th\u1eddi gian sau m\u1ed7i m\u1ebb nghi\u1ec1n<\/li>\n<\/ul>\n<p><img loading=\"lazy\" decoding=\"async\" class=\"aligncenter wp-image-11170 size-full\" src=\"https:\/\/congtybinhminh.com\/wp-content\/uploads\/2026\/01\/may-nghien-bua_result.webp\" alt=\"may-nghien-bua_result\" width=\"800\" height=\"600\" srcset=\"https:\/\/congtybinhminh.com\/wp-content\/uploads\/2026\/01\/may-nghien-bua_result.webp 800w, https:\/\/congtybinhminh.com\/wp-content\/uploads\/2026\/01\/may-nghien-bua_result-533x400.webp 533w, https:\/\/congtybinhminh.com\/wp-content\/uploads\/2026\/01\/may-nghien-bua_result-768x576.webp 768w, https:\/\/congtybinhminh.com\/wp-content\/uploads\/2026\/01\/may-nghien-bua_result-510x383.webp 510w\" sizes=\"auto, (max-width: 800px) 100vw, 800px\" \/><\/p>\n<p>Tuy nhi\u00ean, v\u00ec x\u1ea3 th\u1eb3ng n\u00ean l\u1ef1c x\u1ea3 m\u1ea1nh, c\u1ea7n bu\u1ed9c k\u00edn bao t\u1ea3i \u0111\u1ec3 tr\u00e1nh b\u1ee5i m\u1ecbn bay ra xung quanh, gi\u00fap kh\u00f4ng gian l\u00e0m vi\u1ec7c s\u1ea1ch v\u00e0 an to\u00e0n h\u01a1n<\/p>\n<h2>\u0110\u1ecba ch\u1ec9 mua m\u00e1y nghi\u1ec1n c\u00f4ng nghi\u1ec7p ch\u00ednh h\u00e3ng, gi\u00e1 g\u1ed1c t\u1ea1i x\u01b0\u1edfng<\/h2>\n<p>L\u00e0 \u0111\u01a1n v\u1ecb tr\u1ef1c ti\u1ebfp s\u1ea3n xu\u1ea5t m\u00e1y nghi\u1ec1n t\u1ea1i H\u00e0 N\u1ed9i v\u1edbi h\u01a1n 35 n\u0103m kinh nghi\u1ec7m trong l\u0129nh v\u1ef1c c\u01a1 kh\u00ed, \u0111\u1ed3ng h\u00e0nh c\u00f9ng b\u00e0 con tr\u00ean kh\u1eafp m\u1ecdi mi\u1ec1n T\u1ed5 Qu\u1ed1c<\/p>\n<p>\u0110\u1ec3 \u0111\u1eb7t mua m\u00e1y v\u00e0 bi\u1ebft th\u00eam th\u00f4ng tin chi ti\u1ebft, b\u00e0 con c\u00f3 th\u1ec3 li\u00ean h\u1ec7 qua 3 c\u00e1ch sau:<\/p>\n<ul>\n<li>Truy c\u1eadp website: <a href=\"https:\/\/congtybinhminh.com\/\">congtybinhminh.com<\/a><\/li>\n<li>Truy c\u1eadp youtube: <strong><a href=\"https:\/\/www.youtube.com\/@congtybinhminh\">c\u00f4ng ty B\u00ecnh Minh<\/a><\/strong><\/li>\n<li>\u0110\u1ebfn tr\u1ef1c ti\u1ebfp tr\u1ee5 s\u1edf g\u1ea7n nh\u1ea5t c\u1ee7a c\u00f4ng ty t\u1ea1i H\u00e0 N\u1ed9i<\/li>\n<\/ul>\n<p><img loading=\"lazy\" decoding=\"async\" class=\"aligncenter wp-image-9695 size-full\" src=\"https:\/\/congtybinhminh.com\/wp-content\/uploads\/2024\/05\/dia-chi-mua-may-nghien_result222.webp\" alt=\"dia-chi-mua-may-nghien_result222\" width=\"800\" height=\"1231\" srcset=\"https:\/\/congtybinhminh.com\/wp-content\/uploads\/2024\/05\/dia-chi-mua-may-nghien_result222.webp 800w, https:\/\/congtybinhminh.com\/wp-content\/uploads\/2024\/05\/dia-chi-mua-may-nghien_result222-260x400.webp 260w, https:\/\/congtybinhminh.com\/wp-content\/uploads\/2024\/05\/dia-chi-mua-may-nghien_result222-520x800.webp 520w, https:\/\/congtybinhminh.com\/wp-content\/uploads\/2024\/05\/dia-chi-mua-may-nghien_result222-768x1182.webp 768w, https:\/\/congtybinhminh.com\/wp-content\/uploads\/2024\/05\/dia-chi-mua-may-nghien_result222-510x785.webp 510w\" sizes=\"auto, (max-width: 800px) 100vw, 800px\" \/><\/p>\n<p>Khi \u0111\u1ebfn tr\u1ef1c ti\u1ebfp t\u1ea1i x\u01b0\u1edfng mua h\u00e0ng, b\u00e0 con s\u1ebd \u0111\u01b0\u1ee3c th\u1eed nghi\u1ec7m v\u1eadn h\u00e0nh m\u00e1y d\u01b0\u1edbi s\u1ef1 h\u01b0\u1edbng d\u1eabn c\u1ee7a \u0111\u1ed9i ng\u0169 k\u1ef9 thu\u1eadt<\/p>\n<p>\u0110\u1ed1i v\u1edbi b\u00e0 con \u1edf xa, c\u00f3 th\u1ec3 li\u00ean h\u1ec7 s\u1ed1 \u0111i\u1ec7n tho\u1ea1i Hotline tr\u00ean website ho\u1eb7c \u0111\u1ec3 l\u1ea1i l\u1eddi nh\u1eafn ph\u1ea7n b\u00ecnh lu\u1eadn \u0111\u1ed9i ng\u0169 t\u01b0 v\u1ea5n s\u1ebd li\u00ean h\u1ec7 b\u00e0 con trong th\u1eddi gian s\u1edbm nh\u1ea5t<\/p>\n<p><strong>Th\u00f4ng s\u1ed1 k\u1ef9 thu\u1eadt\u00a0<\/strong><\/p>\n<table border=\"1\" cellspacing=\"1\" cellpadding=\"1\">\n<tbody>\n<tr>\n<td colspan=\"1\" rowspan=\"3\">\u0110\u1ed9ng c\u01a1<\/td>\n<td>C\u00f4ng su\u1ea5t \u0111\u1ed9ng c\u01a1<\/td>\n<td>11kw<\/td>\n<\/tr>\n<tr>\n<td>Ngu\u1ed3n \u0111i\u1ec7n<\/td>\n<td>380V<\/td>\n<\/tr>\n<tr>\n<td>T\u1ed1c \u0111\u1ed9<\/td>\n<td>1450 v\/p<\/td>\n<\/tr>\n<tr>\n<td colspan=\"1\" rowspan=\"2\">B\u1ea3o h\u00e0nh<\/td>\n<td>K\u1ef9 thu\u1eadt<\/td>\n<td>12 th\u00e1ng<\/td>\n<\/tr>\n<tr>\n<td>\u0110\u1ed9ng c\u01a1<\/td>\n<td>Theo t\u1eebng h\u00e3ng s\u1ea3n xu\u1ea5t<\/td>\n<\/tr>\n<tr>\n<td>N\u0103ng su\u1ea5t<\/td>\n<td colspan=\"2\" rowspan=\"1\">\u00a0kg\/gi\u1edd<\/td>\n<\/tr>\n<tr>\n<td>K\u00edch th\u01b0\u1edbc (d*c*r)<\/td>\n<td colspan=\"2\" rowspan=\"1\">125*178*78 cm<\/td>\n<\/tr>\n<tr>\n<td>H\u00ecnh th\u1ee9c thanh to\u00e1n<\/td>\n<td colspan=\"2\" rowspan=\"1\">Ti\u1ec1n m\u1eb7t ho\u1eb7c chuy\u1ec3n kho\u1ea3n<\/td>\n<\/tr>\n<\/tbody>\n<\/table>\n<p>&nbsp;<\/p>\n","protected":false},"excerpt":{"rendered":"<ul>\n<li><strong>H\u00e3ng s\u1ea3n xu\u1ea5t:\u00a0<\/strong>B\u00ecnh Minh<\/li>\n<li><strong>Ch\u1ea5t li\u1ec7u<\/strong>: inox<\/li>\n<li><strong>C\u00f4ng su\u1ea5t \u0111\u1ed9ng c\u01a1:\u00a0<\/strong>11kw<\/li>\n<li><strong>T\u1ed1c \u0111\u1ed9:\u00a0<\/strong>1450 v\u00f2ng\/ph\u00fat<\/li>\n<li><strong>Ngu\u1ed3n \u0111i\u1ec7n:<\/strong>\u00a0380V<\/li>\n<li><strong>T\u00ednh n\u0103ng:<\/strong>\u00a0m\u00e1y nghi\u1ec1n c\u00e1c lo\u1ea1i n\u00f4ng ph\u1ea9m kh\u00f4; d\u01b0\u1ee3c li\u1ec7u th\u00e0nh b\u1ed9t cho n\u0103ng su\u1ea5t cao<\/li>\n<\/ul>\n","protected":false},"featured_media":11163,"comment_status":"open","ping_status":"closed","template":"","meta":[],"product_brand":[],"product_cat":[32],"product_tag":[],"class_list":{"0":"post-11162","1":"product","2":"type-product","3":"status-publish","4":"has-post-thumbnail","6":"product_cat-may-nghien","8":"first","9":"instock","10":"shipping-taxable","11":"product-type-simple"},"_links":{"self":[{"href":"https:\/\/congtybinhminh.com\/index.php?rest_route=\/wp\/v2\/product\/11162","targetHints":{"allow":["GET"]}}],"collection":[{"href":"https:\/\/congtybinhminh.com\/index.php?rest_route=\/wp\/v2\/product"}],"about":[{"href":"https:\/\/congtybinhminh.com\/index.php?rest_route=\/wp\/v2\/types\/product"}],"replies":[{"embeddable":true,"href":"https:\/\/congtybinhminh.com\/index.php?rest_route=%2Fwp%2Fv2%2Fcomments&post=11162"}],"wp:featuredmedia":[{"embeddable":true,"href":"https:\/\/congtybinhminh.com\/index.php?rest_route=\/wp\/v2\/media\/11163"}],"wp:attachment":[{"href":"https:\/\/congtybinhminh.com\/index.php?rest_route=%2Fwp%2Fv2%2Fmedia&parent=11162"}],"wp:term":[{"taxonomy":"product_brand","embeddable":true,"href":"https:\/\/congtybinhminh.com\/index.php?rest_route=%2Fwp%2Fv2%2Fproduct_brand&post=11162"},{"taxonomy":"product_cat","embeddable":true,"href":"https:\/\/congtybinhminh.com\/index.php?rest_route=%2Fwp%2Fv2%2Fproduct_cat&post=11162"},{"taxonomy":"product_tag","embeddable":true,"href":"https:\/\/congtybinhminh.com\/index.php?rest_route=%2Fwp%2Fv2%2Fproduct_tag&post=11162"}],"curies":[{"name":"wp","href":"https:\/\/api.w.org\/{rel}","templated":true}]}}