{"id":11080,"date":"2025-11-28T15:59:01","date_gmt":"2025-11-28T08:59:01","guid":{"rendered":"https:\/\/congtybinhminh.com\/?post_type=product&#038;p=11080"},"modified":"2025-11-29T07:27:36","modified_gmt":"2025-11-29T00:27:36","slug":"may-bam-rom-dua-1-pha-inox","status":"publish","type":"product","link":"https:\/\/congtybinhminh.com\/?product=may-bam-rom-dua-1-pha-inox","title":{"rendered":"M\u00e1y b\u0103m r\u01a1m d\u1eeba 1 pha inox"},"content":{"rendered":"<h2>Gi\u1edbi thi\u1ec7u m\u00e1y b\u0103m r\u01a1m d\u1eeba 1 pha inox<\/h2>\n<p>M\u00e1y b\u0103m r\u01a1m d\u1eeba 1 pha phi\u00ean b\u1ea3n cao c\u1ea5p l\u00e0m b\u1eb1ng inox do c\u00f4ng ty B\u00ecnh Minh s\u1ea3n xu\u1ea5t &#8211; gi\u1ea3i ph\u00e1p h\u1ed7 tr\u1ee3 x\u1eed l\u00fd b\u0103m nh\u1ecf c\u00e1c lo\u1ea1i ph\u1ee5 ph\u1ea9m n\u00f4ng nghi\u1ec7p<\/p>\n<p><img loading=\"lazy\" decoding=\"async\" class=\"aligncenter wp-image-11087 size-full\" src=\"https:\/\/congtybinhminh.com\/wp-content\/uploads\/2025\/11\/may-bam-rom-dua-1-pha-inox-cong-ty-binh-minh_result.webp\" alt=\"may-bam-rom-dua-1-pha-inox-cong-ty-binh-minh_result\" width=\"800\" height=\"1030\" srcset=\"https:\/\/congtybinhminh.com\/wp-content\/uploads\/2025\/11\/may-bam-rom-dua-1-pha-inox-cong-ty-binh-minh_result.webp 800w, https:\/\/congtybinhminh.com\/wp-content\/uploads\/2025\/11\/may-bam-rom-dua-1-pha-inox-cong-ty-binh-minh_result-311x400.webp 311w, https:\/\/congtybinhminh.com\/wp-content\/uploads\/2025\/11\/may-bam-rom-dua-1-pha-inox-cong-ty-binh-minh_result-621x800.webp 621w, https:\/\/congtybinhminh.com\/wp-content\/uploads\/2025\/11\/may-bam-rom-dua-1-pha-inox-cong-ty-binh-minh_result-768x989.webp 768w, https:\/\/congtybinhminh.com\/wp-content\/uploads\/2025\/11\/may-bam-rom-dua-1-pha-inox-cong-ty-binh-minh_result-510x657.webp 510w\" sizes=\"auto, (max-width: 800px) 100vw, 800px\" \/><\/p>\n<p>G\u00f3p ph\u1ea7n t\u00e1i s\u1eed d\u1ee5ng ngu\u1ed3n ph\u1ee5 ph\u1ea9m t\u1ea1o ra nh\u1eefng s\u1ea3n ph\u1ea9m c\u00f3 gi\u00e1 tr\u1ecb t\u0103ng thu nh\u1eadp<\/p>\n<h2>\u00a0C\u1ea5u t\u1ea1o m\u00e1y b\u0103m r\u01a1m d\u1eeba 1 pha inox<\/h2>\n<h3>Khung m\u00e1y ch\u1eafc ch\u1eafn<\/h3>\n<p>M\u00e1y b\u0103m r\u01a1m d\u1eeba 1 pha \u0111\u01b0\u1ee3c l\u00e0m b\u1eb1ng inox cao c\u1ea5p kh\u00f4ng g\u00e2y han g\u1ec9 &#8211; d\u1ec5 v\u1ec7 sinh gi\u1eef \u0111\u1ed9 b\u1ec1n s\u00e1ng b\u00f3ng trong su\u1ed1t qu\u00e1 tr\u00ecnh s\u1eed d\u1ee5ng<\/p>\n<p><img loading=\"lazy\" decoding=\"async\" class=\"aligncenter wp-image-11088 size-full\" src=\"https:\/\/congtybinhminh.com\/wp-content\/uploads\/2025\/11\/cau-tao-may-bam-rom-dua-1-pha-inox_result.webp\" alt=\"cau-tao-may-bam-rom-dua-1-pha-inox_result\" width=\"800\" height=\"812\" srcset=\"https:\/\/congtybinhminh.com\/wp-content\/uploads\/2025\/11\/cau-tao-may-bam-rom-dua-1-pha-inox_result.webp 800w, https:\/\/congtybinhminh.com\/wp-content\/uploads\/2025\/11\/cau-tao-may-bam-rom-dua-1-pha-inox_result-394x400.webp 394w, https:\/\/congtybinhminh.com\/wp-content\/uploads\/2025\/11\/cau-tao-may-bam-rom-dua-1-pha-inox_result-788x800.webp 788w, https:\/\/congtybinhminh.com\/wp-content\/uploads\/2025\/11\/cau-tao-may-bam-rom-dua-1-pha-inox_result-768x780.webp 768w, https:\/\/congtybinhminh.com\/wp-content\/uploads\/2025\/11\/cau-tao-may-bam-rom-dua-1-pha-inox_result-510x518.webp 510w\" sizes=\"auto, (max-width: 800px) 100vw, 800px\" \/><\/p>\n<p>Khung m\u00e1y nh\u1ecf g\u1ecdn kh\u00f4ng chi\u1ebfm nhi\u1ec1u di\u1ec7n t\u1ecbch, thi\u1ebft k\u1ebf tay \u0111\u1ea9y k\u1ebft h\u1ee3p b\u00e1nh xe thu\u1eadn ti\u1ec7n di chuy\u1ec3n v\u1ecb tr\u00ed \u0111\u1eb7t m\u00e1y<\/p>\n<h3>Toa n\u1ea1p v\u00e0 c\u1eeda x\u1ea3<\/h3>\n<p>Bu\u1ed3ng b\u0103m thi\u1ebft k\u1ebf d\u1ea1ng tr\u1ee5 d\u1ee9ng, n\u1ed3i li\u1ec1n toa n\u1ea1p d\u1ea1ng ph\u1ec5u tr\u00f2n<\/p>\n<p><img loading=\"lazy\" decoding=\"async\" class=\"aligncenter wp-image-11090 size-full\" src=\"https:\/\/congtybinhminh.com\/wp-content\/uploads\/2025\/11\/tay-day_result.webp\" alt=\"tay-day_result\" width=\"800\" height=\"450\" srcset=\"https:\/\/congtybinhminh.com\/wp-content\/uploads\/2025\/11\/tay-day_result.webp 800w, https:\/\/congtybinhminh.com\/wp-content\/uploads\/2025\/11\/tay-day_result-711x400.webp 711w, https:\/\/congtybinhminh.com\/wp-content\/uploads\/2025\/11\/tay-day_result-768x432.webp 768w, https:\/\/congtybinhminh.com\/wp-content\/uploads\/2025\/11\/tay-day_result-510x287.webp 510w\" sizes=\"auto, (max-width: 800px) 100vw, 800px\" \/><\/p>\n<p>\u0110\u01b0\u1eddng k\u00ednh toa n\u1ea1p r\u1ed9ng 19cm gi\u00fap b\u00e0 con d\u1ec5 d\u00e0ng \u0111\u01b0a nguy\u00ean li\u1ec7u v\u00e0o b\u0103m m\u00e0 kh\u00f4ng ph\u1ea3i b\u0103m nh\u1ecf tr\u01b0\u1edbc<\/p>\n<p>Xung quanh mi\u1ec7ng toa n\u1ea1p c\u00f3 t\u1ea5m ch\u1eafn gi\u00fap nguy\u00ean li\u1ec7u kh\u00f4ng b\u1ecb b\u1eafn ng\u01b0\u1ee3c ra ngo\u00e0i khi \u0111ang ch\u1ea1y m\u00e1y<\/p>\n<p><img loading=\"lazy\" decoding=\"async\" class=\"aligncenter wp-image-11091 size-full\" src=\"https:\/\/congtybinhminh.com\/wp-content\/uploads\/2025\/11\/cua-xa-may-bam-xo-dua-1-pha-inox.jpg\" alt=\"cua-xa-may-bam-xo-dua-1-pha-inox\" width=\"800\" height=\"450\" srcset=\"https:\/\/congtybinhminh.com\/wp-content\/uploads\/2025\/11\/cua-xa-may-bam-xo-dua-1-pha-inox.jpg 800w, https:\/\/congtybinhminh.com\/wp-content\/uploads\/2025\/11\/cua-xa-may-bam-xo-dua-1-pha-inox-711x400.jpg 711w, https:\/\/congtybinhminh.com\/wp-content\/uploads\/2025\/11\/cua-xa-may-bam-xo-dua-1-pha-inox-768x432.jpg 768w, https:\/\/congtybinhminh.com\/wp-content\/uploads\/2025\/11\/cua-xa-may-bam-xo-dua-1-pha-inox-510x287.jpg 510w\" sizes=\"auto, (max-width: 800px) 100vw, 800px\" \/><\/p>\n<p>Th\u00e0nh ph\u1ea9m sau khi b\u0103m \u0111\u01b0\u1ee3c \u0111\u01b0a ra ngo\u00e0i c\u1eeda x\u1ea3, tr\u01b0\u1edbc c\u1eeda x\u1ea3 c\u00f3 n\u1eafp ch\u1eafn thu\u1eadn ti\u1ec7n gi\u00fap ng\u01b0\u1eddi d\u00f9ng \u0111i\u1ec1u ch\u1ec9nh h\u01b0\u1edbng phun:<\/p>\n<ul>\n<li>H\u1ea1 n\u1eafp ch\u1eafn: n\u1ebfu mu\u1ed1n d\u1eeba phun g\u1ea7n<\/li>\n<li>N\u00e2ng n\u1eafp ch\u1eafn: n\u1ebfu mu\u1ed1n d\u1eeba phun xa<\/li>\n<\/ul>\n<h3>H\u1ec7 th\u1ed1ng bu\u1ed3ng dao b\u0103m<\/h3>\n<p>B\u00ean trong h\u1ec7 th\u1ed1ng bu\u1ed3ng l\u00e0m vi\u1ec7c g\u1ed3m dao b\u0103m &#8211; m\u1eb7t s\u00e0ng &#8211; c\u00e1nh xo\u1eafn &#8211; c\u00e1nh \u0111\u1ea9y<\/p>\n<p><img loading=\"lazy\" decoding=\"async\" class=\"aligncenter wp-image-11092 size-full\" src=\"https:\/\/congtybinhminh.com\/wp-content\/uploads\/2025\/11\/buong-bam-xo-dua_result.webp\" alt=\"buong-bam-xo-dua_result\" width=\"800\" height=\"450\" srcset=\"https:\/\/congtybinhminh.com\/wp-content\/uploads\/2025\/11\/buong-bam-xo-dua_result.webp 800w, https:\/\/congtybinhminh.com\/wp-content\/uploads\/2025\/11\/buong-bam-xo-dua_result-711x400.webp 711w, https:\/\/congtybinhminh.com\/wp-content\/uploads\/2025\/11\/buong-bam-xo-dua_result-768x432.webp 768w, https:\/\/congtybinhminh.com\/wp-content\/uploads\/2025\/11\/buong-bam-xo-dua_result-510x287.webp 510w\" sizes=\"auto, (max-width: 800px) 100vw, 800px\" \/><\/p>\n<p>C\u00e1nh xo\u1eafn: l\u00e0m nhi\u1ec7m v\u1ee5 gi\u1eef v\u00e0 \u0111\u01b0a nguy\u00ean li\u1ec7u xu\u1ed1ng bu\u1ed3ng b\u0103m t\u1eeb t\u1eeb tr\u00e1nh g\u00e2y n\u1eb7ng t\u1ea3i m\u00e1y<\/p>\n<p>H\u1ec7 th\u1ed1ng dao g\u1ed3m 2 l\u01b0\u1ee1i dao to b\u1ea3n \u0111\u01b0\u1ee3c r\u00e8n s\u1eafc b\u00e9n gi\u00fap m\u00e1y x\u1eed l\u00fd b\u0103m nh\u1ecf \u0111a d\u1ea1ng nguy\u00ean li\u1ec7u \u0111\u1ebfn khi \u0111\u1ea1t chu\u1ea9n s\u1ebd \u0111i qua l\u1ed7 s\u00e0ng<\/p>\n<p><img loading=\"lazy\" decoding=\"async\" class=\"aligncenter wp-image-11093 size-full\" src=\"https:\/\/congtybinhminh.com\/wp-content\/uploads\/2025\/11\/dao-bam-xo-dua_result.webp\" alt=\"dao-bam-xo-dua_result\" width=\"800\" height=\"1203\" srcset=\"https:\/\/congtybinhminh.com\/wp-content\/uploads\/2025\/11\/dao-bam-xo-dua_result.webp 800w, https:\/\/congtybinhminh.com\/wp-content\/uploads\/2025\/11\/dao-bam-xo-dua_result-266x400.webp 266w, https:\/\/congtybinhminh.com\/wp-content\/uploads\/2025\/11\/dao-bam-xo-dua_result-532x800.webp 532w, https:\/\/congtybinhminh.com\/wp-content\/uploads\/2025\/11\/dao-bam-xo-dua_result-768x1155.webp 768w, https:\/\/congtybinhminh.com\/wp-content\/uploads\/2025\/11\/dao-bam-xo-dua_result-510x767.webp 510w\" sizes=\"auto, (max-width: 800px) 100vw, 800px\" \/><\/p>\n<p>C\u00e1nh \u0111\u1ea9y: g\u1ed3m c\u00e1c thanh x\u1ebfp t\u1ea1o h\u00ecnh d\u1ea1ng c\u00e1nh qu\u1ea1t t\u1ea1o gi\u00f3 th\u1ed5i v\u00e0 l\u1ea5y \u0111i to\u00e0n b\u1ed9 th\u00e0nh ph\u1ea9m ra ngo\u00e0i c\u1eeda x\u1ea3<\/p>\n<p>M\u1eb7t s\u00e0ng m\u00e1y \u0111\u01b0\u1ee3c thi\u1ebft k\u1ebf 2 d\u1ea1ng: m\u1eb7t s\u00e0ng l\u1ed7 v\u00e0 m\u1eb7t s\u00e0ng l\u00f3n tu\u1ef3 v\u00e0o \u0111\u1eb7c t\u00ednh c\u1ee7a nguy\u00ean li\u1ec7u m\u00e0 ng\u01b0\u1eddi d\u00f9ng s\u1ebd l\u1ef1a ch\u1ecdn m\u1eb7t s\u00e0ng l\u1eafp trong m\u00e1y<\/p>\n<p><img loading=\"lazy\" decoding=\"async\" class=\"aligncenter wp-image-11094 size-full\" src=\"https:\/\/congtybinhminh.com\/wp-content\/uploads\/2025\/11\/mat-sang-may-xay-xo-dua_result.webp\" alt=\"mat-sang-may-xay-xo-dua_result\" width=\"800\" height=\"512\" srcset=\"https:\/\/congtybinhminh.com\/wp-content\/uploads\/2025\/11\/mat-sang-may-xay-xo-dua_result.webp 800w, https:\/\/congtybinhminh.com\/wp-content\/uploads\/2025\/11\/mat-sang-may-xay-xo-dua_result-625x400.webp 625w, https:\/\/congtybinhminh.com\/wp-content\/uploads\/2025\/11\/mat-sang-may-xay-xo-dua_result-768x492.webp 768w, https:\/\/congtybinhminh.com\/wp-content\/uploads\/2025\/11\/mat-sang-may-xay-xo-dua_result-510x326.webp 510w\" sizes=\"auto, (max-width: 800px) 100vw, 800px\" \/><\/p>\n<p>M\u00e1y b\u0103m r\u01a1m d\u1eeba 1 pha d\u00f9ng \u0111i\u1ec7n 220V cho th\u00e0nh th\u00e0nh ph\u1ea9m \u0111\u1ed3ng \u0111\u1ec1u, n\u0103ng su\u1ea5t v\u01b0\u1ee3t tr\u1ed9i so v\u1edbi ph\u01b0\u01a1ng ph\u00e1p th\u1ee7 c\u00f4ng<\/p>\n<p>L\u1ef1a ch\u1ecdn ho\u00e0n h\u1ea3o cho h\u1ed9 gia \u0111\u00ecnh &#8211; trang tr\u1ea1i nh\u1ecf &#8211; c\u01a1 s\u1edf tr\u1ed3ng tr\u1ecdt &#8211; n\u00f4ng nghi\u1ec7p h\u1eefu c\u01a1<\/p>\n<h2>\u0110\u1ecba ch\u1ec9 mua m\u00e1y b\u0103m r\u01a1m d\u1eeba 1 pha uy t\u00edn &#8211; ch\u00ednh h\u00e3ng<\/h2>\n<p>C\u00f4ng ty B\u00ecnh Minh &#8211; \u0111\u01a1n v\u1ecb tr\u1ef1c ti\u1ebfp s\u1ea3n xu\u1ea5t m\u00e1y b\u0103m x\u01a1 d\u1eeba t\u1ea1i H\u00e0 N\u1ed9i v\u1edbi h\u01a1n 35 n\u0103m kinh nghi\u1ec7m trong l\u0129nh v\u1ef1c c\u01a1 kh\u00ed \u0111\u1ed3ng h\u00e0nh c\u00f9ng b\u00e0 con tr\u00ean kh\u1eafp m\u1ecdi mi\u1ec1n T\u1ed5 Qu\u1ed1c<\/p>\n<p><img loading=\"lazy\" decoding=\"async\" class=\"aligncenter wp-image-9930 size-full\" src=\"https:\/\/congtybinhminh.com\/wp-content\/uploads\/2024\/08\/dia-chi-ban-may-bam-xo-dua-copy-2_result222.webp\" alt=\"dia-chi-ban-may-bam-xo-dua copy 2_result222\" width=\"800\" height=\"1152\" srcset=\"https:\/\/congtybinhminh.com\/wp-content\/uploads\/2024\/08\/dia-chi-ban-may-bam-xo-dua-copy-2_result222.webp 800w, https:\/\/congtybinhminh.com\/wp-content\/uploads\/2024\/08\/dia-chi-ban-may-bam-xo-dua-copy-2_result222-278x400.webp 278w, https:\/\/congtybinhminh.com\/wp-content\/uploads\/2024\/08\/dia-chi-ban-may-bam-xo-dua-copy-2_result222-556x800.webp 556w, https:\/\/congtybinhminh.com\/wp-content\/uploads\/2024\/08\/dia-chi-ban-may-bam-xo-dua-copy-2_result222-768x1106.webp 768w, https:\/\/congtybinhminh.com\/wp-content\/uploads\/2024\/08\/dia-chi-ban-may-bam-xo-dua-copy-2_result222-510x734.webp 510w\" sizes=\"auto, (max-width: 800px) 100vw, 800px\" \/><\/p>\n<p>\u0110\u1ec3 \u0111\u1eb7t mua m\u00e1y ch\u00ednh h\u00e3ng v\u00e0 bi\u1ebft th\u00eam th\u00f4mg tin chi ti\u1ebft b\u00e0 con c\u00f3 th\u1ec3 t\u00ecm hi\u1ec3u v\u1edbi 3 c\u00e1ch sau:<\/p>\n<ul>\n<li>Truy c\u1eadp website: <strong><a href=\"https:\/\/congtybinhminh.com\/\">congtybinhminh.com<\/a><\/strong><\/li>\n<li>Truy c\u1eadp youtube:<strong><a href=\"https:\/\/www.youtube.com\/@congtybinhminh\"> c\u00f4ng ty B\u00ecnh Minh<\/a><\/strong><\/li>\n<li>\u0110\u1ebfn tr\u1ef1c ti\u1ebfp tr\u1ee5 s\u1edf g\u1ea7n nh\u1ea5t c\u1ee7a c\u00f4ng ty t\u1ea1i H\u00e0 N\u1ed9i<\/li>\n<\/ul>\n<p>\u0110\u1ed1i v\u1edbi b\u00e0 con \u1edf xa, c\u00f3 th\u1ec3 li\u00ean h\u1ec7 s\u1ed1 \u0111i\u1ec7n tho\u1ea1i Hotline tr\u00ean website ho\u1eb7c \u0111\u1ec3 l\u1ea1i l\u1eddi nh\u1eafn ph\u1ea7n b\u00ecnh lu\u1eadn \u0111\u1ed9i ng\u0169 t\u01b0 v\u1ea5n s\u1ebd li\u00ean h\u1ec7 b\u00e0 con trong th\u1eddi gian s\u1edbm nh\u1ea5t<\/p>\n","protected":false},"excerpt":{"rendered":"<ul>\n<li><strong>H\u00e3ng s\u1ea3n xu\u1ea5t:<\/strong> B\u00ecnh Minh<\/li>\n<li><strong>\u0110\u1ed9ng c\u01a1:\u00a0<\/strong>3.5kw<\/li>\n<li><strong>Ngu\u1ed3n \u0111i\u1ec7n:\u00a0<\/strong>220V<\/li>\n<li><strong>T\u00ednh n\u0103ng;\u00a0<\/strong>thi\u1ebft b\u1ecb h\u1ed7 tr\u1ee3 b\u0103m nh\u1ecf c\u00e1c lo\u1ea1i ph\u1ee5 ph\u1ea9m n\u00f4ng nghi\u1ec7p g\u00f3p ph\u1ea7n t\u00e1i ch\u1ebf t\u1ea1o ra nh\u1eefng s\u1ea3n ph\u1ea9m c\u00f3 gi\u00e1 tr\u1ecb<\/li>\n<\/ul>\n","protected":false},"featured_media":11081,"comment_status":"open","ping_status":"closed","template":"","meta":[],"product_brand":[],"product_cat":[197],"product_tag":[],"class_list":{"0":"post-11080","1":"product","2":"type-product","3":"status-publish","4":"has-post-thumbnail","6":"product_cat-may-bam-xo-dua-2","8":"first","9":"instock","10":"shipping-taxable","11":"product-type-simple"},"_links":{"self":[{"href":"https:\/\/congtybinhminh.com\/index.php?rest_route=\/wp\/v2\/product\/11080","targetHints":{"allow":["GET"]}}],"collection":[{"href":"https:\/\/congtybinhminh.com\/index.php?rest_route=\/wp\/v2\/product"}],"about":[{"href":"https:\/\/congtybinhminh.com\/index.php?rest_route=\/wp\/v2\/types\/product"}],"replies":[{"embeddable":true,"href":"https:\/\/congtybinhminh.com\/index.php?rest_route=%2Fwp%2Fv2%2Fcomments&post=11080"}],"wp:featuredmedia":[{"embeddable":true,"href":"https:\/\/congtybinhminh.com\/index.php?rest_route=\/wp\/v2\/media\/11081"}],"wp:attachment":[{"href":"https:\/\/congtybinhminh.com\/index.php?rest_route=%2Fwp%2Fv2%2Fmedia&parent=11080"}],"wp:term":[{"taxonomy":"product_brand","embeddable":true,"href":"https:\/\/congtybinhminh.com\/index.php?rest_route=%2Fwp%2Fv2%2Fproduct_brand&post=11080"},{"taxonomy":"product_cat","embeddable":true,"href":"https:\/\/congtybinhminh.com\/index.php?rest_route=%2Fwp%2Fv2%2Fproduct_cat&post=11080"},{"taxonomy":"product_tag","embeddable":true,"href":"https:\/\/congtybinhminh.com\/index.php?rest_route=%2Fwp%2Fv2%2Fproduct_tag&post=11080"}],"curies":[{"name":"wp","href":"https:\/\/api.w.org\/{rel}","templated":true}]}}