{"id":11060,"date":"2025-11-18T16:32:10","date_gmt":"2025-11-18T09:32:10","guid":{"rendered":"https:\/\/congtybinhminh.com\/?post_type=product&#038;p=11060"},"modified":"2025-11-18T16:32:12","modified_gmt":"2025-11-18T09:32:12","slug":"may-nghien-thuc-an-chan-nuoi-b50-buong-thang","status":"publish","type":"product","link":"https:\/\/congtybinhminh.com\/?product=may-nghien-thuc-an-chan-nuoi-b50-buong-thang","title":{"rendered":"M\u00e1y nghi\u1ec1n th\u1ee9c \u0103n ch\u0103n nu\u00f4i B50 bu\u00f4ng th\u1eb3ng"},"content":{"rendered":"<h2>Gi\u1edbi thi\u1ec7u m\u00e1y nghi\u1ec1n th\u1ee9c \u0103n ch\u0103n nu\u00f4i B50 bu\u00f4ng th\u1eb3ng<\/h2>\n<p>M\u00e1y nghi\u1ec1n th\u1ee9c \u0103n ch\u0103n nu\u00f4i B50 bu\u00f4ng th\u1eb3ng do c\u00f4ng ty B\u00ecnh Minh s\u1ea3n xu\u1ea5t &#8211; gi\u1ea3i ph\u00e1p gi\u00fap b\u00e0 con t\u1ef1 nghi\u1ec1n c\u00e1m ngay t\u1ea1i nh\u00e0 thay v\u00ec ph\u1ee5 thu\u1ed9c mua c\u00e1m ngo\u00e0i v\u1edbi gi\u00e1 cao<\/p>\n<p><img loading=\"lazy\" decoding=\"async\" class=\"aligncenter wp-image-11068 size-full\" src=\"https:\/\/congtybinhminh.com\/wp-content\/uploads\/2025\/11\/may-nghien-thuc-an-chan-nuoi-b50-buong-thang-binh-minh_result.webp\" alt=\"may-nghien-thuc-an-chan-nuoi-b50-buong-thang-binh-minh_result\" width=\"800\" height=\"1039\" srcset=\"https:\/\/congtybinhminh.com\/wp-content\/uploads\/2025\/11\/may-nghien-thuc-an-chan-nuoi-b50-buong-thang-binh-minh_result.webp 800w, https:\/\/congtybinhminh.com\/wp-content\/uploads\/2025\/11\/may-nghien-thuc-an-chan-nuoi-b50-buong-thang-binh-minh_result-308x400.webp 308w, https:\/\/congtybinhminh.com\/wp-content\/uploads\/2025\/11\/may-nghien-thuc-an-chan-nuoi-b50-buong-thang-binh-minh_result-616x800.webp 616w, https:\/\/congtybinhminh.com\/wp-content\/uploads\/2025\/11\/may-nghien-thuc-an-chan-nuoi-b50-buong-thang-binh-minh_result-768x997.webp 768w, https:\/\/congtybinhminh.com\/wp-content\/uploads\/2025\/11\/may-nghien-thuc-an-chan-nuoi-b50-buong-thang-binh-minh_result-510x662.webp 510w\" sizes=\"auto, (max-width: 800px) 100vw, 800px\" \/><\/p>\n<p>S\u1ea3n ph\u1ea9m kh\u00f4ng ch\u1ec9 \u0111\u00e1p \u1ee9ng nhu c\u1ea7u nghi\u1ec1n b\u1ed9t c\u00e1m nhanh ch\u00f3ng v\u00e0 hi\u1ec7u qu\u1ea3, m\u00e0 c\u00f2n mang l\u1ea1i nhi\u1ec1u ti\u1ec7n \u00edch:<\/p>\n<ul>\n<li>X\u1eed l\u00fd nghi\u1ec1n c\u00e1c lo\u1ea1i nguy\u00ean li\u1ec7u kh\u00f4 th\u00e0nh d\u1ea1ng b\u1ed9t l\u00e0m th\u1ee9c \u0103n ch\u0103n nu\u00f4i<\/li>\n<li>Nghi\u1ec1n c\u00e1c lo\u1ea1i ph\u1ee5 ph\u1ea9m kh\u00e1c l\u00e0m ph\u00e2n vi sinh<\/li>\n<li>T\u1ef1 \u0111\u1ed9ng ho\u00e1 quy tr\u00ecnh s\u1ea3n xu\u1ea5t &#8211; ti\u1ebft ki\u1ec7m th\u1eddi gian lao \u0111\u1ed9ng<\/li>\n<\/ul>\n<h2>C\u1ea5u t\u1ea1o m\u00e1y nghi\u1ec1n TACN B50 bu\u00f4ng th\u1eb3ng<\/h2>\n<h3>Khung m\u00e1y ch\u1eafc ch\u1eafn<\/h3>\n<p>Thu\u1ed9c d\u00f2ng m\u00e1y c\u00f4ng nghi\u1ec7p v\u1edbi k\u1ebft c\u1ea5u m\u00e1y \u0111\u01b0\u1ee3c h\u00e0n g\u1eafn ch\u1eafc ch\u1eafn kh\u00f4ng g\u00e2y rung l\u1eafc trong qu\u00e1 tr\u00ecnh nghi\u1ec1n<\/p>\n<p><img loading=\"lazy\" decoding=\"async\" class=\"aligncenter wp-image-11069 size-full\" src=\"https:\/\/congtybinhminh.com\/wp-content\/uploads\/2025\/11\/cau-tao-may-nghien-thuc-an-chan-nuoi-b50-buong-thang_result-1.webp\" alt=\"cau-tao-may-nghien-thuc-an-chan-nuoi-b50-buong-thang_result\" width=\"800\" height=\"600\" srcset=\"https:\/\/congtybinhminh.com\/wp-content\/uploads\/2025\/11\/cau-tao-may-nghien-thuc-an-chan-nuoi-b50-buong-thang_result-1.webp 800w, https:\/\/congtybinhminh.com\/wp-content\/uploads\/2025\/11\/cau-tao-may-nghien-thuc-an-chan-nuoi-b50-buong-thang_result-1-533x400.webp 533w, https:\/\/congtybinhminh.com\/wp-content\/uploads\/2025\/11\/cau-tao-may-nghien-thuc-an-chan-nuoi-b50-buong-thang_result-1-768x576.webp 768w, https:\/\/congtybinhminh.com\/wp-content\/uploads\/2025\/11\/cau-tao-may-nghien-thuc-an-chan-nuoi-b50-buong-thang_result-1-510x383.webp 510w\" sizes=\"auto, (max-width: 800px) 100vw, 800px\" \/><\/p>\n<p>Toa n\u1ea1p thi\u1ebft k\u1ebf n\u1eb1m ngang v\u1edbi khoang ch\u1ee9a r\u1ed9ng cho ph\u00e9p n\u1ea1p s\u1ed1 l\u01b0\u1ee3ng l\u1edbn nguy\u00ean li\u1ec7u, ph\u00f9 h\u1ee3p cho c\u00e1c x\u01b0\u1edfng s\u1ea3n xu\u1ea5t hay c\u00e1c trang tr\u1ea1i quy m\u00f4 l\u1edbn<\/p>\n<p><img loading=\"lazy\" decoding=\"async\" class=\"aligncenter wp-image-11072 size-full\" src=\"https:\/\/congtybinhminh.com\/wp-content\/uploads\/2025\/11\/may-nghien-cam_result.webp\" alt=\"may-nghien-cam_result\" width=\"800\" height=\"527\" srcset=\"https:\/\/congtybinhminh.com\/wp-content\/uploads\/2025\/11\/may-nghien-cam_result.webp 800w, https:\/\/congtybinhminh.com\/wp-content\/uploads\/2025\/11\/may-nghien-cam_result-607x400.webp 607w, https:\/\/congtybinhminh.com\/wp-content\/uploads\/2025\/11\/may-nghien-cam_result-768x506.webp 768w, https:\/\/congtybinhminh.com\/wp-content\/uploads\/2025\/11\/may-nghien-cam_result-510x336.webp 510w\" sizes=\"auto, (max-width: 800px) 100vw, 800px\" \/><\/p>\n<p>Ph\u00eda tr\u01b0\u1edbc toa n\u1ea1p \u0111\u01b0\u1ee3c trang b\u1ecb thanh ch\u1eafn an to\u00e0n, c\u00f3 nhi\u1ec7m v\u1ee5:<\/p>\n<ul>\n<li>Ki\u1ec3m so\u00e1t k\u00edch th\u01b0\u1edbc v\u00e0 ch\u1ea5t l\u01b0\u1ee3ng \u0111\u1ea7u v\u00e0o<\/li>\n<li>Ng\u0103n v\u1eadt c\u1ee9ng l\u1ecdt v\u00e0 g\u00e2y k\u1eb9t bu\u1ed3ng nghi\u1ec1n<\/li>\n<li>H\u1ea1n ch\u1ebf t\u00ecnh tr\u1ea1ng n\u1ea1p qu\u00e1 nhi\u1ec1u l\u00e0m qu\u00e1 t\u1ea3i \u0111\u1ed9ng c\u01a1<\/li>\n<\/ul>\n<h3>H\u1ec7 th\u1ed1ng bu\u1ed3ng l\u00e0m vi\u1ec7c<\/h3>\n<p>Bu\u1ed3ng nghi\u1ec1n r\u1ed9ng v\u1edbi 60 b\u00faa \u0111\u1eadp \u0111\u01b0\u1ee3c r\u00e8n c\u1ee9ng v\u00e0 \u0111\u01b0\u1ee3c b\u1ed1 tr\u00ed \u0111\u1ec1u quanh tr\u1ee5c quay<\/p>\n<p><img loading=\"lazy\" decoding=\"async\" class=\"aligncenter wp-image-11070 size-full\" src=\"https:\/\/congtybinhminh.com\/wp-content\/uploads\/2025\/11\/may-nghien-bua_result.webp\" alt=\"may-nghien-bua_result\" width=\"800\" height=\"1272\" srcset=\"https:\/\/congtybinhminh.com\/wp-content\/uploads\/2025\/11\/may-nghien-bua_result.webp 800w, https:\/\/congtybinhminh.com\/wp-content\/uploads\/2025\/11\/may-nghien-bua_result-252x400.webp 252w, https:\/\/congtybinhminh.com\/wp-content\/uploads\/2025\/11\/may-nghien-bua_result-503x800.webp 503w, https:\/\/congtybinhminh.com\/wp-content\/uploads\/2025\/11\/may-nghien-bua_result-768x1221.webp 768w, https:\/\/congtybinhminh.com\/wp-content\/uploads\/2025\/11\/may-nghien-bua_result-510x811.webp 510w\" sizes=\"auto, (max-width: 800px) 100vw, 800px\" \/><\/p>\n<p>Khi v\u1eadn h\u00e0nh, c\u00e1c thanh b\u00faa t\u1ea1o ra l\u1ef1c va \u0111\u1eadp m\u1ea1nh l\u00e0m v\u1ee1 v\u00e0 nghi\u1ec1n nguy\u00ean li\u1ec7u th\u00f4 v\u1edbi m\u1eb7t s\u00e0ng. Cho ra th\u00e0nh ph\u1ea9m \u0111\u1ed3ng \u0111\u1ec1u, t\u1ed1i \u01b0u qu\u00e1 tr\u00ecnh s\u1ea3n xu\u1ea5t th\u1ee9c \u0103n ch\u0103n nu\u00f4i<\/p>\n<h3>C\u1eeda x\u1ea3 bu\u00f4ng th\u1eb3ng<\/h3>\n<p>C\u1eeda x\u1ea3 \u0111\u01b0\u1ee3c \u0111\u1eb7t ngay d\u01b0\u01a1ci bu\u1ed3ng nghi\u1ec1n cho ph\u00e9p;<\/p>\n<p><img loading=\"lazy\" decoding=\"async\" class=\"aligncenter wp-image-11073 size-full\" src=\"https:\/\/congtybinhminh.com\/wp-content\/uploads\/2025\/11\/may-nghien-3-pha_result.webp\" alt=\"may-nghien-3-pha_result\" width=\"800\" height=\"527\" srcset=\"https:\/\/congtybinhminh.com\/wp-content\/uploads\/2025\/11\/may-nghien-3-pha_result.webp 800w, https:\/\/congtybinhminh.com\/wp-content\/uploads\/2025\/11\/may-nghien-3-pha_result-607x400.webp 607w, https:\/\/congtybinhminh.com\/wp-content\/uploads\/2025\/11\/may-nghien-3-pha_result-768x506.webp 768w, https:\/\/congtybinhminh.com\/wp-content\/uploads\/2025\/11\/may-nghien-3-pha_result-510x336.webp 510w\" sizes=\"auto, (max-width: 800px) 100vw, 800px\" \/><\/p>\n<ul>\n<li>Nguy\u00ean li\u1ec7u tho\u00e1t nhanh<\/li>\n<li>Kh\u00f4ng b\u1ecb n\u00e9n ho\u1eb7c t\u1eafc trong qu\u00e1 tr\u00ecnh v\u1eadn h\u00e0nh<\/li>\n<li>D\u1ec5 thu gom th\u00e0nh ph\u1ea9m th\u1eb3ng xu\u1ed1ng<\/li>\n<\/ul>\n<h3>\u0110\u1ed9ng c\u01a1 45kw &#8211; motor l\u00f5i d\u00e2y \u0111\u1ed3ng 100%<\/h3>\n<p>M\u00e1y nghi\u1ec1n 3 pha c\u00f4ng su\u1ea5t 45kw motor l\u00f5i d\u00e2y \u0111\u1ed3ng 100% h\u1ec7 th\u1ed1ng truy\u1ec1n chuy\u1ec3n \u0111\u1ed9ng qua d\u00e2y curoa gi\u1ea3m t\u1ea3i tr\u1ef1c ti\u1ebfp l\u00ean motor, g\u00f3p ph\u1ea7n t\u0103ng tu\u1ed5i th\u1ecd \u0111\u1ed9ng c\u01a1 cho n\u0103ng su\u1ea5t cao<\/p>\n<p><img loading=\"lazy\" decoding=\"async\" class=\"aligncenter wp-image-11071 size-full\" src=\"https:\/\/congtybinhminh.com\/wp-content\/uploads\/2025\/11\/dong-co-may-nghien_result.webp\" alt=\"dong-co-may-nghien_result\" width=\"800\" height=\"450\" srcset=\"https:\/\/congtybinhminh.com\/wp-content\/uploads\/2025\/11\/dong-co-may-nghien_result.webp 800w, https:\/\/congtybinhminh.com\/wp-content\/uploads\/2025\/11\/dong-co-may-nghien_result-711x400.webp 711w, https:\/\/congtybinhminh.com\/wp-content\/uploads\/2025\/11\/dong-co-may-nghien_result-768x432.webp 768w, https:\/\/congtybinhminh.com\/wp-content\/uploads\/2025\/11\/dong-co-may-nghien_result-510x287.webp 510w\" sizes=\"auto, (max-width: 800px) 100vw, 800px\" \/><\/p>\n<p>Th\u00edch h\u1ee3p s\u1eed d\u1ee5ng t\u1ea1i c\u00e1c nh\u00e0 x\u01b0\u1edfng ch\u1ebf bi\u1ebfn th\u1ee9c \u0103n ch\u0103n nu\u00f4i, c\u01a1 s\u1edf nghi\u1ec1n d\u1ecbch v\u1ee5 hay c\u00e1c trang tr\u1ea1i quy m\u00f4 l\u1edbn<\/p>\n<p>Ngo\u00e0i ra, c\u00f4ng ty c\u00f2n s\u1ea3n xu\u1ea5t m\u00e1y nghi\u1ec1n phi\u00ean b\u1ea3n d\u00f9ng b\u1ea7u gi\u00f3 thu gom th\u00e0nh ph\u1ea9m, \u0111\u00e1p \u1ee9ng \u0111a d\u1ea1ng nhu c\u1ea7u ng\u01b0\u1eddi d\u00f9ng<\/p>\n<h2>\u0110\u1ecba ch\u1ec9 mua m\u00e1y nghi\u1ec1n c\u00f4ng nghi\u1ec7p ch\u00ednh h\u00e3ng &#8211; gi\u00e1 g\u1ed1c t\u1ea1i x\u01b0\u1edfng<\/h2>\n<p>L\u00e0 \u0111\u01a1n v\u1ecb tr\u1ef1c ti\u1ebfp s\u1ea3n xu\u1ea5t m\u00e1y nghi\u1ec1n t\u1ea1i H\u00e0 N\u1ed9i v\u1edbi h\u01a1n 35 n\u0103m kinh nghi\u1ec7m trong l\u0129nh v\u1ef1c c\u01a1 kh\u00ed, \u0111\u1ed3ng h\u00e0nh c\u00f9ng b\u00e0 con tr\u00ean kh\u1eafp m\u1ecdi mi\u1ec1n T\u1ed5 Qu\u1ed1c<\/p>\n<p>\u0110\u1ec3 \u0111\u1eb7t mua m\u00e1y v\u00e0 bi\u1ebft th\u00eam th\u00f4ng tin chi ti\u1ebft b\u00e0 con c\u00f3 th\u1ec3 bi\u1ebft th\u00eam th\u00f4ng tin v\u1edbi 3 c\u00e1ch sau:<\/p>\n<ul>\n<li>Truy c\u1eadp website: <a href=\"https:\/\/congtybinhminh.com\/\">congtybinhminh.com<\/a><\/li>\n<li>Truy c\u1eadp youtube: <strong><a href=\"https:\/\/www.youtube.com\/@congtybinhminh\">c\u00f4ng ty B\u00ecnh Minh<\/a><\/strong><\/li>\n<li>\u0110\u1ebfn tr\u1ef1c ti\u1ebfp tr\u1ee5 s\u1edf g\u1ea7n nh\u1ea5t c\u1ee7a c\u00f4ng ty t\u1ea1i H\u00e0 N\u1ed9i<\/li>\n<\/ul>\n<p><img loading=\"lazy\" decoding=\"async\" class=\"aligncenter wp-image-9561 size-full\" src=\"https:\/\/congtybinhminh.com\/wp-content\/uploads\/2024\/04\/dia-chi-ban-may-nghien-copy-2_result222.webp\" alt=\"dia-chi-ban-may-nghien copy 2_result222\" width=\"800\" height=\"961\" srcset=\"https:\/\/congtybinhminh.com\/wp-content\/uploads\/2024\/04\/dia-chi-ban-may-nghien-copy-2_result222.webp 800w, https:\/\/congtybinhminh.com\/wp-content\/uploads\/2024\/04\/dia-chi-ban-may-nghien-copy-2_result222-333x400.webp 333w, https:\/\/congtybinhminh.com\/wp-content\/uploads\/2024\/04\/dia-chi-ban-may-nghien-copy-2_result222-666x800.webp 666w, https:\/\/congtybinhminh.com\/wp-content\/uploads\/2024\/04\/dia-chi-ban-may-nghien-copy-2_result222-768x923.webp 768w, https:\/\/congtybinhminh.com\/wp-content\/uploads\/2024\/04\/dia-chi-ban-may-nghien-copy-2_result222-510x613.webp 510w\" sizes=\"auto, (max-width: 800px) 100vw, 800px\" \/><\/p>\n<p>Khi \u0111\u1ebfn tr\u1ef1c ti\u1ebfp t\u1ea1i x\u01b0\u1edfng mua h\u00e0ng, b\u00e0 con s\u1ebd \u0111\u01b0\u1ee3c th\u1eed nghi\u1ec7m v\u1eadn h\u00e0nh m\u00e1y d\u01b0\u1edbi s\u1ef1 h\u01b0\u1edbng d\u1eabn c\u1ee7a \u0111\u1ed9i ng\u0169 k\u1ef9 thu\u1eadt<\/p>\n<p>\u0110\u1ed1i v\u1edbi b\u00e0 con \u1edf xa, c\u00f3 th\u1ec3 li\u00ean h\u1ec7 s\u1ed1 \u0111i\u1ec7n tho\u1ea1i Hotline tr\u00ean website ho\u1eb7c \u0111\u1ec3 l\u1ea1i l\u1eddi nh\u1eafn ph\u1ea7n b\u00ecnh lu\u1eadn \u0111\u1ed9i ng\u0169 t\u01b0 v\u1ea5n s\u1ebd li\u00ean h\u1ec7 b\u00e0 con trong th\u1eddi gian s\u1edbm nh\u1ea5t<\/p>\n<p>&nbsp;<\/p>\n","protected":false},"excerpt":{"rendered":"<ul>\n<li><strong>H\u00e3ng s\u1ea3n xu\u1ea5t:<\/strong> B\u00ecnh Minh<\/li>\n<li><strong>C\u00f4ng su\u1ea5t \u0111\u1ed9ng c\u01a1:<\/strong>\u00a045kw<\/li>\n<li><strong>Ngu\u1ed3n \u0111i\u1ec7n:<\/strong>\u00a0380V<\/li>\n<li><strong>T\u1ed1c \u0111\u1ed9:<\/strong>\u00a01450 v\u00f2ng\/ph\u00fat<\/li>\n<li><strong>K\u00edch th\u01b0\u1edbc (d*c*r):<\/strong>\u00a0160*235*105 cm<\/li>\n<li><strong>T\u00ednh n\u0103ng;<\/strong>\u00a0m\u00e1y nghi\u1ec1n c\u00e1c lo\u1ea1i n\u00f4ng ph\u1ea9m kh\u00f4 th\u00e0nh b\u1ed9t s\u1ed1 l\u01b0\u1ee3ng l\u1edbn \u1ee9ng d\u1ee5ng t\u1ea1i c\u00e1c h\u1ed9 gia \u0111\u00ecnh, c\u01a1 s\u1edf s\u1ea3n xu\u1ea5t<\/li>\n<\/ul>\n","protected":false},"featured_media":11061,"comment_status":"open","ping_status":"closed","template":"","meta":[],"product_brand":[],"product_cat":[32],"product_tag":[],"class_list":{"0":"post-11060","1":"product","2":"type-product","3":"status-publish","4":"has-post-thumbnail","6":"product_cat-may-nghien","8":"first","9":"instock","10":"shipping-taxable","11":"product-type-simple"},"_links":{"self":[{"href":"https:\/\/congtybinhminh.com\/index.php?rest_route=\/wp\/v2\/product\/11060","targetHints":{"allow":["GET"]}}],"collection":[{"href":"https:\/\/congtybinhminh.com\/index.php?rest_route=\/wp\/v2\/product"}],"about":[{"href":"https:\/\/congtybinhminh.com\/index.php?rest_route=\/wp\/v2\/types\/product"}],"replies":[{"embeddable":true,"href":"https:\/\/congtybinhminh.com\/index.php?rest_route=%2Fwp%2Fv2%2Fcomments&post=11060"}],"wp:featuredmedia":[{"embeddable":true,"href":"https:\/\/congtybinhminh.com\/index.php?rest_route=\/wp\/v2\/media\/11061"}],"wp:attachment":[{"href":"https:\/\/congtybinhminh.com\/index.php?rest_route=%2Fwp%2Fv2%2Fmedia&parent=11060"}],"wp:term":[{"taxonomy":"product_brand","embeddable":true,"href":"https:\/\/congtybinhminh.com\/index.php?rest_route=%2Fwp%2Fv2%2Fproduct_brand&post=11060"},{"taxonomy":"product_cat","embeddable":true,"href":"https:\/\/congtybinhminh.com\/index.php?rest_route=%2Fwp%2Fv2%2Fproduct_cat&post=11060"},{"taxonomy":"product_tag","embeddable":true,"href":"https:\/\/congtybinhminh.com\/index.php?rest_route=%2Fwp%2Fv2%2Fproduct_tag&post=11060"}],"curies":[{"name":"wp","href":"https:\/\/api.w.org\/{rel}","templated":true}]}}