{"id":11029,"date":"2025-11-04T13:49:21","date_gmt":"2025-11-04T06:49:21","guid":{"rendered":"https:\/\/congtybinhminh.com\/?post_type=product&#038;p=11029"},"modified":"2025-11-04T13:50:12","modified_gmt":"2025-11-04T06:50:12","slug":"may-say-da-nang-inox","status":"publish","type":"product","link":"https:\/\/congtybinhminh.com\/?product=may-say-da-nang-inox","title":{"rendered":"M\u00e1y s\u1ea5y \u0111a n\u0103ng inox"},"content":{"rendered":"<h2>Gi\u1edbi thi\u1ec7u m\u00e1y s\u1ea5y \u0111a n\u0103ng inox<\/h2>\n<p>M\u00e1y s\u1ea5y \u0111a n\u0103ng inox do c\u00f4ng ty B\u00ecnh Minh s\u1ea3n xu\u1ea5t &#8211; thu\u1ed9c d\u00f2ng m\u00e1y th\u1ef1c ph\u1ea9m do c\u00f4ng ty B\u00ecnh Minh s\u1ea3n xu\u1ea5t &#8211; \u0111\u01a1n v\u1ecb s\u1ea3n xu\u1ea5t m\u00e1y n\u00f4ng nghi\u1ec7p s\u1ed1 1 Vi\u1ec7t Nam v\u1edbi h\u01a1n 35 n\u0103m kinh nghi\u1ec7m trong l\u0129nh v\u1ef1c c\u01a1 kh\u00ed<\/p>\n<p><img loading=\"lazy\" decoding=\"async\" class=\"aligncenter wp-image-11030 size-full\" src=\"https:\/\/congtybinhminh.com\/wp-content\/uploads\/2025\/11\/may-say-da-nang-inox-binh-minh_result.webp\" alt=\"may-say-da-nang-inox-binh-minh_result\" width=\"800\" height=\"1036\" srcset=\"https:\/\/congtybinhminh.com\/wp-content\/uploads\/2025\/11\/may-say-da-nang-inox-binh-minh_result.webp 800w, https:\/\/congtybinhminh.com\/wp-content\/uploads\/2025\/11\/may-say-da-nang-inox-binh-minh_result-309x400.webp 309w, https:\/\/congtybinhminh.com\/wp-content\/uploads\/2025\/11\/may-say-da-nang-inox-binh-minh_result-618x800.webp 618w, https:\/\/congtybinhminh.com\/wp-content\/uploads\/2025\/11\/may-say-da-nang-inox-binh-minh_result-768x995.webp 768w, https:\/\/congtybinhminh.com\/wp-content\/uploads\/2025\/11\/may-say-da-nang-inox-binh-minh_result-510x660.webp 510w\" sizes=\"auto, (max-width: 800px) 100vw, 800px\" \/><\/p>\n<p>Thi\u1ebft b\u1ecb s\u1ea5y v\u1edbi 10 t\u1ea7ng khay s\u1ea5y, mang \u0111\u1ebfn cho b\u1ea1n nh\u1eefng s\u1ea3n ph\u1ea9m ch\u1ea5t l\u01b0\u1ee3ng:<\/p>\n<p><img loading=\"lazy\" decoding=\"async\" class=\"aligncenter wp-image-11043 size-full\" src=\"https:\/\/congtybinhminh.com\/wp-content\/uploads\/2025\/11\/may-say-thuc-pham-da-nang_result.webp\" alt=\"may-say-thuc-pham-da-nang_result\" width=\"800\" height=\"893\" srcset=\"https:\/\/congtybinhminh.com\/wp-content\/uploads\/2025\/11\/may-say-thuc-pham-da-nang_result.webp 800w, https:\/\/congtybinhminh.com\/wp-content\/uploads\/2025\/11\/may-say-thuc-pham-da-nang_result-358x400.webp 358w, https:\/\/congtybinhminh.com\/wp-content\/uploads\/2025\/11\/may-say-thuc-pham-da-nang_result-717x800.webp 717w, https:\/\/congtybinhminh.com\/wp-content\/uploads\/2025\/11\/may-say-thuc-pham-da-nang_result-768x857.webp 768w, https:\/\/congtybinhminh.com\/wp-content\/uploads\/2025\/11\/may-say-thuc-pham-da-nang_result-510x569.webp 510w\" sizes=\"auto, (max-width: 800px) 100vw, 800px\" \/><\/p>\n<ul>\n<li>M\u00e1y s\u1ea5y \u0111a d\u1ea1ng nguy\u00ean li\u1ec7u t\u1eeb c\u00e1c lo\u1ea1i rau c\u1ee7 qu\u1ea3, th\u1ecbt c\u00e1, d\u01b0\u1ee3c li\u1ec7u..<\/li>\n<li>Di\u1ec7n t\u00edch khay s\u1ea5y r\u1ed9ng v\u1edbi s\u1ee9c ch\u1ee9a 80 &#8211; 100 kg\/m\u1ebb<\/li>\n<li>Ch\u1ee7 \u0111\u1ed9ng ch\u1ebf bi\u1ebfn th\u1ef1c ph\u1ea9m ch\u1eb1ng c\u1ea7n &#8221;tr\u00f4ng n\u1eafng &#8211; canh m\u01b0a&#8221;<\/li>\n<li>Gi\u1eef h\u01b0\u01a1ng v\u1ecb v\u00e0 m\u00e0u s\u1eafc t\u1ef1 nhi\u00ean c\u1ee7a th\u1ef1c ph\u1ea9m<\/li>\n<\/ul>\n<h2>C\u1ea5u t\u1ea1o m\u00e1y s\u1ea5y \u0111a n\u0103ng inox<\/h2>\n<p>T\u1ee7 s\u1ea5y \u0111\u01b0\u1ee3c thi\u1ebft k\u1ebf h\u00ecnh ch\u1eef nh\u1eadt \u0111\u1ee9ng, kh\u00e9p k\u00edn kh\u00f4ng chi\u1ebfm nhi\u1ec1u di\u1ec7n t\u00edch. H\u01a1n n\u1eefa, m\u00e1y \u0111\u01b0\u1ee3c l\u00e0m b\u1eb1ng inox \u0111\u1ea3m b\u1ea3o v\u1ec7 sinh an to\u00e0n th\u1ef1c ph\u1ea9m<\/p>\n<p><img loading=\"lazy\" decoding=\"async\" class=\"aligncenter wp-image-11036 size-full\" src=\"https:\/\/congtybinhminh.com\/wp-content\/uploads\/2025\/11\/cau-tao-may-say-da-nang-inox_result.webp\" alt=\"cau-tao-may-say-da-nang-inox_result\" width=\"800\" height=\"666\" srcset=\"https:\/\/congtybinhminh.com\/wp-content\/uploads\/2025\/11\/cau-tao-may-say-da-nang-inox_result.webp 800w, https:\/\/congtybinhminh.com\/wp-content\/uploads\/2025\/11\/cau-tao-may-say-da-nang-inox_result-480x400.webp 480w, https:\/\/congtybinhminh.com\/wp-content\/uploads\/2025\/11\/cau-tao-may-say-da-nang-inox_result-768x639.webp 768w, https:\/\/congtybinhminh.com\/wp-content\/uploads\/2025\/11\/cau-tao-may-say-da-nang-inox_result-510x425.webp 510w\" sizes=\"auto, (max-width: 800px) 100vw, 800px\" \/><\/p>\n<p>Ph\u00eda d\u01b0\u1edbi ch\u00e2n m\u00e1y l\u1eafp \u0111\u1eb7t 4 b\u00e1nh xe xoay 360 \u0111\u1ed9 gi\u00fap di chuy\u1ec3n linh ho\u1ea1t, thu\u1eadn ti\u1ec7n di chuy\u1ec3n<\/p>\n<p><img loading=\"lazy\" decoding=\"async\" class=\"aligncenter wp-image-11037 size-full\" src=\"https:\/\/congtybinhminh.com\/wp-content\/uploads\/2025\/11\/banh-xe-tu-say_result.webp\" alt=\"banh-xe-tu-say_result\" width=\"800\" height=\"480\" srcset=\"https:\/\/congtybinhminh.com\/wp-content\/uploads\/2025\/11\/banh-xe-tu-say_result.webp 800w, https:\/\/congtybinhminh.com\/wp-content\/uploads\/2025\/11\/banh-xe-tu-say_result-667x400.webp 667w, https:\/\/congtybinhminh.com\/wp-content\/uploads\/2025\/11\/banh-xe-tu-say_result-768x461.webp 768w, https:\/\/congtybinhminh.com\/wp-content\/uploads\/2025\/11\/banh-xe-tu-say_result-510x306.webp 510w\" sizes=\"auto, (max-width: 800px) 100vw, 800px\" \/><\/p>\n<p>2 b\u00e1nh xe ph\u00eda tr\u01b0\u1edbc c\u00f3 ch\u1ed1t kho\u00e1 c\u1ed1 \u0111\u1ecbnh m\u00e1y ch\u1eafc ch\u1eafn, kh\u00f4ng g\u00e2y rung l\u1eafc trong qu\u00e1 tr\u00ecnh v\u1eadn h\u00e0nh<\/p>\n<p>C\u00e1nh t\u1ee7 d\u00e0y, xung quanh vi\u1ec1n trang b\u1ecb gio\u0103ng cao su \u00f4m k\u00edt t\u1ee7 gi\u00fap gi\u1eef k\u00edn h\u01a1n n\u00f3ng v\u00e0 ng\u1eafn th\u1ea5t tho\u00e1t nhi\u1ec7t t\u1eeb trong ra ngo\u00e0i v\u00e0 ng\u01b0\u1ee3c l\u1ea1i. G\u00f3p ph\u1ea7n gi\u00fap qu\u00e1 tr\u00ecnh s\u1ea5y di\u1ec5n ra nhanh h\u01a1n &#8211; th\u00e0nh ph\u1ea9m kh\u00f4 \u0111\u1ec1u h\u01a1n<\/p>\n<p><img loading=\"lazy\" decoding=\"async\" class=\"aligncenter wp-image-11038 size-full\" src=\"https:\/\/congtybinhminh.com\/wp-content\/uploads\/2025\/11\/tay-khoa-may-say_result.webp\" alt=\"tay-khoa-may-say_result\" width=\"800\" height=\"404\" srcset=\"https:\/\/congtybinhminh.com\/wp-content\/uploads\/2025\/11\/tay-khoa-may-say_result.webp 800w, https:\/\/congtybinhminh.com\/wp-content\/uploads\/2025\/11\/tay-khoa-may-say_result-792x400.webp 792w, https:\/\/congtybinhminh.com\/wp-content\/uploads\/2025\/11\/tay-khoa-may-say_result-768x388.webp 768w, https:\/\/congtybinhminh.com\/wp-content\/uploads\/2025\/11\/tay-khoa-may-say_result-510x258.webp 510w\" sizes=\"auto, (max-width: 800px) 100vw, 800px\" \/><\/p>\n<p>B\u00ean trong khoang g\u1ed3m 10 t\u1ea7ng khay s\u1ea5y d\u1ea1ng l\u01b0\u1edbi ho\u1eb7c d\u1ea1ng l\u1ed7 \u0111\u01b0\u1ee3c l\u00e0m b\u1eb1ng inox cao c\u1ea5p an to\u00e0n v\u1ec7 sinh th\u1ef1c ph\u1ea9m, v\u1edbi n\u0103ng su\u1ea5t kho\u1ea3ng 80-100kg\/m\u1ebb (tu\u1ef3 nguy\u00ean li\u1ec7u)<\/p>\n<p><img loading=\"lazy\" decoding=\"async\" class=\"aligncenter wp-image-11039 size-full\" src=\"https:\/\/congtybinhminh.com\/wp-content\/uploads\/2025\/11\/may-say-da-nang-10-khay_result.webp\" alt=\"may-say-da-nang-10-khay_result\" width=\"800\" height=\"600\" srcset=\"https:\/\/congtybinhminh.com\/wp-content\/uploads\/2025\/11\/may-say-da-nang-10-khay_result.webp 800w, https:\/\/congtybinhminh.com\/wp-content\/uploads\/2025\/11\/may-say-da-nang-10-khay_result-533x400.webp 533w, https:\/\/congtybinhminh.com\/wp-content\/uploads\/2025\/11\/may-say-da-nang-10-khay_result-768x576.webp 768w, https:\/\/congtybinhminh.com\/wp-content\/uploads\/2025\/11\/may-say-da-nang-10-khay_result-510x383.webp 510w\" sizes=\"auto, (max-width: 800px) 100vw, 800px\" \/><\/p>\n<p>M\u00e1y s\u1ea5y nhi\u1ec7t ho\u1ea1t \u0111\u1ed9ng theo nguy\u00ean l\u00fd s\u1ea5y n\u00f3ng \u0111\u1ed1i l\u01b0u tu\u1ea7n ho\u00e0n:<\/p>\n<ul>\n<li>Gia nhi\u1ec7t: b\u1edfi h\u1ec7 th\u1ed1ng 8 thanh nhi\u1ec7t c\u00f4ng su\u1ea5t 800w\/thanh<\/li>\n<li>Qu\u1ea1t gi\u00f3 th\u1ed5i kh\u00ed n\u00f3ng lu\u00e2n chuy\u1ec3n \u0111\u1ec1u \u0111\u1ebfn m\u1ecdi ng\u00f3c ng\u00e1ch trong t\u1ee7<\/li>\n<\/ul>\n<p><img loading=\"lazy\" decoding=\"async\" class=\"aligncenter wp-image-11040 size-full\" src=\"https:\/\/congtybinhminh.com\/wp-content\/uploads\/2025\/11\/may-say-nong_result.webp\" alt=\"may-say-nong_result\" width=\"800\" height=\"600\" srcset=\"https:\/\/congtybinhminh.com\/wp-content\/uploads\/2025\/11\/may-say-nong_result.webp 800w, https:\/\/congtybinhminh.com\/wp-content\/uploads\/2025\/11\/may-say-nong_result-533x400.webp 533w, https:\/\/congtybinhminh.com\/wp-content\/uploads\/2025\/11\/may-say-nong_result-768x576.webp 768w, https:\/\/congtybinhminh.com\/wp-content\/uploads\/2025\/11\/may-say-nong_result-510x383.webp 510w\" sizes=\"auto, (max-width: 800px) 100vw, 800px\" \/><\/p>\n<ul>\n<li>H\u01a1i n\u01b0\u1edbc t\u1eeb nguy\u00ean li\u1ec7u b\u1ed1c l\u00ean \u0111\u01b0\u1ee3c qu\u1ea1t gi\u00f3 \u0111\u1ea9y ra ngo\u00e0i gi\u00fap nguy\u00ean li\u1ec7u kh\u00f4 nhanh v\u00e0 \u0111\u1ed3ng \u0111\u1ec1u t\u1eeb trong ra ngo\u00e0i<\/li>\n<\/ul>\n<p>Qu\u00e1 tr\u00ecnh s\u1ea5y th\u00f4ng qua h\u1ec7 th\u1ed1ng b\u1ea3ng \u0111i\u1ec1u khi\u1ec3n tr\u1ef1c quan d\u1ec5 s\u1eed d\u1ee5ng g\u1ed3m;<\/p>\n<p><img loading=\"lazy\" decoding=\"async\" class=\"aligncenter wp-image-11041 size-full\" src=\"https:\/\/congtybinhminh.com\/wp-content\/uploads\/2025\/11\/tu-bang-dieu-khien_result.webp\" alt=\"tu-bang-dieu-khien_result\" width=\"800\" height=\"600\" srcset=\"https:\/\/congtybinhminh.com\/wp-content\/uploads\/2025\/11\/tu-bang-dieu-khien_result.webp 800w, https:\/\/congtybinhminh.com\/wp-content\/uploads\/2025\/11\/tu-bang-dieu-khien_result-533x400.webp 533w, https:\/\/congtybinhminh.com\/wp-content\/uploads\/2025\/11\/tu-bang-dieu-khien_result-768x576.webp 768w, https:\/\/congtybinhminh.com\/wp-content\/uploads\/2025\/11\/tu-bang-dieu-khien_result-510x383.webp 510w\" sizes=\"auto, (max-width: 800px) 100vw, 800px\" \/><\/p>\n<ul>\n<li>\u0110\u1ed3ng h\u1ed3 \u0111i\u1ec7n<\/li>\n<li>\u0110\u1ed3ng h\u1ed3 h\u1eb9n gi\u1edd<\/li>\n<li>\u0110\u00e8n v\u00f4n<\/li>\n<li>C\u00f4ng t\u1eafc s\u1ea5y ch\u00ednh &#8211; s\u1ea5y ph\u1ee5<\/li>\n<li>C\u00f4ng t\u1eafc ngu\u1ed3n<\/li>\n<\/ul>\n<p><img loading=\"lazy\" decoding=\"async\" class=\"aligncenter wp-image-11042 size-full\" src=\"https:\/\/congtybinhminh.com\/wp-content\/uploads\/2025\/11\/tu-say-thuc-pham_result.webp\" alt=\"tu-say-thuc-pham_result\" width=\"800\" height=\"600\" srcset=\"https:\/\/congtybinhminh.com\/wp-content\/uploads\/2025\/11\/tu-say-thuc-pham_result.webp 800w, https:\/\/congtybinhminh.com\/wp-content\/uploads\/2025\/11\/tu-say-thuc-pham_result-533x400.webp 533w, https:\/\/congtybinhminh.com\/wp-content\/uploads\/2025\/11\/tu-say-thuc-pham_result-768x576.webp 768w, https:\/\/congtybinhminh.com\/wp-content\/uploads\/2025\/11\/tu-say-thuc-pham_result-510x383.webp 510w\" sizes=\"auto, (max-width: 800px) 100vw, 800px\" \/><\/p>\n<p>Trang b\u1ecb m\u00e1y s\u1ea5y n\u00f4ng s\u1ea3n c\u1ee7a B\u00ecnh Minh ch\u00ednh l\u00e0 b\u01b0\u1edbc \u0111\u1ebfn chuy\u00ean nghi\u1ec7p ho\u00e1 quy tr\u00ecnh s\u1ea3n xu\u1ea5t c\u1ee7a b\u1ea1n n\u00e2ng t\u1ea7m n\u00f4ng s\u1ea3n Vi\u1ec7t ch\u1ea5t l\u01b0\u1ee3ng \u0111\u1ec3 kinh doanh hoa qu\u1ea3 s\u1ea5y kh\u00f4<\/p>\n<h2>\u0110\u1ecba ch\u1ec9 b\u00e1n m\u00e1y s\u1ea5y th\u1ef1c ph\u1ea9m gi\u00e1 g\u1ed1c t\u1ea1i H\u00e0 N\u1ed9i<\/h2>\n<p>C\u00f4ng ty B\u00ecnh Minh \u0111\u01a1n v\u1ecb tr\u1ef1c ti\u1ebfp s\u1ea3n xu\u1ea5t c\u00e1c d\u00f2ng m\u00e1y n\u00f4ng nghi\u1ec7p &#8211; c\u00f4ng nghi\u1ec7p &#8211; m\u00e1y ch\u1ebf bi\u1ebfn th\u1ef1c ph\u1ea9m \u0111\u1ed3ng h\u00e0nh c\u00f9ng b\u00e0 con tr\u00ean kh\u1eafp m\u1ecdi mi\u1ec1n T\u1ed5 Qu\u1ed1c<\/p>\n<ul>\n<li>M\u00e1y \u0111\u01b0\u1ee3c s\u1ea3n xu\u1ea5t tr\u1ef1c ti\u1ebfp t\u1ea1i x\u01b0\u1edfng kh\u00f4ng qua \u0111\u1ea1i l\u00fd trung gian<\/li>\n<li>B\u1ea3o h\u00e0nh m\u00e1y 12 th\u00e1ng v\u00e0 h\u1ed7 tr\u1ee3 t\u01b0 v\u1ea5n k\u1ef9 thu\u1eadt tr\u1ecdn \u0111\u1eddi m\u00e1y<\/li>\n<li>C\u00f3 s\u1eafn m\u00e1y m\u00f3c v\u00e0 linh ph\u1ee5 ki\u1ec7n thu\u1eadn ti\u1ec7n s\u1eeda ch\u1eefa<\/li>\n<\/ul>\n<p><img loading=\"lazy\" decoding=\"async\" class=\"aligncenter wp-image-9947 size-full\" src=\"https:\/\/congtybinhminh.com\/wp-content\/uploads\/2024\/08\/dia-chi-ban-may-say-thuc-pham-copy_result222.webp\" alt=\"dia-chi-ban-may-say-thuc-pham copy_result222\" width=\"800\" height=\"1139\" srcset=\"https:\/\/congtybinhminh.com\/wp-content\/uploads\/2024\/08\/dia-chi-ban-may-say-thuc-pham-copy_result222.webp 800w, https:\/\/congtybinhminh.com\/wp-content\/uploads\/2024\/08\/dia-chi-ban-may-say-thuc-pham-copy_result222-281x400.webp 281w, https:\/\/congtybinhminh.com\/wp-content\/uploads\/2024\/08\/dia-chi-ban-may-say-thuc-pham-copy_result222-562x800.webp 562w, https:\/\/congtybinhminh.com\/wp-content\/uploads\/2024\/08\/dia-chi-ban-may-say-thuc-pham-copy_result222-768x1093.webp 768w, https:\/\/congtybinhminh.com\/wp-content\/uploads\/2024\/08\/dia-chi-ban-may-say-thuc-pham-copy_result222-510x726.webp 510w\" sizes=\"auto, (max-width: 800px) 100vw, 800px\" \/><\/p>\n<p>\u0110\u1ec3 \u0111\u1eb7 mua m\u00e1y s\u1ea5y ch\u00ednh h\u00e3ng, b\u00e0 con c\u00f3 th\u1ec3 l\u1ef1a ch\u1ecdn 1 trong 2 c\u00e1ch sau:<\/p>\n<ul>\n<li>Mua tr\u1ef1c ti\u1ebfp: \u0111\u1ebfn tr\u1ef1c ti\u1ebfp x\u01b0\u1edfng s\u1ea3n xu\u1ea5t t\u1ea1i Ph\u01b0\u1eddng S\u01a1n T\u00e2y &#8211; H\u00e0 N\u1ed9i<\/li>\n<li>Mua Online: \u0111\u1ec3 l\u1ea1i l\u1eddi nh\u1eafn ho\u1eb7c li\u00ean h\u1ec7 s\u1ed1 \u0111i\u1ec7n tho\u1ea1i tr\u00ean website \u0111\u1ec3 \u0111\u01b0\u1ee3c t\u01b0 v\u1ea5n<\/li>\n<\/ul>\n<p>Giao h\u00e0ng v\u1eadn chuy\u1ec3n to\u00e0n qu\u1ed1c th\u00f4ng qua h\u1ec7 th\u1ed1ng xe kh\u00e1ch li\u00ean t\u1ec9nh ho\u1eb7c nh\u1eadn h\u00e0ng qua d\u1ecbch v\u1ee5 chuy\u1ec3n ph\u00e1t c\u1ee7a Viettel Post<\/p>\n<p><strong>Th\u00f4ng s\u1ed1 k\u1ef9 thu\u1eadt<\/strong><\/p>\n<table border=\"1\" cellspacing=\"1\" cellpadding=\"1\">\n<tbody>\n<tr>\n<td colspan=\"1\" rowspan=\"3\">C\u00f4ng su\u1ea5t m\u00e1y<\/td>\n<td>C\u00f4ng su\u1ea5t ti\u00eau th\u1ee5 nhi\u1ec7t<\/td>\n<td>8 thanh nhi\u1ec7t ch\u1eef U\/800W<\/td>\n<\/tr>\n<tr>\n<td>Ngu\u1ed3n \u0111i\u1ec7n<\/td>\n<td>220V<\/td>\n<\/tr>\n<tr>\n<td>S\u1ed1 khay<\/td>\n<td>10 khay<\/td>\n<\/tr>\n<tr>\n<td colspan=\"1\" rowspan=\"2\">B\u1ea3o h\u00e0nh<\/td>\n<td>\u00a0K\u1ef9 thu\u1eadt<\/td>\n<td>\u00a012 th\u00e1ng<\/td>\n<\/tr>\n<tr>\n<td>\u0110\u1ed9ng c\u01a1<\/td>\n<td>Theo t\u1eebng h\u00e3ng s\u1ea3n xu\u1ea5t<\/td>\n<\/tr>\n<tr>\n<td>N\u0103ng su\u1ea5t<\/td>\n<td colspan=\"2\" rowspan=\"1\">\u00a080 \u2013 100 kg\/gi\u1edd<\/td>\n<\/tr>\n<tr>\n<td>K\u00edch th\u01b0\u1edbc (d*c*r)<\/td>\n<td colspan=\"2\" rowspan=\"1\">103*163*100 cm<\/td>\n<\/tr>\n<tr>\n<td>H\u00ecnh th\u1ee9c thanh to\u00e1n<\/td>\n<td colspan=\"2\" rowspan=\"1\">Ti\u1ec1n m\u1eb7t ho\u1eb7c chuy\u1ec3n kho\u1ea3n<\/td>\n<\/tr>\n<\/tbody>\n<\/table>\n<p>&nbsp;<\/p>\n","protected":false},"excerpt":{"rendered":"<ul>\n<li><strong>H\u00e3ng s\u1ea3n xu\u1ea5t:\u00a0<\/strong>B\u00ecnh Minh<\/li>\n<li><strong>C\u00f4ng su\u1ea5t ti\u00eau th\u1ee5:<\/strong>\u00a08 thanh nhi\u1ec7t ch\u0169 U v\u1edbi c\u00f4ng su\u1ea5t 800W\/thanh<\/li>\n<li><strong>N\u0103ng su\u1ea5t:\u00a0<\/strong>80-100kg\/m\u1ebb<\/li>\n<li><strong>Ngu\u1ed3n \u0111i\u1ec7n:<\/strong>\u00a0220V<\/li>\n<li><strong>T\u00ednh n\u0103ng:\u00a0<\/strong>m\u00e1y s\u1ea5y kh\u00f4 hoa qu\u1ea3, d\u01b0\u1ee3c li\u1ec7u, th\u1ecbt, v\u00e0 c\u00e1c lo\u1ea1i n\u00f4ng s\u1ea3n kh\u00e1c<\/li>\n<\/ul>\n","protected":false},"featured_media":11031,"comment_status":"open","ping_status":"closed","template":"","meta":[],"product_brand":[],"product_cat":[27],"product_tag":[],"class_list":{"0":"post-11029","1":"product","2":"type-product","3":"status-publish","4":"has-post-thumbnail","6":"product_cat-may-say","8":"first","9":"instock","10":"shipping-taxable","11":"product-type-simple"},"_links":{"self":[{"href":"https:\/\/congtybinhminh.com\/index.php?rest_route=\/wp\/v2\/product\/11029","targetHints":{"allow":["GET"]}}],"collection":[{"href":"https:\/\/congtybinhminh.com\/index.php?rest_route=\/wp\/v2\/product"}],"about":[{"href":"https:\/\/congtybinhminh.com\/index.php?rest_route=\/wp\/v2\/types\/product"}],"replies":[{"embeddable":true,"href":"https:\/\/congtybinhminh.com\/index.php?rest_route=%2Fwp%2Fv2%2Fcomments&post=11029"}],"wp:featuredmedia":[{"embeddable":true,"href":"https:\/\/congtybinhminh.com\/index.php?rest_route=\/wp\/v2\/media\/11031"}],"wp:attachment":[{"href":"https:\/\/congtybinhminh.com\/index.php?rest_route=%2Fwp%2Fv2%2Fmedia&parent=11029"}],"wp:term":[{"taxonomy":"product_brand","embeddable":true,"href":"https:\/\/congtybinhminh.com\/index.php?rest_route=%2Fwp%2Fv2%2Fproduct_brand&post=11029"},{"taxonomy":"product_cat","embeddable":true,"href":"https:\/\/congtybinhminh.com\/index.php?rest_route=%2Fwp%2Fv2%2Fproduct_cat&post=11029"},{"taxonomy":"product_tag","embeddable":true,"href":"https:\/\/congtybinhminh.com\/index.php?rest_route=%2Fwp%2Fv2%2Fproduct_tag&post=11029"}],"curies":[{"name":"wp","href":"https:\/\/api.w.org\/{rel}","templated":true}]}}