{"id":11010,"date":"2025-10-17T15:31:12","date_gmt":"2025-10-17T08:31:12","guid":{"rendered":"https:\/\/congtybinhminh.com\/?post_type=product&#038;p=11010"},"modified":"2025-11-23T13:37:14","modified_gmt":"2025-11-23T06:37:14","slug":"may-ep-dau-da-nang-inox-20n","status":"publish","type":"product","link":"https:\/\/congtybinhminh.com\/?product=may-ep-dau-da-nang-inox-20n","title":{"rendered":"M\u00e1y \u00e9p d\u1ea7u \u0111a n\u0103ng inox 20N"},"content":{"rendered":"<h2>Video ho\u1ea1t \u0111\u1ed9ng c\u1ee7a m\u00e1y<\/h2>\n<p><iframe loading=\"lazy\" title=\"\ud83d\udd25 T\u1ebft N\u00e0y S\u1ebd \u1ea4m No H\u01a1n N\u1ebfu Ch\u1ecdn \u0110\u00fang M\u00f4 H\u00ecnh Kinh Doanh \ud83d\udc49 M\u00e1y \u00c9p D\u1ea7u Inox 20N &amp; M\u00e1y L\u1ecdc D\u1ea7u Ly T\u00e2m\" width=\"1020\" height=\"574\" src=\"https:\/\/www.youtube.com\/embed\/BsQlTOR2iy8?feature=oembed\" frameborder=\"0\" allow=\"accelerometer; autoplay; clipboard-write; encrypted-media; gyroscope; picture-in-picture; web-share\" referrerpolicy=\"strict-origin-when-cross-origin\" allowfullscreen><\/iframe><\/p>\n<h2>Gi\u1edbi thi\u1ec7u m\u00e1y \u00e9p d\u1ea7u \u0111a n\u0103ng inox 20N<\/h2>\n<p>An t\u00e2m t\u1ef1 l\u00e0m d\u1ea7u \u0103n kinh doanh ngay t\u1ea1i nh\u00e0 v\u1edbi m\u00e1y \u00e9p d\u1ea7u \u0111a n\u0103ng inox 20N do c\u00f4ng ty B\u00ecnh M\u00ednh s\u1ea3n xu\u1ea5t &#8211; l\u1ef1a ch\u1ecdn \u0111\u1ea7u t\u01b0 t\u1ed1i \u01b0u \u00e9p ki\u1ec7t 90-98% l\u01b0\u1ee3ng d\u1ea7u<\/p>\n<p><img loading=\"lazy\" decoding=\"async\" class=\"aligncenter wp-image-11015 size-full\" src=\"https:\/\/congtybinhminh.com\/wp-content\/uploads\/2025\/10\/may-ep-dau-da-nang-inox-20n_result222.webp\" alt=\"may-ep-dau-da-nang-inox-20n_result222\" width=\"800\" height=\"1078\" srcset=\"https:\/\/congtybinhminh.com\/wp-content\/uploads\/2025\/10\/may-ep-dau-da-nang-inox-20n_result222.webp 800w, https:\/\/congtybinhminh.com\/wp-content\/uploads\/2025\/10\/may-ep-dau-da-nang-inox-20n_result222-297x400.webp 297w, https:\/\/congtybinhminh.com\/wp-content\/uploads\/2025\/10\/may-ep-dau-da-nang-inox-20n_result222-594x800.webp 594w, https:\/\/congtybinhminh.com\/wp-content\/uploads\/2025\/10\/may-ep-dau-da-nang-inox-20n_result222-768x1035.webp 768w, https:\/\/congtybinhminh.com\/wp-content\/uploads\/2025\/10\/may-ep-dau-da-nang-inox-20n_result222-510x687.webp 510w\" sizes=\"auto, (max-width: 800px) 100vw, 800px\" \/><\/p>\n<p>M\u00e1y s\u1eed d\u1ee5ng \u0111\u1ed9ng c\u01a1 gi\u1ea3m t\u1ed1c 1,5kw th\u00f4ng qua bi\u1ebfn t\u1ea7n \u0111i\u1ec1u ch\u1ec9nh t\u1ed1c \u0111\u1ed9 thay v\u00ec s\u1eed d\u1ee5ng d\u00e2y curoa<\/p>\n<p>&#8220;Kh\u00f4ng g\u00e2y ti\u1ebfng \u1ed3n l\u1edbn &#8211; kh\u00f4ng c\u1ea7n thay d\u00e2y curoa&#8221; ch\u1ec9 c\u1ea7n c\u1eafm \u0111i\u1ec7n v\u00e0 \u0111i\u1ec1u ch\u1ec9nh t\u1ed1c \u0111\u1ed9, m\u00e1y s\u1ebd l\u00e0m n\u1ed1t ph\u1ea7n vi\u1ec7c c\u00f2n l\u1ea1i<\/p>\n<h2>C\u1ea7u t\u1ea1o m\u00e1y \u00e9p d\u1ea7u \u0111a n\u0103ng inox 20N<\/h2>\n<h3>Khung m\u00e1y ch\u1eafc ch\u1eafn<\/h3>\n<p>M\u00e1y \u0111\u01b0\u1ee3c ch\u1ebf t\u1ea1o t\u1eeb inox cao c\u1ea5p s\u00e1ng b\u00f3ng\u00a0 &#8211; kh\u00f4ng g\u00e2y han g\u1ec9 \u0111\u1ea3m b\u1ea3o v\u1ec7 sinh an to\u00e0n th\u1ef1c ph\u1ea9m<\/p>\n<p><img loading=\"lazy\" decoding=\"async\" class=\"aligncenter wp-image-11016 size-full\" src=\"https:\/\/congtybinhminh.com\/wp-content\/uploads\/2025\/10\/cau-tao-may-ep-dau-da-nang-inox_result222.webp\" alt=\"cau-tao-may-ep-dau-da-nang-inox_result222\" width=\"800\" height=\"836\" srcset=\"https:\/\/congtybinhminh.com\/wp-content\/uploads\/2025\/10\/cau-tao-may-ep-dau-da-nang-inox_result222.webp 800w, https:\/\/congtybinhminh.com\/wp-content\/uploads\/2025\/10\/cau-tao-may-ep-dau-da-nang-inox_result222-383x400.webp 383w, https:\/\/congtybinhminh.com\/wp-content\/uploads\/2025\/10\/cau-tao-may-ep-dau-da-nang-inox_result222-766x800.webp 766w, https:\/\/congtybinhminh.com\/wp-content\/uploads\/2025\/10\/cau-tao-may-ep-dau-da-nang-inox_result222-768x803.webp 768w, https:\/\/congtybinhminh.com\/wp-content\/uploads\/2025\/10\/cau-tao-may-ep-dau-da-nang-inox_result222-510x533.webp 510w\" sizes=\"auto, (max-width: 800px) 100vw, 800px\" \/><\/p>\n<p>K\u1ebft c\u1ea5u khung m\u00e1y d\u01b0\u1ee3c h\u00e0n g\u1eafn ch\u1eafc ch\u1eafn, ph\u00eda d\u01b0\u1edbi l\u1eafp \u0111\u1eb7t 4 b\u00e1nh xe xoay 360 \u0111\u1ed9 linh ho\u1ea1t, gi\u00fap di chuy\u1ec3n m\u00e1y nh\u1eb9 nh\u00e0ng<\/p>\n<p><img loading=\"lazy\" decoding=\"async\" class=\"aligncenter wp-image-11017 size-full\" src=\"https:\/\/congtybinhminh.com\/wp-content\/uploads\/2025\/10\/banh-xe-may-ep-dau_result222.webp\" alt=\"banh-xe-may-ep-dau_result222\" width=\"800\" height=\"535\" srcset=\"https:\/\/congtybinhminh.com\/wp-content\/uploads\/2025\/10\/banh-xe-may-ep-dau_result222.webp 800w, https:\/\/congtybinhminh.com\/wp-content\/uploads\/2025\/10\/banh-xe-may-ep-dau_result222-598x400.webp 598w, https:\/\/congtybinhminh.com\/wp-content\/uploads\/2025\/10\/banh-xe-may-ep-dau_result222-768x514.webp 768w, https:\/\/congtybinhminh.com\/wp-content\/uploads\/2025\/10\/banh-xe-may-ep-dau_result222-510x341.webp 510w\" sizes=\"auto, (max-width: 800px) 100vw, 800px\" \/><\/p>\n<p>2 b\u00e1nh tr\u01b0\u1edbc c\u00f3 ch\u1ed1t kh\u00f3a gi\u1eef c\u1ed1 \u0111\u1ecbnh kh\u00f4ng g\u00e2y rung l\u1eafc trong qu\u00e1 tr\u00ecnh \u00e9p<\/p>\n<h3>Toa n\u1ea1p v\u00e0 c\u1eeda x\u1ea3 t\u00e1ch bi\u1ec7t ti\u1ec7n l\u1ee3i<\/h3>\n<p>Ph\u1ec5u n\u1ea1p \u0111\u01b0\u1ee3c thi\u1ebft k\u1ebf tr\u1ee5c \u0111\u1ee9ng, mi\u1ec7ng tr\u00f2n r\u1ed9ng l\u00e0m t\u1eeb inox c\u00f3 th\u1ec3 th\u00e1o r\u1eddi toa thu\u1eadn ti\u1ec7n v\u1ec7 sinh<\/p>\n<p><img loading=\"lazy\" decoding=\"async\" class=\"aligncenter wp-image-11018 size-full\" src=\"https:\/\/congtybinhminh.com\/wp-content\/uploads\/2025\/10\/toa-nap-may-ep-dau_result222.webp\" alt=\"toa-nap-may-ep-dau_result222\" width=\"800\" height=\"600\" srcset=\"https:\/\/congtybinhminh.com\/wp-content\/uploads\/2025\/10\/toa-nap-may-ep-dau_result222.webp 800w, https:\/\/congtybinhminh.com\/wp-content\/uploads\/2025\/10\/toa-nap-may-ep-dau_result222-533x400.webp 533w, https:\/\/congtybinhminh.com\/wp-content\/uploads\/2025\/10\/toa-nap-may-ep-dau_result222-768x576.webp 768w, https:\/\/congtybinhminh.com\/wp-content\/uploads\/2025\/10\/toa-nap-may-ep-dau_result222-510x383.webp 510w\" sizes=\"auto, (max-width: 800px) 100vw, 800px\" \/><\/p>\n<p>M\u00e1y c\u00f3 2 c\u1eeda x\u1ea3 ri\u00eang bi\u1ec7t:<\/p>\n<ul>\n<li>C\u1eeda x\u1ea3 d\u1ea7u cho ra th\u00e0nh ph\u1ea9m nguy\u00ean ch\u1ea5t<\/li>\n<li>C\u1eeda x\u1ea3 b\u00e3: t\u00e1ch ri\u00eang ph\u1ea7n b\u00e3 \u0111\u00e3 \u00e9p ki\u1ec7t &#8211; c\u00f3 th\u1ec3 t\u1eadn d\u1ee5ng l\u00e0m th\u1ee9c \u0103n ch\u0103n nu\u00f4i ho\u1eb7c l\u00e0m ph\u00e2n b\u00f3n tr\u1ed3ng c\u00e2y<\/li>\n<\/ul>\n<p><img loading=\"lazy\" decoding=\"async\" class=\"aligncenter wp-image-11019 size-full\" src=\"https:\/\/congtybinhminh.com\/wp-content\/uploads\/2025\/10\/cua-xa-dau_result222.webp\" alt=\"cua-xa-dau_result222\" width=\"800\" height=\"613\" srcset=\"https:\/\/congtybinhminh.com\/wp-content\/uploads\/2025\/10\/cua-xa-dau_result222.webp 800w, https:\/\/congtybinhminh.com\/wp-content\/uploads\/2025\/10\/cua-xa-dau_result222-522x400.webp 522w, https:\/\/congtybinhminh.com\/wp-content\/uploads\/2025\/10\/cua-xa-dau_result222-768x588.webp 768w, https:\/\/congtybinhminh.com\/wp-content\/uploads\/2025\/10\/cua-xa-dau_result222-510x391.webp 510w\" sizes=\"auto, (max-width: 800px) 100vw, 800px\" \/><\/p>\n<p>D\u1ea7u sau khi \u00e9p n\u00ean \u0111\u01b0a v\u00e0o m\u00e1y l\u1ecdc lo\u1ea1i b\u1ecf c\u1eb7n cho ra th\u00e0nh ph\u1ea9m cu\u1ed1i c\u00f9ng v\u1edbi l\u1edbp d\u1ea7u trong<\/p>\n<h3>Bu\u1ed3ng \u00e9p t\u1ed1i \u01b0u &#8211; t\u00f9y ch\u1ec9nh linh ho\u1ea1t<\/h3>\n<p>Tr\u1ee5c \u00e9p l\u1edbn d\u1ea1ng xo\u1eafn ch\u1ea1y d\u1ecdc th\u00e2n, k\u1ebft h\u1ee3p 2 \u1ed1c si\u1ebft \u0111i\u1ec1u ch\u1ec9nh \u1edf \u0111\u1ea7u tr\u1ee5c, ng\u01b0\u1eddi d\u00f9ng c\u00f3 th\u1ec3 ch\u1ee7 \u0111\u1ed9ng si\u1ebft m\u1eb7t b\u00edch \u00e9p ki\u1ec7t b\u00e3 h\u01a1n hay n\u1edbi l\u1ecfng m\u1ed9t ch\u00fat n\u1ebfu \u00e9p h\u1ea1t c\u1ee9ng<\/p>\n<p><img loading=\"lazy\" decoding=\"async\" class=\"aligncenter wp-image-11020 size-full\" src=\"https:\/\/congtybinhminh.com\/wp-content\/uploads\/2025\/10\/truc-ep-dau_result222.webp\" alt=\"truc-ep-dau_result222\" width=\"800\" height=\"600\" srcset=\"https:\/\/congtybinhminh.com\/wp-content\/uploads\/2025\/10\/truc-ep-dau_result222.webp 800w, https:\/\/congtybinhminh.com\/wp-content\/uploads\/2025\/10\/truc-ep-dau_result222-533x400.webp 533w, https:\/\/congtybinhminh.com\/wp-content\/uploads\/2025\/10\/truc-ep-dau_result222-768x576.webp 768w, https:\/\/congtybinhminh.com\/wp-content\/uploads\/2025\/10\/truc-ep-dau_result222-510x383.webp 510w\" sizes=\"auto, (max-width: 800px) 100vw, 800px\" \/><\/p>\n<p>B\u1ed9 ph\u1eadn gia nhi\u1ec7t gi\u1eef vai tr\u00f2 l\u00ean nhi\u1ec7t l\u00e0m n\u00f3ng v\u00e0 duy tr\u00ec nhi\u1ec7t \u0111\u1ed9 trong su\u1ed1t qu\u00e1 tr\u00ecnh \u00e9p<\/p>\n<p><img loading=\"lazy\" decoding=\"async\" class=\"aligncenter wp-image-11021 size-full\" src=\"https:\/\/congtybinhminh.com\/wp-content\/uploads\/2025\/10\/thanh-nhiet-may-ep-dau_result222.webp\" alt=\"thanh-nhiet-may-ep-dau_result222\" width=\"800\" height=\"600\" srcset=\"https:\/\/congtybinhminh.com\/wp-content\/uploads\/2025\/10\/thanh-nhiet-may-ep-dau_result222.webp 800w, https:\/\/congtybinhminh.com\/wp-content\/uploads\/2025\/10\/thanh-nhiet-may-ep-dau_result222-533x400.webp 533w, https:\/\/congtybinhminh.com\/wp-content\/uploads\/2025\/10\/thanh-nhiet-may-ep-dau_result222-768x576.webp 768w, https:\/\/congtybinhminh.com\/wp-content\/uploads\/2025\/10\/thanh-nhiet-may-ep-dau_result222-510x383.webp 510w\" sizes=\"auto, (max-width: 800px) 100vw, 800px\" \/><\/p>\n<h3>B\u1ea3ng \u0111i\u1ec1u khi\u1ec3n th\u00f4ng minh<\/h3>\n<p>Qu\u00e1 tr\u00ecnh m\u00e1y ho\u1ea1t \u0111\u1ed9ng th\u00f4ng qua b\u1ea3ng \u0111i\u1ec1u khi\u1ec3n tr\u1ef1c quan, gi\u00fap b\u1ea1n ki\u1ec3m so\u00e1t to\u00e0n b\u1ed9 qu\u00e1 tr\u00ecnh \u00e9p d\u1ea7u ch\u00ednh x\u00e1c v\u00e0 an to\u00e0n:<\/p>\n<p><img loading=\"lazy\" decoding=\"async\" class=\"aligncenter wp-image-11022 size-full\" src=\"https:\/\/congtybinhminh.com\/wp-content\/uploads\/2025\/10\/bang-dieu-khien-bien-tan_result222.webp\" alt=\"bang-dieu-khien-bien-tan_result222\" width=\"800\" height=\"634\" srcset=\"https:\/\/congtybinhminh.com\/wp-content\/uploads\/2025\/10\/bang-dieu-khien-bien-tan_result222.webp 800w, https:\/\/congtybinhminh.com\/wp-content\/uploads\/2025\/10\/bang-dieu-khien-bien-tan_result222-505x400.webp 505w, https:\/\/congtybinhminh.com\/wp-content\/uploads\/2025\/10\/bang-dieu-khien-bien-tan_result222-768x609.webp 768w, https:\/\/congtybinhminh.com\/wp-content\/uploads\/2025\/10\/bang-dieu-khien-bien-tan_result222-510x404.webp 510w\" sizes=\"auto, (max-width: 800px) 100vw, 800px\" \/><\/p>\n<ul>\n<li>Bi\u1ebfn t\u1ea7n: \u0111i\u1ec1u ch\u1ec9nh t\u1ed1c \u0111\u1ed9 tr\u1ee5c \u00e9p, thay v\u00ec d\u00f9ng d\u00e2y curoa<\/li>\n<li>\u0110\u1ed3ng h\u1ed3 nhi\u1ec7t; hi\u1ec3n th\u1ecb v\u00e0 ki\u1ec3m so\u00e1t nhi\u1ec7t \u0111\u1ed9 bu\u1ed3ng \u00e9p<\/li>\n<li>\u0110\u00e8n b\u00e1o v\u00f4n; theo d\u00f5i ngu\u1ed3n \u0111i\u1ec7n \u1ed5n \u0111\u1ecbnh<\/li>\n<li>C\u00f4ng t\u1eafc nhi\u1ec7t: b\u1eadt k\u00edch ho\u1ea1t b\u1ed9 gia nhi\u1ec7t l\u00e0m n\u00f3ng bu\u1ed3ng \u00e9p<\/li>\n<li>C\u00f4ng t\u1eafc kh\u1edfi \u0111\u1ed9ng<\/li>\n<\/ul>\n<h3>\u0110\u1ed9ng c\u01a1 gi\u1ea3m t\u1ed1c 1,5kw<\/h3>\n<p>Lo\u1ea1i b\u1ecf c\u01a1 ch\u1ebf ch\u1ea1y d\u00e2y curoa l\u1ea1c h\u1eadu, thay v\u00e0o \u0111\u00f3 l\u00e0 \u0111\u1ed9ng c\u01a1 gi\u1ea3m t\u1ed1c 1,5kw truy\u1ec1n chuy\u1ec3n \u0111\u1ed9ng tr\u1ef1c ti\u1ebfp k\u1ebft h\u1ee3p c\u00f9ng bi\u1ebfn t\u1ea7n th\u00f4ng minh<\/p>\n<p><img loading=\"lazy\" decoding=\"async\" class=\"aligncenter wp-image-11025 size-full\" src=\"https:\/\/congtybinhminh.com\/wp-content\/uploads\/2025\/10\/dong-co-may-ep-dau_result222.webp\" alt=\"dong-co-may-ep-dau_result222\" width=\"800\" height=\"613\" srcset=\"https:\/\/congtybinhminh.com\/wp-content\/uploads\/2025\/10\/dong-co-may-ep-dau_result222.webp 800w, https:\/\/congtybinhminh.com\/wp-content\/uploads\/2025\/10\/dong-co-may-ep-dau_result222-522x400.webp 522w, https:\/\/congtybinhminh.com\/wp-content\/uploads\/2025\/10\/dong-co-may-ep-dau_result222-768x588.webp 768w, https:\/\/congtybinhminh.com\/wp-content\/uploads\/2025\/10\/dong-co-may-ep-dau_result222-510x391.webp 510w\" sizes=\"auto, (max-width: 800px) 100vw, 800px\" \/><\/p>\n<ul>\n<li>V\u1eadn h\u00e0nh \u00eam \u00e1i, kh\u00f4ng g\u00e2y ri\u1ebfng \u1ed3n<\/li>\n<li>Kh\u00f4ng lo \u0111\u1ee9t hay ch\u00f9ng d\u00e2y curoa<\/li>\n<li>\u0110i\u1ec1u ch\u1ec9nh t\u1ed1c \u0111\u1ed9 linh ho\u1ea1t, ph\u00f9 h\u1ee3p t\u1eebng lo\u1ea1i h\u1ea1t gi\u00fap t\u1ed1i \u0111a h\u00f3a l\u01b0\u1ee3ng d\u1ea7u \u00e9p ra g\u00f3p ph\u1ea7n t\u0103ng tu\u1ed5i th\u1ecd c\u1ee7a m\u00e1y<\/li>\n<\/ul>\n<p><img loading=\"lazy\" decoding=\"async\" class=\"aligncenter wp-image-11023 size-full\" src=\"https:\/\/congtybinhminh.com\/wp-content\/uploads\/2025\/10\/may-ep-dau_result222.webp\" alt=\"may-ep-dau_result222\" width=\"800\" height=\"600\" srcset=\"https:\/\/congtybinhminh.com\/wp-content\/uploads\/2025\/10\/may-ep-dau_result222.webp 800w, https:\/\/congtybinhminh.com\/wp-content\/uploads\/2025\/10\/may-ep-dau_result222-533x400.webp 533w, https:\/\/congtybinhminh.com\/wp-content\/uploads\/2025\/10\/may-ep-dau_result222-768x576.webp 768w, https:\/\/congtybinhminh.com\/wp-content\/uploads\/2025\/10\/may-ep-dau_result222-510x383.webp 510w\" sizes=\"auto, (max-width: 800px) 100vw, 800px\" \/><\/p>\n<p>M\u00e1y \u00e9p \u0111a d\u1ea1ng c\u00e1c l\u1ea1t c\u00f3 d\u1ea7u, m\u1edf ra nhi\u1ec1u c\u01a1 h\u1ed9i kinh doanh t\u0103ng l\u1ee3i nhu\u1eadn. C\u00f2n g\u00ec h\u01a1n khi c\u00e1c b\u1ea1n cho kh\u00e1ch h\u00e0ng tr\u1ea3i nghi\u1ec7m th\u1ef1c t\u1ebf &#8221; nh\u00ecn t\u1eadn m\u1eaft &#8211; ng\u1eedi t\u1eadn m\u0169i&#8221; m\u00f9i th\u01a1m t\u1eeb d\u1ea7u khi \u00e9p<\/p>\n<h2>\u0110\u1ecba ch\u1ec9 mua m\u00e1y \u00e9p d\u1ea7u gi\u00e1 g\u1ed1c t\u1ea1i H\u00e0 N\u1ed9i<\/h2>\n<p>L\u00e0 \u0111\u01a1n v\u1ecb tr\u1ef1c ti\u1ebfp s\u1ea3n xu\u1ea5t m\u00e1y \u00e9p d\u1ea7u t\u1ea1i H\u00e0 N\u1ed9i v\u1edbi h\u01a1n 35 n\u0103m kinh nghi\u1ec7m trong l\u0129nh v\u1ef1c c\u01a1 kh\u00ed \u0111\u1ed3ng h\u00e0nh c\u00f9ng b\u00e0 con tr\u00ean kh\u1eafp m\u1ecdi mi\u1ec1n T\u1ed5 Qu\u1ed1c<\/p>\n<p>\u0110\u1ec3 \u0111\u1eb7t mua m\u00e1y v\u00e0 bi\u1ebft th\u00eam th\u00f4ng tin chi ti\u1ebft b\u00e0 con c\u00f3 th\u1ec3 bi\u1ebft th\u00eam th\u00f4ng tin v\u1edbi 3 c\u00e1ch sau:<\/p>\n<ul>\n<li>Truy c\u1eadp website: <strong><a href=\"https:\/\/congtybinhminh.com\/\">congtybinhminh.com<\/a><\/strong><\/li>\n<li>Truy c\u1eadp youtube: <strong><a href=\"https:\/\/www.youtube.com\/@congtybinhminh\">c\u00f4ng ty B\u00ecnh Minh<\/a><\/strong><\/li>\n<li>\u0110\u1ebfn tr\u1ef1c ti\u1ebfp tr\u1ee5 s\u1edf g\u1ea7n nh\u1ea5t c\u1ee7a c\u00f4ng ty t\u1ea1i H\u00e0 N\u1ed9i<\/li>\n<\/ul>\n<p>Khi \u0111\u1ebfn tr\u1ef1c ti\u1ebfp t\u1ea1i x\u01b0\u1edfng mua h\u00e0ng, b\u00e0 con s\u1ebd \u0111\u01b0\u1ee3c th\u1eed nghi\u1ec7m v\u1eadn h\u00e0nh m\u00e1y d\u01b0\u1edbi s\u1ef1 h\u01b0\u1edbng d\u1eabn c\u1ee7a \u0111\u1ed9i ng\u0169 k\u1ef9 thu\u1eadt<\/p>\n<p>\u0110\u1ed1i v\u1edbi b\u00e0 con \u1edf xa, c\u00f3 th\u1ec3 li\u00ean h\u1ec7 s\u1ed1 \u0111i\u1ec7n tho\u1ea1i Hotline tr\u00ean website ho\u1eb7c \u0111\u1ec3 l\u1ea1i l\u1eddi nh\u1eafn ph\u1ea7n b\u00ecnh lu\u1eadn \u0111\u1ed9i ng\u0169 t\u01b0 v\u1ea5n s\u1ebd li\u00ean h\u1ec7 b\u00e0 con trong th\u1eddi gian s\u1edbm nh\u1ea5t<\/p>\n<p><strong>Th\u00f4ng s\u1ed1 k\u1ef9 thu\u1eadt\u00a0<\/strong><\/p>\n<table border=\"1\" cellspacing=\"1\" cellpadding=\"1\">\n<tbody>\n<tr>\n<td colspan=\"1\" rowspan=\"3\">\u0110\u1ed9ng c\u01a1<\/td>\n<td>\u0110\u1ed9ng c\u01a1 gi\u1ea3m t\u1ed1c<\/td>\n<td>1.5kw<\/td>\n<\/tr>\n<tr>\n<td>Ngu\u1ed3n \u0111i\u1ec7n<\/td>\n<td>220V<\/td>\n<\/tr>\n<tr>\n<td>T\u1ed1c \u0111\u1ed9<\/td>\n<td>\u0111i\u1ec1u ch\u1ec9nh qua bi\u1ebfn t\u1ea7n<\/td>\n<\/tr>\n<tr>\n<td colspan=\"1\" rowspan=\"2\">B\u1ea3o h\u00e0nh<\/td>\n<td>K\u1ef9 thu\u1eadt<\/td>\n<td>12 th\u00e1ng<\/td>\n<\/tr>\n<tr>\n<td>\u0110\u1ed9ng c\u01a1<\/td>\n<td>Theo t\u1eebng h\u00e3ng s\u1ea3n xu\u1ea5t<\/td>\n<\/tr>\n<tr>\n<td>N\u0103ng su\u1ea5t<\/td>\n<td colspan=\"2\" rowspan=\"1\">kg\/gi\u1edd<\/td>\n<\/tr>\n<tr>\n<td>K\u00edch th\u01b0\u1edbc (d*c*r)<\/td>\n<td colspan=\"2\" rowspan=\"1\">105*80*95 cm<\/td>\n<\/tr>\n<tr>\n<td>H\u00ecnh th\u1ee9c thanh to\u00e1n<\/td>\n<td colspan=\"2\" rowspan=\"1\">Ti\u1ec1n m\u1eb7t ho\u1eb7c chuy\u1ec3n kho\u1ea3n<\/td>\n<\/tr>\n<\/tbody>\n<\/table>\n","protected":false},"excerpt":{"rendered":"<ul>\n<li><strong>H\u00e3ng s\u1ea3n xu\u1ea5t<\/strong>\u00a0: B\u00ecnh Minh<\/li>\n<li><strong>\u0110\u1ed9ng c\u01a1 gi\u1ea3m t\u1ed1c:<\/strong>\u00a01.5kw<\/li>\n<li><strong>Ngu\u1ed3n \u0111i\u1ec7n: <\/strong>220V<\/li>\n<li><strong>K\u00edch th\u01b0\u1edbc (d*c*r):\u00a0<\/strong>105*80*95 cm<\/li>\n<li><strong>T\u00ednh n\u0103ng:\u00a0<\/strong>m\u00e1y \u00e9p d\u1ea7u v\u00e0 c\u00e1c lo\u1ea1i h\u1ea1t nh\u01b0 l\u1ea1c, v\u1eebng.<\/li>\n<\/ul>\n","protected":false},"featured_media":11011,"comment_status":"open","ping_status":"closed","template":"","meta":[],"product_brand":[],"product_cat":[29],"product_tag":[],"class_list":{"0":"post-11010","1":"product","2":"type-product","3":"status-publish","4":"has-post-thumbnail","6":"product_cat-may-ep-dau","8":"first","9":"instock","10":"shipping-taxable","11":"product-type-simple"},"_links":{"self":[{"href":"https:\/\/congtybinhminh.com\/index.php?rest_route=\/wp\/v2\/product\/11010","targetHints":{"allow":["GET"]}}],"collection":[{"href":"https:\/\/congtybinhminh.com\/index.php?rest_route=\/wp\/v2\/product"}],"about":[{"href":"https:\/\/congtybinhminh.com\/index.php?rest_route=\/wp\/v2\/types\/product"}],"replies":[{"embeddable":true,"href":"https:\/\/congtybinhminh.com\/index.php?rest_route=%2Fwp%2Fv2%2Fcomments&post=11010"}],"wp:featuredmedia":[{"embeddable":true,"href":"https:\/\/congtybinhminh.com\/index.php?rest_route=\/wp\/v2\/media\/11011"}],"wp:attachment":[{"href":"https:\/\/congtybinhminh.com\/index.php?rest_route=%2Fwp%2Fv2%2Fmedia&parent=11010"}],"wp:term":[{"taxonomy":"product_brand","embeddable":true,"href":"https:\/\/congtybinhminh.com\/index.php?rest_route=%2Fwp%2Fv2%2Fproduct_brand&post=11010"},{"taxonomy":"product_cat","embeddable":true,"href":"https:\/\/congtybinhminh.com\/index.php?rest_route=%2Fwp%2Fv2%2Fproduct_cat&post=11010"},{"taxonomy":"product_tag","embeddable":true,"href":"https:\/\/congtybinhminh.com\/index.php?rest_route=%2Fwp%2Fv2%2Fproduct_tag&post=11010"}],"curies":[{"name":"wp","href":"https:\/\/api.w.org\/{rel}","templated":true}]}}