{"id":10992,"date":"2025-10-07T09:16:56","date_gmt":"2025-10-07T02:16:56","guid":{"rendered":"https:\/\/congtybinhminh.com\/?post_type=product&#038;p=10992"},"modified":"2025-10-07T09:27:04","modified_gmt":"2025-10-07T02:27:04","slug":"may-dun-ca-cong-nghiep-lap-dau-no-d15","status":"publish","type":"product","link":"https:\/\/congtybinhminh.com\/?product=may-dun-ca-cong-nghiep-lap-dau-no-d15","title":{"rendered":"M\u00e1y \u0111\u00f9n c\u00e1 c\u00f4ng nghi\u1ec7p l\u1eafp \u0111\u1ea7u n\u1ed5 D15"},"content":{"rendered":"<h2>Gi\u1edbi thi\u1ec7u m\u00e1y \u0111\u00f9n c\u00e1 c\u00f4ng nghi\u1ec7p l\u1eafp \u0111\u1ea7u n\u1ed5 D15<\/h2>\n<p>M\u00e1y \u0111\u00f9n c\u00e1 c\u00f4ng nghi\u1ec7p l\u1eafp \u0111\u1ea7u n\u1ed5 D15 do c\u00f4ng ty B\u00ecnh Minh s\u1ea3n xu\u1ea5t &#8211; to\u00e0n b\u1ed9 qu\u00e1 tr\u00ecnh nghi\u1ec1n &#8211; \u00e9p s\u1ebd \u0111\u01b0\u1ee3c t\u1ef1 \u0111\u1ed9ng h\u00f3a<\/p>\n<p><img loading=\"lazy\" decoding=\"async\" class=\"aligncenter wp-image-10997 size-full\" src=\"https:\/\/congtybinhminh.com\/wp-content\/uploads\/2025\/10\/may-dun-ca-cong-nghiep-lap-dau-no-d15_result222.webp\" alt=\"may-dun-ca-cong-nghiep-lap-dau-no-d15_result222\" width=\"800\" height=\"1078\" srcset=\"https:\/\/congtybinhminh.com\/wp-content\/uploads\/2025\/10\/may-dun-ca-cong-nghiep-lap-dau-no-d15_result222.webp 800w, https:\/\/congtybinhminh.com\/wp-content\/uploads\/2025\/10\/may-dun-ca-cong-nghiep-lap-dau-no-d15_result222-297x400.webp 297w, https:\/\/congtybinhminh.com\/wp-content\/uploads\/2025\/10\/may-dun-ca-cong-nghiep-lap-dau-no-d15_result222-594x800.webp 594w, https:\/\/congtybinhminh.com\/wp-content\/uploads\/2025\/10\/may-dun-ca-cong-nghiep-lap-dau-no-d15_result222-768x1035.webp 768w, https:\/\/congtybinhminh.com\/wp-content\/uploads\/2025\/10\/may-dun-ca-cong-nghiep-lap-dau-no-d15_result222-510x687.webp 510w\" sizes=\"auto, (max-width: 800px) 100vw, 800px\" \/><\/p>\n<p>M\u00e1y x\u1eed l\u00fd nhanh x\u01b0\u01a1ng, c\u00e1, g\u00e0 th\u1ea3i.. t\u1ea5t c\u1ea3 \u0111\u01b0\u1ee3c \u0111\u00f9n ra nhuy\u1ec5n t\u1ea1o th\u1ee9c \u0103n gi\u00e0u \u0111\u1ea1m cho n\u0103ng su\u1ea5t cao g\u1ea5p 2 &#8211; 3 l\u1ea7n so v\u1edbi c\u00e1c d\u00f2ng m\u00e1y th\u00f4ng th\u01b0\u1eddng<\/p>\n<p><img loading=\"lazy\" decoding=\"async\" class=\"aligncenter wp-image-11004 size-full\" src=\"https:\/\/congtybinhminh.com\/wp-content\/uploads\/2025\/10\/may-xay-xuong_result222.webp\" alt=\"may-xay-xuong_result222\" width=\"800\" height=\"565\" srcset=\"https:\/\/congtybinhminh.com\/wp-content\/uploads\/2025\/10\/may-xay-xuong_result222.webp 800w, https:\/\/congtybinhminh.com\/wp-content\/uploads\/2025\/10\/may-xay-xuong_result222-566x400.webp 566w, https:\/\/congtybinhminh.com\/wp-content\/uploads\/2025\/10\/may-xay-xuong_result222-768x542.webp 768w, https:\/\/congtybinhminh.com\/wp-content\/uploads\/2025\/10\/may-xay-xuong_result222-510x360.webp 510w\" sizes=\"auto, (max-width: 800px) 100vw, 800px\" \/><\/p>\n<p>Kh\u00f4ng ch\u1ec9 v\u1eady, m\u00e1y c\u00f2n c\u00f3 th\u1ec3 \u0111\u00f9n b\u1ed9t c\u00e1m v\u00e0 rau t\u1ea1o th\u1ee9c \u0103n h\u1ed7n h\u1ee3p gi\u00e0u dinh d\u01b0\u1ee1ng cho gia s\u00fac &#8211; gia c\u1ea7m<\/p>\n<h2>C\u1ea5u t\u1ea1o m\u00e1y \u0111\u00f9n c\u00e1 c\u00f4ng nghi\u1ec7p l\u1eafp \u0111\u1ea7u n\u1ed5 D15<\/h2>\n<p>Thu\u1ed9c d\u00f2ng m\u00e1y c\u00f4ng nghi\u1ec7p v\u1edbi khung th\u00e9p \u0111\u01b0\u1ee3c h\u00e0n g\u1eafn ch\u1eafc ch\u1eafn, ho\u1ea1t \u0111\u1ed9ng li\u00ean t\u1ee5c m\u00e0 kh\u00f4ng lo rung l\u1eafc<\/p>\n<p><img loading=\"lazy\" decoding=\"async\" class=\"aligncenter wp-image-10998 size-full\" src=\"https:\/\/congtybinhminh.com\/wp-content\/uploads\/2025\/10\/cau-tao-may-dun-ca-lap-dau-no-d15_result222.webp\" alt=\"cau-tao-may-dun-ca-lap-dau-no-d15_result222\" width=\"800\" height=\"702\" srcset=\"https:\/\/congtybinhminh.com\/wp-content\/uploads\/2025\/10\/cau-tao-may-dun-ca-lap-dau-no-d15_result222.webp 800w, https:\/\/congtybinhminh.com\/wp-content\/uploads\/2025\/10\/cau-tao-may-dun-ca-lap-dau-no-d15_result222-456x400.webp 456w, https:\/\/congtybinhminh.com\/wp-content\/uploads\/2025\/10\/cau-tao-may-dun-ca-lap-dau-no-d15_result222-768x674.webp 768w, https:\/\/congtybinhminh.com\/wp-content\/uploads\/2025\/10\/cau-tao-may-dun-ca-lap-dau-no-d15_result222-510x448.webp 510w\" sizes=\"auto, (max-width: 800px) 100vw, 800px\" \/><\/p>\n<p>M\u00e1y \u0111\u01b0\u1ee3c thi\u1ebft k\u1ebf g\u1ed3m c\u00e1c chi ti\u1ebft: toa n\u1ea1p, tr\u1ee5c xo\u1eafn \u00e9p, m\u1eb7t s\u00e0ng v\u00e0 \u0111\u1ea7u \u0111\u00f9n<\/p>\n<p>Ph\u1ea7n toa n\u1ea1p thi\u1ebft k\u1ebf n\u1eb1m ngang thu\u1eadn ti\u1ec7n \u0111\u1eb7t tr\u1ef1c ti\u1ebfp nguy\u00ean li\u1ec7u l\u00ean b\u1ec1 m\u1eb7t toa<\/p>\n<p><img loading=\"lazy\" decoding=\"async\" class=\"aligncenter wp-image-10999 size-full\" src=\"https:\/\/congtybinhminh.com\/wp-content\/uploads\/2025\/10\/toa-nap-may-dun-ca_result222.webp\" alt=\"toa-nap-may-dun-ca_result222\" width=\"800\" height=\"610\" srcset=\"https:\/\/congtybinhminh.com\/wp-content\/uploads\/2025\/10\/toa-nap-may-dun-ca_result222.webp 800w, https:\/\/congtybinhminh.com\/wp-content\/uploads\/2025\/10\/toa-nap-may-dun-ca_result222-525x400.webp 525w, https:\/\/congtybinhminh.com\/wp-content\/uploads\/2025\/10\/toa-nap-may-dun-ca_result222-768x586.webp 768w, https:\/\/congtybinhminh.com\/wp-content\/uploads\/2025\/10\/toa-nap-may-dun-ca_result222-510x389.webp 510w\" sizes=\"auto, (max-width: 800px) 100vw, 800px\" \/><\/p>\n<p>Khi m\u00e1y ho\u1ea1t \u0111\u1ed9ng,ng\u01b0\u1eddi d\u00f9ng c\u00f3 th\u1ec3 quan s\u00e1t qu\u00e1 tr\u00ecnh tr\u1ee5c xo\u1eafn cu\u1ed1n nguy\u00ean li\u1ec7u t\u1eeb toa n\u1ea1p v\u00e0o bu\u1ed3ng nghi\u1ec1n<\/p>\n<p>Tr\u1ee5c xo\u1eafn cu\u1ed1n nguy\u00ean li\u1ec7u v\u00e0o nghi\u1ec1n l\u00e0m v\u1ee1 c\u1ea5u tr\u00fac ban \u0111\u1ea7u c\u1ee7a x\u01b0\u01a1ng &#8211; ti\u1ebfp \u0111\u1ebfn dao c\u1eaft xoay tr\u00f2n c\u1eaft c\u00e1c m\u1ea3nh v\u1ee5 c\u00f2n x\u00f3t l\u1ea1i v\u00e0 l\u00e0m m\u1ec1m h\u1ed7n h\u1ee3p &#8211; cu\u1ed1i c\u00f9ng \u0111\u00f9n h\u1ed7n h\u1ee3p qua m\u1eb7t s\u00e0ng<\/p>\n<p><img loading=\"lazy\" decoding=\"async\" class=\"aligncenter wp-image-11000 size-full\" src=\"https:\/\/congtybinhminh.com\/wp-content\/uploads\/2025\/10\/truc-xoan-dun-ca_result222.webp\" alt=\"truc-xoan-dun-ca_result222\" width=\"800\" height=\"1242\" srcset=\"https:\/\/congtybinhminh.com\/wp-content\/uploads\/2025\/10\/truc-xoan-dun-ca_result222.webp 800w, https:\/\/congtybinhminh.com\/wp-content\/uploads\/2025\/10\/truc-xoan-dun-ca_result222-258x400.webp 258w, https:\/\/congtybinhminh.com\/wp-content\/uploads\/2025\/10\/truc-xoan-dun-ca_result222-515x800.webp 515w, https:\/\/congtybinhminh.com\/wp-content\/uploads\/2025\/10\/truc-xoan-dun-ca_result222-768x1192.webp 768w, https:\/\/congtybinhminh.com\/wp-content\/uploads\/2025\/10\/truc-xoan-dun-ca_result222-510x792.webp 510w\" sizes=\"auto, (max-width: 800px) 100vw, 800px\" \/><\/p>\n<p>T\u00f9y v\u00e0o nhu c\u1ea7u ng\u01b0\u1eddi d\u00f9ng mu\u1ed1n th\u00e0nh ph\u1ea9m to hay nh\u1ecf m\u00e0 l\u1ef1a ch\u1ecdn c\u1ee1 s\u00e0ng l\u1eafp trong m\u00e1y ( v\u00ed d\u1ee5: s\u00e0ng 6ly;8ly;12ly)<\/p>\n<p><img loading=\"lazy\" decoding=\"async\" class=\"aligncenter wp-image-11001 size-full\" src=\"https:\/\/congtybinhminh.com\/wp-content\/uploads\/2025\/10\/may-sang-dun-ca_result222.webp\" alt=\"may-sang-dun-ca_result222\" width=\"800\" height=\"600\" srcset=\"https:\/\/congtybinhminh.com\/wp-content\/uploads\/2025\/10\/may-sang-dun-ca_result222.webp 800w, https:\/\/congtybinhminh.com\/wp-content\/uploads\/2025\/10\/may-sang-dun-ca_result222-533x400.webp 533w, https:\/\/congtybinhminh.com\/wp-content\/uploads\/2025\/10\/may-sang-dun-ca_result222-768x576.webp 768w, https:\/\/congtybinhminh.com\/wp-content\/uploads\/2025\/10\/may-sang-dun-ca_result222-510x383.webp 510w\" sizes=\"auto, (max-width: 800px) 100vw, 800px\" \/><\/p>\n<p>Ph\u00eda tr\u01b0\u1edbc \u0111\u1ea7u \u0111\u00f9n thi\u1ebft k\u1ebf tay kh\u00f3a thu\u1eadn ti\u1ec7n cho ng\u01b0\u1eddi d\u00f9ng d\u1ec5 th\u00e1o l\u1eafp \u0111\u1ec3 v\u1ec7 sinh hay b\u1ea3o d\u01b0\u1ee1ng m\u00e1y<\/p>\n<p><img loading=\"lazy\" decoding=\"async\" class=\"aligncenter wp-image-11002 size-full\" src=\"https:\/\/congtybinhminh.com\/wp-content\/uploads\/2025\/10\/dau-dun_result222.webp\" alt=\"dau-dun_result222\" width=\"800\" height=\"600\" srcset=\"https:\/\/congtybinhminh.com\/wp-content\/uploads\/2025\/10\/dau-dun_result222.webp 800w, https:\/\/congtybinhminh.com\/wp-content\/uploads\/2025\/10\/dau-dun_result222-533x400.webp 533w, https:\/\/congtybinhminh.com\/wp-content\/uploads\/2025\/10\/dau-dun_result222-768x576.webp 768w, https:\/\/congtybinhminh.com\/wp-content\/uploads\/2025\/10\/dau-dun_result222-510x383.webp 510w\" sizes=\"auto, (max-width: 800px) 100vw, 800px\" \/><\/p>\n<p>M\u00e1y xay x\u01b0\u01a1ng s\u1eed d\u1ee5ng \u0111\u1ea7u n\u1ed5 D15 truy\u1ec1n l\u1ef1c qua d\u00e2y curoa 3 \u0111ai cho n\u0103ng su\u1ea5t \u0111\u1ea1t kho\u1ea3ng 400 &#8211; 600 kg\/gi\u1edd, \u0111\u00e1p \u1ee9ng t\u1ed1t nhu c\u1ea7u ch\u0103n nu\u00f4i. V\u1edbi c\u1ea5u tr\u00fac n\u00e0y s\u1ebd gi\u00fap m\u00e1y xay \u00e9p nhanh &#8211; gi\u1ea3m t\u1ea3i cho \u0111\u1ed9ng c\u01a1.<\/p>\n<p><img loading=\"lazy\" decoding=\"async\" class=\"aligncenter wp-image-11005 size-full\" src=\"https:\/\/congtybinhminh.com\/wp-content\/uploads\/2025\/10\/may-xay-xuong_result222-1.webp\" alt=\"may-xay-xuong_result222\" width=\"800\" height=\"600\" srcset=\"https:\/\/congtybinhminh.com\/wp-content\/uploads\/2025\/10\/may-xay-xuong_result222-1.webp 800w, https:\/\/congtybinhminh.com\/wp-content\/uploads\/2025\/10\/may-xay-xuong_result222-1-533x400.webp 533w, https:\/\/congtybinhminh.com\/wp-content\/uploads\/2025\/10\/may-xay-xuong_result222-1-768x576.webp 768w, https:\/\/congtybinhminh.com\/wp-content\/uploads\/2025\/10\/may-xay-xuong_result222-1-510x383.webp 510w\" sizes=\"auto, (max-width: 800px) 100vw, 800px\" \/><\/p>\n<p><span style=\"font-size: 14.4px\">H\u01a1n th\u1ebf n\u1eefa. vi\u1ec7c s\u1eed d\u1ee5ng \u0111\u1ea7u n\u1ed5 ch\u1ea1y m\u00e1y gi\u00fap b\u00e0 con lo\u1ea1i b\u1ecf n\u1ed7i lo \u0111i\u1ec7n y\u1ebfu hay \u0111i\u1ec7n kh\u00f4ng \u0111\u1ee7 t\u1ea3i m\u00e0 v\u1eabn \u0111\u1ea3m b\u1ea3o n\u0103ng su\u1ea5t &#8211; g\u00f3p ph\u1ea7n th\u00fac \u0111\u1ea9y t\u0103ng tr\u01b0\u1edfng v\u00e0 n\u00e2ng cao hi\u1ec7u qu\u1ea3 kinh t\u1ebf trang tr\u1ea1i<\/span><\/p>\n<h2>\u0110\u1ecba ch\u1ec9 mua m\u00e1y \u0111\u00f9n c\u00e1 c\u00f4ng nghi\u1ec7p gi\u00e1 g\u1ed1c t\u1ea1i x\u01b0\u1edfng<\/h2>\n<p>C\u00f4ng ty B\u00ecnh Minh &#8211; \u0111\u01a1n v\u1ecb chuy\u00ean s\u1ea3n xu\u1ea5t m\u00e1y n\u00f4ng nghi\u1ec7p s\u1ed1 1 Vi\u1ec7t Nam v\u1edbi h\u01a1n 35 n\u0103m h\u00ecnh th\u00e0nh v\u00e0 ph\u00e1t tri\u1ec3n trong l\u0129nh v\u1ef1c c\u01a1 kh\u00ed, \u0111\u1ed3ng h\u00e0nh c\u00f9ng b\u00e0 con tr\u00ean kh\u1eafp m\u1ecdi mi\u1ec1n T\u1ed5 Qu\u1ed1c<\/p>\n<ul>\n<li>\u0110\u01a1n v\u1ecb tr\u1ef1c ti\u1ebfp s\u1ea3n xu\u1ea5t kh\u00f4ng qua \u0111\u1ea1i l\u00fd trung gian<\/li>\n<li>B\u1ea3o h\u00e0nh 12 th\u00e1ng, h\u1ed7 tr\u1ee3 t\u01b0 v\u1ea5n k\u1ef9 thu\u1eadt tr\u1ecdn \u0111\u1eddi m\u00e1y<\/li>\n<li>C\u00f3 s\u1eb5n m\u00e1y m\u00f3c v\u00e0 linh ph\u1ee5 ki\u1ec7n thu\u1eadn ti\u1ec7n b\u1ea3o h\u00e0nh v\u00e0 s\u1eeda ch\u1eefa<\/li>\n<\/ul>\n<p><img loading=\"lazy\" decoding=\"async\" class=\"aligncenter wp-image-10391 size-full\" src=\"https:\/\/congtybinhminh.com\/wp-content\/uploads\/2020\/05\/dia-chi-mua-may-dun-ca_result222.webp\" alt=\"dia-chi-mua-may-dun-ca_result222\" width=\"800\" height=\"600\" srcset=\"https:\/\/congtybinhminh.com\/wp-content\/uploads\/2020\/05\/dia-chi-mua-may-dun-ca_result222.webp 800w, https:\/\/congtybinhminh.com\/wp-content\/uploads\/2020\/05\/dia-chi-mua-may-dun-ca_result222-533x400.webp 533w, https:\/\/congtybinhminh.com\/wp-content\/uploads\/2020\/05\/dia-chi-mua-may-dun-ca_result222-768x576.webp 768w, https:\/\/congtybinhminh.com\/wp-content\/uploads\/2020\/05\/dia-chi-mua-may-dun-ca_result222-510x383.webp 510w\" sizes=\"auto, (max-width: 800px) 100vw, 800px\" \/><\/p>\n<p>\u0110\u1ec3 \u0111\u1eb7t mua m\u00e1y \u0111\u00f9n c\u00e1 ch\u00ednh h\u00e3ng, b\u00e0 con c\u00f3 th\u1ec3 l\u1ef1a ch\u1ecdn \u0111\u1eb7t mua 1 trong 2 c\u00e1ch sau:<\/p>\n<ul>\n<li>\u0110\u1eb7t mua tr\u1ef1c ti\u1ebfp: \u0111\u1ebfn tr\u1ef1c ti\u1ebfp x\u01b0\u1edfng s\u1ea3n xu\u1ea5t t\u1ea1i Ph\u01b0\u1eddng S\u01a1n T\u00e2y &#8211; H\u00e0 N\u1ed9i<\/li>\n<li>\u0110\u1eb7t mua Online: \u0111\u1ec3 l\u1ea1i l\u1eddi nh\u1eafn ho\u1eb7c li\u00ean h\u1ec7 s\u1ed1 \u0111i\u1ec7n tho\u1ea1i tr\u00ean website, \u0111\u1ed9i ng\u0169 t\u01b0 v\u1ea5n s\u1ebd li\u00ean h\u1ec7 b\u00e0 con trong th\u1eddi gian s\u1edbm nh\u1ea5t<\/li>\n<\/ul>\n<p>Giao h\u00e0ng to\u00e0n qu\u1ed1c th\u00f4ng qua h\u1ec7 th\u1ed1ng xe kh\u00e1ch li\u00ean t\u1ec9nh ho\u1eb7c nh\u1eadn m\u00e1y t\u1ea1i nh\u00e0 qua d\u1ecbch v\u1ee5 chuy\u1ec3n ph\u00e1t c\u1ee7a Viettel Post<\/p>\n<p><strong>Th\u00f4ng s\u1ed1 k\u1ef9 thu\u1eadt\u00a0<\/strong><\/p>\n<table border=\"1\" cellspacing=\"1\" cellpadding=\"1\">\n<tbody>\n<tr>\n<td colspan=\"1\" rowspan=\"3\">\u0110\u1ed9ng c\u01a1<\/td>\n<td>C\u00f4ng su\u1ea5t \u0111\u1ea7u n\u1ed5<\/td>\n<td>D15<\/td>\n<\/tr>\n<tr>\n<td>T\u1ed1c \u0111\u1ed9<\/td>\n<td>v\/p<\/td>\n<\/tr>\n<tr>\n<td>Ngu\u1ed3n \u0111i\u1ec7n<\/td>\n<td>V<\/td>\n<\/tr>\n<tr>\n<td colspan=\"1\" rowspan=\"2\">B\u1ea3o h\u00e0nh<\/td>\n<td>K\u1ef9 thu\u1eadt<\/td>\n<td>12 th\u00e1ng<\/td>\n<\/tr>\n<tr>\n<td>\u0110\u1ed9ng c\u01a1<\/td>\n<td>Theo t\u1eebng h\u00e3ng s\u1ea3n xu\u1ea5t<\/td>\n<\/tr>\n<tr>\n<td>N\u0103ng su\u1ea5t<\/td>\n<td colspan=\"2\" rowspan=\"1\">\u00a0kg\/gi\u1edd<\/td>\n<\/tr>\n<tr>\n<td>K\u00edch th\u01b0\u1edbc (d*c*r)<\/td>\n<td colspan=\"2\" rowspan=\"1\">148*83*98 cm<\/td>\n<\/tr>\n<tr>\n<td>H\u00ecnh th\u1ee9c thanh to\u00e1n<\/td>\n<td colspan=\"2\" rowspan=\"1\">\u00a0Ti\u1ec1n m\u1eb7t ho\u1eb7c chuy\u1ec3n kho\u1ea3n<\/td>\n<\/tr>\n<\/tbody>\n<\/table>\n","protected":false},"excerpt":{"rendered":"<ul>\n<li><strong>H\u00e3ng s\u1ea3n xu\u1ea5t:\u00a0<\/strong>B\u00ecnh Minh<\/li>\n<li><strong>C\u00f4ng su\u1ea5t \u0111\u1ea7u n\u1ed5 :\u00a0<\/strong>D15<\/li>\n<li><strong>K\u00edch th\u01b0\u1edbc( d*c*r):<\/strong>\u00a0148*83*98 cm<\/li>\n<li><strong>T\u00ednh n\u0103ng:\u00a0<\/strong>m\u00e1y \u0111\u00f9n \u2013 xay nhuy\u1ec5n c\u00e1c lo\u1ea1i cua, c\u00e1, \u1ed1c, x\u01b0\u01a1ng l\u1ee3n, x\u01b0\u01a1ng g\u00e0..<\/li>\n<\/ul>\n","protected":false},"featured_media":11007,"comment_status":"open","ping_status":"closed","template":"","meta":[],"product_brand":[],"product_cat":[196],"product_tag":[],"class_list":{"0":"post-10992","1":"product","2":"type-product","3":"status-publish","4":"has-post-thumbnail","6":"product_cat-may-dun-ca","8":"first","9":"instock","10":"shipping-taxable","11":"product-type-simple"},"_links":{"self":[{"href":"https:\/\/congtybinhminh.com\/index.php?rest_route=\/wp\/v2\/product\/10992","targetHints":{"allow":["GET"]}}],"collection":[{"href":"https:\/\/congtybinhminh.com\/index.php?rest_route=\/wp\/v2\/product"}],"about":[{"href":"https:\/\/congtybinhminh.com\/index.php?rest_route=\/wp\/v2\/types\/product"}],"replies":[{"embeddable":true,"href":"https:\/\/congtybinhminh.com\/index.php?rest_route=%2Fwp%2Fv2%2Fcomments&post=10992"}],"wp:featuredmedia":[{"embeddable":true,"href":"https:\/\/congtybinhminh.com\/index.php?rest_route=\/wp\/v2\/media\/11007"}],"wp:attachment":[{"href":"https:\/\/congtybinhminh.com\/index.php?rest_route=%2Fwp%2Fv2%2Fmedia&parent=10992"}],"wp:term":[{"taxonomy":"product_brand","embeddable":true,"href":"https:\/\/congtybinhminh.com\/index.php?rest_route=%2Fwp%2Fv2%2Fproduct_brand&post=10992"},{"taxonomy":"product_cat","embeddable":true,"href":"https:\/\/congtybinhminh.com\/index.php?rest_route=%2Fwp%2Fv2%2Fproduct_cat&post=10992"},{"taxonomy":"product_tag","embeddable":true,"href":"https:\/\/congtybinhminh.com\/index.php?rest_route=%2Fwp%2Fv2%2Fproduct_tag&post=10992"}],"curies":[{"name":"wp","href":"https:\/\/api.w.org\/{rel}","templated":true}]}}