{"id":10975,"date":"2025-10-04T13:59:08","date_gmt":"2025-10-04T06:59:08","guid":{"rendered":"https:\/\/congtybinhminh.com\/?post_type=product&#038;p=10975"},"modified":"2025-10-04T13:59:48","modified_gmt":"2025-10-04T06:59:48","slug":"may-xay-ep-nghe-lien-hoan-inox","status":"publish","type":"product","link":"https:\/\/congtybinhminh.com\/?product=may-xay-ep-nghe-lien-hoan-inox","title":{"rendered":"M\u00e1y xay \u00e9p ngh\u1ec7 li\u00ean ho\u00e0n inox"},"content":{"rendered":"<h2>Gi\u1edbi thi\u1ec7u m\u00e1y xay \u00e9p ngh\u1ec7 li\u00ean ho\u00e0n inox<\/h2>\n<p>M\u00e1y xay ngh\u1ec7 li\u00ean ho\u00e0n inox do c\u00f4ng ty B\u00ecnh MInh s\u1ea3n xu\u1ea5t &#8211; gi\u1ea3i ph\u00e1p hi\u1ec7n \u0111\u1ea1i, t\u00edch h\u1ee3p 2 t\u00ednh n\u0103ng &#8221; xay &#8211; \u00e9p n\u01b0\u1edbc c\u1ed1t&#8221; trong c\u00f9ng 1 quy tr\u00ecnh<\/p>\n<p><img loading=\"lazy\" decoding=\"async\" class=\"aligncenter wp-image-10987 size-full\" src=\"https:\/\/congtybinhminh.com\/wp-content\/uploads\/2025\/10\/may-xay-ep-nghe-lien-hoan-inox-binh-minh_result222.webp\" alt=\"may-xay-ep-nghe-lien-hoan-inox-binh-minh_result222\" width=\"800\" height=\"1078\" srcset=\"https:\/\/congtybinhminh.com\/wp-content\/uploads\/2025\/10\/may-xay-ep-nghe-lien-hoan-inox-binh-minh_result222.webp 800w, https:\/\/congtybinhminh.com\/wp-content\/uploads\/2025\/10\/may-xay-ep-nghe-lien-hoan-inox-binh-minh_result222-297x400.webp 297w, https:\/\/congtybinhminh.com\/wp-content\/uploads\/2025\/10\/may-xay-ep-nghe-lien-hoan-inox-binh-minh_result222-594x800.webp 594w, https:\/\/congtybinhminh.com\/wp-content\/uploads\/2025\/10\/may-xay-ep-nghe-lien-hoan-inox-binh-minh_result222-768x1035.webp 768w, https:\/\/congtybinhminh.com\/wp-content\/uploads\/2025\/10\/may-xay-ep-nghe-lien-hoan-inox-binh-minh_result222-510x687.webp 510w\" sizes=\"auto, (max-width: 800px) 100vw, 800px\" \/><\/p>\n<p>Ph\u1ea7n n\u01b0\u1edbc c\u1ed1t sau \u0111\u00f3 \u0111\u01b0\u1ee3c l\u1eafng l\u1ecdc thu v\u1ec1 ph\u1ea7n tinh b\u1ed9t nguy\u00ean ch\u1ea5t.<\/p>\n<p>G\u00f3p ph\u1ea7n r\u00fat ng\u1eafn th\u1eddi gian s\u1ea3n xu\u1ea5t, gi\u1ea3m c\u00f4ng s\u1ee9c lao \u0111\u1ed9ng m\u00e0 v\u1eabn \u0111\u1ea3m b\u1ea3o ch\u1ea5t l\u01b0\u1ee3ng th\u00e0nh ph\u1ea9m v\u00e0 gi\u1eef tr\u1ecdn d\u01b0\u1ee1ng ch\u1ea5t qu\u00fd t\u1eeb c\u1ee7 ngh\u1ec7<\/p>\n<h2>C\u1ea5u t\u1ea1o m\u00e1y xay \u00e9p ngh\u1ec7 li\u00ean ho\u00e0n inox<\/h2>\n<p>M\u00e1y xay \u00e9p ngh\u1ec7 li\u00ean ho\u00e0n \u0111\u01b0\u1ee3c l\u00e0m b\u1eb1ng inox cao c\u1ea5p kh\u00f4ng g\u00e2y han g\u1ec9, \u0111\u1ea3m b\u1ea3o v\u1ec7 sinh an to\u00e0n th\u1ef1c ph\u1ea9m<\/p>\n<p><img loading=\"lazy\" decoding=\"async\" class=\"aligncenter wp-image-10981 size-full\" src=\"https:\/\/congtybinhminh.com\/wp-content\/uploads\/2025\/10\/cau-tao-may-xay-ep-nghe-lien-hoan-inox_result222.webp\" alt=\"cau-tao-may-xay-ep-nghe-lien-hoan-inox_result222\" width=\"800\" height=\"622\" srcset=\"https:\/\/congtybinhminh.com\/wp-content\/uploads\/2025\/10\/cau-tao-may-xay-ep-nghe-lien-hoan-inox_result222.webp 800w, https:\/\/congtybinhminh.com\/wp-content\/uploads\/2025\/10\/cau-tao-may-xay-ep-nghe-lien-hoan-inox_result222-514x400.webp 514w, https:\/\/congtybinhminh.com\/wp-content\/uploads\/2025\/10\/cau-tao-may-xay-ep-nghe-lien-hoan-inox_result222-768x597.webp 768w, https:\/\/congtybinhminh.com\/wp-content\/uploads\/2025\/10\/cau-tao-may-xay-ep-nghe-lien-hoan-inox_result222-510x397.webp 510w\" sizes=\"auto, (max-width: 800px) 100vw, 800px\" \/><\/p>\n<p>K\u1ebft c\u1ea5u m\u00e1y \u0111\u01b0\u1ee3c h\u00e0n g\u1eafn ch\u1eafc ch\u1eafn v\u1edbi 3 ch\u00e2n tr\u1ee5 n\u00e2ng \u0111\u1ee1 to\u00e0n b\u1ed9 th\u00e2n m\u00e1y m\u00e0 kh\u00f4ng chi\u1ebfm nhi\u1ec1u di\u00ean t\u00edch, thu\u1eadn ti\u1ec7n b\u1ed1 tr\u00ed m\u00e1y trong x\u01b0\u1edfng hay trong gia \u0111\u00ecnh<\/p>\n<p><img loading=\"lazy\" decoding=\"async\" class=\"aligncenter wp-image-10986 size-full\" src=\"https:\/\/congtybinhminh.com\/wp-content\/uploads\/2025\/10\/may-xay-ep-tinh-bot-nghe_result222.webp\" alt=\"may-xay-ep-tinh-bot-nghe_result222\" width=\"800\" height=\"600\" srcset=\"https:\/\/congtybinhminh.com\/wp-content\/uploads\/2025\/10\/may-xay-ep-tinh-bot-nghe_result222.webp 800w, https:\/\/congtybinhminh.com\/wp-content\/uploads\/2025\/10\/may-xay-ep-tinh-bot-nghe_result222-533x400.webp 533w, https:\/\/congtybinhminh.com\/wp-content\/uploads\/2025\/10\/may-xay-ep-tinh-bot-nghe_result222-768x576.webp 768w, https:\/\/congtybinhminh.com\/wp-content\/uploads\/2025\/10\/may-xay-ep-tinh-bot-nghe_result222-510x383.webp 510w\" sizes=\"auto, (max-width: 800px) 100vw, 800px\" \/><\/p>\n<p>Toa n\u1ea1p nguy\u00ean li\u1ec7u \u0111\u01b0\u1ee3c thi\u1ebft k\u1ebf r\u1ed9ng v\u1edbi s\u1ee9c ch\u1ee9a h\u00e0ng c\u00e2n nguy\u00ean li\u1ec7u m\u1ed7i m\u1ebb. Thi\u1ebft k\u1ebf h\u01b0\u1edbng d\u1ed1c thu\u1eadn ti\u1ec7n \u0111\u01b0a nguy\u00ean li\u1ec7u di chuy\u1ec3n xu\u1ed1ng bu\u1ed3ng l\u00e0m vi\u1ec7c<\/p>\n<p><img loading=\"lazy\" decoding=\"async\" class=\"aligncenter wp-image-10982 size-full\" src=\"https:\/\/congtybinhminh.com\/wp-content\/uploads\/2025\/10\/dia-xay-ep-nghe_result222.webp\" alt=\"dia-xay-ep-nghe_result222\" width=\"800\" height=\"1119\" srcset=\"https:\/\/congtybinhminh.com\/wp-content\/uploads\/2025\/10\/dia-xay-ep-nghe_result222.webp 800w, https:\/\/congtybinhminh.com\/wp-content\/uploads\/2025\/10\/dia-xay-ep-nghe_result222-286x400.webp 286w, https:\/\/congtybinhminh.com\/wp-content\/uploads\/2025\/10\/dia-xay-ep-nghe_result222-572x800.webp 572w, https:\/\/congtybinhminh.com\/wp-content\/uploads\/2025\/10\/dia-xay-ep-nghe_result222-768x1074.webp 768w, https:\/\/congtybinhminh.com\/wp-content\/uploads\/2025\/10\/dia-xay-ep-nghe_result222-510x713.webp 510w\" sizes=\"auto, (max-width: 800px) 100vw, 800px\" \/><\/p>\n<p>B\u00ean trong bu\u1ed3ng l\u00e0m vi\u1ec7c l\u00e0 h\u1ec7 th\u1ed1ng xay &#8211; s\u00e1t b\u1eb1ng \u0111\u0129a xay c\u00f3 nhi\u1ec7m nghi\u1ec1n nh\u1ecf nguy\u00ean li\u1ec7u<\/p>\n<p>Sau \u0111\u00f3, ph\u1ea7n b\u00e3 \u0111\u01b0\u1ee3c ngi\u1ec1n, ti\u1ebfp t\u1ee5c \u0111\u01b0\u1ee3c xay nhuy\u1ec5n b\u1edfi 2 l\u01b0\u1ee1i dao v\u00e0 l\u1edbp b\u00e3 n\u00e0y \u0111\u01b0\u1ee3c l\u1ecdc b\u1edfi t\u1ea5m l\u01b0\u1edbi gi\u1eef l\u1ea1i \u1edf b\u00ean trong m\u00e1y c\u00f2n ph\u1ea7n n\u01b0\u1edbc c\u1ed1t s\u1ebd \u0111\u01b0\u1ee3c \u0111\u1ea9y ra ngo\u00e0i thu th\u00e0nh ph\u1ea9m<\/p>\n<p><img loading=\"lazy\" decoding=\"async\" class=\"aligncenter wp-image-10985 size-full\" src=\"https:\/\/congtybinhminh.com\/wp-content\/uploads\/2025\/10\/luoi-loc-tinh-bot-nghe_result222.webp\" alt=\"luoi-loc-tinh-bot-nghe_result222\" width=\"800\" height=\"614\" srcset=\"https:\/\/congtybinhminh.com\/wp-content\/uploads\/2025\/10\/luoi-loc-tinh-bot-nghe_result222.webp 800w, https:\/\/congtybinhminh.com\/wp-content\/uploads\/2025\/10\/luoi-loc-tinh-bot-nghe_result222-521x400.webp 521w, https:\/\/congtybinhminh.com\/wp-content\/uploads\/2025\/10\/luoi-loc-tinh-bot-nghe_result222-768x589.webp 768w, https:\/\/congtybinhminh.com\/wp-content\/uploads\/2025\/10\/luoi-loc-tinh-bot-nghe_result222-510x391.webp 510w\" sizes=\"auto, (max-width: 800px) 100vw, 800px\" \/><\/p>\n<p>B\u00ean c\u1ea1nh \u0111\u00f3, m\u00e1y \u0111\u01b0\u1ee3c trang b\u1ecb \u0111\u01b0\u1eddng \u1ed1ng d\u1eabn n\u01b0\u1edbc, gi\u00fap qu\u00e1 tr\u00ecnh xay \u00e9p di\u1ec5n ra nhanh ch\u00f3ng v\u1eeba l\u00e0m h\u1ea1 nhi\u1ec7t trong khoang &#8211; v\u1eeba thu \u0111\u01b0\u1ee3c t\u1ed1t \u0111a ph\u1ea7n n\u01b0\u1edbc c\u1ed1t<\/p>\n<p>M\u00e1y \u0111\u01b0\u1ee3c thi\u1ebft k\u1ebf 2 c\u1eeda x\u1ea3 ri\u00eang bi\u1ec7t;<\/p>\n<ul>\n<li>1 c\u1eeda x\u1ea3 n\u01b0\u1edbc c\u1ed1t<\/li>\n<li>1 c\u1eeda x\u1ea3 b\u00e3; ph\u00eda tr\u01b0\u1edbc c\u1eeda c\u00f3 ch\u1ed1t kh\u00f3a gi\u00fap ng\u01b0\u1eddi d\u00f9ng ch\u1ee7 \u0111\u1ed9ng \u0111\u00f3ng &#8211; m\u1edf l\u1ea5y ph\u1ea7n b\u00e3 ra ngo\u00e0i<\/li>\n<\/ul>\n<p><img loading=\"lazy\" decoding=\"async\" class=\"aligncenter wp-image-10984 size-full\" src=\"https:\/\/congtybinhminh.com\/wp-content\/uploads\/2025\/10\/cua-xa-nghe_result222.webp\" alt=\"cua-xa-nghe_result222\" width=\"800\" height=\"613\" srcset=\"https:\/\/congtybinhminh.com\/wp-content\/uploads\/2025\/10\/cua-xa-nghe_result222.webp 800w, https:\/\/congtybinhminh.com\/wp-content\/uploads\/2025\/10\/cua-xa-nghe_result222-522x400.webp 522w, https:\/\/congtybinhminh.com\/wp-content\/uploads\/2025\/10\/cua-xa-nghe_result222-768x588.webp 768w, https:\/\/congtybinhminh.com\/wp-content\/uploads\/2025\/10\/cua-xa-nghe_result222-510x391.webp 510w\" sizes=\"auto, (max-width: 800px) 100vw, 800px\" \/><\/p>\n<p>M\u00e1y xay \u00e9p ngh\u1ec7 1 ph\u00e1 s\u1eed d\u1ee5ng \u0111\u1ed9ng c\u01a1 3,5kw &#8211; 4kw motor l\u00f5i d\u00e2y \u0111\u1ed3ng 100% cho n\u0103ng su\u1ea5t \u0111\u1ea1t t\u1eeb 70 -150 kg\/gi\u1edd<\/p>\n<h2>V\u00ec sao n\u00ean d\u00f9ng m\u00e1y xay \u00e9p ngh\u1ec7 li\u00ean ho\u00e0n inox ?<\/h2>\n<p>Qu\u00e1 tr\u00ecnh xay \u00e9p t\u1ef1 \u0111\u1ed9ng, vi\u1ec7c \u1ee9ng d\u1ee5ng m\u00e1y m\u00f3c v\u00e0o x\u01a1 ch\u1ebf mang l\u1ea1i nhi\u1ec1u ti\u1ec7n \u00edch cho ng\u01b0\u1eddi d\u00f9ng:<\/p>\n<p><img loading=\"lazy\" decoding=\"async\" class=\"aligncenter wp-image-10988 size-full\" src=\"https:\/\/congtybinhminh.com\/wp-content\/uploads\/2025\/10\/may-xay-ep-nghe-lien-hoan-1-pha_result222.webp\" alt=\"may-xay-ep-nghe-lien-hoan-1-pha_result222\" width=\"800\" height=\"613\" srcset=\"https:\/\/congtybinhminh.com\/wp-content\/uploads\/2025\/10\/may-xay-ep-nghe-lien-hoan-1-pha_result222.webp 800w, https:\/\/congtybinhminh.com\/wp-content\/uploads\/2025\/10\/may-xay-ep-nghe-lien-hoan-1-pha_result222-522x400.webp 522w, https:\/\/congtybinhminh.com\/wp-content\/uploads\/2025\/10\/may-xay-ep-nghe-lien-hoan-1-pha_result222-768x588.webp 768w, https:\/\/congtybinhminh.com\/wp-content\/uploads\/2025\/10\/may-xay-ep-nghe-lien-hoan-1-pha_result222-510x391.webp 510w\" sizes=\"auto, (max-width: 800px) 100vw, 800px\" \/><\/p>\n<ul>\n<li>X\u01a1 ch\u1ebf l\u00e0m s\u1ea1ch c\u00e1c lo\u1ea1i c\u1ee7 qu\u1ea3 ngay t\u1ea1i nh\u00e0, ki\u1ec3m so\u00e1t ch\u1ea5t l\u01b0\u1ee3ng ngay t\u1eeb nguy\u00ean li\u1ec7u \u0111\u1ea7u v\u00e0o<\/li>\n<li>Qu\u00e1 tr\u00ecnh nghi\u1ec1n kh\u00e9p k\u00edn \u0111\u1ea9m b\u1ea3o v\u1ec7 sinh an to\u00e0n th\u1ef1c ph\u1ea9m<\/li>\n<li>R\u00fat ng\u1eafn th\u1eddi gian, gi\u1ea3m b\u1edbt s\u1ee9c lao \u0111\u1ed9ng so v\u1edbi v\u1eaft ngh\u1ec7 th\u1ee7 c\u00f4ng<\/li>\n<li>Qu\u00e1 tr\u00ecnh xay \u00e9p t\u1ef1 \u0111\u1ed9ng, ch\u1ec9 c\u1ea7n 1 &#8211; 2 ng\u01b0\u1eddi v\u1eadn h\u00e0nh m\u00e1y m\u00e0 v\u1eabn \u0111\u1ea3m b\u1ea3o n\u0103ng su\u1ea5t<\/li>\n<\/ul>\n<h2>\u0110\u1ecba ch\u1ec9 mua m\u00e1y xay \u00e9p ngh\u1ec7 gi\u00e1 g\u1ed1c t\u1ea1i H\u00e0 N\u1ed9i<\/h2>\n<p>L\u00e0 \u0111\u01a1n v\u1ecb tr\u1ef1c ti\u1ebfp s\u1ea3n xu\u1ea5t m\u00e1y xay \u00e9p tinh b\u1ed9t ngh\u1ec7 t\u1ea1i H\u00e0 N\u1ed9i, v\u1edbi h\u01a1n 35 n\u0103m kinh nghi\u1ec7m trong l\u0129nh v\u1ef1c c\u01a1 kh\u00ed \u0111\u1ed3ng h\u00e0nh c\u00f9ng b\u00e0 con tr\u00ean kh\u1eafp m\u1ecdi mi\u1ec1n T\u1ed5 Qu\u1ed1c<\/p>\n<p><img loading=\"lazy\" decoding=\"async\" class=\"aligncenter wp-image-10989 size-full\" src=\"https:\/\/congtybinhminh.com\/wp-content\/uploads\/2025\/10\/may-xay-nghe-tuoi_result222.webp\" alt=\"may-xay-nghe-tuoi_result222\" width=\"800\" height=\"555\" srcset=\"https:\/\/congtybinhminh.com\/wp-content\/uploads\/2025\/10\/may-xay-nghe-tuoi_result222.webp 800w, https:\/\/congtybinhminh.com\/wp-content\/uploads\/2025\/10\/may-xay-nghe-tuoi_result222-577x400.webp 577w, https:\/\/congtybinhminh.com\/wp-content\/uploads\/2025\/10\/may-xay-nghe-tuoi_result222-768x533.webp 768w, https:\/\/congtybinhminh.com\/wp-content\/uploads\/2025\/10\/may-xay-nghe-tuoi_result222-510x354.webp 510w\" sizes=\"auto, (max-width: 800px) 100vw, 800px\" \/><\/p>\n<p>\u0110\u1ec3 \u0111\u1eb7t mua m\u00e1y v\u00e0 bi\u1ebft th\u00eam th\u00f4ng tin chi ti\u1ebft b\u00e0 con c\u00f3 th\u1ec3 li\u00ean h\u1ec7 v\u1edbi ch\u00fang t\u00f4i v\u1edbi 3 c\u00e1ch sau:<\/p>\n<ul>\n<li>Truy c\u1eadp website: sieuthimaybinhminh.com<\/li>\n<li>Truy c\u1eadp youtube: c\u00f4ng ty B\u00ecnh Minh<\/li>\n<li>\u0110\u1ebfn tr\u1ef1c ti\u1ebfp tr\u1ee5 s\u1edf g\u1ea7n nh\u1ea5t c\u1ee7a c\u00f4ng ty t\u1ea1i H\u00e0 N\u1ed9i<\/li>\n<\/ul>\n<p>Khi \u0111\u1ebfn tr\u1ef1c ti\u1ebfp t\u1ea1i x\u01b0\u1edfng mua h\u00e0ng, b\u00e0 con s\u1ebd \u0111\u01b0\u1ee3c th\u1eed nghi\u1ec7m v\u1eadn h\u00e0nh m\u00e1y d\u01b0\u1edbi s\u1ef1 h\u01b0\u1edbng d\u1eabn c\u1ee7a \u0111\u1ed9i ng\u0169 k\u1ef9 thu\u1eadt<\/p>\n<p>\u0110\u1ed1i v\u1edbi b\u00e0 con \u1edf xa, c\u00f3 th\u1ec3 li\u00ean h\u1ec7 t\u1edbi s\u1ed1 \u0111i\u1ec7n tho\u1ea1i Hotline tr\u00ean website ho\u1eb7c \u0111\u1ec3 l\u1ea1i l\u1eddi nh\u1eafn ph\u1ea7n b\u00ecnh lu\u1eadn, \u0111\u1ed9i ng\u0169 t\u01b0 v\u1ea5n s\u1ebd li\u00ean h\u1ec7 b\u00e0 con trong th\u1eddi gian s\u1edbm nh\u1ea5t<\/p>\n<p><strong>Th\u00f4ng s\u1ed1 k\u1ef9 thu\u1eadt<\/strong><\/p>\n<table border=\"1\" cellspacing=\"1\" cellpadding=\"1\">\n<tbody>\n<tr>\n<td colspan=\"1\" rowspan=\"3\">\u0110\u1ed9ng c\u01a1<\/td>\n<td>C\u00f4ng su\u1ea5t \u0111\u1ed9ng c\u01a1<\/td>\n<td>3.5 &#8211; 4kw<\/td>\n<\/tr>\n<tr>\n<td>Ngu\u1ed3n \u0111i\u1ec7n<\/td>\n<td>220V &#8211; 380V<\/td>\n<\/tr>\n<tr>\n<td>T\u1ed1c \u0111\u1ed9<\/td>\n<td>2900 v\/p<\/td>\n<\/tr>\n<tr>\n<td colspan=\"1\" rowspan=\"2\">B\u1ea3o h\u00e0nh<\/td>\n<td>K\u1ef9 thu\u1eadt<\/td>\n<td>12 th\u00e1ng<\/td>\n<\/tr>\n<tr>\n<td>\u0110\u1ed9ng c\u01a1<\/td>\n<td>Theo t\u1eebng h\u00e3ng s\u1ea3n xu\u1ea5t<\/td>\n<\/tr>\n<tr>\n<td>N\u0103ng su\u1ea5t<\/td>\n<td colspan=\"2\" rowspan=\"1\">\u00a0kg\/gi\u1edd<\/td>\n<\/tr>\n<tr>\n<td>K\u00edch th\u01b0\u1edbc (d*c*r)<\/td>\n<td colspan=\"2\" rowspan=\"1\">114*107*100 cm<\/td>\n<\/tr>\n<tr>\n<td>H\u00ecnh th\u1ee9c thanh to\u00e1n<\/td>\n<td colspan=\"2\" rowspan=\"1\">Ti\u1ec1n m\u1eb7t ho\u1eb7c chuy\u1ec3n kho\u1ea3n<\/td>\n<\/tr>\n<\/tbody>\n<\/table>\n","protected":false},"excerpt":{"rendered":"<ul>\n<li><strong>H\u00e3ng s\u1ea3n xu\u1ea5t<\/strong>: B\u00ecnh Minh<\/li>\n<li><strong>C\u00f4ng su\u1ea5t \u0111\u1ed9ng c\u01a1<\/strong>\u00a0: 3.5 &#8211; 4kw<\/li>\n<li><strong>Ngu\u1ed3n \u0111i\u1ec7n<\/strong>: 220V &#8211; 380V<\/li>\n<li><strong>T\u1ed1c \u0111\u1ed9:\u00a0<\/strong>2900 v\u00f2ng\/ph\u00fat<\/li>\n<li><strong>K\u00edch th\u01b0\u1edbc (d*c*r)<\/strong>: 114*107*100 cm<\/li>\n<li><strong>T\u00ednh n\u0103ng<\/strong>: m\u00e1y xay v\u1eaft li\u00ean ho\u00e0n ngh\u1ec7 h\u1ed7 tr\u1ee3 l\u00e0m tinh b\u1ed9t v\u00e0 xay \u00e9p c\u00e1c lo\u1ea1i c\u1ee7 qu\u1ea3 kh\u00e1c<\/li>\n<\/ul>\n","protected":false},"featured_media":10976,"comment_status":"open","ping_status":"closed","template":"","meta":[],"product_brand":[],"product_cat":[214],"product_tag":[],"class_list":{"0":"post-10975","1":"product","2":"type-product","3":"status-publish","4":"has-post-thumbnail","6":"product_cat-may-xay-ep-nghe-tuoi","8":"first","9":"instock","10":"shipping-taxable","11":"product-type-simple"},"_links":{"self":[{"href":"https:\/\/congtybinhminh.com\/index.php?rest_route=\/wp\/v2\/product\/10975","targetHints":{"allow":["GET"]}}],"collection":[{"href":"https:\/\/congtybinhminh.com\/index.php?rest_route=\/wp\/v2\/product"}],"about":[{"href":"https:\/\/congtybinhminh.com\/index.php?rest_route=\/wp\/v2\/types\/product"}],"replies":[{"embeddable":true,"href":"https:\/\/congtybinhminh.com\/index.php?rest_route=%2Fwp%2Fv2%2Fcomments&post=10975"}],"wp:featuredmedia":[{"embeddable":true,"href":"https:\/\/congtybinhminh.com\/index.php?rest_route=\/wp\/v2\/media\/10976"}],"wp:attachment":[{"href":"https:\/\/congtybinhminh.com\/index.php?rest_route=%2Fwp%2Fv2%2Fmedia&parent=10975"}],"wp:term":[{"taxonomy":"product_brand","embeddable":true,"href":"https:\/\/congtybinhminh.com\/index.php?rest_route=%2Fwp%2Fv2%2Fproduct_brand&post=10975"},{"taxonomy":"product_cat","embeddable":true,"href":"https:\/\/congtybinhminh.com\/index.php?rest_route=%2Fwp%2Fv2%2Fproduct_cat&post=10975"},{"taxonomy":"product_tag","embeddable":true,"href":"https:\/\/congtybinhminh.com\/index.php?rest_route=%2Fwp%2Fv2%2Fproduct_tag&post=10975"}],"curies":[{"name":"wp","href":"https:\/\/api.w.org\/{rel}","templated":true}]}}