{"id":10964,"date":"2025-10-01T16:15:55","date_gmt":"2025-10-01T09:15:55","guid":{"rendered":"https:\/\/congtybinhminh.com\/?post_type=product&#038;p=10964"},"modified":"2025-10-01T16:15:57","modified_gmt":"2025-10-01T09:15:57","slug":"may-nghien-thuc-an-chan-nuoi-b12-2-toa-inox","status":"publish","type":"product","link":"https:\/\/congtybinhminh.com\/?product=may-nghien-thuc-an-chan-nuoi-b12-2-toa-inox","title":{"rendered":"M\u00e1y nghi\u1ec1n th\u1ee9c \u0103n ch\u0103n nu\u00f4i B12 &#8211; 2 toa inox"},"content":{"rendered":"<h2>Gi\u1edbi thi\u1ec7u m\u00e1y nghi\u1ec1n th\u1ee9c \u0103n ch\u0103n nu\u00f4i B12 &#8211; 2 toa<\/h2>\n<p>M\u00e1y nghi\u1ec1n th\u1ee9c \u0103n ch\u0103n nu\u00f4i B12 &#8211; 2 toa do c\u00f4ng ty B\u00ecnh Minh s\u1ea3n xu\u1ea5t &#8211; tr\u1ee3 th\u1ee7 \u0111\u1eafc l\u1ef1c cho b\u00e0 con nh\u00e0 n\u00f4ng v\u1edbi kh\u1ea3 n\u0103ng nghi\u1ec1n g\u1ea1o ng\u00e2m th\u00e0nh b\u1ed9t l\u00e0m b\u00fan, b\u1ed9t l\u00e0m b\u00e1nh, v\u1eeba c\u00f3 kh\u1ea3 n\u0103ng nghi\u1ec1n c\u00e1c lo\u1ea1i n\u00f4ng ph\u1ea9m kh\u00f4 kh\u00e1c<\/p>\n<p><img loading=\"lazy\" decoding=\"async\" class=\"aligncenter wp-image-10969 size-full\" src=\"https:\/\/congtybinhminh.com\/wp-content\/uploads\/2025\/10\/may-nghien-thuc-an-chan-nuoi-b12-2-toa-inox-binh-minh_result222.webp\" alt=\"may-nghien-thuc-an-chan-nuoi-b12-2-toa-inox-binh-minh_result222\" width=\"800\" height=\"1078\" srcset=\"https:\/\/congtybinhminh.com\/wp-content\/uploads\/2025\/10\/may-nghien-thuc-an-chan-nuoi-b12-2-toa-inox-binh-minh_result222.webp 800w, https:\/\/congtybinhminh.com\/wp-content\/uploads\/2025\/10\/may-nghien-thuc-an-chan-nuoi-b12-2-toa-inox-binh-minh_result222-297x400.webp 297w, https:\/\/congtybinhminh.com\/wp-content\/uploads\/2025\/10\/may-nghien-thuc-an-chan-nuoi-b12-2-toa-inox-binh-minh_result222-594x800.webp 594w, https:\/\/congtybinhminh.com\/wp-content\/uploads\/2025\/10\/may-nghien-thuc-an-chan-nuoi-b12-2-toa-inox-binh-minh_result222-768x1035.webp 768w, https:\/\/congtybinhminh.com\/wp-content\/uploads\/2025\/10\/may-nghien-thuc-an-chan-nuoi-b12-2-toa-inox-binh-minh_result222-510x687.webp 510w\" sizes=\"auto, (max-width: 800px) 100vw, 800px\" \/><\/p>\n<p>Thi\u1ebft b\u1ecb th\u00edch h\u1ee3p d\u00f9ng cho c\u00e1c h\u1ed9 gia \u0111\u00ecnh, c\u01a1 s\u1edf s\u1ea3n xu\u1ea5t hay c\u1ea3 h\u1ed9 ch\u0103n nu\u00f4i mu\u1ed1n ch\u1ee7 \u0111\u1ed9ng v\u00e0 chuy\u00ean nghi\u1ec7p trong s\u1ea3n xu\u1ea5t<\/p>\n<h2>C\u1ea5u t\u1ea1o m\u00e1y nghi\u1ec1n th\u1ee9c \u0103n ch\u0103n nu\u00f4i B12 &#8211; 2 toa<\/h2>\n<p>M\u00e1y nghi\u1ec1n th\u1ee9c \u0103n ch\u0103n nu\u00f4i B12 &#8211; 2 toa \u0111\u01b0\u1ee3c thi\u1ebft k\u1ebf cao c\u1ea5p v\u1edbi ch\u1ea5t li\u1ec7u inox d\u00e0y, s\u00e1ng b\u00f3ng, b\u1ec1 m\u1eb7t l\u00e1ng m\u1ecbn kh\u00f4ng b\u00e1m b\u1ed9t, d\u1ec5 lau r\u1eeda sau m\u1ed7i l\u1ea7n s\u1eed d\u1ee5ng<\/p>\n<p><img loading=\"lazy\" decoding=\"async\" class=\"aligncenter wp-image-10970 size-full\" src=\"https:\/\/congtybinhminh.com\/wp-content\/uploads\/2025\/10\/cau-tao-may-nghien-thuc-an-chan-nuoi-b12-2-toa-inox-binh-minh_result222.webp\" alt=\"cau-tao-may-nghien-thuc-an-chan-nuoi-b12-2-toa-inox-binh-minh_result222\" width=\"800\" height=\"758\" srcset=\"https:\/\/congtybinhminh.com\/wp-content\/uploads\/2025\/10\/cau-tao-may-nghien-thuc-an-chan-nuoi-b12-2-toa-inox-binh-minh_result222.webp 800w, https:\/\/congtybinhminh.com\/wp-content\/uploads\/2025\/10\/cau-tao-may-nghien-thuc-an-chan-nuoi-b12-2-toa-inox-binh-minh_result222-422x400.webp 422w, https:\/\/congtybinhminh.com\/wp-content\/uploads\/2025\/10\/cau-tao-may-nghien-thuc-an-chan-nuoi-b12-2-toa-inox-binh-minh_result222-768x728.webp 768w, https:\/\/congtybinhminh.com\/wp-content\/uploads\/2025\/10\/cau-tao-may-nghien-thuc-an-chan-nuoi-b12-2-toa-inox-binh-minh_result222-510x483.webp 510w\" sizes=\"auto, (max-width: 800px) 100vw, 800px\" \/><\/p>\n<h3>Toa n\u1ea1p nguy\u00ean li\u1ec7u<\/h3>\n<p>M\u00e1y trang b\u1ecb 2 toa n\u1ea1p ti\u1ec7n l\u1ee3i, gi\u00fap ti\u1ebfp nh\u1eadn nhi\u1ec1u nguy\u00ean li\u1ec7u c\u00f9ng l\u00fac t\u0103ng n\u0103ng su\u1ea5t v\u00e0 hi\u1ec7u qu\u1ea3 l\u00e0m vi\u1ec7c:<\/p>\n<ul>\n<li>Toa n\u1ea1p ch\u00ednh: d\u1ea1ng \u0111\u1ee9ng, khoang ch\u1ee9a l\u1edbn ch\u1ee9a \u0111\u01b0\u1ee3c nhi\u1ec1u nguy\u00ean li\u1ec7u h\u01a1n<\/li>\n<li>Toa n\u1ea1p ph\u1ee5: d\u1ea1ng ngang, b\u1ed1 tr\u00ed ngay ph\u00eda d\u01b0\u1edbi h\u1ed7 tr\u1ee3 n\u1ea1p th\u00eam nguy\u00ean li\u1ec7u<\/li>\n<\/ul>\n<p><img loading=\"lazy\" decoding=\"async\" class=\"aligncenter wp-image-10971 size-full\" src=\"https:\/\/congtybinhminh.com\/wp-content\/uploads\/2025\/10\/toa-nap-may-nghien-thuc-an-chan-nuoi-b12-2-toa_result222.webp\" alt=\"toa-nap-may-nghien-thuc-an-chan-nuoi-b12-2-toa_result222\" width=\"800\" height=\"600\" srcset=\"https:\/\/congtybinhminh.com\/wp-content\/uploads\/2025\/10\/toa-nap-may-nghien-thuc-an-chan-nuoi-b12-2-toa_result222.webp 800w, https:\/\/congtybinhminh.com\/wp-content\/uploads\/2025\/10\/toa-nap-may-nghien-thuc-an-chan-nuoi-b12-2-toa_result222-533x400.webp 533w, https:\/\/congtybinhminh.com\/wp-content\/uploads\/2025\/10\/toa-nap-may-nghien-thuc-an-chan-nuoi-b12-2-toa_result222-768x576.webp 768w, https:\/\/congtybinhminh.com\/wp-content\/uploads\/2025\/10\/toa-nap-may-nghien-thuc-an-chan-nuoi-b12-2-toa_result222-510x383.webp 510w\" sizes=\"auto, (max-width: 800px) 100vw, 800px\" \/><\/p>\n<p>M\u1ed7i toa \u0111\u1ec1u c\u00f3 t\u1ea5m ch\u1eafn \u0111i\u1ec1u ch\u1ec9nh l\u01b0\u1ee3ng n\u1ea1p gi\u00fap ng\u01b0\u1eddi d\u00f9ng d\u1ec5 d\u00e0ng ki\u1ec3m so\u00e1t v\u00e0 tr\u00e1nh t\u00ecnh tr\u1ea1ng t\u1eafc ngh\u1ebdn hay ngh\u1eb9n nguy\u00ean li\u1ec7u khi nghi\u1ec1n<\/p>\n<h3>H\u1ec7 th\u1ed1ng bu\u1ed3ng l\u00e0m vi\u1ec7c<\/h3>\n<p>B\u00ean trong bu\u1ed3ng nghi\u1ec1n g\u1ed3m 18 b\u00faa \u0111\u1eadp g\u1eafn tr\u00ean tr\u1ee5c quay. Khi m\u00e1y v\u1eadn h\u00e0nh, c\u00e1c thanh b\u00faa xoay tr\u00f2n \u0111\u1eadp v\u1ee1 v\u00e0 nghi\u1ec1n nh\u1ecf nguy\u00ean li\u1ec7u v\u1edbi m\u1eb7t s\u00e0ng \u0111\u1ebfn khi \u0111\u1ea1t chu\u1ea9n<\/p>\n<p><img loading=\"lazy\" decoding=\"async\" class=\"aligncenter wp-image-10972 size-full\" src=\"https:\/\/congtybinhminh.com\/wp-content\/uploads\/2025\/10\/may-nghien-18-bua_result222.webp\" alt=\"may-nghien-18-bua_result222\" width=\"800\" height=\"600\" srcset=\"https:\/\/congtybinhminh.com\/wp-content\/uploads\/2025\/10\/may-nghien-18-bua_result222.webp 800w, https:\/\/congtybinhminh.com\/wp-content\/uploads\/2025\/10\/may-nghien-18-bua_result222-533x400.webp 533w, https:\/\/congtybinhminh.com\/wp-content\/uploads\/2025\/10\/may-nghien-18-bua_result222-768x576.webp 768w, https:\/\/congtybinhminh.com\/wp-content\/uploads\/2025\/10\/may-nghien-18-bua_result222-510x383.webp 510w\" sizes=\"auto, (max-width: 800px) 100vw, 800px\" \/><\/p>\n<p>C\u00e1nh qu\u1ea1t th\u1ed5i b\u1ed9t qua l\u1ed7 s\u00e0ng tho\u00e1t ra ngo\u00e0i c\u1eeda x\u1ea3. Ng\u01b0\u1eddi d\u00f9ng c\u00f3 th\u1ec3 linh \u0111\u1ed9ng thay \u0111\u1ed5i k\u00edch c\u1ee1 hay \u0111\u1ed9 m\u1ecbn c\u1ee7a b\u1ed9t b\u1eb1ng c\u00e1ch l\u1ef1a ch\u1ecdn m\u1eb7t s\u00e0ng l\u1eafp trong m\u00e1y<\/p>\n<h3>\u0110\u1ed9ng c\u01a1 3 pha<\/h3>\n<p>M\u00e1y nghi\u1ec1n 3 pha s\u1eed d\u1ee5ng \u0111\u1ed9ng c\u01a1 5.5 &#8211; 7.5kw motor l\u00f5i d\u00e2y \u0111\u1ed3ng 100% cho n\u0103ng su\u1ea5t \u0111\u1ea1t t\u1eeb 100 &#8211; 200kg\/gi\u1edd. \u0110\u00e1p \u1ee9ng nhu c\u1ea7u ch\u1ebf bi\u1ebfn th\u1ef1c ph\u1ea9m l\u1eabn ch\u0103n nu\u00f4i<\/p>\n<p><img loading=\"lazy\" decoding=\"async\" class=\"aligncenter wp-image-10973 size-full\" src=\"https:\/\/congtybinhminh.com\/wp-content\/uploads\/2025\/10\/may-nghien-3-pha-inox_result222.webp\" alt=\"may-nghien-3-pha-inox_result222\" width=\"800\" height=\"472\" srcset=\"https:\/\/congtybinhminh.com\/wp-content\/uploads\/2025\/10\/may-nghien-3-pha-inox_result222.webp 800w, https:\/\/congtybinhminh.com\/wp-content\/uploads\/2025\/10\/may-nghien-3-pha-inox_result222-678x400.webp 678w, https:\/\/congtybinhminh.com\/wp-content\/uploads\/2025\/10\/may-nghien-3-pha-inox_result222-768x453.webp 768w, https:\/\/congtybinhminh.com\/wp-content\/uploads\/2025\/10\/may-nghien-3-pha-inox_result222-510x301.webp 510w\" sizes=\"auto, (max-width: 800px) 100vw, 800px\" \/><\/p>\n<p>M\u00e1y nghi\u1ec1n B12 &#8211; 2 toa thi\u1ebft b\u1ecb \u0111a n\u0103ng, ph\u00f9 h\u1ee3p cho c\u00e1c h\u1ed9 gia \u0111\u00ecnh, c\u01a1 s\u1edf ch\u1ebf bi\u1ebfn th\u1ef1c ph\u1ea9m v\u00e0 trang tr\u1ea1i ch\u0103n nu\u00f4i v\u1eeba &#8211; nh\u1ecf. \u0110\u1ea7u t\u01b0 ngay h\u00f4m nay \u0111\u1ec3 t\u1eadn d\u1ee5ng m\u1ed9t chi\u1ebfc m\u00e1y &#8211; nhi\u1ec1u l\u1ee3i \u00edch. Ch\u1ee7 \u0111\u1ed9ng ngu\u1ed3n nguy\u00ean li\u1ec7u s\u1ea1ch &#8211; n\u00e2ng cao hi\u1ec7u qu\u1ea3 s\u1ea3n xu\u1ea5t v\u00e0 kinh doanh<\/p>\n<h2>L\u00e0m sao \u0111\u1ec3 \u0111\u1eb7t mua m\u00e1y nghi\u1ec1n ch\u00ednh h\u00e3ng<\/h2>\n<p>C\u00f4ng ty B\u00ecnh Minh &#8211; \u0111\u01a1n v\u1ecb chuy\u00ean s\u1ea3n xu\u1ea5t v\u00e0 cung c\u1ea5p c\u00e1c d\u00f2ng m\u00e1y n\u00f4ng nghi\u1ec7p s\u1ed1 1 Vi\u1ec7t Nam v\u1edbi h\u01a1n 35 n\u0103m kinh nghi\u1ec7m trong l\u0129nh v\u1ef1c c\u01a1 kh\u00ed<\/p>\n<p><img loading=\"lazy\" decoding=\"async\" class=\"aligncenter wp-image-9695 size-full\" src=\"https:\/\/congtybinhminh.com\/wp-content\/uploads\/2024\/05\/dia-chi-mua-may-nghien_result222.webp\" alt=\"dia-chi-mua-may-nghien_result222\" width=\"800\" height=\"1231\" srcset=\"https:\/\/congtybinhminh.com\/wp-content\/uploads\/2024\/05\/dia-chi-mua-may-nghien_result222.webp 800w, https:\/\/congtybinhminh.com\/wp-content\/uploads\/2024\/05\/dia-chi-mua-may-nghien_result222-260x400.webp 260w, https:\/\/congtybinhminh.com\/wp-content\/uploads\/2024\/05\/dia-chi-mua-may-nghien_result222-520x800.webp 520w, https:\/\/congtybinhminh.com\/wp-content\/uploads\/2024\/05\/dia-chi-mua-may-nghien_result222-768x1182.webp 768w, https:\/\/congtybinhminh.com\/wp-content\/uploads\/2024\/05\/dia-chi-mua-may-nghien_result222-510x785.webp 510w\" sizes=\"auto, (max-width: 800px) 100vw, 800px\" \/><\/p>\n<p>\u0110\u1ec3 \u0111\u1eb7t mua m\u00e1y ch\u00ednh h\u00e3ng, b\u00e0 con c\u00f3 th\u1ec3 l\u1ef1a ch\u1ecdn 1 trong c\u00e1c c\u00e1ch sau:<\/p>\n<ul>\n<li>\u0110\u1eb7t mua tr\u1ef1c ti\u1ebfp: b\u00e0 con tr\u1ef1c ti\u1ebfp \u0111\u1ebfn \u0111\u01a1n v\u1ecb t\u1ea1i ph\u01b0\u1eddng S\u01a1n T\u00e2y &#8211; H\u00e0 N\u1ed9i<\/li>\n<li>\u0110\u1eb7t mua Online: \u0111\u1ec3 l\u1ea1i l\u1eddi nh\u1eafn ho\u1eb7c li\u00ean h\u1ec7 tr\u1ef1c ti\u1ebfp s\u1ed1 \u0111i\u1ec7n tho\u1ea1i tr\u00ean website, \u0111\u1ed9i ng\u0169 t\u01b0 v\u1ea5n s\u1ebd li\u00ean h\u1ec7 b\u00e0 con trong th\u1eddi gian s\u1edbm nh\u1ea5t<\/li>\n<\/ul>\n<p><strong>Th\u00f4ng s\u1ed1 k\u1ef9 thu\u1eadt<\/strong><\/p>\n<table border=\"1\" cellspacing=\"1\" cellpadding=\"1\">\n<tbody>\n<tr>\n<td colspan=\"1\" rowspan=\"3\">\u0110\u1ed9ng c\u01a1<\/td>\n<td>C\u00f4ng su\u1ea5t \u0111\u1ed9ng c\u01a1<\/td>\n<td>5.5 &#8211; 7.5kw<\/td>\n<\/tr>\n<tr>\n<td>Ngu\u1ed3n \u0111i\u1ec7n<\/td>\n<td>380V<\/td>\n<\/tr>\n<tr>\n<td>T\u1ed1c \u0111\u1ed9<\/td>\n<td>\u00a0v\/p<\/td>\n<\/tr>\n<tr>\n<td colspan=\"1\" rowspan=\"2\">B\u1ea3o h\u00e0nh<\/td>\n<td>K\u1ef9 thu\u1eadt<\/td>\n<td>12 th\u00e1ng<\/td>\n<\/tr>\n<tr>\n<td>\u0110\u1ed9ng c\u01a1<\/td>\n<td>Theo t\u1eebng h\u00e3ng s\u1ea3n xu\u1ea5t<\/td>\n<\/tr>\n<tr>\n<td>N\u0103ng su\u1ea5t<\/td>\n<td colspan=\"2\" rowspan=\"1\">100 &#8211; 200 kg\/gi\u1edd<\/td>\n<\/tr>\n<tr>\n<td>K\u00edch th\u01b0\u1edbc (d*c*r)<\/td>\n<td colspan=\"2\" rowspan=\"1\">104*72*51 cm<\/td>\n<\/tr>\n<tr>\n<td>H\u00ecnh th\u1ee9c thanh to\u00e1n<\/td>\n<td colspan=\"2\" rowspan=\"1\">\u00a0Ti\u1ec1n m\u1eb7t ho\u1eb7c chuy\u1ec3n kho\u1ea3n<\/td>\n<\/tr>\n<\/tbody>\n<\/table>\n","protected":false},"excerpt":{"rendered":"<ul>\n<li><strong>H\u00e3ng s\u1ea3n xu\u1ea5t<\/strong>: B\u00ecnh Minh<\/li>\n<li><strong>C\u00f4ng su\u1ea5t \u0111\u1ed9ng c\u01a1:<\/strong>\u00a05.5-7.5kw<\/li>\n<li><strong>Ngu\u1ed3n \u0111i\u1ec7n:<\/strong>\u00a0380W<\/li>\n<li><strong>N\u0103ng su\u1ea5t:\u00a0<\/strong>100 &#8211; 200 kg\/gi\u1edd<\/li>\n<li><strong>K\u00edch th\u01b0\u1edbc (d*r*c):\u00a0<\/strong>104*72*51 cm<\/li>\n<li><strong>T\u00ednh n\u0103ng<\/strong>: m\u00e1y nghi\u1ec1n g\u1ea1o ng\u00e2m th\u00e0nh b\u1ed9t l\u00e0m m\u00ec, b\u1ed9t l\u00e0m b\u00e1nh v\u00e0 nghi\u1ec1n c\u00e1c lo\u1ea1i n\u00f4ng ph\u1ea9m kh\u00f4 kh\u00e1c<\/li>\n<\/ul>\n","protected":false},"featured_media":10965,"comment_status":"open","ping_status":"closed","template":"","meta":[],"product_brand":[],"product_cat":[32],"product_tag":[],"class_list":{"0":"post-10964","1":"product","2":"type-product","3":"status-publish","4":"has-post-thumbnail","6":"product_cat-may-nghien","8":"first","9":"instock","10":"shipping-taxable","11":"product-type-simple"},"_links":{"self":[{"href":"https:\/\/congtybinhminh.com\/index.php?rest_route=\/wp\/v2\/product\/10964","targetHints":{"allow":["GET"]}}],"collection":[{"href":"https:\/\/congtybinhminh.com\/index.php?rest_route=\/wp\/v2\/product"}],"about":[{"href":"https:\/\/congtybinhminh.com\/index.php?rest_route=\/wp\/v2\/types\/product"}],"replies":[{"embeddable":true,"href":"https:\/\/congtybinhminh.com\/index.php?rest_route=%2Fwp%2Fv2%2Fcomments&post=10964"}],"wp:featuredmedia":[{"embeddable":true,"href":"https:\/\/congtybinhminh.com\/index.php?rest_route=\/wp\/v2\/media\/10965"}],"wp:attachment":[{"href":"https:\/\/congtybinhminh.com\/index.php?rest_route=%2Fwp%2Fv2%2Fmedia&parent=10964"}],"wp:term":[{"taxonomy":"product_brand","embeddable":true,"href":"https:\/\/congtybinhminh.com\/index.php?rest_route=%2Fwp%2Fv2%2Fproduct_brand&post=10964"},{"taxonomy":"product_cat","embeddable":true,"href":"https:\/\/congtybinhminh.com\/index.php?rest_route=%2Fwp%2Fv2%2Fproduct_cat&post=10964"},{"taxonomy":"product_tag","embeddable":true,"href":"https:\/\/congtybinhminh.com\/index.php?rest_route=%2Fwp%2Fv2%2Fproduct_tag&post=10964"}],"curies":[{"name":"wp","href":"https:\/\/api.w.org\/{rel}","templated":true}]}}