{"id":10948,"date":"2025-09-30T15:14:31","date_gmt":"2025-09-30T08:14:31","guid":{"rendered":"https:\/\/congtybinhminh.com\/?post_type=product&#038;p=10948"},"modified":"2025-09-30T16:50:46","modified_gmt":"2025-09-30T09:50:46","slug":"may-dun-ca-cong-nghiep-lap-dau-no","status":"publish","type":"product","link":"https:\/\/congtybinhminh.com\/?product=may-dun-ca-cong-nghiep-lap-dau-no","title":{"rendered":"M\u00e1y \u0111\u00f9n c\u00e1 c\u00f4ng nghi\u1ec7p l\u1eafp \u0111\u1ea7u n\u1ed5"},"content":{"rendered":"<h2>Gi\u1edbi thi\u1ec7u m\u00e1y \u0111\u00f9n c\u00e1 c\u00f4ng nghi\u1ec7p l\u1eafp \u0111\u1ea7u n\u1ed5<\/h2>\n<p>\u0110\u1ea7u t\u01b0 m\u1ed9t l\u1ea7n &#8211; s\u1eed d\u1ee5ng l\u00e2u d\u00e0i v\u1ec1 sau v\u1edbi m\u00e1y \u0111\u00f9n c\u00e1 c\u00f4ng nghi\u1ec7p l\u1eafp \u0111\u1ea7u n\u1ed5 do c\u00f4ng ty B\u00ecnh M\u00ednh s\u1ea3n xu\u1ea5t &#8211; giiar ph\u00e1p gi\u00fap b\u00e0 con &#8221; v\u1eeba nghi\u1ec1n x\u01b0\u01a1ng, \u0111\u00f9n c\u00e1 &#8211; v\u1eeba \u0111\u00f9n h\u1ed7n h\u1ee3p c\u00e1m&#8221; l\u00e0m th\u1ee9c \u0103n cho gia s\u00fac, gia c\u1ea7m<\/p>\n<p><img loading=\"lazy\" decoding=\"async\" class=\"aligncenter wp-image-10954 size-full\" src=\"https:\/\/congtybinhminh.com\/wp-content\/uploads\/2025\/09\/may-dun-thuc-an-chan-nuoi_result222.webp\" alt=\"may-dun-thuc-an-chan-nuoi_result222\" width=\"800\" height=\"1078\" srcset=\"https:\/\/congtybinhminh.com\/wp-content\/uploads\/2025\/09\/may-dun-thuc-an-chan-nuoi_result222.webp 800w, https:\/\/congtybinhminh.com\/wp-content\/uploads\/2025\/09\/may-dun-thuc-an-chan-nuoi_result222-297x400.webp 297w, https:\/\/congtybinhminh.com\/wp-content\/uploads\/2025\/09\/may-dun-thuc-an-chan-nuoi_result222-594x800.webp 594w, https:\/\/congtybinhminh.com\/wp-content\/uploads\/2025\/09\/may-dun-thuc-an-chan-nuoi_result222-768x1035.webp 768w, https:\/\/congtybinhminh.com\/wp-content\/uploads\/2025\/09\/may-dun-thuc-an-chan-nuoi_result222-510x687.webp 510w\" sizes=\"auto, (max-width: 800px) 100vw, 800px\" \/><\/p>\n<p>D\u00f9 b\u00e0 con ch\u0103n nu\u00f4i \u1edf v\u1ecb tr\u00ed xa d\u00e2n c\u01b0, n\u01a1i ngu\u1ed3n \u0111i\u1ec7n kh\u00f4ng \u1ed5n \u0111\u1ecbnh v\u1eabn c\u00f3 th\u1ec3 t\u1ef1 ch\u1ee7 \u0111\u1ed9ng ch\u0103n nu\u00f4i nh\u00e0n t\u00eanh<\/p>\n<h2>C\u1ea5u t\u1ea1o m\u00e1y \u0111\u00f9n c\u00e1 c\u00f4ng nghi\u1ec7p l\u1eafp \u0111\u1ea7u n\u1ed5<\/h2>\n<h3>Khung m\u00e1y ch\u1eafc ch\u1eafn<\/h3>\n<p>Thu\u1ed9c d\u00f2ng m\u00e1y c\u00f4ng nghi\u1ec7p v\u1edbi k\u1ebft c\u1ea5u m\u00e1y \u0111\u01b0\u1ee3c h\u00e0n g\u1eafn ch\u1eafc ch\u1eafn kh\u00f4ng g\u00e2y rung l\u1eafc trong qu\u00e1 tr\u00ecnh xay nghi\u1ec1n<\/p>\n<p><img loading=\"lazy\" decoding=\"async\" class=\"aligncenter wp-image-10955 size-full\" src=\"https:\/\/congtybinhminh.com\/wp-content\/uploads\/2025\/09\/cau-tao-may-dun-ca-lap-dau-no_result222.webp\" alt=\"cau-tao-may-dun-ca-lap-dau-no_result222\" width=\"800\" height=\"808\" srcset=\"https:\/\/congtybinhminh.com\/wp-content\/uploads\/2025\/09\/cau-tao-may-dun-ca-lap-dau-no_result222.webp 800w, https:\/\/congtybinhminh.com\/wp-content\/uploads\/2025\/09\/cau-tao-may-dun-ca-lap-dau-no_result222-396x400.webp 396w, https:\/\/congtybinhminh.com\/wp-content\/uploads\/2025\/09\/cau-tao-may-dun-ca-lap-dau-no_result222-792x800.webp 792w, https:\/\/congtybinhminh.com\/wp-content\/uploads\/2025\/09\/cau-tao-may-dun-ca-lap-dau-no_result222-768x776.webp 768w, https:\/\/congtybinhminh.com\/wp-content\/uploads\/2025\/09\/cau-tao-may-dun-ca-lap-dau-no_result222-510x515.webp 510w, https:\/\/congtybinhminh.com\/wp-content\/uploads\/2025\/09\/cau-tao-may-dun-ca-lap-dau-no_result222-100x100.webp 100w\" sizes=\"auto, (max-width: 800px) 100vw, 800px\" \/><\/p>\n<p>M\u00e1y g\u1ed3m c\u00e1c b\u1ed9 ph\u1eadn: toa n\u1ea1p, tr\u1ee5c xo\u1eafn \u00e9p, m\u1eb7t s\u00e0ng, \u0111\u1ea7u \u0111\u00f9n, khung m\u00e1y v\u00e0 h\u1ec7 th\u1ed1ng 4 b\u00e1nh xe thu\u1eadn ti\u1ec7n di chuy\u1ec3n v\u1ecb tr\u00ed \u0111\u1eb7t m\u00e1y<\/p>\n<h3>Toa n\u1ea1p v\u00e0 \u0111\u1ea7u \u0111\u00f9n<\/h3>\n<p>B\u00ean trong khoang ch\u1ee9a r\u1ed9ng, ph\u1ec1u mi\u1ec7ng l\u1edbn c\u00f9ng v\u1edbi \u0111\u1ed9 cao v\u01b0a t\u1ea7m ng\u01b0\u1eddi d\u00f9ng. Xung quanh mi\u1ec7ng toa n\u1ea1p l\u00e0 4 c\u00e1nh v\u00e1t \u0111\u01b0a th\u1eb3ng nguy\u00ean li\u1ec7u xu\u1ed1ng tr\u1ee5c xo\u1eafn, tr\u00e1nh \u0111\u01b0\u1ee3c r\u1ee7i ro cu\u1ed1n tay ng\u01b0\u1eddi d\u00f9ng khi ti\u1ebfp li\u1ec7u<\/p>\n<p><img loading=\"lazy\" decoding=\"async\" class=\"aligncenter wp-image-10956 size-full\" src=\"https:\/\/congtybinhminh.com\/wp-content\/uploads\/2025\/09\/truc-xoan-dun-ca_result222.webp\" alt=\"truc-xoan-dun-ca_result222\" width=\"800\" height=\"1065\" srcset=\"https:\/\/congtybinhminh.com\/wp-content\/uploads\/2025\/09\/truc-xoan-dun-ca_result222.webp 800w, https:\/\/congtybinhminh.com\/wp-content\/uploads\/2025\/09\/truc-xoan-dun-ca_result222-300x400.webp 300w, https:\/\/congtybinhminh.com\/wp-content\/uploads\/2025\/09\/truc-xoan-dun-ca_result222-601x800.webp 601w, https:\/\/congtybinhminh.com\/wp-content\/uploads\/2025\/09\/truc-xoan-dun-ca_result222-768x1022.webp 768w, https:\/\/congtybinhminh.com\/wp-content\/uploads\/2025\/09\/truc-xoan-dun-ca_result222-510x679.webp 510w\" sizes=\"auto, (max-width: 800px) 100vw, 800px\" \/><\/p>\n<p>Nguy\u00ean li\u1ec7u khi \u0111\u01b0\u1ee3c \u0111\u01b0a v\u00e0o bu\u1ed3ng nghi\u1ec1n, h\u1ec7 th\u1ed1ng tr\u1ee5c \u00e9p xoay tr\u00f2n l\u1ea7n l\u01b0\u1ee3t nghi\u1ec1n nguy\u00ean li\u1ec7u v\u1edbi c\u00e1c thanh b\u00faa g\u1eafn xung quanh b\u00ean trong tr\u1ee5c \u0111\u1ebfn khi \u0111\u1ea1t \u0111\u1ed9 nhuy\u1ec5n. Ch\u00fang s\u1ebd ti\u1ebfp t\u1ee5c \u0111\u01b0\u1ee3c \u0111\u00f9n \u0111i qua m\u1eb7t s\u00e0ng r\u1ed3i tho\u00e1t ra ngo\u00e0i<\/p>\n<p><img loading=\"lazy\" decoding=\"async\" class=\"aligncenter wp-image-10957 size-full\" src=\"https:\/\/congtybinhminh.com\/wp-content\/uploads\/2025\/09\/may-dun-xuong_result222.webp\" alt=\"may-dun-xuong_result222\" width=\"800\" height=\"600\" srcset=\"https:\/\/congtybinhminh.com\/wp-content\/uploads\/2025\/09\/may-dun-xuong_result222.webp 800w, https:\/\/congtybinhminh.com\/wp-content\/uploads\/2025\/09\/may-dun-xuong_result222-533x400.webp 533w, https:\/\/congtybinhminh.com\/wp-content\/uploads\/2025\/09\/may-dun-xuong_result222-768x576.webp 768w, https:\/\/congtybinhminh.com\/wp-content\/uploads\/2025\/09\/may-dun-xuong_result222-510x383.webp 510w\" sizes=\"auto, (max-width: 800px) 100vw, 800px\" \/><\/p>\n<p>Ph\u00eda tr\u01b0\u1edbc \u0111\u1ea7u \u0111\u00f9n thi\u1ebft k\u1ebf tay kh\u00f3a cho ph\u00e9p ng\u01b0\u1eddi d\u00f9ng th\u00e1o l\u1eafp nhanh h\u1ed7 tr\u1ee3 v\u1ec7 sinh tr\u1ee5c v\u00e0 m\u1eb7t s\u00e0ng khi s\u1eed d\u1ee5ng<\/p>\n<h3>\u0110\u1ea7u n\u1ed5 c\u00f4ng su\u1ea5t l\u1edbn<\/h3>\n<p>M\u00e1y \u0111\u00f9n c\u00e1 s\u1eed d\u1ee5ng \u0111\u1ea7u n\u1ed5 v\u1edbi 4 d\u00e2y curoa k\u1ebft n\u1ed1i gi\u1eefa c\u00e1c puly truy\u1ec1n chuy\u1ec3n \u0111\u1ed9ng t\u1eeb \u0111\u1ea7u n\u1ed5 t\u1edbi puy m\u00e1y v\u00e0o bu\u1ed3ng nghi\u1ec1n cho n\u0103ng su\u1ea5t kho\u1ea3ng 1000 &#8211; 1500 kg\/gi\u1edd ( t\u00f9y nguy\u00ean li\u1ec7u)<\/p>\n<p><img loading=\"lazy\" decoding=\"async\" class=\"aligncenter wp-image-10958 size-full\" src=\"https:\/\/congtybinhminh.com\/wp-content\/uploads\/2025\/09\/may-dun-xuong-chay-dau-no_result222.webp\" alt=\"may-dun-xuong-chay-dau-no_result222\" width=\"800\" height=\"893\" srcset=\"https:\/\/congtybinhminh.com\/wp-content\/uploads\/2025\/09\/may-dun-xuong-chay-dau-no_result222.webp 800w, https:\/\/congtybinhminh.com\/wp-content\/uploads\/2025\/09\/may-dun-xuong-chay-dau-no_result222-358x400.webp 358w, https:\/\/congtybinhminh.com\/wp-content\/uploads\/2025\/09\/may-dun-xuong-chay-dau-no_result222-717x800.webp 717w, https:\/\/congtybinhminh.com\/wp-content\/uploads\/2025\/09\/may-dun-xuong-chay-dau-no_result222-768x857.webp 768w, https:\/\/congtybinhminh.com\/wp-content\/uploads\/2025\/09\/may-dun-xuong-chay-dau-no_result222-510x569.webp 510w\" sizes=\"auto, (max-width: 800px) 100vw, 800px\" \/><\/p>\n<h2>\u0110\u1ecba ch\u1ec9 mua m\u00e1y \u0111\u00f9n c\u00e1 ch\u00ednh h\u00e3ng, gi\u00e1 g\u1ed1c t\u1ea1i H\u00e0 N\u1ed9i<\/h2>\n<p>C\u00f4ng ty B\u00ecnh Minh t\u1ef1 h\u00e0o l\u00e0 \u0111\u01a1n v\u1ecb chuy\u00ean s\u1ea3n xu\u1ea5t v\u00e0 cung c\u1ea5p m\u00e1y n\u00f4ng nghi\u1ec7p s\u1ed1 1 Vi\u1ec7t Nam v\u1edbi h\u01a1n 35 n\u0103m kinh nghi\u1ec7n trong l\u0129nh v\u1ef1c c\u01a1 kh\u00ed<\/p>\n<p>\u0110\u1ec3 \u0111\u1eb7t mua h\u00e0ng ch\u00ednh h\u00e3ng, b\u00e0 con c\u00f3 th\u1ec3 l\u1ef1a ch\u1ecdn 1 tr\u00f2ng 2 c\u00e1ch sau:<\/p>\n<ul>\n<li>\u0110\u1eb7t mua tr\u1ef1c ti\u1ebfp: \u0111\u1ebfn x\u01b0\u1edfng s\u1ea3n xu\u1ea5t t\u1ea1i Ph\u01b0\u1eddng S\u01a1n T\u00e2y &#8211; H\u00e0 N\u1ed9i<\/li>\n<li>\u0110\u1eb7t mua Online; \u0111\u1ec3 l\u1ea1i l\u1eddi nh\u1eafn ho\u1eb7c li\u00ean h\u1ec7 s\u1ed1 \u0111i\u1ec7n tho\u1ea1i tr\u00ean website \u0111\u1ed9i ng\u0169 t\u01b0 v\u1ea5n s\u1ebd li\u00ean h\u1ec7 b\u00e0 con trong th\u1eddi gian s\u1edbm nh\u1ea5t<\/li>\n<\/ul>\n<p><img loading=\"lazy\" decoding=\"async\" class=\"aligncenter wp-image-10391 size-full\" src=\"https:\/\/congtybinhminh.com\/wp-content\/uploads\/2020\/05\/dia-chi-mua-may-dun-ca_result222.webp\" alt=\"dia-chi-mua-may-dun-ca_result222\" width=\"800\" height=\"600\" srcset=\"https:\/\/congtybinhminh.com\/wp-content\/uploads\/2020\/05\/dia-chi-mua-may-dun-ca_result222.webp 800w, https:\/\/congtybinhminh.com\/wp-content\/uploads\/2020\/05\/dia-chi-mua-may-dun-ca_result222-533x400.webp 533w, https:\/\/congtybinhminh.com\/wp-content\/uploads\/2020\/05\/dia-chi-mua-may-dun-ca_result222-768x576.webp 768w, https:\/\/congtybinhminh.com\/wp-content\/uploads\/2020\/05\/dia-chi-mua-may-dun-ca_result222-510x383.webp 510w\" sizes=\"auto, (max-width: 800px) 100vw, 800px\" \/><\/p>\n<p>Khi \u0111\u1ebfn mua h\u00e0ng tr\u1ef1c ti\u1ebfp s\u1ebd \u0111\u01b0\u1ee3c th\u1eed nghi\u1ec7m v\u1eadn h\u00e0nh m\u00e1y d\u01b0\u1edbi s\u1ef1 h\u01b0\u1edbng d\u1eabn c\u1ee7a \u0111\u1ed9i ng\u0169 k\u1ef9 thu\u1eadt<\/p>\n<p>Giao h\u00e0ng v\u1eadn chuy\u1ec3n to\u00e0n qu\u1ed1c th\u00f4ng qua h\u1ec7 th\u1ed1ng xe kh\u00e1ch li\u00ean t\u1ec9nh ho\u1eb7c nh\u1eadn h\u00e0ng t\u1ea1i nh\u00e0 qua d\u1ecbch v\u1ee5 chuy\u1ec3n ph\u00e1t Viettel Post<\/p>\n<p><strong>Th\u00f4ng s\u1ed1 k\u1ef9 thu\u1eadt\u00a0<\/strong><\/p>\n<table border=\"1\" cellspacing=\"1\" cellpadding=\"1\">\n<tbody>\n<tr>\n<td colspan=\"1\" rowspan=\"3\">\u0110\u1ed9ng c\u01a1<\/td>\n<td>C\u00f4ng su\u1ea5t \u0111\u1ed9ng c\u01a1<\/td>\n<td>24Hp<\/td>\n<\/tr>\n<tr>\n<td>T\u1ed1c \u0111\u1ed9<\/td>\n<td>v\/p<\/td>\n<\/tr>\n<tr>\n<td>Ngu\u1ed3n \u0111i\u1ec7n<\/td>\n<td>v<\/td>\n<\/tr>\n<tr>\n<td colspan=\"1\" rowspan=\"2\">B\u1ea3o h\u00e0nh<\/td>\n<td>K\u1ef9 thu\u1eadt<\/td>\n<td>12 th\u00e1ng<\/td>\n<\/tr>\n<tr>\n<td>\u0110\u1ed9ng c\u01a1<\/td>\n<td>Theo t\u1eebng h\u00e3ng s\u1ea3n xu\u1ea5t<\/td>\n<\/tr>\n<tr>\n<td>N\u0103ng su\u1ea5t<\/td>\n<td colspan=\"2\" rowspan=\"1\">kg\/gi\u1edd<\/td>\n<\/tr>\n<tr>\n<td>K\u00edch th\u01b0\u1edbc (d*c*r)<\/td>\n<td colspan=\"2\" rowspan=\"1\">168*79*116 cm<\/td>\n<\/tr>\n<tr>\n<td>H\u00ecnh th\u1ee9c thanh to\u00e1n<\/td>\n<td colspan=\"2\" rowspan=\"1\">Ti\u1ec1n m\u1eb7t ho\u1eb7c chuy\u1ec3n kho\u1ea3n<\/td>\n<\/tr>\n<\/tbody>\n<\/table>\n","protected":false},"excerpt":{"rendered":"<ul>\n<li><strong>H\u00e3ng s\u1ea3n xu\u1ea5t:\u00a0<\/strong>B\u00ecnh Minh<\/li>\n<li><strong>C\u00f4ng su\u1ea5t \u0111\u1ea7u n\u1ed5:\u00a0<\/strong>24Hp<\/li>\n<li><strong>K\u00edch th\u01b0\u1edbc (d*c*r):\u00a0<\/strong>168*79*116 cm<\/li>\n<li><strong>T\u00ednh n\u0103ng<\/strong>\u00a0: M\u00e1y \u0111\u00f9n nghi\u1ec1n nhuy\u1ec5n c\u00e1c lo\u1ea1i x\u01b0\u01a1ng g\u00e0, x\u01b0\u01a1ng l\u1ee3n, cua, c\u00e1, \u1ed1c..l\u00e0m th\u1ee9c \u0103n cho gia s\u00fac, gia c\u1ea7m<\/li>\n<\/ul>\n","protected":false},"featured_media":10963,"comment_status":"open","ping_status":"closed","template":"","meta":[],"product_brand":[],"product_cat":[196],"product_tag":[],"class_list":{"0":"post-10948","1":"product","2":"type-product","3":"status-publish","4":"has-post-thumbnail","6":"product_cat-may-dun-ca","8":"first","9":"instock","10":"shipping-taxable","11":"product-type-simple"},"_links":{"self":[{"href":"https:\/\/congtybinhminh.com\/index.php?rest_route=\/wp\/v2\/product\/10948","targetHints":{"allow":["GET"]}}],"collection":[{"href":"https:\/\/congtybinhminh.com\/index.php?rest_route=\/wp\/v2\/product"}],"about":[{"href":"https:\/\/congtybinhminh.com\/index.php?rest_route=\/wp\/v2\/types\/product"}],"replies":[{"embeddable":true,"href":"https:\/\/congtybinhminh.com\/index.php?rest_route=%2Fwp%2Fv2%2Fcomments&post=10948"}],"wp:featuredmedia":[{"embeddable":true,"href":"https:\/\/congtybinhminh.com\/index.php?rest_route=\/wp\/v2\/media\/10963"}],"wp:attachment":[{"href":"https:\/\/congtybinhminh.com\/index.php?rest_route=%2Fwp%2Fv2%2Fmedia&parent=10948"}],"wp:term":[{"taxonomy":"product_brand","embeddable":true,"href":"https:\/\/congtybinhminh.com\/index.php?rest_route=%2Fwp%2Fv2%2Fproduct_brand&post=10948"},{"taxonomy":"product_cat","embeddable":true,"href":"https:\/\/congtybinhminh.com\/index.php?rest_route=%2Fwp%2Fv2%2Fproduct_cat&post=10948"},{"taxonomy":"product_tag","embeddable":true,"href":"https:\/\/congtybinhminh.com\/index.php?rest_route=%2Fwp%2Fv2%2Fproduct_tag&post=10948"}],"curies":[{"name":"wp","href":"https:\/\/api.w.org\/{rel}","templated":true}]}}