{"id":10935,"date":"2025-09-27T16:41:33","date_gmt":"2025-09-27T09:41:33","guid":{"rendered":"https:\/\/congtybinhminh.com\/?post_type=product&#038;p=10935"},"modified":"2025-09-27T16:41:34","modified_gmt":"2025-09-27T09:41:34","slug":"may-bam-chuoi-xa-thang-1-5kw","status":"publish","type":"product","link":"https:\/\/congtybinhminh.com\/?product=may-bam-chuoi-xa-thang-1-5kw","title":{"rendered":"M\u00e1y b\u0103m chu\u1ed1i x\u1ea3 th\u1eb3ng 1.5kw"},"content":{"rendered":"<h2>Gi\u1edbi thi\u1ec7u m\u00e1y b\u0103m chu\u1ed1i x\u1ea3 th\u1eb3ng 1.5kw<\/h2>\n<p>Thay v\u00ec m\u1ea5t nhi\u1ec1u th\u1eddi gian v\u00e0 c\u00f4ng s\u1ee9c b\u0103m chu\u1ed1i, b\u0103m rau th\u1ee7 c\u00f4ng b\u1eb1ng tay th\u00ec gi\u1edd \u0111\u00e2y \u0111\u00e3 c\u00f3 m\u00e1y b\u0103m chu\u1ed1i x\u1ea3 th\u1eb3ng 1.5kw do c\u00f4ng ty B\u00ecnh Minh s\u1ea3n xu\u1ea5t gi\u00fap b\u00e0 con &#8221; b\u0103m nhanh &#8211; b\u0103m kh\u1ecfe&#8221; cho gia s\u00fac, gia c\u1ea7m<\/p>\n<p><img loading=\"lazy\" decoding=\"async\" class=\"aligncenter wp-image-10941 size-full\" src=\"https:\/\/congtybinhminh.com\/wp-content\/uploads\/2025\/09\/may-bam-chuoi-1.5kw-binh-minh_result222.webp\" alt=\"may-bam-chuoi-1.5kw-binh-minh_result222\" width=\"800\" height=\"1078\" srcset=\"https:\/\/congtybinhminh.com\/wp-content\/uploads\/2025\/09\/may-bam-chuoi-1.5kw-binh-minh_result222.webp 800w, https:\/\/congtybinhminh.com\/wp-content\/uploads\/2025\/09\/may-bam-chuoi-1.5kw-binh-minh_result222-297x400.webp 297w, https:\/\/congtybinhminh.com\/wp-content\/uploads\/2025\/09\/may-bam-chuoi-1.5kw-binh-minh_result222-594x800.webp 594w, https:\/\/congtybinhminh.com\/wp-content\/uploads\/2025\/09\/may-bam-chuoi-1.5kw-binh-minh_result222-768x1035.webp 768w, https:\/\/congtybinhminh.com\/wp-content\/uploads\/2025\/09\/may-bam-chuoi-1.5kw-binh-minh_result222-510x687.webp 510w\" sizes=\"auto, (max-width: 800px) 100vw, 800px\" \/><\/p>\n<p>&#8221;M\u00e1y b\u0103m nhuy\u1ec5n &#8211; th\u00e1i l\u00e1t&#8221; ngo\u00e0i b\u0103m c\u00e2y chu\u1ed1i, b\u00e0 con c\u00f3 th\u1ec3 t\u1eadn d\u1ee5ng b\u0103m c\u00e1c lo\u1ea1i rau xanh, ph\u1ee5 ph\u1ea9m l\u00e0m th\u1ee9c \u0103n \u1ee7 men t\u1ea1i nh\u00e0<\/p>\n<h2>C\u1ea5u t\u1ea1o m\u00e1y b\u0103m chu\u1ed1i x\u1ea3 th\u1eb3ng 1.5kw<\/h2>\n<h3>Khung m\u00e1y ch\u1eafc ch\u1eafn<\/h3>\n<p>Khung m\u00e1y d\u00e0y d\u1eb7n, b\u00ean ngo\u00e0i ph\u1ee7 l\u1edbp s\u01a1n h\u1ea1n ch\u1ebf hoen g\u1ec9, gi\u1eef \u0111\u1ed9 b\u1ec1n cho m\u00e1y<\/p>\n<p><img loading=\"lazy\" decoding=\"async\" class=\"aligncenter wp-image-10942 size-full\" src=\"https:\/\/congtybinhminh.com\/wp-content\/uploads\/2025\/09\/cau-tao-may-bam-chuoi-xa-thang-1.5kw-binh-minh_result222.webp\" alt=\"cau-tao-may-bam-chuoi-xa-thang-1.5kw-binh-minh_result222\" width=\"800\" height=\"616\" srcset=\"https:\/\/congtybinhminh.com\/wp-content\/uploads\/2025\/09\/cau-tao-may-bam-chuoi-xa-thang-1.5kw-binh-minh_result222.webp 800w, https:\/\/congtybinhminh.com\/wp-content\/uploads\/2025\/09\/cau-tao-may-bam-chuoi-xa-thang-1.5kw-binh-minh_result222-519x400.webp 519w, https:\/\/congtybinhminh.com\/wp-content\/uploads\/2025\/09\/cau-tao-may-bam-chuoi-xa-thang-1.5kw-binh-minh_result222-768x591.webp 768w, https:\/\/congtybinhminh.com\/wp-content\/uploads\/2025\/09\/cau-tao-may-bam-chuoi-xa-thang-1.5kw-binh-minh_result222-510x393.webp 510w\" sizes=\"auto, (max-width: 800px) 100vw, 800px\" \/><\/p>\n<p>V\u1edbi l\u1ee3i th\u1ebf nh\u1ecf g\u1ecdn kh\u00f4ng chi\u1ebfm nhi\u1ec1u di\u1ec7n t\u00edch, d\u1ec5 b\u1ed1 tr\u00ed ngay t\u1ea1i chu\u1ed3ng tr\u1ea1i hay s\u00e2n v\u01b0\u1eddn<\/p>\n<h3>Toa n\u1ea1p v\u00e0 c\u1eeda x\u1ea3 ti\u1ec7n l\u1ee3i<\/h3>\n<p>C\u1eeda n\u1ea1p nguy\u00ean li\u1ec7u r\u1ed9ng v\u1edbi \u0111\u01b0\u1eddng k\u00ednh 17cm, k\u00e8m m\u00e1ng n\u1ea1p d\u00e0i h\u1ed7 tr\u1ee3 n\u00e2ng \u0111\u1ee1 c\u00e2y chu\u1ed1i h\u01b0\u1edbng v\u1ec1 bu\u1ed3ng dao b\u0103m v\u1edbi \u0111\u1ed9 cao v\u1eeba t\u1ea7m ng\u01b0\u1eddi d\u00f9ng, an to\u00e0n khi s\u1eed d\u1ee5ng<\/p>\n<p><img loading=\"lazy\" decoding=\"async\" class=\"aligncenter wp-image-10943 size-full\" src=\"https:\/\/congtybinhminh.com\/wp-content\/uploads\/2025\/09\/toa-nap-may-bam-chuoi_result222.webp\" alt=\"toa-nap-may-bam-chuoi_result222\" width=\"800\" height=\"715\" srcset=\"https:\/\/congtybinhminh.com\/wp-content\/uploads\/2025\/09\/toa-nap-may-bam-chuoi_result222.webp 800w, https:\/\/congtybinhminh.com\/wp-content\/uploads\/2025\/09\/toa-nap-may-bam-chuoi_result222-448x400.webp 448w, https:\/\/congtybinhminh.com\/wp-content\/uploads\/2025\/09\/toa-nap-may-bam-chuoi_result222-768x686.webp 768w, https:\/\/congtybinhminh.com\/wp-content\/uploads\/2025\/09\/toa-nap-may-bam-chuoi_result222-510x456.webp 510w\" sizes=\"auto, (max-width: 800px) 100vw, 800px\" \/><\/p>\n<p>Sau khi b\u0103m, th\u00e0nh ph\u1ea9m \u0111\u01b0\u1ee3c x\u1ea3 th\u1eb3ng tr\u1ef1c ti\u1ebfp xu\u1ed1ng c\u1eeda x\u1ea3 ph\u00eda d\u01b0\u1edbi, thu\u1eadn ti\u1ec7n thu gom<\/p>\n<h3>H\u1ec7 th\u1ed1ng dao b\u0103m s\u1eafc b\u00e9n<\/h3>\n<p>Bu\u1ed3ng dao g\u1ed3m 1 dao 2 l\u01b0\u1ee1i, l\u01b0\u1ee1i dao b\u1ea7u b\u1ea3n r\u1ed9ng \u0111\u01b0\u1ee3c r\u00e8n s\u1eafc b\u00e9n, \u0111\u1ed9 cong nh\u1ea5t \u0111\u1ecbnh n\u00ean khi quay s\u1ebd t\u1ea1o l\u1ef1c ch\u00e9m m\u1ea1nh v\u00e0 d\u1ee9t kho\u00e1t, x\u1eed l\u00fd &#8221;b\u0103m nhanh &#8211; kh\u00f4ng b\u1ecb k\u1eb9t nguy\u00ean li\u1ec7u&#8221;<\/p>\n<p><img loading=\"lazy\" decoding=\"async\" class=\"aligncenter wp-image-10944 size-full\" src=\"https:\/\/congtybinhminh.com\/wp-content\/uploads\/2025\/09\/dao-bam-chuoi-copy_result222.webp\" alt=\"dao-bam-chuoi copy_result222\" width=\"800\" height=\"1442\" srcset=\"https:\/\/congtybinhminh.com\/wp-content\/uploads\/2025\/09\/dao-bam-chuoi-copy_result222.webp 800w, https:\/\/congtybinhminh.com\/wp-content\/uploads\/2025\/09\/dao-bam-chuoi-copy_result222-222x400.webp 222w, https:\/\/congtybinhminh.com\/wp-content\/uploads\/2025\/09\/dao-bam-chuoi-copy_result222-444x800.webp 444w, https:\/\/congtybinhminh.com\/wp-content\/uploads\/2025\/09\/dao-bam-chuoi-copy_result222-768x1384.webp 768w, https:\/\/congtybinhminh.com\/wp-content\/uploads\/2025\/09\/dao-bam-chuoi-copy_result222-510x919.webp 510w\" sizes=\"auto, (max-width: 800px) 100vw, 800px\" \/><\/p>\n<p>L\u01b0\u1ee1i dao d\u1ea1ng b\u1ea7u n\u1ed1i li\u1ec1n tr\u1ee5c quay, m\u00e1y b\u0103m nguy\u00ean th\u00e2n c\u00e2y chu\u1ed1i c\u00f3 \u0111\u01b0\u1eddng k\u00ednh 16cm tr\u1edf l\u1ea1i. \u0110\u1ed1i v\u1edbi lo\u1ea1i c\u00e2y c\u00f3 \u0111\u01b0\u1eddng k\u00ednh l\u1edbn h\u01a1n, ng\u01b0\u1eddi d\u00f9ng ch\u1ec9 c\u1ea7n b\u00f3c b\u1edbt b\u1eb9 l\u1ef1a mi\u1ec7ng toa l\u00e0 \u0111\u01b0\u1ee3c<\/p>\n<p><img loading=\"lazy\" decoding=\"async\" class=\"aligncenter wp-image-10945 size-full\" src=\"https:\/\/congtybinhminh.com\/wp-content\/uploads\/2025\/09\/luoi-dao-bam-chuoi-min_result222.webp\" alt=\"luoi-dao-bam-chuoi-min_result222\" width=\"800\" height=\"600\" srcset=\"https:\/\/congtybinhminh.com\/wp-content\/uploads\/2025\/09\/luoi-dao-bam-chuoi-min_result222.webp 800w, https:\/\/congtybinhminh.com\/wp-content\/uploads\/2025\/09\/luoi-dao-bam-chuoi-min_result222-533x400.webp 533w, https:\/\/congtybinhminh.com\/wp-content\/uploads\/2025\/09\/luoi-dao-bam-chuoi-min_result222-768x576.webp 768w, https:\/\/congtybinhminh.com\/wp-content\/uploads\/2025\/09\/luoi-dao-bam-chuoi-min_result222-510x383.webp 510w\" sizes=\"auto, (max-width: 800px) 100vw, 800px\" \/><\/p>\n<p>\u0110\u1eb7c bi\u1ec7t, m\u00e1y c\u00f3 2 l\u01b0\u1ee1i dao: dao th\u00e1i l\u00e1t\u00a0 v\u00e0 dao th\u00e1i nhuy\u1ec5n thu\u1eadn ti\u1ec7n cho ng\u01b0\u1eddi d\u00f9ng &#8216;mua 1 m\u00e0 \u0111\u01b0\u1ee3c 2&#8217; ti\u1ebft ki\u1ec7m chi ph\u00ed<\/p>\n<p>L\u00e1t chu\u1ed1i m\u1ecfng &#8211; \u0111\u1ec1u c\u1ef1c k\u1ef3 ph\u00f9 h\u1ee3p \u0111\u1ec3 ph\u1ed1i tr\u1ed9n v\u1edbi c\u00e1m, men, b\u1ed9t ng\u00f4 l\u00e0m th\u1ee9c \u0103n \u1ee7 chua<\/p>\n<h3>\u0110\u1ed9ng c\u01a1 kh\u1ecfe &#8211; n\u0103ng su\u1ea5t v\u01b0\u1ee3t tr\u1ed9i<\/h3>\n<p>M\u00e1y b\u0103m chu\u1ed1i \u0111\u1ed9ng c\u01a1 1,5kw n\u1ed1i li\u1ec1u tr\u1ee5c, kh\u00f4ng qua d\u00e2y curoa n\u00ean gi\u1ea3m th\u1ea5t tho\u00e1t c\u00f4ng su\u1ea5t v\u00e0 t\u0103ng hi\u1ec7u qu\u1ea3 l\u00e0m vi\u1ec7c<\/p>\n<p><img loading=\"lazy\" decoding=\"async\" class=\"aligncenter wp-image-10947 size-full\" src=\"https:\/\/congtybinhminh.com\/wp-content\/uploads\/2025\/09\/dong-co-may-bam-chuoi_result222.webp\" alt=\"dong-co-may-bam-chuoi_result222\" width=\"800\" height=\"565\" srcset=\"https:\/\/congtybinhminh.com\/wp-content\/uploads\/2025\/09\/dong-co-may-bam-chuoi_result222.webp 800w, https:\/\/congtybinhminh.com\/wp-content\/uploads\/2025\/09\/dong-co-may-bam-chuoi_result222-566x400.webp 566w, https:\/\/congtybinhminh.com\/wp-content\/uploads\/2025\/09\/dong-co-may-bam-chuoi_result222-768x542.webp 768w, https:\/\/congtybinhminh.com\/wp-content\/uploads\/2025\/09\/dong-co-may-bam-chuoi_result222-510x360.webp 510w\" sizes=\"auto, (max-width: 800px) 100vw, 800px\" \/><\/p>\n<p>V\u1edbi t\u1ed1c \u0111\u1ed9 quay 2900 v\u00f2ng\/ph\u00fat m\u00e1y d\u1ec5 d\u00e0ng b\u0103m nhuy\u1ec5n c\u1ea3 c\u00e2y chu\u1ed1i ch\u1ec9 trong ch\u01b0a \u0111\u1ea7y 1 ph\u00fat<\/p>\n<h2>V\u00ec sao n\u00ean d\u00f9ng m\u00e1y b\u0103m chu\u1ed1i x\u1ea3 th\u1eb3ng<\/h2>\n<p>&#8221;M\u00e1y m\u00f3c thay th\u1ebf s\u1ee9c ng\u01b0\u1eddi&#8221; vi\u1ec7c \u1ee9ng d\u1ee5ng m\u00e1y m\u00f3c v\u00e0o ch\u0103n nu\u00f4i mang l\u1ea1i nhi\u1ec1u l\u1ee3i \u00edch cho b\u00e0 con:<\/p>\n<p><img loading=\"lazy\" decoding=\"async\" class=\"aligncenter wp-image-10946 size-full\" src=\"https:\/\/congtybinhminh.com\/wp-content\/uploads\/2025\/09\/may-bam-chuoi-gia-re_result222.webp\" alt=\"may-bam-chuoi-gia-re_result222\" width=\"800\" height=\"893\" srcset=\"https:\/\/congtybinhminh.com\/wp-content\/uploads\/2025\/09\/may-bam-chuoi-gia-re_result222.webp 800w, https:\/\/congtybinhminh.com\/wp-content\/uploads\/2025\/09\/may-bam-chuoi-gia-re_result222-358x400.webp 358w, https:\/\/congtybinhminh.com\/wp-content\/uploads\/2025\/09\/may-bam-chuoi-gia-re_result222-717x800.webp 717w, https:\/\/congtybinhminh.com\/wp-content\/uploads\/2025\/09\/may-bam-chuoi-gia-re_result222-768x857.webp 768w, https:\/\/congtybinhminh.com\/wp-content\/uploads\/2025\/09\/may-bam-chuoi-gia-re_result222-510x569.webp 510w\" sizes=\"auto, (max-width: 800px) 100vw, 800px\" \/><\/p>\n<ul>\n<li>Ti\u1ebft ki\u1ec7m th\u1eddi gian v\u00e0 c\u00f4ng s\u1ee9c thay v\u00ec th\u00e1i th\u1ee7 c\u00f4ng t\u1ed1n h\u00e0ng gi\u1edd<\/li>\n<li>Th\u00e0nh ph\u1ea9m b\u0103m nhuy\u1ec5n &#8211; \u0111\u1ec1u &#8211; v\u1eadt nu\u00f4i \u0103n \u0111\u01b0\u1ee3c nhi\u1ec1u h\u01a1n, d\u1ec5 h\u1ea5p th\u1ee5<\/li>\n<li>Ti\u1ec7n l\u1ee3i v\u00e0 \u0111a n\u0103ng<\/li>\n<li>\u0110\u1ea7u t\u01b0 1 l\u1ea7n s\u1eed d\u1ee5ng l\u00e2u d\u00e0i v\u1ec1 sau, gi\u00fap b\u00e0 con ti\u1ebft ki\u1ec7m chi ph\u00ed nh\u00e2n c\u00f4ng, t\u0103ng l\u1ee3i nhu\u1eadn ch\u0103n nu\u00f4i<\/li>\n<\/ul>\n<h2>\u0110\u1ecba ch\u1ec9 mua m\u00e1y b\u0103m c\u1ecf gi\u00e1 t\u1ed1t ch\u00ednh h\u00e3ng<\/h2>\n<p>C\u00f4ng ty B\u00ecnh Minh \u2013 \u0111\u01a1n v\u1ecb chuy\u00ean s\u1ea3n xu\u1ea5t v\u00e0 cung c\u1ea5p c\u00e1c d\u00f2ng m\u00e1y n\u00f4ng nghi\u1ec7p s\u1ed1 1 Vi\u1ec7t Nam v\u1edbi h\u01a1n 30 n\u0103m kinh nghi\u1ec7m trong l\u0129nh v\u1ef1c c\u01a1 kh\u00ed<\/p>\n<p>\u0110\u1ec3 \u0111\u1eb7t mua m\u00e1y ch\u00ednh h\u00e3ng, b\u00e0 con c\u00f3 th\u1ec3 l\u1ef1a ch\u1ecdn 1 trong c\u00e1c c\u00e1ch sau:<\/p>\n<ul>\n<li>\u0110\u1ebfn mua tr\u1ef1c ti\u1ebfp: b\u00e0 con \u0111\u1ebfn \u0111\u01a1n v\u1ecb t\u1ea1i Ph\u01b0\u1eddng S\u01a1n T\u00e2y \u2013 H\u00e0 N\u1ed9i<\/li>\n<li>\u0110\u1eb7t mua Online: \u0111\u1ec3 l\u1ea1i l\u1eddi nh\u1eafn ho\u1eb7c li\u00ean h\u1ec7 s\u1ed1 \u0111i\u1ec7n tho\u1ea1i tr\u00ean website, \u0111\u1ed9i ng\u0169 t\u01b0 v\u1ea5n s\u1ebd li\u00ean h\u1ec7 b\u00e0 con trong th\u1eddi gian s\u1edbm nh\u1ea5t<\/li>\n<\/ul>\n<p><strong>Th\u00f4ng s\u1ed1 k\u1ef9 thu\u1eadt\u00a0<\/strong><\/p>\n<table border=\"1\" cellspacing=\"1\" cellpadding=\"1\">\n<tbody>\n<tr>\n<td colspan=\"1\" rowspan=\"3\">\u0110\u1ed9ng c\u01a1<\/td>\n<td>C\u00f4ng su\u1ea5t \u0111\u1ed9ng c\u01a1<\/td>\n<td>1.5kw<\/td>\n<\/tr>\n<tr>\n<td>Ngu\u1ed3n \u0111i\u1ec7n<\/td>\n<td>220V<\/td>\n<\/tr>\n<tr>\n<td>T\u1ed1c \u0111\u1ed9 quay<\/td>\n<td>2900v\/p<\/td>\n<\/tr>\n<tr>\n<td colspan=\"1\" rowspan=\"2\">B\u1ea3o h\u00e0nh<\/td>\n<td>K\u1ef9 thu\u1eadt<\/td>\n<td>12 th\u00e1ng<\/td>\n<\/tr>\n<tr>\n<td>\u0110\u1ed9ng c\u01a1<\/td>\n<td>Theo t\u1eebng h\u00e3ng s\u1ea3n xu\u1ea5t<\/td>\n<\/tr>\n<tr>\n<td>N\u0103ng su\u1ea5t<\/td>\n<td colspan=\"2\" rowspan=\"1\">\u00a0kg\/m\u1ebb ( t\u00f9y nguy\u00ean li\u1ec7u)<\/td>\n<\/tr>\n<tr>\n<td>K\u00edch th\u01b0\u1edbc (d*c*r)<\/td>\n<td colspan=\"2\" rowspan=\"1\">\u00a070*77*43 cm<\/td>\n<\/tr>\n<tr>\n<td>H\u00ecnh th\u1ee9c thanh to\u00e1n<\/td>\n<td colspan=\"2\" rowspan=\"1\">Ti\u1ec1n m\u1eb7t ho\u1eb7c chuy\u1ec3n kho\u1ea3n<\/td>\n<\/tr>\n<\/tbody>\n<\/table>\n","protected":false},"excerpt":{"rendered":"<ul>\n<li><strong>H\u00e3ng s\u1ea3n xu\u1ea5t<\/strong> : B\u00ecnh Minh<\/li>\n<li><strong>C\u00f4ng su\u1ea5t:<\/strong>\u00a01,5kw<\/li>\n<li><strong>Ngu\u1ed3n \u0111i\u1ec7n<\/strong>: 220V<\/li>\n<li><strong>T\u1ed1c \u0111\u1ed9<\/strong>: 2900 v\u00f2ng\/ph\u00fat<\/li>\n<li><strong>K\u00edch th\u01b0\u1edbc (d*c*r<\/strong>): 70*77*43 cm<\/li>\n<li><strong>T\u00ednh n\u0103ng;\u00a0<\/strong>m\u00e1y b\u0103m nh\u1ecf c\u00e2y chu\u1ed1i v\u00e0 h\u1ed7 tr\u1ee3 b\u0103m c\u00e1c lo\u1ea1i ph\u1ee5 ph\u1ea9m kh\u00e1c<\/li>\n<\/ul>\n","protected":false},"featured_media":10936,"comment_status":"open","ping_status":"closed","template":"","meta":[],"product_brand":[],"product_cat":[33],"product_tag":[],"class_list":{"0":"post-10935","1":"product","2":"type-product","3":"status-publish","4":"has-post-thumbnail","6":"product_cat-may-bam-chuoi-da-nang","8":"first","9":"instock","10":"shipping-taxable","11":"product-type-simple"},"_links":{"self":[{"href":"https:\/\/congtybinhminh.com\/index.php?rest_route=\/wp\/v2\/product\/10935","targetHints":{"allow":["GET"]}}],"collection":[{"href":"https:\/\/congtybinhminh.com\/index.php?rest_route=\/wp\/v2\/product"}],"about":[{"href":"https:\/\/congtybinhminh.com\/index.php?rest_route=\/wp\/v2\/types\/product"}],"replies":[{"embeddable":true,"href":"https:\/\/congtybinhminh.com\/index.php?rest_route=%2Fwp%2Fv2%2Fcomments&post=10935"}],"wp:featuredmedia":[{"embeddable":true,"href":"https:\/\/congtybinhminh.com\/index.php?rest_route=\/wp\/v2\/media\/10936"}],"wp:attachment":[{"href":"https:\/\/congtybinhminh.com\/index.php?rest_route=%2Fwp%2Fv2%2Fmedia&parent=10935"}],"wp:term":[{"taxonomy":"product_brand","embeddable":true,"href":"https:\/\/congtybinhminh.com\/index.php?rest_route=%2Fwp%2Fv2%2Fproduct_brand&post=10935"},{"taxonomy":"product_cat","embeddable":true,"href":"https:\/\/congtybinhminh.com\/index.php?rest_route=%2Fwp%2Fv2%2Fproduct_cat&post=10935"},{"taxonomy":"product_tag","embeddable":true,"href":"https:\/\/congtybinhminh.com\/index.php?rest_route=%2Fwp%2Fv2%2Fproduct_tag&post=10935"}],"curies":[{"name":"wp","href":"https:\/\/api.w.org\/{rel}","templated":true}]}}