{"id":10925,"date":"2025-09-27T15:43:32","date_gmt":"2025-09-27T08:43:32","guid":{"rendered":"https:\/\/congtybinhminh.com\/?post_type=product&#038;p=10925"},"modified":"2026-01-19T08:39:46","modified_gmt":"2026-01-19T01:39:46","slug":"may-bam-co-vuong-750w","status":"publish","type":"product","link":"https:\/\/congtybinhminh.com\/?product=may-bam-co-vuong-750w","title":{"rendered":"M\u00e1y b\u0103m c\u1ecf vu\u00f4ng 750W"},"content":{"rendered":"<h2>Gi\u1edbi thi\u1ec7u m\u00e1y b\u0103m c\u1ecf vu\u00f4ng 750W<\/h2>\n<p>M\u00e1y b\u0103m c\u1ecf vu\u00f4ng 750W do c\u00f4ng ty B\u00ecnh Minh s\u1ea3n xu\u1ea5t &#8211; gi\u1ea3i ph\u00e1p t\u1ed1i \u01b0u cho b\u00e0 con ch\u0103n nu\u00f4i mu\u1ed1n ti\u1ebft ki\u1ec7m th\u1eddi gian v\u00e0 c\u00f4ng s\u1ee9c<\/p>\n<p><img loading=\"lazy\" decoding=\"async\" class=\"aligncenter wp-image-10926 size-full\" src=\"https:\/\/congtybinhminh.com\/wp-content\/uploads\/2025\/09\/may-bam-co-vuong-750w_result222.webp\" alt=\"may-bam-co-vuong-750w_result222\" width=\"800\" height=\"1078\" srcset=\"https:\/\/congtybinhminh.com\/wp-content\/uploads\/2025\/09\/may-bam-co-vuong-750w_result222.webp 800w, https:\/\/congtybinhminh.com\/wp-content\/uploads\/2025\/09\/may-bam-co-vuong-750w_result222-297x400.webp 297w, https:\/\/congtybinhminh.com\/wp-content\/uploads\/2025\/09\/may-bam-co-vuong-750w_result222-594x800.webp 594w, https:\/\/congtybinhminh.com\/wp-content\/uploads\/2025\/09\/may-bam-co-vuong-750w_result222-768x1035.webp 768w, https:\/\/congtybinhminh.com\/wp-content\/uploads\/2025\/09\/may-bam-co-vuong-750w_result222-510x687.webp 510w\" sizes=\"auto, (max-width: 800px) 100vw, 800px\" \/><\/p>\n<p>M\u00e1y chuy\u00ean d\u00f9ng b\u0103m nh\u1ecf nguy\u00ean li\u1ec7u d\u1ea1ng c\u1ecf nh\u01b0 c\u1ecf voi, th\u00e2n c\u00e2y ng\u00f4.. v\u1edbi n\u0103ng su\u1ea5t 200 &#8211; 300kg\/gi\u1edd. \u0111\u00e1p \u1ee9ng nhu c\u1ea7u c\u00e1c h\u1ed9 ch\u0103n nu\u00f4i nh\u1ecf l\u1ebb v\u00e0 b\u00e1n chuy\u00ean<\/p>\n<h2>C\u1ea5u t\u1ea1o m\u00e1y b\u0103m c\u1ecf vu\u00f4ng 750W<\/h2>\n<h3>Khung m\u00e1y ch\u1eafc ch\u1eafn<\/h3>\n<p>M\u00e1y \u0111\u01b0\u1ee3c thi\u1ebft k\u1ebf vu\u00f4ng v\u1edbi khung th\u00e9p d\u00e0y d\u1eb7n, t\u1ed5ng tr\u1ecdng l\u01b0\u1ee3ng kho\u1ea3ng 19kg<\/p>\n<p><img loading=\"lazy\" decoding=\"async\" class=\"aligncenter wp-image-10927 size-full\" src=\"https:\/\/congtybinhminh.com\/wp-content\/uploads\/2025\/09\/cau-tao-may-bam-co-vuon750w_result222.webp\" alt=\"cau-tao-may-bam-co-vuon750w_result222\" width=\"800\" height=\"616\" srcset=\"https:\/\/congtybinhminh.com\/wp-content\/uploads\/2025\/09\/cau-tao-may-bam-co-vuon750w_result222.webp 800w, https:\/\/congtybinhminh.com\/wp-content\/uploads\/2025\/09\/cau-tao-may-bam-co-vuon750w_result222-519x400.webp 519w, https:\/\/congtybinhminh.com\/wp-content\/uploads\/2025\/09\/cau-tao-may-bam-co-vuon750w_result222-768x591.webp 768w, https:\/\/congtybinhminh.com\/wp-content\/uploads\/2025\/09\/cau-tao-may-bam-co-vuon750w_result222-510x393.webp 510w\" sizes=\"auto, (max-width: 800px) 100vw, 800px\" \/><\/p>\n<p>Ki\u1ec3u d\u00e1ng nh\u1ecf g\u1ecdn, d\u1ec5 d\u00e0ng b\u1ed1 tr\u00ed v\u00e0 s\u1eed d\u1ee5ng ngay c\u1ea3 trong nh\u1eefng kh\u00f4ng gian ch\u1eadt h\u1eb9p<\/p>\n<h3>Toa n\u1ea1p r\u1ed9ng &#8211; thao t\u00e1c thu\u1eadn ti\u1ec7n<\/h3>\n<p>Toa n\u1ea1p d\u1ea1ng \u0111\u1ee9ng v\u1edbi \u0111\u1ed9 cao v\u1eeba t\u1ea7m ng\u01b0\u1eddi d\u00f9ng, ph\u1ea7n mi\u1ec7ng tr\u00ean r\u1ed9ng ch\u1ee9a \u0111\u01b0\u1ee3c nhi\u1ec1u nguy\u00ean li\u1ec7u h\u01a1n<\/p>\n<p><img loading=\"lazy\" decoding=\"async\" class=\"aligncenter wp-image-10930 size-full\" src=\"https:\/\/congtybinhminh.com\/wp-content\/uploads\/2025\/09\/toa-nap-may-bam-co-copy_result222.webp\" alt=\"toa-nap-may-bam-co copy_result222\" width=\"800\" height=\"1101\" srcset=\"https:\/\/congtybinhminh.com\/wp-content\/uploads\/2025\/09\/toa-nap-may-bam-co-copy_result222.webp 800w, https:\/\/congtybinhminh.com\/wp-content\/uploads\/2025\/09\/toa-nap-may-bam-co-copy_result222-291x400.webp 291w, https:\/\/congtybinhminh.com\/wp-content\/uploads\/2025\/09\/toa-nap-may-bam-co-copy_result222-581x800.webp 581w, https:\/\/congtybinhminh.com\/wp-content\/uploads\/2025\/09\/toa-nap-may-bam-co-copy_result222-768x1057.webp 768w, https:\/\/congtybinhminh.com\/wp-content\/uploads\/2025\/09\/toa-nap-may-bam-co-copy_result222-510x702.webp 510w\" sizes=\"auto, (max-width: 800px) 100vw, 800px\" \/><\/p>\n<p>Ph\u00eda d\u01b0\u1edbi mi\u1ec7ng toa h\u01b0\u1edbng d\u1ed1c v\u00e8 bu\u1ed3ng b\u0103m t\u1ea1o \u0111i\u1ec3m t\u1ef1a cho ng\u01b0\u1eddi d\u00f9ng \u0111\u1eb7t c\u1ecf l\u00ean b\u0103m<\/p>\n<p>\u0110\u1eb7c bi\u1ec7t, trong qu\u00e1 tr\u00ecnh b\u0103m ng\u01b0\u1eddi d\u00f9ng c\u00f3 th\u1ec3 t\u1ef1 ch\u1ee7 \u0111\u1ed9ng \u0111\u01b0a c\u1ecf b\u0103m nhanh &#8211; ch\u1eadm cho ra th\u00e0nh ph\u1ea9m t\u01b0\u01a1ng \u1ee9ng:<\/p>\n<ul>\n<li>\u0110\u01b0a nguy\u00ean li\u1ec7u nhanh cho ra th\u00e0nh ph\u1ea9m b\u0103m to<\/li>\n<li>\u0110\u01b0a nguy\u00ean li\u1ec7u b\u0103m ch\u1eadm cho ra th\u00e0nh ph\u1ea9m b\u0103m nh\u1ecf<\/li>\n<\/ul>\n<h3>H\u1ec7 th\u1ed1ng dao b\u0103m c\u1ecf s\u1eafc b\u00e9n<\/h3>\n<p>B\u00ean trong h\u1ec7 th\u1ed1ng bu\u1ed3ng dao g\u1ed3m 2 dao th\u00e9p to 2 l\u01b0\u1ee1i \u0111\u01b0\u1ee3c r\u00e8n s\u1eafc b\u00e9n, x\u1eed l\u00fd c\u1ecf ngay ch\u1ec9 trong 1 l\u1ea7n b\u0103m<\/p>\n<p><img loading=\"lazy\" decoding=\"async\" class=\"aligncenter wp-image-10928 size-full\" src=\"https:\/\/congtybinhminh.com\/wp-content\/uploads\/2025\/09\/luoi-dao-bam-co_result222.webp\" alt=\"luoi-dao-bam-co_result222\" width=\"800\" height=\"714\" srcset=\"https:\/\/congtybinhminh.com\/wp-content\/uploads\/2025\/09\/luoi-dao-bam-co_result222.webp 800w, https:\/\/congtybinhminh.com\/wp-content\/uploads\/2025\/09\/luoi-dao-bam-co_result222-448x400.webp 448w, https:\/\/congtybinhminh.com\/wp-content\/uploads\/2025\/09\/luoi-dao-bam-co_result222-768x685.webp 768w, https:\/\/congtybinhminh.com\/wp-content\/uploads\/2025\/09\/luoi-dao-bam-co_result222-510x455.webp 510w\" sizes=\"auto, (max-width: 800px) 100vw, 800px\" \/><\/p>\n<p>Th\u00e0nh ph\u1ea9m ra \u0111\u1ec1u, nh\u1ecf g\u1ecdn gi\u00fap v\u1eadt nu\u00f4i d\u1ec5 \u0103n &#8211; \u0103n \u0111\u01b0\u1ee3c nhi\u1ec1u h\u01a1n<\/p>\n<h3>Cho n\u0103ng su\u1ea5t cao<\/h3>\n<p>M\u00e1y s\u1eed d\u1ee5ng \u0111\u1ed9ng c\u01a1 0.75kw t\u1ed1c \u0111\u1ed9 quay 2900 v\u00f2ng\/ph\u00fat truy\u1ec1n chuy\u1ec3n \u0111\u1ed9ng tr\u1ef1c ti\u1ebfp qua kh\u1edbp n\u1ed1i<\/p>\n<p><img loading=\"lazy\" decoding=\"async\" class=\"aligncenter wp-image-10929 size-full\" src=\"https:\/\/congtybinhminh.com\/wp-content\/uploads\/2025\/09\/dong-co-may-bam-co_result222.webp\" alt=\"dong-co-may-bam-co_result222\" width=\"800\" height=\"714\" srcset=\"https:\/\/congtybinhminh.com\/wp-content\/uploads\/2025\/09\/dong-co-may-bam-co_result222.webp 800w, https:\/\/congtybinhminh.com\/wp-content\/uploads\/2025\/09\/dong-co-may-bam-co_result222-448x400.webp 448w, https:\/\/congtybinhminh.com\/wp-content\/uploads\/2025\/09\/dong-co-may-bam-co_result222-768x685.webp 768w, https:\/\/congtybinhminh.com\/wp-content\/uploads\/2025\/09\/dong-co-may-bam-co_result222-510x455.webp 510w\" sizes=\"auto, (max-width: 800px) 100vw, 800px\" \/><\/p>\n<p>C\u01a1 ch\u1ebf n\u00e0y gi\u00fap m\u00e1y ch\u1ea1y kh\u1ecfe h\u01a1n &#8211; nhanh h\u01a1n so v\u1edbi b\u0103m th\u1ee7 c\u00f4ng th\u00f4ng th\u01b0\u1eddng, cho n\u0103ng su\u1ea5t \u1ed5n \u0111\u1ecbnh m\u1ed7i gi\u1edd \u0111\u1ea1t kho\u1ea3ng 200 &#8211; 300 kg<\/p>\n<h2>L\u1ee3i \u00edch khi d\u00f9ng m\u00e1y b\u0103m c\u1ecf 750W<\/h2>\n<p>M\u00e1y b\u0103m c\u1ecf 750W kh\u00f4ng ch\u1ec9 l\u00e0 c\u00f4ng c\u1ee5 ti\u1ebft ki\u1ec7m s\u1ee9c lao \u0111\u1ed9ng m\u00e0 c\u00f2n l\u00e0 gi\u1ea3i ph\u00e1p gi\u00fap b\u00e0 con:<\/p>\n<p>&nbsp;<\/p>\n<ul>\n<li>N\u00e2ng cao n\u0103ng su\u1ea5t &#8211; gi\u1ea3m chi ph\u00ed &#8211; ch\u1ee7 \u0111\u1ed9ng ngu\u1ed3n th\u1ee9c \u0103n xanh<\/li>\n<li>Th\u00e0nh ph\u1ea9m b\u0103m \u0111\u1ec1u, d\u1ec5 ti\u00eau h\u00f3a gi\u00fap v\u1eadt nu\u00f4i \u0103n kh\u1ecfe &#8211; l\u1edbn nhanh<\/li>\n<li>\u0110\u1ea7u t\u01b0 hi\u1ec7u qu\u1ea3, b\u1ec1n b\u1ec9, gi\u1ea3m chi ph\u00ed l\u00e2u d\u00e0i<\/li>\n<\/ul>\n<h2>\u0110\u1ecba ch\u1ec9 mua m\u00e1y b\u0103m c\u1ecf gi\u00e1 g\u1ed1c t\u1ea1i H\u00e0 N\u1ed9i<\/h2>\n<p>L\u00e0 \u0111\u01a1n v\u1ecb tr\u1ef1c ti\u1ebfp s\u1ea3n xu\u1ea5t m\u00e1y b\u0103m c\u1ecf t\u1ea1i H\u00e0 N\u1ed9i, v\u1edbi h\u01a1n 35 n\u0103m kinh nghi\u1ec7m trong l\u0129nh v\u1ef1c c\u01a1 kh\u00ed \u0111\u1ed3ng h\u00e0nh c\u00f9ng b\u00e0 con tr\u00ean kh\u1eafp m\u1ecdi mi\u1ec1n t\u1ed5 qu\u1ed1c;<\/p>\n<p>\u0110\u1ec3 \u0111\u1eb7t mua h\u00e0ng v\u00e0 bi\u1ebft th\u00eam th\u00f4ng tin chi ti\u1ebft b\u00e0 con c\u00f3 th\u1ec3 li\u00ean h\u1ec7 v\u1edbi ch\u00fang t\u1ed1i v\u1edbi 3 c\u00e1ch sau:<\/p>\n<ul>\n<li>Truy c\u1eadp website: sieuthimaybinhan.com<\/li>\n<li>Truy c\u1eadp\u00a0 \u00a0youtube: c\u00f4ng ty B\u00ecnh An<\/li>\n<li>\u0110\u1ebfn tr\u1ef1c ti\u1ebfp tr\u1ee5 s\u1edf g\u1ea7n nh\u1ea5t c\u1ee7a c\u00f4ng ty t\u1ea1i H\u00e0 N\u1ed9i<\/li>\n<\/ul>\n<p>Khi \u0111\u1ebfn tr\u1ef1c ti\u1ebfp t\u1ea1i x\u01b0\u1edfng mua h\u00e0ng, b\u00e0 con s\u1ebd \u0111\u01b0\u1ee3c th\u1eed nghi\u1ec7m v\u1eadn h\u00e0nh m\u00e1y d\u01b0\u1edbi s\u1ef1 h\u01b0\u1edbng d\u1eabn c\u1ee7a \u0111\u1ed9i ng\u0169 k\u1ef9 thu\u1eadt<\/p>\n<p>\u0110\u1ed1i v\u1edbi b\u00e0 con \u1edf xa, c\u00f3 th\u1ec3 li\u00ean h\u1ec7 t\u1edbi s\u1ed1 \u0111i\u1ec7n tho\u1ea1i Hotine tr\u00ean website ho\u1eb7c \u0111\u1ec3 l\u1ea1i l\u1eddi nh\u1eafn ph\u1ea7n b\u00ecnh lu\u1eadn \u0111\u1ed9i ng\u0169 t\u01b0 v\u1ea5n s\u1ebd li\u00ean h\u1ec7 b\u00e0 con trong th\u1eddi gian s\u1edbm nh\u1ea5t<\/p>\n<p><strong>Th\u00f4ng s\u1ed1 k\u1ef9 thu\u1eadt<\/strong><\/p>\n<table border=\"1\" cellspacing=\"1\" cellpadding=\"1\">\n<tbody>\n<tr>\n<td colspan=\"1\" rowspan=\"3\">\u0110\u1ed9ng c\u01a1<\/td>\n<td>C\u00f4ng su\u1ea5t \u0111\u1ed9ng c\u01a1<\/td>\n<td>0.75kw<\/td>\n<\/tr>\n<tr>\n<td>T\u1ed1c \u0111\u1ed9<\/td>\n<td>2900 v\/p<\/td>\n<\/tr>\n<tr>\n<td>Ngu\u1ed3n \u0111i\u1ec7n<\/td>\n<td>220V<\/td>\n<\/tr>\n<tr>\n<td colspan=\"1\" rowspan=\"2\">B\u1ea3o h\u00e0nh<\/td>\n<td>K\u1ef9 thu\u1eadt<\/td>\n<td>12 th\u00e1ng<\/td>\n<\/tr>\n<tr>\n<td>\u0110\u1ed9ng c\u01a1<\/td>\n<td>Theo t\u1eebng h\u00e3ng s\u1ea3n xu\u1ea5t<\/td>\n<\/tr>\n<tr>\n<td>N\u0103ng su\u1ea5t<\/td>\n<td colspan=\"2\" rowspan=\"1\">200 \u2013 300 kg\/gi\u1edd<\/td>\n<\/tr>\n<tr>\n<td>K\u00edch th\u01b0\u1edbc (d*c*r)<\/td>\n<td colspan=\"2\" rowspan=\"1\">46*79*45 cm<\/td>\n<\/tr>\n<tr>\n<td>H\u00ecnh th\u1ee9c thanh to\u00e1n<\/td>\n<td colspan=\"2\" rowspan=\"1\">Ti\u1ec1n m\u1eb7t ho\u1eb7c chuy\u1ec3n kho\u1ea3n<\/td>\n<\/tr>\n<\/tbody>\n<\/table>\n<p>&nbsp;<\/p>\n","protected":false},"excerpt":{"rendered":"<ul>\n<li><strong>H\u00e3ng s\u1ea3n xu\u1ea5t:<\/strong> B\u00ecnh Minh<\/li>\n<li><strong>C\u00f4ng su\u1ea5t:<\/strong>\u00a00.75kw<\/li>\n<li><strong>Ngu\u1ed3n \u0111i\u1ec7n<\/strong>: 220V<\/li>\n<li><strong>T\u1ed1c \u0111\u1ed9<\/strong>: 2900 v\u00f2ng\/ph\u00fat<\/li>\n<li><strong>N\u0103ng su\u1ea5t:<\/strong>\u00a0200 \u2013 300 kg\/gi\u1edd<\/li>\n<li><strong>K\u00edch th\u01b0\u1edbc (d*c*r):<\/strong>\u00a046*79*45 cm<\/li>\n<li><strong>T\u00ednh n\u0103ng :\u00a0<\/strong>m\u00e1y chuy\u00ean b\u0103m c\u1ecf voi, c\u00e2y ng\u00f4..\u00a0l\u00e0m th\u1ee9c \u0103n cho gia s\u00fac, gia c\u1ea7m<\/li>\n<\/ul>\n","protected":false},"featured_media":10931,"comment_status":"open","ping_status":"closed","template":"","meta":[],"product_brand":[],"product_cat":[194],"product_tag":[],"class_list":{"0":"post-10925","1":"product","2":"type-product","3":"status-publish","4":"has-post-thumbnail","6":"product_cat-may-xay-rau-cu","8":"first","9":"instock","10":"shipping-taxable","11":"product-type-simple"},"_links":{"self":[{"href":"https:\/\/congtybinhminh.com\/index.php?rest_route=\/wp\/v2\/product\/10925","targetHints":{"allow":["GET"]}}],"collection":[{"href":"https:\/\/congtybinhminh.com\/index.php?rest_route=\/wp\/v2\/product"}],"about":[{"href":"https:\/\/congtybinhminh.com\/index.php?rest_route=\/wp\/v2\/types\/product"}],"replies":[{"embeddable":true,"href":"https:\/\/congtybinhminh.com\/index.php?rest_route=%2Fwp%2Fv2%2Fcomments&post=10925"}],"wp:featuredmedia":[{"embeddable":true,"href":"https:\/\/congtybinhminh.com\/index.php?rest_route=\/wp\/v2\/media\/10931"}],"wp:attachment":[{"href":"https:\/\/congtybinhminh.com\/index.php?rest_route=%2Fwp%2Fv2%2Fmedia&parent=10925"}],"wp:term":[{"taxonomy":"product_brand","embeddable":true,"href":"https:\/\/congtybinhminh.com\/index.php?rest_route=%2Fwp%2Fv2%2Fproduct_brand&post=10925"},{"taxonomy":"product_cat","embeddable":true,"href":"https:\/\/congtybinhminh.com\/index.php?rest_route=%2Fwp%2Fv2%2Fproduct_cat&post=10925"},{"taxonomy":"product_tag","embeddable":true,"href":"https:\/\/congtybinhminh.com\/index.php?rest_route=%2Fwp%2Fv2%2Fproduct_tag&post=10925"}],"curies":[{"name":"wp","href":"https:\/\/api.w.org\/{rel}","templated":true}]}}