{"id":10918,"date":"2025-09-27T15:05:28","date_gmt":"2025-09-27T08:05:28","guid":{"rendered":"https:\/\/congtybinhminh.com\/?post_type=product&#038;p=10918"},"modified":"2026-01-19T08:40:14","modified_gmt":"2026-01-19T01:40:14","slug":"may-bao-san-750w","status":"publish","type":"product","link":"https:\/\/congtybinhminh.com\/?product=may-bao-san-750w","title":{"rendered":"M\u00e1y b\u00e0o s\u1eafn 750W"},"content":{"rendered":"<h2>Gi\u1edbi thi\u1ec7u m\u00e1y b\u00e0o s\u1eafn 750W<\/h2>\n<p>M\u00e1y b\u00e0o s\u1eafn 750W do c\u00f4ng ty B\u00ecnh Minh s\u1ea3n xu\u1ea5t &#8211; tr\u1ee3 th\u1ee7 \u0111\u1eafc l\u1ef1c gi\u00fap b\u00e0 con t\u1ed1i gi\u1ea3m th\u1eddi gian v\u00e0 c\u00f4ng s\u1ee9c &#8221; b\u00e0o s\u1ee3i &#8211; th\u00e1i l\u00e1t&#8217; c\u1ee7 s\u1eafn v\u00e0 c\u00e1c lo\u1ea1i c\u1ee7 qu\u1ea3 l\u00e0m th\u1ee9c \u0103n ch\u0103n nu\u00f4i nhanh ch\u00f3ng<\/p>\n<p><img loading=\"lazy\" decoding=\"async\" class=\"aligncenter wp-image-10919 size-full\" src=\"https:\/\/congtybinhminh.com\/wp-content\/uploads\/2025\/09\/may-bao-san-750w-binh-minh_result222.webp\" alt=\"may-bao-san-750w-binh-minh_result222\" width=\"800\" height=\"1078\" srcset=\"https:\/\/congtybinhminh.com\/wp-content\/uploads\/2025\/09\/may-bao-san-750w-binh-minh_result222.webp 800w, https:\/\/congtybinhminh.com\/wp-content\/uploads\/2025\/09\/may-bao-san-750w-binh-minh_result222-297x400.webp 297w, https:\/\/congtybinhminh.com\/wp-content\/uploads\/2025\/09\/may-bao-san-750w-binh-minh_result222-594x800.webp 594w, https:\/\/congtybinhminh.com\/wp-content\/uploads\/2025\/09\/may-bao-san-750w-binh-minh_result222-768x1035.webp 768w, https:\/\/congtybinhminh.com\/wp-content\/uploads\/2025\/09\/may-bao-san-750w-binh-minh_result222-510x687.webp 510w\" sizes=\"auto, (max-width: 800px) 100vw, 800px\" \/><\/p>\n<p>&#8220;B\u00e0o nanh &#8211; n\u1ea1o s\u1ea1ch&#8221; ti\u1ebft ki\u1ec7m th\u1eddi gian, c\u00f4ng s\u1ee9c ph\u00f9 h\u1ee3p cho c\u00e1c h\u1ed9 gia \u0111\u00ecnh, c\u01a1 s\u1edf s\u1ea3n xu\u1ea5t nh\u1ecf mang hi\u1ec7u qu\u1ea3 kinh t\u1ebf l\u00e2u d\u00e0i<\/p>\n<h2>C\u1ea5u t\u1ea1o m\u00e1y b\u00e1o s\u1eafn 750W<\/h2>\n<p>T\u1ed5ng tr\u1ecdng l\u01b0\u1ee3ng m\u00e1y kho\u1ea3ng 20kg v\u1edbi l\u1ee3i th\u1ebf nh\u1ecf g\u1ecdn chi\u1ebfc m\u00e1y c\u00f3 th\u1ec3 \u0111\u1eb7t \u1edf nh\u1eefng n\u01a1i kh\u00f4ng gian h\u1ea1n ch\u1ebf<\/p>\n<p><img loading=\"lazy\" decoding=\"async\" class=\"aligncenter wp-image-10921 size-full\" src=\"https:\/\/congtybinhminh.com\/wp-content\/uploads\/2025\/09\/cau-tao-may-bao-san-750w-binh-minh_result222.webp\" alt=\"cau-tao-may-bao-san-750w-binh-minh_result222\" width=\"800\" height=\"570\" srcset=\"https:\/\/congtybinhminh.com\/wp-content\/uploads\/2025\/09\/cau-tao-may-bao-san-750w-binh-minh_result222.webp 800w, https:\/\/congtybinhminh.com\/wp-content\/uploads\/2025\/09\/cau-tao-may-bao-san-750w-binh-minh_result222-561x400.webp 561w, https:\/\/congtybinhminh.com\/wp-content\/uploads\/2025\/09\/cau-tao-may-bao-san-750w-binh-minh_result222-768x547.webp 768w, https:\/\/congtybinhminh.com\/wp-content\/uploads\/2025\/09\/cau-tao-may-bao-san-750w-binh-minh_result222-510x363.webp 510w\" sizes=\"auto, (max-width: 800px) 100vw, 800px\" \/><\/p>\n<p>Toa n\u1ea1p thi\u1ebft k\u1ebf \u0111\u1ee9ng \u0111\u1ea3m b\u1ea3o an to\u00e0n trong su\u1ed1t qu\u00e1 tr\u00ecnh v\u1eadn h\u00e0nh<\/p>\n<p>V\u1edbi thi\u1ebft k\u1ebf 2 t\u00ednh n\u0103ng trong 1 m\u00e1y, b\u00e0 con c\u00f3 th\u1ec3 s\u1eed d\u1ee5ng m\u00e1y \u0111\u1ec3 b\u1ea3o s\u1ee3i hay th\u00e1i l\u00e1t c\u1ee7 s\u1eafn v\u00e0 c\u00e1c lo\u1ea1i c\u1ee7 qu\u1ea3 kh\u00e1c, ch\u1ec9 c\u1ea7n thay m\u00e2m b\u0103m:<\/p>\n<ul>\n<li>M\u00e2m dao th\u00e1i l\u00e1t g\u1ed3m 2 l\u01b0\u1ee1i dao xoay tr\u00f2n &#8211; th\u00e1i c\u1ee7 s\u1eafn th\u00e0nh t\u1eebng l\u00e1t tr\u00f2n &#8211; d\u00e0y m\u1ecfng \u0111\u1ed3ng \u0111\u1ec1u<\/li>\n<li>M\u00e1y dao th\u00e1i s\u1ee3i g\u1ed3m c\u00e1c m\u1eaft l\u01b0\u1ee1i c\u1eaft: xoay tr\u00f2n b\u00e0o c\u1ee7 s\u1eafn th\u00e0nh s\u1ee3i m\u1ea3nh m\u00e0 kh\u00f4ng l\u00e0m n\u00e1t c\u1ee7<\/li>\n<\/ul>\n<p><img loading=\"lazy\" decoding=\"async\" class=\"aligncenter wp-image-10922 size-full\" src=\"https:\/\/congtybinhminh.com\/wp-content\/uploads\/2025\/09\/luoi-dao-thai-san_result222.webp\" alt=\"luoi-dao-thai-san_result222\" width=\"800\" height=\"1296\" srcset=\"https:\/\/congtybinhminh.com\/wp-content\/uploads\/2025\/09\/luoi-dao-thai-san_result222.webp 800w, https:\/\/congtybinhminh.com\/wp-content\/uploads\/2025\/09\/luoi-dao-thai-san_result222-247x400.webp 247w, https:\/\/congtybinhminh.com\/wp-content\/uploads\/2025\/09\/luoi-dao-thai-san_result222-494x800.webp 494w, https:\/\/congtybinhminh.com\/wp-content\/uploads\/2025\/09\/luoi-dao-thai-san_result222-768x1244.webp 768w, https:\/\/congtybinhminh.com\/wp-content\/uploads\/2025\/09\/luoi-dao-thai-san_result222-510x826.webp 510w\" sizes=\"auto, (max-width: 800px) 100vw, 800px\" \/><\/p>\n<p>M\u00e1y b\u00e0o s\u1eafn s\u1eed d\u1ee5ng \u0111i\u1ec7n gia \u0111\u00ecnh v\u1edbi \u0111\u1ed9ng c\u01a1 750W cho n\u0103ng su\u1ea5t m\u1ed7i gi\u1edd x\u1eed l\u00fd \u0111\u01b0\u1ee3c kho\u1ea3ng 200 &#8211; 300kg<\/p>\n<p>D\u00e2y curoa truy\u1ec1n chuy\u1ec3n \u0111\u1ed9ng \u0111\u01b0\u1ee3c l\u1eafp ch\u1eafc ch\u1eafn v\u00e0 d\u1ec5 thay khi c\u1ea7n<\/p>\n<p><img loading=\"lazy\" decoding=\"async\" class=\"aligncenter wp-image-10924 size-full\" src=\"https:\/\/congtybinhminh.com\/wp-content\/uploads\/2025\/09\/may-bao-soi_result222.webp\" alt=\"may-bao-soi_result222\" width=\"800\" height=\"565\" srcset=\"https:\/\/congtybinhminh.com\/wp-content\/uploads\/2025\/09\/may-bao-soi_result222.webp 800w, https:\/\/congtybinhminh.com\/wp-content\/uploads\/2025\/09\/may-bao-soi_result222-566x400.webp 566w, https:\/\/congtybinhminh.com\/wp-content\/uploads\/2025\/09\/may-bao-soi_result222-768x542.webp 768w, https:\/\/congtybinhminh.com\/wp-content\/uploads\/2025\/09\/may-bao-soi_result222-510x360.webp 510w\" sizes=\"auto, (max-width: 800px) 100vw, 800px\" \/><\/p>\n<p>V\u1edbi l\u1ef1c k\u00e9o kh\u1ecfe, b\u00e0 con ch\u1ec9 c\u1ea7n lo\u1ea1i b\u1ecf \u0111\u1ea5t b\u00e1m tr\u00ean c\u1ee7 r\u1ed3i cho v\u00e0o mi\u1ec7ng toa n\u1ea1p l\u00e0 trong ch\u1ed1c l\u00e1t \u0111\u00e3 c\u00f3 ngay th\u00e0nh ph\u1ea9m d\u1ea1ng s\u1ee3i<\/p>\n<h2>M\u00e1y b\u00e0o s\u1ee3i s\u1eafn 750W mang t\u1edbi l\u1ee3i \u00edch g\u00ec cho b\u00e0 con ?<\/h2>\n<p>M\u00e1y b\u00e0o s\u1eafn 750W ch\u00ednh l\u00e0 gi\u1ea3i ph\u00e1p th\u00f4ng minh gi\u00fap b\u00e0 con &#8216;b\u0103m nhanh &#8211; l\u00e0m hi\u1ec7u qu\u1ea3&#8221; x\u1ee9ng \u0111\u00e1ng \u0111\u1ea7u t\u01b0 l\u00e2u d\u00e0i:<\/p>\n<p><img loading=\"lazy\" decoding=\"async\" class=\"aligncenter wp-image-10923 size-full\" src=\"https:\/\/congtybinhminh.com\/wp-content\/uploads\/2025\/09\/may-thai-lat-cu-qua_result222.webp\" alt=\"may-thai-lat-cu-qua_result222\" width=\"800\" height=\"608\" srcset=\"https:\/\/congtybinhminh.com\/wp-content\/uploads\/2025\/09\/may-thai-lat-cu-qua_result222.webp 800w, https:\/\/congtybinhminh.com\/wp-content\/uploads\/2025\/09\/may-thai-lat-cu-qua_result222-526x400.webp 526w, https:\/\/congtybinhminh.com\/wp-content\/uploads\/2025\/09\/may-thai-lat-cu-qua_result222-768x584.webp 768w, https:\/\/congtybinhminh.com\/wp-content\/uploads\/2025\/09\/may-thai-lat-cu-qua_result222-510x388.webp 510w\" sizes=\"auto, (max-width: 800px) 100vw, 800px\" \/><\/p>\n<ul>\n<li>Thay s\u1ee9c ng\u01b0\u1eddi b\u1eb1ng s\u1ee9c m\u00e1y x\u1eed l\u00fd h\u00e0ng ch\u1ee5c \u0111\u1ebfn h\u00e0ng tr\u0103m nguy\u00ean li\u1ec7u m\u1ed7i gi\u1edd<\/li>\n<li>Th\u00e1i l\u00e1t \/ th\u00e1i s\u1ee3i \u0111a d\u1ea1ng nguy\u00ean li\u1ec7u: c\u00e0 r\u1ed1t, c\u1ee7 c\u1ea3i, khoai lang..<\/li>\n<li>L\u00e1t c\u1eaft \u0111\u1ec1u, s\u1ee3i m\u1ea3nh &#8211; kh\u00f4ng l\u00e0m d\u1eadp, n\u00e1t v\u1ee5 hay hao h\u1ee5t nguy\u00ean li\u1ec7u<\/li>\n<li>Ch\u1ee7 \u0111\u1ed9ng s\u1ea3n xu\u1ea5t t\u1ea1i nh\u00e0, ti\u1ebft ki\u1ec7m chi ph\u00ed g\u00f3p ph\u1ea7n t\u0103ng l\u1ee3i nhu\u1eadn ch\u0103n nu\u00f4i<\/li>\n<\/ul>\n<h2>L\u00e0m sao \u0111\u1ec3 \u0111\u1eb7t mua m\u00e1y b\u00e0o s\u1eafn ch\u00ednh h\u00e3ng<\/h2>\n<p>C\u00f4ng ty B\u00ecnh Minh &#8211; \u0111\u01a1n v\u1ecb chuy\u00ean s\u1ea3n xu\u1ea5t v\u00e0 cung c\u1ea5p c\u00e1c d\u00f2ng m\u00e1y n\u00f4ng nghi\u1ec7p s\u1ed1 1 Vi\u1ec7t Nam v\u1edbi h\u01a1n 30 n\u0103m kinh nghi\u1ec7m trong l\u0129nh v\u1ef1c c\u01a1 kh\u00ed<\/p>\n<p>\u0110\u1ec3 \u0111\u1eb7t mua m\u00e1y ch\u00ednh h\u00e3ng, b\u00e0 con c\u00f3 th\u1ec3 l\u1ef1a ch\u1ecdn 1 trong c\u00e1c c\u00e1ch sau:<\/p>\n<ul>\n<li>\u0110\u1ebfn mua tr\u1ef1c ti\u1ebfp: b\u00e0 con \u0111\u1ebfn \u0111\u01a1n v\u1ecb t\u1ea1i Ph\u01b0\u1eddng S\u01a1n T\u00e2y &#8211; H\u00e0 N\u1ed9i<\/li>\n<li>\u0110\u1eb7t mua Online: \u0111\u1ec3 l\u1ea1i l\u1eddi nh\u1eafn ho\u1eb7c li\u00ean h\u1ec7 s\u1ed1 \u0111i\u1ec7n tho\u1ea1i tr\u00ean website, \u0111\u1ed9i ng\u0169 t\u01b0 v\u1ea5n s\u1ebd li\u00ean h\u1ec7 b\u00e0 con trong th\u1eddi gian s\u1edbm nh\u1ea5t<\/li>\n<\/ul>\n<p><strong>Th\u00f4ng s\u1ed1 k\u1ef9 thu\u1eadt<\/strong><\/p>\n<table border=\"1\" cellspacing=\"1\" cellpadding=\"1\">\n<tbody>\n<tr>\n<td colspan=\"1\" rowspan=\"3\">\u0110\u1ed9ng c\u01a1<\/td>\n<td>C\u00f4ng su\u1ea5t \u0111\u1ed9ng c\u01a1<\/td>\n<td>0.75kw<\/td>\n<\/tr>\n<tr>\n<td>T\u1ed1c \u0111\u1ed9<\/td>\n<td>2900 v\/p<\/td>\n<\/tr>\n<tr>\n<td>Ngu\u1ed3n \u0111i\u1ec7n<\/td>\n<td>220V<\/td>\n<\/tr>\n<tr>\n<td colspan=\"1\" rowspan=\"2\">B\u1ea3o h\u00e0nh<\/td>\n<td>K\u1ef9 thu\u1eadt<\/td>\n<td>12 th\u00e1ng<\/td>\n<\/tr>\n<tr>\n<td>\u0110\u1ed9ng c\u01a1<\/td>\n<td>Theo t\u1eebng h\u00e3ng s\u1ea3n xu\u1ea5t<\/td>\n<\/tr>\n<tr>\n<td>N\u0103ng su\u1ea5t<\/td>\n<td colspan=\"2\" rowspan=\"1\">200 &#8211; 350kg\/gi\u1edd<\/td>\n<\/tr>\n<tr>\n<td>K\u00edch th\u01b0\u1edbc (d*c*r)<\/td>\n<td colspan=\"2\" rowspan=\"1\">63*48*40 cm<\/td>\n<\/tr>\n<tr>\n<td>H\u00ecnh th\u1ee9c thanh to\u00e1n<\/td>\n<td colspan=\"2\" rowspan=\"1\">Ti\u1ec1n m\u1eb7t ho\u1eb7c chuy\u1ec3n kho\u1ea3n<\/td>\n<\/tr>\n<\/tbody>\n<\/table>\n","protected":false},"excerpt":{"rendered":"<ul>\n<li><strong>H\u00e3ng s\u1ea3n xu\u1ea5t:<\/strong> B\u00ecnh Minh<\/li>\n<li><strong>C\u00f4ng su\u1ea5t<\/strong>: 0,75kw<\/li>\n<li><strong>T\u1ed1c \u0111\u1ed9:<\/strong>\u00a02900 v\/p<\/li>\n<li><strong>N\u0103ng su\u1ea5t:<\/strong>\u00a0250 \u2013 350kg\/gi\u1edd<\/li>\n<li><strong>K\u00edch th\u01b0\u1edbc (d*c*r):<\/strong>\u00a036*64*35cm<\/li>\n<li><strong>Tr\u1ecdng l\u01b0\u1ee3ng:<\/strong>\u00a020 kg<\/li>\n<li><strong>T\u00ednh n\u0103ng:<\/strong>\u00a0th\u00e1i s\u1ee3i, th\u00e1i l\u00e1t c\u1ee7 s\u1eafn, c\u1ee7 khoai, c\u00e0 r\u1ed1t..<\/li>\n<\/ul>\n","protected":false},"featured_media":10920,"comment_status":"open","ping_status":"closed","template":"","meta":[],"product_brand":[],"product_cat":[194],"product_tag":[],"class_list":{"0":"post-10918","1":"product","2":"type-product","3":"status-publish","4":"has-post-thumbnail","6":"product_cat-may-xay-rau-cu","8":"first","9":"instock","10":"shipping-taxable","11":"product-type-simple"},"_links":{"self":[{"href":"https:\/\/congtybinhminh.com\/index.php?rest_route=\/wp\/v2\/product\/10918","targetHints":{"allow":["GET"]}}],"collection":[{"href":"https:\/\/congtybinhminh.com\/index.php?rest_route=\/wp\/v2\/product"}],"about":[{"href":"https:\/\/congtybinhminh.com\/index.php?rest_route=\/wp\/v2\/types\/product"}],"replies":[{"embeddable":true,"href":"https:\/\/congtybinhminh.com\/index.php?rest_route=%2Fwp%2Fv2%2Fcomments&post=10918"}],"wp:featuredmedia":[{"embeddable":true,"href":"https:\/\/congtybinhminh.com\/index.php?rest_route=\/wp\/v2\/media\/10920"}],"wp:attachment":[{"href":"https:\/\/congtybinhminh.com\/index.php?rest_route=%2Fwp%2Fv2%2Fmedia&parent=10918"}],"wp:term":[{"taxonomy":"product_brand","embeddable":true,"href":"https:\/\/congtybinhminh.com\/index.php?rest_route=%2Fwp%2Fv2%2Fproduct_brand&post=10918"},{"taxonomy":"product_cat","embeddable":true,"href":"https:\/\/congtybinhminh.com\/index.php?rest_route=%2Fwp%2Fv2%2Fproduct_cat&post=10918"},{"taxonomy":"product_tag","embeddable":true,"href":"https:\/\/congtybinhminh.com\/index.php?rest_route=%2Fwp%2Fv2%2Fproduct_tag&post=10918"}],"curies":[{"name":"wp","href":"https:\/\/api.w.org\/{rel}","templated":true}]}}