{"id":10902,"date":"2025-09-19T13:58:10","date_gmt":"2025-09-19T06:58:10","guid":{"rendered":"https:\/\/congtybinhminh.com\/?post_type=product&#038;p=10902"},"modified":"2025-09-19T13:58:11","modified_gmt":"2025-09-19T06:58:11","slug":"may-tron-thuc-an-chan-nuoi-mt300-2","status":"publish","type":"product","link":"https:\/\/congtybinhminh.com\/?product=may-tron-thuc-an-chan-nuoi-mt300-2","title":{"rendered":"M\u00e1y tr\u1ed9n th\u1ee9c \u0103n ch\u0103n nu\u00f4i MT300"},"content":{"rendered":"<h2>Gi\u1edbi thi\u1ec7u m\u00e1y tr\u1ed9n th\u1ee9c \u0103n ch\u0103n nu\u00f4i MT300<\/h2>\n<p>M\u00e1y tr\u1ed9n th\u1ee9c \u0103n ch\u0103n nu\u00f4i MT300 do c\u00f4ng ty B\u00ecnh Minh s\u1ea3n xu\u1ea5t &#8211; gi\u1ea3i ph\u00e1p t\u1ed1i \u01b0u d\u00e0nh cho c\u00e1c h\u1ed9 ch\u0103n nu\u00f4i v\u00e0 trang tr\u1ea1i l\u1edbn mu\u1ed1n n\u00e2ng cao ch\u1ea5t l\u01b0\u1ee3ng v\u00e0 chuy\u00ean nghi\u1ec7p h\u00f3a quy tr\u00ecnh s\u1ea3n xu\u1ea5t<\/p>\n<p><img loading=\"lazy\" decoding=\"async\" class=\"aligncenter wp-image-10907 size-full\" src=\"https:\/\/congtybinhminh.com\/wp-content\/uploads\/2025\/09\/may-tron-thuc-an-chan-nuoi-mt300_result222.webp\" alt=\"may-tron-thuc-an-chan-nuoi-mt300_result222\" width=\"800\" height=\"1078\" srcset=\"https:\/\/congtybinhminh.com\/wp-content\/uploads\/2025\/09\/may-tron-thuc-an-chan-nuoi-mt300_result222.webp 800w, https:\/\/congtybinhminh.com\/wp-content\/uploads\/2025\/09\/may-tron-thuc-an-chan-nuoi-mt300_result222-297x400.webp 297w, https:\/\/congtybinhminh.com\/wp-content\/uploads\/2025\/09\/may-tron-thuc-an-chan-nuoi-mt300_result222-594x800.webp 594w, https:\/\/congtybinhminh.com\/wp-content\/uploads\/2025\/09\/may-tron-thuc-an-chan-nuoi-mt300_result222-768x1035.webp 768w, https:\/\/congtybinhminh.com\/wp-content\/uploads\/2025\/09\/may-tron-thuc-an-chan-nuoi-mt300_result222-510x687.webp 510w\" sizes=\"auto, (max-width: 800px) 100vw, 800px\" \/><\/p>\n<p>M\u00e1y tr\u1ed9n t\u1ef1 \u0111\u1ed9ng &#8211; nhanh ch\u00f3ng &#8211; \u0111\u1ed3ng \u0111\u1ec1u v\u1edbi n\u0103ng su\u1ea5t 200 &#8211; 300 kg\/m\u1ebb, thi\u1ebft b\u1ecb kh\u00f4ng ch\u1ec9 r\u00fat ng\u1eafn \u0111\u00e1ng k\u1ec3 th\u1eddi gian so v\u1edbi tr\u1ed9n th\u1ee7 c\u00f4ng m\u00e0 c\u00f2n t\u1ea1o ra ngu\u1ed3n th\u1ee9c \u0103n s\u1ea1ch, c\u1ea7n \u0111\u1ed1i dinh d\u01b0\u1ee1ng<\/p>\n<h2>M\u00e1y tr\u1ed9n MT300 &#8211; l\u1ef1a ch\u1ecdn t\u1ed1i \u01b0u cho nh\u1eefng h\u1ed9 ch\u0103n nu\u00f4i n\u00e0o ?<\/h2>\n<p>M\u00e1y tr\u1ed9n th\u1ee9c \u0103n ch\u0103n nu\u00f4i MT300 \u0111\u01b0\u1ee3c thi\u1ebft k\u1ebf v\u1edbi n\u0103ng su\u1ea5t 200 &#8211; 300 kg\/m\u1ebb th\u00edch h\u1ee3p cho nh\u1eefng \u0111\u01a1n v\u1ecb ch\u0103n nu\u00f4i c\u00f3 nhu c\u1ea7u tr\u1ed9n s\u1ed1 l\u01b0\u1ee3ng l\u1edbn m\u1ed7i ng\u00e0y, \u0111\u00e2y l\u00e0 l\u1ef1a ch\u1ecdn l\u00fd t\u01b0\u1edfng cho:<\/p>\n<p><img loading=\"lazy\" decoding=\"async\" class=\"aligncenter wp-image-10910 size-full\" src=\"https:\/\/congtybinhminh.com\/wp-content\/uploads\/2025\/09\/may-tron-bot-cam_result222.webp\" alt=\"may-tron-bot-cam_result222\" width=\"800\" height=\"466\" srcset=\"https:\/\/congtybinhminh.com\/wp-content\/uploads\/2025\/09\/may-tron-bot-cam_result222.webp 800w, https:\/\/congtybinhminh.com\/wp-content\/uploads\/2025\/09\/may-tron-bot-cam_result222-687x400.webp 687w, https:\/\/congtybinhminh.com\/wp-content\/uploads\/2025\/09\/may-tron-bot-cam_result222-768x447.webp 768w, https:\/\/congtybinhminh.com\/wp-content\/uploads\/2025\/09\/may-tron-bot-cam_result222-510x297.webp 510w\" sizes=\"auto, (max-width: 800px) 100vw, 800px\" \/><\/p>\n<ul>\n<li>Trang tr\u1ea1i ch\u0103n nu\u00f4i quy m\u00f4 l\u1edbn: nu\u00f4i h\u00e0ng tr\u0103m \u0111\u1ebfn h\u00e0ng ngh\u00ecn con gia s\u00fac, gia c\u1ea7m<\/li>\n<li>H\u1ed7 ch\u0103n nu\u00f4i mu\u1ed1n m\u1edf r\u1ed9ng quy m\u00f4: t\u1eeb v\u00e0i ch\u1ee5c l\u00ean v\u00e0i tr\u0103m con mu\u1ed1n ti\u1ebfp ki\u1ec7m th\u1eddi gian v\u00e0 c\u00f4ng s\u1ee9c<\/li>\n<li>H\u1ee3p t\u00e1c x\u00e3 m\u1edf r\u1ed9ng quy m\u00f4: c\u1ea7n m\u00e1y c\u00f4ng su\u1ea5t l\u1edbn \u0111\u1ec3 ph\u1ee5c v\u1ee5 nhi\u1ec1u h\u1ed9 nu\u00f4i chung<\/li>\n<li>C\u01a1 s\u1edf s\u1ea3n xu\u1ea5t, kinh doanh c\u00e1m vi\u00ean v\u00e0 th\u1ee9c \u0103n ch\u0103n nu\u00f4i chuy\u00ean nghi\u1ec7p h\u00f3a: k\u1ebft h\u1ee3p t\u1ea1o d\u00e2y chuy\u1ec1n m\u00e1y \u00e9p c\u00e1m, m\u00e1y nghi\u1ec1n&#8230;<\/li>\n<\/ul>\n<h2>V\u00ec sao n\u00ean d\u00f9ng m\u00e1y tr\u1ed9n th\u1ee9c \u0103n ch\u0103n nu\u00f4i MT300<\/h2>\n<h3>Thi\u1ebft k\u1ebf ch\u1eafc ch\u1eafn &#8211; d\u1ec5 di chuy\u1ec3n<\/h3>\n<p>Khung m\u00e1y \u0111\u01b0\u1ee3c gia c\u00f4ng t\u1eeb th\u00e9p d\u00e0y, h\u00e0n g\u1eafn ki\u00ean c\u1ed1 gi\u00fap m\u00e1y b\u1ec1n, ch\u1ecbu t\u1ea3i t\u1ed1t v\u00e0 kh\u00f4ng b\u1ecb rung l\u1eafc khi v\u1eadn h\u00e0nh<\/p>\n<p><img loading=\"lazy\" decoding=\"async\" class=\"aligncenter wp-image-10908 size-full\" src=\"https:\/\/congtybinhminh.com\/wp-content\/uploads\/2025\/09\/cau-tao-may-tron-thuc-an-chan-nuoi-mt300-binh-minh_result222.webp\" alt=\"cau-tao-may-tron-thuc-an-chan-nuoi-mt300-binh-minh_result222\" width=\"800\" height=\"642\" srcset=\"https:\/\/congtybinhminh.com\/wp-content\/uploads\/2025\/09\/cau-tao-may-tron-thuc-an-chan-nuoi-mt300-binh-minh_result222.webp 800w, https:\/\/congtybinhminh.com\/wp-content\/uploads\/2025\/09\/cau-tao-may-tron-thuc-an-chan-nuoi-mt300-binh-minh_result222-498x400.webp 498w, https:\/\/congtybinhminh.com\/wp-content\/uploads\/2025\/09\/cau-tao-may-tron-thuc-an-chan-nuoi-mt300-binh-minh_result222-768x616.webp 768w, https:\/\/congtybinhminh.com\/wp-content\/uploads\/2025\/09\/cau-tao-may-tron-thuc-an-chan-nuoi-mt300-binh-minh_result222-510x409.webp 510w\" sizes=\"auto, (max-width: 800px) 100vw, 800px\" \/><\/p>\n<p>Ph\u00eda d\u01b0\u1edbi l\u1eafp \u0111\u1eb7t 4 b\u00e1nh xe ch\u1ecbu l\u1ef1c, cho ph\u00e9p b\u00e0 con d\u1ec5 d\u00e0ng di chuy\u1ec3n m\u00e1y \u0111\u1ebfn v\u1ecb tr\u00ed mong mu\u1ed1n trong trang tr\u1ea1i hay khu v\u1ef1c ch\u0103n nu\u00f4i<\/p>\n<h3>Th\u00f9ng tr\u1ed9n l\u1edbn &#8211; \u0111\u1ea3o \u0111\u1ec1u nguy\u00ean li\u1ec7u<\/h3>\n<p>M\u00e1y tr\u1ed9n th\u1ee9c \u0103n ch\u0103n nu\u00f4i MT300 \u0111\u01b0\u1ee3c trang b\u1ecb th\u00f9ng tr\u1ed9n d\u1ea1ng n\u1eb1m ngang v\u1edbi dung t\u00edch l\u1edbn, c\u00f3 th\u1ec3 ch\u1ee9a v\u00e0 ph\u1ed1i tr\u1ed9n m\u1ed7i m\u1ebb kho\u1ea3ng 200-300 kg nguy\u00ean li\u1ec7u<\/p>\n<p><img loading=\"lazy\" decoding=\"async\" class=\"aligncenter wp-image-10909 size-full\" src=\"https:\/\/congtybinhminh.com\/wp-content\/uploads\/2025\/09\/may-tron-nam-ngang-3-pha_result222.webp\" alt=\"may-tron-nam-ngang-3-pha_result222\" width=\"800\" height=\"600\" srcset=\"https:\/\/congtybinhminh.com\/wp-content\/uploads\/2025\/09\/may-tron-nam-ngang-3-pha_result222.webp 800w, https:\/\/congtybinhminh.com\/wp-content\/uploads\/2025\/09\/may-tron-nam-ngang-3-pha_result222-533x400.webp 533w, https:\/\/congtybinhminh.com\/wp-content\/uploads\/2025\/09\/may-tron-nam-ngang-3-pha_result222-768x576.webp 768w, https:\/\/congtybinhminh.com\/wp-content\/uploads\/2025\/09\/may-tron-nam-ngang-3-pha_result222-510x383.webp 510w\" sizes=\"auto, (max-width: 800px) 100vw, 800px\" \/><\/p>\n<p>L\u00f2ng th\u00f9ng \u0111\u01b0\u1ee3c u\u1ed1n cong d\u1ea1ng v\u00f2m, b\u1ec1 m\u1eb7t l\u00e1ng m\u1ecbn gi\u00fap nguy\u00ean li\u1ec7u kh\u00f4ng b\u1ecb d\u1ed3n hay b\u00e1m d\u00ednh, \u0111\u1ed3ng th\u1eddi thu\u1eadn ti\u1ec7n v\u1ec7 sinh sau khi s\u1eed d\u1ee5ng<\/p>\n<h3>Tr\u1ee5c xo\u1eafn k\u00e9p \u0111\u1ea3o \u0111\u1ec1u nguy\u00ean li\u1ec7u<\/h3>\n<p>B\u00ean trong th\u00f9ng tr\u1ed9n l\u00e0 h\u1ec7 th\u1ed1ng tr\u1ee5c xo\u1eafn k\u00e9p c\u1ee1 l\u1edbn, ho\u1ea1t \u0111\u1ed9ng li\u00ean t\u1ee5c v\u00e0 \u0111\u1ea3o \u0111\u1ec1u nguy\u00ean li\u1ec7u t\u1eeb tr\u00ean xu\u1ed1ng d\u01b0\u1edbi, t\u1eeb trong ra ngo\u00e0i kh\u00f4ng b\u1ecb v\u00f3n c\u1ee5c &#8211; kh\u00f4ng ph\u00e2n l\u1edbp, \u0111m\u1ea3 b\u1ea3o \u0111\u1ed9 t\u01a1i x\u1ed1p c\u1ea7n thi\u1ebft, \u0111\u1ec3 v\u1eadt nu\u00f4i d\u1ec5 ti\u00eau h\u00f3a<\/p>\n<p><img loading=\"lazy\" decoding=\"async\" class=\"aligncenter wp-image-10911 size-full\" src=\"https:\/\/congtybinhminh.com\/wp-content\/uploads\/2025\/09\/voi-tiep-nuoc-may-tron_result222.webp\" alt=\"voi-tiep-nuoc-may-tron_result222\" width=\"800\" height=\"590\" srcset=\"https:\/\/congtybinhminh.com\/wp-content\/uploads\/2025\/09\/voi-tiep-nuoc-may-tron_result222.webp 800w, https:\/\/congtybinhminh.com\/wp-content\/uploads\/2025\/09\/voi-tiep-nuoc-may-tron_result222-542x400.webp 542w, https:\/\/congtybinhminh.com\/wp-content\/uploads\/2025\/09\/voi-tiep-nuoc-may-tron_result222-768x566.webp 768w, https:\/\/congtybinhminh.com\/wp-content\/uploads\/2025\/09\/voi-tiep-nuoc-may-tron_result222-510x376.webp 510w\" sizes=\"auto, (max-width: 800px) 100vw, 800px\" \/><\/p>\n<h3>\u0110\u1ed9ng c\u01a1 7.5kw k\u1ebft h\u1ee3p h\u1ed9p s\u1ed1 gi\u1ea3m t\u1ed1c<\/h3>\n<p>M\u00e1y tr\u1ed9n c\u00f4ng nghi\u1ec7p 3 pha s\u1eed d\u1ee5ng \u0111\u1ed9ng c\u01a1 7,5kw motor l\u00f5i d\u00e2y \u0111\u1ed3ng 100%<\/p>\n<p>H\u1ec7 th\u1ed1ng truy\u1ec1n chuy\u1ec3n \u0111\u1ed9ng th\u00f4ng qua d\u00e2y curoa to b\u1ea3n k\u1ebft h\u1ee3p puly chuy\u1ec1n t\u1eeb \u0111\u1ed9ng c\u01a1 sang h\u1ed9p s\u1ed1 gi\u1ea3m t\u1ed1c<\/p>\n<p><img loading=\"lazy\" decoding=\"async\" class=\"aligncenter wp-image-10912 size-full\" src=\"https:\/\/congtybinhminh.com\/wp-content\/uploads\/2025\/09\/may-tron-bot-cong-nghiep_result222.webp\" alt=\"may-tron-bot-cong-nghiep_result222\" width=\"800\" height=\"565\" srcset=\"https:\/\/congtybinhminh.com\/wp-content\/uploads\/2025\/09\/may-tron-bot-cong-nghiep_result222.webp 800w, https:\/\/congtybinhminh.com\/wp-content\/uploads\/2025\/09\/may-tron-bot-cong-nghiep_result222-566x400.webp 566w, https:\/\/congtybinhminh.com\/wp-content\/uploads\/2025\/09\/may-tron-bot-cong-nghiep_result222-768x542.webp 768w, https:\/\/congtybinhminh.com\/wp-content\/uploads\/2025\/09\/may-tron-bot-cong-nghiep_result222-510x360.webp 510w\" sizes=\"auto, (max-width: 800px) 100vw, 800px\" \/><\/p>\n<p>V\u1eeba gi\u1ea3m rung ch\u1ea5n &#8211; v\u1eeba h\u1ea1 t\u1ed1c \u0111\u1ed9 quay c\u1ee7a \u0111\u1ed9ng c\u01a1 xu\u1ed1ng m\u1ee9c ph\u00f9 h\u1ee3p v\u1edbi tr\u1ee5c xo\u1eafn<\/p>\n<p>G\u00f3p ph\u1ea7n t\u0103ng l\u1ef1c k\u00e9o, gi\u1eef \u1ed5n \u0111\u1ecbnh trong su\u1ed1t qu\u00e1 tr\u00ecnh \u0111\u1ea3o tr\u1ed9n. Nguy\u00ean li\u1ec7u \u0111\u01b0\u1ee3c \u0111\u1ea3o \u0111\u1ec1u m\u00e0 kh\u00f4ng v\u0103ng &#8211; b\u1eafn vung ra ngo\u00e0i hay h\u1ecfng h\u00f3c<\/p>\n<h3 data-start=\"1165\" data-end=\"1468\">N\u0103ng su\u1ea5t cao &#8211; ph\u00f9 h\u1ee3p quy m\u00f4 l\u1edbn<\/h3>\n<p data-start=\"1165\" data-end=\"1468\">V\u1edbi n\u0103ng su\u1ea5t t\u1eeb 200 &#8211; 300 kg\/m\u1ebb ch\u1ec9 c\u1ea7n v\u00e0i m\u1ebb tr\u1ed9n trong ng\u00e0y l\u00e0 \u0111\u1ee7 th\u1ee9c \u0103n cho c\u1ea3 \u0111\u00e0n gia s\u00fac, ti\u1ebft ki\u1ec7m t\u1ed1i \u0111a th\u1eddi gian v\u00e0 c\u00f4ng s\u1ee9c<\/p>\n<p data-start=\"1165\" data-end=\"1468\"><img loading=\"lazy\" decoding=\"async\" class=\"aligncenter wp-image-10913 size-full\" src=\"https:\/\/congtybinhminh.com\/wp-content\/uploads\/2025\/09\/may-tron-nam-ngang-cong-suat-lon_result222.webp\" alt=\"may-tron-nam-ngang-cong-suat-lon_result222\" width=\"800\" height=\"612\" srcset=\"https:\/\/congtybinhminh.com\/wp-content\/uploads\/2025\/09\/may-tron-nam-ngang-cong-suat-lon_result222.webp 800w, https:\/\/congtybinhminh.com\/wp-content\/uploads\/2025\/09\/may-tron-nam-ngang-cong-suat-lon_result222-523x400.webp 523w, https:\/\/congtybinhminh.com\/wp-content\/uploads\/2025\/09\/may-tron-nam-ngang-cong-suat-lon_result222-768x588.webp 768w, https:\/\/congtybinhminh.com\/wp-content\/uploads\/2025\/09\/may-tron-nam-ngang-cong-suat-lon_result222-510x390.webp 510w\" sizes=\"auto, (max-width: 800px) 100vw, 800px\" \/><\/p>\n<h2 data-start=\"1165\" data-end=\"1468\">\u0110\u1ecba ch\u1ec9 mua m\u00e1y tr\u1ed9n gi\u00e1 g\u1ed1c t\u1ea1i x\u01b0\u1edfng<\/h2>\n<p data-start=\"1165\" data-end=\"1468\">\u0110\u1ec3 \u0111\u1eb7t mua m\u00e1y tr\u1ed9n th\u1ee9c \u0103n ch\u0103n nu\u00f4i MT300 ch\u00ednh h\u00e3ng, b\u00e0 con c\u00f3 th\u1ec3 l\u1ef1a ch\u1ecdn 1 trong 2 c\u00e1ch sau:<\/p>\n<ul>\n<li data-start=\"1165\" data-end=\"1468\">Mua tr\u1ef1c ti\u1ebfp; \u0111\u1ebfn tr\u1ee5 s\u1edf t\u1ea1i Ph\u01b0\u1eddng S\u01a1n T\u00e2y &#8211; H\u00e0 N\u1ed9i xem v\u00e0 th\u1eed nghi\u1ec7m v\u1eadn h\u00e0nh m\u00e1y d\u01b0\u1edbi s\u1ef1 h\u01b0\u1edbng d\u1eabn c\u1ee7a \u0111\u1ed9i ng\u0169 k\u1ef9 thu\u1eadt<\/li>\n<li data-start=\"1165\" data-end=\"1468\">Mua Online; \u0111\u1eb7t mua h\u00e0ng b\u1eb1ng c\u00e1ch \u0111\u1ec3 l\u1ea1i l\u1eddi nh\u1eafn ho\u1eb7c li\u00ean h\u1ec7 tr\u1ef1c ti\u1ebfp t\u1edbi s\u1ed1 \u0111i\u1ec7n tho\u1ea1i tr\u00ean website \u0111\u1ec3 \u0111\u01b0\u1ee3c t\u01b0 v\u1ea5n mi\u1ec5n ph\u00ed<\/li>\n<\/ul>\n<p><img loading=\"lazy\" decoding=\"async\" class=\"aligncenter wp-image-9626 size-full\" src=\"https:\/\/congtybinhminh.com\/wp-content\/uploads\/2024\/04\/dia-chi-mua-may-tron-bot-cam-copy-2_result222.webp\" alt=\"dia-chi-mua-may-tron-bot-cam, copy 2_result222\" width=\"800\" height=\"1293\" srcset=\"https:\/\/congtybinhminh.com\/wp-content\/uploads\/2024\/04\/dia-chi-mua-may-tron-bot-cam-copy-2_result222.webp 800w, https:\/\/congtybinhminh.com\/wp-content\/uploads\/2024\/04\/dia-chi-mua-may-tron-bot-cam-copy-2_result222-247x400.webp 247w, https:\/\/congtybinhminh.com\/wp-content\/uploads\/2024\/04\/dia-chi-mua-may-tron-bot-cam-copy-2_result222-495x800.webp 495w, https:\/\/congtybinhminh.com\/wp-content\/uploads\/2024\/04\/dia-chi-mua-may-tron-bot-cam-copy-2_result222-768x1241.webp 768w, https:\/\/congtybinhminh.com\/wp-content\/uploads\/2024\/04\/dia-chi-mua-may-tron-bot-cam-copy-2_result222-510x824.webp 510w\" sizes=\"auto, (max-width: 800px) 100vw, 800px\" \/><\/p>\n<p>Giao h\u00e0ng v\u1eadn chuy\u1ec3n to\u00e0n qu\u1ed1c th\u00f4ng qua h\u1ec7 th\u1ed1ng xe kh\u00e1ch li\u00ean t\u1ec9nh, ho\u1eb7c nh\u1eadn h\u00e0ng t\u1ea1i nh\u00e0 b\u1edfi d\u1ecbch v\u1ee5 chuy\u1ec3n ph\u00e1t c\u1ee7a Viettel Post<\/p>\n<p><strong>Th\u00f4ng s\u1ed1 k\u1ef9 thu\u1eadt\u00a0<\/strong><\/p>\n<table border=\"1\" cellspacing=\"1\" cellpadding=\"1\">\n<tbody>\n<tr>\n<td colspan=\"1\" rowspan=\"3\">\u0110\u1ed9ng c\u01a1<\/td>\n<td>C\u00f4ng su\u1ea5t \u0111\u1ed9ng c\u01a1<\/td>\n<td>7.5kw<\/td>\n<\/tr>\n<tr>\n<td>Ngu\u1ed3n \u0111i\u1ec7n<\/td>\n<td>380V<\/td>\n<\/tr>\n<tr>\n<td>T\u1ed1c \u0111\u1ed9 quay<\/td>\n<td>v\/p<\/td>\n<\/tr>\n<tr>\n<td colspan=\"1\" rowspan=\"2\">B\u1ea3o h\u00e0nh<\/td>\n<td>K\u1ef9 thu\u1eadt<\/td>\n<td>12 th\u00e1ng<\/td>\n<\/tr>\n<tr>\n<td>\u0110\u1ed9ng c\u01a1<\/td>\n<td>Theo t\u1eebng h\u00e3ng s\u1ea3n xu\u1ea5t<\/td>\n<\/tr>\n<tr>\n<td>N\u0103ng su\u1ea5t<\/td>\n<td colspan=\"2\" rowspan=\"1\">\u00a0200 &#8211; 300kg\/m\u1ebb ( t\u00f9y nguy\u00ean li\u1ec7u)<\/td>\n<\/tr>\n<tr>\n<td>K\u00edch th\u01b0\u1edbc (d*c*r)<\/td>\n<td colspan=\"2\" rowspan=\"1\">\u00a0210*180*99cm<\/td>\n<\/tr>\n<tr>\n<td>H\u00ecnh th\u1ee9c thanh to\u00e1n<\/td>\n<td colspan=\"2\" rowspan=\"1\">Ti\u1ec1n m\u1eb7t ho\u1eb7c chuy\u1ec3n kho\u1ea3n<\/td>\n<\/tr>\n<\/tbody>\n<\/table>\n<p>&nbsp;<\/p>\n","protected":false},"excerpt":{"rendered":"<ul>\n<li><strong>H\u00e3ng s\u1ea3n xu\u1ea5t:<\/strong> B\u00ecnh Minh<\/li>\n<li><strong>C\u00f4ng su\u1ea5t \u0111\u1ed9ng c\u01a1;<\/strong> 7.5kw<\/li>\n<li><strong>Ngu\u1ed3n \u0111i\u1ec7n<\/strong>: 380V<\/li>\n<li><strong>T\u1ed1c \u0111\u1ed9:<\/strong> 1450 v\u00f2ng\/ph\u00fat<\/li>\n<li><strong>N\u0103ng su\u1ea5t:<\/strong> 200 &#8211; 300 kg\/m\u1ebb<\/li>\n<li><strong>T\u00ednh n\u0103ng<\/strong>: m\u00e1y tr\u1ed9n \u0111\u1ea3o \u0111\u1ec1u nguy\u00ean li\u1ec7u kh\u00f4 v\u00e0 \u01b0\u1edbt ph\u1ee5c v\u1ee5 trong ch\u0103n nu\u00f4i.<\/li>\n<\/ul>\n","protected":false},"featured_media":10903,"comment_status":"open","ping_status":"closed","template":"","meta":[],"product_brand":[],"product_cat":[98],"product_tag":[],"class_list":{"0":"post-10902","1":"product","2":"type-product","3":"status-publish","4":"has-post-thumbnail","6":"product_cat-may-tron","8":"first","9":"instock","10":"shipping-taxable","11":"product-type-simple"},"_links":{"self":[{"href":"https:\/\/congtybinhminh.com\/index.php?rest_route=\/wp\/v2\/product\/10902","targetHints":{"allow":["GET"]}}],"collection":[{"href":"https:\/\/congtybinhminh.com\/index.php?rest_route=\/wp\/v2\/product"}],"about":[{"href":"https:\/\/congtybinhminh.com\/index.php?rest_route=\/wp\/v2\/types\/product"}],"replies":[{"embeddable":true,"href":"https:\/\/congtybinhminh.com\/index.php?rest_route=%2Fwp%2Fv2%2Fcomments&post=10902"}],"wp:featuredmedia":[{"embeddable":true,"href":"https:\/\/congtybinhminh.com\/index.php?rest_route=\/wp\/v2\/media\/10903"}],"wp:attachment":[{"href":"https:\/\/congtybinhminh.com\/index.php?rest_route=%2Fwp%2Fv2%2Fmedia&parent=10902"}],"wp:term":[{"taxonomy":"product_brand","embeddable":true,"href":"https:\/\/congtybinhminh.com\/index.php?rest_route=%2Fwp%2Fv2%2Fproduct_brand&post=10902"},{"taxonomy":"product_cat","embeddable":true,"href":"https:\/\/congtybinhminh.com\/index.php?rest_route=%2Fwp%2Fv2%2Fproduct_cat&post=10902"},{"taxonomy":"product_tag","embeddable":true,"href":"https:\/\/congtybinhminh.com\/index.php?rest_route=%2Fwp%2Fv2%2Fproduct_tag&post=10902"}],"curies":[{"name":"wp","href":"https:\/\/api.w.org\/{rel}","templated":true}]}}