{"id":10884,"date":"2025-07-09T09:55:17","date_gmt":"2025-07-09T02:55:17","guid":{"rendered":"https:\/\/congtybinhminh.com\/?post_type=product&#038;p=10884"},"modified":"2026-01-19T08:50:42","modified_gmt":"2026-01-19T01:50:42","slug":"may-nghien-thuc-an-chan-nuoi-gn300","status":"publish","type":"product","link":"https:\/\/congtybinhminh.com\/?product=may-nghien-thuc-an-chan-nuoi-gn300","title":{"rendered":"M\u00e1y nghi\u1ec1n th\u1ee9c \u0103n ch\u0103n nu\u00f4i GN300"},"content":{"rendered":"<h2>Video ho\u1ea1t \u0111\u1ed9ng c\u1ee7a m\u00e1y<\/h2>\n<p><iframe loading=\"lazy\" title=\"M\u00e1y Nghi\u1ec1n TACN GN300 T\u00edch H\u1ee3p S\u1eb5n B\u1ed9 V\u00edt T\u1ea3i Nghi\u1ec1n B\u1ed9t C\u00e1m N\u0103ng Su\u1ea5t 2 T\u1ea5n M\u1ed7i Gi\u1edd\" width=\"1020\" height=\"574\" src=\"https:\/\/www.youtube.com\/embed\/SOvc-TKylt4?feature=oembed\" frameborder=\"0\" allow=\"accelerometer; autoplay; clipboard-write; encrypted-media; gyroscope; picture-in-picture; web-share\" referrerpolicy=\"strict-origin-when-cross-origin\" allowfullscreen><\/iframe><\/p>\n<h2>Gi\u1edbi thi\u1ec7u m\u00e1y nghi\u1ec1n th\u1ee9c \u0103n ch\u0103n nu\u00f4i GN300<\/h2>\n<p>B\u1ea1n \u0111ang t\u00ecm ki\u1ebfm thi\u1ebft b\u1ecb nghi\u1ec1n kh\u1ecfe &#8211; n\u0103ng su\u1ea5t cao v\u00e0 ho\u1ea1t \u0111\u1ed9ng \u1ed5n \u0111\u1ecbnh trong th\u1eddi gian d\u00e0i ?<\/p>\n<p><img loading=\"lazy\" decoding=\"async\" class=\"aligncenter wp-image-10886 size-full\" src=\"https:\/\/congtybinhminh.com\/wp-content\/uploads\/2025\/07\/may-bam-da-nang-inox-binh-minh_result222.webp\" alt=\"may-bam-da-nang-inox-binh-minh_result222\" width=\"800\" height=\"602\" srcset=\"https:\/\/congtybinhminh.com\/wp-content\/uploads\/2025\/07\/may-bam-da-nang-inox-binh-minh_result222.webp 800w, https:\/\/congtybinhminh.com\/wp-content\/uploads\/2025\/07\/may-bam-da-nang-inox-binh-minh_result222-532x400.webp 532w, https:\/\/congtybinhminh.com\/wp-content\/uploads\/2025\/07\/may-bam-da-nang-inox-binh-minh_result222-768x578.webp 768w, https:\/\/congtybinhminh.com\/wp-content\/uploads\/2025\/07\/may-bam-da-nang-inox-binh-minh_result222-510x384.webp 510w\" sizes=\"auto, (max-width: 800px) 100vw, 800px\" \/><\/p>\n<p>M\u00e1y nghi\u1ec1n th\u1ee9c \u0103n ch\u0103n nu\u00f4i GN300 ch\u00ednh l\u00e0 l\u1ef1a ch\u1ecdn l\u00fd t\u01b0\u1edfng cho c\u00e1c h\u1ed9 ch\u0103n nu\u00f4i quy m\u00f4 l\u1edbn, c\u00e1c trang tr\u1ea1i v\u00e0 c\u01a1 s\u1edf s\u1ea3n xu\u1ea5t th\u1ee9c \u0103n gia s\u00fac &#8211; gia c\u1ea7m<\/p>\n<h2>C\u1ea5u t\u1ea1o m\u00e1y nghi\u1ec1n th\u1ee9c \u0103n nu\u00f4i Gn300<\/h2>\n<h3>C\u00f4ng su\u1ea5t v\u01b0\u1ee3t tr\u1ed9i &#8211; 37kw<\/h3>\n<p>M\u00e1y nghi\u1ec1n 3 pha s\u1eed d\u1ee5ng \u0111\u1ed9ng c\u01a1 37kw ph\u00f9 h\u1ee3p x\u1eed l\u00fd h\u1ea7u h\u1ebft c\u00e1c lo\u1ea1i nguy\u00ean li\u1ec7u kh\u00f4 nh\u01b0: ng\u00f4 h\u1ea1t, s\u1eafn kh\u00f4, th\u00f3c,..N\u0103ng su\u1ea5t cao 1.500 &#8211; 2.000 kg\/gi\u1edd<\/p>\n<p><img loading=\"lazy\" decoding=\"async\" class=\"aligncenter wp-image-10887 size-full\" src=\"https:\/\/congtybinhminh.com\/wp-content\/uploads\/2025\/07\/may-nghien-3-pha_result222.webp\" alt=\"may-nghien-3-pha_result222\" width=\"800\" height=\"786\" srcset=\"https:\/\/congtybinhminh.com\/wp-content\/uploads\/2025\/07\/may-nghien-3-pha_result222.webp 800w, https:\/\/congtybinhminh.com\/wp-content\/uploads\/2025\/07\/may-nghien-3-pha_result222-407x400.webp 407w, https:\/\/congtybinhminh.com\/wp-content\/uploads\/2025\/07\/may-nghien-3-pha_result222-768x755.webp 768w, https:\/\/congtybinhminh.com\/wp-content\/uploads\/2025\/07\/may-nghien-3-pha_result222-510x501.webp 510w\" sizes=\"auto, (max-width: 800px) 100vw, 800px\" \/><\/p>\n<p>V\u1edbi c\u00f4ng su\u1ea5t trung b\u00ecnh 1,5\u00a0 &#8211; 2 t\u1ea5n\/gi\u1edd m\u00e1y \u0111\u00e1p \u1ee9ng t\u1ed1t m\u1ecdi y\u00eau c\u1ea7u s\u1ea3n xu\u1ea5t chuy\u00ean nghi\u1ec7p, gi\u00fap t\u1ed1i \u01b0u nh\u00e2n c\u00f4ng &#8211; ti\u1ebft ki\u1ec7m th\u1eddi gian &#8211; gia t\u0103ng l\u1ee3i nhu\u1eadn<\/p>\n<h3>Thi\u1ebft k\u1ebf bu\u1ed3ng nghi\u1ec1n t\u1ed1i \u01b0u<\/h3>\n<p>B\u00ean trong h\u1ec7 th\u1ed1ng bu\u1ed3ng nghi\u1ec1n g\u1ed3m 30 b\u00faa \u0111\u1eadp \u0111\u01b0\u1ee3c t\u00f4i c\u1ee9ng ch\u1eafc ch\u1eafn ho\u1ea1t \u0111\u1ed9ng v\u1edbi t\u1ed1c \u0111\u1ed9 cao, \u0111\u1eadp v\u1ee1 v\u00e0 nghi\u1ec1n nguy\u00ean li\u1ec7u v\u1edbi m\u1eb7t s\u00e0ng<\/p>\n<p><img loading=\"lazy\" decoding=\"async\" class=\"aligncenter wp-image-10888 size-full\" src=\"https:\/\/congtybinhminh.com\/wp-content\/uploads\/2025\/07\/bot-cam_result222.webp\" alt=\"bot-cam_result222\" width=\"800\" height=\"516\" srcset=\"https:\/\/congtybinhminh.com\/wp-content\/uploads\/2025\/07\/bot-cam_result222.webp 800w, https:\/\/congtybinhminh.com\/wp-content\/uploads\/2025\/07\/bot-cam_result222-620x400.webp 620w, https:\/\/congtybinhminh.com\/wp-content\/uploads\/2025\/07\/bot-cam_result222-768x495.webp 768w, https:\/\/congtybinhminh.com\/wp-content\/uploads\/2025\/07\/bot-cam_result222-510x329.webp 510w\" sizes=\"auto, (max-width: 800px) 100vw, 800px\" \/><\/p>\n<p>\u0110\u1ebfn khi \u0111\u1ea1t \u0111\u1ed9 m\u1ecbn, th\u00e0nh ph\u1ea9m s\u1ebd \u0111i qua l\u1ed7 s\u00e0ng tho\u00e1t ra ngo\u00e0i<\/p>\n<p>B\u00e0 con c\u00f3 th\u1ec3 thay m\u1eb7t s\u00e0ng theo nhu c\u1ea7u s\u1eed d\u1ee5ng \u0111\u1ec3 \u0111i\u1ec1u ch\u1ec9nh k\u00edch th\u01b0\u1edbc th\u00e0nh ph\u1ea9m<\/p>\n<h3>H\u1ec7 th\u1ed1ng h\u00fat &#8211; t\u1ea3i b\u1eb1ng v\u00edt t\u1ea3i<\/h3>\n<p>Qu\u00e1 tr\u00ecnh nghi\u1ec1n kh\u00e9p k\u00edn, th\u00e0nh ph\u1ea9m sau khi nghi\u1ec1n xong s\u1ebd \u0111\u01b0\u1ee3c v\u00edt t\u1ea3i t\u1ef1 \u0111\u1ed9ng h\u00fat ra ngo\u00e0i \u0111\u1ea3m b\u1ea3o s\u1ea1ch s\u1ebd &#8211; gi\u1ea3m b\u1ee5i ph\u00f9 h\u1ee3p cho m\u00f4i tr\u01b0\u1eddng nh\u00e0 x\u01b0\u1edfng<\/p>\n<p><img loading=\"lazy\" decoding=\"async\" class=\"aligncenter wp-image-10889 size-full\" src=\"https:\/\/congtybinhminh.com\/wp-content\/uploads\/2025\/07\/vit-tai-may-nghien_result222.webp\" alt=\"vit-tai-may-nghien_result222\" width=\"800\" height=\"602\" srcset=\"https:\/\/congtybinhminh.com\/wp-content\/uploads\/2025\/07\/vit-tai-may-nghien_result222.webp 800w, https:\/\/congtybinhminh.com\/wp-content\/uploads\/2025\/07\/vit-tai-may-nghien_result222-532x400.webp 532w, https:\/\/congtybinhminh.com\/wp-content\/uploads\/2025\/07\/vit-tai-may-nghien_result222-768x578.webp 768w, https:\/\/congtybinhminh.com\/wp-content\/uploads\/2025\/07\/vit-tai-may-nghien_result222-510x384.webp 510w\" sizes=\"auto, (max-width: 800px) 100vw, 800px\" \/><\/p>\n<h2 data-start=\"1297\" data-end=\"1500\">\u0110\u1ecba ch\u1ec9 mua m\u00e1y nghi\u1ec1n b\u1ed9t c\u00e1m gi\u00e1 g\u1ed1c t\u1ea1i x\u01b0\u1edfng<\/h2>\n<p data-start=\"1297\" data-end=\"1500\">C\u00f4ng ty B\u00ecnh Minh t\u1ef1 h\u00e0o l\u00e0 \u0111\u01a1n v\u1ecb chuy\u00ean s\u1ea3n xu\u1ea5t v\u00e0 cung c\u1ea5p m\u00e1y n\u00f4ng nghi\u1ec7p s\u1ed1 1 Vi\u1ec7t Nam v\u1edbi h\u01a1n 30 n\u0103m kinh nghi\u1ec7m trong l\u0129nh v\u1ef1c c\u01a1 kh\u00ed<\/p>\n<p data-start=\"1297\" data-end=\"1500\">\u0110\u1ec3 \u0111\u1eb7t mua h\u00e0ng ch\u00ednh h\u00e3ng, b\u00e0 con c\u00f3 th\u1ec3 \u0111\u1ebfn tr\u1ee5 s\u1edf g\u1ea7n nh\u1ea5t c\u1ee7a c\u00f4ng ty \u0111\u1ec3 xem v\u00e0 \u0111\u1eb7t mua h\u00e0ng t\u1ea1i Ph\u01b0\u1eddng S\u01a1n T\u00e2y &#8211; Tp H\u00e0 N\u1ed9i<\/p>\n<p data-start=\"1297\" data-end=\"1500\">Khi \u0111\u1ebfn \u0111\u00e2y, b\u00e0 con s\u1ebd \u0111\u01b0\u1ee3c tr\u1ea3i nghi\u1ec7m v\u1eadn h\u00e0nh m\u00e1y d\u01b0\u1edbi s\u1ef1 h\u01b0\u1edbng d\u1eabn c\u1ee7a \u0111\u1ed9i ng\u0169 k\u1ef9 thu\u1eadt<\/p>\n<p data-start=\"1297\" data-end=\"1500\">\u0110\u1ed1i v\u1edbi b\u00e0 con \u1edf xa c\u00f3 th\u1ec3 li\u00ean h\u1ec7 t\u1edbi s\u1ed1 \u0111i\u1ec7n tho\u1ea1i tr\u00ean website ho\u1eb7c \u0111\u1ec3 l\u1ea1i l\u1eddi nh\u1eafn \u0111\u1ed9i ng\u0169 t\u01b0 v\u1ea5n s\u1ebd li\u00ean h\u1ec7 b\u00e0 con trong th\u1eddi gian s\u1edbm nh\u1ea5t<\/p>\n","protected":false},"excerpt":{"rendered":"<ul>\n<li><strong>H\u00e3ng s\u1ea3n xu\u1ea5t<\/strong>: B\u00ecnh Minh<\/li>\n<li><strong>C\u00f4ng su\u1ea5t \u0111\u1ed9ng c\u01a1:<\/strong>\u00a037kw<\/li>\n<li><strong>T\u1ed1c \u0111\u1ed9<\/strong>\u00a0: 1450 v\/p<\/li>\n<li><strong>Ngu\u1ed3n \u0111i\u1ec7n<\/strong>: 380V<\/li>\n<li><strong>N\u0103ng su\u1ea5t<\/strong>: 1,5 \u2013 2 t\u1ea5n\/gi\u1edd<\/li>\n<li><strong>K\u00edch th\u01b0\u1edbc (d*c*r):<\/strong>\u00a0285*215*68cm<\/li>\n<li><strong>T\u00ednh n\u0103ng:<\/strong>\u00a0chuy\u00ean nghi\u1ec1n c\u00e1c lo\u1ea1i n\u00f4ng ph\u1ea9m kh\u00f4 th\u00e0nh b\u1ed9t c\u00e1m<\/li>\n<\/ul>\n","protected":false},"featured_media":10885,"comment_status":"open","ping_status":"closed","template":"","meta":[],"product_brand":[],"product_cat":[15],"product_tag":[],"class_list":{"0":"post-10884","1":"product","2":"type-product","3":"status-publish","4":"has-post-thumbnail","6":"product_cat-khac","8":"first","9":"instock","10":"shipping-taxable","11":"product-type-simple"},"_links":{"self":[{"href":"https:\/\/congtybinhminh.com\/index.php?rest_route=\/wp\/v2\/product\/10884","targetHints":{"allow":["GET"]}}],"collection":[{"href":"https:\/\/congtybinhminh.com\/index.php?rest_route=\/wp\/v2\/product"}],"about":[{"href":"https:\/\/congtybinhminh.com\/index.php?rest_route=\/wp\/v2\/types\/product"}],"replies":[{"embeddable":true,"href":"https:\/\/congtybinhminh.com\/index.php?rest_route=%2Fwp%2Fv2%2Fcomments&post=10884"}],"wp:featuredmedia":[{"embeddable":true,"href":"https:\/\/congtybinhminh.com\/index.php?rest_route=\/wp\/v2\/media\/10885"}],"wp:attachment":[{"href":"https:\/\/congtybinhminh.com\/index.php?rest_route=%2Fwp%2Fv2%2Fmedia&parent=10884"}],"wp:term":[{"taxonomy":"product_brand","embeddable":true,"href":"https:\/\/congtybinhminh.com\/index.php?rest_route=%2Fwp%2Fv2%2Fproduct_brand&post=10884"},{"taxonomy":"product_cat","embeddable":true,"href":"https:\/\/congtybinhminh.com\/index.php?rest_route=%2Fwp%2Fv2%2Fproduct_cat&post=10884"},{"taxonomy":"product_tag","embeddable":true,"href":"https:\/\/congtybinhminh.com\/index.php?rest_route=%2Fwp%2Fv2%2Fproduct_tag&post=10884"}],"curies":[{"name":"wp","href":"https:\/\/api.w.org\/{rel}","templated":true}]}}