{"id":10855,"date":"2025-06-27T10:38:44","date_gmt":"2025-06-27T03:38:44","guid":{"rendered":"https:\/\/congtybinhminh.com\/?post_type=product&#038;p=10855"},"modified":"2025-06-27T10:38:45","modified_gmt":"2025-06-27T03:38:45","slug":"may-loc-dau-thuc-vat-25l-inox","status":"publish","type":"product","link":"https:\/\/congtybinhminh.com\/?product=may-loc-dau-thuc-vat-25l-inox","title":{"rendered":"M\u00e1y l\u1ecdc d\u1ea7u th\u1ef1c v\u1eadt 25L inox"},"content":{"rendered":"<h2>Gi\u1edbi thi\u1ec7u m\u00e1y l\u1ecdc d\u1ea7u th\u1ef1c v\u1eadt 25L inox<\/h2>\n<p>M\u00e1y l\u1ecdc d\u1ea7u th\u1ef1c v\u1eadt 25L inox &#8211; thi\u1ebft b\u1ecb\u00a0 h\u1ed7 tr\u1ee3 t\u1ed1i \u01b0u \u0111i k\u00e8m v\u1edbi m\u00e1y \u00e9p d\u1ea7u \u0111a n\u0103ng do c\u00f4ng ty B\u00ecnh Minh s\u1ea3n xu\u1ea5t.<\/p>\n<p><img loading=\"lazy\" decoding=\"async\" class=\"aligncenter wp-image-10862 size-full\" src=\"https:\/\/congtybinhminh.com\/wp-content\/uploads\/2025\/06\/may-loc-dau-thuc-vat-25l-inox_result222.webp\" alt=\"may-loc-dau-thuc-vat-25l-inox_result222\" width=\"800\" height=\"600\" srcset=\"https:\/\/congtybinhminh.com\/wp-content\/uploads\/2025\/06\/may-loc-dau-thuc-vat-25l-inox_result222.webp 800w, https:\/\/congtybinhminh.com\/wp-content\/uploads\/2025\/06\/may-loc-dau-thuc-vat-25l-inox_result222-533x400.webp 533w, https:\/\/congtybinhminh.com\/wp-content\/uploads\/2025\/06\/may-loc-dau-thuc-vat-25l-inox_result222-768x576.webp 768w, https:\/\/congtybinhminh.com\/wp-content\/uploads\/2025\/06\/may-loc-dau-thuc-vat-25l-inox_result222-510x383.webp 510w\" sizes=\"auto, (max-width: 800px) 100vw, 800px\" \/><\/p>\n<p>Gi\u00fap b\u00e0 con l\u1ecdc s\u1ea1ch \u0111\u1ebfn 98% lo\u1ea1i b\u1ecf c\u00e1 t\u1ea1p ch\u1ea5t tr\u1ea3 l\u1ea1i l\u01b0\u1ee3ng d\u1ea7u trong \u1ee9ng d\u1ee5ng \u0111a d\u1ea1ng:<\/p>\n<ul>\n<li>C\u00e1c c\u01a1 s\u1edf \u00e9p d\u1ea7u th\u1ee7 c\u00f4ng, \u00e9p d\u1ea7u s\u1ea1ch<\/li>\n<li>C\u00e1c h\u1ed9 gia \u0111\u00ecnh kinh doanh v\u1eeba v\u00e0 nh\u1ecf, b\u00e1n d\u1ea7u nguy\u00ean ch\u1ea5t<\/li>\n<\/ul>\n<h2>C\u1ea5u t\u1ea1o m\u00e1y l\u1ecdc d\u1ea7u th\u1ef1c v\u1eadt 15L inox<\/h2>\n<p>M\u00e1y l\u1ecdc d\u1ea7u \u0111\u01b0\u1ee3c l\u00e0m b\u1eb1ng ch\u00e2t li\u1ec7u inox v\u1edbi thi\u1ebft k\u1ebf d\u1ea1ng \u0111\u1ee9ng, kh\u00f4ng chi\u1ebfm nhi\u1ec1u di\u1ec7n t\u00edch v\u1edbi ph\u1ea7n th\u00e2n m\u00e1y \u0111\u01b0\u1ee3c h\u00e0n g\u1eafn ch\u1eafc ch\u1eafn<\/p>\n<p><img loading=\"lazy\" decoding=\"async\" class=\"aligncenter wp-image-10863 size-full\" src=\"https:\/\/congtybinhminh.com\/wp-content\/uploads\/2025\/06\/cau-tao-may-loc-dau-25l-inox_result222.webp\" alt=\"cau-tao-may-loc-dau-25l-inox_result222\" width=\"800\" height=\"600\" srcset=\"https:\/\/congtybinhminh.com\/wp-content\/uploads\/2025\/06\/cau-tao-may-loc-dau-25l-inox_result222.webp 800w, https:\/\/congtybinhminh.com\/wp-content\/uploads\/2025\/06\/cau-tao-may-loc-dau-25l-inox_result222-533x400.webp 533w, https:\/\/congtybinhminh.com\/wp-content\/uploads\/2025\/06\/cau-tao-may-loc-dau-25l-inox_result222-768x576.webp 768w, https:\/\/congtybinhminh.com\/wp-content\/uploads\/2025\/06\/cau-tao-may-loc-dau-25l-inox_result222-510x383.webp 510w\" sizes=\"auto, (max-width: 800px) 100vw, 800px\" \/><\/p>\n<p>Ph\u00eda d\u01b0\u1edbi ch\u00e2n m\u00e1y l\u1eafp \u0111\u1eb7t 4 b\u00e1nh xe thu\u1eadn ti\u1ec7n di chuy\u1ec3n v\u1ecb tr\u00ed \u0111\u1eb7t m\u00e1y. C\u1ea5u t\u1ea1o m\u00e1y g\u1ed3m 2 ph\u1ea7n ch\u00ednh:<\/p>\n<p>Ph\u1ea7n tr\u00ean l\u00e0 bu\u1ed3ng l\u1ecdc \u0111\u01b0\u1ee3c l\u00e0m b\u1eb1ng inox \u0111\u1ea3m b\u1ea3o v\u1ec7 sinh an to\u00e0n th\u1ef1c ph\u1ea9m, ng\u01b0\u1eddi d\u00f9ng cho l\u01b0\u1ee3ng d\u1ea7u c\u1ea7n l\u1ecdc v\u00e0o b\u00ean trong v\u00e0 \u0111\u1eady n\u1eafp k\u00edn<\/p>\n<p><img loading=\"lazy\" decoding=\"async\" class=\"aligncenter wp-image-10864 size-full\" src=\"https:\/\/congtybinhminh.com\/wp-content\/uploads\/2025\/06\/may-loc-dau-thuc-vat-25l-inox-binh-minh_result222.webp\" alt=\"may-loc-dau-thuc-vat-25l-inox-binh-minh_result222\" width=\"800\" height=\"592\" srcset=\"https:\/\/congtybinhminh.com\/wp-content\/uploads\/2025\/06\/may-loc-dau-thuc-vat-25l-inox-binh-minh_result222.webp 800w, https:\/\/congtybinhminh.com\/wp-content\/uploads\/2025\/06\/may-loc-dau-thuc-vat-25l-inox-binh-minh_result222-541x400.webp 541w, https:\/\/congtybinhminh.com\/wp-content\/uploads\/2025\/06\/may-loc-dau-thuc-vat-25l-inox-binh-minh_result222-768x568.webp 768w, https:\/\/congtybinhminh.com\/wp-content\/uploads\/2025\/06\/may-loc-dau-thuc-vat-25l-inox-binh-minh_result222-510x377.webp 510w\" sizes=\"auto, (max-width: 800px) 100vw, 800px\" \/><\/p>\n<p>Xung quanh n\u1eafp \u0111\u1eady v\u1edbi thi\u1ebft k\u1ebf 6 tay kh\u00f3a ch\u1eafc ch\u1eafn c\u00f9ng van x\u1ea3 kh\u00ed, k\u1ebft h\u1ee3p m\u00e1y b\u01a1m \u0111\u1ea9y d\u1ea7u qua m\u00e0ng l\u1ecdc, gi\u00fap gi\u1eef l\u1ea1i c\u1eb7n b\u1ea9n hi\u1ec7u qu\u1ea3<\/p>\n<p><img loading=\"lazy\" decoding=\"async\" class=\"aligncenter wp-image-10865 size-full\" src=\"https:\/\/congtybinhminh.com\/wp-content\/uploads\/2025\/06\/buong-loc-dau-inox-25l_result222.webp\" alt=\"buong-loc-dau-inox-25l_result222\" width=\"800\" height=\"592\" srcset=\"https:\/\/congtybinhminh.com\/wp-content\/uploads\/2025\/06\/buong-loc-dau-inox-25l_result222.webp 800w, https:\/\/congtybinhminh.com\/wp-content\/uploads\/2025\/06\/buong-loc-dau-inox-25l_result222-541x400.webp 541w, https:\/\/congtybinhminh.com\/wp-content\/uploads\/2025\/06\/buong-loc-dau-inox-25l_result222-768x568.webp 768w, https:\/\/congtybinhminh.com\/wp-content\/uploads\/2025\/06\/buong-loc-dau-inox-25l_result222-510x377.webp 510w\" sizes=\"auto, (max-width: 800px) 100vw, 800px\" \/><\/p>\n<p>Ph\u1ea7n d\u01b0\u1edbi l\u00e0 khung m\u00e1y g\u1ed3m h\u1ec7 th\u1ed1ng b\u01a1m h\u01a1i c\u00f3 t\u00e1c d\u1ee5ng \u0111i\u1ec1u ch\u1ec9nh t\u0103ng \u00e1p xu\u1ea5t<\/p>\n<p><img loading=\"lazy\" decoding=\"async\" class=\"aligncenter wp-image-10866 size-full\" src=\"https:\/\/congtybinhminh.com\/wp-content\/uploads\/2025\/06\/binh-nen-khi_result222.webp\" alt=\"binh-nen-khi_result222\" width=\"800\" height=\"592\" srcset=\"https:\/\/congtybinhminh.com\/wp-content\/uploads\/2025\/06\/binh-nen-khi_result222.webp 800w, https:\/\/congtybinhminh.com\/wp-content\/uploads\/2025\/06\/binh-nen-khi_result222-541x400.webp 541w, https:\/\/congtybinhminh.com\/wp-content\/uploads\/2025\/06\/binh-nen-khi_result222-768x568.webp 768w, https:\/\/congtybinhminh.com\/wp-content\/uploads\/2025\/06\/binh-nen-khi_result222-510x377.webp 510w\" sizes=\"auto, (max-width: 800px) 100vw, 800px\" \/><\/p>\n<p>Sau \u0111\u00f3, n\u00e9n kh\u00ed \u0111\u1ea9y l\u01b0\u1ee3ng d\u1ea7u qua m\u00e0ng l\u1ecdc ( l\u1ecdc s\u1ea1ch c\u1eb7n b\u1ea9n cho ra th\u00e0nh ph\u1ea9m l\u01b0\u1ee3ng d\u1ea7u trong)<\/p>\n<h2>\u0110\u1ecba ch\u1ec9 b\u00e1n m\u00e1y l\u1ecdc d\u1ea7u th\u1ef1c v\u1eadt 25L inox<\/h2>\n<p>C\u00f4ng ty B\u00ecnh Minh t\u1ef1 h\u00e0o l\u00e0 \u0111\u01a1n v\u1ecb chuy\u00ean s\u1ea3n xu\u1ea5t v\u00e0 cung c\u1ea5p m\u00e1y n\u00f4ng nghi\u1ec7p s\u1ed1 1 Vi\u1ec7t Nam v\u1edbi h\u01a1n 30 n\u0103m kinh nghi\u1ec7m trong l\u0129nh v\u1ef1c c\u01a1 kh\u00ed<\/p>\n<p>\u0110\u1ec3 \u0111\u1eb7t mua h\u00e0ng ch\u00ednh h\u00e3ng, b\u00e0 con c\u00f3 th\u1ec3 \u0111\u1ebfn tr\u1ee5 s\u1edf g\u1ea7n nh\u1ea5t c\u1ee7a c\u00f4ng ty \u0111\u1ec3 xem v\u00e0 \u0111\u1eb7t mua h\u00e0ng;<\/p>\n<ul>\n<li>Tr\u1ee5 s\u1edf ch\u00ednh: p. L\u00ea L\u1ee3i \u2013 Tx S\u01a1n T\u00e2y \u2013 H\u00e0 N\u1ed9i<\/li>\n<li>Chi nh\u00e1nh mi\u1ec1n Nam: x\u00e3 T\u00e2n Ki\u00ean \u2013 H. B\u00ecnh Ch\u00e1nh \u2013 Tp H\u1ed3 Ch\u00ed Minh<\/li>\n<\/ul>\n<p>Khi \u0111\u1ebfn \u0111\u00e2y, b\u00e0 con s\u1ebd \u0111\u01b0\u1ee3c tr\u1ea3i nghi\u1ec7m v\u1eadn h\u00e0nh m\u00e1y d\u01b0\u1edbi s\u1ef1 h\u01b0\u1edbng d\u1eabn c\u1ee7a \u0111\u1ed9i ng\u0169 k\u1ef9 thu\u1eadt<\/p>\n<p>\u0110\u1ed1i v\u1edbi b\u00e0 con \u1edf xa, c\u00f3 th\u1ec3 li\u00ean h\u1ec7 t\u1edbi s\u1ed1 \u0111i\u1ec7n tho\u1ea1i tr\u00ean website ho\u1eb7c \u0111\u1ec3 l\u1ea1i l\u1eddi nh\u1eafn \u0111\u1ed9i ng\u0169 t\u01b0 v\u1ea5n s\u1ebd li\u00ean h\u1ec7 b\u00e0 con trong th\u1eddi gian s\u1edbm nh\u1ea5t<\/p>\n<p><strong>Th\u00f4ng s\u1ed1 k\u1ef9 thu\u1eadt<\/strong><\/p>\n<table border=\"1\" cellspacing=\"1\" cellpadding=\"1\">\n<tbody>\n<tr>\n<td>Ngu\u1ed3n \u0111i\u1ec7n<\/td>\n<td colspan=\"2\" rowspan=\"1\">220V<\/td>\n<\/tr>\n<tr>\n<td colspan=\"1\" rowspan=\"2\">B\u1ea3o h\u00e0nh<\/td>\n<td>K\u1ef9 thu\u1eadt<\/td>\n<td>12 th\u00e1ng<\/td>\n<\/tr>\n<tr>\n<td>\u0110\u1ed9ng c\u01a1<\/td>\n<td>Theo t\u1eebng h\u00e3ng s\u1ea3n xu\u1ea5t<\/td>\n<\/tr>\n<tr>\n<td>N\u0103ng su\u1ea5t<\/td>\n<td colspan=\"2\" rowspan=\"1\">\u00a010-15 l\u00edt\/gi\u1edd<\/td>\n<\/tr>\n<tr>\n<td>K\u00edch th\u01b0\u1edbc (d*c*r)<\/td>\n<td colspan=\"2\" rowspan=\"1\">85*116*75\u00a0cm<\/td>\n<\/tr>\n<\/tbody>\n<\/table>\n","protected":false},"excerpt":{"rendered":"<ul>\n<li><strong>H\u00e3ng s\u1ea3n xu\u1ea5t:<\/strong> B\u00ecnh Minh<\/li>\n<li><strong>\u0110i\u1ec7n n\u0103ng:\u00a0<\/strong>220V<\/li>\n<li><strong>N\u0103ng su\u1ea5t<\/strong>: 10 &#8211; 15 l\u00edt\/gi\u1edd<\/li>\n<li><strong>T\u00ednh n\u0103ng<\/strong>: m\u00e1y l\u1ecdc c\u1eb7n, t\u1ea1p ch\u1ea5t d\u1ea7u sau khi \u00e9p<\/li>\n<\/ul>\n","protected":false},"featured_media":10856,"comment_status":"open","ping_status":"closed","template":"","meta":[],"product_brand":[],"product_cat":[30],"product_tag":[],"class_list":{"0":"post-10855","1":"product","2":"type-product","3":"status-publish","4":"has-post-thumbnail","6":"product_cat-may-loc-dau","8":"first","9":"instock","10":"shipping-taxable","11":"product-type-simple"},"_links":{"self":[{"href":"https:\/\/congtybinhminh.com\/index.php?rest_route=\/wp\/v2\/product\/10855","targetHints":{"allow":["GET"]}}],"collection":[{"href":"https:\/\/congtybinhminh.com\/index.php?rest_route=\/wp\/v2\/product"}],"about":[{"href":"https:\/\/congtybinhminh.com\/index.php?rest_route=\/wp\/v2\/types\/product"}],"replies":[{"embeddable":true,"href":"https:\/\/congtybinhminh.com\/index.php?rest_route=%2Fwp%2Fv2%2Fcomments&post=10855"}],"wp:featuredmedia":[{"embeddable":true,"href":"https:\/\/congtybinhminh.com\/index.php?rest_route=\/wp\/v2\/media\/10856"}],"wp:attachment":[{"href":"https:\/\/congtybinhminh.com\/index.php?rest_route=%2Fwp%2Fv2%2Fmedia&parent=10855"}],"wp:term":[{"taxonomy":"product_brand","embeddable":true,"href":"https:\/\/congtybinhminh.com\/index.php?rest_route=%2Fwp%2Fv2%2Fproduct_brand&post=10855"},{"taxonomy":"product_cat","embeddable":true,"href":"https:\/\/congtybinhminh.com\/index.php?rest_route=%2Fwp%2Fv2%2Fproduct_cat&post=10855"},{"taxonomy":"product_tag","embeddable":true,"href":"https:\/\/congtybinhminh.com\/index.php?rest_route=%2Fwp%2Fv2%2Fproduct_tag&post=10855"}],"curies":[{"name":"wp","href":"https:\/\/api.w.org\/{rel}","templated":true}]}}